{"id":49341,"date":"2025-05-21T13:52:05","date_gmt":"2025-05-21T12:52:05","guid":{"rendered":"https:\/\/newvoiceinternational.com\/a-lehmann-elektro-ag\/"},"modified":"2025-05-21T15:28:49","modified_gmt":"2025-05-21T14:28:49","slug":"a-lehmann-elektro-ag","status":"publish","type":"page","link":"https:\/\/newvoiceinternational.com\/fr\/a-lehmann-elektro-ag\/","title":{"rendered":"A. Lehmann Elektro AG"},"content":{"rendered":"\t\t<div data-elementor-type=\"wp-page\" data-elementor-id=\"49341\" class=\"elementor elementor-49341 elementor-49329\" data-elementor-post-type=\"page\">\n\t\t\t\t\t\t<section class=\"elementor-section elementor-top-section elementor-element elementor-element-a5dce5a elementor-section-boxed elementor-section-height-default elementor-section-height-default\" data-id=\"a5dce5a\" data-element_type=\"section\" data-e-type=\"section\">\n\t\t\t\t\t\t<div class=\"elementor-container elementor-column-gap-default\">\n\t\t\t\t\t<div class=\"elementor-column elementor-col-100 elementor-top-column elementor-element elementor-element-59f821f\" data-id=\"59f821f\" data-element_type=\"column\" data-e-type=\"column\">\n\t\t\t<div class=\"elementor-widget-wrap elementor-element-populated\">\n\t\t\t\t\t\t<div class=\"elementor-element elementor-element-e548e64 elementor-widget elementor-widget-image\" data-id=\"e548e64\" data-element_type=\"widget\" data-e-type=\"widget\" data-widget_type=\"image.default\">\n\t\t\t\t<div class=\"elementor-widget-container\">\n\t\t\t\t\t\t\t\t\t\t\t\t\t\t\t<img fetchpriority=\"high\" decoding=\"async\" width=\"580\" height=\"105\" src=\"https:\/\/newvoiceinternational.com\/wp-content\/uploads\/2025\/05\/lehmann_logo-1024x185.jpg\" class=\"attachment-large size-large wp-image-49328\" alt=\"\" srcset=\"https:\/\/newvoiceinternational.com\/wp-content\/uploads\/2025\/05\/lehmann_logo-1024x185.jpg 1024w, https:\/\/newvoiceinternational.com\/wp-content\/uploads\/2025\/05\/lehmann_logo-300x54.jpg 300w, https:\/\/newvoiceinternational.com\/wp-content\/uploads\/2025\/05\/lehmann_logo-768x139.jpg 768w, https:\/\/newvoiceinternational.com\/wp-content\/uploads\/2025\/05\/lehmann_logo-1536x278.jpg 1536w, https:\/\/newvoiceinternational.com\/wp-content\/uploads\/2025\/05\/lehmann_logo-2048x371.jpg 2048w, https:\/\/newvoiceinternational.com\/wp-content\/uploads\/2025\/05\/lehmann_logo-1200x217.jpg 1200w, https:\/\/newvoiceinternational.com\/wp-content\/uploads\/2025\/05\/lehmann_logo-1980x358.jpg 1980w\" sizes=\"(max-width: 580px) 100vw, 580px\" \/>\t\t\t\t\t\t\t\t\t\t\t\t\t\t\t<\/div>\n\t\t\t\t<\/div>\n\t\t\t\t\t<\/div>\n\t\t<\/div>\n\t\t\t\t\t<\/div>\n\t\t<\/section>\n\t\t\t\t<section class=\"elementor-section elementor-top-section elementor-element elementor-element-44beb03 elementor-section-boxed elementor-section-height-default elementor-section-height-default\" data-id=\"44beb03\" data-element_type=\"section\" data-e-type=\"section\">\n\t\t\t\t\t\t<div class=\"elementor-container elementor-column-gap-default\">\n\t\t\t\t\t<div class=\"elementor-column elementor-col-100 elementor-top-column elementor-element elementor-element-e2b8f91\" data-id=\"e2b8f91\" data-element_type=\"column\" data-e-type=\"column\">\n\t\t\t<div class=\"elementor-widget-wrap elementor-element-populated\">\n\t\t\t\t\t\t<div class=\"elementor-element elementor-element-20dfb64 elementor-widget elementor-widget-text-editor\" data-id=\"20dfb64\" data-element_type=\"widget\" data-e-type=\"widget\" data-widget_type=\"text-editor.default\">\n\t\t\t\t<div class=\"elementor-widget-container\">\n\t\t\t\t\t\t\t\t\t<p>Lehmann Elektro AG, dont le si\u00e8ge est situ\u00e9 \u00e0 Gossau SG, est une entreprise bien \u00e9tablie sp\u00e9cialis\u00e9e dans les solutions \u00e9lectriques, informatiques et de t\u00e9l\u00e9communications en Suisse orientale. Depuis 1960, la soci\u00e9t\u00e9 Lehmann incarne la qualit\u00e9, l\u2019innovation et un accompagnement personnalis\u00e9. Forte de plus de 170 collaborateurs r\u00e9partis sur plusieurs sites, l\u2019entreprise con\u00e7oit, r\u00e9alise et assure la maintenance d\u2019infrastructures techniques modernes, tant pour les clients priv\u00e9s que professionnels. Un service d\u2019assistance disponible 24h\/24 et 7j\/7 ainsi qu\u2019un engagement fort en faveur de la formation des jeunes talents t\u00e9moignent de la proximit\u00e9 client et de la vision tourn\u00e9e vers l\u2019avenir de Lehmann.<br \/><br \/>Pour en savoir plus : <span style=\"color: #3366ff;\"><a style=\"color: #3366ff;\" href=\"https:\/\/lehmann.ch\/\"><strong>A.Lehmann<\/strong><\/a><\/span>\u00a0<\/p>\t\t\t\t\t\t\t\t<\/div>\n\t\t\t\t<\/div>\n\t\t\t\t\t<\/div>\n\t\t<\/div>\n\t\t\t\t\t<\/div>\n\t\t<\/section>\n\t\t\t\t<\/div>\n\t\t","protected":false},"excerpt":{"rendered":"<p>Lehmann Elektro AG, dont le si\u00e8ge est situ\u00e9 \u00e0 Gossau SG, est une entreprise bien \u00e9tablie sp\u00e9cialis\u00e9e dans les solutions \u00e9lectriques, informatiques et de t\u00e9l\u00e9communications en Suisse orientale. Depuis 1960, la soci\u00e9t\u00e9 Lehmann incarne la qualit\u00e9, l\u2019innovation et un accompagnement personnalis\u00e9. Forte de plus de 170 collaborateurs r\u00e9partis sur plusieurs sites, l\u2019entreprise con\u00e7oit, r\u00e9alise et [&hellip;]<\/p>\n","protected":false},"author":5,"featured_media":0,"parent":0,"menu_order":0,"comment_status":"closed","ping_status":"closed","template":"elementor_header_footer","meta":{"_eb_attr":"","inline_featured_image":false,"footnotes":""},"class_list":["post-49341","page","type-page","status-publish","hentry"],"acf":[],"yoast_head":"<!-- This site is optimized with the Yoast SEO plugin v27.4 - https:\/\/yoast.com\/product\/yoast-seo-wordpress\/ -->\n<title>A. Lehmann Elektro AG - NewVoice International<\/title>\n<meta name=\"robots\" content=\"index, follow, max-snippet:-1, max-image-preview:large, max-video-preview:-1\" \/>\n<link rel=\"canonical\" href=\"https:\/\/newvoiceinternational.com\/fr\/a-lehmann-elektro-ag\/\" \/>\n<meta property=\"og:locale\" content=\"fr_FR\" \/>\n<meta property=\"og:type\" content=\"article\" \/>\n<meta property=\"og:title\" content=\"A. Lehmann Elektro AG - NewVoice International\" \/>\n<meta property=\"og:description\" content=\"Lehmann Elektro AG, dont le si\u00e8ge est situ\u00e9 \u00e0 Gossau SG, est une entreprise bien \u00e9tablie sp\u00e9cialis\u00e9e dans les solutions \u00e9lectriques, informatiques et de t\u00e9l\u00e9communications en Suisse orientale. Depuis 1960, la soci\u00e9t\u00e9 Lehmann incarne la qualit\u00e9, l\u2019innovation et un accompagnement personnalis\u00e9. Forte de plus de 170 collaborateurs r\u00e9partis sur plusieurs sites, l\u2019entreprise con\u00e7oit, r\u00e9alise et [&hellip;]\" \/>\n<meta property=\"og:url\" content=\"https:\/\/newvoiceinternational.com\/fr\/a-lehmann-elektro-ag\/\" \/>\n<meta property=\"og:site_name\" content=\"NewVoice International\" \/>\n<meta property=\"article:modified_time\" content=\"2025-05-21T14:28:49+00:00\" \/>\n<meta property=\"og:image\" content=\"https:\/\/newvoiceinternational.com\/wp-content\/uploads\/2025\/05\/lehmann_logo.jpg\" \/>\n\t<meta property=\"og:image:width\" content=\"2309\" \/>\n\t<meta property=\"og:image:height\" content=\"418\" \/>\n\t<meta property=\"og:image:type\" content=\"image\/jpeg\" \/>\n<meta name=\"twitter:card\" content=\"summary_large_image\" \/>\n<meta name=\"twitter:label1\" content=\"Dur\u00e9e de lecture estim\u00e9e\" \/>\n\t<meta name=\"twitter:data1\" content=\"1 minute\" \/>\n<script type=\"application\/ld+json\" class=\"yoast-schema-graph\">{\"@context\":\"https:\\\/\\\/schema.org\",\"@graph\":[{\"@type\":\"WebPage\",\"@id\":\"https:\\\/\\\/newvoiceinternational.com\\\/fr\\\/a-lehmann-elektro-ag\\\/\",\"url\":\"https:\\\/\\\/newvoiceinternational.com\\\/fr\\\/a-lehmann-elektro-ag\\\/\",\"name\":\"A. Lehmann Elektro AG - NewVoice International\",\"isPartOf\":{\"@id\":\"https:\\\/\\\/newvoiceinternational.com\\\/fr\\\/#website\"},\"primaryImageOfPage\":{\"@id\":\"https:\\\/\\\/newvoiceinternational.com\\\/fr\\\/a-lehmann-elektro-ag\\\/#primaryimage\"},\"image\":{\"@id\":\"https:\\\/\\\/newvoiceinternational.com\\\/fr\\\/a-lehmann-elektro-ag\\\/#primaryimage\"},\"thumbnailUrl\":\"https:\\\/\\\/newvoiceinternational.com\\\/wp-content\\\/uploads\\\/2025\\\/05\\\/lehmann_logo-1024x185.jpg\",\"datePublished\":\"2025-05-21T12:52:05+00:00\",\"dateModified\":\"2025-05-21T14:28:49+00:00\",\"breadcrumb\":{\"@id\":\"https:\\\/\\\/newvoiceinternational.com\\\/fr\\\/a-lehmann-elektro-ag\\\/#breadcrumb\"},\"inLanguage\":\"fr-FR\",\"potentialAction\":[{\"@type\":\"ReadAction\",\"target\":[\"https:\\\/\\\/newvoiceinternational.com\\\/fr\\\/a-lehmann-elektro-ag\\\/\"]}]},{\"@type\":\"ImageObject\",\"inLanguage\":\"fr-FR\",\"@id\":\"https:\\\/\\\/newvoiceinternational.com\\\/fr\\\/a-lehmann-elektro-ag\\\/#primaryimage\",\"url\":\"https:\\\/\\\/newvoiceinternational.com\\\/wp-content\\\/uploads\\\/2025\\\/05\\\/lehmann_logo-1024x185.jpg\",\"contentUrl\":\"https:\\\/\\\/newvoiceinternational.com\\\/wp-content\\\/uploads\\\/2025\\\/05\\\/lehmann_logo-1024x185.jpg\"},{\"@type\":\"BreadcrumbList\",\"@id\":\"https:\\\/\\\/newvoiceinternational.com\\\/fr\\\/a-lehmann-elektro-ag\\\/#breadcrumb\",\"itemListElement\":[{\"@type\":\"ListItem\",\"position\":1,\"name\":\"Home\",\"item\":\"https:\\\/\\\/newvoiceinternational.com\\\/fr\\\/\"},{\"@type\":\"ListItem\",\"position\":2,\"name\":\"A. Lehmann Elektro AG\"}]},{\"@type\":\"WebSite\",\"@id\":\"https:\\\/\\\/newvoiceinternational.com\\\/fr\\\/#website\",\"url\":\"https:\\\/\\\/newvoiceinternational.com\\\/fr\\\/\",\"name\":\"NewVoice International\",\"description\":\"\",\"publisher\":{\"@id\":\"https:\\\/\\\/newvoiceinternational.com\\\/fr\\\/#organization\"},\"potentialAction\":[{\"@type\":\"SearchAction\",\"target\":{\"@type\":\"EntryPoint\",\"urlTemplate\":\"https:\\\/\\\/newvoiceinternational.com\\\/fr\\\/?s={search_term_string}\"},\"query-input\":{\"@type\":\"PropertyValueSpecification\",\"valueRequired\":true,\"valueName\":\"search_term_string\"}}],\"inLanguage\":\"fr-FR\"},{\"@type\":\"Organization\",\"@id\":\"https:\\\/\\\/newvoiceinternational.com\\\/fr\\\/#organization\",\"name\":\"NewVoice International\",\"url\":\"https:\\\/\\\/newvoiceinternational.com\\\/fr\\\/\",\"logo\":{\"@type\":\"ImageObject\",\"inLanguage\":\"fr-FR\",\"@id\":\"https:\\\/\\\/newvoiceinternational.com\\\/fr\\\/#\\\/schema\\\/logo\\\/image\\\/\",\"url\":\"https:\\\/\\\/newvoiceinternational.com\\\/wp-content\\\/uploads\\\/2022\\\/06\\\/NV_Logo_RGB.png\",\"contentUrl\":\"https:\\\/\\\/newvoiceinternational.com\\\/wp-content\\\/uploads\\\/2022\\\/06\\\/NV_Logo_RGB.png\",\"width\":1200,\"height\":315,\"caption\":\"NewVoice International\"},\"image\":{\"@id\":\"https:\\\/\\\/newvoiceinternational.com\\\/fr\\\/#\\\/schema\\\/logo\\\/image\\\/\"}}]}<\/script>\n<!-- \/ Yoast SEO plugin. -->","yoast_head_json":{"title":"A. Lehmann Elektro AG - NewVoice International","robots":{"index":"index","follow":"follow","max-snippet":"max-snippet:-1","max-image-preview":"max-image-preview:large","max-video-preview":"max-video-preview:-1"},"canonical":"https:\/\/newvoiceinternational.com\/fr\/a-lehmann-elektro-ag\/","og_locale":"fr_FR","og_type":"article","og_title":"A. Lehmann Elektro AG - NewVoice International","og_description":"Lehmann Elektro AG, dont le si\u00e8ge est situ\u00e9 \u00e0 Gossau SG, est une entreprise bien \u00e9tablie sp\u00e9cialis\u00e9e dans les solutions \u00e9lectriques, informatiques et de t\u00e9l\u00e9communications en Suisse orientale. Depuis 1960, la soci\u00e9t\u00e9 Lehmann incarne la qualit\u00e9, l\u2019innovation et un accompagnement personnalis\u00e9. Forte de plus de 170 collaborateurs r\u00e9partis sur plusieurs sites, l\u2019entreprise con\u00e7oit, r\u00e9alise et [&hellip;]","og_url":"https:\/\/newvoiceinternational.com\/fr\/a-lehmann-elektro-ag\/","og_site_name":"NewVoice International","article_modified_time":"2025-05-21T14:28:49+00:00","og_image":[{"width":2309,"height":418,"url":"https:\/\/newvoiceinternational.com\/wp-content\/uploads\/2025\/05\/lehmann_logo.jpg","type":"image\/jpeg"}],"twitter_card":"summary_large_image","twitter_misc":{"Dur\u00e9e de lecture estim\u00e9e":"1 minute"},"schema":{"@context":"https:\/\/schema.org","@graph":[{"@type":"WebPage","@id":"https:\/\/newvoiceinternational.com\/fr\/a-lehmann-elektro-ag\/","url":"https:\/\/newvoiceinternational.com\/fr\/a-lehmann-elektro-ag\/","name":"A. Lehmann Elektro AG - NewVoice International","isPartOf":{"@id":"https:\/\/newvoiceinternational.com\/fr\/#website"},"primaryImageOfPage":{"@id":"https:\/\/newvoiceinternational.com\/fr\/a-lehmann-elektro-ag\/#primaryimage"},"image":{"@id":"https:\/\/newvoiceinternational.com\/fr\/a-lehmann-elektro-ag\/#primaryimage"},"thumbnailUrl":"https:\/\/newvoiceinternational.com\/wp-content\/uploads\/2025\/05\/lehmann_logo-1024x185.jpg","datePublished":"2025-05-21T12:52:05+00:00","dateModified":"2025-05-21T14:28:49+00:00","breadcrumb":{"@id":"https:\/\/newvoiceinternational.com\/fr\/a-lehmann-elektro-ag\/#breadcrumb"},"inLanguage":"fr-FR","potentialAction":[{"@type":"ReadAction","target":["https:\/\/newvoiceinternational.com\/fr\/a-lehmann-elektro-ag\/"]}]},{"@type":"ImageObject","inLanguage":"fr-FR","@id":"https:\/\/newvoiceinternational.com\/fr\/a-lehmann-elektro-ag\/#primaryimage","url":"https:\/\/newvoiceinternational.com\/wp-content\/uploads\/2025\/05\/lehmann_logo-1024x185.jpg","contentUrl":"https:\/\/newvoiceinternational.com\/wp-content\/uploads\/2025\/05\/lehmann_logo-1024x185.jpg"},{"@type":"BreadcrumbList","@id":"https:\/\/newvoiceinternational.com\/fr\/a-lehmann-elektro-ag\/#breadcrumb","itemListElement":[{"@type":"ListItem","position":1,"name":"Home","item":"https:\/\/newvoiceinternational.com\/fr\/"},{"@type":"ListItem","position":2,"name":"A. Lehmann Elektro AG"}]},{"@type":"WebSite","@id":"https:\/\/newvoiceinternational.com\/fr\/#website","url":"https:\/\/newvoiceinternational.com\/fr\/","name":"NewVoice International","description":"","publisher":{"@id":"https:\/\/newvoiceinternational.com\/fr\/#organization"},"potentialAction":[{"@type":"SearchAction","target":{"@type":"EntryPoint","urlTemplate":"https:\/\/newvoiceinternational.com\/fr\/?s={search_term_string}"},"query-input":{"@type":"PropertyValueSpecification","valueRequired":true,"valueName":"search_term_string"}}],"inLanguage":"fr-FR"},{"@type":"Organization","@id":"https:\/\/newvoiceinternational.com\/fr\/#organization","name":"NewVoice International","url":"https:\/\/newvoiceinternational.com\/fr\/","logo":{"@type":"ImageObject","inLanguage":"fr-FR","@id":"https:\/\/newvoiceinternational.com\/fr\/#\/schema\/logo\/image\/","url":"https:\/\/newvoiceinternational.com\/wp-content\/uploads\/2022\/06\/NV_Logo_RGB.png","contentUrl":"https:\/\/newvoiceinternational.com\/wp-content\/uploads\/2022\/06\/NV_Logo_RGB.png","width":1200,"height":315,"caption":"NewVoice International"},"image":{"@id":"https:\/\/newvoiceinternational.com\/fr\/#\/schema\/logo\/image\/"}}]}},"_links":{"self":[{"href":"https:\/\/newvoiceinternational.com\/fr\/wp-json\/wp\/v2\/pages\/49341","targetHints":{"allow":["GET"]}}],"collection":[{"href":"https:\/\/newvoiceinternational.com\/fr\/wp-json\/wp\/v2\/pages"}],"about":[{"href":"https:\/\/newvoiceinternational.com\/fr\/wp-json\/wp\/v2\/types\/page"}],"author":[{"embeddable":true,"href":"https:\/\/newvoiceinternational.com\/fr\/wp-json\/wp\/v2\/users\/5"}],"replies":[{"embeddable":true,"href":"https:\/\/newvoiceinternational.com\/fr\/wp-json\/wp\/v2\/comments?post=49341"}],"version-history":[{"count":0,"href":"https:\/\/newvoiceinternational.com\/fr\/wp-json\/wp\/v2\/pages\/49341\/revisions"}],"wp:attachment":[{"href":"https:\/\/newvoiceinternational.com\/fr\/wp-json\/wp\/v2\/media?parent=49341"}],"curies":[{"name":"wp","href":"https:\/\/api.w.org\/{rel}","templated":true}]}}