{"id":46469,"date":"2025-02-13T10:28:42","date_gmt":"2025-02-13T09:28:42","guid":{"rendered":"https:\/\/newvoiceinternational.com\/telenetwork\/"},"modified":"2025-02-13T11:00:14","modified_gmt":"2025-02-13T10:00:14","slug":"telenetwork","status":"publish","type":"page","link":"https:\/\/newvoiceinternational.com\/fr\/telenetwork\/","title":{"rendered":"Telenetwork"},"content":{"rendered":"\t\t<div data-elementor-type=\"wp-page\" data-elementor-id=\"46469\" class=\"elementor elementor-46469 elementor-46459\" data-elementor-post-type=\"page\">\n\t\t\t\t\t\t<section class=\"elementor-section elementor-top-section elementor-element elementor-element-5bc9f71 elementor-section-boxed elementor-section-height-default elementor-section-height-default\" data-id=\"5bc9f71\" data-element_type=\"section\">\n\t\t\t\t\t\t<div class=\"elementor-container elementor-column-gap-default\">\n\t\t\t\t\t<div class=\"elementor-column elementor-col-100 elementor-top-column elementor-element elementor-element-ff53dda\" data-id=\"ff53dda\" data-element_type=\"column\">\n\t\t\t<div class=\"elementor-widget-wrap elementor-element-populated\">\n\t\t\t\t\t\t<div class=\"elementor-element elementor-element-42dae1a elementor-widget elementor-widget-image\" data-id=\"42dae1a\" data-element_type=\"widget\" data-widget_type=\"image.default\">\n\t\t\t\t<div class=\"elementor-widget-container\">\n\t\t\t\t\t\t\t\t\t\t\t\t\t\t\t<img fetchpriority=\"high\" decoding=\"async\" width=\"580\" height=\"233\" src=\"https:\/\/newvoiceinternational.com\/wp-content\/uploads\/2025\/02\/tnw_Logo-C_1000.png\" class=\"attachment-large size-large wp-image-46458\" alt=\"\" srcset=\"https:\/\/newvoiceinternational.com\/wp-content\/uploads\/2025\/02\/tnw_Logo-C_1000.png 1000w, https:\/\/newvoiceinternational.com\/wp-content\/uploads\/2025\/02\/tnw_Logo-C_1000-300x120.png 300w, https:\/\/newvoiceinternational.com\/wp-content\/uploads\/2025\/02\/tnw_Logo-C_1000-768x308.png 768w\" sizes=\"(max-width: 580px) 100vw, 580px\" \/>\t\t\t\t\t\t\t\t\t\t\t\t\t\t\t<\/div>\n\t\t\t\t<\/div>\n\t\t\t\t\t<\/div>\n\t\t<\/div>\n\t\t\t\t\t<\/div>\n\t\t<\/section>\n\t\t\t\t<section class=\"elementor-section elementor-top-section elementor-element elementor-element-a21aa31 elementor-section-boxed elementor-section-height-default elementor-section-height-default\" data-id=\"a21aa31\" data-element_type=\"section\">\n\t\t\t\t\t\t<div class=\"elementor-container elementor-column-gap-default\">\n\t\t\t\t\t<div class=\"elementor-column elementor-col-100 elementor-top-column elementor-element elementor-element-2c87fb4\" data-id=\"2c87fb4\" data-element_type=\"column\">\n\t\t\t<div class=\"elementor-widget-wrap elementor-element-populated\">\n\t\t\t\t\t\t<div class=\"elementor-element elementor-element-8891382 elementor-widget elementor-widget-text-editor\" data-id=\"8891382\" data-element_type=\"widget\" data-widget_type=\"text-editor.default\">\n\t\t\t\t<div class=\"elementor-widget-container\">\n\t\t\t\t\t\t\t\t\t<p>telenetwork AG est un expert en solutions IT, t\u00e9l\u00e9communications et s\u00e9curit\u00e9 depuis 1999. Avec plus de 900 clients en Allemagne et au Luxembourg, nous proposons des technologies innovantes et \u00e9volutives, un accompagnement personnalis\u00e9 et un service de qualit\u00e9. Nos deux centres de donn\u00e9es certifi\u00e9s \u00e0 Tr\u00e8ves, soutenus par une \u00e9quipe exp\u00e9riment\u00e9e, garantissent une s\u00e9curit\u00e9 et une efficacit\u00e9 optimales.<\/p><p><strong>La confiance nous connecte. Depuis 1999.<\/strong><\/p><p><strong><a style=\"color: #028dde;\" href=\"https:\/\/www.tnw.eu\">D\u00e9couvrez plus ici<\/a><\/strong><\/p>\t\t\t\t\t\t\t\t<\/div>\n\t\t\t\t<\/div>\n\t\t\t\t\t<\/div>\n\t\t<\/div>\n\t\t\t\t\t<\/div>\n\t\t<\/section>\n\t\t\t\t<\/div>\n\t\t","protected":false},"excerpt":{"rendered":"<p>telenetwork AG est un expert en solutions IT, t\u00e9l\u00e9communications et s\u00e9curit\u00e9 depuis 1999. Avec plus de 900 clients en Allemagne et au Luxembourg, nous proposons des technologies innovantes et \u00e9volutives, un accompagnement personnalis\u00e9 et un service de qualit\u00e9. Nos deux centres de donn\u00e9es certifi\u00e9s \u00e0 Tr\u00e8ves, soutenus par une \u00e9quipe exp\u00e9riment\u00e9e, garantissent une s\u00e9curit\u00e9 et [&hellip;]<\/p>\n","protected":false},"author":5,"featured_media":0,"parent":0,"menu_order":0,"comment_status":"closed","ping_status":"closed","template":"elementor_header_footer","meta":{"_eb_attr":"","inline_featured_image":false,"footnotes":""},"class_list":["post-46469","page","type-page","status-publish","hentry"],"acf":[],"yoast_head":"<!-- This site is optimized with the Yoast SEO plugin v26.7 - https:\/\/yoast.com\/wordpress\/plugins\/seo\/ -->\n<title>Telenetwork - NewVoice International<\/title>\n<meta name=\"description\" content=\"telenetwork AG est un expert en solutions IT, t\u00e9l\u00e9communications et s\u00e9curit\u00e9 depuis 1999\" \/>\n<meta name=\"robots\" content=\"index, follow, max-snippet:-1, max-image-preview:large, max-video-preview:-1\" \/>\n<link rel=\"canonical\" href=\"https:\/\/newvoiceinternational.com\/telenetwork\/\" \/>\n<meta property=\"og:locale\" content=\"fr_FR\" \/>\n<meta property=\"og:type\" content=\"article\" \/>\n<meta property=\"og:title\" content=\"Telenetwork - NewVoice International\" \/>\n<meta property=\"og:description\" content=\"telenetwork AG est un expert en solutions IT, t\u00e9l\u00e9communications et s\u00e9curit\u00e9 depuis 1999\" \/>\n<meta property=\"og:url\" content=\"https:\/\/newvoiceinternational.com\/telenetwork\/\" \/>\n<meta property=\"og:site_name\" content=\"NewVoice International\" \/>\n<meta property=\"article:modified_time\" content=\"2025-02-13T10:00:14+00:00\" \/>\n<meta property=\"og:image\" content=\"https:\/\/newvoiceinternational.com\/wp-content\/uploads\/2025\/02\/tnw_Logo-C_1000.png\" \/>\n\t<meta property=\"og:image:width\" content=\"1000\" \/>\n\t<meta property=\"og:image:height\" content=\"401\" \/>\n\t<meta property=\"og:image:type\" content=\"image\/png\" \/>\n<meta name=\"twitter:card\" content=\"summary_large_image\" \/>\n<meta name=\"twitter:label1\" content=\"Dur\u00e9e de lecture estim\u00e9e\" \/>\n\t<meta name=\"twitter:data1\" content=\"1 minute\" \/>\n<script type=\"application\/ld+json\" class=\"yoast-schema-graph\">{\"@context\":\"https:\/\/schema.org\",\"@graph\":[{\"@type\":\"WebPage\",\"@id\":\"https:\/\/newvoiceinternational.com\/telenetwork\/\",\"url\":\"https:\/\/newvoiceinternational.com\/telenetwork\/\",\"name\":\"Telenetwork - NewVoice International\",\"isPartOf\":{\"@id\":\"https:\/\/newvoiceinternational.com\/#website\"},\"primaryImageOfPage\":{\"@id\":\"https:\/\/newvoiceinternational.com\/telenetwork\/#primaryimage\"},\"image\":{\"@id\":\"https:\/\/newvoiceinternational.com\/telenetwork\/#primaryimage\"},\"thumbnailUrl\":\"https:\/\/newvoiceinternational.com\/wp-content\/uploads\/2025\/02\/tnw_Logo-C_1000.png\",\"datePublished\":\"2025-02-13T09:28:42+00:00\",\"dateModified\":\"2025-02-13T10:00:14+00:00\",\"description\":\"telenetwork AG est un expert en solutions IT, t\u00e9l\u00e9communications et s\u00e9curit\u00e9 depuis 1999\",\"breadcrumb\":{\"@id\":\"https:\/\/newvoiceinternational.com\/telenetwork\/#breadcrumb\"},\"inLanguage\":\"fr-FR\",\"potentialAction\":[{\"@type\":\"ReadAction\",\"target\":[\"https:\/\/newvoiceinternational.com\/telenetwork\/\"]}]},{\"@type\":\"ImageObject\",\"inLanguage\":\"fr-FR\",\"@id\":\"https:\/\/newvoiceinternational.com\/telenetwork\/#primaryimage\",\"url\":\"https:\/\/newvoiceinternational.com\/wp-content\/uploads\/2025\/02\/tnw_Logo-C_1000.png\",\"contentUrl\":\"https:\/\/newvoiceinternational.com\/wp-content\/uploads\/2025\/02\/tnw_Logo-C_1000.png\"},{\"@type\":\"BreadcrumbList\",\"@id\":\"https:\/\/newvoiceinternational.com\/telenetwork\/#breadcrumb\",\"itemListElement\":[{\"@type\":\"ListItem\",\"position\":1,\"name\":\"Home\",\"item\":\"https:\/\/newvoiceinternational.com\/fr\/\"},{\"@type\":\"ListItem\",\"position\":2,\"name\":\"Telenetwork\"}]},{\"@type\":\"WebSite\",\"@id\":\"https:\/\/newvoiceinternational.com\/#website\",\"url\":\"https:\/\/newvoiceinternational.com\/\",\"name\":\"NewVoice International\",\"description\":\"\",\"publisher\":{\"@id\":\"https:\/\/newvoiceinternational.com\/#organization\"},\"potentialAction\":[{\"@type\":\"SearchAction\",\"target\":{\"@type\":\"EntryPoint\",\"urlTemplate\":\"https:\/\/newvoiceinternational.com\/?s={search_term_string}\"},\"query-input\":{\"@type\":\"PropertyValueSpecification\",\"valueRequired\":true,\"valueName\":\"search_term_string\"}}],\"inLanguage\":\"fr-FR\"},{\"@type\":\"Organization\",\"@id\":\"https:\/\/newvoiceinternational.com\/#organization\",\"name\":\"NewVoice International\",\"url\":\"https:\/\/newvoiceinternational.com\/\",\"logo\":{\"@type\":\"ImageObject\",\"inLanguage\":\"fr-FR\",\"@id\":\"https:\/\/newvoiceinternational.com\/#\/schema\/logo\/image\/\",\"url\":\"https:\/\/newvoiceinternational.com\/wp-content\/uploads\/2022\/06\/NV_Logo_RGB.png\",\"contentUrl\":\"https:\/\/newvoiceinternational.com\/wp-content\/uploads\/2022\/06\/NV_Logo_RGB.png\",\"width\":1200,\"height\":315,\"caption\":\"NewVoice International\"},\"image\":{\"@id\":\"https:\/\/newvoiceinternational.com\/#\/schema\/logo\/image\/\"}}]}<\/script>\n<!-- \/ Yoast SEO plugin. -->","yoast_head_json":{"title":"Telenetwork - NewVoice International","description":"telenetwork AG est un expert en solutions IT, t\u00e9l\u00e9communications et s\u00e9curit\u00e9 depuis 1999","robots":{"index":"index","follow":"follow","max-snippet":"max-snippet:-1","max-image-preview":"max-image-preview:large","max-video-preview":"max-video-preview:-1"},"canonical":"https:\/\/newvoiceinternational.com\/telenetwork\/","og_locale":"fr_FR","og_type":"article","og_title":"Telenetwork - NewVoice International","og_description":"telenetwork AG est un expert en solutions IT, t\u00e9l\u00e9communications et s\u00e9curit\u00e9 depuis 1999","og_url":"https:\/\/newvoiceinternational.com\/telenetwork\/","og_site_name":"NewVoice International","article_modified_time":"2025-02-13T10:00:14+00:00","og_image":[{"width":1000,"height":401,"url":"https:\/\/newvoiceinternational.com\/wp-content\/uploads\/2025\/02\/tnw_Logo-C_1000.png","type":"image\/png"}],"twitter_card":"summary_large_image","twitter_misc":{"Dur\u00e9e de lecture estim\u00e9e":"1 minute"},"schema":{"@context":"https:\/\/schema.org","@graph":[{"@type":"WebPage","@id":"https:\/\/newvoiceinternational.com\/telenetwork\/","url":"https:\/\/newvoiceinternational.com\/telenetwork\/","name":"Telenetwork - NewVoice International","isPartOf":{"@id":"https:\/\/newvoiceinternational.com\/#website"},"primaryImageOfPage":{"@id":"https:\/\/newvoiceinternational.com\/telenetwork\/#primaryimage"},"image":{"@id":"https:\/\/newvoiceinternational.com\/telenetwork\/#primaryimage"},"thumbnailUrl":"https:\/\/newvoiceinternational.com\/wp-content\/uploads\/2025\/02\/tnw_Logo-C_1000.png","datePublished":"2025-02-13T09:28:42+00:00","dateModified":"2025-02-13T10:00:14+00:00","description":"telenetwork AG est un expert en solutions IT, t\u00e9l\u00e9communications et s\u00e9curit\u00e9 depuis 1999","breadcrumb":{"@id":"https:\/\/newvoiceinternational.com\/telenetwork\/#breadcrumb"},"inLanguage":"fr-FR","potentialAction":[{"@type":"ReadAction","target":["https:\/\/newvoiceinternational.com\/telenetwork\/"]}]},{"@type":"ImageObject","inLanguage":"fr-FR","@id":"https:\/\/newvoiceinternational.com\/telenetwork\/#primaryimage","url":"https:\/\/newvoiceinternational.com\/wp-content\/uploads\/2025\/02\/tnw_Logo-C_1000.png","contentUrl":"https:\/\/newvoiceinternational.com\/wp-content\/uploads\/2025\/02\/tnw_Logo-C_1000.png"},{"@type":"BreadcrumbList","@id":"https:\/\/newvoiceinternational.com\/telenetwork\/#breadcrumb","itemListElement":[{"@type":"ListItem","position":1,"name":"Home","item":"https:\/\/newvoiceinternational.com\/fr\/"},{"@type":"ListItem","position":2,"name":"Telenetwork"}]},{"@type":"WebSite","@id":"https:\/\/newvoiceinternational.com\/#website","url":"https:\/\/newvoiceinternational.com\/","name":"NewVoice International","description":"","publisher":{"@id":"https:\/\/newvoiceinternational.com\/#organization"},"potentialAction":[{"@type":"SearchAction","target":{"@type":"EntryPoint","urlTemplate":"https:\/\/newvoiceinternational.com\/?s={search_term_string}"},"query-input":{"@type":"PropertyValueSpecification","valueRequired":true,"valueName":"search_term_string"}}],"inLanguage":"fr-FR"},{"@type":"Organization","@id":"https:\/\/newvoiceinternational.com\/#organization","name":"NewVoice International","url":"https:\/\/newvoiceinternational.com\/","logo":{"@type":"ImageObject","inLanguage":"fr-FR","@id":"https:\/\/newvoiceinternational.com\/#\/schema\/logo\/image\/","url":"https:\/\/newvoiceinternational.com\/wp-content\/uploads\/2022\/06\/NV_Logo_RGB.png","contentUrl":"https:\/\/newvoiceinternational.com\/wp-content\/uploads\/2022\/06\/NV_Logo_RGB.png","width":1200,"height":315,"caption":"NewVoice International"},"image":{"@id":"https:\/\/newvoiceinternational.com\/#\/schema\/logo\/image\/"}}]}},"_links":{"self":[{"href":"https:\/\/newvoiceinternational.com\/fr\/wp-json\/wp\/v2\/pages\/46469","targetHints":{"allow":["GET"]}}],"collection":[{"href":"https:\/\/newvoiceinternational.com\/fr\/wp-json\/wp\/v2\/pages"}],"about":[{"href":"https:\/\/newvoiceinternational.com\/fr\/wp-json\/wp\/v2\/types\/page"}],"author":[{"embeddable":true,"href":"https:\/\/newvoiceinternational.com\/fr\/wp-json\/wp\/v2\/users\/5"}],"replies":[{"embeddable":true,"href":"https:\/\/newvoiceinternational.com\/fr\/wp-json\/wp\/v2\/comments?post=46469"}],"version-history":[{"count":0,"href":"https:\/\/newvoiceinternational.com\/fr\/wp-json\/wp\/v2\/pages\/46469\/revisions"}],"wp:attachment":[{"href":"https:\/\/newvoiceinternational.com\/fr\/wp-json\/wp\/v2\/media?parent=46469"}],"curies":[{"name":"wp","href":"https:\/\/api.w.org\/{rel}","templated":true}]}}