{"id":41680,"date":"2024-09-20T09:10:43","date_gmt":"2024-09-20T08:10:43","guid":{"rendered":"https:\/\/newvoiceinternational.com\/spie\/"},"modified":"2024-09-20T09:12:08","modified_gmt":"2024-09-20T08:12:08","slug":"spie","status":"publish","type":"page","link":"https:\/\/newvoiceinternational.com\/fr\/spie\/","title":{"rendered":"SPIE"},"content":{"rendered":"\t\t<div data-elementor-type=\"wp-page\" data-elementor-id=\"41680\" class=\"elementor elementor-41680 elementor-41672\" data-elementor-post-type=\"page\">\n\t\t\t\t\t\t<section class=\"elementor-section elementor-top-section elementor-element elementor-element-5bc9f71 elementor-section-boxed elementor-section-height-default elementor-section-height-default\" data-id=\"5bc9f71\" data-element_type=\"section\" data-e-type=\"section\">\n\t\t\t\t\t\t<div class=\"elementor-container elementor-column-gap-default\">\n\t\t\t\t\t<div class=\"elementor-column elementor-col-100 elementor-top-column elementor-element elementor-element-ff53dda\" data-id=\"ff53dda\" data-element_type=\"column\" data-e-type=\"column\">\n\t\t\t<div class=\"elementor-widget-wrap elementor-element-populated\">\n\t\t\t\t\t\t<div class=\"elementor-element elementor-element-42dae1a elementor-widget elementor-widget-image\" data-id=\"42dae1a\" data-element_type=\"widget\" data-e-type=\"widget\" data-widget_type=\"image.default\">\n\t\t\t\t<div class=\"elementor-widget-container\">\n\t\t\t\t\t\t\t\t\t\t\t\t\t\t\t<img fetchpriority=\"high\" decoding=\"async\" width=\"580\" height=\"282\" src=\"https:\/\/newvoiceinternational.com\/wp-content\/uploads\/2024\/09\/SPIE_pantone_blue-1024x497.png\" class=\"attachment-large size-large wp-image-41667\" alt=\"\" srcset=\"https:\/\/newvoiceinternational.com\/wp-content\/uploads\/2024\/09\/SPIE_pantone_blue-1024x497.png 1024w, https:\/\/newvoiceinternational.com\/wp-content\/uploads\/2024\/09\/SPIE_pantone_blue-300x146.png 300w, https:\/\/newvoiceinternational.com\/wp-content\/uploads\/2024\/09\/SPIE_pantone_blue-768x373.png 768w, https:\/\/newvoiceinternational.com\/wp-content\/uploads\/2024\/09\/SPIE_pantone_blue-1536x746.png 1536w, https:\/\/newvoiceinternational.com\/wp-content\/uploads\/2024\/09\/SPIE_pantone_blue-2048x995.png 2048w, https:\/\/newvoiceinternational.com\/wp-content\/uploads\/2024\/09\/SPIE_pantone_blue-1200x583.png 1200w, https:\/\/newvoiceinternational.com\/wp-content\/uploads\/2024\/09\/SPIE_pantone_blue-1980x961.png 1980w\" sizes=\"(max-width: 580px) 100vw, 580px\" \/>\t\t\t\t\t\t\t\t\t\t\t\t\t\t\t<\/div>\n\t\t\t\t<\/div>\n\t\t\t\t\t<\/div>\n\t\t<\/div>\n\t\t\t\t\t<\/div>\n\t\t<\/section>\n\t\t\t\t<section class=\"elementor-section elementor-top-section elementor-element elementor-element-a21aa31 elementor-section-boxed elementor-section-height-default elementor-section-height-default\" data-id=\"a21aa31\" data-element_type=\"section\" data-e-type=\"section\">\n\t\t\t\t\t\t<div class=\"elementor-container elementor-column-gap-default\">\n\t\t\t\t\t<div class=\"elementor-column elementor-col-100 elementor-top-column elementor-element elementor-element-2c87fb4\" data-id=\"2c87fb4\" data-element_type=\"column\" data-e-type=\"column\">\n\t\t\t<div class=\"elementor-widget-wrap elementor-element-populated\">\n\t\t\t\t\t\t<div class=\"elementor-element elementor-element-8891382 elementor-widget elementor-widget-text-editor\" data-id=\"8891382\" data-element_type=\"widget\" data-e-type=\"widget\" data-widget_type=\"text-editor.default\">\n\t\t\t\t<div class=\"elementor-widget-container\">\n\t\t\t\t\t\t\t\t\t<p>SPIE ICS cr\u00e9e une transformation num\u00e9rique responsable. Cybers\u00e9curit\u00e9, connectivit\u00e9, digital workplace, nous vous accompagnons sur tous les fronts. D\u00e9veloppez votre puissance maximale gr\u00e2ce \u00e0 nos comp\u00e9tences globales. SPIE ICS compte parmi les fournisseurs leaders de services et de solutions ICT en Suisse. Nous vous proposons des processus et des applications commerciales utilisables dans tous les secteurs, des conseils en informatique et des services d&rsquo;int\u00e9gration et d&rsquo;entretien.<\/p>\n\t\t\t\t\t\t\t\t<\/div>\n\t\t\t\t<\/div>\n\t\t\t\t\t<\/div>\n\t\t<\/div>\n\t\t\t\t\t<\/div>\n\t\t<\/section>\n\t\t\t\t<\/div>\n\t\t","protected":false},"excerpt":{"rendered":"<p>SPIE ICS cr\u00e9e une transformation num\u00e9rique responsable. Cybers\u00e9curit\u00e9, connectivit\u00e9, digital workplace, nous vous accompagnons sur tous les fronts. D\u00e9veloppez votre puissance maximale gr\u00e2ce \u00e0 nos comp\u00e9tences globales. SPIE ICS compte parmi les fournisseurs leaders de services et de solutions ICT en Suisse. Nous vous proposons des processus et des applications commerciales utilisables dans tous les [&hellip;]<\/p>\n","protected":false},"author":5,"featured_media":0,"parent":0,"menu_order":0,"comment_status":"closed","ping_status":"closed","template":"elementor_header_footer","meta":{"_eb_attr":"","inline_featured_image":false,"footnotes":""},"class_list":["post-41680","page","type-page","status-publish","hentry"],"acf":[],"yoast_head":"<!-- This site is optimized with the Yoast SEO plugin v27.4 - https:\/\/yoast.com\/product\/yoast-seo-wordpress\/ -->\n<title>SPIE - NewVoice International<\/title>\n<meta name=\"robots\" content=\"index, follow, max-snippet:-1, max-image-preview:large, max-video-preview:-1\" \/>\n<link rel=\"canonical\" href=\"https:\/\/newvoiceinternational.com\/fr\/spie\/\" \/>\n<meta property=\"og:locale\" content=\"fr_FR\" \/>\n<meta property=\"og:type\" content=\"article\" \/>\n<meta property=\"og:title\" content=\"SPIE - NewVoice International\" \/>\n<meta property=\"og:description\" content=\"SPIE ICS cr\u00e9e une transformation num\u00e9rique responsable. Cybers\u00e9curit\u00e9, connectivit\u00e9, digital workplace, nous vous accompagnons sur tous les fronts. D\u00e9veloppez votre puissance maximale gr\u00e2ce \u00e0 nos comp\u00e9tences globales. SPIE ICS compte parmi les fournisseurs leaders de services et de solutions ICT en Suisse. Nous vous proposons des processus et des applications commerciales utilisables dans tous les [&hellip;]\" \/>\n<meta property=\"og:url\" content=\"https:\/\/newvoiceinternational.com\/fr\/spie\/\" \/>\n<meta property=\"og:site_name\" content=\"NewVoice International\" \/>\n<meta property=\"article:modified_time\" content=\"2024-09-20T08:12:08+00:00\" \/>\n<meta property=\"og:image\" content=\"https:\/\/newvoiceinternational.com\/wp-content\/uploads\/2024\/09\/SPIE_pantone_blue-1024x497.png\" \/>\n<meta name=\"twitter:card\" content=\"summary_large_image\" \/>\n<script type=\"application\/ld+json\" class=\"yoast-schema-graph\">{\"@context\":\"https:\\\/\\\/schema.org\",\"@graph\":[{\"@type\":\"WebPage\",\"@id\":\"https:\\\/\\\/newvoiceinternational.com\\\/fr\\\/spie\\\/\",\"url\":\"https:\\\/\\\/newvoiceinternational.com\\\/fr\\\/spie\\\/\",\"name\":\"SPIE - NewVoice International\",\"isPartOf\":{\"@id\":\"https:\\\/\\\/newvoiceinternational.com\\\/fr\\\/#website\"},\"primaryImageOfPage\":{\"@id\":\"https:\\\/\\\/newvoiceinternational.com\\\/fr\\\/spie\\\/#primaryimage\"},\"image\":{\"@id\":\"https:\\\/\\\/newvoiceinternational.com\\\/fr\\\/spie\\\/#primaryimage\"},\"thumbnailUrl\":\"https:\\\/\\\/newvoiceinternational.com\\\/wp-content\\\/uploads\\\/2024\\\/09\\\/SPIE_pantone_blue-1024x497.png\",\"datePublished\":\"2024-09-20T08:10:43+00:00\",\"dateModified\":\"2024-09-20T08:12:08+00:00\",\"breadcrumb\":{\"@id\":\"https:\\\/\\\/newvoiceinternational.com\\\/fr\\\/spie\\\/#breadcrumb\"},\"inLanguage\":\"fr-FR\",\"potentialAction\":[{\"@type\":\"ReadAction\",\"target\":[\"https:\\\/\\\/newvoiceinternational.com\\\/fr\\\/spie\\\/\"]}]},{\"@type\":\"ImageObject\",\"inLanguage\":\"fr-FR\",\"@id\":\"https:\\\/\\\/newvoiceinternational.com\\\/fr\\\/spie\\\/#primaryimage\",\"url\":\"https:\\\/\\\/newvoiceinternational.com\\\/wp-content\\\/uploads\\\/2024\\\/09\\\/SPIE_pantone_blue-1024x497.png\",\"contentUrl\":\"https:\\\/\\\/newvoiceinternational.com\\\/wp-content\\\/uploads\\\/2024\\\/09\\\/SPIE_pantone_blue-1024x497.png\"},{\"@type\":\"BreadcrumbList\",\"@id\":\"https:\\\/\\\/newvoiceinternational.com\\\/fr\\\/spie\\\/#breadcrumb\",\"itemListElement\":[{\"@type\":\"ListItem\",\"position\":1,\"name\":\"Home\",\"item\":\"https:\\\/\\\/newvoiceinternational.com\\\/fr\\\/\"},{\"@type\":\"ListItem\",\"position\":2,\"name\":\"SPIE\"}]},{\"@type\":\"WebSite\",\"@id\":\"https:\\\/\\\/newvoiceinternational.com\\\/fr\\\/#website\",\"url\":\"https:\\\/\\\/newvoiceinternational.com\\\/fr\\\/\",\"name\":\"NewVoice International\",\"description\":\"\",\"publisher\":{\"@id\":\"https:\\\/\\\/newvoiceinternational.com\\\/fr\\\/#organization\"},\"potentialAction\":[{\"@type\":\"SearchAction\",\"target\":{\"@type\":\"EntryPoint\",\"urlTemplate\":\"https:\\\/\\\/newvoiceinternational.com\\\/fr\\\/?s={search_term_string}\"},\"query-input\":{\"@type\":\"PropertyValueSpecification\",\"valueRequired\":true,\"valueName\":\"search_term_string\"}}],\"inLanguage\":\"fr-FR\"},{\"@type\":\"Organization\",\"@id\":\"https:\\\/\\\/newvoiceinternational.com\\\/fr\\\/#organization\",\"name\":\"NewVoice International\",\"url\":\"https:\\\/\\\/newvoiceinternational.com\\\/fr\\\/\",\"logo\":{\"@type\":\"ImageObject\",\"inLanguage\":\"fr-FR\",\"@id\":\"https:\\\/\\\/newvoiceinternational.com\\\/fr\\\/#\\\/schema\\\/logo\\\/image\\\/\",\"url\":\"https:\\\/\\\/newvoiceinternational.com\\\/wp-content\\\/uploads\\\/2022\\\/06\\\/NV_Logo_RGB.png\",\"contentUrl\":\"https:\\\/\\\/newvoiceinternational.com\\\/wp-content\\\/uploads\\\/2022\\\/06\\\/NV_Logo_RGB.png\",\"width\":1200,\"height\":315,\"caption\":\"NewVoice International\"},\"image\":{\"@id\":\"https:\\\/\\\/newvoiceinternational.com\\\/fr\\\/#\\\/schema\\\/logo\\\/image\\\/\"}}]}<\/script>\n<!-- \/ Yoast SEO plugin. -->","yoast_head_json":{"title":"SPIE - NewVoice International","robots":{"index":"index","follow":"follow","max-snippet":"max-snippet:-1","max-image-preview":"max-image-preview:large","max-video-preview":"max-video-preview:-1"},"canonical":"https:\/\/newvoiceinternational.com\/fr\/spie\/","og_locale":"fr_FR","og_type":"article","og_title":"SPIE - NewVoice International","og_description":"SPIE ICS cr\u00e9e une transformation num\u00e9rique responsable. Cybers\u00e9curit\u00e9, connectivit\u00e9, digital workplace, nous vous accompagnons sur tous les fronts. D\u00e9veloppez votre puissance maximale gr\u00e2ce \u00e0 nos comp\u00e9tences globales. SPIE ICS compte parmi les fournisseurs leaders de services et de solutions ICT en Suisse. Nous vous proposons des processus et des applications commerciales utilisables dans tous les [&hellip;]","og_url":"https:\/\/newvoiceinternational.com\/fr\/spie\/","og_site_name":"NewVoice International","article_modified_time":"2024-09-20T08:12:08+00:00","og_image":[{"url":"https:\/\/newvoiceinternational.com\/wp-content\/uploads\/2024\/09\/SPIE_pantone_blue-1024x497.png","type":"","width":"","height":""}],"twitter_card":"summary_large_image","schema":{"@context":"https:\/\/schema.org","@graph":[{"@type":"WebPage","@id":"https:\/\/newvoiceinternational.com\/fr\/spie\/","url":"https:\/\/newvoiceinternational.com\/fr\/spie\/","name":"SPIE - NewVoice International","isPartOf":{"@id":"https:\/\/newvoiceinternational.com\/fr\/#website"},"primaryImageOfPage":{"@id":"https:\/\/newvoiceinternational.com\/fr\/spie\/#primaryimage"},"image":{"@id":"https:\/\/newvoiceinternational.com\/fr\/spie\/#primaryimage"},"thumbnailUrl":"https:\/\/newvoiceinternational.com\/wp-content\/uploads\/2024\/09\/SPIE_pantone_blue-1024x497.png","datePublished":"2024-09-20T08:10:43+00:00","dateModified":"2024-09-20T08:12:08+00:00","breadcrumb":{"@id":"https:\/\/newvoiceinternational.com\/fr\/spie\/#breadcrumb"},"inLanguage":"fr-FR","potentialAction":[{"@type":"ReadAction","target":["https:\/\/newvoiceinternational.com\/fr\/spie\/"]}]},{"@type":"ImageObject","inLanguage":"fr-FR","@id":"https:\/\/newvoiceinternational.com\/fr\/spie\/#primaryimage","url":"https:\/\/newvoiceinternational.com\/wp-content\/uploads\/2024\/09\/SPIE_pantone_blue-1024x497.png","contentUrl":"https:\/\/newvoiceinternational.com\/wp-content\/uploads\/2024\/09\/SPIE_pantone_blue-1024x497.png"},{"@type":"BreadcrumbList","@id":"https:\/\/newvoiceinternational.com\/fr\/spie\/#breadcrumb","itemListElement":[{"@type":"ListItem","position":1,"name":"Home","item":"https:\/\/newvoiceinternational.com\/fr\/"},{"@type":"ListItem","position":2,"name":"SPIE"}]},{"@type":"WebSite","@id":"https:\/\/newvoiceinternational.com\/fr\/#website","url":"https:\/\/newvoiceinternational.com\/fr\/","name":"NewVoice International","description":"","publisher":{"@id":"https:\/\/newvoiceinternational.com\/fr\/#organization"},"potentialAction":[{"@type":"SearchAction","target":{"@type":"EntryPoint","urlTemplate":"https:\/\/newvoiceinternational.com\/fr\/?s={search_term_string}"},"query-input":{"@type":"PropertyValueSpecification","valueRequired":true,"valueName":"search_term_string"}}],"inLanguage":"fr-FR"},{"@type":"Organization","@id":"https:\/\/newvoiceinternational.com\/fr\/#organization","name":"NewVoice International","url":"https:\/\/newvoiceinternational.com\/fr\/","logo":{"@type":"ImageObject","inLanguage":"fr-FR","@id":"https:\/\/newvoiceinternational.com\/fr\/#\/schema\/logo\/image\/","url":"https:\/\/newvoiceinternational.com\/wp-content\/uploads\/2022\/06\/NV_Logo_RGB.png","contentUrl":"https:\/\/newvoiceinternational.com\/wp-content\/uploads\/2022\/06\/NV_Logo_RGB.png","width":1200,"height":315,"caption":"NewVoice International"},"image":{"@id":"https:\/\/newvoiceinternational.com\/fr\/#\/schema\/logo\/image\/"}}]}},"_links":{"self":[{"href":"https:\/\/newvoiceinternational.com\/fr\/wp-json\/wp\/v2\/pages\/41680","targetHints":{"allow":["GET"]}}],"collection":[{"href":"https:\/\/newvoiceinternational.com\/fr\/wp-json\/wp\/v2\/pages"}],"about":[{"href":"https:\/\/newvoiceinternational.com\/fr\/wp-json\/wp\/v2\/types\/page"}],"author":[{"embeddable":true,"href":"https:\/\/newvoiceinternational.com\/fr\/wp-json\/wp\/v2\/users\/5"}],"replies":[{"embeddable":true,"href":"https:\/\/newvoiceinternational.com\/fr\/wp-json\/wp\/v2\/comments?post=41680"}],"version-history":[{"count":0,"href":"https:\/\/newvoiceinternational.com\/fr\/wp-json\/wp\/v2\/pages\/41680\/revisions"}],"wp:attachment":[{"href":"https:\/\/newvoiceinternational.com\/fr\/wp-json\/wp\/v2\/media?parent=41680"}],"curies":[{"name":"wp","href":"https:\/\/api.w.org\/{rel}","templated":true}]}}