{"id":38520,"date":"2024-05-02T13:05:22","date_gmt":"2024-05-02T12:05:22","guid":{"rendered":"https:\/\/newvoiceinternational.com\/multimedia-alerting-and-notification-2\/"},"modified":"2024-05-02T14:39:29","modified_gmt":"2024-05-02T13:39:29","slug":"multimedia-alerting-and-notification-2","status":"publish","type":"page","link":"https:\/\/newvoiceinternational.com\/fr\/multimedia-alerting-and-notification-2\/","title":{"rendered":"Multimedia alerting and notification"},"content":{"rendered":"\t\t<div data-elementor-type=\"wp-page\" data-elementor-id=\"38520\" class=\"elementor elementor-38520 elementor-38466\" data-elementor-post-type=\"page\">\n\t\t\t\t\t\t<section class=\"elementor-section elementor-top-section elementor-element elementor-element-241df64 elementor-section-boxed elementor-section-height-default elementor-section-height-default\" data-id=\"241df64\" data-element_type=\"section\" data-e-type=\"section\">\n\t\t\t\t\t\t<div class=\"elementor-container elementor-column-gap-default\">\n\t\t\t\t\t<div class=\"elementor-column elementor-col-100 elementor-top-column elementor-element elementor-element-1958027\" data-id=\"1958027\" data-element_type=\"column\" data-e-type=\"column\">\n\t\t\t<div class=\"elementor-widget-wrap elementor-element-populated\">\n\t\t\t\t\t\t<div class=\"elementor-element elementor-element-a0a4aff elementor-widget elementor-widget-heading\" data-id=\"a0a4aff\" data-element_type=\"widget\" data-e-type=\"widget\" data-widget_type=\"heading.default\">\n\t\t\t\t<div class=\"elementor-widget-container\">\n\t\t\t\t\t<h2 class=\"elementor-heading-title elementor-size-default\">Alerte et notification multim\u00e9dia<\/h2>\t\t\t\t<\/div>\n\t\t\t\t<\/div>\n\t\t\t\t\t<\/div>\n\t\t<\/div>\n\t\t\t\t\t<\/div>\n\t\t<\/section>\n\t\t\t\t<section class=\"elementor-section elementor-top-section elementor-element elementor-element-2718f3d elementor-section-content-middle elementor-section-boxed elementor-section-height-default elementor-section-height-default\" data-id=\"2718f3d\" data-element_type=\"section\" data-e-type=\"section\">\n\t\t\t\t\t\t<div class=\"elementor-container elementor-column-gap-default\">\n\t\t\t\t\t<div class=\"elementor-column elementor-col-50 elementor-top-column elementor-element elementor-element-7b7c4a6\" data-id=\"7b7c4a6\" data-element_type=\"column\" data-e-type=\"column\">\n\t\t\t<div class=\"elementor-widget-wrap elementor-element-populated\">\n\t\t\t\t\t\t<div class=\"elementor-element elementor-element-f7cb615 elementor-widget elementor-widget-text-editor\" data-id=\"f7cb615\" data-element_type=\"widget\" data-e-type=\"widget\" data-widget_type=\"text-editor.default\">\n\t\t\t\t<div class=\"elementor-widget-container\">\n\t\t\t\t\t\t\t\t\t<h4><strong>Alerte vocale par t\u00e9l\u00e9phone<\/strong><\/h4><div id=\"text-block-30\" class=\"mk-text-block paragraph\"><p><span style=\"font-weight: 400;\"><a href=\"https:\/\/newvoiceinternational.com\/fr\/mobicall\">MobiCall<\/a> propose des fonctions d&rsquo;alarme sp\u00e9cifiquement con\u00e7ues pour l&rsquo;alerte vocale gr\u00e2ce \u00e0 une collaboration \u00e9troite avec les principaux fabricants de syst\u00e8mes de communication. La plateforme peut \u00eatre connect\u00e9e \u00e0 l&rsquo;infrastructure via ISDN ou SIP. Le nombre de canaux vocaux disponibles d\u00e9pend du nombre de participants et des temps d&rsquo;alerte maximum requis. Les fonctionnalit\u00e9s principales de l&rsquo;alarme incluent\u00a0: l&rsquo;affichage pendant les appels, une sonnerie sp\u00e9ciale pour alerter, la possibilit\u00e9 d&rsquo;interrompre les appels en cours et la diffusion d&rsquo;une annonce par haut-parleurs.<\/span><\/p><\/div>\t\t\t\t\t\t\t\t<\/div>\n\t\t\t\t<\/div>\n\t\t\t\t<div class=\"elementor-element elementor-element-f7ecbcf elementor-widget elementor-widget-text-editor\" data-id=\"f7ecbcf\" data-element_type=\"widget\" data-e-type=\"widget\" data-widget_type=\"text-editor.default\">\n\t\t\t\t<div class=\"elementor-widget-container\">\n\t\t\t\t\t\t\t\t\t<p><strong>Nombre de participants*\u00a0 \u00a0 \u00a0 \u00a0 \u00a0 \u00a0 \u00a0 \u00a0 \u00a0 \u00a0 \u00a0 \u00a0 \u00a0 \u00a0 \u00a0 Nombre de canaux vocaux requis<\/strong><\/p><hr \/><p><strong>\u00a050 \u00a0 \u00a0 \u00a0 \u00a0 \u00a0 \u00a0 \u00a0 \u00a0 \u00a0 \u00a0 \u00a0 \u00a0 \u00a0 \u00a0 \u00a0 \u00a0 \u00a0 \u00a0 \u00a0 \u00a0 \u00a0 \u00a0 \u00a0 \u00a0 \u00a0 \u00a0 \u00a0 \u00a0 \u00a0 \u00a0 \u00a0 \u00a0 \u00a0\u00a0\u00a0\u00a0\u00a0\u00a0\u00a0\u00a0\u00a0\u00a0\u00a0\u00a0\u00a0\u00a0\u00a0\u00a0\u00a0 10<\/strong><br \/><strong>150 \u00a0 \u00a0 \u00a0 \u00a0 \u00a0 \u00a0 \u00a0 \u00a0 \u00a0 \u00a0 \u00a0 \u00a0 \u00a0 \u00a0 \u00a0 \u00a0 \u00a0 \u00a0 \u00a0 \u00a0 \u00a0 \u00a0 \u00a0 \u00a0 \u00a0 \u00a0 \u00a0 \u00a0 \u00a0 \u00a0 \u00a0 \u00a0\u00a0\u00a0\u00a0\u00a0\u00a0\u00a0\u00a0\u00a0\u00a0\u00a0\u00a0\u00a0\u00a0\u00a0\u00a0\u00a0\u00a0 30<\/strong><br \/><strong>300\u00a0 \u00a0 \u00a0 \u00a0 \u00a0 \u00a0 \u00a0 \u00a0 \u00a0 \u00a0 \u00a0 \u00a0 \u00a0 \u00a0 \u00a0 \u00a0 \u00a0 \u00a0 \u00a0 \u00a0 \u00a0 \u00a0 \u00a0 \u00a0 \u00a0 \u00a0 \u00a0 \u00a0 \u00a0 \u00a0 \u00a0 \u00a0 \u00a0 \u00a0 \u00a0 \u00a0 \u00a0 \u00a0 \u00a0 \u00a0 \u00a0 60<\/strong><\/p><p><span style=\"font-weight: 400;\">*120 secondes de temps d&rsquo;alarme disponible pour l&rsquo;acquittement<\/span><\/p>\t\t\t\t\t\t\t\t<\/div>\n\t\t\t\t<\/div>\n\t\t\t\t<div class=\"elementor-element elementor-element-44cc4e8 elementor-widget elementor-widget-text-editor\" data-id=\"44cc4e8\" data-element_type=\"widget\" data-e-type=\"widget\" data-widget_type=\"text-editor.default\">\n\t\t\t\t<div class=\"elementor-widget-container\">\n\t\t\t\t\t\t\t\t\t<h4><b>Alerte par message texte sur les terminaux du syst\u00e8me<\/b><\/h4><div id=\"text-block-45\" class=\"mk-text-block paragraph\"><p><span style=\"font-weight: 400;\">Les informations peuvent \u00eatre transmises aux terminaux de bureau et sans fil par message, en utilisant des interfaces sp\u00e9cifiques au fabricant (telles que XML-API ou Message-Link). Cette technologie peut avertir un tr\u00e8s grand nombre de participants en quelques secondes.<\/span><\/p><p><span style=\"font-weight: 400;\">Pour en savoir plus sur la distribution d&rsquo;informations, cliquez <a href=\"https:\/\/www.newvoiceinternational.com\/fr\/distribution-dinformations\/\">ici<\/a>.<\/span><\/p><\/div>\t\t\t\t\t\t\t\t<\/div>\n\t\t\t\t<\/div>\n\t\t\t\t\t<\/div>\n\t\t<\/div>\n\t\t\t\t<div class=\"elementor-column elementor-col-50 elementor-top-column elementor-element elementor-element-37f91f0\" data-id=\"37f91f0\" data-element_type=\"column\" data-e-type=\"column\">\n\t\t\t<div class=\"elementor-widget-wrap elementor-element-populated\">\n\t\t\t\t\t\t<div class=\"elementor-element elementor-element-9536e9c elementor-widget elementor-widget-text-editor\" data-id=\"9536e9c\" data-element_type=\"widget\" data-e-type=\"widget\" data-widget_type=\"text-editor.default\">\n\t\t\t\t<div class=\"elementor-widget-container\">\n\t\t\t\t\t\t\t\t\t<h4><b>Smartphone et ordinateur de bureau du client<\/b><\/h4><div id=\"text-block-33\" class=\"mk-text-block paragraph\"><p><span style=\"font-weight: 400;\">En cas de catastrophe, il existe deux autres moyens de communication pour alerter les personnes en danger. Ces canaux sont accessibles via un ordinateur client ou une application mobile. Ils permettent l&rsquo;envoi de messages textuels, vocaux, audio et vid\u00e9o. La fonctionnalit\u00e9 \u00ab\u00a0pop-up\u00a0\u00bb et la gestion des sonneries d&rsquo;alarme sont con\u00e7ues pour attirer l&rsquo;attention des destinataires, m\u00eame en situation de stress. Ce syst\u00e8me de communication est capable d&rsquo;informer rapidement un grand nombre de personnes en quelques secondes. De plus, la connexion entre le client et le serveur central d&rsquo;alarme est surveill\u00e9e en permanence. En cas de perte de connexion ou de dysfonctionnement, l&rsquo;utilisateur et les autorit\u00e9s comp\u00e9tentes sont imm\u00e9diatement inform\u00e9s.<\/span><\/p><\/div>\t\t\t\t\t\t\t\t<\/div>\n\t\t\t\t<\/div>\n\t\t\t\t<div class=\"elementor-element elementor-element-8e96ae5 elementor-widget elementor-widget-text-editor\" data-id=\"8e96ae5\" data-element_type=\"widget\" data-e-type=\"widget\" data-widget_type=\"text-editor.default\">\n\t\t\t\t<div class=\"elementor-widget-container\">\n\t\t\t\t\t\t\t\t\t<h4><b>Syst\u00e8mes de sonorisation ou haut-parleurs IP<\/b><\/h4><div id=\"text-block-39\" class=\"mk-text-block paragraph\"><p><span style=\"font-weight: 400;\">Ce canal de transmission est particuli\u00e8rement adapt\u00e9 \u00e0 l&rsquo;alerte dans les couloirs, les zones de passage et les environnements bruyants. Il est possible d&rsquo;adresser et de contr\u00f4ler individuellement les haut-parleurs ou d&rsquo;ex\u00e9cuter une commande unique pour plusieurs appareils. De cette mani\u00e8re, les messages vocaux peuvent \u00eatre personnalis\u00e9s pour chaque client en fonction de l&rsquo;\u00e9tage ou du compartiment d&rsquo;incendie.<\/span><\/p><\/div>\t\t\t\t\t\t\t\t<\/div>\n\t\t\t\t<\/div>\n\t\t\t\t<div class=\"elementor-element elementor-element-29580e6 elementor-widget elementor-widget-text-editor\" data-id=\"29580e6\" data-element_type=\"widget\" data-e-type=\"widget\" data-widget_type=\"text-editor.default\">\n\t\t\t\t<div class=\"elementor-widget-container\">\n\t\t\t\t\t\t\t\t\t<h4><b>Autres supports d&rsquo;alerte<\/b><\/h4><div id=\"text-block-48\" class=\"mk-text-block paragraph\"><p>\u00a0<\/p><p><span style=\"font-weight: 400;\"><a href=\"https:\/\/newvoiceinternational.com\/fr\/mobicall\">MobiCall<\/a> offre \u00e9galement la possibilit\u00e9 de lancer des processus d&rsquo;alerte par message texte, que ce soit gr\u00e2ce \u00e0 une solution de paging interne ou directement via une passerelle SMS. En cas de situation d&rsquo;urgence, il est \u00e9galement possible d&rsquo;utiliser des sorties de relais pour d\u00e9clencher des sir\u00e8nes ou contr\u00f4ler des sous-syst\u00e8mes.<\/span><\/p><\/div>\t\t\t\t\t\t\t\t<\/div>\n\t\t\t\t<\/div>\n\t\t\t\t\t<\/div>\n\t\t<\/div>\n\t\t\t\t\t<\/div>\n\t\t<\/section>\n\t\t\t\t<\/div>\n\t\t","protected":false},"excerpt":{"rendered":"<p>Alerte et notification multim\u00e9dia Alerte vocale par t\u00e9l\u00e9phone MobiCall propose des fonctions d&rsquo;alarme sp\u00e9cifiquement con\u00e7ues pour l&rsquo;alerte vocale gr\u00e2ce \u00e0 une collaboration \u00e9troite avec les principaux fabricants de syst\u00e8mes de communication. La plateforme peut \u00eatre connect\u00e9e \u00e0 l&rsquo;infrastructure via ISDN ou SIP. Le nombre de canaux vocaux disponibles d\u00e9pend du nombre de participants et des [&hellip;]<\/p>\n","protected":false},"author":5,"featured_media":0,"parent":0,"menu_order":0,"comment_status":"closed","ping_status":"closed","template":"elementor_header_footer","meta":{"_eb_attr":"","inline_featured_image":false,"footnotes":""},"class_list":["post-38520","page","type-page","status-publish","hentry"],"acf":[],"yoast_head":"<!-- This site is optimized with the Yoast SEO plugin v27.6 - https:\/\/yoast.com\/product\/yoast-seo-wordpress\/ -->\n<title>Multimedia alerting and notification - NewVoice International<\/title>\n<meta name=\"robots\" content=\"index, follow, max-snippet:-1, max-image-preview:large, max-video-preview:-1\" \/>\n<link rel=\"canonical\" href=\"https:\/\/newvoiceinternational.com\/fr\/multimedia-alerting-and-notification-2\/\" \/>\n<meta property=\"og:locale\" content=\"fr_FR\" \/>\n<meta property=\"og:type\" content=\"article\" \/>\n<meta property=\"og:title\" content=\"Multimedia alerting and notification - NewVoice International\" \/>\n<meta property=\"og:description\" content=\"Alerte et notification multim\u00e9dia Alerte vocale par t\u00e9l\u00e9phone MobiCall propose des fonctions d&rsquo;alarme sp\u00e9cifiquement con\u00e7ues pour l&rsquo;alerte vocale gr\u00e2ce \u00e0 une collaboration \u00e9troite avec les principaux fabricants de syst\u00e8mes de communication. La plateforme peut \u00eatre connect\u00e9e \u00e0 l&rsquo;infrastructure via ISDN ou SIP. Le nombre de canaux vocaux disponibles d\u00e9pend du nombre de participants et des [&hellip;]\" \/>\n<meta property=\"og:url\" content=\"https:\/\/newvoiceinternational.com\/fr\/multimedia-alerting-and-notification-2\/\" \/>\n<meta property=\"og:site_name\" content=\"NewVoice International\" \/>\n<meta property=\"article:modified_time\" content=\"2024-05-02T13:39:29+00:00\" \/>\n<meta name=\"twitter:card\" content=\"summary_large_image\" \/>\n<meta name=\"twitter:label1\" content=\"Dur\u00e9e de lecture estim\u00e9e\" \/>\n\t<meta name=\"twitter:data1\" content=\"3 minutes\" \/>\n<script type=\"application\/ld+json\" class=\"yoast-schema-graph\">{\"@context\":\"https:\\\/\\\/schema.org\",\"@graph\":[{\"@type\":\"WebPage\",\"@id\":\"https:\\\/\\\/newvoiceinternational.com\\\/fr\\\/multimedia-alerting-and-notification-2\\\/\",\"url\":\"https:\\\/\\\/newvoiceinternational.com\\\/fr\\\/multimedia-alerting-and-notification-2\\\/\",\"name\":\"Multimedia alerting and notification - NewVoice International\",\"isPartOf\":{\"@id\":\"https:\\\/\\\/newvoiceinternational.com\\\/fr\\\/#website\"},\"datePublished\":\"2024-05-02T12:05:22+00:00\",\"dateModified\":\"2024-05-02T13:39:29+00:00\",\"breadcrumb\":{\"@id\":\"https:\\\/\\\/newvoiceinternational.com\\\/fr\\\/multimedia-alerting-and-notification-2\\\/#breadcrumb\"},\"inLanguage\":\"fr-FR\",\"potentialAction\":[{\"@type\":\"ReadAction\",\"target\":[\"https:\\\/\\\/newvoiceinternational.com\\\/fr\\\/multimedia-alerting-and-notification-2\\\/\"]}]},{\"@type\":\"BreadcrumbList\",\"@id\":\"https:\\\/\\\/newvoiceinternational.com\\\/fr\\\/multimedia-alerting-and-notification-2\\\/#breadcrumb\",\"itemListElement\":[{\"@type\":\"ListItem\",\"position\":1,\"name\":\"Home\",\"item\":\"https:\\\/\\\/newvoiceinternational.com\\\/fr\\\/\"},{\"@type\":\"ListItem\",\"position\":2,\"name\":\"Multimedia alerting and notification\"}]},{\"@type\":\"WebSite\",\"@id\":\"https:\\\/\\\/newvoiceinternational.com\\\/fr\\\/#website\",\"url\":\"https:\\\/\\\/newvoiceinternational.com\\\/fr\\\/\",\"name\":\"NewVoice International\",\"description\":\"\",\"publisher\":{\"@id\":\"https:\\\/\\\/newvoiceinternational.com\\\/fr\\\/#organization\"},\"potentialAction\":[{\"@type\":\"SearchAction\",\"target\":{\"@type\":\"EntryPoint\",\"urlTemplate\":\"https:\\\/\\\/newvoiceinternational.com\\\/fr\\\/?s={search_term_string}\"},\"query-input\":{\"@type\":\"PropertyValueSpecification\",\"valueRequired\":true,\"valueName\":\"search_term_string\"}}],\"inLanguage\":\"fr-FR\"},{\"@type\":\"Organization\",\"@id\":\"https:\\\/\\\/newvoiceinternational.com\\\/fr\\\/#organization\",\"name\":\"NewVoice International\",\"url\":\"https:\\\/\\\/newvoiceinternational.com\\\/fr\\\/\",\"logo\":{\"@type\":\"ImageObject\",\"inLanguage\":\"fr-FR\",\"@id\":\"https:\\\/\\\/newvoiceinternational.com\\\/fr\\\/#\\\/schema\\\/logo\\\/image\\\/\",\"url\":\"https:\\\/\\\/newvoiceinternational.com\\\/wp-content\\\/uploads\\\/2022\\\/06\\\/NV_Logo_RGB.png\",\"contentUrl\":\"https:\\\/\\\/newvoiceinternational.com\\\/wp-content\\\/uploads\\\/2022\\\/06\\\/NV_Logo_RGB.png\",\"width\":1200,\"height\":315,\"caption\":\"NewVoice International\"},\"image\":{\"@id\":\"https:\\\/\\\/newvoiceinternational.com\\\/fr\\\/#\\\/schema\\\/logo\\\/image\\\/\"}}]}<\/script>\n<!-- \/ Yoast SEO plugin. -->","yoast_head_json":{"title":"Multimedia alerting and notification - NewVoice International","robots":{"index":"index","follow":"follow","max-snippet":"max-snippet:-1","max-image-preview":"max-image-preview:large","max-video-preview":"max-video-preview:-1"},"canonical":"https:\/\/newvoiceinternational.com\/fr\/multimedia-alerting-and-notification-2\/","og_locale":"fr_FR","og_type":"article","og_title":"Multimedia alerting and notification - NewVoice International","og_description":"Alerte et notification multim\u00e9dia Alerte vocale par t\u00e9l\u00e9phone MobiCall propose des fonctions d&rsquo;alarme sp\u00e9cifiquement con\u00e7ues pour l&rsquo;alerte vocale gr\u00e2ce \u00e0 une collaboration \u00e9troite avec les principaux fabricants de syst\u00e8mes de communication. La plateforme peut \u00eatre connect\u00e9e \u00e0 l&rsquo;infrastructure via ISDN ou SIP. Le nombre de canaux vocaux disponibles d\u00e9pend du nombre de participants et des [&hellip;]","og_url":"https:\/\/newvoiceinternational.com\/fr\/multimedia-alerting-and-notification-2\/","og_site_name":"NewVoice International","article_modified_time":"2024-05-02T13:39:29+00:00","twitter_card":"summary_large_image","twitter_misc":{"Dur\u00e9e de lecture estim\u00e9e":"3 minutes"},"schema":{"@context":"https:\/\/schema.org","@graph":[{"@type":"WebPage","@id":"https:\/\/newvoiceinternational.com\/fr\/multimedia-alerting-and-notification-2\/","url":"https:\/\/newvoiceinternational.com\/fr\/multimedia-alerting-and-notification-2\/","name":"Multimedia alerting and notification - NewVoice International","isPartOf":{"@id":"https:\/\/newvoiceinternational.com\/fr\/#website"},"datePublished":"2024-05-02T12:05:22+00:00","dateModified":"2024-05-02T13:39:29+00:00","breadcrumb":{"@id":"https:\/\/newvoiceinternational.com\/fr\/multimedia-alerting-and-notification-2\/#breadcrumb"},"inLanguage":"fr-FR","potentialAction":[{"@type":"ReadAction","target":["https:\/\/newvoiceinternational.com\/fr\/multimedia-alerting-and-notification-2\/"]}]},{"@type":"BreadcrumbList","@id":"https:\/\/newvoiceinternational.com\/fr\/multimedia-alerting-and-notification-2\/#breadcrumb","itemListElement":[{"@type":"ListItem","position":1,"name":"Home","item":"https:\/\/newvoiceinternational.com\/fr\/"},{"@type":"ListItem","position":2,"name":"Multimedia alerting and notification"}]},{"@type":"WebSite","@id":"https:\/\/newvoiceinternational.com\/fr\/#website","url":"https:\/\/newvoiceinternational.com\/fr\/","name":"NewVoice International","description":"","publisher":{"@id":"https:\/\/newvoiceinternational.com\/fr\/#organization"},"potentialAction":[{"@type":"SearchAction","target":{"@type":"EntryPoint","urlTemplate":"https:\/\/newvoiceinternational.com\/fr\/?s={search_term_string}"},"query-input":{"@type":"PropertyValueSpecification","valueRequired":true,"valueName":"search_term_string"}}],"inLanguage":"fr-FR"},{"@type":"Organization","@id":"https:\/\/newvoiceinternational.com\/fr\/#organization","name":"NewVoice International","url":"https:\/\/newvoiceinternational.com\/fr\/","logo":{"@type":"ImageObject","inLanguage":"fr-FR","@id":"https:\/\/newvoiceinternational.com\/fr\/#\/schema\/logo\/image\/","url":"https:\/\/newvoiceinternational.com\/wp-content\/uploads\/2022\/06\/NV_Logo_RGB.png","contentUrl":"https:\/\/newvoiceinternational.com\/wp-content\/uploads\/2022\/06\/NV_Logo_RGB.png","width":1200,"height":315,"caption":"NewVoice International"},"image":{"@id":"https:\/\/newvoiceinternational.com\/fr\/#\/schema\/logo\/image\/"}}]}},"_links":{"self":[{"href":"https:\/\/newvoiceinternational.com\/fr\/wp-json\/wp\/v2\/pages\/38520","targetHints":{"allow":["GET"]}}],"collection":[{"href":"https:\/\/newvoiceinternational.com\/fr\/wp-json\/wp\/v2\/pages"}],"about":[{"href":"https:\/\/newvoiceinternational.com\/fr\/wp-json\/wp\/v2\/types\/page"}],"author":[{"embeddable":true,"href":"https:\/\/newvoiceinternational.com\/fr\/wp-json\/wp\/v2\/users\/5"}],"replies":[{"embeddable":true,"href":"https:\/\/newvoiceinternational.com\/fr\/wp-json\/wp\/v2\/comments?post=38520"}],"version-history":[{"count":0,"href":"https:\/\/newvoiceinternational.com\/fr\/wp-json\/wp\/v2\/pages\/38520\/revisions"}],"wp:attachment":[{"href":"https:\/\/newvoiceinternational.com\/fr\/wp-json\/wp\/v2\/media?parent=38520"}],"curies":[{"name":"wp","href":"https:\/\/api.w.org\/{rel}","templated":true}]}}