{"id":37408,"date":"2024-04-10T15:28:24","date_gmt":"2024-04-10T14:28:24","guid":{"rendered":"https:\/\/newvoiceinternational.com\/securite-physique-et-gestion-de-linformation-2\/"},"modified":"2024-04-10T15:52:48","modified_gmt":"2024-04-10T14:52:48","slug":"securite-physique-et-gestion-de-linformation-2","status":"publish","type":"page","link":"https:\/\/newvoiceinternational.com\/fr\/securite-physique-et-gestion-de-linformation-2\/","title":{"rendered":"S\u00e9curit\u00e9 physique et gestion de l&rsquo;information"},"content":{"rendered":"\t\t<div data-elementor-type=\"wp-page\" data-elementor-id=\"37408\" class=\"elementor elementor-37408 elementor-37383\" data-elementor-post-type=\"page\">\n\t\t\t\t\t\t<section class=\"elementor-section elementor-top-section elementor-element elementor-element-455f8a7 elementor-section-boxed elementor-section-height-default elementor-section-height-default\" data-id=\"455f8a7\" data-element_type=\"section\" data-e-type=\"section\">\n\t\t\t\t\t\t<div class=\"elementor-container elementor-column-gap-default\">\n\t\t\t\t\t<div class=\"elementor-column elementor-col-100 elementor-top-column elementor-element elementor-element-21427ec\" data-id=\"21427ec\" data-element_type=\"column\" data-e-type=\"column\">\n\t\t\t<div class=\"elementor-widget-wrap elementor-element-populated\">\n\t\t\t\t\t\t<div class=\"elementor-element elementor-element-cf8a960 elementor-widget elementor-widget-heading\" data-id=\"cf8a960\" data-element_type=\"widget\" data-e-type=\"widget\" data-widget_type=\"heading.default\">\n\t\t\t\t<div class=\"elementor-widget-container\">\n\t\t\t\t\t<h2 class=\"elementor-heading-title elementor-size-default\">S\u00e9curit\u00e9 physique et gestion de l'information<\/h2>\t\t\t\t<\/div>\n\t\t\t\t<\/div>\n\t\t\t\t<div class=\"elementor-element elementor-element-29d9664 elementor-widget elementor-widget-text-editor\" data-id=\"29d9664\" data-element_type=\"widget\" data-e-type=\"widget\" data-widget_type=\"text-editor.default\">\n\t\t\t\t<div class=\"elementor-widget-container\">\n\t\t\t\t\t\t\t\t\t<p><span style=\"font-weight: 400;\"><a href=\"https:\/\/www.newvoiceinternational.com\/fr\/mobicall\/\">MobiCall<\/a> peut \u00eatre utilis\u00e9 en tant que plateforme centrale de gestion des informations de s\u00e9curit\u00e9 physique (PSIM). Les syst\u00e8mes locaux tels que les panneaux de contr\u00f4le d&rsquo;intrusion, les contr\u00f4les d&rsquo;acc\u00e8s, les syst\u00e8mes d&rsquo;alarme incendie, les syst\u00e8mes de vid\u00e9osurveillance, les stations d&rsquo;annonce, les postes de travail individuels, les interphones ou les syst\u00e8mes de contr\u00f4le de b\u00e2timents centralis\u00e9s peuvent \u00eatre enregistr\u00e9s et affich\u00e9s sur une interface utilisateur personnalis\u00e9e centrale. Gr\u00e2ce \u00e0 toutes les informations collect\u00e9es, l&rsquo;utilisateur peut obtenir une vue d&rsquo;ensemble compl\u00e8te de la situation. Selon les circonstances, diff\u00e9rents sc\u00e9narios peuvent \u00eatre activ\u00e9s, surveill\u00e9s et g\u00e9r\u00e9s manuellement ou automatiquement.<\/span><\/p>\n<h4><b>Centres de contr\u00f4le et gestion des risques<\/b><\/h4>\n<ul>\n<li style=\"font-weight: 400;\" aria-level=\"1\"><span style=\"font-weight: 400;\">Repr\u00e9sentation centrale des donn\u00e9es \u00e0 surveiller<\/span><\/li>\n<li style=\"font-weight: 400;\" aria-level=\"1\"><span style=\"font-weight: 400;\">Appel d\u2019\u00e9quipes de crise et de conf\u00e9rences<\/span><\/li>\n<li style=\"font-weight: 400;\" aria-level=\"1\"><span style=\"font-weight: 400;\">\u00a0Alerte de disponibilit\u00e9 facultative<\/span><\/li>\n<li style=\"font-weight: 400;\" aria-level=\"1\"><span style=\"font-weight: 400;\">Surveillance en direct de l\u2019alarme et de la distribution d\u2019informations<\/span><\/li>\n<li style=\"font-weight: 400;\" aria-level=\"1\"><span style=\"font-weight: 400;\">Alerte en fonction de l\u2019\u00e9tat de pr\u00e9sence\u00a0<\/span><\/li>\n<li style=\"font-weight: 400;\" aria-level=\"1\"><span style=\"font-weight: 400;\">Saisie des horaires de garde<\/span><\/li>\n<li style=\"font-weight: 400;\" aria-level=\"1\"><span style=\"font-weight: 400;\">Importation automatique des plans d\u2019alarme\u00a0<\/span><\/li>\n<li style=\"font-weight: 400;\" aria-level=\"1\"><span style=\"font-weight: 400;\">\u00a0Enregistrement vocal int\u00e9gr\u00e9<\/span><\/li>\n<\/ul>\n<h4><b>Hotline d\u2019information<\/b><\/h4>\n<ul>\n<li style=\"font-weight: 400;\" aria-level=\"1\"><span style=\"font-weight: 400;\">R\u00e9ception automatique des appels parall\u00e8les\u00a0<\/span><\/li>\n<li style=\"font-weight: 400;\" aria-level=\"1\"><span style=\"font-weight: 400;\">Adaptation flexible d\u2019annonces dynamiques ou pr\u00e9d\u00e9finies<\/span><\/li>\n<li style=\"font-weight: 400;\" aria-level=\"1\"><span style=\"font-weight: 400;\">\u00a0Menus de r\u00e9ponse vocale interactive \u00e0 plusieurs niveaux en option<\/span><\/li>\n<li style=\"font-weight: 400;\" aria-level=\"1\"><span style=\"font-weight: 400;\">Circuits VIP pour les num\u00e9ros de t\u00e9l\u00e9phone ayant une haute importance<\/span><\/li>\n<li style=\"font-weight: 400;\" aria-level=\"1\"><span style=\"font-weight: 400;\">Blocage partiel ou total des num\u00e9ros de t\u00e9l\u00e9phone en option<\/span><\/li>\n<li style=\"font-weight: 400;\" aria-level=\"1\"><span style=\"font-weight: 400;\">Economie de ressources humaines\u00a0<\/span><\/li>\n<li style=\"font-weight: 400;\" aria-level=\"1\"><span style=\"font-weight: 400;\">Envoie d\u2019alerte de la population<\/span><\/li>\n<li style=\"font-weight: 400;\" aria-level=\"1\"><span style=\"font-weight: 400;\">\u00a0Statistiques compl\u00e8tes et enregistrement<\/span><\/li>\n<\/ul>\n\t\t\t\t\t\t\t\t<\/div>\n\t\t\t\t<\/div>\n\t\t\t\t\t<\/div>\n\t\t<\/div>\n\t\t\t\t\t<\/div>\n\t\t<\/section>\n\t\t\t\t<\/div>\n\t\t","protected":false},"excerpt":{"rendered":"<p>S\u00e9curit\u00e9 physique et gestion de l&rsquo;information MobiCall peut \u00eatre utilis\u00e9 en tant que plateforme centrale de gestion des informations de s\u00e9curit\u00e9 physique (PSIM). Les syst\u00e8mes locaux tels que les panneaux de contr\u00f4le d&rsquo;intrusion, les contr\u00f4les d&rsquo;acc\u00e8s, les syst\u00e8mes d&rsquo;alarme incendie, les syst\u00e8mes de vid\u00e9osurveillance, les stations d&rsquo;annonce, les postes de travail individuels, les interphones ou [&hellip;]<\/p>\n","protected":false},"author":5,"featured_media":0,"parent":0,"menu_order":0,"comment_status":"closed","ping_status":"closed","template":"elementor_header_footer","meta":{"_eb_attr":"","inline_featured_image":false,"footnotes":""},"class_list":["post-37408","page","type-page","status-publish","hentry"],"acf":[],"yoast_head":"<!-- This site is optimized with the Yoast SEO plugin v27.4 - https:\/\/yoast.com\/product\/yoast-seo-wordpress\/ -->\n<title>S\u00e9curit\u00e9 physique et gestion de l&#039;information - NewVoice International<\/title>\n<meta name=\"robots\" content=\"index, follow, max-snippet:-1, max-image-preview:large, max-video-preview:-1\" \/>\n<link rel=\"canonical\" href=\"https:\/\/newvoiceinternational.com\/fr\/securite-physique-et-gestion-de-linformation-2\/\" \/>\n<meta property=\"og:locale\" content=\"fr_FR\" \/>\n<meta property=\"og:type\" content=\"article\" \/>\n<meta property=\"og:title\" content=\"S\u00e9curit\u00e9 physique et gestion de l&#039;information - NewVoice International\" \/>\n<meta property=\"og:description\" content=\"S\u00e9curit\u00e9 physique et gestion de l&rsquo;information MobiCall peut \u00eatre utilis\u00e9 en tant que plateforme centrale de gestion des informations de s\u00e9curit\u00e9 physique (PSIM). Les syst\u00e8mes locaux tels que les panneaux de contr\u00f4le d&rsquo;intrusion, les contr\u00f4les d&rsquo;acc\u00e8s, les syst\u00e8mes d&rsquo;alarme incendie, les syst\u00e8mes de vid\u00e9osurveillance, les stations d&rsquo;annonce, les postes de travail individuels, les interphones ou [&hellip;]\" \/>\n<meta property=\"og:url\" content=\"https:\/\/newvoiceinternational.com\/fr\/securite-physique-et-gestion-de-linformation-2\/\" \/>\n<meta property=\"og:site_name\" content=\"NewVoice International\" \/>\n<meta property=\"article:modified_time\" content=\"2024-04-10T14:52:48+00:00\" \/>\n<meta name=\"twitter:card\" content=\"summary_large_image\" \/>\n<meta name=\"twitter:label1\" content=\"Dur\u00e9e de lecture estim\u00e9e\" \/>\n\t<meta name=\"twitter:data1\" content=\"1 minute\" \/>\n<script type=\"application\/ld+json\" class=\"yoast-schema-graph\">{\"@context\":\"https:\\\/\\\/schema.org\",\"@graph\":[{\"@type\":\"WebPage\",\"@id\":\"https:\\\/\\\/newvoiceinternational.com\\\/fr\\\/securite-physique-et-gestion-de-linformation-2\\\/\",\"url\":\"https:\\\/\\\/newvoiceinternational.com\\\/fr\\\/securite-physique-et-gestion-de-linformation-2\\\/\",\"name\":\"S\u00e9curit\u00e9 physique et gestion de l'information - NewVoice International\",\"isPartOf\":{\"@id\":\"https:\\\/\\\/newvoiceinternational.com\\\/fr\\\/#website\"},\"datePublished\":\"2024-04-10T14:28:24+00:00\",\"dateModified\":\"2024-04-10T14:52:48+00:00\",\"breadcrumb\":{\"@id\":\"https:\\\/\\\/newvoiceinternational.com\\\/fr\\\/securite-physique-et-gestion-de-linformation-2\\\/#breadcrumb\"},\"inLanguage\":\"fr-FR\",\"potentialAction\":[{\"@type\":\"ReadAction\",\"target\":[\"https:\\\/\\\/newvoiceinternational.com\\\/fr\\\/securite-physique-et-gestion-de-linformation-2\\\/\"]}]},{\"@type\":\"BreadcrumbList\",\"@id\":\"https:\\\/\\\/newvoiceinternational.com\\\/fr\\\/securite-physique-et-gestion-de-linformation-2\\\/#breadcrumb\",\"itemListElement\":[{\"@type\":\"ListItem\",\"position\":1,\"name\":\"Home\",\"item\":\"https:\\\/\\\/newvoiceinternational.com\\\/fr\\\/\"},{\"@type\":\"ListItem\",\"position\":2,\"name\":\"S\u00e9curit\u00e9 physique et gestion de l&rsquo;information\"}]},{\"@type\":\"WebSite\",\"@id\":\"https:\\\/\\\/newvoiceinternational.com\\\/fr\\\/#website\",\"url\":\"https:\\\/\\\/newvoiceinternational.com\\\/fr\\\/\",\"name\":\"NewVoice International\",\"description\":\"\",\"publisher\":{\"@id\":\"https:\\\/\\\/newvoiceinternational.com\\\/fr\\\/#organization\"},\"potentialAction\":[{\"@type\":\"SearchAction\",\"target\":{\"@type\":\"EntryPoint\",\"urlTemplate\":\"https:\\\/\\\/newvoiceinternational.com\\\/fr\\\/?s={search_term_string}\"},\"query-input\":{\"@type\":\"PropertyValueSpecification\",\"valueRequired\":true,\"valueName\":\"search_term_string\"}}],\"inLanguage\":\"fr-FR\"},{\"@type\":\"Organization\",\"@id\":\"https:\\\/\\\/newvoiceinternational.com\\\/fr\\\/#organization\",\"name\":\"NewVoice International\",\"url\":\"https:\\\/\\\/newvoiceinternational.com\\\/fr\\\/\",\"logo\":{\"@type\":\"ImageObject\",\"inLanguage\":\"fr-FR\",\"@id\":\"https:\\\/\\\/newvoiceinternational.com\\\/fr\\\/#\\\/schema\\\/logo\\\/image\\\/\",\"url\":\"https:\\\/\\\/newvoiceinternational.com\\\/wp-content\\\/uploads\\\/2022\\\/06\\\/NV_Logo_RGB.png\",\"contentUrl\":\"https:\\\/\\\/newvoiceinternational.com\\\/wp-content\\\/uploads\\\/2022\\\/06\\\/NV_Logo_RGB.png\",\"width\":1200,\"height\":315,\"caption\":\"NewVoice International\"},\"image\":{\"@id\":\"https:\\\/\\\/newvoiceinternational.com\\\/fr\\\/#\\\/schema\\\/logo\\\/image\\\/\"}}]}<\/script>\n<!-- \/ Yoast SEO plugin. -->","yoast_head_json":{"title":"S\u00e9curit\u00e9 physique et gestion de l'information - NewVoice International","robots":{"index":"index","follow":"follow","max-snippet":"max-snippet:-1","max-image-preview":"max-image-preview:large","max-video-preview":"max-video-preview:-1"},"canonical":"https:\/\/newvoiceinternational.com\/fr\/securite-physique-et-gestion-de-linformation-2\/","og_locale":"fr_FR","og_type":"article","og_title":"S\u00e9curit\u00e9 physique et gestion de l'information - NewVoice International","og_description":"S\u00e9curit\u00e9 physique et gestion de l&rsquo;information MobiCall peut \u00eatre utilis\u00e9 en tant que plateforme centrale de gestion des informations de s\u00e9curit\u00e9 physique (PSIM). Les syst\u00e8mes locaux tels que les panneaux de contr\u00f4le d&rsquo;intrusion, les contr\u00f4les d&rsquo;acc\u00e8s, les syst\u00e8mes d&rsquo;alarme incendie, les syst\u00e8mes de vid\u00e9osurveillance, les stations d&rsquo;annonce, les postes de travail individuels, les interphones ou [&hellip;]","og_url":"https:\/\/newvoiceinternational.com\/fr\/securite-physique-et-gestion-de-linformation-2\/","og_site_name":"NewVoice International","article_modified_time":"2024-04-10T14:52:48+00:00","twitter_card":"summary_large_image","twitter_misc":{"Dur\u00e9e de lecture estim\u00e9e":"1 minute"},"schema":{"@context":"https:\/\/schema.org","@graph":[{"@type":"WebPage","@id":"https:\/\/newvoiceinternational.com\/fr\/securite-physique-et-gestion-de-linformation-2\/","url":"https:\/\/newvoiceinternational.com\/fr\/securite-physique-et-gestion-de-linformation-2\/","name":"S\u00e9curit\u00e9 physique et gestion de l'information - NewVoice International","isPartOf":{"@id":"https:\/\/newvoiceinternational.com\/fr\/#website"},"datePublished":"2024-04-10T14:28:24+00:00","dateModified":"2024-04-10T14:52:48+00:00","breadcrumb":{"@id":"https:\/\/newvoiceinternational.com\/fr\/securite-physique-et-gestion-de-linformation-2\/#breadcrumb"},"inLanguage":"fr-FR","potentialAction":[{"@type":"ReadAction","target":["https:\/\/newvoiceinternational.com\/fr\/securite-physique-et-gestion-de-linformation-2\/"]}]},{"@type":"BreadcrumbList","@id":"https:\/\/newvoiceinternational.com\/fr\/securite-physique-et-gestion-de-linformation-2\/#breadcrumb","itemListElement":[{"@type":"ListItem","position":1,"name":"Home","item":"https:\/\/newvoiceinternational.com\/fr\/"},{"@type":"ListItem","position":2,"name":"S\u00e9curit\u00e9 physique et gestion de l&rsquo;information"}]},{"@type":"WebSite","@id":"https:\/\/newvoiceinternational.com\/fr\/#website","url":"https:\/\/newvoiceinternational.com\/fr\/","name":"NewVoice International","description":"","publisher":{"@id":"https:\/\/newvoiceinternational.com\/fr\/#organization"},"potentialAction":[{"@type":"SearchAction","target":{"@type":"EntryPoint","urlTemplate":"https:\/\/newvoiceinternational.com\/fr\/?s={search_term_string}"},"query-input":{"@type":"PropertyValueSpecification","valueRequired":true,"valueName":"search_term_string"}}],"inLanguage":"fr-FR"},{"@type":"Organization","@id":"https:\/\/newvoiceinternational.com\/fr\/#organization","name":"NewVoice International","url":"https:\/\/newvoiceinternational.com\/fr\/","logo":{"@type":"ImageObject","inLanguage":"fr-FR","@id":"https:\/\/newvoiceinternational.com\/fr\/#\/schema\/logo\/image\/","url":"https:\/\/newvoiceinternational.com\/wp-content\/uploads\/2022\/06\/NV_Logo_RGB.png","contentUrl":"https:\/\/newvoiceinternational.com\/wp-content\/uploads\/2022\/06\/NV_Logo_RGB.png","width":1200,"height":315,"caption":"NewVoice International"},"image":{"@id":"https:\/\/newvoiceinternational.com\/fr\/#\/schema\/logo\/image\/"}}]}},"_links":{"self":[{"href":"https:\/\/newvoiceinternational.com\/fr\/wp-json\/wp\/v2\/pages\/37408","targetHints":{"allow":["GET"]}}],"collection":[{"href":"https:\/\/newvoiceinternational.com\/fr\/wp-json\/wp\/v2\/pages"}],"about":[{"href":"https:\/\/newvoiceinternational.com\/fr\/wp-json\/wp\/v2\/types\/page"}],"author":[{"embeddable":true,"href":"https:\/\/newvoiceinternational.com\/fr\/wp-json\/wp\/v2\/users\/5"}],"replies":[{"embeddable":true,"href":"https:\/\/newvoiceinternational.com\/fr\/wp-json\/wp\/v2\/comments?post=37408"}],"version-history":[{"count":0,"href":"https:\/\/newvoiceinternational.com\/fr\/wp-json\/wp\/v2\/pages\/37408\/revisions"}],"wp:attachment":[{"href":"https:\/\/newvoiceinternational.com\/fr\/wp-json\/wp\/v2\/media?parent=37408"}],"curies":[{"name":"wp","href":"https:\/\/api.w.org\/{rel}","templated":true}]}}