{"id":37113,"date":"2024-03-28T14:14:54","date_gmt":"2024-03-28T13:14:54","guid":{"rendered":"https:\/\/newvoiceinternational.com\/surete-des-personnes-et-gestion-des-urgences-finance\/"},"modified":"2024-03-28T14:52:12","modified_gmt":"2024-03-28T13:52:12","slug":"surete-des-personnes-et-gestion-des-urgences-finance","status":"publish","type":"page","link":"https:\/\/newvoiceinternational.com\/fr\/surete-des-personnes-et-gestion-des-urgences-finance\/","title":{"rendered":"Suret\u00e9 des personnes et gestion des urgences Finance"},"content":{"rendered":"\t\t<div data-elementor-type=\"wp-page\" data-elementor-id=\"37113\" class=\"elementor elementor-37113 elementor-37042\" data-elementor-post-type=\"page\">\n\t\t\t\t\t\t<section class=\"elementor-section elementor-top-section elementor-element elementor-element-144196d elementor-section-boxed elementor-section-height-default elementor-section-height-default\" data-id=\"144196d\" data-element_type=\"section\" data-e-type=\"section\">\n\t\t\t\t\t\t<div class=\"elementor-container elementor-column-gap-default\">\n\t\t\t\t\t<div class=\"elementor-column elementor-col-100 elementor-top-column elementor-element elementor-element-d30df47\" data-id=\"d30df47\" data-element_type=\"column\" data-e-type=\"column\">\n\t\t\t<div class=\"elementor-widget-wrap elementor-element-populated\">\n\t\t\t\t\t\t<div class=\"elementor-element elementor-element-9b62511 elementor-widget elementor-widget-heading\" data-id=\"9b62511\" data-element_type=\"widget\" data-e-type=\"widget\" data-widget_type=\"heading.default\">\n\t\t\t\t<div class=\"elementor-widget-container\">\n\t\t\t\t\t<h2 class=\"elementor-heading-title elementor-size-default\">Suret\u00e9 des personnes et gestion des urgences <\/h2>\t\t\t\t<\/div>\n\t\t\t\t<\/div>\n\t\t\t\t<div class=\"elementor-element elementor-element-3d0c89d elementor-widget elementor-widget-text-editor\" data-id=\"3d0c89d\" data-element_type=\"widget\" data-e-type=\"widget\" data-widget_type=\"text-editor.default\">\n\t\t\t\t<div class=\"elementor-widget-container\">\n\t\t\t\t\t\t\t\t\t<p>Dans les situations d\u2019urgence telles que les alarmes incendie ou les alertes d\u2019explosif, une alerte de masse imm\u00e9diate est n\u00e9cessaire. Avec <a href=\"https:\/\/www.newvoiceinternational.com\/fr\/mobicall\/\">MobiCall<\/a>, l\u2019infrastructure existante peut \u00eatre utilis\u00e9e de sorte que les t\u00e9l\u00e9phones et les ordinateurs utilis\u00e9s sont disponibles pour transmettre une signalisation d\u2019alarme sonore ou visuelle.<\/p>\n<p>Dans les situations dangereuses, <a href=\"https:\/\/www.newvoiceinternational.com\/fr\/mobicall\/\">MobiCall<\/a> veille \u00e0 la s\u00e9curit\u00e9 de votre personnel au travail, ce qui permet de tirer parti des fonctions int\u00e9gr\u00e9es d\u2019un centre d\u2019appels d\u2019urgence. En outre, <a href=\"https:\/\/www.newvoiceinternational.com\/fr\/mobicall\/\">MobiCall<\/a> fonctionne comme une solution centrale en cas d\u2019alerte d\u2019urgence, par exemple une alarme MCI, pour ex\u00e9cuter une transmission d\u2019informations parall\u00e8le.<\/p>\n<h4><img fetchpriority=\"high\" decoding=\"async\" width=\"500\" height=\"300\" class=\"size-medium wp-image-2159 alignleft\" src=\"http:\/\/newvoicetest.online\/wp-content\/uploads\/2022\/07\/Gesundheit_Fire_and_disaster_alarm.jpg\" alt=\"\" srcset=\"https:\/\/newvoiceinternational.com\/wp-content\/uploads\/2022\/07\/Gesundheit_Fire_and_disaster_alarm.jpg 500w, https:\/\/newvoiceinternational.com\/wp-content\/uploads\/2022\/07\/Gesundheit_Fire_and_disaster_alarm-300x180.jpg 300w\" sizes=\"(max-width: 500px) 100vw, 500px\" \/><\/h4>\n<h4><strong>\u00c9vacuation et alertes<\/strong><\/h4>\n<ul>\n<li>Un syst\u00e8me unique pour les alertes en cas d\u2019incendie, de catastrophe et d\u2019urgence<\/li>\n<li>Int\u00e9gration des syst\u00e8mes existants d\u2019alarme incendie et d\u2019avertissement de danger via des interfaces standardis\u00e9es et sp\u00e9cifiques au fabricant (entre autres ESPA 4.4.4, ESPA-X, XML)<\/li>\n<li>D\u00e9clenchement automatique ou manuel de l\u2019alarme<\/li>\n<li>Alerte technique ou sectorielle selon le sc\u00e9nario<\/li>\n<li>Alertes multim\u00e9dias via t\u00e9l\u00e9phone, smartphone, PC Client, haut-parleur IP et sous-syst\u00e8mes<\/li>\n<li>Utilisation de fonctions d\u2019alarme telles que l\u2019annonce, la sonnerie sp\u00e9ciale ou l\u2019interruption d\u2019appel (selon le syst\u00e8me PBX)<\/li>\n<\/ul>\n<h4><\/h4>\n<h4><strong>Alarmes silencieuses<\/strong><\/h4>\n<ul>\n<li>Utilisation de plusieurs supports pour d\u00e9clencher l\u2019alarme<\/li>\n<li><a href=\"https:\/\/www.newvoiceinternational.com\/silent-alarms\/\">Des alarmes<\/a> silencieuses sont d\u00e9clench\u00e9es par le syst\u00e8me de t\u00e9l\u00e9communication et peuvent \u00eatre \u00e9cout\u00e9es dans des parties d\u00e9finies<\/li>\n<li>PC-client pour d\u00e9clencher et recevoir une alarme<\/li>\n<li>Fonction raccourci clavier et connexion \u00e0 des boutons-poussoirs USB externes<\/li>\n<li>D\u00e9clenchement d\u2019alarme et r\u00e9ception avec \u00e9cran verrouill\u00e9<\/li>\n<li>Int\u00e9gration d\u2019Active Directory pour transf\u00e9rer les donn\u00e9es de base<\/li>\n<li>Connexion \u00e0 des dispositifs d\u2019urgence \u00e0 distance \u00e0 l\u2019aide de l\u2019infrastructure r\u00e9seau existante<\/li>\n<li>Les sc\u00e9narios d\u2019alarme peuvent \u00eatre personnalis\u00e9s ou combin\u00e9s en fonction du b\u00e2timent, de l\u2019\u00e9tage, de l\u2019\u00e9tage et du d\u00e9partement<\/li>\n<\/ul>\n<h4><strong>Appel d\u2019urgence<\/strong><\/h4>\n<ul>\n<li>Num\u00e9ro de t\u00e9l\u00e9phone central pour que tous les membres du personnel puissent appeler les secouristes<\/li>\n<li>Enregistrement facultatif des renseignements sur les situations d\u2019urgence<\/li>\n<li>Combinaison d\u2019alarmes fixes et dynamiques orient\u00e9es espace<\/li>\n<li>Mise en place automatique de conf\u00e9rences entre secouristes<\/li>\n<li>Les conf\u00e9rences peuvent \u00eatre enregistr\u00e9es et transmises<\/li>\n<li>Transfert optionnel vers des stations externes<\/li>\n<li>Fonction d\u2019arr\u00eat automatique en cas d\u2019urgence<\/li>\n<\/ul>\n\t\t\t\t\t\t\t\t<\/div>\n\t\t\t\t<\/div>\n\t\t\t\t\t<\/div>\n\t\t<\/div>\n\t\t\t\t\t<\/div>\n\t\t<\/section>\n\t\t\t\t<\/div>\n\t\t","protected":false},"excerpt":{"rendered":"<p>Suret\u00e9 des personnes et gestion des urgences Dans les situations d\u2019urgence telles que les alarmes incendie ou les alertes d\u2019explosif, une alerte de masse imm\u00e9diate est n\u00e9cessaire. Avec MobiCall, l\u2019infrastructure existante peut \u00eatre utilis\u00e9e de sorte que les t\u00e9l\u00e9phones et les ordinateurs utilis\u00e9s sont disponibles pour transmettre une signalisation d\u2019alarme sonore ou visuelle. Dans les [&hellip;]<\/p>\n","protected":false},"author":5,"featured_media":0,"parent":0,"menu_order":0,"comment_status":"closed","ping_status":"closed","template":"elementor_header_footer","meta":{"_eb_attr":"","inline_featured_image":false,"footnotes":""},"class_list":["post-37113","page","type-page","status-publish","hentry"],"acf":[],"yoast_head":"<!-- This site is optimized with the Yoast SEO plugin v27.3 - https:\/\/yoast.com\/product\/yoast-seo-wordpress\/ -->\n<title>Suret\u00e9 des personnes et gestion des urgences Finance - NewVoice International<\/title>\n<meta name=\"robots\" content=\"index, follow, max-snippet:-1, max-image-preview:large, max-video-preview:-1\" \/>\n<link rel=\"canonical\" href=\"https:\/\/newvoiceinternational.com\/fr\/surete-des-personnes-et-gestion-des-urgences-finance\/\" \/>\n<meta property=\"og:locale\" content=\"fr_FR\" \/>\n<meta property=\"og:type\" content=\"article\" \/>\n<meta property=\"og:title\" content=\"Suret\u00e9 des personnes et gestion des urgences Finance - NewVoice International\" \/>\n<meta property=\"og:description\" content=\"Suret\u00e9 des personnes et gestion des urgences Dans les situations d\u2019urgence telles que les alarmes incendie ou les alertes d\u2019explosif, une alerte de masse imm\u00e9diate est n\u00e9cessaire. Avec MobiCall, l\u2019infrastructure existante peut \u00eatre utilis\u00e9e de sorte que les t\u00e9l\u00e9phones et les ordinateurs utilis\u00e9s sont disponibles pour transmettre une signalisation d\u2019alarme sonore ou visuelle. Dans les [&hellip;]\" \/>\n<meta property=\"og:url\" content=\"https:\/\/newvoiceinternational.com\/fr\/surete-des-personnes-et-gestion-des-urgences-finance\/\" \/>\n<meta property=\"og:site_name\" content=\"NewVoice International\" \/>\n<meta property=\"article:modified_time\" content=\"2024-03-28T13:52:12+00:00\" \/>\n<meta property=\"og:image\" content=\"http:\/\/newvoicetest.online\/wp-content\/uploads\/2022\/07\/Gesundheit_Fire_and_disaster_alarm.jpg\" \/>\n<meta name=\"twitter:card\" content=\"summary_large_image\" \/>\n<meta name=\"twitter:label1\" content=\"Dur\u00e9e de lecture estim\u00e9e\" \/>\n\t<meta name=\"twitter:data1\" content=\"2 minutes\" \/>\n<script type=\"application\/ld+json\" class=\"yoast-schema-graph\">{\"@context\":\"https:\\\/\\\/schema.org\",\"@graph\":[{\"@type\":\"WebPage\",\"@id\":\"https:\\\/\\\/newvoiceinternational.com\\\/fr\\\/surete-des-personnes-et-gestion-des-urgences-finance\\\/\",\"url\":\"https:\\\/\\\/newvoiceinternational.com\\\/fr\\\/surete-des-personnes-et-gestion-des-urgences-finance\\\/\",\"name\":\"Suret\u00e9 des personnes et gestion des urgences Finance - NewVoice International\",\"isPartOf\":{\"@id\":\"https:\\\/\\\/newvoiceinternational.com\\\/fr\\\/#website\"},\"primaryImageOfPage\":{\"@id\":\"https:\\\/\\\/newvoiceinternational.com\\\/fr\\\/surete-des-personnes-et-gestion-des-urgences-finance\\\/#primaryimage\"},\"image\":{\"@id\":\"https:\\\/\\\/newvoiceinternational.com\\\/fr\\\/surete-des-personnes-et-gestion-des-urgences-finance\\\/#primaryimage\"},\"thumbnailUrl\":\"http:\\\/\\\/newvoicetest.online\\\/wp-content\\\/uploads\\\/2022\\\/07\\\/Gesundheit_Fire_and_disaster_alarm.jpg\",\"datePublished\":\"2024-03-28T13:14:54+00:00\",\"dateModified\":\"2024-03-28T13:52:12+00:00\",\"breadcrumb\":{\"@id\":\"https:\\\/\\\/newvoiceinternational.com\\\/fr\\\/surete-des-personnes-et-gestion-des-urgences-finance\\\/#breadcrumb\"},\"inLanguage\":\"fr-FR\",\"potentialAction\":[{\"@type\":\"ReadAction\",\"target\":[\"https:\\\/\\\/newvoiceinternational.com\\\/fr\\\/surete-des-personnes-et-gestion-des-urgences-finance\\\/\"]}]},{\"@type\":\"ImageObject\",\"inLanguage\":\"fr-FR\",\"@id\":\"https:\\\/\\\/newvoiceinternational.com\\\/fr\\\/surete-des-personnes-et-gestion-des-urgences-finance\\\/#primaryimage\",\"url\":\"http:\\\/\\\/newvoicetest.online\\\/wp-content\\\/uploads\\\/2022\\\/07\\\/Gesundheit_Fire_and_disaster_alarm.jpg\",\"contentUrl\":\"http:\\\/\\\/newvoicetest.online\\\/wp-content\\\/uploads\\\/2022\\\/07\\\/Gesundheit_Fire_and_disaster_alarm.jpg\"},{\"@type\":\"BreadcrumbList\",\"@id\":\"https:\\\/\\\/newvoiceinternational.com\\\/fr\\\/surete-des-personnes-et-gestion-des-urgences-finance\\\/#breadcrumb\",\"itemListElement\":[{\"@type\":\"ListItem\",\"position\":1,\"name\":\"Home\",\"item\":\"https:\\\/\\\/newvoiceinternational.com\\\/fr\\\/\"},{\"@type\":\"ListItem\",\"position\":2,\"name\":\"Suret\u00e9 des personnes et gestion des urgences Finance\"}]},{\"@type\":\"WebSite\",\"@id\":\"https:\\\/\\\/newvoiceinternational.com\\\/fr\\\/#website\",\"url\":\"https:\\\/\\\/newvoiceinternational.com\\\/fr\\\/\",\"name\":\"NewVoice International\",\"description\":\"\",\"publisher\":{\"@id\":\"https:\\\/\\\/newvoiceinternational.com\\\/fr\\\/#organization\"},\"potentialAction\":[{\"@type\":\"SearchAction\",\"target\":{\"@type\":\"EntryPoint\",\"urlTemplate\":\"https:\\\/\\\/newvoiceinternational.com\\\/fr\\\/?s={search_term_string}\"},\"query-input\":{\"@type\":\"PropertyValueSpecification\",\"valueRequired\":true,\"valueName\":\"search_term_string\"}}],\"inLanguage\":\"fr-FR\"},{\"@type\":\"Organization\",\"@id\":\"https:\\\/\\\/newvoiceinternational.com\\\/fr\\\/#organization\",\"name\":\"NewVoice International\",\"url\":\"https:\\\/\\\/newvoiceinternational.com\\\/fr\\\/\",\"logo\":{\"@type\":\"ImageObject\",\"inLanguage\":\"fr-FR\",\"@id\":\"https:\\\/\\\/newvoiceinternational.com\\\/fr\\\/#\\\/schema\\\/logo\\\/image\\\/\",\"url\":\"https:\\\/\\\/newvoiceinternational.com\\\/wp-content\\\/uploads\\\/2022\\\/06\\\/NV_Logo_RGB.png\",\"contentUrl\":\"https:\\\/\\\/newvoiceinternational.com\\\/wp-content\\\/uploads\\\/2022\\\/06\\\/NV_Logo_RGB.png\",\"width\":1200,\"height\":315,\"caption\":\"NewVoice International\"},\"image\":{\"@id\":\"https:\\\/\\\/newvoiceinternational.com\\\/fr\\\/#\\\/schema\\\/logo\\\/image\\\/\"}}]}<\/script>\n<!-- \/ Yoast SEO plugin. -->","yoast_head_json":{"title":"Suret\u00e9 des personnes et gestion des urgences Finance - NewVoice International","robots":{"index":"index","follow":"follow","max-snippet":"max-snippet:-1","max-image-preview":"max-image-preview:large","max-video-preview":"max-video-preview:-1"},"canonical":"https:\/\/newvoiceinternational.com\/fr\/surete-des-personnes-et-gestion-des-urgences-finance\/","og_locale":"fr_FR","og_type":"article","og_title":"Suret\u00e9 des personnes et gestion des urgences Finance - NewVoice International","og_description":"Suret\u00e9 des personnes et gestion des urgences Dans les situations d\u2019urgence telles que les alarmes incendie ou les alertes d\u2019explosif, une alerte de masse imm\u00e9diate est n\u00e9cessaire. Avec MobiCall, l\u2019infrastructure existante peut \u00eatre utilis\u00e9e de sorte que les t\u00e9l\u00e9phones et les ordinateurs utilis\u00e9s sont disponibles pour transmettre une signalisation d\u2019alarme sonore ou visuelle. Dans les [&hellip;]","og_url":"https:\/\/newvoiceinternational.com\/fr\/surete-des-personnes-et-gestion-des-urgences-finance\/","og_site_name":"NewVoice International","article_modified_time":"2024-03-28T13:52:12+00:00","og_image":[{"url":"http:\/\/newvoicetest.online\/wp-content\/uploads\/2022\/07\/Gesundheit_Fire_and_disaster_alarm.jpg","type":"","width":"","height":""}],"twitter_card":"summary_large_image","twitter_misc":{"Dur\u00e9e de lecture estim\u00e9e":"2 minutes"},"schema":{"@context":"https:\/\/schema.org","@graph":[{"@type":"WebPage","@id":"https:\/\/newvoiceinternational.com\/fr\/surete-des-personnes-et-gestion-des-urgences-finance\/","url":"https:\/\/newvoiceinternational.com\/fr\/surete-des-personnes-et-gestion-des-urgences-finance\/","name":"Suret\u00e9 des personnes et gestion des urgences Finance - NewVoice International","isPartOf":{"@id":"https:\/\/newvoiceinternational.com\/fr\/#website"},"primaryImageOfPage":{"@id":"https:\/\/newvoiceinternational.com\/fr\/surete-des-personnes-et-gestion-des-urgences-finance\/#primaryimage"},"image":{"@id":"https:\/\/newvoiceinternational.com\/fr\/surete-des-personnes-et-gestion-des-urgences-finance\/#primaryimage"},"thumbnailUrl":"http:\/\/newvoicetest.online\/wp-content\/uploads\/2022\/07\/Gesundheit_Fire_and_disaster_alarm.jpg","datePublished":"2024-03-28T13:14:54+00:00","dateModified":"2024-03-28T13:52:12+00:00","breadcrumb":{"@id":"https:\/\/newvoiceinternational.com\/fr\/surete-des-personnes-et-gestion-des-urgences-finance\/#breadcrumb"},"inLanguage":"fr-FR","potentialAction":[{"@type":"ReadAction","target":["https:\/\/newvoiceinternational.com\/fr\/surete-des-personnes-et-gestion-des-urgences-finance\/"]}]},{"@type":"ImageObject","inLanguage":"fr-FR","@id":"https:\/\/newvoiceinternational.com\/fr\/surete-des-personnes-et-gestion-des-urgences-finance\/#primaryimage","url":"http:\/\/newvoicetest.online\/wp-content\/uploads\/2022\/07\/Gesundheit_Fire_and_disaster_alarm.jpg","contentUrl":"http:\/\/newvoicetest.online\/wp-content\/uploads\/2022\/07\/Gesundheit_Fire_and_disaster_alarm.jpg"},{"@type":"BreadcrumbList","@id":"https:\/\/newvoiceinternational.com\/fr\/surete-des-personnes-et-gestion-des-urgences-finance\/#breadcrumb","itemListElement":[{"@type":"ListItem","position":1,"name":"Home","item":"https:\/\/newvoiceinternational.com\/fr\/"},{"@type":"ListItem","position":2,"name":"Suret\u00e9 des personnes et gestion des urgences Finance"}]},{"@type":"WebSite","@id":"https:\/\/newvoiceinternational.com\/fr\/#website","url":"https:\/\/newvoiceinternational.com\/fr\/","name":"NewVoice International","description":"","publisher":{"@id":"https:\/\/newvoiceinternational.com\/fr\/#organization"},"potentialAction":[{"@type":"SearchAction","target":{"@type":"EntryPoint","urlTemplate":"https:\/\/newvoiceinternational.com\/fr\/?s={search_term_string}"},"query-input":{"@type":"PropertyValueSpecification","valueRequired":true,"valueName":"search_term_string"}}],"inLanguage":"fr-FR"},{"@type":"Organization","@id":"https:\/\/newvoiceinternational.com\/fr\/#organization","name":"NewVoice International","url":"https:\/\/newvoiceinternational.com\/fr\/","logo":{"@type":"ImageObject","inLanguage":"fr-FR","@id":"https:\/\/newvoiceinternational.com\/fr\/#\/schema\/logo\/image\/","url":"https:\/\/newvoiceinternational.com\/wp-content\/uploads\/2022\/06\/NV_Logo_RGB.png","contentUrl":"https:\/\/newvoiceinternational.com\/wp-content\/uploads\/2022\/06\/NV_Logo_RGB.png","width":1200,"height":315,"caption":"NewVoice International"},"image":{"@id":"https:\/\/newvoiceinternational.com\/fr\/#\/schema\/logo\/image\/"}}]}},"_links":{"self":[{"href":"https:\/\/newvoiceinternational.com\/fr\/wp-json\/wp\/v2\/pages\/37113","targetHints":{"allow":["GET"]}}],"collection":[{"href":"https:\/\/newvoiceinternational.com\/fr\/wp-json\/wp\/v2\/pages"}],"about":[{"href":"https:\/\/newvoiceinternational.com\/fr\/wp-json\/wp\/v2\/types\/page"}],"author":[{"embeddable":true,"href":"https:\/\/newvoiceinternational.com\/fr\/wp-json\/wp\/v2\/users\/5"}],"replies":[{"embeddable":true,"href":"https:\/\/newvoiceinternational.com\/fr\/wp-json\/wp\/v2\/comments?post=37113"}],"version-history":[{"count":0,"href":"https:\/\/newvoiceinternational.com\/fr\/wp-json\/wp\/v2\/pages\/37113\/revisions"}],"wp:attachment":[{"href":"https:\/\/newvoiceinternational.com\/fr\/wp-json\/wp\/v2\/media?parent=37113"}],"curies":[{"name":"wp","href":"https:\/\/api.w.org\/{rel}","templated":true}]}}