{"id":37111,"date":"2024-03-28T14:12:45","date_gmt":"2024-03-28T13:12:45","guid":{"rendered":"https:\/\/newvoiceinternational.com\/structure-et-vue-densemble-finance\/"},"modified":"2024-03-28T14:50:06","modified_gmt":"2024-03-28T13:50:06","slug":"structure-et-vue-densemble-finance","status":"publish","type":"page","link":"https:\/\/newvoiceinternational.com\/fr\/structure-et-vue-densemble-finance\/","title":{"rendered":"Structure et vue d&rsquo;ensemble Finance"},"content":{"rendered":"\t\t<div data-elementor-type=\"wp-page\" data-elementor-id=\"37111\" class=\"elementor elementor-37111 elementor-37036\" data-elementor-post-type=\"page\">\n\t\t\t\t\t\t<section class=\"elementor-section elementor-top-section elementor-element elementor-element-715fbf1 elementor-section-boxed elementor-section-height-default elementor-section-height-default\" data-id=\"715fbf1\" data-element_type=\"section\" data-e-type=\"section\">\n\t\t\t\t\t\t<div class=\"elementor-container elementor-column-gap-default\">\n\t\t\t\t\t<div class=\"elementor-column elementor-col-100 elementor-top-column elementor-element elementor-element-c5096d5\" data-id=\"c5096d5\" data-element_type=\"column\" data-e-type=\"column\">\n\t\t\t<div class=\"elementor-widget-wrap elementor-element-populated\">\n\t\t\t\t\t\t<div class=\"elementor-element elementor-element-fb1605a elementor-widget elementor-widget-heading\" data-id=\"fb1605a\" data-element_type=\"widget\" data-e-type=\"widget\" data-widget_type=\"heading.default\">\n\t\t\t\t<div class=\"elementor-widget-container\">\n\t\t\t\t\t<h2 class=\"elementor-heading-title elementor-size-default\">Structure et vue d'ensemble <\/h2>\t\t\t\t<\/div>\n\t\t\t\t<\/div>\n\t\t\t\t<div class=\"elementor-element elementor-element-8cae823 elementor-widget elementor-widget-text-editor\" data-id=\"8cae823\" data-element_type=\"widget\" data-e-type=\"widget\" data-widget_type=\"text-editor.default\">\n\t\t\t\t<div class=\"elementor-widget-container\">\n\t\t\t\t\t\t\t\t\t<div class=\"wpb_row vc_inner vc_row vc_row-fluid attched-false \">\n<div class=\"wpb_column vc_column_container vc_col-sm-12\">\n<div class=\"vc_column-inner vc_custom_1485950545614\">\n<div class=\"wpb_wrapper\">\n<div id=\"text-block-17\" class=\"mk-text-block \">\n<p>Tous les sc\u00e9narios peuvent \u00eatre configur\u00e9s et g\u00e9r\u00e9s via <a href=\"https:\/\/www.newvoiceinternational.com\/fr\/mobicall-app\/\">l\u2019application MobiCall<\/a>, \u00e0 la fois de mani\u00e8re centralis\u00e9e et d\u00e9centralis\u00e9e. L\u2019outil de gestion bas\u00e9 sur le Web dispose d\u2019un configurateur innovant par \u00ab\u00a0glisser-d\u00e9poser\u00a0\u00bb. Cette solution fournit aux administrateurs informatiques et aux utilisateurs responsables un outil intuitif et structur\u00e9 pour configurer les donn\u00e9es personnelles et les param\u00e8tres d\u2019alarme.<\/p>\n<p>La capacit\u00e9 multi-clients offre \u00e0 chaque zone la possibilit\u00e9 de g\u00e9rer de mani\u00e8re autonome sa propre gestion d\u2019alarmes. En tant que solution de s\u00e9curit\u00e9, <a href=\"https:\/\/www.newvoiceinternational.com\/fr\/mobicall\/\">MobiCall<\/a> peut \u00e9galement \u00eatre utilis\u00e9 dans une configuration redondante avec des performances accrues et une grande fiabilit\u00e9. MobiCall permet le g\u00e9o-clustering, la redondance et la surveillance fonctionnelle dans plusieurs emplacements.<\/p>\n<p><a href=\"https:\/\/www.newvoiceinternational.com\/fr\/mobicall\/\">MobiCall<\/a> offre une meilleure protection aux employ\u00e9s, ainsi qu\u2019une fluide r\u00e9activit\u00e9 aux situations d\u2019urgence techniques et op\u00e9rationnelles ; permettant ainsi d\u2019am\u00e9liorer la s\u00e9curit\u00e9 globale, de garantir la continuit\u00e9 des processus commerciaux et d\u2019\u00e9viter tout type de panne du syst\u00e8me.<\/p>\n<\/div>\n<\/div>\n<\/div>\n<\/div>\n<\/div>\n<p><img fetchpriority=\"high\" decoding=\"async\" width=\"900\" height=\"400\" class=\"size-medium wp-image-2152 aligncenter\" src=\"http:\/\/newvoicetest.online\/wp-content\/uploads\/2022\/07\/Oeffentl_Einrichtungen_structure_and_overview.jpg\" alt=\"\" srcset=\"https:\/\/newvoiceinternational.com\/wp-content\/uploads\/2022\/07\/Oeffentl_Einrichtungen_structure_and_overview.jpg 900w, https:\/\/newvoiceinternational.com\/wp-content\/uploads\/2022\/07\/Oeffentl_Einrichtungen_structure_and_overview-300x133.jpg 300w, https:\/\/newvoiceinternational.com\/wp-content\/uploads\/2022\/07\/Oeffentl_Einrichtungen_structure_and_overview-768x341.jpg 768w\" sizes=\"(max-width: 900px) 100vw, 900px\" \/><\/p>\n<div class=\"wpb_row vc_inner vc_row vc_row-fluid attched-false vc_custom_1486039041311 \">\n<p>Le syst\u00e8me fournit une distribution de l\u2019information en fonction du temps et du calendrier, ce qui permet une cartographie flexible des listes de disponibilit\u00e9 et des tableaux de service. Le transfert d\u2019informations s\u2019effectue de mani\u00e8re bas\u00e9e sur les comp\u00e9tences et les priorit\u00e9s, ainsi que de mani\u00e8re simultan\u00e9e ou s\u00e9quentielle. <a href=\"https:\/\/www.newvoiceinternational.com\/fr\/mobicall\/\">MobiCall<\/a> prend \u00e9galement en charge la surveillance interne, les sauvegardes automatiques ainsi que des fonctionnalit\u00e9s compl\u00e8tes de rapports et de statistiques.<\/p>\n<p>\u00c0 partir de la version actuelle, <a href=\"https:\/\/www.newvoiceinternational.com\/fr\/mobicall\/\">MobiCall<\/a> prend en charge les protocoles bas\u00e9s sur le r\u00e9seau \u00e9tendu \u00e0 faible consommation, tels que LoRa, SigFox ou NB-IoT. Gr\u00e2ce \u00e0 ces technologies, il est possible d\u2019int\u00e9grer rapidement et \u00e0 moindre co\u00fbt n\u2019importe quel type de capteur. Un avantage majeur de cette technologie est qu\u2019aucune infrastructure GSM, WiFi ou Ethernet n\u2019est n\u00e9cessaire pour laisser fonctionner les capteurs. En raison du syst\u00e8me fonctionnant sur batterie, aucune connexion \u00e0 un syst\u00e8me d\u2019alimentation \u00e9lectrique n\u2019est n\u00e9cessaire. Il est possible de connecter les boutons d&rsquo;urgence allou\u00e9s, les compteurs d&rsquo;utilit\u00e9, les capteurs de temp\u00e9rature, ainsi que d&rsquo;autres types de capteurs \u00e0 un appareil <a href=\"https:\/\/www.newvoiceinternational.com\/fr\/mobicall\/\">MobiCall<\/a> central.<\/p>\n<\/div>\n\t\t\t\t\t\t\t\t<\/div>\n\t\t\t\t<\/div>\n\t\t\t\t\t<\/div>\n\t\t<\/div>\n\t\t\t\t\t<\/div>\n\t\t<\/section>\n\t\t\t\t<\/div>\n\t\t","protected":false},"excerpt":{"rendered":"<p>Structure et vue d&rsquo;ensemble Tous les sc\u00e9narios peuvent \u00eatre configur\u00e9s et g\u00e9r\u00e9s via l\u2019application MobiCall, \u00e0 la fois de mani\u00e8re centralis\u00e9e et d\u00e9centralis\u00e9e. L\u2019outil de gestion bas\u00e9 sur le Web dispose d\u2019un configurateur innovant par \u00ab\u00a0glisser-d\u00e9poser\u00a0\u00bb. Cette solution fournit aux administrateurs informatiques et aux utilisateurs responsables un outil intuitif et structur\u00e9 pour configurer les donn\u00e9es [&hellip;]<\/p>\n","protected":false},"author":5,"featured_media":0,"parent":0,"menu_order":0,"comment_status":"closed","ping_status":"closed","template":"elementor_header_footer","meta":{"_eb_attr":"","inline_featured_image":false,"footnotes":""},"class_list":["post-37111","page","type-page","status-publish","hentry"],"acf":[],"yoast_head":"<!-- This site is optimized with the Yoast SEO plugin v27.3 - https:\/\/yoast.com\/product\/yoast-seo-wordpress\/ -->\n<title>Structure et vue d&#039;ensemble Finance - NewVoice International<\/title>\n<meta name=\"robots\" content=\"index, follow, max-snippet:-1, max-image-preview:large, max-video-preview:-1\" \/>\n<link rel=\"canonical\" href=\"https:\/\/newvoiceinternational.com\/fr\/structure-et-vue-densemble-finance\/\" \/>\n<meta property=\"og:locale\" content=\"fr_FR\" \/>\n<meta property=\"og:type\" content=\"article\" \/>\n<meta property=\"og:title\" content=\"Structure et vue d&#039;ensemble Finance - NewVoice International\" \/>\n<meta property=\"og:description\" content=\"Structure et vue d&rsquo;ensemble Tous les sc\u00e9narios peuvent \u00eatre configur\u00e9s et g\u00e9r\u00e9s via l\u2019application MobiCall, \u00e0 la fois de mani\u00e8re centralis\u00e9e et d\u00e9centralis\u00e9e. L\u2019outil de gestion bas\u00e9 sur le Web dispose d\u2019un configurateur innovant par \u00ab\u00a0glisser-d\u00e9poser\u00a0\u00bb. Cette solution fournit aux administrateurs informatiques et aux utilisateurs responsables un outil intuitif et structur\u00e9 pour configurer les donn\u00e9es [&hellip;]\" \/>\n<meta property=\"og:url\" content=\"https:\/\/newvoiceinternational.com\/fr\/structure-et-vue-densemble-finance\/\" \/>\n<meta property=\"og:site_name\" content=\"NewVoice International\" \/>\n<meta property=\"article:modified_time\" content=\"2024-03-28T13:50:06+00:00\" \/>\n<meta property=\"og:image\" content=\"http:\/\/newvoicetest.online\/wp-content\/uploads\/2022\/07\/Oeffentl_Einrichtungen_structure_and_overview.jpg\" \/>\n<meta name=\"twitter:card\" content=\"summary_large_image\" \/>\n<meta name=\"twitter:label1\" content=\"Dur\u00e9e de lecture estim\u00e9e\" \/>\n\t<meta name=\"twitter:data1\" content=\"2 minutes\" \/>\n<script type=\"application\/ld+json\" class=\"yoast-schema-graph\">{\"@context\":\"https:\\\/\\\/schema.org\",\"@graph\":[{\"@type\":\"WebPage\",\"@id\":\"https:\\\/\\\/newvoiceinternational.com\\\/fr\\\/structure-et-vue-densemble-finance\\\/\",\"url\":\"https:\\\/\\\/newvoiceinternational.com\\\/fr\\\/structure-et-vue-densemble-finance\\\/\",\"name\":\"Structure et vue d'ensemble Finance - NewVoice International\",\"isPartOf\":{\"@id\":\"https:\\\/\\\/newvoiceinternational.com\\\/fr\\\/#website\"},\"primaryImageOfPage\":{\"@id\":\"https:\\\/\\\/newvoiceinternational.com\\\/fr\\\/structure-et-vue-densemble-finance\\\/#primaryimage\"},\"image\":{\"@id\":\"https:\\\/\\\/newvoiceinternational.com\\\/fr\\\/structure-et-vue-densemble-finance\\\/#primaryimage\"},\"thumbnailUrl\":\"http:\\\/\\\/newvoicetest.online\\\/wp-content\\\/uploads\\\/2022\\\/07\\\/Oeffentl_Einrichtungen_structure_and_overview.jpg\",\"datePublished\":\"2024-03-28T13:12:45+00:00\",\"dateModified\":\"2024-03-28T13:50:06+00:00\",\"breadcrumb\":{\"@id\":\"https:\\\/\\\/newvoiceinternational.com\\\/fr\\\/structure-et-vue-densemble-finance\\\/#breadcrumb\"},\"inLanguage\":\"fr-FR\",\"potentialAction\":[{\"@type\":\"ReadAction\",\"target\":[\"https:\\\/\\\/newvoiceinternational.com\\\/fr\\\/structure-et-vue-densemble-finance\\\/\"]}]},{\"@type\":\"ImageObject\",\"inLanguage\":\"fr-FR\",\"@id\":\"https:\\\/\\\/newvoiceinternational.com\\\/fr\\\/structure-et-vue-densemble-finance\\\/#primaryimage\",\"url\":\"http:\\\/\\\/newvoicetest.online\\\/wp-content\\\/uploads\\\/2022\\\/07\\\/Oeffentl_Einrichtungen_structure_and_overview.jpg\",\"contentUrl\":\"http:\\\/\\\/newvoicetest.online\\\/wp-content\\\/uploads\\\/2022\\\/07\\\/Oeffentl_Einrichtungen_structure_and_overview.jpg\"},{\"@type\":\"BreadcrumbList\",\"@id\":\"https:\\\/\\\/newvoiceinternational.com\\\/fr\\\/structure-et-vue-densemble-finance\\\/#breadcrumb\",\"itemListElement\":[{\"@type\":\"ListItem\",\"position\":1,\"name\":\"Home\",\"item\":\"https:\\\/\\\/newvoiceinternational.com\\\/fr\\\/\"},{\"@type\":\"ListItem\",\"position\":2,\"name\":\"Structure et vue d&rsquo;ensemble Finance\"}]},{\"@type\":\"WebSite\",\"@id\":\"https:\\\/\\\/newvoiceinternational.com\\\/fr\\\/#website\",\"url\":\"https:\\\/\\\/newvoiceinternational.com\\\/fr\\\/\",\"name\":\"NewVoice International\",\"description\":\"\",\"publisher\":{\"@id\":\"https:\\\/\\\/newvoiceinternational.com\\\/fr\\\/#organization\"},\"potentialAction\":[{\"@type\":\"SearchAction\",\"target\":{\"@type\":\"EntryPoint\",\"urlTemplate\":\"https:\\\/\\\/newvoiceinternational.com\\\/fr\\\/?s={search_term_string}\"},\"query-input\":{\"@type\":\"PropertyValueSpecification\",\"valueRequired\":true,\"valueName\":\"search_term_string\"}}],\"inLanguage\":\"fr-FR\"},{\"@type\":\"Organization\",\"@id\":\"https:\\\/\\\/newvoiceinternational.com\\\/fr\\\/#organization\",\"name\":\"NewVoice International\",\"url\":\"https:\\\/\\\/newvoiceinternational.com\\\/fr\\\/\",\"logo\":{\"@type\":\"ImageObject\",\"inLanguage\":\"fr-FR\",\"@id\":\"https:\\\/\\\/newvoiceinternational.com\\\/fr\\\/#\\\/schema\\\/logo\\\/image\\\/\",\"url\":\"https:\\\/\\\/newvoiceinternational.com\\\/wp-content\\\/uploads\\\/2022\\\/06\\\/NV_Logo_RGB.png\",\"contentUrl\":\"https:\\\/\\\/newvoiceinternational.com\\\/wp-content\\\/uploads\\\/2022\\\/06\\\/NV_Logo_RGB.png\",\"width\":1200,\"height\":315,\"caption\":\"NewVoice International\"},\"image\":{\"@id\":\"https:\\\/\\\/newvoiceinternational.com\\\/fr\\\/#\\\/schema\\\/logo\\\/image\\\/\"}}]}<\/script>\n<!-- \/ Yoast SEO plugin. -->","yoast_head_json":{"title":"Structure et vue d'ensemble Finance - NewVoice International","robots":{"index":"index","follow":"follow","max-snippet":"max-snippet:-1","max-image-preview":"max-image-preview:large","max-video-preview":"max-video-preview:-1"},"canonical":"https:\/\/newvoiceinternational.com\/fr\/structure-et-vue-densemble-finance\/","og_locale":"fr_FR","og_type":"article","og_title":"Structure et vue d'ensemble Finance - NewVoice International","og_description":"Structure et vue d&rsquo;ensemble Tous les sc\u00e9narios peuvent \u00eatre configur\u00e9s et g\u00e9r\u00e9s via l\u2019application MobiCall, \u00e0 la fois de mani\u00e8re centralis\u00e9e et d\u00e9centralis\u00e9e. L\u2019outil de gestion bas\u00e9 sur le Web dispose d\u2019un configurateur innovant par \u00ab\u00a0glisser-d\u00e9poser\u00a0\u00bb. Cette solution fournit aux administrateurs informatiques et aux utilisateurs responsables un outil intuitif et structur\u00e9 pour configurer les donn\u00e9es [&hellip;]","og_url":"https:\/\/newvoiceinternational.com\/fr\/structure-et-vue-densemble-finance\/","og_site_name":"NewVoice International","article_modified_time":"2024-03-28T13:50:06+00:00","og_image":[{"url":"http:\/\/newvoicetest.online\/wp-content\/uploads\/2022\/07\/Oeffentl_Einrichtungen_structure_and_overview.jpg","type":"","width":"","height":""}],"twitter_card":"summary_large_image","twitter_misc":{"Dur\u00e9e de lecture estim\u00e9e":"2 minutes"},"schema":{"@context":"https:\/\/schema.org","@graph":[{"@type":"WebPage","@id":"https:\/\/newvoiceinternational.com\/fr\/structure-et-vue-densemble-finance\/","url":"https:\/\/newvoiceinternational.com\/fr\/structure-et-vue-densemble-finance\/","name":"Structure et vue d'ensemble Finance - NewVoice International","isPartOf":{"@id":"https:\/\/newvoiceinternational.com\/fr\/#website"},"primaryImageOfPage":{"@id":"https:\/\/newvoiceinternational.com\/fr\/structure-et-vue-densemble-finance\/#primaryimage"},"image":{"@id":"https:\/\/newvoiceinternational.com\/fr\/structure-et-vue-densemble-finance\/#primaryimage"},"thumbnailUrl":"http:\/\/newvoicetest.online\/wp-content\/uploads\/2022\/07\/Oeffentl_Einrichtungen_structure_and_overview.jpg","datePublished":"2024-03-28T13:12:45+00:00","dateModified":"2024-03-28T13:50:06+00:00","breadcrumb":{"@id":"https:\/\/newvoiceinternational.com\/fr\/structure-et-vue-densemble-finance\/#breadcrumb"},"inLanguage":"fr-FR","potentialAction":[{"@type":"ReadAction","target":["https:\/\/newvoiceinternational.com\/fr\/structure-et-vue-densemble-finance\/"]}]},{"@type":"ImageObject","inLanguage":"fr-FR","@id":"https:\/\/newvoiceinternational.com\/fr\/structure-et-vue-densemble-finance\/#primaryimage","url":"http:\/\/newvoicetest.online\/wp-content\/uploads\/2022\/07\/Oeffentl_Einrichtungen_structure_and_overview.jpg","contentUrl":"http:\/\/newvoicetest.online\/wp-content\/uploads\/2022\/07\/Oeffentl_Einrichtungen_structure_and_overview.jpg"},{"@type":"BreadcrumbList","@id":"https:\/\/newvoiceinternational.com\/fr\/structure-et-vue-densemble-finance\/#breadcrumb","itemListElement":[{"@type":"ListItem","position":1,"name":"Home","item":"https:\/\/newvoiceinternational.com\/fr\/"},{"@type":"ListItem","position":2,"name":"Structure et vue d&rsquo;ensemble Finance"}]},{"@type":"WebSite","@id":"https:\/\/newvoiceinternational.com\/fr\/#website","url":"https:\/\/newvoiceinternational.com\/fr\/","name":"NewVoice International","description":"","publisher":{"@id":"https:\/\/newvoiceinternational.com\/fr\/#organization"},"potentialAction":[{"@type":"SearchAction","target":{"@type":"EntryPoint","urlTemplate":"https:\/\/newvoiceinternational.com\/fr\/?s={search_term_string}"},"query-input":{"@type":"PropertyValueSpecification","valueRequired":true,"valueName":"search_term_string"}}],"inLanguage":"fr-FR"},{"@type":"Organization","@id":"https:\/\/newvoiceinternational.com\/fr\/#organization","name":"NewVoice International","url":"https:\/\/newvoiceinternational.com\/fr\/","logo":{"@type":"ImageObject","inLanguage":"fr-FR","@id":"https:\/\/newvoiceinternational.com\/fr\/#\/schema\/logo\/image\/","url":"https:\/\/newvoiceinternational.com\/wp-content\/uploads\/2022\/06\/NV_Logo_RGB.png","contentUrl":"https:\/\/newvoiceinternational.com\/wp-content\/uploads\/2022\/06\/NV_Logo_RGB.png","width":1200,"height":315,"caption":"NewVoice International"},"image":{"@id":"https:\/\/newvoiceinternational.com\/fr\/#\/schema\/logo\/image\/"}}]}},"_links":{"self":[{"href":"https:\/\/newvoiceinternational.com\/fr\/wp-json\/wp\/v2\/pages\/37111","targetHints":{"allow":["GET"]}}],"collection":[{"href":"https:\/\/newvoiceinternational.com\/fr\/wp-json\/wp\/v2\/pages"}],"about":[{"href":"https:\/\/newvoiceinternational.com\/fr\/wp-json\/wp\/v2\/types\/page"}],"author":[{"embeddable":true,"href":"https:\/\/newvoiceinternational.com\/fr\/wp-json\/wp\/v2\/users\/5"}],"replies":[{"embeddable":true,"href":"https:\/\/newvoiceinternational.com\/fr\/wp-json\/wp\/v2\/comments?post=37111"}],"version-history":[{"count":0,"href":"https:\/\/newvoiceinternational.com\/fr\/wp-json\/wp\/v2\/pages\/37111\/revisions"}],"wp:attachment":[{"href":"https:\/\/newvoiceinternational.com\/fr\/wp-json\/wp\/v2\/media?parent=37111"}],"curies":[{"name":"wp","href":"https:\/\/api.w.org\/{rel}","templated":true}]}}