{"id":36667,"date":"2024-03-19T15:22:16","date_gmt":"2024-03-19T14:22:16","guid":{"rendered":"https:\/\/newvoiceinternational.com\/securite-physique-et-gestion-de-linformation\/"},"modified":"2024-03-19T16:58:08","modified_gmt":"2024-03-19T15:58:08","slug":"securite-physique-et-gestion-de-linformation","status":"publish","type":"page","link":"https:\/\/newvoiceinternational.com\/fr\/securite-physique-et-gestion-de-linformation\/","title":{"rendered":"S\u00e9curit\u00e9 physique et gestion de l&rsquo;information"},"content":{"rendered":"\t\t<div data-elementor-type=\"wp-page\" data-elementor-id=\"36667\" class=\"elementor elementor-36667 elementor-36615\" data-elementor-post-type=\"page\">\n\t\t\t\t\t\t<section class=\"elementor-section elementor-top-section elementor-element elementor-element-455f8a7 elementor-section-boxed elementor-section-height-default elementor-section-height-default\" data-id=\"455f8a7\" data-element_type=\"section\" data-e-type=\"section\">\n\t\t\t\t\t\t<div class=\"elementor-container elementor-column-gap-default\">\n\t\t\t\t\t<div class=\"elementor-column elementor-col-100 elementor-top-column elementor-element elementor-element-21427ec\" data-id=\"21427ec\" data-element_type=\"column\" data-e-type=\"column\">\n\t\t\t<div class=\"elementor-widget-wrap elementor-element-populated\">\n\t\t\t\t\t\t<div class=\"elementor-element elementor-element-cf8a960 elementor-widget elementor-widget-heading\" data-id=\"cf8a960\" data-element_type=\"widget\" data-e-type=\"widget\" data-widget_type=\"heading.default\">\n\t\t\t\t<div class=\"elementor-widget-container\">\n\t\t\t\t\t<h2 class=\"elementor-heading-title elementor-size-default\">S\u00e9curit\u00e9 physique et gestion de l'information<\/h2>\t\t\t\t<\/div>\n\t\t\t\t<\/div>\n\t\t\t\t<div class=\"elementor-element elementor-element-29d9664 elementor-widget elementor-widget-text-editor\" data-id=\"29d9664\" data-element_type=\"widget\" data-e-type=\"widget\" data-widget_type=\"text-editor.default\">\n\t\t\t\t<div class=\"elementor-widget-container\">\n\t\t\t\t\t\t\t\t\t<p><a href=\"https:\/\/www.newvoiceinternational.com\/fr\/mobicall\/\">MobiCall<\/a> peut servir de plateforme centrale pour g\u00e9rer les informations li\u00e9es \u00e0 la s\u00e9curit\u00e9 physique (PSIM). Elle permet d&rsquo;enregistrer et d&rsquo;afficher sur une interface utilisateur personnalis\u00e9e les diff\u00e9rents syst\u00e8mes locaux tels que les panneaux de commande antivol, les contr\u00f4les d&rsquo;acc\u00e8s, les syst\u00e8mes d&rsquo;alarme incendie, les syst\u00e8mes de sonorisation, les syst\u00e8mes de vid\u00e9osurveillance, les stations de radiomessagerie, les postes de travail individuels, l&rsquo;interphone et les syst\u00e8mes de contr\u00f4le central du b\u00e2timent. L&rsquo;utilisateur peut obtenir une vue d&rsquo;ensemble compl\u00e8te de la situation gr\u00e2ce \u00e0 toutes ces informations recueillies. Diff\u00e9rents sc\u00e9narios peuvent \u00eatre activ\u00e9s, surveill\u00e9s et g\u00e9r\u00e9s manuellement ou automatiquement en fonction des circonstances.<\/p>\n<p><img fetchpriority=\"high\" decoding=\"async\" width=\"636\" height=\"411\" class=\"size-medium wp-image-2223 alignleft\" src=\"http:\/\/newvoicetest.online\/wp-content\/uploads\/2022\/07\/Hochschulen_Leitstellenm-2.jpg\" alt=\"\" srcset=\"https:\/\/newvoiceinternational.com\/wp-content\/uploads\/2022\/07\/Hochschulen_Leitstellenm-2.jpg 636w, https:\/\/newvoiceinternational.com\/wp-content\/uploads\/2022\/07\/Hochschulen_Leitstellenm-2-300x194.jpg 300w\" sizes=\"(max-width: 636px) 100vw, 636px\" \/><\/p>\n<h4><strong>Centres de contr\u00f4le et gestion des risques<\/strong><\/h4>\n<ul>\n<li>Repr\u00e9sentation centrale des donn\u00e9es \u00e0 surveiller<\/li>\n<li>Appel d\u2019\u00e9quipes de crise et de conf\u00e9rences<\/li>\n<li>Alerte de disponibilit\u00e9 facultative<\/li>\n<li>Surveillance en direct de l\u2019alarme et de la distribution d\u2019informations<\/li>\n<li>Alerte en fonction de l\u2019\u00e9tat de pr\u00e9sence<\/li>\n<li>Saisie des horaires de garde<\/li>\n<li>Importation automatique des plans d\u2019alarme<\/li>\n<li>Enregistrement vocal int\u00e9gr\u00e9<\/li>\n<\/ul>\n<h4><strong>Protection des travailleurs isol\u00e9s<\/strong><\/h4>\n<ul>\n<li>Solution ind\u00e9pendante de la plateforme pour DECT, Wifi, GSM<\/li>\n<li>Prise en charge des alarmes manuelles (bouton rouge) et automatiques (man-down, pas de mouvement, temps, \u00e9vacuation et d\u00e9chirure via alarme \u00e0 cordon)<\/li>\n<li>Mise en place automatique de conf\u00e9rences d\u2019urgence entre le d\u00e9clencheur d\u2019alarme et le destinataire de l\u2019alarme<\/li>\n<li>Surveillance permanente des dispositifs de signaux d\u2019alarme personnels<\/li>\n<li><a href=\"https:\/\/www.newvoiceinternational.com\/blog-post\/indoor-localization\/\">Localisation<\/a> via DECT, Wifi, balises Bluetooth et GPS<\/li>\n<li>Syst\u00e8me de visualisation des b\u00e2timents et des plans de site<\/li>\n<li>Soutien aux contr\u00f4les de patrouille et de gardien<\/li>\n<\/ul>\n<h4><strong>Hotline d\u2019information<\/strong><\/h4>\n<ul>\n<li>R\u00e9ception automatique des appels parall\u00e8les<\/li>\n<li>Adaptation flexible d\u2019annonces dynamiques ou pr\u00e9d\u00e9finies<\/li>\n<li>Menus de r\u00e9ponse vocale interactive \u00e0 plusieurs niveaux en option<\/li>\n<li>Circuits VIP pour les num\u00e9ros de t\u00e9l\u00e9phone de la plus haute importance<\/li>\n<li>Blocage partiel ou total des num\u00e9ros de t\u00e9l\u00e9phone en option<\/li>\n<li>\u00c9conomiser d\u2019importantes ressources en personnel<\/li>\n<li>Alerte de la population<\/li>\n<li>Statistiques compl\u00e8tes et enregistrement<\/li>\n<\/ul>\n\t\t\t\t\t\t\t\t<\/div>\n\t\t\t\t<\/div>\n\t\t\t\t\t<\/div>\n\t\t<\/div>\n\t\t\t\t\t<\/div>\n\t\t<\/section>\n\t\t\t\t<\/div>\n\t\t","protected":false},"excerpt":{"rendered":"<p>S\u00e9curit\u00e9 physique et gestion de l&rsquo;information MobiCall peut servir de plateforme centrale pour g\u00e9rer les informations li\u00e9es \u00e0 la s\u00e9curit\u00e9 physique (PSIM). Elle permet d&rsquo;enregistrer et d&rsquo;afficher sur une interface utilisateur personnalis\u00e9e les diff\u00e9rents syst\u00e8mes locaux tels que les panneaux de commande antivol, les contr\u00f4les d&rsquo;acc\u00e8s, les syst\u00e8mes d&rsquo;alarme incendie, les syst\u00e8mes de sonorisation, les [&hellip;]<\/p>\n","protected":false},"author":5,"featured_media":0,"parent":0,"menu_order":0,"comment_status":"closed","ping_status":"closed","template":"elementor_header_footer","meta":{"_eb_attr":"","inline_featured_image":false,"footnotes":""},"class_list":["post-36667","page","type-page","status-publish","hentry"],"acf":[],"yoast_head":"<!-- This site is optimized with the Yoast SEO plugin v27.4 - https:\/\/yoast.com\/product\/yoast-seo-wordpress\/ -->\n<title>S\u00e9curit\u00e9 physique et gestion de l&#039;information - NewVoice International<\/title>\n<meta name=\"robots\" content=\"index, follow, max-snippet:-1, max-image-preview:large, max-video-preview:-1\" \/>\n<link rel=\"canonical\" href=\"https:\/\/newvoiceinternational.com\/fr\/securite-physique-et-gestion-de-linformation\/\" \/>\n<meta property=\"og:locale\" content=\"fr_FR\" \/>\n<meta property=\"og:type\" content=\"article\" \/>\n<meta property=\"og:title\" content=\"S\u00e9curit\u00e9 physique et gestion de l&#039;information - NewVoice International\" \/>\n<meta property=\"og:description\" content=\"S\u00e9curit\u00e9 physique et gestion de l&rsquo;information MobiCall peut servir de plateforme centrale pour g\u00e9rer les informations li\u00e9es \u00e0 la s\u00e9curit\u00e9 physique (PSIM). Elle permet d&rsquo;enregistrer et d&rsquo;afficher sur une interface utilisateur personnalis\u00e9e les diff\u00e9rents syst\u00e8mes locaux tels que les panneaux de commande antivol, les contr\u00f4les d&rsquo;acc\u00e8s, les syst\u00e8mes d&rsquo;alarme incendie, les syst\u00e8mes de sonorisation, les [&hellip;]\" \/>\n<meta property=\"og:url\" content=\"https:\/\/newvoiceinternational.com\/fr\/securite-physique-et-gestion-de-linformation\/\" \/>\n<meta property=\"og:site_name\" content=\"NewVoice International\" \/>\n<meta property=\"article:modified_time\" content=\"2024-03-19T15:58:08+00:00\" \/>\n<meta property=\"og:image\" content=\"http:\/\/newvoicetest.online\/wp-content\/uploads\/2022\/07\/Hochschulen_Leitstellenm-2.jpg\" \/>\n<meta name=\"twitter:card\" content=\"summary_large_image\" \/>\n<meta name=\"twitter:label1\" content=\"Dur\u00e9e de lecture estim\u00e9e\" \/>\n\t<meta name=\"twitter:data1\" content=\"2 minutes\" \/>\n<script type=\"application\/ld+json\" class=\"yoast-schema-graph\">{\"@context\":\"https:\\\/\\\/schema.org\",\"@graph\":[{\"@type\":\"WebPage\",\"@id\":\"https:\\\/\\\/newvoiceinternational.com\\\/fr\\\/securite-physique-et-gestion-de-linformation\\\/\",\"url\":\"https:\\\/\\\/newvoiceinternational.com\\\/fr\\\/securite-physique-et-gestion-de-linformation\\\/\",\"name\":\"S\u00e9curit\u00e9 physique et gestion de l'information - NewVoice International\",\"isPartOf\":{\"@id\":\"https:\\\/\\\/newvoiceinternational.com\\\/fr\\\/#website\"},\"primaryImageOfPage\":{\"@id\":\"https:\\\/\\\/newvoiceinternational.com\\\/fr\\\/securite-physique-et-gestion-de-linformation\\\/#primaryimage\"},\"image\":{\"@id\":\"https:\\\/\\\/newvoiceinternational.com\\\/fr\\\/securite-physique-et-gestion-de-linformation\\\/#primaryimage\"},\"thumbnailUrl\":\"http:\\\/\\\/newvoicetest.online\\\/wp-content\\\/uploads\\\/2022\\\/07\\\/Hochschulen_Leitstellenm-2.jpg\",\"datePublished\":\"2024-03-19T14:22:16+00:00\",\"dateModified\":\"2024-03-19T15:58:08+00:00\",\"breadcrumb\":{\"@id\":\"https:\\\/\\\/newvoiceinternational.com\\\/fr\\\/securite-physique-et-gestion-de-linformation\\\/#breadcrumb\"},\"inLanguage\":\"fr-FR\",\"potentialAction\":[{\"@type\":\"ReadAction\",\"target\":[\"https:\\\/\\\/newvoiceinternational.com\\\/fr\\\/securite-physique-et-gestion-de-linformation\\\/\"]}]},{\"@type\":\"ImageObject\",\"inLanguage\":\"fr-FR\",\"@id\":\"https:\\\/\\\/newvoiceinternational.com\\\/fr\\\/securite-physique-et-gestion-de-linformation\\\/#primaryimage\",\"url\":\"http:\\\/\\\/newvoicetest.online\\\/wp-content\\\/uploads\\\/2022\\\/07\\\/Hochschulen_Leitstellenm-2.jpg\",\"contentUrl\":\"http:\\\/\\\/newvoicetest.online\\\/wp-content\\\/uploads\\\/2022\\\/07\\\/Hochschulen_Leitstellenm-2.jpg\"},{\"@type\":\"BreadcrumbList\",\"@id\":\"https:\\\/\\\/newvoiceinternational.com\\\/fr\\\/securite-physique-et-gestion-de-linformation\\\/#breadcrumb\",\"itemListElement\":[{\"@type\":\"ListItem\",\"position\":1,\"name\":\"Home\",\"item\":\"https:\\\/\\\/newvoiceinternational.com\\\/fr\\\/\"},{\"@type\":\"ListItem\",\"position\":2,\"name\":\"S\u00e9curit\u00e9 physique et gestion de l&rsquo;information\"}]},{\"@type\":\"WebSite\",\"@id\":\"https:\\\/\\\/newvoiceinternational.com\\\/fr\\\/#website\",\"url\":\"https:\\\/\\\/newvoiceinternational.com\\\/fr\\\/\",\"name\":\"NewVoice International\",\"description\":\"\",\"publisher\":{\"@id\":\"https:\\\/\\\/newvoiceinternational.com\\\/fr\\\/#organization\"},\"potentialAction\":[{\"@type\":\"SearchAction\",\"target\":{\"@type\":\"EntryPoint\",\"urlTemplate\":\"https:\\\/\\\/newvoiceinternational.com\\\/fr\\\/?s={search_term_string}\"},\"query-input\":{\"@type\":\"PropertyValueSpecification\",\"valueRequired\":true,\"valueName\":\"search_term_string\"}}],\"inLanguage\":\"fr-FR\"},{\"@type\":\"Organization\",\"@id\":\"https:\\\/\\\/newvoiceinternational.com\\\/fr\\\/#organization\",\"name\":\"NewVoice International\",\"url\":\"https:\\\/\\\/newvoiceinternational.com\\\/fr\\\/\",\"logo\":{\"@type\":\"ImageObject\",\"inLanguage\":\"fr-FR\",\"@id\":\"https:\\\/\\\/newvoiceinternational.com\\\/fr\\\/#\\\/schema\\\/logo\\\/image\\\/\",\"url\":\"https:\\\/\\\/newvoiceinternational.com\\\/wp-content\\\/uploads\\\/2022\\\/06\\\/NV_Logo_RGB.png\",\"contentUrl\":\"https:\\\/\\\/newvoiceinternational.com\\\/wp-content\\\/uploads\\\/2022\\\/06\\\/NV_Logo_RGB.png\",\"width\":1200,\"height\":315,\"caption\":\"NewVoice International\"},\"image\":{\"@id\":\"https:\\\/\\\/newvoiceinternational.com\\\/fr\\\/#\\\/schema\\\/logo\\\/image\\\/\"}}]}<\/script>\n<!-- \/ Yoast SEO plugin. -->","yoast_head_json":{"title":"S\u00e9curit\u00e9 physique et gestion de l'information - NewVoice International","robots":{"index":"index","follow":"follow","max-snippet":"max-snippet:-1","max-image-preview":"max-image-preview:large","max-video-preview":"max-video-preview:-1"},"canonical":"https:\/\/newvoiceinternational.com\/fr\/securite-physique-et-gestion-de-linformation\/","og_locale":"fr_FR","og_type":"article","og_title":"S\u00e9curit\u00e9 physique et gestion de l'information - NewVoice International","og_description":"S\u00e9curit\u00e9 physique et gestion de l&rsquo;information MobiCall peut servir de plateforme centrale pour g\u00e9rer les informations li\u00e9es \u00e0 la s\u00e9curit\u00e9 physique (PSIM). Elle permet d&rsquo;enregistrer et d&rsquo;afficher sur une interface utilisateur personnalis\u00e9e les diff\u00e9rents syst\u00e8mes locaux tels que les panneaux de commande antivol, les contr\u00f4les d&rsquo;acc\u00e8s, les syst\u00e8mes d&rsquo;alarme incendie, les syst\u00e8mes de sonorisation, les [&hellip;]","og_url":"https:\/\/newvoiceinternational.com\/fr\/securite-physique-et-gestion-de-linformation\/","og_site_name":"NewVoice International","article_modified_time":"2024-03-19T15:58:08+00:00","og_image":[{"url":"http:\/\/newvoicetest.online\/wp-content\/uploads\/2022\/07\/Hochschulen_Leitstellenm-2.jpg","type":"","width":"","height":""}],"twitter_card":"summary_large_image","twitter_misc":{"Dur\u00e9e de lecture estim\u00e9e":"2 minutes"},"schema":{"@context":"https:\/\/schema.org","@graph":[{"@type":"WebPage","@id":"https:\/\/newvoiceinternational.com\/fr\/securite-physique-et-gestion-de-linformation\/","url":"https:\/\/newvoiceinternational.com\/fr\/securite-physique-et-gestion-de-linformation\/","name":"S\u00e9curit\u00e9 physique et gestion de l'information - NewVoice International","isPartOf":{"@id":"https:\/\/newvoiceinternational.com\/fr\/#website"},"primaryImageOfPage":{"@id":"https:\/\/newvoiceinternational.com\/fr\/securite-physique-et-gestion-de-linformation\/#primaryimage"},"image":{"@id":"https:\/\/newvoiceinternational.com\/fr\/securite-physique-et-gestion-de-linformation\/#primaryimage"},"thumbnailUrl":"http:\/\/newvoicetest.online\/wp-content\/uploads\/2022\/07\/Hochschulen_Leitstellenm-2.jpg","datePublished":"2024-03-19T14:22:16+00:00","dateModified":"2024-03-19T15:58:08+00:00","breadcrumb":{"@id":"https:\/\/newvoiceinternational.com\/fr\/securite-physique-et-gestion-de-linformation\/#breadcrumb"},"inLanguage":"fr-FR","potentialAction":[{"@type":"ReadAction","target":["https:\/\/newvoiceinternational.com\/fr\/securite-physique-et-gestion-de-linformation\/"]}]},{"@type":"ImageObject","inLanguage":"fr-FR","@id":"https:\/\/newvoiceinternational.com\/fr\/securite-physique-et-gestion-de-linformation\/#primaryimage","url":"http:\/\/newvoicetest.online\/wp-content\/uploads\/2022\/07\/Hochschulen_Leitstellenm-2.jpg","contentUrl":"http:\/\/newvoicetest.online\/wp-content\/uploads\/2022\/07\/Hochschulen_Leitstellenm-2.jpg"},{"@type":"BreadcrumbList","@id":"https:\/\/newvoiceinternational.com\/fr\/securite-physique-et-gestion-de-linformation\/#breadcrumb","itemListElement":[{"@type":"ListItem","position":1,"name":"Home","item":"https:\/\/newvoiceinternational.com\/fr\/"},{"@type":"ListItem","position":2,"name":"S\u00e9curit\u00e9 physique et gestion de l&rsquo;information"}]},{"@type":"WebSite","@id":"https:\/\/newvoiceinternational.com\/fr\/#website","url":"https:\/\/newvoiceinternational.com\/fr\/","name":"NewVoice International","description":"","publisher":{"@id":"https:\/\/newvoiceinternational.com\/fr\/#organization"},"potentialAction":[{"@type":"SearchAction","target":{"@type":"EntryPoint","urlTemplate":"https:\/\/newvoiceinternational.com\/fr\/?s={search_term_string}"},"query-input":{"@type":"PropertyValueSpecification","valueRequired":true,"valueName":"search_term_string"}}],"inLanguage":"fr-FR"},{"@type":"Organization","@id":"https:\/\/newvoiceinternational.com\/fr\/#organization","name":"NewVoice International","url":"https:\/\/newvoiceinternational.com\/fr\/","logo":{"@type":"ImageObject","inLanguage":"fr-FR","@id":"https:\/\/newvoiceinternational.com\/fr\/#\/schema\/logo\/image\/","url":"https:\/\/newvoiceinternational.com\/wp-content\/uploads\/2022\/06\/NV_Logo_RGB.png","contentUrl":"https:\/\/newvoiceinternational.com\/wp-content\/uploads\/2022\/06\/NV_Logo_RGB.png","width":1200,"height":315,"caption":"NewVoice International"},"image":{"@id":"https:\/\/newvoiceinternational.com\/fr\/#\/schema\/logo\/image\/"}}]}},"_links":{"self":[{"href":"https:\/\/newvoiceinternational.com\/fr\/wp-json\/wp\/v2\/pages\/36667","targetHints":{"allow":["GET"]}}],"collection":[{"href":"https:\/\/newvoiceinternational.com\/fr\/wp-json\/wp\/v2\/pages"}],"about":[{"href":"https:\/\/newvoiceinternational.com\/fr\/wp-json\/wp\/v2\/types\/page"}],"author":[{"embeddable":true,"href":"https:\/\/newvoiceinternational.com\/fr\/wp-json\/wp\/v2\/users\/5"}],"replies":[{"embeddable":true,"href":"https:\/\/newvoiceinternational.com\/fr\/wp-json\/wp\/v2\/comments?post=36667"}],"version-history":[{"count":0,"href":"https:\/\/newvoiceinternational.com\/fr\/wp-json\/wp\/v2\/pages\/36667\/revisions"}],"wp:attachment":[{"href":"https:\/\/newvoiceinternational.com\/fr\/wp-json\/wp\/v2\/media?parent=36667"}],"curies":[{"name":"wp","href":"https:\/\/api.w.org\/{rel}","templated":true}]}}