{"id":36665,"date":"2024-03-19T15:17:15","date_gmt":"2024-03-19T14:17:15","guid":{"rendered":"https:\/\/newvoiceinternational.com\/structure-et-vue-densemble-education\/"},"modified":"2024-03-19T16:56:39","modified_gmt":"2024-03-19T15:56:39","slug":"structure-et-vue-densemble-education","status":"publish","type":"page","link":"https:\/\/newvoiceinternational.com\/fr\/structure-et-vue-densemble-education\/","title":{"rendered":"Structure et vue d&rsquo;ensemble Education"},"content":{"rendered":"\t\t<div data-elementor-type=\"wp-page\" data-elementor-id=\"36665\" class=\"elementor elementor-36665 elementor-36609\" data-elementor-post-type=\"page\">\n\t\t\t\t\t\t<section class=\"elementor-section elementor-top-section elementor-element elementor-element-2be6ea8 elementor-section-boxed elementor-section-height-default elementor-section-height-default\" data-id=\"2be6ea8\" data-element_type=\"section\" data-e-type=\"section\">\n\t\t\t\t\t\t<div class=\"elementor-container elementor-column-gap-default\">\n\t\t\t\t\t<div class=\"elementor-column elementor-col-100 elementor-top-column elementor-element elementor-element-414b32e\" data-id=\"414b32e\" data-element_type=\"column\" data-e-type=\"column\">\n\t\t\t<div class=\"elementor-widget-wrap elementor-element-populated\">\n\t\t\t\t\t\t<div class=\"elementor-element elementor-element-878e95a elementor-widget elementor-widget-text-editor\" data-id=\"878e95a\" data-element_type=\"widget\" data-e-type=\"widget\" data-widget_type=\"text-editor.default\">\n\t\t\t\t<div class=\"elementor-widget-container\">\n\t\t\t\t\t\t\t\t\t<div class=\"wpb_row vc_inner vc_row vc_row-fluid attched-false \">\r\n<div class=\"wpb_column vc_column_container vc_col-sm-12\">\r\n<div class=\"vc_column-inner vc_custom_1485950545614\">\r\n<div class=\"wpb_wrapper\">\r\n<div id=\"text-block-17\" class=\"mk-text-block \">\r\n\r\nGr\u00e2ce \u00e0 <a href=\"https:\/\/www.newvoiceinternational.com\/fr\/mobicall\/\">MobiCall<\/a>, les \u00e9tudiants et le personnel sont mieux prot\u00e9g\u00e9s, et les alarmes techniques et op\u00e9rationnelles sont rapidement trait\u00e9es, \u00e9vitant ainsi toute interruption et am\u00e9liorant la s\u00e9curit\u00e9 publique. Le syst\u00e8me propose une distribution d&rsquo;informations en temps r\u00e9el, ce qui permet une planification flexible des horaires de travail.\r\n\r\nSelon la configuration, la transmission des informations peut \u00eatre effectu\u00e9e en fonction des comp\u00e9tences et de la hi\u00e9rarchie, de mani\u00e8re simultan\u00e9e ou s\u00e9quentielle. En outre, <a href=\"https:\/\/www.newvoiceinternational.com\/fr\/mobicall\/\">MobiCall<\/a> prend en charge la surveillance interne, les sauvegardes automatiques, ainsi que les fonctionnalit\u00e9s de reporting et de statistiques.\r\n<div class=\"clearboth\"><\/div>\r\n<\/div>\r\n<\/div>\r\n<\/div>\r\n<\/div>\r\n<\/div>\r\n<img fetchpriority=\"high\" decoding=\"async\" width=\"900\" height=\"400\" class=\"size-medium wp-image-2152 aligncenter\" src=\"http:\/\/newvoicetest.online\/wp-content\/uploads\/2022\/07\/Oeffentl_Einrichtungen_structure_and_overview.jpg\" alt=\"\" srcset=\"https:\/\/newvoiceinternational.com\/wp-content\/uploads\/2022\/07\/Oeffentl_Einrichtungen_structure_and_overview.jpg 900w, https:\/\/newvoiceinternational.com\/wp-content\/uploads\/2022\/07\/Oeffentl_Einrichtungen_structure_and_overview-300x133.jpg 300w, https:\/\/newvoiceinternational.com\/wp-content\/uploads\/2022\/07\/Oeffentl_Einrichtungen_structure_and_overview-768x341.jpg 768w\" sizes=\"(max-width: 900px) 100vw, 900px\" \/>\r\n<div class=\"wpb_row vc_inner vc_row vc_row-fluid attched-false vc_custom_1486039041311 \">\r\n\r\n<a href=\"https:\/\/www.newvoiceinternational.com\/fr\/mobicall-app\/\">L&rsquo;application MobiCall<\/a> permet de configurer et de g\u00e9rer tous les sc\u00e9narios de mani\u00e8re centralis\u00e9e ou d\u00e9centralis\u00e9e. L&rsquo;outil de gestion bas\u00e9 sur le web offre un configurateur innovant \u00e0 l&rsquo;aide d&rsquo;une interface intuitive de \u00ab\u00a0drag-and-drop \u00bb. Les administrateurs et les utilisateurs responsables disposent d&rsquo;un outil clair et bien structur\u00e9 pour configurer les donn\u00e9es personnelles et les param\u00e8tres d&rsquo;alarme.\r\n\r\n<a href=\"https:\/\/www.newvoiceinternational.com\/fr\/mobicall\/\">MobiCall<\/a> prend en charge les protocoles bas\u00e9s sur les r\u00e9seaux \u00e9tendus \u00e0 faible consommation tels que LoRa, SigFox ou NB-IoT \u00e0 partir de la version actuelle. Gr\u00e2ce \u00e0 ces technologies, il est possible d&rsquo;int\u00e9grer rapidement et \u00e0 moindre co\u00fbt diff\u00e9rents types de capteurs. L&rsquo;avantage important de ces technologies est qu&rsquo;il n&rsquo;est pas requis d&rsquo;avoir une infrastructure GSM, WiFi ou Ethernet pour faire fonctionner les capteurs. \u00c9tant donn\u00e9 que le syst\u00e8me fonctionne sur batterie, il n&rsquo;est pas n\u00e9cessaire de les brancher sur une source d&rsquo;alimentation \u00e9lectrique. Ainsi, les boutons d&rsquo;urgence, les compteurs de services publics ou les capteurs de temp\u00e9rature et de niveau peuvent \u00eatre facilement connect\u00e9s \u00e0 un appareil <a href=\"https:\/\/www.newvoiceinternational.com\/fr\/mobicall\/\">MobiCall<\/a> central, entre autres.\r\n\r\n<\/div>\t\t\t\t\t\t\t\t<\/div>\n\t\t\t\t<\/div>\n\t\t\t\t\t<\/div>\n\t\t<\/div>\n\t\t\t\t\t<\/div>\n\t\t<\/section>\n\t\t\t\t<\/div>\n\t\t","protected":false},"excerpt":{"rendered":"<p>Gr\u00e2ce \u00e0 MobiCall, les \u00e9tudiants et le personnel sont mieux prot\u00e9g\u00e9s, et les alarmes techniques et op\u00e9rationnelles sont rapidement trait\u00e9es, \u00e9vitant ainsi toute interruption et am\u00e9liorant la s\u00e9curit\u00e9 publique. Le syst\u00e8me propose une distribution d&rsquo;informations en temps r\u00e9el, ce qui permet une planification flexible des horaires de travail. Selon la configuration, la transmission des informations [&hellip;]<\/p>\n","protected":false},"author":5,"featured_media":0,"parent":0,"menu_order":0,"comment_status":"closed","ping_status":"closed","template":"elementor_header_footer","meta":{"_eb_attr":"","inline_featured_image":false,"footnotes":""},"class_list":["post-36665","page","type-page","status-publish","hentry"],"acf":[],"yoast_head":"<!-- This site is optimized with the Yoast SEO plugin v27.4 - https:\/\/yoast.com\/product\/yoast-seo-wordpress\/ -->\n<title>Structure et vue d&#039;ensemble Education - NewVoice International<\/title>\n<meta name=\"robots\" content=\"index, follow, max-snippet:-1, max-image-preview:large, max-video-preview:-1\" \/>\n<link rel=\"canonical\" href=\"https:\/\/newvoiceinternational.com\/fr\/structure-et-vue-densemble-education\/\" \/>\n<meta property=\"og:locale\" content=\"fr_FR\" \/>\n<meta property=\"og:type\" content=\"article\" \/>\n<meta property=\"og:title\" content=\"Structure et vue d&#039;ensemble Education - NewVoice International\" \/>\n<meta property=\"og:description\" content=\"Gr\u00e2ce \u00e0 MobiCall, les \u00e9tudiants et le personnel sont mieux prot\u00e9g\u00e9s, et les alarmes techniques et op\u00e9rationnelles sont rapidement trait\u00e9es, \u00e9vitant ainsi toute interruption et am\u00e9liorant la s\u00e9curit\u00e9 publique. Le syst\u00e8me propose une distribution d&rsquo;informations en temps r\u00e9el, ce qui permet une planification flexible des horaires de travail. Selon la configuration, la transmission des informations [&hellip;]\" \/>\n<meta property=\"og:url\" content=\"https:\/\/newvoiceinternational.com\/fr\/structure-et-vue-densemble-education\/\" \/>\n<meta property=\"og:site_name\" content=\"NewVoice International\" \/>\n<meta property=\"article:modified_time\" content=\"2024-03-19T15:56:39+00:00\" \/>\n<meta property=\"og:image\" content=\"http:\/\/newvoicetest.online\/wp-content\/uploads\/2022\/07\/Oeffentl_Einrichtungen_structure_and_overview.jpg\" \/>\n<meta name=\"twitter:card\" content=\"summary_large_image\" \/>\n<meta name=\"twitter:label1\" content=\"Dur\u00e9e de lecture estim\u00e9e\" \/>\n\t<meta name=\"twitter:data1\" content=\"1 minute\" \/>\n<script type=\"application\/ld+json\" class=\"yoast-schema-graph\">{\"@context\":\"https:\\\/\\\/schema.org\",\"@graph\":[{\"@type\":\"WebPage\",\"@id\":\"https:\\\/\\\/newvoiceinternational.com\\\/fr\\\/structure-et-vue-densemble-education\\\/\",\"url\":\"https:\\\/\\\/newvoiceinternational.com\\\/fr\\\/structure-et-vue-densemble-education\\\/\",\"name\":\"Structure et vue d'ensemble Education - NewVoice International\",\"isPartOf\":{\"@id\":\"https:\\\/\\\/newvoiceinternational.com\\\/fr\\\/#website\"},\"primaryImageOfPage\":{\"@id\":\"https:\\\/\\\/newvoiceinternational.com\\\/fr\\\/structure-et-vue-densemble-education\\\/#primaryimage\"},\"image\":{\"@id\":\"https:\\\/\\\/newvoiceinternational.com\\\/fr\\\/structure-et-vue-densemble-education\\\/#primaryimage\"},\"thumbnailUrl\":\"http:\\\/\\\/newvoicetest.online\\\/wp-content\\\/uploads\\\/2022\\\/07\\\/Oeffentl_Einrichtungen_structure_and_overview.jpg\",\"datePublished\":\"2024-03-19T14:17:15+00:00\",\"dateModified\":\"2024-03-19T15:56:39+00:00\",\"breadcrumb\":{\"@id\":\"https:\\\/\\\/newvoiceinternational.com\\\/fr\\\/structure-et-vue-densemble-education\\\/#breadcrumb\"},\"inLanguage\":\"fr-FR\",\"potentialAction\":[{\"@type\":\"ReadAction\",\"target\":[\"https:\\\/\\\/newvoiceinternational.com\\\/fr\\\/structure-et-vue-densemble-education\\\/\"]}]},{\"@type\":\"ImageObject\",\"inLanguage\":\"fr-FR\",\"@id\":\"https:\\\/\\\/newvoiceinternational.com\\\/fr\\\/structure-et-vue-densemble-education\\\/#primaryimage\",\"url\":\"http:\\\/\\\/newvoicetest.online\\\/wp-content\\\/uploads\\\/2022\\\/07\\\/Oeffentl_Einrichtungen_structure_and_overview.jpg\",\"contentUrl\":\"http:\\\/\\\/newvoicetest.online\\\/wp-content\\\/uploads\\\/2022\\\/07\\\/Oeffentl_Einrichtungen_structure_and_overview.jpg\"},{\"@type\":\"BreadcrumbList\",\"@id\":\"https:\\\/\\\/newvoiceinternational.com\\\/fr\\\/structure-et-vue-densemble-education\\\/#breadcrumb\",\"itemListElement\":[{\"@type\":\"ListItem\",\"position\":1,\"name\":\"Home\",\"item\":\"https:\\\/\\\/newvoiceinternational.com\\\/fr\\\/\"},{\"@type\":\"ListItem\",\"position\":2,\"name\":\"Structure et vue d&rsquo;ensemble Education\"}]},{\"@type\":\"WebSite\",\"@id\":\"https:\\\/\\\/newvoiceinternational.com\\\/fr\\\/#website\",\"url\":\"https:\\\/\\\/newvoiceinternational.com\\\/fr\\\/\",\"name\":\"NewVoice International\",\"description\":\"\",\"publisher\":{\"@id\":\"https:\\\/\\\/newvoiceinternational.com\\\/fr\\\/#organization\"},\"potentialAction\":[{\"@type\":\"SearchAction\",\"target\":{\"@type\":\"EntryPoint\",\"urlTemplate\":\"https:\\\/\\\/newvoiceinternational.com\\\/fr\\\/?s={search_term_string}\"},\"query-input\":{\"@type\":\"PropertyValueSpecification\",\"valueRequired\":true,\"valueName\":\"search_term_string\"}}],\"inLanguage\":\"fr-FR\"},{\"@type\":\"Organization\",\"@id\":\"https:\\\/\\\/newvoiceinternational.com\\\/fr\\\/#organization\",\"name\":\"NewVoice International\",\"url\":\"https:\\\/\\\/newvoiceinternational.com\\\/fr\\\/\",\"logo\":{\"@type\":\"ImageObject\",\"inLanguage\":\"fr-FR\",\"@id\":\"https:\\\/\\\/newvoiceinternational.com\\\/fr\\\/#\\\/schema\\\/logo\\\/image\\\/\",\"url\":\"https:\\\/\\\/newvoiceinternational.com\\\/wp-content\\\/uploads\\\/2022\\\/06\\\/NV_Logo_RGB.png\",\"contentUrl\":\"https:\\\/\\\/newvoiceinternational.com\\\/wp-content\\\/uploads\\\/2022\\\/06\\\/NV_Logo_RGB.png\",\"width\":1200,\"height\":315,\"caption\":\"NewVoice International\"},\"image\":{\"@id\":\"https:\\\/\\\/newvoiceinternational.com\\\/fr\\\/#\\\/schema\\\/logo\\\/image\\\/\"}}]}<\/script>\n<!-- \/ Yoast SEO plugin. -->","yoast_head_json":{"title":"Structure et vue d'ensemble Education - NewVoice International","robots":{"index":"index","follow":"follow","max-snippet":"max-snippet:-1","max-image-preview":"max-image-preview:large","max-video-preview":"max-video-preview:-1"},"canonical":"https:\/\/newvoiceinternational.com\/fr\/structure-et-vue-densemble-education\/","og_locale":"fr_FR","og_type":"article","og_title":"Structure et vue d'ensemble Education - NewVoice International","og_description":"Gr\u00e2ce \u00e0 MobiCall, les \u00e9tudiants et le personnel sont mieux prot\u00e9g\u00e9s, et les alarmes techniques et op\u00e9rationnelles sont rapidement trait\u00e9es, \u00e9vitant ainsi toute interruption et am\u00e9liorant la s\u00e9curit\u00e9 publique. Le syst\u00e8me propose une distribution d&rsquo;informations en temps r\u00e9el, ce qui permet une planification flexible des horaires de travail. Selon la configuration, la transmission des informations [&hellip;]","og_url":"https:\/\/newvoiceinternational.com\/fr\/structure-et-vue-densemble-education\/","og_site_name":"NewVoice International","article_modified_time":"2024-03-19T15:56:39+00:00","og_image":[{"url":"http:\/\/newvoicetest.online\/wp-content\/uploads\/2022\/07\/Oeffentl_Einrichtungen_structure_and_overview.jpg","type":"","width":"","height":""}],"twitter_card":"summary_large_image","twitter_misc":{"Dur\u00e9e de lecture estim\u00e9e":"1 minute"},"schema":{"@context":"https:\/\/schema.org","@graph":[{"@type":"WebPage","@id":"https:\/\/newvoiceinternational.com\/fr\/structure-et-vue-densemble-education\/","url":"https:\/\/newvoiceinternational.com\/fr\/structure-et-vue-densemble-education\/","name":"Structure et vue d'ensemble Education - NewVoice International","isPartOf":{"@id":"https:\/\/newvoiceinternational.com\/fr\/#website"},"primaryImageOfPage":{"@id":"https:\/\/newvoiceinternational.com\/fr\/structure-et-vue-densemble-education\/#primaryimage"},"image":{"@id":"https:\/\/newvoiceinternational.com\/fr\/structure-et-vue-densemble-education\/#primaryimage"},"thumbnailUrl":"http:\/\/newvoicetest.online\/wp-content\/uploads\/2022\/07\/Oeffentl_Einrichtungen_structure_and_overview.jpg","datePublished":"2024-03-19T14:17:15+00:00","dateModified":"2024-03-19T15:56:39+00:00","breadcrumb":{"@id":"https:\/\/newvoiceinternational.com\/fr\/structure-et-vue-densemble-education\/#breadcrumb"},"inLanguage":"fr-FR","potentialAction":[{"@type":"ReadAction","target":["https:\/\/newvoiceinternational.com\/fr\/structure-et-vue-densemble-education\/"]}]},{"@type":"ImageObject","inLanguage":"fr-FR","@id":"https:\/\/newvoiceinternational.com\/fr\/structure-et-vue-densemble-education\/#primaryimage","url":"http:\/\/newvoicetest.online\/wp-content\/uploads\/2022\/07\/Oeffentl_Einrichtungen_structure_and_overview.jpg","contentUrl":"http:\/\/newvoicetest.online\/wp-content\/uploads\/2022\/07\/Oeffentl_Einrichtungen_structure_and_overview.jpg"},{"@type":"BreadcrumbList","@id":"https:\/\/newvoiceinternational.com\/fr\/structure-et-vue-densemble-education\/#breadcrumb","itemListElement":[{"@type":"ListItem","position":1,"name":"Home","item":"https:\/\/newvoiceinternational.com\/fr\/"},{"@type":"ListItem","position":2,"name":"Structure et vue d&rsquo;ensemble Education"}]},{"@type":"WebSite","@id":"https:\/\/newvoiceinternational.com\/fr\/#website","url":"https:\/\/newvoiceinternational.com\/fr\/","name":"NewVoice International","description":"","publisher":{"@id":"https:\/\/newvoiceinternational.com\/fr\/#organization"},"potentialAction":[{"@type":"SearchAction","target":{"@type":"EntryPoint","urlTemplate":"https:\/\/newvoiceinternational.com\/fr\/?s={search_term_string}"},"query-input":{"@type":"PropertyValueSpecification","valueRequired":true,"valueName":"search_term_string"}}],"inLanguage":"fr-FR"},{"@type":"Organization","@id":"https:\/\/newvoiceinternational.com\/fr\/#organization","name":"NewVoice International","url":"https:\/\/newvoiceinternational.com\/fr\/","logo":{"@type":"ImageObject","inLanguage":"fr-FR","@id":"https:\/\/newvoiceinternational.com\/fr\/#\/schema\/logo\/image\/","url":"https:\/\/newvoiceinternational.com\/wp-content\/uploads\/2022\/06\/NV_Logo_RGB.png","contentUrl":"https:\/\/newvoiceinternational.com\/wp-content\/uploads\/2022\/06\/NV_Logo_RGB.png","width":1200,"height":315,"caption":"NewVoice International"},"image":{"@id":"https:\/\/newvoiceinternational.com\/fr\/#\/schema\/logo\/image\/"}}]}},"_links":{"self":[{"href":"https:\/\/newvoiceinternational.com\/fr\/wp-json\/wp\/v2\/pages\/36665","targetHints":{"allow":["GET"]}}],"collection":[{"href":"https:\/\/newvoiceinternational.com\/fr\/wp-json\/wp\/v2\/pages"}],"about":[{"href":"https:\/\/newvoiceinternational.com\/fr\/wp-json\/wp\/v2\/types\/page"}],"author":[{"embeddable":true,"href":"https:\/\/newvoiceinternational.com\/fr\/wp-json\/wp\/v2\/users\/5"}],"replies":[{"embeddable":true,"href":"https:\/\/newvoiceinternational.com\/fr\/wp-json\/wp\/v2\/comments?post=36665"}],"version-history":[{"count":0,"href":"https:\/\/newvoiceinternational.com\/fr\/wp-json\/wp\/v2\/pages\/36665\/revisions"}],"wp:attachment":[{"href":"https:\/\/newvoiceinternational.com\/fr\/wp-json\/wp\/v2\/media?parent=36665"}],"curies":[{"name":"wp","href":"https:\/\/api.w.org\/{rel}","templated":true}]}}