{"id":36359,"date":"2024-03-13T14:26:31","date_gmt":"2024-03-13T13:26:31","guid":{"rendered":"https:\/\/newvoiceinternational.com\/gestion-de-service-et-optimisation-des-processus\/"},"modified":"2024-03-13T15:36:02","modified_gmt":"2024-03-13T14:36:02","slug":"gestion-de-service-et-optimisation-des-processus","status":"publish","type":"page","link":"https:\/\/newvoiceinternational.com\/fr\/gestion-de-service-et-optimisation-des-processus\/","title":{"rendered":"Gestion de service et optimisation des processus"},"content":{"rendered":"\t\t<div data-elementor-type=\"wp-page\" data-elementor-id=\"36359\" class=\"elementor elementor-36359 elementor-36339\" data-elementor-post-type=\"page\">\n\t\t\t\t\t\t<section class=\"elementor-section elementor-top-section elementor-element elementor-element-144196d elementor-section-boxed elementor-section-height-default elementor-section-height-default\" data-id=\"144196d\" data-element_type=\"section\" data-e-type=\"section\">\n\t\t\t\t\t\t<div class=\"elementor-container elementor-column-gap-default\">\n\t\t\t\t\t<div class=\"elementor-column elementor-col-100 elementor-top-column elementor-element elementor-element-d30df47\" data-id=\"d30df47\" data-element_type=\"column\" data-e-type=\"column\">\n\t\t\t<div class=\"elementor-widget-wrap elementor-element-populated\">\n\t\t\t\t\t\t<div class=\"elementor-element elementor-element-9b62511 elementor-widget elementor-widget-heading\" data-id=\"9b62511\" data-element_type=\"widget\" data-e-type=\"widget\" data-widget_type=\"heading.default\">\n\t\t\t\t<div class=\"elementor-widget-container\">\n\t\t\t\t\t<h2 class=\"elementor-heading-title elementor-size-default\">Gestion de service et optimisation des processus <\/h2>\t\t\t\t<\/div>\n\t\t\t\t<\/div>\n\t\t\t\t<div class=\"elementor-element elementor-element-3d0c89d elementor-widget elementor-widget-text-editor\" data-id=\"3d0c89d\" data-element_type=\"widget\" data-e-type=\"widget\" data-widget_type=\"text-editor.default\">\n\t\t\t\t<div class=\"elementor-widget-container\">\n\t\t\t\t\t\t\t\t\t<p>Une utilisation efficace de tous les moyens de communication est un facteur crucial de co\u00fbt et de qualit\u00e9 pour une entreprise h\u00f4teli\u00e8re. Gr\u00e2ce \u00e0 MobiCall, tous les syst\u00e8mes existants, tels que le syst\u00e8me t\u00e9l\u00e9phonique, le syst\u00e8me de divertissement et le logiciel de gestion h\u00f4teli\u00e8re, peuvent \u00eatre li\u00e9s entre eux. En cons\u00e9quence, le flux de travail peut \u00eatre optimis\u00e9, ce qui permet de r\u00e9duire les co\u00fbts et d&rsquo;am\u00e9liorer la qualit\u00e9 de service. Ici, le module de gestion des t\u00e2ches joue un r\u00f4le cl\u00e9, car il prend en charge la planification, l&rsquo;administration, la surveillance et l&rsquo;ex\u00e9cution de t\u00e2ches multi-supports.<\/p>\n<h4><strong>Int\u00e9gration de logiciels de gestion h\u00f4teli\u00e8re<\/strong><\/h4>\n<ul>\n<li>Int\u00e9gration de toutes les principales plateformes de logiciels de gestion h\u00f4teli\u00e8re<\/li>\n<li>Verrouillage et d\u00e9verrouillage du t\u00e9l\u00e9phone des clients lors de l&rsquo;enregistrement et du d\u00e9part<\/li>\n<li>Acquisition, collecte et transmission de donn\u00e9es d&rsquo;appels en tenant compte des mod\u00e8les de tarification sp\u00e9cifiques \u00e0 l&rsquo;h\u00f4tel<\/li>\n<li>Saisie de messages d&rsquo;\u00e9tat par t\u00e9l\u00e9phone, smartphone ou PC<\/li>\n<li>Service de r\u00e9veil avec gestion d&rsquo;escalade par t\u00e9l\u00e9phone<\/li>\n<li>Communication des travaux de nettoyage, de r\u00e9paration et d&rsquo;entretien<\/li>\n<li>Surveillance en temps r\u00e9el des t\u00e2ches en attente<\/li>\n<\/ul>\n<h4>Appel de service<\/h4>\n<ul>\n<li>Saisie multi-supports des t\u00e2ches de service<\/li>\n<li>Int\u00e9gration de capteurs \u00e0 pile pour la transmission automatis\u00e9e de messages d&rsquo;\u00e9tat (par exemple, minibar)<\/li>\n<li>Application h\u00f4teli\u00e8re adapt\u00e9e aux appareils Android et iOS<\/li>\n<li>Transmission de t\u00e2ches bas\u00e9es sur les comp\u00e9tences (par exemple, pour l&rsquo;\u00e9quipe de service)<\/li>\n<li>Fonctions de connexion et de d\u00e9connexion pour les membres du personnel<\/li>\n<li>Fonctionnalit\u00e9 VIP pour prioriser les t\u00e2ches<\/li>\n<li>Portail web multi-client capable de surveiller les SLA et d&rsquo;\u00e9valuer la qualit\u00e9 du service.<\/li>\n<\/ul>\n<h4><strong>Autres applications potentielles<\/strong><\/h4>\n<ul>\n<li>Fonction babyphone pour connecter le terminal de la chambre au t\u00e9l\u00e9phone portable des parents<\/li>\n<li>S\u00e9curisation de la zone SPA gr\u00e2ce \u00e0 un bouton d&rsquo;urgence (\u00ab\u00a0bouton rouge\u00a0\u00bb) avec alarme et conditions d&rsquo;escalade<\/li>\n<li>Option fixe et mobile pour s\u00e9curiser un seul poste de travail<\/li>\n<li>Connexion entre les modules de la station de porte incluant l&rsquo;int\u00e9gration vid\u00e9o<\/li>\n<li>Optimisation de la gestion de la continuit\u00e9 des activit\u00e9s, par exemple gr\u00e2ce \u00e0 une alerte de disponibilit\u00e9<\/li>\n<\/ul>\n\t\t\t\t\t\t\t\t<\/div>\n\t\t\t\t<\/div>\n\t\t\t\t\t<\/div>\n\t\t<\/div>\n\t\t\t\t\t<\/div>\n\t\t<\/section>\n\t\t\t\t<\/div>\n\t\t","protected":false},"excerpt":{"rendered":"<p>Gestion de service et optimisation des processus Une utilisation efficace de tous les moyens de communication est un facteur crucial de co\u00fbt et de qualit\u00e9 pour une entreprise h\u00f4teli\u00e8re. Gr\u00e2ce \u00e0 MobiCall, tous les syst\u00e8mes existants, tels que le syst\u00e8me t\u00e9l\u00e9phonique, le syst\u00e8me de divertissement et le logiciel de gestion h\u00f4teli\u00e8re, peuvent \u00eatre li\u00e9s entre [&hellip;]<\/p>\n","protected":false},"author":5,"featured_media":0,"parent":0,"menu_order":0,"comment_status":"closed","ping_status":"closed","template":"elementor_header_footer","meta":{"_eb_attr":"","inline_featured_image":false,"footnotes":""},"class_list":["post-36359","page","type-page","status-publish","hentry"],"acf":[],"yoast_head":"<!-- This site is optimized with the Yoast SEO plugin v27.1.1 - https:\/\/yoast.com\/product\/yoast-seo-wordpress\/ -->\n<title>Gestion de service et optimisation des processus - NewVoice International<\/title>\n<meta name=\"robots\" content=\"index, follow, max-snippet:-1, max-image-preview:large, max-video-preview:-1\" \/>\n<link rel=\"canonical\" href=\"https:\/\/newvoiceinternational.com\/service-management-and-process-optimization-hospitality\/\" \/>\n<meta property=\"og:locale\" content=\"fr_FR\" \/>\n<meta property=\"og:type\" content=\"article\" \/>\n<meta property=\"og:title\" content=\"Gestion de service et optimisation des processus - NewVoice International\" \/>\n<meta property=\"og:description\" content=\"Gestion de service et optimisation des processus Une utilisation efficace de tous les moyens de communication est un facteur crucial de co\u00fbt et de qualit\u00e9 pour une entreprise h\u00f4teli\u00e8re. Gr\u00e2ce \u00e0 MobiCall, tous les syst\u00e8mes existants, tels que le syst\u00e8me t\u00e9l\u00e9phonique, le syst\u00e8me de divertissement et le logiciel de gestion h\u00f4teli\u00e8re, peuvent \u00eatre li\u00e9s entre [&hellip;]\" \/>\n<meta property=\"og:url\" content=\"https:\/\/newvoiceinternational.com\/service-management-and-process-optimization-hospitality\/\" \/>\n<meta property=\"og:site_name\" content=\"NewVoice International\" \/>\n<meta property=\"article:modified_time\" content=\"2024-03-13T14:36:02+00:00\" \/>\n<meta name=\"twitter:card\" content=\"summary_large_image\" \/>\n<meta name=\"twitter:label1\" content=\"Dur\u00e9e de lecture estim\u00e9e\" \/>\n\t<meta name=\"twitter:data1\" content=\"2 minutes\" \/>\n<script type=\"application\/ld+json\" class=\"yoast-schema-graph\">{\"@context\":\"https:\/\/schema.org\",\"@graph\":[{\"@type\":\"WebPage\",\"@id\":\"https:\/\/newvoiceinternational.com\/service-management-and-process-optimization-hospitality\/\",\"url\":\"https:\/\/newvoiceinternational.com\/service-management-and-process-optimization-hospitality\/\",\"name\":\"Gestion de service et optimisation des processus - NewVoice International\",\"isPartOf\":{\"@id\":\"https:\/\/newvoiceinternational.com\/#website\"},\"datePublished\":\"2024-03-13T13:26:31+00:00\",\"dateModified\":\"2024-03-13T14:36:02+00:00\",\"breadcrumb\":{\"@id\":\"https:\/\/newvoiceinternational.com\/service-management-and-process-optimization-hospitality\/#breadcrumb\"},\"inLanguage\":\"fr-FR\",\"potentialAction\":[{\"@type\":\"ReadAction\",\"target\":[\"https:\/\/newvoiceinternational.com\/service-management-and-process-optimization-hospitality\/\"]}]},{\"@type\":\"BreadcrumbList\",\"@id\":\"https:\/\/newvoiceinternational.com\/service-management-and-process-optimization-hospitality\/#breadcrumb\",\"itemListElement\":[{\"@type\":\"ListItem\",\"position\":1,\"name\":\"Home\",\"item\":\"https:\/\/newvoiceinternational.com\/fr\/\"},{\"@type\":\"ListItem\",\"position\":2,\"name\":\"Gestion de service et optimisation des processus\"}]},{\"@type\":\"WebSite\",\"@id\":\"https:\/\/newvoiceinternational.com\/#website\",\"url\":\"https:\/\/newvoiceinternational.com\/\",\"name\":\"NewVoice International\",\"description\":\"\",\"publisher\":{\"@id\":\"https:\/\/newvoiceinternational.com\/#organization\"},\"potentialAction\":[{\"@type\":\"SearchAction\",\"target\":{\"@type\":\"EntryPoint\",\"urlTemplate\":\"https:\/\/newvoiceinternational.com\/?s={search_term_string}\"},\"query-input\":{\"@type\":\"PropertyValueSpecification\",\"valueRequired\":true,\"valueName\":\"search_term_string\"}}],\"inLanguage\":\"fr-FR\"},{\"@type\":\"Organization\",\"@id\":\"https:\/\/newvoiceinternational.com\/#organization\",\"name\":\"NewVoice International\",\"url\":\"https:\/\/newvoiceinternational.com\/\",\"logo\":{\"@type\":\"ImageObject\",\"inLanguage\":\"fr-FR\",\"@id\":\"https:\/\/newvoiceinternational.com\/#\/schema\/logo\/image\/\",\"url\":\"https:\/\/newvoiceinternational.com\/wp-content\/uploads\/2022\/06\/NV_Logo_RGB.png\",\"contentUrl\":\"https:\/\/newvoiceinternational.com\/wp-content\/uploads\/2022\/06\/NV_Logo_RGB.png\",\"width\":1200,\"height\":315,\"caption\":\"NewVoice International\"},\"image\":{\"@id\":\"https:\/\/newvoiceinternational.com\/#\/schema\/logo\/image\/\"}}]}<\/script>\n<!-- \/ Yoast SEO plugin. -->","yoast_head_json":{"title":"Gestion de service et optimisation des processus - NewVoice International","robots":{"index":"index","follow":"follow","max-snippet":"max-snippet:-1","max-image-preview":"max-image-preview:large","max-video-preview":"max-video-preview:-1"},"canonical":"https:\/\/newvoiceinternational.com\/service-management-and-process-optimization-hospitality\/","og_locale":"fr_FR","og_type":"article","og_title":"Gestion de service et optimisation des processus - NewVoice International","og_description":"Gestion de service et optimisation des processus Une utilisation efficace de tous les moyens de communication est un facteur crucial de co\u00fbt et de qualit\u00e9 pour une entreprise h\u00f4teli\u00e8re. Gr\u00e2ce \u00e0 MobiCall, tous les syst\u00e8mes existants, tels que le syst\u00e8me t\u00e9l\u00e9phonique, le syst\u00e8me de divertissement et le logiciel de gestion h\u00f4teli\u00e8re, peuvent \u00eatre li\u00e9s entre [&hellip;]","og_url":"https:\/\/newvoiceinternational.com\/service-management-and-process-optimization-hospitality\/","og_site_name":"NewVoice International","article_modified_time":"2024-03-13T14:36:02+00:00","twitter_card":"summary_large_image","twitter_misc":{"Dur\u00e9e de lecture estim\u00e9e":"2 minutes"},"schema":{"@context":"https:\/\/schema.org","@graph":[{"@type":"WebPage","@id":"https:\/\/newvoiceinternational.com\/service-management-and-process-optimization-hospitality\/","url":"https:\/\/newvoiceinternational.com\/service-management-and-process-optimization-hospitality\/","name":"Gestion de service et optimisation des processus - NewVoice International","isPartOf":{"@id":"https:\/\/newvoiceinternational.com\/#website"},"datePublished":"2024-03-13T13:26:31+00:00","dateModified":"2024-03-13T14:36:02+00:00","breadcrumb":{"@id":"https:\/\/newvoiceinternational.com\/service-management-and-process-optimization-hospitality\/#breadcrumb"},"inLanguage":"fr-FR","potentialAction":[{"@type":"ReadAction","target":["https:\/\/newvoiceinternational.com\/service-management-and-process-optimization-hospitality\/"]}]},{"@type":"BreadcrumbList","@id":"https:\/\/newvoiceinternational.com\/service-management-and-process-optimization-hospitality\/#breadcrumb","itemListElement":[{"@type":"ListItem","position":1,"name":"Home","item":"https:\/\/newvoiceinternational.com\/fr\/"},{"@type":"ListItem","position":2,"name":"Gestion de service et optimisation des processus"}]},{"@type":"WebSite","@id":"https:\/\/newvoiceinternational.com\/#website","url":"https:\/\/newvoiceinternational.com\/","name":"NewVoice International","description":"","publisher":{"@id":"https:\/\/newvoiceinternational.com\/#organization"},"potentialAction":[{"@type":"SearchAction","target":{"@type":"EntryPoint","urlTemplate":"https:\/\/newvoiceinternational.com\/?s={search_term_string}"},"query-input":{"@type":"PropertyValueSpecification","valueRequired":true,"valueName":"search_term_string"}}],"inLanguage":"fr-FR"},{"@type":"Organization","@id":"https:\/\/newvoiceinternational.com\/#organization","name":"NewVoice International","url":"https:\/\/newvoiceinternational.com\/","logo":{"@type":"ImageObject","inLanguage":"fr-FR","@id":"https:\/\/newvoiceinternational.com\/#\/schema\/logo\/image\/","url":"https:\/\/newvoiceinternational.com\/wp-content\/uploads\/2022\/06\/NV_Logo_RGB.png","contentUrl":"https:\/\/newvoiceinternational.com\/wp-content\/uploads\/2022\/06\/NV_Logo_RGB.png","width":1200,"height":315,"caption":"NewVoice International"},"image":{"@id":"https:\/\/newvoiceinternational.com\/#\/schema\/logo\/image\/"}}]}},"_links":{"self":[{"href":"https:\/\/newvoiceinternational.com\/fr\/wp-json\/wp\/v2\/pages\/36359","targetHints":{"allow":["GET"]}}],"collection":[{"href":"https:\/\/newvoiceinternational.com\/fr\/wp-json\/wp\/v2\/pages"}],"about":[{"href":"https:\/\/newvoiceinternational.com\/fr\/wp-json\/wp\/v2\/types\/page"}],"author":[{"embeddable":true,"href":"https:\/\/newvoiceinternational.com\/fr\/wp-json\/wp\/v2\/users\/5"}],"replies":[{"embeddable":true,"href":"https:\/\/newvoiceinternational.com\/fr\/wp-json\/wp\/v2\/comments?post=36359"}],"version-history":[{"count":0,"href":"https:\/\/newvoiceinternational.com\/fr\/wp-json\/wp\/v2\/pages\/36359\/revisions"}],"wp:attachment":[{"href":"https:\/\/newvoiceinternational.com\/fr\/wp-json\/wp\/v2\/media?parent=36359"}],"curies":[{"name":"wp","href":"https:\/\/api.w.org\/{rel}","templated":true}]}}