{"id":36355,"date":"2024-03-13T14:14:46","date_gmt":"2024-03-13T13:14:46","guid":{"rendered":"https:\/\/newvoiceinternational.com\/structure-et-vue-densemble-2\/"},"modified":"2024-03-13T15:31:36","modified_gmt":"2024-03-13T14:31:36","slug":"structure-et-vue-densemble-2","status":"publish","type":"page","link":"https:\/\/newvoiceinternational.com\/fr\/structure-et-vue-densemble-2\/","title":{"rendered":"Structure et vue d&rsquo;ensemble"},"content":{"rendered":"\t\t<div data-elementor-type=\"wp-page\" data-elementor-id=\"36355\" class=\"elementor elementor-36355 elementor-36324\" data-elementor-post-type=\"page\">\n\t\t\t\t\t\t<section class=\"elementor-section elementor-top-section elementor-element elementor-element-715fbf1 elementor-section-boxed elementor-section-height-default elementor-section-height-default\" data-id=\"715fbf1\" data-element_type=\"section\" data-e-type=\"section\">\n\t\t\t\t\t\t<div class=\"elementor-container elementor-column-gap-default\">\n\t\t\t\t\t<div class=\"elementor-column elementor-col-100 elementor-top-column elementor-element elementor-element-c5096d5\" data-id=\"c5096d5\" data-element_type=\"column\" data-e-type=\"column\">\n\t\t\t<div class=\"elementor-widget-wrap elementor-element-populated\">\n\t\t\t\t\t\t<div class=\"elementor-element elementor-element-fb1605a elementor-widget elementor-widget-heading\" data-id=\"fb1605a\" data-element_type=\"widget\" data-e-type=\"widget\" data-widget_type=\"heading.default\">\n\t\t\t\t<div class=\"elementor-widget-container\">\n\t\t\t\t\t<h2 class=\"elementor-heading-title elementor-size-default\">Structure et vue d'ensemble <\/h2>\t\t\t\t<\/div>\n\t\t\t\t<\/div>\n\t\t\t\t<div class=\"elementor-element elementor-element-8cae823 elementor-widget elementor-widget-text-editor\" data-id=\"8cae823\" data-element_type=\"widget\" data-e-type=\"widget\" data-widget_type=\"text-editor.default\">\n\t\t\t\t<div class=\"elementor-widget-container\">\n\t\t\t\t\t\t\t\t\t<div class=\"wpb_row vc_inner vc_row vc_row-fluid attched-false \">\r\n<div class=\"wpb_column vc_column_container vc_col-sm-12\">\r\n<div class=\"vc_column-inner vc_custom_1485950545614\">\r\n<div class=\"wpb_wrapper\">\r\n<div id=\"text-block-17\" class=\"mk-text-block \">\r\n\r\n<a href=\"https:\/\/www.newvoiceinternational.com\/fr\/mobicall\/\">MobiCall<\/a> offre une meilleure protection pour vos clients et membres du personnel, ainsi qu&rsquo;une r\u00e9activit\u00e9 rapide aux alarmes techniques et op\u00e9rationnelles, ce qui vous permet d&rsquo;\u00e9viter tout type de d\u00e9faillance, panne technique, temps d&rsquo;attente et insatisfaction. Le syst\u00e8me permet une distribution d&rsquo;informations d\u00e9pendante du temps et du calendrier, ce qui permet une cartographie flexible des horaires de service. Le transfert d&rsquo;informations se fait de mani\u00e8re bas\u00e9e sur les comp\u00e9tences et prioris\u00e9e, ainsi que de mani\u00e8re simultan\u00e9e ou s\u00e9quentielle, selon la configuration de l&rsquo;alarme. <a href=\"https:\/\/www.newvoiceinternational.com\/fr\/mobicall\/\">MobiCall<\/a> prend \u00e9galement en charge la surveillance interne de la veille, les sauvegardes automatiques ainsi que des fonctionnalit\u00e9s de rapports et de statistiques complets.\r\n\r\n<\/div>\r\n<\/div>\r\n<\/div>\r\n<\/div>\r\n<\/div>\r\n<img fetchpriority=\"high\" decoding=\"async\" width=\"900\" height=\"400\" class=\"size-medium wp-image-2152 aligncenter\" src=\"http:\/\/newvoicetest.online\/wp-content\/uploads\/2022\/07\/Oeffentl_Einrichtungen_structure_and_overview.jpg\" alt=\"\" srcset=\"https:\/\/newvoiceinternational.com\/wp-content\/uploads\/2022\/07\/Oeffentl_Einrichtungen_structure_and_overview.jpg 900w, https:\/\/newvoiceinternational.com\/wp-content\/uploads\/2022\/07\/Oeffentl_Einrichtungen_structure_and_overview-300x133.jpg 300w, https:\/\/newvoiceinternational.com\/wp-content\/uploads\/2022\/07\/Oeffentl_Einrichtungen_structure_and_overview-768x341.jpg 768w\" sizes=\"(max-width: 900px) 100vw, 900px\" \/><span style=\"font-size: inherit; text-align: inherit; color: var( --e-global-color-text ); font-family: var( --e-global-typography-text-font-family ), Sans-serif; font-style: var( --e-global-typography-text-font-style ); font-weight: var( --e-global-typography-text-font-weight ); letter-spacing: var( --e-global-typography-text-letter-spacing ); text-transform: var( --e-global-typography-text-text-transform );\">Tous les sc\u00e9narios peuvent \u00eatre configur\u00e9s et g\u00e9r\u00e9s via l&rsquo;application <\/span><a style=\"font-size: inherit; text-align: inherit; font-family: var( --e-global-typography-text-font-family ), Sans-serif; font-style: var( --e-global-typography-text-font-style ); font-weight: var( --e-global-typography-text-font-weight ); letter-spacing: var( --e-global-typography-text-letter-spacing ); text-transform: var( --e-global-typography-text-text-transform );\" href=\"https:\/\/www.newvoiceinternational.com\/fr\/mobicall\/\">MobiCall<\/a><span style=\"font-size: inherit; text-align: inherit; color: var( --e-global-color-text ); font-family: var( --e-global-typography-text-font-family ), Sans-serif; font-style: var( --e-global-typography-text-font-style ); font-weight: var( --e-global-typography-text-font-weight ); letter-spacing: var( --e-global-typography-text-letter-spacing ); text-transform: var( --e-global-typography-text-text-transform );\">, de mani\u00e8re centralis\u00e9e ou d\u00e9centralis\u00e9e. L&rsquo;outil de gestion bas\u00e9 sur le web dispose d&rsquo;un configurateur innovant \u00ab\u00a0drag-and-drop\u00a0\u00bb. Cette solution fournit aux administrateurs informatiques et aux utilisateurs responsables de groupes et de zones th\u00e9matiques un outil intuitif et clairement structur\u00e9 pour configurer les donn\u00e9es personnelles et les param\u00e8tres d&rsquo;alarme. La capacit\u00e9 multi-client offre aux diff\u00e9rentes zones la possibilit\u00e9 d&rsquo;administrer de mani\u00e8re autonome leur propre gestion d&rsquo;alarme gr\u00e2ce \u00e0 des droits d&rsquo;acc\u00e8s diff\u00e9renci\u00e9s. La connexion de bases de donn\u00e9es externes est \u00e9galement possible, permettant ainsi l&rsquo;utilisation de donn\u00e9es existantes pour l&rsquo;importation automatique, r\u00e9duisant ainsi la charge administrative.<\/span>\r\n<div class=\"wpb_row vc_inner vc_row vc_row-fluid attched-false vc_custom_1486039041311 \">\r\n\r\nEn tant que solution de s\u00e9curit\u00e9, <a href=\"https:\/\/www.newvoiceinternational.com\/fr\/mobicall\/\">MobiCall<\/a> peut \u00e9galement \u00eatre utilis\u00e9 dans une configuration redondante avec une performance accrue et une haute fiabilit\u00e9. La g\u00e9o-clusterisation <a href=\"https:\/\/www.newvoiceinternational.com\/fr\/mobicall\/\">MobiCall<\/a> permet la redondance et la surveillance fonctionnelle dans plusieurs endroits.\r\n\r\n\u00c0 partir de la version actuelle, <a href=\"https:\/\/www.newvoiceinternational.com\/fr\/mobicall\/\">MobiCall<\/a> prend en charge les protocoles bas\u00e9s sur les r\u00e9seaux \u00e0 faible consommation d&rsquo;\u00e9nergie tels que LoRa, SigFox ou NB-IoT. Gr\u00e2ce \u00e0 ces technologies, il est possible d&rsquo;int\u00e9grer rapidement et \u00e0 moindre co\u00fbt n&rsquo;importe quel type de capteur. Un avantage majeur de cette technologie est qu&rsquo;aucune infrastructure GSM, WiFi ou Ethernet n&rsquo;est n\u00e9cessaire pour faire fonctionner les capteurs. En raison du syst\u00e8me aliment\u00e9 par batterie, aucune connexion au r\u00e9seau \u00e9lectrique n&rsquo;est n\u00e9cessaire. Par cons\u00e9quent, des boutons d&rsquo;urgence, des compteurs d&rsquo;utilit\u00e9s ou des capteurs de temp\u00e9rature et de niveau peuvent simplement \u00eatre connect\u00e9s \u00e0 un dispositif central <a href=\"https:\/\/www.newvoiceinternational.com\/fr\/mobicall\/\">MobiCall<\/a>.\r\n\r\n<\/div>\t\t\t\t\t\t\t\t<\/div>\n\t\t\t\t<\/div>\n\t\t\t\t\t<\/div>\n\t\t<\/div>\n\t\t\t\t\t<\/div>\n\t\t<\/section>\n\t\t\t\t<\/div>\n\t\t","protected":false},"excerpt":{"rendered":"<p>Structure et vue d&rsquo;ensemble MobiCall offre une meilleure protection pour vos clients et membres du personnel, ainsi qu&rsquo;une r\u00e9activit\u00e9 rapide aux alarmes techniques et op\u00e9rationnelles, ce qui vous permet d&rsquo;\u00e9viter tout type de d\u00e9faillance, panne technique, temps d&rsquo;attente et insatisfaction. Le syst\u00e8me permet une distribution d&rsquo;informations d\u00e9pendante du temps et du calendrier, ce qui permet [&hellip;]<\/p>\n","protected":false},"author":5,"featured_media":0,"parent":0,"menu_order":0,"comment_status":"closed","ping_status":"closed","template":"elementor_header_footer","meta":{"_eb_attr":"","inline_featured_image":false,"footnotes":""},"class_list":["post-36355","page","type-page","status-publish","hentry"],"acf":[],"yoast_head":"<!-- This site is optimized with the Yoast SEO plugin v27.3 - https:\/\/yoast.com\/product\/yoast-seo-wordpress\/ -->\n<title>Structure et vue d&#039;ensemble - NewVoice International<\/title>\n<meta name=\"robots\" content=\"index, follow, max-snippet:-1, max-image-preview:large, max-video-preview:-1\" \/>\n<link rel=\"canonical\" href=\"https:\/\/newvoiceinternational.com\/fr\/structure-et-vue-densemble-2\/\" \/>\n<meta property=\"og:locale\" content=\"fr_FR\" \/>\n<meta property=\"og:type\" content=\"article\" \/>\n<meta property=\"og:title\" content=\"Structure et vue d&#039;ensemble - NewVoice International\" \/>\n<meta property=\"og:description\" content=\"Structure et vue d&rsquo;ensemble MobiCall offre une meilleure protection pour vos clients et membres du personnel, ainsi qu&rsquo;une r\u00e9activit\u00e9 rapide aux alarmes techniques et op\u00e9rationnelles, ce qui vous permet d&rsquo;\u00e9viter tout type de d\u00e9faillance, panne technique, temps d&rsquo;attente et insatisfaction. Le syst\u00e8me permet une distribution d&rsquo;informations d\u00e9pendante du temps et du calendrier, ce qui permet [&hellip;]\" \/>\n<meta property=\"og:url\" content=\"https:\/\/newvoiceinternational.com\/fr\/structure-et-vue-densemble-2\/\" \/>\n<meta property=\"og:site_name\" content=\"NewVoice International\" \/>\n<meta property=\"article:modified_time\" content=\"2024-03-13T14:31:36+00:00\" \/>\n<meta property=\"og:image\" content=\"http:\/\/newvoicetest.online\/wp-content\/uploads\/2022\/07\/Oeffentl_Einrichtungen_structure_and_overview.jpg\" \/>\n<meta name=\"twitter:card\" content=\"summary_large_image\" \/>\n<meta name=\"twitter:label1\" content=\"Dur\u00e9e de lecture estim\u00e9e\" \/>\n\t<meta name=\"twitter:data1\" content=\"2 minutes\" \/>\n<script type=\"application\/ld+json\" class=\"yoast-schema-graph\">{\"@context\":\"https:\\\/\\\/schema.org\",\"@graph\":[{\"@type\":\"WebPage\",\"@id\":\"https:\\\/\\\/newvoiceinternational.com\\\/fr\\\/structure-et-vue-densemble-2\\\/\",\"url\":\"https:\\\/\\\/newvoiceinternational.com\\\/fr\\\/structure-et-vue-densemble-2\\\/\",\"name\":\"Structure et vue d'ensemble - NewVoice International\",\"isPartOf\":{\"@id\":\"https:\\\/\\\/newvoiceinternational.com\\\/fr\\\/#website\"},\"primaryImageOfPage\":{\"@id\":\"https:\\\/\\\/newvoiceinternational.com\\\/fr\\\/structure-et-vue-densemble-2\\\/#primaryimage\"},\"image\":{\"@id\":\"https:\\\/\\\/newvoiceinternational.com\\\/fr\\\/structure-et-vue-densemble-2\\\/#primaryimage\"},\"thumbnailUrl\":\"http:\\\/\\\/newvoicetest.online\\\/wp-content\\\/uploads\\\/2022\\\/07\\\/Oeffentl_Einrichtungen_structure_and_overview.jpg\",\"datePublished\":\"2024-03-13T13:14:46+00:00\",\"dateModified\":\"2024-03-13T14:31:36+00:00\",\"breadcrumb\":{\"@id\":\"https:\\\/\\\/newvoiceinternational.com\\\/fr\\\/structure-et-vue-densemble-2\\\/#breadcrumb\"},\"inLanguage\":\"fr-FR\",\"potentialAction\":[{\"@type\":\"ReadAction\",\"target\":[\"https:\\\/\\\/newvoiceinternational.com\\\/fr\\\/structure-et-vue-densemble-2\\\/\"]}]},{\"@type\":\"ImageObject\",\"inLanguage\":\"fr-FR\",\"@id\":\"https:\\\/\\\/newvoiceinternational.com\\\/fr\\\/structure-et-vue-densemble-2\\\/#primaryimage\",\"url\":\"http:\\\/\\\/newvoicetest.online\\\/wp-content\\\/uploads\\\/2022\\\/07\\\/Oeffentl_Einrichtungen_structure_and_overview.jpg\",\"contentUrl\":\"http:\\\/\\\/newvoicetest.online\\\/wp-content\\\/uploads\\\/2022\\\/07\\\/Oeffentl_Einrichtungen_structure_and_overview.jpg\"},{\"@type\":\"BreadcrumbList\",\"@id\":\"https:\\\/\\\/newvoiceinternational.com\\\/fr\\\/structure-et-vue-densemble-2\\\/#breadcrumb\",\"itemListElement\":[{\"@type\":\"ListItem\",\"position\":1,\"name\":\"Home\",\"item\":\"https:\\\/\\\/newvoiceinternational.com\\\/fr\\\/\"},{\"@type\":\"ListItem\",\"position\":2,\"name\":\"Structure et vue d&#8217;ensemble\"}]},{\"@type\":\"WebSite\",\"@id\":\"https:\\\/\\\/newvoiceinternational.com\\\/fr\\\/#website\",\"url\":\"https:\\\/\\\/newvoiceinternational.com\\\/fr\\\/\",\"name\":\"NewVoice International\",\"description\":\"\",\"publisher\":{\"@id\":\"https:\\\/\\\/newvoiceinternational.com\\\/fr\\\/#organization\"},\"potentialAction\":[{\"@type\":\"SearchAction\",\"target\":{\"@type\":\"EntryPoint\",\"urlTemplate\":\"https:\\\/\\\/newvoiceinternational.com\\\/fr\\\/?s={search_term_string}\"},\"query-input\":{\"@type\":\"PropertyValueSpecification\",\"valueRequired\":true,\"valueName\":\"search_term_string\"}}],\"inLanguage\":\"fr-FR\"},{\"@type\":\"Organization\",\"@id\":\"https:\\\/\\\/newvoiceinternational.com\\\/fr\\\/#organization\",\"name\":\"NewVoice International\",\"url\":\"https:\\\/\\\/newvoiceinternational.com\\\/fr\\\/\",\"logo\":{\"@type\":\"ImageObject\",\"inLanguage\":\"fr-FR\",\"@id\":\"https:\\\/\\\/newvoiceinternational.com\\\/fr\\\/#\\\/schema\\\/logo\\\/image\\\/\",\"url\":\"https:\\\/\\\/newvoiceinternational.com\\\/wp-content\\\/uploads\\\/2022\\\/06\\\/NV_Logo_RGB.png\",\"contentUrl\":\"https:\\\/\\\/newvoiceinternational.com\\\/wp-content\\\/uploads\\\/2022\\\/06\\\/NV_Logo_RGB.png\",\"width\":1200,\"height\":315,\"caption\":\"NewVoice International\"},\"image\":{\"@id\":\"https:\\\/\\\/newvoiceinternational.com\\\/fr\\\/#\\\/schema\\\/logo\\\/image\\\/\"}}]}<\/script>\n<!-- \/ Yoast SEO plugin. -->","yoast_head_json":{"title":"Structure et vue d'ensemble - NewVoice International","robots":{"index":"index","follow":"follow","max-snippet":"max-snippet:-1","max-image-preview":"max-image-preview:large","max-video-preview":"max-video-preview:-1"},"canonical":"https:\/\/newvoiceinternational.com\/fr\/structure-et-vue-densemble-2\/","og_locale":"fr_FR","og_type":"article","og_title":"Structure et vue d'ensemble - NewVoice International","og_description":"Structure et vue d&rsquo;ensemble MobiCall offre une meilleure protection pour vos clients et membres du personnel, ainsi qu&rsquo;une r\u00e9activit\u00e9 rapide aux alarmes techniques et op\u00e9rationnelles, ce qui vous permet d&rsquo;\u00e9viter tout type de d\u00e9faillance, panne technique, temps d&rsquo;attente et insatisfaction. Le syst\u00e8me permet une distribution d&rsquo;informations d\u00e9pendante du temps et du calendrier, ce qui permet [&hellip;]","og_url":"https:\/\/newvoiceinternational.com\/fr\/structure-et-vue-densemble-2\/","og_site_name":"NewVoice International","article_modified_time":"2024-03-13T14:31:36+00:00","og_image":[{"url":"http:\/\/newvoicetest.online\/wp-content\/uploads\/2022\/07\/Oeffentl_Einrichtungen_structure_and_overview.jpg","type":"","width":"","height":""}],"twitter_card":"summary_large_image","twitter_misc":{"Dur\u00e9e de lecture estim\u00e9e":"2 minutes"},"schema":{"@context":"https:\/\/schema.org","@graph":[{"@type":"WebPage","@id":"https:\/\/newvoiceinternational.com\/fr\/structure-et-vue-densemble-2\/","url":"https:\/\/newvoiceinternational.com\/fr\/structure-et-vue-densemble-2\/","name":"Structure et vue d'ensemble - NewVoice International","isPartOf":{"@id":"https:\/\/newvoiceinternational.com\/fr\/#website"},"primaryImageOfPage":{"@id":"https:\/\/newvoiceinternational.com\/fr\/structure-et-vue-densemble-2\/#primaryimage"},"image":{"@id":"https:\/\/newvoiceinternational.com\/fr\/structure-et-vue-densemble-2\/#primaryimage"},"thumbnailUrl":"http:\/\/newvoicetest.online\/wp-content\/uploads\/2022\/07\/Oeffentl_Einrichtungen_structure_and_overview.jpg","datePublished":"2024-03-13T13:14:46+00:00","dateModified":"2024-03-13T14:31:36+00:00","breadcrumb":{"@id":"https:\/\/newvoiceinternational.com\/fr\/structure-et-vue-densemble-2\/#breadcrumb"},"inLanguage":"fr-FR","potentialAction":[{"@type":"ReadAction","target":["https:\/\/newvoiceinternational.com\/fr\/structure-et-vue-densemble-2\/"]}]},{"@type":"ImageObject","inLanguage":"fr-FR","@id":"https:\/\/newvoiceinternational.com\/fr\/structure-et-vue-densemble-2\/#primaryimage","url":"http:\/\/newvoicetest.online\/wp-content\/uploads\/2022\/07\/Oeffentl_Einrichtungen_structure_and_overview.jpg","contentUrl":"http:\/\/newvoicetest.online\/wp-content\/uploads\/2022\/07\/Oeffentl_Einrichtungen_structure_and_overview.jpg"},{"@type":"BreadcrumbList","@id":"https:\/\/newvoiceinternational.com\/fr\/structure-et-vue-densemble-2\/#breadcrumb","itemListElement":[{"@type":"ListItem","position":1,"name":"Home","item":"https:\/\/newvoiceinternational.com\/fr\/"},{"@type":"ListItem","position":2,"name":"Structure et vue d&#8217;ensemble"}]},{"@type":"WebSite","@id":"https:\/\/newvoiceinternational.com\/fr\/#website","url":"https:\/\/newvoiceinternational.com\/fr\/","name":"NewVoice International","description":"","publisher":{"@id":"https:\/\/newvoiceinternational.com\/fr\/#organization"},"potentialAction":[{"@type":"SearchAction","target":{"@type":"EntryPoint","urlTemplate":"https:\/\/newvoiceinternational.com\/fr\/?s={search_term_string}"},"query-input":{"@type":"PropertyValueSpecification","valueRequired":true,"valueName":"search_term_string"}}],"inLanguage":"fr-FR"},{"@type":"Organization","@id":"https:\/\/newvoiceinternational.com\/fr\/#organization","name":"NewVoice International","url":"https:\/\/newvoiceinternational.com\/fr\/","logo":{"@type":"ImageObject","inLanguage":"fr-FR","@id":"https:\/\/newvoiceinternational.com\/fr\/#\/schema\/logo\/image\/","url":"https:\/\/newvoiceinternational.com\/wp-content\/uploads\/2022\/06\/NV_Logo_RGB.png","contentUrl":"https:\/\/newvoiceinternational.com\/wp-content\/uploads\/2022\/06\/NV_Logo_RGB.png","width":1200,"height":315,"caption":"NewVoice International"},"image":{"@id":"https:\/\/newvoiceinternational.com\/fr\/#\/schema\/logo\/image\/"}}]}},"_links":{"self":[{"href":"https:\/\/newvoiceinternational.com\/fr\/wp-json\/wp\/v2\/pages\/36355","targetHints":{"allow":["GET"]}}],"collection":[{"href":"https:\/\/newvoiceinternational.com\/fr\/wp-json\/wp\/v2\/pages"}],"about":[{"href":"https:\/\/newvoiceinternational.com\/fr\/wp-json\/wp\/v2\/types\/page"}],"author":[{"embeddable":true,"href":"https:\/\/newvoiceinternational.com\/fr\/wp-json\/wp\/v2\/users\/5"}],"replies":[{"embeddable":true,"href":"https:\/\/newvoiceinternational.com\/fr\/wp-json\/wp\/v2\/comments?post=36355"}],"version-history":[{"count":0,"href":"https:\/\/newvoiceinternational.com\/fr\/wp-json\/wp\/v2\/pages\/36355\/revisions"}],"wp:attachment":[{"href":"https:\/\/newvoiceinternational.com\/fr\/wp-json\/wp\/v2\/media?parent=36355"}],"curies":[{"name":"wp","href":"https:\/\/api.w.org\/{rel}","templated":true}]}}