{"id":36272,"date":"2024-03-07T15:13:10","date_gmt":"2024-03-07T14:13:10","guid":{"rendered":"https:\/\/newvoiceinternational.com\/alerte-en-cas-dincendie-et-de-catastrophe\/"},"modified":"2024-03-12T11:43:22","modified_gmt":"2024-03-12T10:43:22","slug":"alerte-en-cas-dincendie-et-de-catastrophe","status":"publish","type":"page","link":"https:\/\/newvoiceinternational.com\/fr\/alerte-en-cas-dincendie-et-de-catastrophe\/","title":{"rendered":"Alerte en cas d\u2019incendie et de catastrophe"},"content":{"rendered":"\t\t<div data-elementor-type=\"wp-page\" data-elementor-id=\"36272\" class=\"elementor elementor-36272 elementor-36113\" data-elementor-post-type=\"page\">\n\t\t\t\t\t\t<section class=\"elementor-section elementor-top-section elementor-element elementor-element-5740e9e elementor-section-boxed elementor-section-height-default elementor-section-height-default\" data-id=\"5740e9e\" data-element_type=\"section\" data-e-type=\"section\">\n\t\t\t\t\t\t<div class=\"elementor-container elementor-column-gap-default\">\n\t\t\t\t\t<div class=\"elementor-column elementor-col-100 elementor-top-column elementor-element elementor-element-204a998\" data-id=\"204a998\" data-element_type=\"column\" data-e-type=\"column\">\n\t\t\t<div class=\"elementor-widget-wrap elementor-element-populated\">\n\t\t\t\t\t\t<div class=\"elementor-element elementor-element-c485f8f elementor-widget elementor-widget-heading\" data-id=\"c485f8f\" data-element_type=\"widget\" data-e-type=\"widget\" data-widget_type=\"heading.default\">\n\t\t\t\t<div class=\"elementor-widget-container\">\n\t\t\t\t\t<h2 class=\"elementor-heading-title elementor-size-default\">Alerte en cas d\u2019incendie et de catastrophe<\/h2>\t\t\t\t<\/div>\n\t\t\t\t<\/div>\n\t\t\t\t<div class=\"elementor-element elementor-element-c378528 elementor-widget elementor-widget-text-editor\" data-id=\"c378528\" data-element_type=\"widget\" data-e-type=\"widget\" data-widget_type=\"text-editor.default\">\n\t\t\t\t<div class=\"elementor-widget-container\">\n\t\t\t\t\t\t\t\t\t<p>Lors d\u2019une situation d\u2019urgence telle qu\u2019une alarme incendie ou une catastrophe, une alerte de masse imm\u00e9diate est indispensable. Gr\u00e2ce \u00e0\u00a0<a href=\"https:\/\/www.newvoiceinternational.com\/fr\/mobicall\/\">MobiCall<\/a>, il est possible d\u2019utiliser l\u2019infrastructure existante pour transmettre une alarme sonore ou optique via les t\u00e9l\u00e9phones et les ordinateurs. Conform\u00e9ment aux r\u00e8glementations en mati\u00e8re d\u2019incendie, une \u201calarme silencieuse\u201d peut \u00e9galement \u00eatre diffus\u00e9e pour alerter le personnel infirmier, les agents de s\u00e9curit\u00e9 incendie et les assistants d\u2019\u00e9vacuation.\u00a0<a href=\"https:\/\/www.newvoiceinternational.com\/fr\/mobicall\/\">MobiCall<\/a>\u00a0propose des interfaces standardis\u00e9es et sp\u00e9cifiques au fabricant pour transf\u00e9rer des informations pr\u00e9cises telles que le nom de la pi\u00e8ce et l\u2019\u00e9tage de l\u2019alarme incendie aux terminaux du personnel, permettant ainsi de localiser imm\u00e9diatement l\u2019origine de l\u2019alarme et r\u00e9duisant les risques de fausse alerte. Si n\u00e9cessaire, une alerte sectorielle peut \u00eatre \u00e9mise en plus d\u2019une \u00e9vacuation g\u00e9n\u00e9rale.<\/p>\n<p><img decoding=\"async\" class=\"alignnone size-medium wp-image-2169\" src=\"http:\/\/newvoicetest.online\/wp-content\/uploads\/2022\/07\/Hotel_Fire_and_disaster_alarm-3.jpg\" alt=\"\" \/><img fetchpriority=\"high\" decoding=\"async\" class=\"wp-image-2169 alignleft\" src=\"http:\/\/newvoicetest.online\/wp-content\/uploads\/2022\/07\/Hotel_Fire_and_disaster_alarm.jpg\" sizes=\"(max-width: 492px) 100vw, 492px\" srcset=\"https:\/\/newvoiceinternational.com\/wp-content\/uploads\/2022\/07\/Hotel_Fire_and_disaster_alarm.jpg 1024w, https:\/\/newvoiceinternational.com\/wp-content\/uploads\/2022\/07\/Hotel_Fire_and_disaster_alarm-300x180.jpg 300w, https:\/\/newvoiceinternational.com\/wp-content\/uploads\/2022\/07\/Hotel_Fire_and_disaster_alarm-768x461.jpg 768w\" alt=\"\" width=\"492\" height=\"295\" \/><\/p>\n<ul>\n<li>Un syst\u00e8me unique pour les alertes incendie, catastrophe et d\u2019urgence<\/li>\n<li>Int\u00e9gration des syst\u00e8mes d\u2019alarme existants \u00e0 l\u2019aide d\u2019interfaces standardis\u00e9es et sp\u00e9cifiques au fabricant (ESPA 4.4.4, ESPA-X, XML)<\/li>\n<li>D\u00e9clenchement automatique ou manuel de l\u2019alarme<\/li>\n<li>Alerte sp\u00e9cialis\u00e9e ou sectorielle selon le sc\u00e9nario<\/li>\n<li>Alerte multim\u00e9dia par t\u00e9l\u00e9phone, smartphone, client PC, haut-parleur IP.<\/li>\n<li>Activation de fonctions sp\u00e9ciales telles qu\u2019une adresse publique, une sonnerie sp\u00e9ciale ou l\u2019isolation d\u2019appel (selon le syst\u00e8me PBX)<\/li>\n<\/ul>\n\t\t\t\t\t\t\t\t<\/div>\n\t\t\t\t<\/div>\n\t\t\t\t\t<\/div>\n\t\t<\/div>\n\t\t\t\t\t<\/div>\n\t\t<\/section>\n\t\t\t\t<\/div>\n\t\t","protected":false},"excerpt":{"rendered":"<p>Alerte en cas d\u2019incendie et de catastrophe Lors d\u2019une situation d\u2019urgence telle qu\u2019une alarme incendie ou une catastrophe, une alerte de masse imm\u00e9diate est indispensable. Gr\u00e2ce \u00e0\u00a0MobiCall, il est possible d\u2019utiliser l\u2019infrastructure existante pour transmettre une alarme sonore ou optique via les t\u00e9l\u00e9phones et les ordinateurs. Conform\u00e9ment aux r\u00e8glementations en mati\u00e8re d\u2019incendie, une \u201calarme silencieuse\u201d [&hellip;]<\/p>\n","protected":false},"author":5,"featured_media":0,"parent":0,"menu_order":0,"comment_status":"closed","ping_status":"closed","template":"elementor_header_footer","meta":{"_eb_attr":"","inline_featured_image":false,"footnotes":""},"class_list":["post-36272","page","type-page","status-publish","hentry"],"acf":[],"yoast_head":"<!-- This site is optimized with the Yoast SEO plugin v27.4 - https:\/\/yoast.com\/product\/yoast-seo-wordpress\/ -->\n<title>Alerte en cas d\u2019incendie et de catastrophe - NewVoice International<\/title>\n<meta name=\"robots\" content=\"index, follow, max-snippet:-1, max-image-preview:large, max-video-preview:-1\" \/>\n<link rel=\"canonical\" href=\"https:\/\/newvoiceinternational.com\/fr\/alerte-en-cas-dincendie-et-de-catastrophe\/\" \/>\n<meta property=\"og:locale\" content=\"fr_FR\" \/>\n<meta property=\"og:type\" content=\"article\" \/>\n<meta property=\"og:title\" content=\"Alerte en cas d\u2019incendie et de catastrophe - NewVoice International\" \/>\n<meta property=\"og:description\" content=\"Alerte en cas d\u2019incendie et de catastrophe Lors d\u2019une situation d\u2019urgence telle qu\u2019une alarme incendie ou une catastrophe, une alerte de masse imm\u00e9diate est indispensable. Gr\u00e2ce \u00e0\u00a0MobiCall, il est possible d\u2019utiliser l\u2019infrastructure existante pour transmettre une alarme sonore ou optique via les t\u00e9l\u00e9phones et les ordinateurs. Conform\u00e9ment aux r\u00e8glementations en mati\u00e8re d\u2019incendie, une \u201calarme silencieuse\u201d [&hellip;]\" \/>\n<meta property=\"og:url\" content=\"https:\/\/newvoiceinternational.com\/fr\/alerte-en-cas-dincendie-et-de-catastrophe\/\" \/>\n<meta property=\"og:site_name\" content=\"NewVoice International\" \/>\n<meta property=\"article:modified_time\" content=\"2024-03-12T10:43:22+00:00\" \/>\n<meta property=\"og:image\" content=\"http:\/\/newvoicetest.online\/wp-content\/uploads\/2022\/07\/Hotel_Fire_and_disaster_alarm-3.jpg\" \/>\n<meta name=\"twitter:card\" content=\"summary_large_image\" \/>\n<meta name=\"twitter:label1\" content=\"Dur\u00e9e de lecture estim\u00e9e\" \/>\n\t<meta name=\"twitter:data1\" content=\"1 minute\" \/>\n<script type=\"application\/ld+json\" class=\"yoast-schema-graph\">{\"@context\":\"https:\\\/\\\/schema.org\",\"@graph\":[{\"@type\":\"WebPage\",\"@id\":\"https:\\\/\\\/newvoiceinternational.com\\\/fr\\\/alerte-en-cas-dincendie-et-de-catastrophe\\\/\",\"url\":\"https:\\\/\\\/newvoiceinternational.com\\\/fr\\\/alerte-en-cas-dincendie-et-de-catastrophe\\\/\",\"name\":\"Alerte en cas d\u2019incendie et de catastrophe - NewVoice International\",\"isPartOf\":{\"@id\":\"https:\\\/\\\/newvoiceinternational.com\\\/fr\\\/#website\"},\"primaryImageOfPage\":{\"@id\":\"https:\\\/\\\/newvoiceinternational.com\\\/fr\\\/alerte-en-cas-dincendie-et-de-catastrophe\\\/#primaryimage\"},\"image\":{\"@id\":\"https:\\\/\\\/newvoiceinternational.com\\\/fr\\\/alerte-en-cas-dincendie-et-de-catastrophe\\\/#primaryimage\"},\"thumbnailUrl\":\"http:\\\/\\\/newvoicetest.online\\\/wp-content\\\/uploads\\\/2022\\\/07\\\/Hotel_Fire_and_disaster_alarm-3.jpg\",\"datePublished\":\"2024-03-07T14:13:10+00:00\",\"dateModified\":\"2024-03-12T10:43:22+00:00\",\"breadcrumb\":{\"@id\":\"https:\\\/\\\/newvoiceinternational.com\\\/fr\\\/alerte-en-cas-dincendie-et-de-catastrophe\\\/#breadcrumb\"},\"inLanguage\":\"fr-FR\",\"potentialAction\":[{\"@type\":\"ReadAction\",\"target\":[\"https:\\\/\\\/newvoiceinternational.com\\\/fr\\\/alerte-en-cas-dincendie-et-de-catastrophe\\\/\"]}]},{\"@type\":\"ImageObject\",\"inLanguage\":\"fr-FR\",\"@id\":\"https:\\\/\\\/newvoiceinternational.com\\\/fr\\\/alerte-en-cas-dincendie-et-de-catastrophe\\\/#primaryimage\",\"url\":\"http:\\\/\\\/newvoicetest.online\\\/wp-content\\\/uploads\\\/2022\\\/07\\\/Hotel_Fire_and_disaster_alarm-3.jpg\",\"contentUrl\":\"http:\\\/\\\/newvoicetest.online\\\/wp-content\\\/uploads\\\/2022\\\/07\\\/Hotel_Fire_and_disaster_alarm-3.jpg\"},{\"@type\":\"BreadcrumbList\",\"@id\":\"https:\\\/\\\/newvoiceinternational.com\\\/fr\\\/alerte-en-cas-dincendie-et-de-catastrophe\\\/#breadcrumb\",\"itemListElement\":[{\"@type\":\"ListItem\",\"position\":1,\"name\":\"Home\",\"item\":\"https:\\\/\\\/newvoiceinternational.com\\\/fr\\\/\"},{\"@type\":\"ListItem\",\"position\":2,\"name\":\"Alerte en cas d\u2019incendie et de catastrophe\"}]},{\"@type\":\"WebSite\",\"@id\":\"https:\\\/\\\/newvoiceinternational.com\\\/fr\\\/#website\",\"url\":\"https:\\\/\\\/newvoiceinternational.com\\\/fr\\\/\",\"name\":\"NewVoice International\",\"description\":\"\",\"publisher\":{\"@id\":\"https:\\\/\\\/newvoiceinternational.com\\\/fr\\\/#organization\"},\"potentialAction\":[{\"@type\":\"SearchAction\",\"target\":{\"@type\":\"EntryPoint\",\"urlTemplate\":\"https:\\\/\\\/newvoiceinternational.com\\\/fr\\\/?s={search_term_string}\"},\"query-input\":{\"@type\":\"PropertyValueSpecification\",\"valueRequired\":true,\"valueName\":\"search_term_string\"}}],\"inLanguage\":\"fr-FR\"},{\"@type\":\"Organization\",\"@id\":\"https:\\\/\\\/newvoiceinternational.com\\\/fr\\\/#organization\",\"name\":\"NewVoice International\",\"url\":\"https:\\\/\\\/newvoiceinternational.com\\\/fr\\\/\",\"logo\":{\"@type\":\"ImageObject\",\"inLanguage\":\"fr-FR\",\"@id\":\"https:\\\/\\\/newvoiceinternational.com\\\/fr\\\/#\\\/schema\\\/logo\\\/image\\\/\",\"url\":\"https:\\\/\\\/newvoiceinternational.com\\\/wp-content\\\/uploads\\\/2022\\\/06\\\/NV_Logo_RGB.png\",\"contentUrl\":\"https:\\\/\\\/newvoiceinternational.com\\\/wp-content\\\/uploads\\\/2022\\\/06\\\/NV_Logo_RGB.png\",\"width\":1200,\"height\":315,\"caption\":\"NewVoice International\"},\"image\":{\"@id\":\"https:\\\/\\\/newvoiceinternational.com\\\/fr\\\/#\\\/schema\\\/logo\\\/image\\\/\"}}]}<\/script>\n<!-- \/ Yoast SEO plugin. -->","yoast_head_json":{"title":"Alerte en cas d\u2019incendie et de catastrophe - NewVoice International","robots":{"index":"index","follow":"follow","max-snippet":"max-snippet:-1","max-image-preview":"max-image-preview:large","max-video-preview":"max-video-preview:-1"},"canonical":"https:\/\/newvoiceinternational.com\/fr\/alerte-en-cas-dincendie-et-de-catastrophe\/","og_locale":"fr_FR","og_type":"article","og_title":"Alerte en cas d\u2019incendie et de catastrophe - NewVoice International","og_description":"Alerte en cas d\u2019incendie et de catastrophe Lors d\u2019une situation d\u2019urgence telle qu\u2019une alarme incendie ou une catastrophe, une alerte de masse imm\u00e9diate est indispensable. Gr\u00e2ce \u00e0\u00a0MobiCall, il est possible d\u2019utiliser l\u2019infrastructure existante pour transmettre une alarme sonore ou optique via les t\u00e9l\u00e9phones et les ordinateurs. Conform\u00e9ment aux r\u00e8glementations en mati\u00e8re d\u2019incendie, une \u201calarme silencieuse\u201d [&hellip;]","og_url":"https:\/\/newvoiceinternational.com\/fr\/alerte-en-cas-dincendie-et-de-catastrophe\/","og_site_name":"NewVoice International","article_modified_time":"2024-03-12T10:43:22+00:00","og_image":[{"url":"http:\/\/newvoicetest.online\/wp-content\/uploads\/2022\/07\/Hotel_Fire_and_disaster_alarm-3.jpg","type":"","width":"","height":""}],"twitter_card":"summary_large_image","twitter_misc":{"Dur\u00e9e de lecture estim\u00e9e":"1 minute"},"schema":{"@context":"https:\/\/schema.org","@graph":[{"@type":"WebPage","@id":"https:\/\/newvoiceinternational.com\/fr\/alerte-en-cas-dincendie-et-de-catastrophe\/","url":"https:\/\/newvoiceinternational.com\/fr\/alerte-en-cas-dincendie-et-de-catastrophe\/","name":"Alerte en cas d\u2019incendie et de catastrophe - NewVoice International","isPartOf":{"@id":"https:\/\/newvoiceinternational.com\/fr\/#website"},"primaryImageOfPage":{"@id":"https:\/\/newvoiceinternational.com\/fr\/alerte-en-cas-dincendie-et-de-catastrophe\/#primaryimage"},"image":{"@id":"https:\/\/newvoiceinternational.com\/fr\/alerte-en-cas-dincendie-et-de-catastrophe\/#primaryimage"},"thumbnailUrl":"http:\/\/newvoicetest.online\/wp-content\/uploads\/2022\/07\/Hotel_Fire_and_disaster_alarm-3.jpg","datePublished":"2024-03-07T14:13:10+00:00","dateModified":"2024-03-12T10:43:22+00:00","breadcrumb":{"@id":"https:\/\/newvoiceinternational.com\/fr\/alerte-en-cas-dincendie-et-de-catastrophe\/#breadcrumb"},"inLanguage":"fr-FR","potentialAction":[{"@type":"ReadAction","target":["https:\/\/newvoiceinternational.com\/fr\/alerte-en-cas-dincendie-et-de-catastrophe\/"]}]},{"@type":"ImageObject","inLanguage":"fr-FR","@id":"https:\/\/newvoiceinternational.com\/fr\/alerte-en-cas-dincendie-et-de-catastrophe\/#primaryimage","url":"http:\/\/newvoicetest.online\/wp-content\/uploads\/2022\/07\/Hotel_Fire_and_disaster_alarm-3.jpg","contentUrl":"http:\/\/newvoicetest.online\/wp-content\/uploads\/2022\/07\/Hotel_Fire_and_disaster_alarm-3.jpg"},{"@type":"BreadcrumbList","@id":"https:\/\/newvoiceinternational.com\/fr\/alerte-en-cas-dincendie-et-de-catastrophe\/#breadcrumb","itemListElement":[{"@type":"ListItem","position":1,"name":"Home","item":"https:\/\/newvoiceinternational.com\/fr\/"},{"@type":"ListItem","position":2,"name":"Alerte en cas d\u2019incendie et de catastrophe"}]},{"@type":"WebSite","@id":"https:\/\/newvoiceinternational.com\/fr\/#website","url":"https:\/\/newvoiceinternational.com\/fr\/","name":"NewVoice International","description":"","publisher":{"@id":"https:\/\/newvoiceinternational.com\/fr\/#organization"},"potentialAction":[{"@type":"SearchAction","target":{"@type":"EntryPoint","urlTemplate":"https:\/\/newvoiceinternational.com\/fr\/?s={search_term_string}"},"query-input":{"@type":"PropertyValueSpecification","valueRequired":true,"valueName":"search_term_string"}}],"inLanguage":"fr-FR"},{"@type":"Organization","@id":"https:\/\/newvoiceinternational.com\/fr\/#organization","name":"NewVoice International","url":"https:\/\/newvoiceinternational.com\/fr\/","logo":{"@type":"ImageObject","inLanguage":"fr-FR","@id":"https:\/\/newvoiceinternational.com\/fr\/#\/schema\/logo\/image\/","url":"https:\/\/newvoiceinternational.com\/wp-content\/uploads\/2022\/06\/NV_Logo_RGB.png","contentUrl":"https:\/\/newvoiceinternational.com\/wp-content\/uploads\/2022\/06\/NV_Logo_RGB.png","width":1200,"height":315,"caption":"NewVoice International"},"image":{"@id":"https:\/\/newvoiceinternational.com\/fr\/#\/schema\/logo\/image\/"}}]}},"_links":{"self":[{"href":"https:\/\/newvoiceinternational.com\/fr\/wp-json\/wp\/v2\/pages\/36272","targetHints":{"allow":["GET"]}}],"collection":[{"href":"https:\/\/newvoiceinternational.com\/fr\/wp-json\/wp\/v2\/pages"}],"about":[{"href":"https:\/\/newvoiceinternational.com\/fr\/wp-json\/wp\/v2\/types\/page"}],"author":[{"embeddable":true,"href":"https:\/\/newvoiceinternational.com\/fr\/wp-json\/wp\/v2\/users\/5"}],"replies":[{"embeddable":true,"href":"https:\/\/newvoiceinternational.com\/fr\/wp-json\/wp\/v2\/comments?post=36272"}],"version-history":[{"count":0,"href":"https:\/\/newvoiceinternational.com\/fr\/wp-json\/wp\/v2\/pages\/36272\/revisions"}],"wp:attachment":[{"href":"https:\/\/newvoiceinternational.com\/fr\/wp-json\/wp\/v2\/media?parent=36272"}],"curies":[{"name":"wp","href":"https:\/\/api.w.org\/{rel}","templated":true}]}}