{"id":36270,"date":"2024-03-07T15:16:40","date_gmt":"2024-03-07T14:16:40","guid":{"rendered":"https:\/\/newvoiceinternational.com\/appels-durgence-et-alarmes-malade\/"},"modified":"2024-03-12T11:41:44","modified_gmt":"2024-03-12T10:41:44","slug":"appels-durgence-et-alarmes-malade","status":"publish","type":"page","link":"https:\/\/newvoiceinternational.com\/fr\/appels-durgence-et-alarmes-malade\/","title":{"rendered":"Appels d\u2019urgence et alarmes malade"},"content":{"rendered":"\t\t<div data-elementor-type=\"wp-page\" data-elementor-id=\"36270\" class=\"elementor elementor-36270 elementor-36242\" data-elementor-post-type=\"page\">\n\t\t\t\t\t\t<section class=\"elementor-section elementor-top-section elementor-element elementor-element-eeb619f elementor-section-boxed elementor-section-height-default elementor-section-height-default\" data-id=\"eeb619f\" data-element_type=\"section\" data-e-type=\"section\">\n\t\t\t\t\t\t<div class=\"elementor-container elementor-column-gap-default\">\n\t\t\t\t\t<div class=\"elementor-column elementor-col-100 elementor-top-column elementor-element elementor-element-07eb28f\" data-id=\"07eb28f\" data-element_type=\"column\" data-e-type=\"column\">\n\t\t\t<div class=\"elementor-widget-wrap elementor-element-populated\">\n\t\t\t\t\t\t<div class=\"elementor-element elementor-element-652776c elementor-widget elementor-widget-heading\" data-id=\"652776c\" data-element_type=\"widget\" data-e-type=\"widget\" data-widget_type=\"heading.default\">\n\t\t\t\t<div class=\"elementor-widget-container\">\n\t\t\t\t\t<h2 class=\"elementor-heading-title elementor-size-default\">Appels d\u2019urgence et alarmes malade<\/h2>\t\t\t\t<\/div>\n\t\t\t\t<\/div>\n\t\t\t\t<div class=\"elementor-element elementor-element-80432d6 elementor-widget elementor-widget-text-editor\" data-id=\"80432d6\" data-element_type=\"widget\" data-e-type=\"widget\" data-widget_type=\"text-editor.default\">\n\t\t\t\t<div class=\"elementor-widget-container\">\n\t\t\t\t\t\t\t\t\t<div id=\"elementor-tab-title-1291\" class=\"elementor-tab-title elementor-active\" tabindex=\"0\" role=\"button\" data-tab=\"1\" aria-controls=\"elementor-tab-content-1291\" aria-expanded=\"true\" aria-selected=\"true\">Les \u00e9l\u00e9ments de l\u2019infrastructure sont constitu\u00e9s du syst\u00e8me d\u2019appel malade et des terminaux d\u2019appel d\u2019urgence. Les r\u00e9sidents peuvent facilement demander de l\u2019aide au personnel infirmier \u00e0 tout moment gr\u00e2ce \u00e0 un bouton d\u2019urgence. Selon la configuration de la solution, le destinataire de l\u2019alarme peut accuser r\u00e9ception positivement ou n\u00e9gativement. Si le destinataire de l\u2019alarme n\u2019est pas disponible apr\u00e8s un certain temps pr\u00e9d\u00e9fini ou si aucun accus\u00e9 de r\u00e9ception n\u00e9gatif n\u2019est re\u00e7u, d\u2019autres personnes et\/ou repr\u00e9sentants peuvent \u00eatre alert\u00e9s. Le syst\u00e8me offre \u00e9galement une distribution d\u2019informations bas\u00e9e sur le temps et le calendrier, avec une repr\u00e9sentation personnalisable des listes de disponibilit\u00e9 et des tableaux de service. Toutes les alarmes et proc\u00e9dures sont enregistr\u00e9es et archiv\u00e9es, ce qui permet au syst\u00e8me de fournir une documentation compl\u00e8te.<\/div>\n<div id=\"elementor-tab-content-1291\" class=\"elementor-tab-content elementor-clearfix elementor-active\" role=\"region\" data-tab=\"1\" aria-labelledby=\"elementor-tab-title-1291\">\n<p><a href=\"https:\/\/www.newvoiceinternational.com\/fr\/mobicall\/\">MobiCall<\/a>\u00a0peut \u00e9galement \u00eatre utilis\u00e9 pour connecter des syst\u00e8mes anti-errance afin de transf\u00e9rer directement les alarmes et les d\u00e9fauts techniques. De cette mani\u00e8re, cette solution minimise les itin\u00e9raires de marche et le stress pour les membres du personnel tout en am\u00e9liorant les temps de r\u00e9ponse en cas d\u2019appels d\u2019urgence. Cela implique d\u2019une part une augmentation des chances de sauver une vie, et d\u2019autre part une am\u00e9lioration du bien-\u00eatre des r\u00e9sidents.<\/p>\n<p><img fetchpriority=\"high\" decoding=\"async\" class=\"wp-image-2149 alignleft\" src=\"http:\/\/newvoicetest.online\/wp-content\/uploads\/2022\/07\/Pflege_Emergency_calls_patient_alarms.jpg\" sizes=\"(max-width: 491px) 100vw, 491px\" srcset=\"https:\/\/newvoiceinternational.com\/wp-content\/uploads\/2022\/07\/Pflege_Emergency_calls_patient_alarms.jpg 500w, https:\/\/newvoiceinternational.com\/wp-content\/uploads\/2022\/07\/Pflege_Emergency_calls_patient_alarms-300x180.jpg 300w\" alt=\"\" width=\"491\" height=\"295\" \/><\/p>\n<ul>\n<li>Alarmes li\u00e9es aux stations et aux inter stations<\/li>\n<li>Transfer des d\u00e9tails de l\u2019alarme, par exemple le type, l\u2019emplacement et l\u2019urgence<\/li>\n<li>Utilisation de diff\u00e9rents sc\u00e9narios d\u2019alarme en fonction de l\u2019urgence<\/li>\n<li>Prise en charge des plannings et des horaires de travail<\/li>\n<li>Alarmes multim\u00e9dias simultan\u00e9es sur diff\u00e9rents appareils<\/li>\n<li>Option de talk-back pour la chambre du patient<\/li>\n<li>Accus\u00e9 de r\u00e9ception n\u00e9gatif et positif<\/li>\n<li>Surveillance \u00a0des interfaces<\/li>\n<li>Possibilit\u00e9 de connexion de jusqu\u2019\u00e0 99 sous-syst\u00e8mes<\/li>\n<\/ul>\n<\/div>\n\t\t\t\t\t\t\t\t<\/div>\n\t\t\t\t<\/div>\n\t\t\t\t\t<\/div>\n\t\t<\/div>\n\t\t\t\t\t<\/div>\n\t\t<\/section>\n\t\t\t\t<\/div>\n\t\t","protected":false},"excerpt":{"rendered":"<p>Appels d\u2019urgence et alarmes malade Les \u00e9l\u00e9ments de l\u2019infrastructure sont constitu\u00e9s du syst\u00e8me d\u2019appel malade et des terminaux d\u2019appel d\u2019urgence. Les r\u00e9sidents peuvent facilement demander de l\u2019aide au personnel infirmier \u00e0 tout moment gr\u00e2ce \u00e0 un bouton d\u2019urgence. Selon la configuration de la solution, le destinataire de l\u2019alarme peut accuser r\u00e9ception positivement ou n\u00e9gativement. Si [&hellip;]<\/p>\n","protected":false},"author":5,"featured_media":0,"parent":0,"menu_order":0,"comment_status":"closed","ping_status":"closed","template":"elementor_header_footer","meta":{"_eb_attr":"","inline_featured_image":false,"footnotes":""},"class_list":["post-36270","page","type-page","status-publish","hentry"],"acf":[],"yoast_head":"<!-- This site is optimized with the Yoast SEO plugin v27.4 - https:\/\/yoast.com\/product\/yoast-seo-wordpress\/ -->\n<title>Appels d\u2019urgence et alarmes malade - NewVoice International<\/title>\n<meta name=\"robots\" content=\"index, follow, max-snippet:-1, max-image-preview:large, max-video-preview:-1\" \/>\n<link rel=\"canonical\" href=\"https:\/\/newvoiceinternational.com\/fr\/appels-durgence-et-alarmes-malade\/\" \/>\n<meta property=\"og:locale\" content=\"fr_FR\" \/>\n<meta property=\"og:type\" content=\"article\" \/>\n<meta property=\"og:title\" content=\"Appels d\u2019urgence et alarmes malade - NewVoice International\" \/>\n<meta property=\"og:description\" content=\"Appels d\u2019urgence et alarmes malade Les \u00e9l\u00e9ments de l\u2019infrastructure sont constitu\u00e9s du syst\u00e8me d\u2019appel malade et des terminaux d\u2019appel d\u2019urgence. Les r\u00e9sidents peuvent facilement demander de l\u2019aide au personnel infirmier \u00e0 tout moment gr\u00e2ce \u00e0 un bouton d\u2019urgence. Selon la configuration de la solution, le destinataire de l\u2019alarme peut accuser r\u00e9ception positivement ou n\u00e9gativement. Si [&hellip;]\" \/>\n<meta property=\"og:url\" content=\"https:\/\/newvoiceinternational.com\/fr\/appels-durgence-et-alarmes-malade\/\" \/>\n<meta property=\"og:site_name\" content=\"NewVoice International\" \/>\n<meta property=\"article:modified_time\" content=\"2024-03-12T10:41:44+00:00\" \/>\n<meta property=\"og:image\" content=\"http:\/\/newvoicetest.online\/wp-content\/uploads\/2022\/07\/Pflege_Emergency_calls_patient_alarms.jpg\" \/>\n<meta name=\"twitter:card\" content=\"summary_large_image\" \/>\n<meta name=\"twitter:label1\" content=\"Dur\u00e9e de lecture estim\u00e9e\" \/>\n\t<meta name=\"twitter:data1\" content=\"2 minutes\" \/>\n<script type=\"application\/ld+json\" class=\"yoast-schema-graph\">{\"@context\":\"https:\\\/\\\/schema.org\",\"@graph\":[{\"@type\":\"WebPage\",\"@id\":\"https:\\\/\\\/newvoiceinternational.com\\\/fr\\\/appels-durgence-et-alarmes-malade\\\/\",\"url\":\"https:\\\/\\\/newvoiceinternational.com\\\/fr\\\/appels-durgence-et-alarmes-malade\\\/\",\"name\":\"Appels d\u2019urgence et alarmes malade - NewVoice International\",\"isPartOf\":{\"@id\":\"https:\\\/\\\/newvoiceinternational.com\\\/fr\\\/#website\"},\"primaryImageOfPage\":{\"@id\":\"https:\\\/\\\/newvoiceinternational.com\\\/fr\\\/appels-durgence-et-alarmes-malade\\\/#primaryimage\"},\"image\":{\"@id\":\"https:\\\/\\\/newvoiceinternational.com\\\/fr\\\/appels-durgence-et-alarmes-malade\\\/#primaryimage\"},\"thumbnailUrl\":\"http:\\\/\\\/newvoicetest.online\\\/wp-content\\\/uploads\\\/2022\\\/07\\\/Pflege_Emergency_calls_patient_alarms.jpg\",\"datePublished\":\"2024-03-07T14:16:40+00:00\",\"dateModified\":\"2024-03-12T10:41:44+00:00\",\"breadcrumb\":{\"@id\":\"https:\\\/\\\/newvoiceinternational.com\\\/fr\\\/appels-durgence-et-alarmes-malade\\\/#breadcrumb\"},\"inLanguage\":\"fr-FR\",\"potentialAction\":[{\"@type\":\"ReadAction\",\"target\":[\"https:\\\/\\\/newvoiceinternational.com\\\/fr\\\/appels-durgence-et-alarmes-malade\\\/\"]}]},{\"@type\":\"ImageObject\",\"inLanguage\":\"fr-FR\",\"@id\":\"https:\\\/\\\/newvoiceinternational.com\\\/fr\\\/appels-durgence-et-alarmes-malade\\\/#primaryimage\",\"url\":\"http:\\\/\\\/newvoicetest.online\\\/wp-content\\\/uploads\\\/2022\\\/07\\\/Pflege_Emergency_calls_patient_alarms.jpg\",\"contentUrl\":\"http:\\\/\\\/newvoicetest.online\\\/wp-content\\\/uploads\\\/2022\\\/07\\\/Pflege_Emergency_calls_patient_alarms.jpg\"},{\"@type\":\"BreadcrumbList\",\"@id\":\"https:\\\/\\\/newvoiceinternational.com\\\/fr\\\/appels-durgence-et-alarmes-malade\\\/#breadcrumb\",\"itemListElement\":[{\"@type\":\"ListItem\",\"position\":1,\"name\":\"Home\",\"item\":\"https:\\\/\\\/newvoiceinternational.com\\\/fr\\\/\"},{\"@type\":\"ListItem\",\"position\":2,\"name\":\"Appels d\u2019urgence et alarmes malade\"}]},{\"@type\":\"WebSite\",\"@id\":\"https:\\\/\\\/newvoiceinternational.com\\\/fr\\\/#website\",\"url\":\"https:\\\/\\\/newvoiceinternational.com\\\/fr\\\/\",\"name\":\"NewVoice International\",\"description\":\"\",\"publisher\":{\"@id\":\"https:\\\/\\\/newvoiceinternational.com\\\/fr\\\/#organization\"},\"potentialAction\":[{\"@type\":\"SearchAction\",\"target\":{\"@type\":\"EntryPoint\",\"urlTemplate\":\"https:\\\/\\\/newvoiceinternational.com\\\/fr\\\/?s={search_term_string}\"},\"query-input\":{\"@type\":\"PropertyValueSpecification\",\"valueRequired\":true,\"valueName\":\"search_term_string\"}}],\"inLanguage\":\"fr-FR\"},{\"@type\":\"Organization\",\"@id\":\"https:\\\/\\\/newvoiceinternational.com\\\/fr\\\/#organization\",\"name\":\"NewVoice International\",\"url\":\"https:\\\/\\\/newvoiceinternational.com\\\/fr\\\/\",\"logo\":{\"@type\":\"ImageObject\",\"inLanguage\":\"fr-FR\",\"@id\":\"https:\\\/\\\/newvoiceinternational.com\\\/fr\\\/#\\\/schema\\\/logo\\\/image\\\/\",\"url\":\"https:\\\/\\\/newvoiceinternational.com\\\/wp-content\\\/uploads\\\/2022\\\/06\\\/NV_Logo_RGB.png\",\"contentUrl\":\"https:\\\/\\\/newvoiceinternational.com\\\/wp-content\\\/uploads\\\/2022\\\/06\\\/NV_Logo_RGB.png\",\"width\":1200,\"height\":315,\"caption\":\"NewVoice International\"},\"image\":{\"@id\":\"https:\\\/\\\/newvoiceinternational.com\\\/fr\\\/#\\\/schema\\\/logo\\\/image\\\/\"}}]}<\/script>\n<!-- \/ Yoast SEO plugin. -->","yoast_head_json":{"title":"Appels d\u2019urgence et alarmes malade - NewVoice International","robots":{"index":"index","follow":"follow","max-snippet":"max-snippet:-1","max-image-preview":"max-image-preview:large","max-video-preview":"max-video-preview:-1"},"canonical":"https:\/\/newvoiceinternational.com\/fr\/appels-durgence-et-alarmes-malade\/","og_locale":"fr_FR","og_type":"article","og_title":"Appels d\u2019urgence et alarmes malade - NewVoice International","og_description":"Appels d\u2019urgence et alarmes malade Les \u00e9l\u00e9ments de l\u2019infrastructure sont constitu\u00e9s du syst\u00e8me d\u2019appel malade et des terminaux d\u2019appel d\u2019urgence. Les r\u00e9sidents peuvent facilement demander de l\u2019aide au personnel infirmier \u00e0 tout moment gr\u00e2ce \u00e0 un bouton d\u2019urgence. Selon la configuration de la solution, le destinataire de l\u2019alarme peut accuser r\u00e9ception positivement ou n\u00e9gativement. Si [&hellip;]","og_url":"https:\/\/newvoiceinternational.com\/fr\/appels-durgence-et-alarmes-malade\/","og_site_name":"NewVoice International","article_modified_time":"2024-03-12T10:41:44+00:00","og_image":[{"url":"http:\/\/newvoicetest.online\/wp-content\/uploads\/2022\/07\/Pflege_Emergency_calls_patient_alarms.jpg","type":"","width":"","height":""}],"twitter_card":"summary_large_image","twitter_misc":{"Dur\u00e9e de lecture estim\u00e9e":"2 minutes"},"schema":{"@context":"https:\/\/schema.org","@graph":[{"@type":"WebPage","@id":"https:\/\/newvoiceinternational.com\/fr\/appels-durgence-et-alarmes-malade\/","url":"https:\/\/newvoiceinternational.com\/fr\/appels-durgence-et-alarmes-malade\/","name":"Appels d\u2019urgence et alarmes malade - NewVoice International","isPartOf":{"@id":"https:\/\/newvoiceinternational.com\/fr\/#website"},"primaryImageOfPage":{"@id":"https:\/\/newvoiceinternational.com\/fr\/appels-durgence-et-alarmes-malade\/#primaryimage"},"image":{"@id":"https:\/\/newvoiceinternational.com\/fr\/appels-durgence-et-alarmes-malade\/#primaryimage"},"thumbnailUrl":"http:\/\/newvoicetest.online\/wp-content\/uploads\/2022\/07\/Pflege_Emergency_calls_patient_alarms.jpg","datePublished":"2024-03-07T14:16:40+00:00","dateModified":"2024-03-12T10:41:44+00:00","breadcrumb":{"@id":"https:\/\/newvoiceinternational.com\/fr\/appels-durgence-et-alarmes-malade\/#breadcrumb"},"inLanguage":"fr-FR","potentialAction":[{"@type":"ReadAction","target":["https:\/\/newvoiceinternational.com\/fr\/appels-durgence-et-alarmes-malade\/"]}]},{"@type":"ImageObject","inLanguage":"fr-FR","@id":"https:\/\/newvoiceinternational.com\/fr\/appels-durgence-et-alarmes-malade\/#primaryimage","url":"http:\/\/newvoicetest.online\/wp-content\/uploads\/2022\/07\/Pflege_Emergency_calls_patient_alarms.jpg","contentUrl":"http:\/\/newvoicetest.online\/wp-content\/uploads\/2022\/07\/Pflege_Emergency_calls_patient_alarms.jpg"},{"@type":"BreadcrumbList","@id":"https:\/\/newvoiceinternational.com\/fr\/appels-durgence-et-alarmes-malade\/#breadcrumb","itemListElement":[{"@type":"ListItem","position":1,"name":"Home","item":"https:\/\/newvoiceinternational.com\/fr\/"},{"@type":"ListItem","position":2,"name":"Appels d\u2019urgence et alarmes malade"}]},{"@type":"WebSite","@id":"https:\/\/newvoiceinternational.com\/fr\/#website","url":"https:\/\/newvoiceinternational.com\/fr\/","name":"NewVoice International","description":"","publisher":{"@id":"https:\/\/newvoiceinternational.com\/fr\/#organization"},"potentialAction":[{"@type":"SearchAction","target":{"@type":"EntryPoint","urlTemplate":"https:\/\/newvoiceinternational.com\/fr\/?s={search_term_string}"},"query-input":{"@type":"PropertyValueSpecification","valueRequired":true,"valueName":"search_term_string"}}],"inLanguage":"fr-FR"},{"@type":"Organization","@id":"https:\/\/newvoiceinternational.com\/fr\/#organization","name":"NewVoice International","url":"https:\/\/newvoiceinternational.com\/fr\/","logo":{"@type":"ImageObject","inLanguage":"fr-FR","@id":"https:\/\/newvoiceinternational.com\/fr\/#\/schema\/logo\/image\/","url":"https:\/\/newvoiceinternational.com\/wp-content\/uploads\/2022\/06\/NV_Logo_RGB.png","contentUrl":"https:\/\/newvoiceinternational.com\/wp-content\/uploads\/2022\/06\/NV_Logo_RGB.png","width":1200,"height":315,"caption":"NewVoice International"},"image":{"@id":"https:\/\/newvoiceinternational.com\/fr\/#\/schema\/logo\/image\/"}}]}},"_links":{"self":[{"href":"https:\/\/newvoiceinternational.com\/fr\/wp-json\/wp\/v2\/pages\/36270","targetHints":{"allow":["GET"]}}],"collection":[{"href":"https:\/\/newvoiceinternational.com\/fr\/wp-json\/wp\/v2\/pages"}],"about":[{"href":"https:\/\/newvoiceinternational.com\/fr\/wp-json\/wp\/v2\/types\/page"}],"author":[{"embeddable":true,"href":"https:\/\/newvoiceinternational.com\/fr\/wp-json\/wp\/v2\/users\/5"}],"replies":[{"embeddable":true,"href":"https:\/\/newvoiceinternational.com\/fr\/wp-json\/wp\/v2\/comments?post=36270"}],"version-history":[{"count":0,"href":"https:\/\/newvoiceinternational.com\/fr\/wp-json\/wp\/v2\/pages\/36270\/revisions"}],"wp:attachment":[{"href":"https:\/\/newvoiceinternational.com\/fr\/wp-json\/wp\/v2\/media?parent=36270"}],"curies":[{"name":"wp","href":"https:\/\/api.w.org\/{rel}","templated":true}]}}