{"id":36087,"date":"2024-03-05T17:01:33","date_gmt":"2024-03-05T16:01:33","guid":{"rendered":"https:\/\/newvoiceinternational.com\/structure-et-vue-densemble\/"},"modified":"2024-03-06T12:43:09","modified_gmt":"2024-03-06T11:43:09","slug":"structure-et-vue-densemble","status":"publish","type":"page","link":"https:\/\/newvoiceinternational.com\/fr\/structure-et-vue-densemble\/","title":{"rendered":"Structure et vue d&rsquo;ensemble"},"content":{"rendered":"\t\t<div data-elementor-type=\"wp-page\" data-elementor-id=\"36087\" class=\"elementor elementor-36087 elementor-35995\" data-elementor-post-type=\"page\">\n\t\t\t\t\t\t<section class=\"elementor-section elementor-top-section elementor-element elementor-element-6b0defe elementor-section-boxed elementor-section-height-default elementor-section-height-default\" data-id=\"6b0defe\" data-element_type=\"section\" data-e-type=\"section\">\n\t\t\t\t\t\t<div class=\"elementor-container elementor-column-gap-default\">\n\t\t\t\t\t<div class=\"elementor-column elementor-col-100 elementor-top-column elementor-element elementor-element-9bcaea5\" data-id=\"9bcaea5\" data-element_type=\"column\" data-e-type=\"column\">\n\t\t\t<div class=\"elementor-widget-wrap elementor-element-populated\">\n\t\t\t\t\t\t<div class=\"elementor-element elementor-element-fa2a84d elementor-widget elementor-widget-heading\" data-id=\"fa2a84d\" data-element_type=\"widget\" data-e-type=\"widget\" data-widget_type=\"heading.default\">\n\t\t\t\t<div class=\"elementor-widget-container\">\n\t\t\t\t\t<h2 class=\"elementor-heading-title elementor-size-default\">Structure et vue d'ensemble <\/h2>\t\t\t\t<\/div>\n\t\t\t\t<\/div>\n\t\t\t\t<div class=\"elementor-element elementor-element-55846e7 elementor-widget elementor-widget-text-editor\" data-id=\"55846e7\" data-element_type=\"widget\" data-e-type=\"widget\" data-widget_type=\"text-editor.default\">\n\t\t\t\t<div class=\"elementor-widget-container\">\n\t\t\t\t\t\t\t\t\t<p>Dans les \u00e9tablissements de sant\u00e9, la transmission efficace et fiable des informations peut aider \u00e0 sauver des vies et \u00e0 r\u00e9agir avec succ\u00e8s en cas d&rsquo;\u00e9v\u00e9nements ou d&rsquo;incidents critiques. New Voice <a href=\"https:\/\/www.newvoiceinternational.com\/fr\/mobicall\/\">MobiCall<\/a> prend en charge une vari\u00e9t\u00e9 d&rsquo;interfaces normalis\u00e9es et sp\u00e9cifiques au fabricant afin d&rsquo;assurer une int\u00e9gration compl\u00e8te des syst\u00e8mes cliniques, administratifs et techniques utilis\u00e9s. En fonction des \u00e9v\u00e9nements, <a href=\"https:\/\/www.newvoiceinternational.com\/fr\/mobicall\/\">MobiCall<\/a> peut alerter automatiquement le personnel ou les techniciens internes, individuellement ou en groupe, via tous les m\u00e9dias connus en utilisant des messages vocaux, textuels et d&rsquo;image.<\/p>\n<p>Dans ce contexte, tous les flux de processus existants de l&rsquo;environnement hospitalier peuvent \u00eatre pris en compte. Le syst\u00e8me assure une distribution d&rsquo;informations d\u00e9pendante du temps et du calendrier, ce qui permet une cartographie flexible des plannings de service. Le transfert d&rsquo;informations se fait sur une base de comp\u00e9tences et de priorit\u00e9s, ainsi que de mani\u00e8re simultan\u00e9e ou s\u00e9quentielle, en fonction de la configuration de l&rsquo;alarme. Pour garantir la s\u00e9curit\u00e9 maximale, il est possible de d\u00e9terminer un nombre sp\u00e9cifique de destinataires qui doivent confirmer la r\u00e9ception de l&rsquo;alarme. Si ce crit\u00e8re n&rsquo;est pas rempli, le syst\u00e8me peut d\u00e9clencher une escalade d&rsquo;alarme pour notifier plus de participants. <a href=\"https:\/\/www.newvoiceinternational.com\/fr\/mobicall\/\">MobiCall<\/a> prend \u00e9galement en charge la surveillance interne du syst\u00e8me, les sauvegardes automatiques ainsi que des fonctionnalit\u00e9s de reporting et de statistiques compl\u00e8tes.<\/p>\n<p><img fetchpriority=\"high\" decoding=\"async\" width=\"900\" height=\"400\" class=\"size-medium wp-image-2152 aligncenter\" src=\"http:\/\/newvoicetest.online\/wp-content\/uploads\/2022\/07\/Oeffentl_Einrichtungen_structure_and_overview.jpg\" alt=\"\" srcset=\"https:\/\/newvoiceinternational.com\/wp-content\/uploads\/2022\/07\/Oeffentl_Einrichtungen_structure_and_overview.jpg 900w, https:\/\/newvoiceinternational.com\/wp-content\/uploads\/2022\/07\/Oeffentl_Einrichtungen_structure_and_overview-300x133.jpg 300w, https:\/\/newvoiceinternational.com\/wp-content\/uploads\/2022\/07\/Oeffentl_Einrichtungen_structure_and_overview-768x341.jpg 768w\" sizes=\"(max-width: 900px) 100vw, 900px\" \/><\/p>\n<div class=\"wpb_row vc_inner vc_row vc_row-fluid attched-false vc_custom_1486039041311 \">\n<div class=\"wpb_column vc_column_container vc_col-sm-6\">\n<div class=\"vc_column-inner\">\n<div class=\"wpb_wrapper\">\n<div id=\"text-block-23\" class=\"mk-text-block \">\n<p><a href=\"https:\/\/www.newvoiceinternational.com\/fr\/mobicall-app\/\">L&rsquo;application MobiCall<\/a> permet la configuration et la gestion de tous les sc\u00e9narios de mani\u00e8re centralis\u00e9e ou d\u00e9centralis\u00e9e. L&rsquo;outil de gestion bas\u00e9 sur le web est dot\u00e9 d&rsquo;un configurateur innovant \u00ab\u00a0drag-and-drop\u00a0\u00bb. Il offre aux administrateurs informatiques et aux utilisateurs responsables de groupes et de domaines d&rsquo;activit\u00e9 un outil intuitif, structur\u00e9 pour configurer les donn\u00e9es personnelles. La capacit\u00e9 multi-client permet \u00e0 diff\u00e9rents domaines d&rsquo;administrer leur propre gestion d&rsquo;alarme de mani\u00e8re autonome, gr\u00e2ce \u00e0 des droits d&rsquo;acc\u00e8s diff\u00e9renci\u00e9s. La connexion de bases de donn\u00e9es externes (par exemple SAP ou AD) est \u00e9galement possible, ce qui permet d&rsquo;utiliser les donn\u00e9es ma\u00eetres existantes pour l&rsquo;importation automatique et de r\u00e9duire ainsi la charge administrative.<\/p>\n<p><a href=\"https:\/\/www.newvoiceinternational.com\/fr\/mobicall\/\">MobiCall<\/a> est disponible en deux versions. <a href=\"https:\/\/www.newvoiceinternational.com\/fr\/mobibbox\/\">MobiBBox<\/a> est une solution intelligente \u00ab\u00a0plug &amp; use\u00a0\u00bb install\u00e9e sur un PC industriel compact avec un serveur web int\u00e9gr\u00e9 (appliance). Cette solution est con\u00e7ue pour r\u00e9pondre aux exigences standard des petites et moyennes entreprises. Pour des exigences plus grandes et complexes, <a href=\"https:\/\/www.newvoiceinternational.com\/fr\/mobicall\/\">MobiCall<\/a> cr\u00e9e \u00e9galement une plateforme plus puissante en utilisant du mat\u00e9riel de serveur ou des environnements virtuels. En tant que solution de s\u00e9curit\u00e9 professionnelle, <a href=\"https:\/\/www.newvoiceinternational.com\/fr\/mobicall\/\">MobiCall<\/a> peut \u00e9galement \u00eatre configur\u00e9e en mode redondant pour une performance accrue et une fiabilit\u00e9 \u00e9lev\u00e9e. La g\u00e9o-clusterisation de <a href=\"https:\/\/www.newvoiceinternational.com\/fr\/mobicall\/\">MobiCall<\/a> permet la redondance et la surveillance fonctionnelle dans plusieurs emplacements.<\/p>\n<\/div>\n<\/div>\n<\/div>\n<\/div>\n<\/div>\n\t\t\t\t\t\t\t\t<\/div>\n\t\t\t\t<\/div>\n\t\t\t\t\t<\/div>\n\t\t<\/div>\n\t\t\t\t\t<\/div>\n\t\t<\/section>\n\t\t\t\t<\/div>\n\t\t","protected":false},"excerpt":{"rendered":"<p>Structure et vue d&rsquo;ensemble Dans les \u00e9tablissements de sant\u00e9, la transmission efficace et fiable des informations peut aider \u00e0 sauver des vies et \u00e0 r\u00e9agir avec succ\u00e8s en cas d&rsquo;\u00e9v\u00e9nements ou d&rsquo;incidents critiques. New Voice MobiCall prend en charge une vari\u00e9t\u00e9 d&rsquo;interfaces normalis\u00e9es et sp\u00e9cifiques au fabricant afin d&rsquo;assurer une int\u00e9gration compl\u00e8te des syst\u00e8mes cliniques, [&hellip;]<\/p>\n","protected":false},"author":5,"featured_media":0,"parent":0,"menu_order":0,"comment_status":"closed","ping_status":"closed","template":"elementor_header_footer","meta":{"_eb_attr":"","inline_featured_image":false,"footnotes":""},"class_list":["post-36087","page","type-page","status-publish","hentry"],"acf":[],"yoast_head":"<!-- This site is optimized with the Yoast SEO plugin v27.3 - https:\/\/yoast.com\/product\/yoast-seo-wordpress\/ -->\n<title>Structure et vue d&#039;ensemble - NewVoice International<\/title>\n<meta name=\"robots\" content=\"index, follow, max-snippet:-1, max-image-preview:large, max-video-preview:-1\" \/>\n<link rel=\"canonical\" href=\"https:\/\/newvoiceinternational.com\/fr\/structure-et-vue-densemble\/\" \/>\n<meta property=\"og:locale\" content=\"fr_FR\" \/>\n<meta property=\"og:type\" content=\"article\" \/>\n<meta property=\"og:title\" content=\"Structure et vue d&#039;ensemble - NewVoice International\" \/>\n<meta property=\"og:description\" content=\"Structure et vue d&rsquo;ensemble Dans les \u00e9tablissements de sant\u00e9, la transmission efficace et fiable des informations peut aider \u00e0 sauver des vies et \u00e0 r\u00e9agir avec succ\u00e8s en cas d&rsquo;\u00e9v\u00e9nements ou d&rsquo;incidents critiques. New Voice MobiCall prend en charge une vari\u00e9t\u00e9 d&rsquo;interfaces normalis\u00e9es et sp\u00e9cifiques au fabricant afin d&rsquo;assurer une int\u00e9gration compl\u00e8te des syst\u00e8mes cliniques, [&hellip;]\" \/>\n<meta property=\"og:url\" content=\"https:\/\/newvoiceinternational.com\/fr\/structure-et-vue-densemble\/\" \/>\n<meta property=\"og:site_name\" content=\"NewVoice International\" \/>\n<meta property=\"article:modified_time\" content=\"2024-03-06T11:43:09+00:00\" \/>\n<meta property=\"og:image\" content=\"http:\/\/newvoicetest.online\/wp-content\/uploads\/2022\/07\/Oeffentl_Einrichtungen_structure_and_overview.jpg\" \/>\n<meta name=\"twitter:card\" content=\"summary_large_image\" \/>\n<meta name=\"twitter:label1\" content=\"Dur\u00e9e de lecture estim\u00e9e\" \/>\n\t<meta name=\"twitter:data1\" content=\"2 minutes\" \/>\n<script type=\"application\/ld+json\" class=\"yoast-schema-graph\">{\"@context\":\"https:\\\/\\\/schema.org\",\"@graph\":[{\"@type\":\"WebPage\",\"@id\":\"https:\\\/\\\/newvoiceinternational.com\\\/fr\\\/structure-et-vue-densemble\\\/\",\"url\":\"https:\\\/\\\/newvoiceinternational.com\\\/fr\\\/structure-et-vue-densemble\\\/\",\"name\":\"Structure et vue d'ensemble - NewVoice International\",\"isPartOf\":{\"@id\":\"https:\\\/\\\/newvoiceinternational.com\\\/fr\\\/#website\"},\"primaryImageOfPage\":{\"@id\":\"https:\\\/\\\/newvoiceinternational.com\\\/fr\\\/structure-et-vue-densemble\\\/#primaryimage\"},\"image\":{\"@id\":\"https:\\\/\\\/newvoiceinternational.com\\\/fr\\\/structure-et-vue-densemble\\\/#primaryimage\"},\"thumbnailUrl\":\"http:\\\/\\\/newvoicetest.online\\\/wp-content\\\/uploads\\\/2022\\\/07\\\/Oeffentl_Einrichtungen_structure_and_overview.jpg\",\"datePublished\":\"2024-03-05T16:01:33+00:00\",\"dateModified\":\"2024-03-06T11:43:09+00:00\",\"breadcrumb\":{\"@id\":\"https:\\\/\\\/newvoiceinternational.com\\\/fr\\\/structure-et-vue-densemble\\\/#breadcrumb\"},\"inLanguage\":\"fr-FR\",\"potentialAction\":[{\"@type\":\"ReadAction\",\"target\":[\"https:\\\/\\\/newvoiceinternational.com\\\/fr\\\/structure-et-vue-densemble\\\/\"]}]},{\"@type\":\"ImageObject\",\"inLanguage\":\"fr-FR\",\"@id\":\"https:\\\/\\\/newvoiceinternational.com\\\/fr\\\/structure-et-vue-densemble\\\/#primaryimage\",\"url\":\"http:\\\/\\\/newvoicetest.online\\\/wp-content\\\/uploads\\\/2022\\\/07\\\/Oeffentl_Einrichtungen_structure_and_overview.jpg\",\"contentUrl\":\"http:\\\/\\\/newvoicetest.online\\\/wp-content\\\/uploads\\\/2022\\\/07\\\/Oeffentl_Einrichtungen_structure_and_overview.jpg\"},{\"@type\":\"BreadcrumbList\",\"@id\":\"https:\\\/\\\/newvoiceinternational.com\\\/fr\\\/structure-et-vue-densemble\\\/#breadcrumb\",\"itemListElement\":[{\"@type\":\"ListItem\",\"position\":1,\"name\":\"Home\",\"item\":\"https:\\\/\\\/newvoiceinternational.com\\\/fr\\\/\"},{\"@type\":\"ListItem\",\"position\":2,\"name\":\"Structure et vue d&#8217;ensemble\"}]},{\"@type\":\"WebSite\",\"@id\":\"https:\\\/\\\/newvoiceinternational.com\\\/fr\\\/#website\",\"url\":\"https:\\\/\\\/newvoiceinternational.com\\\/fr\\\/\",\"name\":\"NewVoice International\",\"description\":\"\",\"publisher\":{\"@id\":\"https:\\\/\\\/newvoiceinternational.com\\\/fr\\\/#organization\"},\"potentialAction\":[{\"@type\":\"SearchAction\",\"target\":{\"@type\":\"EntryPoint\",\"urlTemplate\":\"https:\\\/\\\/newvoiceinternational.com\\\/fr\\\/?s={search_term_string}\"},\"query-input\":{\"@type\":\"PropertyValueSpecification\",\"valueRequired\":true,\"valueName\":\"search_term_string\"}}],\"inLanguage\":\"fr-FR\"},{\"@type\":\"Organization\",\"@id\":\"https:\\\/\\\/newvoiceinternational.com\\\/fr\\\/#organization\",\"name\":\"NewVoice International\",\"url\":\"https:\\\/\\\/newvoiceinternational.com\\\/fr\\\/\",\"logo\":{\"@type\":\"ImageObject\",\"inLanguage\":\"fr-FR\",\"@id\":\"https:\\\/\\\/newvoiceinternational.com\\\/fr\\\/#\\\/schema\\\/logo\\\/image\\\/\",\"url\":\"https:\\\/\\\/newvoiceinternational.com\\\/wp-content\\\/uploads\\\/2022\\\/06\\\/NV_Logo_RGB.png\",\"contentUrl\":\"https:\\\/\\\/newvoiceinternational.com\\\/wp-content\\\/uploads\\\/2022\\\/06\\\/NV_Logo_RGB.png\",\"width\":1200,\"height\":315,\"caption\":\"NewVoice International\"},\"image\":{\"@id\":\"https:\\\/\\\/newvoiceinternational.com\\\/fr\\\/#\\\/schema\\\/logo\\\/image\\\/\"}}]}<\/script>\n<!-- \/ Yoast SEO plugin. -->","yoast_head_json":{"title":"Structure et vue d'ensemble - NewVoice International","robots":{"index":"index","follow":"follow","max-snippet":"max-snippet:-1","max-image-preview":"max-image-preview:large","max-video-preview":"max-video-preview:-1"},"canonical":"https:\/\/newvoiceinternational.com\/fr\/structure-et-vue-densemble\/","og_locale":"fr_FR","og_type":"article","og_title":"Structure et vue d'ensemble - NewVoice International","og_description":"Structure et vue d&rsquo;ensemble Dans les \u00e9tablissements de sant\u00e9, la transmission efficace et fiable des informations peut aider \u00e0 sauver des vies et \u00e0 r\u00e9agir avec succ\u00e8s en cas d&rsquo;\u00e9v\u00e9nements ou d&rsquo;incidents critiques. New Voice MobiCall prend en charge une vari\u00e9t\u00e9 d&rsquo;interfaces normalis\u00e9es et sp\u00e9cifiques au fabricant afin d&rsquo;assurer une int\u00e9gration compl\u00e8te des syst\u00e8mes cliniques, [&hellip;]","og_url":"https:\/\/newvoiceinternational.com\/fr\/structure-et-vue-densemble\/","og_site_name":"NewVoice International","article_modified_time":"2024-03-06T11:43:09+00:00","og_image":[{"url":"http:\/\/newvoicetest.online\/wp-content\/uploads\/2022\/07\/Oeffentl_Einrichtungen_structure_and_overview.jpg","type":"","width":"","height":""}],"twitter_card":"summary_large_image","twitter_misc":{"Dur\u00e9e de lecture estim\u00e9e":"2 minutes"},"schema":{"@context":"https:\/\/schema.org","@graph":[{"@type":"WebPage","@id":"https:\/\/newvoiceinternational.com\/fr\/structure-et-vue-densemble\/","url":"https:\/\/newvoiceinternational.com\/fr\/structure-et-vue-densemble\/","name":"Structure et vue d'ensemble - NewVoice International","isPartOf":{"@id":"https:\/\/newvoiceinternational.com\/fr\/#website"},"primaryImageOfPage":{"@id":"https:\/\/newvoiceinternational.com\/fr\/structure-et-vue-densemble\/#primaryimage"},"image":{"@id":"https:\/\/newvoiceinternational.com\/fr\/structure-et-vue-densemble\/#primaryimage"},"thumbnailUrl":"http:\/\/newvoicetest.online\/wp-content\/uploads\/2022\/07\/Oeffentl_Einrichtungen_structure_and_overview.jpg","datePublished":"2024-03-05T16:01:33+00:00","dateModified":"2024-03-06T11:43:09+00:00","breadcrumb":{"@id":"https:\/\/newvoiceinternational.com\/fr\/structure-et-vue-densemble\/#breadcrumb"},"inLanguage":"fr-FR","potentialAction":[{"@type":"ReadAction","target":["https:\/\/newvoiceinternational.com\/fr\/structure-et-vue-densemble\/"]}]},{"@type":"ImageObject","inLanguage":"fr-FR","@id":"https:\/\/newvoiceinternational.com\/fr\/structure-et-vue-densemble\/#primaryimage","url":"http:\/\/newvoicetest.online\/wp-content\/uploads\/2022\/07\/Oeffentl_Einrichtungen_structure_and_overview.jpg","contentUrl":"http:\/\/newvoicetest.online\/wp-content\/uploads\/2022\/07\/Oeffentl_Einrichtungen_structure_and_overview.jpg"},{"@type":"BreadcrumbList","@id":"https:\/\/newvoiceinternational.com\/fr\/structure-et-vue-densemble\/#breadcrumb","itemListElement":[{"@type":"ListItem","position":1,"name":"Home","item":"https:\/\/newvoiceinternational.com\/fr\/"},{"@type":"ListItem","position":2,"name":"Structure et vue d&#8217;ensemble"}]},{"@type":"WebSite","@id":"https:\/\/newvoiceinternational.com\/fr\/#website","url":"https:\/\/newvoiceinternational.com\/fr\/","name":"NewVoice International","description":"","publisher":{"@id":"https:\/\/newvoiceinternational.com\/fr\/#organization"},"potentialAction":[{"@type":"SearchAction","target":{"@type":"EntryPoint","urlTemplate":"https:\/\/newvoiceinternational.com\/fr\/?s={search_term_string}"},"query-input":{"@type":"PropertyValueSpecification","valueRequired":true,"valueName":"search_term_string"}}],"inLanguage":"fr-FR"},{"@type":"Organization","@id":"https:\/\/newvoiceinternational.com\/fr\/#organization","name":"NewVoice International","url":"https:\/\/newvoiceinternational.com\/fr\/","logo":{"@type":"ImageObject","inLanguage":"fr-FR","@id":"https:\/\/newvoiceinternational.com\/fr\/#\/schema\/logo\/image\/","url":"https:\/\/newvoiceinternational.com\/wp-content\/uploads\/2022\/06\/NV_Logo_RGB.png","contentUrl":"https:\/\/newvoiceinternational.com\/wp-content\/uploads\/2022\/06\/NV_Logo_RGB.png","width":1200,"height":315,"caption":"NewVoice International"},"image":{"@id":"https:\/\/newvoiceinternational.com\/fr\/#\/schema\/logo\/image\/"}}]}},"_links":{"self":[{"href":"https:\/\/newvoiceinternational.com\/fr\/wp-json\/wp\/v2\/pages\/36087","targetHints":{"allow":["GET"]}}],"collection":[{"href":"https:\/\/newvoiceinternational.com\/fr\/wp-json\/wp\/v2\/pages"}],"about":[{"href":"https:\/\/newvoiceinternational.com\/fr\/wp-json\/wp\/v2\/types\/page"}],"author":[{"embeddable":true,"href":"https:\/\/newvoiceinternational.com\/fr\/wp-json\/wp\/v2\/users\/5"}],"replies":[{"embeddable":true,"href":"https:\/\/newvoiceinternational.com\/fr\/wp-json\/wp\/v2\/comments?post=36087"}],"version-history":[{"count":0,"href":"https:\/\/newvoiceinternational.com\/fr\/wp-json\/wp\/v2\/pages\/36087\/revisions"}],"wp:attachment":[{"href":"https:\/\/newvoiceinternational.com\/fr\/wp-json\/wp\/v2\/media?parent=36087"}],"curies":[{"name":"wp","href":"https:\/\/api.w.org\/{rel}","templated":true}]}}