{"id":36085,"date":"2024-03-05T17:03:27","date_gmt":"2024-03-05T16:03:27","guid":{"rendered":"https:\/\/newvoiceinternational.com\/surete-des-personnes-et-gestion-des-urgences\/"},"modified":"2024-03-06T12:41:13","modified_gmt":"2024-03-06T11:41:13","slug":"surete-des-personnes-et-gestion-des-urgences","status":"publish","type":"page","link":"https:\/\/newvoiceinternational.com\/fr\/surete-des-personnes-et-gestion-des-urgences\/","title":{"rendered":"Suret\u00e9 des personnes et gestion des urgences"},"content":{"rendered":"\t\t<div data-elementor-type=\"wp-page\" data-elementor-id=\"36085\" class=\"elementor elementor-36085 elementor-36000\" data-elementor-post-type=\"page\">\n\t\t\t\t\t\t<section class=\"elementor-section elementor-top-section elementor-element elementor-element-144196d elementor-section-boxed elementor-section-height-default elementor-section-height-default\" data-id=\"144196d\" data-element_type=\"section\" data-e-type=\"section\">\n\t\t\t\t\t\t<div class=\"elementor-container elementor-column-gap-default\">\n\t\t\t\t\t<div class=\"elementor-column elementor-col-100 elementor-top-column elementor-element elementor-element-d30df47\" data-id=\"d30df47\" data-element_type=\"column\" data-e-type=\"column\">\n\t\t\t<div class=\"elementor-widget-wrap elementor-element-populated\">\n\t\t\t\t\t\t<div class=\"elementor-element elementor-element-9b62511 elementor-widget elementor-widget-heading\" data-id=\"9b62511\" data-element_type=\"widget\" data-e-type=\"widget\" data-widget_type=\"heading.default\">\n\t\t\t\t<div class=\"elementor-widget-container\">\n\t\t\t\t\t<h2 class=\"elementor-heading-title elementor-size-default\">Suret\u00e9 des personnes et gestion des urgences <\/h2>\t\t\t\t<\/div>\n\t\t\t\t<\/div>\n\t\t\t\t<div class=\"elementor-element elementor-element-3d0c89d elementor-widget elementor-widget-text-editor\" data-id=\"3d0c89d\" data-element_type=\"widget\" data-e-type=\"widget\" data-widget_type=\"text-editor.default\">\n\t\t\t\t<div class=\"elementor-widget-container\">\n\t\t\t\t\t\t\t\t\t<p>En cas d&rsquo;urgence, telle qu&rsquo;un incendie ou une menace d&rsquo;explosif, il est crucial d&rsquo;alerter rapidement un grand nombre de personnes. Avec <a href=\"https:\/\/www.newvoiceinternational.com\/fr\/mobicall\/\">MobiCall<\/a>, il est possible d&rsquo;utiliser l&rsquo;infrastructure existante pour transmettre une alarme sonore ou visuelle via les t\u00e9l\u00e9phones et ordinateurs en cours d&rsquo;utilisation. En situation de danger, MobiCall contribue \u00e0 assurer la suret\u00e9 de votre personnel en offrant des fonctions int\u00e9gr\u00e9es pour contacter un centre d&rsquo;appel d&rsquo;urgence. De plus, en cas d&rsquo;alerte urgente telle qu&rsquo;une alerte MCI, <a href=\"https:\/\/www.newvoiceinternational.com\/fr\/mobicall\/\">MobiCall<\/a> sert de solution centrale pour une transmission parall\u00e8le de l&rsquo;information.<\/p>\n<h4><img fetchpriority=\"high\" decoding=\"async\" width=\"500\" height=\"300\" class=\"size-medium wp-image-2159 alignleft\" src=\"http:\/\/newvoicetest.online\/wp-content\/uploads\/2022\/07\/Gesundheit_Fire_and_disaster_alarm.jpg\" alt=\"\" srcset=\"https:\/\/newvoiceinternational.com\/wp-content\/uploads\/2022\/07\/Gesundheit_Fire_and_disaster_alarm.jpg 500w, https:\/\/newvoiceinternational.com\/wp-content\/uploads\/2022\/07\/Gesundheit_Fire_and_disaster_alarm-300x180.jpg 300w\" sizes=\"(max-width: 500px) 100vw, 500px\" \/><\/h4>\n<h4><strong>Protection des travailleurs isol\u00e9s<\/strong><\/h4>\n<ul>\n<li>Solution ind\u00e9pendante de la plateforme pour DECT, Wifi, GSM<\/li>\n<li>Prise en charge des alarmes manuelles (bouton rouge) et automatiques (chute, absence de mouvement, temps, \u00e9vasion et arrachement via une alarme \u00e0 cordon)<\/li>\n<li>Mise en place automatique de conf\u00e9rences d&rsquo;urgence entre le d\u00e9clencheur et le destinataire de l&rsquo;alarme<\/li>\n<li>Surveillance permanente des dispositifs de signalisation d&rsquo;alarme personnels<\/li>\n<li>Localisation via DECT, Wifi, balises Bluetooth et GPS<\/li>\n<li>Syst\u00e8me de visualisation des plans de b\u00e2timents et de sites<\/li>\n<li>Assistance aux patrouilles et aux contr\u00f4les des gardiens<\/li>\n<\/ul>\n<p><img decoding=\"async\" width=\"500\" height=\"300\" class=\"size-medium wp-image-2162 alignright\" src=\"http:\/\/newvoicetest.online\/wp-content\/uploads\/2022\/07\/Oeffentl_Einrichtungen_Crisis_teams.jpg\" srcset=\"https:\/\/newvoiceinternational.com\/wp-content\/uploads\/2022\/07\/Oeffentl_Einrichtungen_Crisis_teams.jpg 500w, https:\/\/newvoiceinternational.com\/wp-content\/uploads\/2022\/07\/Oeffentl_Einrichtungen_Crisis_teams-300x180.jpg 300w\" sizes=\"(max-width: 500px) 100vw, 500px\" \/><\/p>\n<h4><strong>Alarme incendie et catastrophe<\/strong><\/h4>\n<ul>\n<li>Alarme silencieuse conforme \u00e0 la l\u00e9gislation en vigueur en mati\u00e8re de protection contre l&rsquo;incendie<\/li>\n<li>Int\u00e9gration des syst\u00e8mes d&rsquo;alarme incendie existants (ESPA 4.4.4, ESPA-X, contact)<\/li>\n<li>D\u00e9clenchement manuel de l&rsquo;alarme (t\u00e9l\u00e9phone, web, bouton poussoir)<\/li>\n<li>Alerte de compartiment ou de secteur en cas d&rsquo;incendie<\/li>\n<li>Int\u00e9gration d&rsquo;une pr\u00e9-alarme pour \u00e9viter les fausses alertes<\/li>\n<li>Alerte multim\u00e9dia parall\u00e8le sur diff\u00e9rents appareils<\/li>\n<li>Activation de fonctions sp\u00e9ciales pour transmettre des annonces et afficher des messages contextuels sur l&rsquo;\u00e9cran du PC<\/li>\n<li>Int\u00e9gration des syst\u00e8mes de sonorisation et des haut-parleurs IP<\/li>\n<li>D\u00e9marrage de conf\u00e9rences d&rsquo;urgence.<\/li>\n<\/ul>\n<p><img decoding=\"async\" width=\"500\" height=\"300\" class=\"size-medium wp-image-2165 alignleft\" src=\"http:\/\/newvoicetest.online\/wp-content\/uploads\/2022\/07\/Oeffentl_Einrichtungen_Info_hotline.jpg\" alt=\"\" srcset=\"https:\/\/newvoiceinternational.com\/wp-content\/uploads\/2022\/07\/Oeffentl_Einrichtungen_Info_hotline.jpg 500w, https:\/\/newvoiceinternational.com\/wp-content\/uploads\/2022\/07\/Oeffentl_Einrichtungen_Info_hotline-300x180.jpg 300w\" sizes=\"(max-width: 500px) 100vw, 500px\" \/><\/p>\n<h4><strong>Alarme MCI<\/strong><\/h4>\n<ul>\n<li>Alerte de disponibilit\u00e9 simultan\u00e9e automatique selon l&rsquo;\u00e9tape de l&rsquo;incident MCI<\/li>\n<li>Envoi automatique de rapports d&rsquo;alarme<\/li>\n<li>Affichage optionnel du temps pour informer les destinataires de l&rsquo;alarme jusqu&rsquo;\u00e0 l&rsquo;arriv\u00e9e sur les lieux<\/li>\n<li>Importation automatique de plans d&rsquo;alarme<\/li>\n<li>Alerte bas\u00e9e sur la pr\u00e9sence<\/li>\n<li>D\u00e9marrage de conf\u00e9rences d&rsquo;urgence<\/li>\n<li>Alarmes multim\u00e9dias vers les t\u00e9l\u00e9phones portables par appel, SMS ou application d&rsquo;alarme<\/li>\n<\/ul>\n\t\t\t\t\t\t\t\t<\/div>\n\t\t\t\t<\/div>\n\t\t\t\t\t<\/div>\n\t\t<\/div>\n\t\t\t\t\t<\/div>\n\t\t<\/section>\n\t\t\t\t<\/div>\n\t\t","protected":false},"excerpt":{"rendered":"<p>Suret\u00e9 des personnes et gestion des urgences En cas d&rsquo;urgence, telle qu&rsquo;un incendie ou une menace d&rsquo;explosif, il est crucial d&rsquo;alerter rapidement un grand nombre de personnes. Avec MobiCall, il est possible d&rsquo;utiliser l&rsquo;infrastructure existante pour transmettre une alarme sonore ou visuelle via les t\u00e9l\u00e9phones et ordinateurs en cours d&rsquo;utilisation. En situation de danger, MobiCall [&hellip;]<\/p>\n","protected":false},"author":5,"featured_media":0,"parent":0,"menu_order":0,"comment_status":"closed","ping_status":"closed","template":"elementor_header_footer","meta":{"_eb_attr":"","inline_featured_image":false,"footnotes":""},"class_list":["post-36085","page","type-page","status-publish","hentry"],"acf":[],"yoast_head":"<!-- This site is optimized with the Yoast SEO plugin v27.3 - https:\/\/yoast.com\/product\/yoast-seo-wordpress\/ -->\n<title>Suret\u00e9 des personnes et gestion des urgences - NewVoice International<\/title>\n<meta name=\"robots\" content=\"index, follow, max-snippet:-1, max-image-preview:large, max-video-preview:-1\" \/>\n<link rel=\"canonical\" href=\"https:\/\/newvoiceinternational.com\/fr\/surete-des-personnes-et-gestion-des-urgences\/\" \/>\n<meta property=\"og:locale\" content=\"fr_FR\" \/>\n<meta property=\"og:type\" content=\"article\" \/>\n<meta property=\"og:title\" content=\"Suret\u00e9 des personnes et gestion des urgences - NewVoice International\" \/>\n<meta property=\"og:description\" content=\"Suret\u00e9 des personnes et gestion des urgences En cas d&rsquo;urgence, telle qu&rsquo;un incendie ou une menace d&rsquo;explosif, il est crucial d&rsquo;alerter rapidement un grand nombre de personnes. Avec MobiCall, il est possible d&rsquo;utiliser l&rsquo;infrastructure existante pour transmettre une alarme sonore ou visuelle via les t\u00e9l\u00e9phones et ordinateurs en cours d&rsquo;utilisation. En situation de danger, MobiCall [&hellip;]\" \/>\n<meta property=\"og:url\" content=\"https:\/\/newvoiceinternational.com\/fr\/surete-des-personnes-et-gestion-des-urgences\/\" \/>\n<meta property=\"og:site_name\" content=\"NewVoice International\" \/>\n<meta property=\"article:modified_time\" content=\"2024-03-06T11:41:13+00:00\" \/>\n<meta property=\"og:image\" content=\"http:\/\/newvoicetest.online\/wp-content\/uploads\/2022\/07\/Gesundheit_Fire_and_disaster_alarm.jpg\" \/>\n<meta name=\"twitter:card\" content=\"summary_large_image\" \/>\n<meta name=\"twitter:label1\" content=\"Dur\u00e9e de lecture estim\u00e9e\" \/>\n\t<meta name=\"twitter:data1\" content=\"2 minutes\" \/>\n<script type=\"application\/ld+json\" class=\"yoast-schema-graph\">{\"@context\":\"https:\\\/\\\/schema.org\",\"@graph\":[{\"@type\":\"WebPage\",\"@id\":\"https:\\\/\\\/newvoiceinternational.com\\\/fr\\\/surete-des-personnes-et-gestion-des-urgences\\\/\",\"url\":\"https:\\\/\\\/newvoiceinternational.com\\\/fr\\\/surete-des-personnes-et-gestion-des-urgences\\\/\",\"name\":\"Suret\u00e9 des personnes et gestion des urgences - NewVoice International\",\"isPartOf\":{\"@id\":\"https:\\\/\\\/newvoiceinternational.com\\\/fr\\\/#website\"},\"primaryImageOfPage\":{\"@id\":\"https:\\\/\\\/newvoiceinternational.com\\\/fr\\\/surete-des-personnes-et-gestion-des-urgences\\\/#primaryimage\"},\"image\":{\"@id\":\"https:\\\/\\\/newvoiceinternational.com\\\/fr\\\/surete-des-personnes-et-gestion-des-urgences\\\/#primaryimage\"},\"thumbnailUrl\":\"http:\\\/\\\/newvoicetest.online\\\/wp-content\\\/uploads\\\/2022\\\/07\\\/Gesundheit_Fire_and_disaster_alarm.jpg\",\"datePublished\":\"2024-03-05T16:03:27+00:00\",\"dateModified\":\"2024-03-06T11:41:13+00:00\",\"breadcrumb\":{\"@id\":\"https:\\\/\\\/newvoiceinternational.com\\\/fr\\\/surete-des-personnes-et-gestion-des-urgences\\\/#breadcrumb\"},\"inLanguage\":\"fr-FR\",\"potentialAction\":[{\"@type\":\"ReadAction\",\"target\":[\"https:\\\/\\\/newvoiceinternational.com\\\/fr\\\/surete-des-personnes-et-gestion-des-urgences\\\/\"]}]},{\"@type\":\"ImageObject\",\"inLanguage\":\"fr-FR\",\"@id\":\"https:\\\/\\\/newvoiceinternational.com\\\/fr\\\/surete-des-personnes-et-gestion-des-urgences\\\/#primaryimage\",\"url\":\"http:\\\/\\\/newvoicetest.online\\\/wp-content\\\/uploads\\\/2022\\\/07\\\/Gesundheit_Fire_and_disaster_alarm.jpg\",\"contentUrl\":\"http:\\\/\\\/newvoicetest.online\\\/wp-content\\\/uploads\\\/2022\\\/07\\\/Gesundheit_Fire_and_disaster_alarm.jpg\"},{\"@type\":\"BreadcrumbList\",\"@id\":\"https:\\\/\\\/newvoiceinternational.com\\\/fr\\\/surete-des-personnes-et-gestion-des-urgences\\\/#breadcrumb\",\"itemListElement\":[{\"@type\":\"ListItem\",\"position\":1,\"name\":\"Home\",\"item\":\"https:\\\/\\\/newvoiceinternational.com\\\/fr\\\/\"},{\"@type\":\"ListItem\",\"position\":2,\"name\":\"Suret\u00e9 des personnes et gestion des urgences\"}]},{\"@type\":\"WebSite\",\"@id\":\"https:\\\/\\\/newvoiceinternational.com\\\/fr\\\/#website\",\"url\":\"https:\\\/\\\/newvoiceinternational.com\\\/fr\\\/\",\"name\":\"NewVoice International\",\"description\":\"\",\"publisher\":{\"@id\":\"https:\\\/\\\/newvoiceinternational.com\\\/fr\\\/#organization\"},\"potentialAction\":[{\"@type\":\"SearchAction\",\"target\":{\"@type\":\"EntryPoint\",\"urlTemplate\":\"https:\\\/\\\/newvoiceinternational.com\\\/fr\\\/?s={search_term_string}\"},\"query-input\":{\"@type\":\"PropertyValueSpecification\",\"valueRequired\":true,\"valueName\":\"search_term_string\"}}],\"inLanguage\":\"fr-FR\"},{\"@type\":\"Organization\",\"@id\":\"https:\\\/\\\/newvoiceinternational.com\\\/fr\\\/#organization\",\"name\":\"NewVoice International\",\"url\":\"https:\\\/\\\/newvoiceinternational.com\\\/fr\\\/\",\"logo\":{\"@type\":\"ImageObject\",\"inLanguage\":\"fr-FR\",\"@id\":\"https:\\\/\\\/newvoiceinternational.com\\\/fr\\\/#\\\/schema\\\/logo\\\/image\\\/\",\"url\":\"https:\\\/\\\/newvoiceinternational.com\\\/wp-content\\\/uploads\\\/2022\\\/06\\\/NV_Logo_RGB.png\",\"contentUrl\":\"https:\\\/\\\/newvoiceinternational.com\\\/wp-content\\\/uploads\\\/2022\\\/06\\\/NV_Logo_RGB.png\",\"width\":1200,\"height\":315,\"caption\":\"NewVoice International\"},\"image\":{\"@id\":\"https:\\\/\\\/newvoiceinternational.com\\\/fr\\\/#\\\/schema\\\/logo\\\/image\\\/\"}}]}<\/script>\n<!-- \/ Yoast SEO plugin. -->","yoast_head_json":{"title":"Suret\u00e9 des personnes et gestion des urgences - NewVoice International","robots":{"index":"index","follow":"follow","max-snippet":"max-snippet:-1","max-image-preview":"max-image-preview:large","max-video-preview":"max-video-preview:-1"},"canonical":"https:\/\/newvoiceinternational.com\/fr\/surete-des-personnes-et-gestion-des-urgences\/","og_locale":"fr_FR","og_type":"article","og_title":"Suret\u00e9 des personnes et gestion des urgences - NewVoice International","og_description":"Suret\u00e9 des personnes et gestion des urgences En cas d&rsquo;urgence, telle qu&rsquo;un incendie ou une menace d&rsquo;explosif, il est crucial d&rsquo;alerter rapidement un grand nombre de personnes. Avec MobiCall, il est possible d&rsquo;utiliser l&rsquo;infrastructure existante pour transmettre une alarme sonore ou visuelle via les t\u00e9l\u00e9phones et ordinateurs en cours d&rsquo;utilisation. En situation de danger, MobiCall [&hellip;]","og_url":"https:\/\/newvoiceinternational.com\/fr\/surete-des-personnes-et-gestion-des-urgences\/","og_site_name":"NewVoice International","article_modified_time":"2024-03-06T11:41:13+00:00","og_image":[{"url":"http:\/\/newvoicetest.online\/wp-content\/uploads\/2022\/07\/Gesundheit_Fire_and_disaster_alarm.jpg","type":"","width":"","height":""}],"twitter_card":"summary_large_image","twitter_misc":{"Dur\u00e9e de lecture estim\u00e9e":"2 minutes"},"schema":{"@context":"https:\/\/schema.org","@graph":[{"@type":"WebPage","@id":"https:\/\/newvoiceinternational.com\/fr\/surete-des-personnes-et-gestion-des-urgences\/","url":"https:\/\/newvoiceinternational.com\/fr\/surete-des-personnes-et-gestion-des-urgences\/","name":"Suret\u00e9 des personnes et gestion des urgences - NewVoice International","isPartOf":{"@id":"https:\/\/newvoiceinternational.com\/fr\/#website"},"primaryImageOfPage":{"@id":"https:\/\/newvoiceinternational.com\/fr\/surete-des-personnes-et-gestion-des-urgences\/#primaryimage"},"image":{"@id":"https:\/\/newvoiceinternational.com\/fr\/surete-des-personnes-et-gestion-des-urgences\/#primaryimage"},"thumbnailUrl":"http:\/\/newvoicetest.online\/wp-content\/uploads\/2022\/07\/Gesundheit_Fire_and_disaster_alarm.jpg","datePublished":"2024-03-05T16:03:27+00:00","dateModified":"2024-03-06T11:41:13+00:00","breadcrumb":{"@id":"https:\/\/newvoiceinternational.com\/fr\/surete-des-personnes-et-gestion-des-urgences\/#breadcrumb"},"inLanguage":"fr-FR","potentialAction":[{"@type":"ReadAction","target":["https:\/\/newvoiceinternational.com\/fr\/surete-des-personnes-et-gestion-des-urgences\/"]}]},{"@type":"ImageObject","inLanguage":"fr-FR","@id":"https:\/\/newvoiceinternational.com\/fr\/surete-des-personnes-et-gestion-des-urgences\/#primaryimage","url":"http:\/\/newvoicetest.online\/wp-content\/uploads\/2022\/07\/Gesundheit_Fire_and_disaster_alarm.jpg","contentUrl":"http:\/\/newvoicetest.online\/wp-content\/uploads\/2022\/07\/Gesundheit_Fire_and_disaster_alarm.jpg"},{"@type":"BreadcrumbList","@id":"https:\/\/newvoiceinternational.com\/fr\/surete-des-personnes-et-gestion-des-urgences\/#breadcrumb","itemListElement":[{"@type":"ListItem","position":1,"name":"Home","item":"https:\/\/newvoiceinternational.com\/fr\/"},{"@type":"ListItem","position":2,"name":"Suret\u00e9 des personnes et gestion des urgences"}]},{"@type":"WebSite","@id":"https:\/\/newvoiceinternational.com\/fr\/#website","url":"https:\/\/newvoiceinternational.com\/fr\/","name":"NewVoice International","description":"","publisher":{"@id":"https:\/\/newvoiceinternational.com\/fr\/#organization"},"potentialAction":[{"@type":"SearchAction","target":{"@type":"EntryPoint","urlTemplate":"https:\/\/newvoiceinternational.com\/fr\/?s={search_term_string}"},"query-input":{"@type":"PropertyValueSpecification","valueRequired":true,"valueName":"search_term_string"}}],"inLanguage":"fr-FR"},{"@type":"Organization","@id":"https:\/\/newvoiceinternational.com\/fr\/#organization","name":"NewVoice International","url":"https:\/\/newvoiceinternational.com\/fr\/","logo":{"@type":"ImageObject","inLanguage":"fr-FR","@id":"https:\/\/newvoiceinternational.com\/fr\/#\/schema\/logo\/image\/","url":"https:\/\/newvoiceinternational.com\/wp-content\/uploads\/2022\/06\/NV_Logo_RGB.png","contentUrl":"https:\/\/newvoiceinternational.com\/wp-content\/uploads\/2022\/06\/NV_Logo_RGB.png","width":1200,"height":315,"caption":"NewVoice International"},"image":{"@id":"https:\/\/newvoiceinternational.com\/fr\/#\/schema\/logo\/image\/"}}]}},"_links":{"self":[{"href":"https:\/\/newvoiceinternational.com\/fr\/wp-json\/wp\/v2\/pages\/36085","targetHints":{"allow":["GET"]}}],"collection":[{"href":"https:\/\/newvoiceinternational.com\/fr\/wp-json\/wp\/v2\/pages"}],"about":[{"href":"https:\/\/newvoiceinternational.com\/fr\/wp-json\/wp\/v2\/types\/page"}],"author":[{"embeddable":true,"href":"https:\/\/newvoiceinternational.com\/fr\/wp-json\/wp\/v2\/users\/5"}],"replies":[{"embeddable":true,"href":"https:\/\/newvoiceinternational.com\/fr\/wp-json\/wp\/v2\/comments?post=36085"}],"version-history":[{"count":0,"href":"https:\/\/newvoiceinternational.com\/fr\/wp-json\/wp\/v2\/pages\/36085\/revisions"}],"wp:attachment":[{"href":"https:\/\/newvoiceinternational.com\/fr\/wp-json\/wp\/v2\/media?parent=36085"}],"curies":[{"name":"wp","href":"https:\/\/api.w.org\/{rel}","templated":true}]}}