{"id":36083,"date":"2024-03-05T17:09:48","date_gmt":"2024-03-05T16:09:48","guid":{"rendered":"https:\/\/newvoiceinternational.com\/surveillance-des-composants-techniques\/"},"modified":"2024-03-06T12:38:56","modified_gmt":"2024-03-06T11:38:56","slug":"surveillance-des-composants-techniques","status":"publish","type":"page","link":"https:\/\/newvoiceinternational.com\/fr\/surveillance-des-composants-techniques\/","title":{"rendered":"Surveillance des composants techniques"},"content":{"rendered":"\t\t<div data-elementor-type=\"wp-page\" data-elementor-id=\"36083\" class=\"elementor elementor-36083 elementor-36010\" data-elementor-post-type=\"page\">\n\t\t\t\t\t\t<section class=\"elementor-section elementor-top-section elementor-element elementor-element-649899d elementor-section-boxed elementor-section-height-default elementor-section-height-default\" data-id=\"649899d\" data-element_type=\"section\" data-e-type=\"section\">\n\t\t\t\t\t\t<div class=\"elementor-container elementor-column-gap-default\">\n\t\t\t\t\t<div class=\"elementor-column elementor-col-100 elementor-top-column elementor-element elementor-element-77941fb\" data-id=\"77941fb\" data-element_type=\"column\" data-e-type=\"column\">\n\t\t\t<div class=\"elementor-widget-wrap elementor-element-populated\">\n\t\t\t\t\t\t<div class=\"elementor-element elementor-element-d68172a elementor-widget elementor-widget-heading\" data-id=\"d68172a\" data-element_type=\"widget\" data-e-type=\"widget\" data-widget_type=\"heading.default\">\n\t\t\t\t<div class=\"elementor-widget-container\">\n\t\t\t\t\t<h2 class=\"elementor-heading-title elementor-size-default\">Surveillance des composants techniques<\/h2>\t\t\t\t<\/div>\n\t\t\t\t<\/div>\n\t\t\t\t<div class=\"elementor-element elementor-element-f61b985 elementor-widget elementor-widget-text-editor\" data-id=\"f61b985\" data-element_type=\"widget\" data-e-type=\"widget\" data-widget_type=\"text-editor.default\">\n\t\t\t\t<div class=\"elementor-widget-container\">\n\t\t\t\t\t\t\t\t\t<p>Gr\u00e2ce \u00e0 ses interfaces vari\u00e9es, <a href=\"https:\/\/www.newvoiceinternational.com\/fr\/mobicall\/\">MobiCall<\/a> permet la surveillance en temps r\u00e9el de tous les sous-syst\u00e8mes, notamment les syst\u00e8mes de contr\u00f4le et de visualisation des processus, l&rsquo;automatisation des b\u00e2timents ainsi que les composants des TIC. En cas de dysfonctionnement ou de d\u00e9passement de seuils critiques, les informations d&rsquo;alarme d\u00e9taill\u00e9es et les donn\u00e9es de processus sont automatiquement transmises via <a href=\"https:\/\/www.newvoiceinternational.com\/fr\/mobicall\/\">MobiCall<\/a> \u00e0 un groupe de personnes d\u00e9fini. La gestion des t\u00e2ches int\u00e9gr\u00e9e constitue un avantage majeur de cette solution, garantissant la classification et le suivi des pannes. L&rsquo;ensemble du processus, depuis le d\u00e9clenchement de l&rsquo;alarme jusqu&rsquo;\u00e0 la r\u00e9solution du probl\u00e8me, en passant par les temps de SLA habituels, peut \u00eatre surveill\u00e9 et affich\u00e9.<\/p>\n<h4><strong>Automatisation des processus et des b\u00e2timents<\/strong><\/h4>\n<ul>\n<li>Collecte et surveillance de points de signalement dans diff\u00e9rents endroits<\/li>\n<li>Contr\u00f4leur de contacts IP-Wago pour collecter des signaux analogiques (tels que la temp\u00e9rature, la mesure et les niveaux de fluide) ainsi que des entr\u00e9es et sorties de contacts num\u00e9riques<\/li>\n<li>Enregistrements bas\u00e9s sur LPWAN pour connecter des appareils \u00e0 faible consommation,<\/li>\n<li>Connexion s\u00e9rie via ESPA 4.4.4, Generic Printer Protocol<\/li>\n<li>Int\u00e9grations IP via Modbus, KNX, BACNet, OPC, XML, e-mail, ESPA-X, HL7, etc.<\/li>\n<li>Affichage des messages d&rsquo;alarme et de statut<\/li>\n<li>Prise en charge des plannings horaires et des plans de travail pour une transmission d&rsquo;alarme sp\u00e9cifique<\/li>\n<li>Transmission de signal d&rsquo;accus\u00e9 de r\u00e9ception positif ou n\u00e9gatif<\/li>\n<li>Gestion des t\u00e2ches pour surveiller tous les \u00e9v\u00e9nements en attente<\/li>\n<li>Activation de fonctionnalit\u00e9s sp\u00e9ciales li\u00e9es aux fonctionnalit\u00e9s d&rsquo;annonce et de pop-up sur le PC<\/li>\n<li>Int\u00e9gration de l&rsquo;\u00e9quipement de sonorisation et des haut-parleurs IP<\/li>\n<\/ul>\n<p><img fetchpriority=\"high\" decoding=\"async\" class=\"alignnone size-medium wp-image-2179\" src=\"https:\/\/www.newvoiceinternational.com\/wp-content\/uploads\/2022\/07\/Hochschulen_Sicherheitstechnik-1-300x180.jpg\" alt=\"\" width=\"300\" height=\"180\" srcset=\"https:\/\/newvoiceinternational.com\/wp-content\/uploads\/2022\/07\/Hochschulen_Sicherheitstechnik-1-300x180.jpg 300w, https:\/\/newvoiceinternational.com\/wp-content\/uploads\/2022\/07\/Hochschulen_Sicherheitstechnik-1-768x461.jpg 768w, https:\/\/newvoiceinternational.com\/wp-content\/uploads\/2022\/07\/Hochschulen_Sicherheitstechnik-1.jpg 1024w\" sizes=\"(max-width: 300px) 100vw, 300px\" \/><\/p>\n<h4><strong>Technologie de s\u00e9curit\u00e9<\/strong><\/h4>\n<ul>\n<li>Int\u00e9gration ind\u00e9pendante de la plateforme de la technologie de s\u00e9curit\u00e9<\/li>\n<li>Surveillance constante des composants critiques<\/li>\n<li>Collecte facultative d&rsquo;alarmes locales dot\u00e9es d&rsquo;un canal d&rsquo;alerte secondaire via GSM<\/li>\n<li>Transmission directe d&rsquo;images de cam\u00e9ra sur les smartphones des clients<\/li>\n<li>Fonction \u00ab\u00a0 All Clear \u00bb\u00a0 et d&rsquo;information<\/li>\n<\/ul>\n<p><img decoding=\"async\" class=\"alignnone size-medium wp-image-2118\" src=\"https:\/\/www.newvoiceinternational.com\/wp-content\/uploads\/2022\/07\/Image_ITK_Monitoring-300x226.jpg\" alt=\"\" width=\"300\" height=\"226\" srcset=\"https:\/\/newvoiceinternational.com\/wp-content\/uploads\/2022\/07\/Image_ITK_Monitoring-300x226.jpg 300w, https:\/\/newvoiceinternational.com\/wp-content\/uploads\/2022\/07\/Image_ITK_Monitoring.jpg 500w\" sizes=\"(max-width: 300px) 100vw, 300px\" \/><\/p>\n<h4><strong>Surveillance des TIC<\/strong><\/h4>\n<ul>\n<li>Int\u00e9gration des syst\u00e8mes de gestion (tels que Nagios, HP-OpenView, CastleRock, etc.)<\/li>\n<li>Int\u00e9gration et surveillance directes des composants TIC : infrastructures PBX, services et processus Windows, fonctions PING et pi\u00e8ges SNMP V1-V3<\/li>\n<li>D\u00e9finition de priorit\u00e9s et de plans de disponibilit\u00e9<\/li>\n<li>Transmission s\u00e9curis\u00e9e sur l&rsquo;application smartphone<\/li>\n<li>Fonction de synth\u00e8se vocale automatique incluant la biblioth\u00e8que stock\u00e9e<\/li>\n<li>Contr\u00f4le de la temp\u00e9rature et de l&rsquo;humidit\u00e9<\/li>\n<li>Contr\u00f4le d&rsquo;acc\u00e8s \u00e0 la salle des serveurs incluant l&rsquo;int\u00e9gration vid\u00e9o<\/li>\n<\/ul>\n\t\t\t\t\t\t\t\t<\/div>\n\t\t\t\t<\/div>\n\t\t\t\t\t<\/div>\n\t\t<\/div>\n\t\t\t\t\t<\/div>\n\t\t<\/section>\n\t\t\t\t<\/div>\n\t\t","protected":false},"excerpt":{"rendered":"<p>Surveillance des composants techniques Gr\u00e2ce \u00e0 ses interfaces vari\u00e9es, MobiCall permet la surveillance en temps r\u00e9el de tous les sous-syst\u00e8mes, notamment les syst\u00e8mes de contr\u00f4le et de visualisation des processus, l&rsquo;automatisation des b\u00e2timents ainsi que les composants des TIC. En cas de dysfonctionnement ou de d\u00e9passement de seuils critiques, les informations d&rsquo;alarme d\u00e9taill\u00e9es et les [&hellip;]<\/p>\n","protected":false},"author":5,"featured_media":0,"parent":0,"menu_order":0,"comment_status":"closed","ping_status":"closed","template":"elementor_header_footer","meta":{"_eb_attr":"","inline_featured_image":false,"footnotes":""},"class_list":["post-36083","page","type-page","status-publish","hentry"],"acf":[],"yoast_head":"<!-- This site is optimized with the Yoast SEO plugin v27.4 - https:\/\/yoast.com\/product\/yoast-seo-wordpress\/ -->\n<title>Surveillance des composants techniques - NewVoice International<\/title>\n<meta name=\"robots\" content=\"index, follow, max-snippet:-1, max-image-preview:large, max-video-preview:-1\" \/>\n<link rel=\"canonical\" href=\"https:\/\/newvoiceinternational.com\/fr\/surveillance-des-composants-techniques\/\" \/>\n<meta property=\"og:locale\" content=\"fr_FR\" \/>\n<meta property=\"og:type\" content=\"article\" \/>\n<meta property=\"og:title\" content=\"Surveillance des composants techniques - NewVoice International\" \/>\n<meta property=\"og:description\" content=\"Surveillance des composants techniques Gr\u00e2ce \u00e0 ses interfaces vari\u00e9es, MobiCall permet la surveillance en temps r\u00e9el de tous les sous-syst\u00e8mes, notamment les syst\u00e8mes de contr\u00f4le et de visualisation des processus, l&rsquo;automatisation des b\u00e2timents ainsi que les composants des TIC. En cas de dysfonctionnement ou de d\u00e9passement de seuils critiques, les informations d&rsquo;alarme d\u00e9taill\u00e9es et les [&hellip;]\" \/>\n<meta property=\"og:url\" content=\"https:\/\/newvoiceinternational.com\/fr\/surveillance-des-composants-techniques\/\" \/>\n<meta property=\"og:site_name\" content=\"NewVoice International\" \/>\n<meta property=\"article:modified_time\" content=\"2024-03-06T11:38:56+00:00\" \/>\n<meta property=\"og:image\" content=\"https:\/\/www.newvoiceinternational.com\/wp-content\/uploads\/2022\/07\/Hochschulen_Sicherheitstechnik-1-300x180.jpg\" \/>\n<meta name=\"twitter:card\" content=\"summary_large_image\" \/>\n<meta name=\"twitter:label1\" content=\"Dur\u00e9e de lecture estim\u00e9e\" \/>\n\t<meta name=\"twitter:data1\" content=\"2 minutes\" \/>\n<script type=\"application\/ld+json\" class=\"yoast-schema-graph\">{\"@context\":\"https:\\\/\\\/schema.org\",\"@graph\":[{\"@type\":\"WebPage\",\"@id\":\"https:\\\/\\\/newvoiceinternational.com\\\/fr\\\/surveillance-des-composants-techniques\\\/\",\"url\":\"https:\\\/\\\/newvoiceinternational.com\\\/fr\\\/surveillance-des-composants-techniques\\\/\",\"name\":\"Surveillance des composants techniques - NewVoice International\",\"isPartOf\":{\"@id\":\"https:\\\/\\\/newvoiceinternational.com\\\/fr\\\/#website\"},\"primaryImageOfPage\":{\"@id\":\"https:\\\/\\\/newvoiceinternational.com\\\/fr\\\/surveillance-des-composants-techniques\\\/#primaryimage\"},\"image\":{\"@id\":\"https:\\\/\\\/newvoiceinternational.com\\\/fr\\\/surveillance-des-composants-techniques\\\/#primaryimage\"},\"thumbnailUrl\":\"https:\\\/\\\/www.newvoiceinternational.com\\\/wp-content\\\/uploads\\\/2022\\\/07\\\/Hochschulen_Sicherheitstechnik-1-300x180.jpg\",\"datePublished\":\"2024-03-05T16:09:48+00:00\",\"dateModified\":\"2024-03-06T11:38:56+00:00\",\"breadcrumb\":{\"@id\":\"https:\\\/\\\/newvoiceinternational.com\\\/fr\\\/surveillance-des-composants-techniques\\\/#breadcrumb\"},\"inLanguage\":\"fr-FR\",\"potentialAction\":[{\"@type\":\"ReadAction\",\"target\":[\"https:\\\/\\\/newvoiceinternational.com\\\/fr\\\/surveillance-des-composants-techniques\\\/\"]}]},{\"@type\":\"ImageObject\",\"inLanguage\":\"fr-FR\",\"@id\":\"https:\\\/\\\/newvoiceinternational.com\\\/fr\\\/surveillance-des-composants-techniques\\\/#primaryimage\",\"url\":\"https:\\\/\\\/www.newvoiceinternational.com\\\/wp-content\\\/uploads\\\/2022\\\/07\\\/Hochschulen_Sicherheitstechnik-1-300x180.jpg\",\"contentUrl\":\"https:\\\/\\\/www.newvoiceinternational.com\\\/wp-content\\\/uploads\\\/2022\\\/07\\\/Hochschulen_Sicherheitstechnik-1-300x180.jpg\"},{\"@type\":\"BreadcrumbList\",\"@id\":\"https:\\\/\\\/newvoiceinternational.com\\\/fr\\\/surveillance-des-composants-techniques\\\/#breadcrumb\",\"itemListElement\":[{\"@type\":\"ListItem\",\"position\":1,\"name\":\"Home\",\"item\":\"https:\\\/\\\/newvoiceinternational.com\\\/fr\\\/\"},{\"@type\":\"ListItem\",\"position\":2,\"name\":\"Surveillance des composants techniques\"}]},{\"@type\":\"WebSite\",\"@id\":\"https:\\\/\\\/newvoiceinternational.com\\\/fr\\\/#website\",\"url\":\"https:\\\/\\\/newvoiceinternational.com\\\/fr\\\/\",\"name\":\"NewVoice International\",\"description\":\"\",\"publisher\":{\"@id\":\"https:\\\/\\\/newvoiceinternational.com\\\/fr\\\/#organization\"},\"potentialAction\":[{\"@type\":\"SearchAction\",\"target\":{\"@type\":\"EntryPoint\",\"urlTemplate\":\"https:\\\/\\\/newvoiceinternational.com\\\/fr\\\/?s={search_term_string}\"},\"query-input\":{\"@type\":\"PropertyValueSpecification\",\"valueRequired\":true,\"valueName\":\"search_term_string\"}}],\"inLanguage\":\"fr-FR\"},{\"@type\":\"Organization\",\"@id\":\"https:\\\/\\\/newvoiceinternational.com\\\/fr\\\/#organization\",\"name\":\"NewVoice International\",\"url\":\"https:\\\/\\\/newvoiceinternational.com\\\/fr\\\/\",\"logo\":{\"@type\":\"ImageObject\",\"inLanguage\":\"fr-FR\",\"@id\":\"https:\\\/\\\/newvoiceinternational.com\\\/fr\\\/#\\\/schema\\\/logo\\\/image\\\/\",\"url\":\"https:\\\/\\\/newvoiceinternational.com\\\/wp-content\\\/uploads\\\/2022\\\/06\\\/NV_Logo_RGB.png\",\"contentUrl\":\"https:\\\/\\\/newvoiceinternational.com\\\/wp-content\\\/uploads\\\/2022\\\/06\\\/NV_Logo_RGB.png\",\"width\":1200,\"height\":315,\"caption\":\"NewVoice International\"},\"image\":{\"@id\":\"https:\\\/\\\/newvoiceinternational.com\\\/fr\\\/#\\\/schema\\\/logo\\\/image\\\/\"}}]}<\/script>\n<!-- \/ Yoast SEO plugin. -->","yoast_head_json":{"title":"Surveillance des composants techniques - NewVoice International","robots":{"index":"index","follow":"follow","max-snippet":"max-snippet:-1","max-image-preview":"max-image-preview:large","max-video-preview":"max-video-preview:-1"},"canonical":"https:\/\/newvoiceinternational.com\/fr\/surveillance-des-composants-techniques\/","og_locale":"fr_FR","og_type":"article","og_title":"Surveillance des composants techniques - NewVoice International","og_description":"Surveillance des composants techniques Gr\u00e2ce \u00e0 ses interfaces vari\u00e9es, MobiCall permet la surveillance en temps r\u00e9el de tous les sous-syst\u00e8mes, notamment les syst\u00e8mes de contr\u00f4le et de visualisation des processus, l&rsquo;automatisation des b\u00e2timents ainsi que les composants des TIC. En cas de dysfonctionnement ou de d\u00e9passement de seuils critiques, les informations d&rsquo;alarme d\u00e9taill\u00e9es et les [&hellip;]","og_url":"https:\/\/newvoiceinternational.com\/fr\/surveillance-des-composants-techniques\/","og_site_name":"NewVoice International","article_modified_time":"2024-03-06T11:38:56+00:00","og_image":[{"url":"https:\/\/www.newvoiceinternational.com\/wp-content\/uploads\/2022\/07\/Hochschulen_Sicherheitstechnik-1-300x180.jpg","type":"","width":"","height":""}],"twitter_card":"summary_large_image","twitter_misc":{"Dur\u00e9e de lecture estim\u00e9e":"2 minutes"},"schema":{"@context":"https:\/\/schema.org","@graph":[{"@type":"WebPage","@id":"https:\/\/newvoiceinternational.com\/fr\/surveillance-des-composants-techniques\/","url":"https:\/\/newvoiceinternational.com\/fr\/surveillance-des-composants-techniques\/","name":"Surveillance des composants techniques - NewVoice International","isPartOf":{"@id":"https:\/\/newvoiceinternational.com\/fr\/#website"},"primaryImageOfPage":{"@id":"https:\/\/newvoiceinternational.com\/fr\/surveillance-des-composants-techniques\/#primaryimage"},"image":{"@id":"https:\/\/newvoiceinternational.com\/fr\/surveillance-des-composants-techniques\/#primaryimage"},"thumbnailUrl":"https:\/\/www.newvoiceinternational.com\/wp-content\/uploads\/2022\/07\/Hochschulen_Sicherheitstechnik-1-300x180.jpg","datePublished":"2024-03-05T16:09:48+00:00","dateModified":"2024-03-06T11:38:56+00:00","breadcrumb":{"@id":"https:\/\/newvoiceinternational.com\/fr\/surveillance-des-composants-techniques\/#breadcrumb"},"inLanguage":"fr-FR","potentialAction":[{"@type":"ReadAction","target":["https:\/\/newvoiceinternational.com\/fr\/surveillance-des-composants-techniques\/"]}]},{"@type":"ImageObject","inLanguage":"fr-FR","@id":"https:\/\/newvoiceinternational.com\/fr\/surveillance-des-composants-techniques\/#primaryimage","url":"https:\/\/www.newvoiceinternational.com\/wp-content\/uploads\/2022\/07\/Hochschulen_Sicherheitstechnik-1-300x180.jpg","contentUrl":"https:\/\/www.newvoiceinternational.com\/wp-content\/uploads\/2022\/07\/Hochschulen_Sicherheitstechnik-1-300x180.jpg"},{"@type":"BreadcrumbList","@id":"https:\/\/newvoiceinternational.com\/fr\/surveillance-des-composants-techniques\/#breadcrumb","itemListElement":[{"@type":"ListItem","position":1,"name":"Home","item":"https:\/\/newvoiceinternational.com\/fr\/"},{"@type":"ListItem","position":2,"name":"Surveillance des composants techniques"}]},{"@type":"WebSite","@id":"https:\/\/newvoiceinternational.com\/fr\/#website","url":"https:\/\/newvoiceinternational.com\/fr\/","name":"NewVoice International","description":"","publisher":{"@id":"https:\/\/newvoiceinternational.com\/fr\/#organization"},"potentialAction":[{"@type":"SearchAction","target":{"@type":"EntryPoint","urlTemplate":"https:\/\/newvoiceinternational.com\/fr\/?s={search_term_string}"},"query-input":{"@type":"PropertyValueSpecification","valueRequired":true,"valueName":"search_term_string"}}],"inLanguage":"fr-FR"},{"@type":"Organization","@id":"https:\/\/newvoiceinternational.com\/fr\/#organization","name":"NewVoice International","url":"https:\/\/newvoiceinternational.com\/fr\/","logo":{"@type":"ImageObject","inLanguage":"fr-FR","@id":"https:\/\/newvoiceinternational.com\/fr\/#\/schema\/logo\/image\/","url":"https:\/\/newvoiceinternational.com\/wp-content\/uploads\/2022\/06\/NV_Logo_RGB.png","contentUrl":"https:\/\/newvoiceinternational.com\/wp-content\/uploads\/2022\/06\/NV_Logo_RGB.png","width":1200,"height":315,"caption":"NewVoice International"},"image":{"@id":"https:\/\/newvoiceinternational.com\/fr\/#\/schema\/logo\/image\/"}}]}},"_links":{"self":[{"href":"https:\/\/newvoiceinternational.com\/fr\/wp-json\/wp\/v2\/pages\/36083","targetHints":{"allow":["GET"]}}],"collection":[{"href":"https:\/\/newvoiceinternational.com\/fr\/wp-json\/wp\/v2\/pages"}],"about":[{"href":"https:\/\/newvoiceinternational.com\/fr\/wp-json\/wp\/v2\/types\/page"}],"author":[{"embeddable":true,"href":"https:\/\/newvoiceinternational.com\/fr\/wp-json\/wp\/v2\/users\/5"}],"replies":[{"embeddable":true,"href":"https:\/\/newvoiceinternational.com\/fr\/wp-json\/wp\/v2\/comments?post=36083"}],"version-history":[{"count":0,"href":"https:\/\/newvoiceinternational.com\/fr\/wp-json\/wp\/v2\/pages\/36083\/revisions"}],"wp:attachment":[{"href":"https:\/\/newvoiceinternational.com\/fr\/wp-json\/wp\/v2\/media?parent=36083"}],"curies":[{"name":"wp","href":"https:\/\/api.w.org\/{rel}","templated":true}]}}