{"id":36081,"date":"2024-03-06T10:35:15","date_gmt":"2024-03-06T09:35:15","guid":{"rendered":"https:\/\/newvoiceinternational.com\/gestion-des-services-et-optimisation-des-processus-sante\/"},"modified":"2024-03-06T12:34:39","modified_gmt":"2024-03-06T11:34:39","slug":"gestion-des-services-et-optimisation-des-processus-sante","status":"publish","type":"page","link":"https:\/\/newvoiceinternational.com\/fr\/gestion-des-services-et-optimisation-des-processus-sante\/","title":{"rendered":"Gestion des services et optimisation des processus- Sant\u00e9"},"content":{"rendered":"\t\t<div data-elementor-type=\"wp-page\" data-elementor-id=\"36081\" class=\"elementor elementor-36081 elementor-36005\" data-elementor-post-type=\"page\">\n\t\t\t\t\t\t<section class=\"elementor-section elementor-top-section elementor-element elementor-element-d00456f elementor-section-boxed elementor-section-height-default elementor-section-height-default\" data-id=\"d00456f\" data-element_type=\"section\" data-e-type=\"section\">\n\t\t\t\t\t\t<div class=\"elementor-container elementor-column-gap-default\">\n\t\t\t\t\t<div class=\"elementor-column elementor-col-100 elementor-top-column elementor-element elementor-element-242f9ea\" data-id=\"242f9ea\" data-element_type=\"column\" data-e-type=\"column\">\n\t\t\t<div class=\"elementor-widget-wrap elementor-element-populated\">\n\t\t\t\t\t\t<div class=\"elementor-element elementor-element-eecbc9e elementor-widget elementor-widget-heading\" data-id=\"eecbc9e\" data-element_type=\"widget\" data-e-type=\"widget\" data-widget_type=\"heading.default\">\n\t\t\t\t<div class=\"elementor-widget-container\">\n\t\t\t\t\t<h2 class=\"elementor-heading-title elementor-size-default\">Gestion des services et optimisation des processus- Sant\u00e9<\/h2>\t\t\t\t<\/div>\n\t\t\t\t<\/div>\n\t\t\t\t<div class=\"elementor-element elementor-element-6d38cb8 elementor-widget elementor-widget-text-editor\" data-id=\"6d38cb8\" data-element_type=\"widget\" data-e-type=\"widget\" data-widget_type=\"text-editor.default\">\n\t\t\t\t<div class=\"elementor-widget-container\">\n\t\t\t\t\t\t\t\t\t<p>L&rsquo;efficacit\u00e9 de la communication est un \u00e9l\u00e9ment important pour la gestion d&rsquo;une entreprise hospitali\u00e8re, que ce soit en termes de co\u00fbts ou de qualit\u00e9. <a href=\"https:\/\/www.newvoiceinternational.com\/fr\/mobicall\/\">MobiCall<\/a> permet de relier tous les syst\u00e8mes existants tels que ceux de divertissement des patients, de gestion des lits, de t\u00e9l\u00e9phonie, de dispositifs mobiles, de planification et d&rsquo;administration. Ainsi, le flux de travail peut \u00eatre optimis\u00e9, ce qui permet d&rsquo;utiliser au mieux l&rsquo;infrastructure existante et d&rsquo;am\u00e9liorer la qualit\u00e9 de service.<\/p>\n<p>Le module de gestion des t\u00e2ches <a href=\"https:\/\/www.newvoiceinternational.com\/fr\/mobicall\/\">MobiCall<\/a> est crucial, car il prend en charge la planification, l&rsquo;administration, le suivi et l&rsquo;ex\u00e9cution des t\u00e2ches multi-supports.<\/p>\n<p><img fetchpriority=\"high\" decoding=\"async\" width=\"500\" height=\"300\" class=\" wp-image-2172 alignleft\" src=\"http:\/\/newvoicetest.online\/wp-content\/uploads\/2022\/07\/Gesundheit_Service_call.jpg\" alt=\"\" srcset=\"https:\/\/newvoiceinternational.com\/wp-content\/uploads\/2022\/07\/Gesundheit_Service_call.jpg 500w, https:\/\/newvoiceinternational.com\/wp-content\/uploads\/2022\/07\/Gesundheit_Service_call-300x180.jpg 300w\" sizes=\"(max-width: 500px) 100vw, 500px\" \/><\/p>\n<h4><strong>Appel de service<\/strong><\/h4>\n<ul>\n<li>Int\u00e9gration des syst\u00e8mes de divertissement existants pour les patients<\/li>\n<li>Transmission des ordres de service par diff\u00e9rents m\u00e9dias<\/li>\n<li>Saisie des t\u00e2ches de service par t\u00e9l\u00e9phone, smartphone ou PC<\/li>\n<li>Transmission des t\u00e2ches en fonction des comp\u00e9tences<\/li>\n<li>Fonctions de connexion\/d\u00e9connexion pour les membres du personnel<\/li>\n<li>Communication bidirectionnelle optionnelle (par exemple \u00ab\u00a0la boisson que vous avez command\u00e9e sera servie dans 5 minutes\u00a0\u00bb)<\/li>\n<li>Portail Web multi-clients capable pour la surveillance des SLA et l&rsquo;\u00e9valuation de la qualit\u00e9 de service<\/li>\n<li>Am\u00e9lioration des processus hospitaliers et augmentation de la satisfaction des patients.<\/li>\n<\/ul>\n<h4><img decoding=\"async\" width=\"500\" height=\"300\" class=\"size-medium wp-image-2175 alignright\" src=\"http:\/\/newvoicetest.online\/wp-content\/uploads\/2022\/07\/Gesundheit_Integration_of_beds_management.jpg\" alt=\"\" srcset=\"https:\/\/newvoiceinternational.com\/wp-content\/uploads\/2022\/07\/Gesundheit_Integration_of_beds_management.jpg 500w, https:\/\/newvoiceinternational.com\/wp-content\/uploads\/2022\/07\/Gesundheit_Integration_of_beds_management-300x180.jpg 300w\" sizes=\"(max-width: 500px) 100vw, 500px\" \/><\/h4>\n<h4><strong>Int\u00e9gration de la gestion des lits<\/strong><\/h4>\n<ul>\n<li>Connexion de diff\u00e9rents syst\u00e8mes de transport de lit<\/li>\n<li>R\u00e9partition des t\u00e2ches en fonction de la pr\u00e9sence du personnel<\/li>\n<li>Saisie des rapports d&rsquo;\u00e9tat t\u00e9l\u00e9phone, smartphone ou PC<\/li>\n<li>Fonctions \u00e9tendues de r\u00e9ception et de refus<\/li>\n<li>Transmission des travaux de nettoyage, de r\u00e9paration et d&rsquo;entretien<\/li>\n<li>Suivi en temps r\u00e9el des travaux en cours<\/li>\n<\/ul>\n<p><img decoding=\"async\" width=\"500\" height=\"300\" class=\"size-medium wp-image-2165 alignleft\" src=\"http:\/\/newvoicetest.online\/wp-content\/uploads\/2022\/07\/Oeffentl_Einrichtungen_Info_hotline.jpg\" alt=\"\" srcset=\"https:\/\/newvoiceinternational.com\/wp-content\/uploads\/2022\/07\/Oeffentl_Einrichtungen_Info_hotline.jpg 500w, https:\/\/newvoiceinternational.com\/wp-content\/uploads\/2022\/07\/Oeffentl_Einrichtungen_Info_hotline-300x180.jpg 300w\" sizes=\"(max-width: 500px) 100vw, 500px\" \/><\/p>\n<h4><strong>Info Hotline \/Centre de service aux citoyens<\/strong><\/h4>\n<ul>\n<li>R\u00e9ception automatique des appels en parall\u00e8le<\/li>\n<li>Adaptation flexible des annonces dynamiques ou pr\u00e9-d\u00e9finies<\/li>\n<li>Menus interactifs \u00e0 plusieurs niveaux en option<\/li>\n<li>Circuit VIP pour les num\u00e9ros de t\u00e9l\u00e9phone d&rsquo;une importance maximale<\/li>\n<li>Blocage partiel ou total des num\u00e9ros de t\u00e9l\u00e9phone en option<\/li>\n<li>\u00c9conomie de ressources importantes du personnel<\/li>\n<li>Alerte de la population<\/li>\n<li>Statistiques et enregistrements complets.<\/li>\n<\/ul>\n\t\t\t\t\t\t\t\t<\/div>\n\t\t\t\t<\/div>\n\t\t\t\t\t<\/div>\n\t\t<\/div>\n\t\t\t\t\t<\/div>\n\t\t<\/section>\n\t\t\t\t<\/div>\n\t\t","protected":false},"excerpt":{"rendered":"<p>Gestion des services et optimisation des processus- Sant\u00e9 L&rsquo;efficacit\u00e9 de la communication est un \u00e9l\u00e9ment important pour la gestion d&rsquo;une entreprise hospitali\u00e8re, que ce soit en termes de co\u00fbts ou de qualit\u00e9. MobiCall permet de relier tous les syst\u00e8mes existants tels que ceux de divertissement des patients, de gestion des lits, de t\u00e9l\u00e9phonie, de dispositifs [&hellip;]<\/p>\n","protected":false},"author":5,"featured_media":0,"parent":0,"menu_order":0,"comment_status":"closed","ping_status":"closed","template":"elementor_header_footer","meta":{"_eb_attr":"","inline_featured_image":false,"footnotes":""},"class_list":["post-36081","page","type-page","status-publish","hentry"],"acf":[],"yoast_head":"<!-- This site is optimized with the Yoast SEO plugin v27.3 - https:\/\/yoast.com\/product\/yoast-seo-wordpress\/ -->\n<title>Gestion des services et optimisation des processus- Sant\u00e9 - NewVoice International<\/title>\n<meta name=\"robots\" content=\"index, follow, max-snippet:-1, max-image-preview:large, max-video-preview:-1\" \/>\n<link rel=\"canonical\" href=\"https:\/\/newvoiceinternational.com\/fr\/gestion-des-services-et-optimisation-des-processus-sante\/\" \/>\n<meta property=\"og:locale\" content=\"fr_FR\" \/>\n<meta property=\"og:type\" content=\"article\" \/>\n<meta property=\"og:title\" content=\"Gestion des services et optimisation des processus- Sant\u00e9 - NewVoice International\" \/>\n<meta property=\"og:description\" content=\"Gestion des services et optimisation des processus- Sant\u00e9 L&rsquo;efficacit\u00e9 de la communication est un \u00e9l\u00e9ment important pour la gestion d&rsquo;une entreprise hospitali\u00e8re, que ce soit en termes de co\u00fbts ou de qualit\u00e9. MobiCall permet de relier tous les syst\u00e8mes existants tels que ceux de divertissement des patients, de gestion des lits, de t\u00e9l\u00e9phonie, de dispositifs [&hellip;]\" \/>\n<meta property=\"og:url\" content=\"https:\/\/newvoiceinternational.com\/fr\/gestion-des-services-et-optimisation-des-processus-sante\/\" \/>\n<meta property=\"og:site_name\" content=\"NewVoice International\" \/>\n<meta property=\"article:modified_time\" content=\"2024-03-06T11:34:39+00:00\" \/>\n<meta property=\"og:image\" content=\"http:\/\/newvoicetest.online\/wp-content\/uploads\/2022\/07\/Gesundheit_Service_call.jpg\" \/>\n<meta name=\"twitter:card\" content=\"summary_large_image\" \/>\n<meta name=\"twitter:label1\" content=\"Dur\u00e9e de lecture estim\u00e9e\" \/>\n\t<meta name=\"twitter:data1\" content=\"2 minutes\" \/>\n<script type=\"application\/ld+json\" class=\"yoast-schema-graph\">{\"@context\":\"https:\\\/\\\/schema.org\",\"@graph\":[{\"@type\":\"WebPage\",\"@id\":\"https:\\\/\\\/newvoiceinternational.com\\\/fr\\\/gestion-des-services-et-optimisation-des-processus-sante\\\/\",\"url\":\"https:\\\/\\\/newvoiceinternational.com\\\/fr\\\/gestion-des-services-et-optimisation-des-processus-sante\\\/\",\"name\":\"Gestion des services et optimisation des processus- Sant\u00e9 - NewVoice International\",\"isPartOf\":{\"@id\":\"https:\\\/\\\/newvoiceinternational.com\\\/fr\\\/#website\"},\"primaryImageOfPage\":{\"@id\":\"https:\\\/\\\/newvoiceinternational.com\\\/fr\\\/gestion-des-services-et-optimisation-des-processus-sante\\\/#primaryimage\"},\"image\":{\"@id\":\"https:\\\/\\\/newvoiceinternational.com\\\/fr\\\/gestion-des-services-et-optimisation-des-processus-sante\\\/#primaryimage\"},\"thumbnailUrl\":\"http:\\\/\\\/newvoicetest.online\\\/wp-content\\\/uploads\\\/2022\\\/07\\\/Gesundheit_Service_call.jpg\",\"datePublished\":\"2024-03-06T09:35:15+00:00\",\"dateModified\":\"2024-03-06T11:34:39+00:00\",\"breadcrumb\":{\"@id\":\"https:\\\/\\\/newvoiceinternational.com\\\/fr\\\/gestion-des-services-et-optimisation-des-processus-sante\\\/#breadcrumb\"},\"inLanguage\":\"fr-FR\",\"potentialAction\":[{\"@type\":\"ReadAction\",\"target\":[\"https:\\\/\\\/newvoiceinternational.com\\\/fr\\\/gestion-des-services-et-optimisation-des-processus-sante\\\/\"]}]},{\"@type\":\"ImageObject\",\"inLanguage\":\"fr-FR\",\"@id\":\"https:\\\/\\\/newvoiceinternational.com\\\/fr\\\/gestion-des-services-et-optimisation-des-processus-sante\\\/#primaryimage\",\"url\":\"http:\\\/\\\/newvoicetest.online\\\/wp-content\\\/uploads\\\/2022\\\/07\\\/Gesundheit_Service_call.jpg\",\"contentUrl\":\"http:\\\/\\\/newvoicetest.online\\\/wp-content\\\/uploads\\\/2022\\\/07\\\/Gesundheit_Service_call.jpg\"},{\"@type\":\"BreadcrumbList\",\"@id\":\"https:\\\/\\\/newvoiceinternational.com\\\/fr\\\/gestion-des-services-et-optimisation-des-processus-sante\\\/#breadcrumb\",\"itemListElement\":[{\"@type\":\"ListItem\",\"position\":1,\"name\":\"Home\",\"item\":\"https:\\\/\\\/newvoiceinternational.com\\\/fr\\\/\"},{\"@type\":\"ListItem\",\"position\":2,\"name\":\"Gestion des services et optimisation des processus- Sant\u00e9\"}]},{\"@type\":\"WebSite\",\"@id\":\"https:\\\/\\\/newvoiceinternational.com\\\/fr\\\/#website\",\"url\":\"https:\\\/\\\/newvoiceinternational.com\\\/fr\\\/\",\"name\":\"NewVoice International\",\"description\":\"\",\"publisher\":{\"@id\":\"https:\\\/\\\/newvoiceinternational.com\\\/fr\\\/#organization\"},\"potentialAction\":[{\"@type\":\"SearchAction\",\"target\":{\"@type\":\"EntryPoint\",\"urlTemplate\":\"https:\\\/\\\/newvoiceinternational.com\\\/fr\\\/?s={search_term_string}\"},\"query-input\":{\"@type\":\"PropertyValueSpecification\",\"valueRequired\":true,\"valueName\":\"search_term_string\"}}],\"inLanguage\":\"fr-FR\"},{\"@type\":\"Organization\",\"@id\":\"https:\\\/\\\/newvoiceinternational.com\\\/fr\\\/#organization\",\"name\":\"NewVoice International\",\"url\":\"https:\\\/\\\/newvoiceinternational.com\\\/fr\\\/\",\"logo\":{\"@type\":\"ImageObject\",\"inLanguage\":\"fr-FR\",\"@id\":\"https:\\\/\\\/newvoiceinternational.com\\\/fr\\\/#\\\/schema\\\/logo\\\/image\\\/\",\"url\":\"https:\\\/\\\/newvoiceinternational.com\\\/wp-content\\\/uploads\\\/2022\\\/06\\\/NV_Logo_RGB.png\",\"contentUrl\":\"https:\\\/\\\/newvoiceinternational.com\\\/wp-content\\\/uploads\\\/2022\\\/06\\\/NV_Logo_RGB.png\",\"width\":1200,\"height\":315,\"caption\":\"NewVoice International\"},\"image\":{\"@id\":\"https:\\\/\\\/newvoiceinternational.com\\\/fr\\\/#\\\/schema\\\/logo\\\/image\\\/\"}}]}<\/script>\n<!-- \/ Yoast SEO plugin. -->","yoast_head_json":{"title":"Gestion des services et optimisation des processus- Sant\u00e9 - NewVoice International","robots":{"index":"index","follow":"follow","max-snippet":"max-snippet:-1","max-image-preview":"max-image-preview:large","max-video-preview":"max-video-preview:-1"},"canonical":"https:\/\/newvoiceinternational.com\/fr\/gestion-des-services-et-optimisation-des-processus-sante\/","og_locale":"fr_FR","og_type":"article","og_title":"Gestion des services et optimisation des processus- Sant\u00e9 - NewVoice International","og_description":"Gestion des services et optimisation des processus- Sant\u00e9 L&rsquo;efficacit\u00e9 de la communication est un \u00e9l\u00e9ment important pour la gestion d&rsquo;une entreprise hospitali\u00e8re, que ce soit en termes de co\u00fbts ou de qualit\u00e9. MobiCall permet de relier tous les syst\u00e8mes existants tels que ceux de divertissement des patients, de gestion des lits, de t\u00e9l\u00e9phonie, de dispositifs [&hellip;]","og_url":"https:\/\/newvoiceinternational.com\/fr\/gestion-des-services-et-optimisation-des-processus-sante\/","og_site_name":"NewVoice International","article_modified_time":"2024-03-06T11:34:39+00:00","og_image":[{"url":"http:\/\/newvoicetest.online\/wp-content\/uploads\/2022\/07\/Gesundheit_Service_call.jpg","type":"","width":"","height":""}],"twitter_card":"summary_large_image","twitter_misc":{"Dur\u00e9e de lecture estim\u00e9e":"2 minutes"},"schema":{"@context":"https:\/\/schema.org","@graph":[{"@type":"WebPage","@id":"https:\/\/newvoiceinternational.com\/fr\/gestion-des-services-et-optimisation-des-processus-sante\/","url":"https:\/\/newvoiceinternational.com\/fr\/gestion-des-services-et-optimisation-des-processus-sante\/","name":"Gestion des services et optimisation des processus- Sant\u00e9 - NewVoice International","isPartOf":{"@id":"https:\/\/newvoiceinternational.com\/fr\/#website"},"primaryImageOfPage":{"@id":"https:\/\/newvoiceinternational.com\/fr\/gestion-des-services-et-optimisation-des-processus-sante\/#primaryimage"},"image":{"@id":"https:\/\/newvoiceinternational.com\/fr\/gestion-des-services-et-optimisation-des-processus-sante\/#primaryimage"},"thumbnailUrl":"http:\/\/newvoicetest.online\/wp-content\/uploads\/2022\/07\/Gesundheit_Service_call.jpg","datePublished":"2024-03-06T09:35:15+00:00","dateModified":"2024-03-06T11:34:39+00:00","breadcrumb":{"@id":"https:\/\/newvoiceinternational.com\/fr\/gestion-des-services-et-optimisation-des-processus-sante\/#breadcrumb"},"inLanguage":"fr-FR","potentialAction":[{"@type":"ReadAction","target":["https:\/\/newvoiceinternational.com\/fr\/gestion-des-services-et-optimisation-des-processus-sante\/"]}]},{"@type":"ImageObject","inLanguage":"fr-FR","@id":"https:\/\/newvoiceinternational.com\/fr\/gestion-des-services-et-optimisation-des-processus-sante\/#primaryimage","url":"http:\/\/newvoicetest.online\/wp-content\/uploads\/2022\/07\/Gesundheit_Service_call.jpg","contentUrl":"http:\/\/newvoicetest.online\/wp-content\/uploads\/2022\/07\/Gesundheit_Service_call.jpg"},{"@type":"BreadcrumbList","@id":"https:\/\/newvoiceinternational.com\/fr\/gestion-des-services-et-optimisation-des-processus-sante\/#breadcrumb","itemListElement":[{"@type":"ListItem","position":1,"name":"Home","item":"https:\/\/newvoiceinternational.com\/fr\/"},{"@type":"ListItem","position":2,"name":"Gestion des services et optimisation des processus- Sant\u00e9"}]},{"@type":"WebSite","@id":"https:\/\/newvoiceinternational.com\/fr\/#website","url":"https:\/\/newvoiceinternational.com\/fr\/","name":"NewVoice International","description":"","publisher":{"@id":"https:\/\/newvoiceinternational.com\/fr\/#organization"},"potentialAction":[{"@type":"SearchAction","target":{"@type":"EntryPoint","urlTemplate":"https:\/\/newvoiceinternational.com\/fr\/?s={search_term_string}"},"query-input":{"@type":"PropertyValueSpecification","valueRequired":true,"valueName":"search_term_string"}}],"inLanguage":"fr-FR"},{"@type":"Organization","@id":"https:\/\/newvoiceinternational.com\/fr\/#organization","name":"NewVoice International","url":"https:\/\/newvoiceinternational.com\/fr\/","logo":{"@type":"ImageObject","inLanguage":"fr-FR","@id":"https:\/\/newvoiceinternational.com\/fr\/#\/schema\/logo\/image\/","url":"https:\/\/newvoiceinternational.com\/wp-content\/uploads\/2022\/06\/NV_Logo_RGB.png","contentUrl":"https:\/\/newvoiceinternational.com\/wp-content\/uploads\/2022\/06\/NV_Logo_RGB.png","width":1200,"height":315,"caption":"NewVoice International"},"image":{"@id":"https:\/\/newvoiceinternational.com\/fr\/#\/schema\/logo\/image\/"}}]}},"_links":{"self":[{"href":"https:\/\/newvoiceinternational.com\/fr\/wp-json\/wp\/v2\/pages\/36081","targetHints":{"allow":["GET"]}}],"collection":[{"href":"https:\/\/newvoiceinternational.com\/fr\/wp-json\/wp\/v2\/pages"}],"about":[{"href":"https:\/\/newvoiceinternational.com\/fr\/wp-json\/wp\/v2\/types\/page"}],"author":[{"embeddable":true,"href":"https:\/\/newvoiceinternational.com\/fr\/wp-json\/wp\/v2\/users\/5"}],"replies":[{"embeddable":true,"href":"https:\/\/newvoiceinternational.com\/fr\/wp-json\/wp\/v2\/comments?post=36081"}],"version-history":[{"count":0,"href":"https:\/\/newvoiceinternational.com\/fr\/wp-json\/wp\/v2\/pages\/36081\/revisions"}],"wp:attachment":[{"href":"https:\/\/newvoiceinternational.com\/fr\/wp-json\/wp\/v2\/media?parent=36081"}],"curies":[{"name":"wp","href":"https:\/\/api.w.org\/{rel}","templated":true}]}}