{"id":27225,"date":"2023-05-30T12:32:25","date_gmt":"2023-05-30T11:32:25","guid":{"rendered":"https:\/\/www.newvoiceinternational.com\/santexpo-after-event\/"},"modified":"2023-05-30T12:35:58","modified_gmt":"2023-05-30T11:35:58","slug":"santexpo-after-event","status":"publish","type":"page","link":"https:\/\/newvoiceinternational.com\/fr\/santexpo-after-event\/","title":{"rendered":"Santexpo after event"},"content":{"rendered":"\t\t<div data-elementor-type=\"wp-page\" data-elementor-id=\"27225\" class=\"elementor elementor-27225 elementor-27206\" data-elementor-post-type=\"page\">\n\t\t\t\t\t\t<section class=\"elementor-section elementor-top-section elementor-element elementor-element-fdd5772 elementor-section-boxed elementor-section-height-default elementor-section-height-default\" data-id=\"fdd5772\" data-element_type=\"section\" data-e-type=\"section\">\n\t\t\t\t\t\t<div class=\"elementor-container elementor-column-gap-default\">\n\t\t\t\t\t<div class=\"elementor-column elementor-col-100 elementor-top-column elementor-element elementor-element-e1d0650\" data-id=\"e1d0650\" data-element_type=\"column\" data-e-type=\"column\">\n\t\t\t<div class=\"elementor-widget-wrap elementor-element-populated\">\n\t\t\t\t\t\t<div class=\"elementor-element elementor-element-ca5db27 elementor-widget elementor-widget-image\" data-id=\"ca5db27\" data-element_type=\"widget\" data-e-type=\"widget\" data-widget_type=\"image.default\">\n\t\t\t\t<div class=\"elementor-widget-container\">\n\t\t\t\t\t\t\t\t\t\t\t\t\t\t\t<img fetchpriority=\"high\" decoding=\"async\" width=\"2560\" height=\"2076\" src=\"https:\/\/newvoiceinternational.com\/wp-content\/uploads\/2023\/05\/1-scaled.jpg\" class=\"attachment-full size-full wp-image-27209\" alt=\"\" srcset=\"https:\/\/newvoiceinternational.com\/wp-content\/uploads\/2023\/05\/1-scaled.jpg 2560w, https:\/\/newvoiceinternational.com\/wp-content\/uploads\/2023\/05\/1-300x243.jpg 300w, https:\/\/newvoiceinternational.com\/wp-content\/uploads\/2023\/05\/1-1024x830.jpg 1024w\" sizes=\"(max-width: 2560px) 100vw, 2560px\" \/>\t\t\t\t\t\t\t\t\t\t\t\t\t\t\t<\/div>\n\t\t\t\t<\/div>\n\t\t\t\t\t<\/div>\n\t\t<\/div>\n\t\t\t\t\t<\/div>\n\t\t<\/section>\n\t\t\t\t<section class=\"elementor-section elementor-top-section elementor-element elementor-element-8de7107 elementor-section-boxed elementor-section-height-default elementor-section-height-default\" data-id=\"8de7107\" data-element_type=\"section\" data-e-type=\"section\">\n\t\t\t\t\t\t<div class=\"elementor-container elementor-column-gap-default\">\n\t\t\t\t\t<div class=\"elementor-column elementor-col-100 elementor-top-column elementor-element elementor-element-bdfd6f2\" data-id=\"bdfd6f2\" data-element_type=\"column\" data-e-type=\"column\">\n\t\t\t<div class=\"elementor-widget-wrap elementor-element-populated\">\n\t\t\t\t\t\t<div class=\"elementor-element elementor-element-fda12b8 elementor-widget elementor-widget-text-editor\" data-id=\"fda12b8\" data-element_type=\"widget\" data-e-type=\"widget\" data-widget_type=\"text-editor.default\">\n\t\t\t\t<div class=\"elementor-widget-container\">\n\t\t\t\t\t\t\t\t\t<p>Nous tennons \u00e0 remercier chaleureusement tous ceux qui sont venus nous rencontrer \u00e0 SantExpo. Votre pr\u00e9sence et votre int\u00e9r\u00eat pour notre entreprise ont \u00e9t\u00e9 tr\u00e8s appr\u00e9ci\u00e9s.<\/p>\n<p>Nous avons \u00e9t\u00e9 ravis de rencontrer tant de personnes passionn\u00e9es et inspirantes, et de discuter des opportunit\u00e9s de collaboration et de partenariat. Cela a \u00e9t\u00e9 une exp\u00e9rience tr\u00e8s enrichissante pour notre entreprise, et nous avons h\u00e2te de travailler avec vous pour r\u00e9aliser des projets passionnants.<\/p>\n\t\t\t\t\t\t\t\t<\/div>\n\t\t\t\t<\/div>\n\t\t\t\t\t<\/div>\n\t\t<\/div>\n\t\t\t\t\t<\/div>\n\t\t<\/section>\n\t\t\t\t<\/div>\n\t\t","protected":false},"excerpt":{"rendered":"<p>Nous tennons \u00e0 remercier chaleureusement tous ceux qui sont venus nous rencontrer \u00e0 SantExpo. Votre pr\u00e9sence et votre int\u00e9r\u00eat pour notre entreprise ont \u00e9t\u00e9 tr\u00e8s appr\u00e9ci\u00e9s. Nous avons \u00e9t\u00e9 ravis de rencontrer tant de personnes passionn\u00e9es et inspirantes, et de discuter des opportunit\u00e9s de collaboration et de partenariat. Cela a \u00e9t\u00e9 une exp\u00e9rience tr\u00e8s enrichissante [&hellip;]<\/p>\n","protected":false},"author":5,"featured_media":0,"parent":0,"menu_order":0,"comment_status":"closed","ping_status":"closed","template":"elementor_header_footer","meta":{"_eb_attr":"","inline_featured_image":false,"footnotes":""},"class_list":["post-27225","page","type-page","status-publish","hentry"],"acf":[],"yoast_head":"<!-- This site is optimized with the Yoast SEO plugin v27.3 - https:\/\/yoast.com\/product\/yoast-seo-wordpress\/ -->\n<title>Santexpo after event - NewVoice International<\/title>\n<meta name=\"robots\" content=\"index, follow, max-snippet:-1, max-image-preview:large, max-video-preview:-1\" \/>\n<link rel=\"canonical\" href=\"https:\/\/newvoiceinternational.com\/fr\/santexpo-after-event\/\" \/>\n<meta property=\"og:locale\" content=\"fr_FR\" \/>\n<meta property=\"og:type\" content=\"article\" \/>\n<meta property=\"og:title\" content=\"Santexpo after event - NewVoice International\" \/>\n<meta property=\"og:description\" content=\"Nous tennons \u00e0 remercier chaleureusement tous ceux qui sont venus nous rencontrer \u00e0 SantExpo. Votre pr\u00e9sence et votre int\u00e9r\u00eat pour notre entreprise ont \u00e9t\u00e9 tr\u00e8s appr\u00e9ci\u00e9s. Nous avons \u00e9t\u00e9 ravis de rencontrer tant de personnes passionn\u00e9es et inspirantes, et de discuter des opportunit\u00e9s de collaboration et de partenariat. Cela a \u00e9t\u00e9 une exp\u00e9rience tr\u00e8s enrichissante [&hellip;]\" \/>\n<meta property=\"og:url\" content=\"https:\/\/newvoiceinternational.com\/fr\/santexpo-after-event\/\" \/>\n<meta property=\"og:site_name\" content=\"NewVoice International\" \/>\n<meta property=\"article:modified_time\" content=\"2023-05-30T11:35:58+00:00\" \/>\n<meta property=\"og:image\" content=\"https:\/\/www.newvoiceinternational.com\/wp-content\/uploads\/2023\/05\/1-scaled.jpg\" \/>\n<meta name=\"twitter:card\" content=\"summary_large_image\" \/>\n<script type=\"application\/ld+json\" class=\"yoast-schema-graph\">{\"@context\":\"https:\\\/\\\/schema.org\",\"@graph\":[{\"@type\":\"WebPage\",\"@id\":\"https:\\\/\\\/newvoiceinternational.com\\\/fr\\\/santexpo-after-event\\\/\",\"url\":\"https:\\\/\\\/newvoiceinternational.com\\\/fr\\\/santexpo-after-event\\\/\",\"name\":\"Santexpo after event - NewVoice International\",\"isPartOf\":{\"@id\":\"https:\\\/\\\/newvoiceinternational.com\\\/fr\\\/#website\"},\"primaryImageOfPage\":{\"@id\":\"https:\\\/\\\/newvoiceinternational.com\\\/fr\\\/santexpo-after-event\\\/#primaryimage\"},\"image\":{\"@id\":\"https:\\\/\\\/newvoiceinternational.com\\\/fr\\\/santexpo-after-event\\\/#primaryimage\"},\"thumbnailUrl\":\"https:\\\/\\\/www.newvoiceinternational.com\\\/wp-content\\\/uploads\\\/2023\\\/05\\\/1-scaled.jpg\",\"datePublished\":\"2023-05-30T11:32:25+00:00\",\"dateModified\":\"2023-05-30T11:35:58+00:00\",\"breadcrumb\":{\"@id\":\"https:\\\/\\\/newvoiceinternational.com\\\/fr\\\/santexpo-after-event\\\/#breadcrumb\"},\"inLanguage\":\"fr-FR\",\"potentialAction\":[{\"@type\":\"ReadAction\",\"target\":[\"https:\\\/\\\/newvoiceinternational.com\\\/fr\\\/santexpo-after-event\\\/\"]}]},{\"@type\":\"ImageObject\",\"inLanguage\":\"fr-FR\",\"@id\":\"https:\\\/\\\/newvoiceinternational.com\\\/fr\\\/santexpo-after-event\\\/#primaryimage\",\"url\":\"https:\\\/\\\/www.newvoiceinternational.com\\\/wp-content\\\/uploads\\\/2023\\\/05\\\/1-scaled.jpg\",\"contentUrl\":\"https:\\\/\\\/www.newvoiceinternational.com\\\/wp-content\\\/uploads\\\/2023\\\/05\\\/1-scaled.jpg\"},{\"@type\":\"BreadcrumbList\",\"@id\":\"https:\\\/\\\/newvoiceinternational.com\\\/fr\\\/santexpo-after-event\\\/#breadcrumb\",\"itemListElement\":[{\"@type\":\"ListItem\",\"position\":1,\"name\":\"Home\",\"item\":\"https:\\\/\\\/newvoiceinternational.com\\\/fr\\\/\"},{\"@type\":\"ListItem\",\"position\":2,\"name\":\"Santexpo after event\"}]},{\"@type\":\"WebSite\",\"@id\":\"https:\\\/\\\/newvoiceinternational.com\\\/fr\\\/#website\",\"url\":\"https:\\\/\\\/newvoiceinternational.com\\\/fr\\\/\",\"name\":\"NewVoice International\",\"description\":\"\",\"publisher\":{\"@id\":\"https:\\\/\\\/newvoiceinternational.com\\\/fr\\\/#organization\"},\"potentialAction\":[{\"@type\":\"SearchAction\",\"target\":{\"@type\":\"EntryPoint\",\"urlTemplate\":\"https:\\\/\\\/newvoiceinternational.com\\\/fr\\\/?s={search_term_string}\"},\"query-input\":{\"@type\":\"PropertyValueSpecification\",\"valueRequired\":true,\"valueName\":\"search_term_string\"}}],\"inLanguage\":\"fr-FR\"},{\"@type\":\"Organization\",\"@id\":\"https:\\\/\\\/newvoiceinternational.com\\\/fr\\\/#organization\",\"name\":\"NewVoice International\",\"url\":\"https:\\\/\\\/newvoiceinternational.com\\\/fr\\\/\",\"logo\":{\"@type\":\"ImageObject\",\"inLanguage\":\"fr-FR\",\"@id\":\"https:\\\/\\\/newvoiceinternational.com\\\/fr\\\/#\\\/schema\\\/logo\\\/image\\\/\",\"url\":\"https:\\\/\\\/newvoiceinternational.com\\\/wp-content\\\/uploads\\\/2022\\\/06\\\/NV_Logo_RGB.png\",\"contentUrl\":\"https:\\\/\\\/newvoiceinternational.com\\\/wp-content\\\/uploads\\\/2022\\\/06\\\/NV_Logo_RGB.png\",\"width\":1200,\"height\":315,\"caption\":\"NewVoice International\"},\"image\":{\"@id\":\"https:\\\/\\\/newvoiceinternational.com\\\/fr\\\/#\\\/schema\\\/logo\\\/image\\\/\"}}]}<\/script>\n<!-- \/ Yoast SEO plugin. -->","yoast_head_json":{"title":"Santexpo after event - NewVoice International","robots":{"index":"index","follow":"follow","max-snippet":"max-snippet:-1","max-image-preview":"max-image-preview:large","max-video-preview":"max-video-preview:-1"},"canonical":"https:\/\/newvoiceinternational.com\/fr\/santexpo-after-event\/","og_locale":"fr_FR","og_type":"article","og_title":"Santexpo after event - NewVoice International","og_description":"Nous tennons \u00e0 remercier chaleureusement tous ceux qui sont venus nous rencontrer \u00e0 SantExpo. Votre pr\u00e9sence et votre int\u00e9r\u00eat pour notre entreprise ont \u00e9t\u00e9 tr\u00e8s appr\u00e9ci\u00e9s. Nous avons \u00e9t\u00e9 ravis de rencontrer tant de personnes passionn\u00e9es et inspirantes, et de discuter des opportunit\u00e9s de collaboration et de partenariat. Cela a \u00e9t\u00e9 une exp\u00e9rience tr\u00e8s enrichissante [&hellip;]","og_url":"https:\/\/newvoiceinternational.com\/fr\/santexpo-after-event\/","og_site_name":"NewVoice International","article_modified_time":"2023-05-30T11:35:58+00:00","og_image":[{"url":"https:\/\/www.newvoiceinternational.com\/wp-content\/uploads\/2023\/05\/1-scaled.jpg","type":"","width":"","height":""}],"twitter_card":"summary_large_image","schema":{"@context":"https:\/\/schema.org","@graph":[{"@type":"WebPage","@id":"https:\/\/newvoiceinternational.com\/fr\/santexpo-after-event\/","url":"https:\/\/newvoiceinternational.com\/fr\/santexpo-after-event\/","name":"Santexpo after event - NewVoice International","isPartOf":{"@id":"https:\/\/newvoiceinternational.com\/fr\/#website"},"primaryImageOfPage":{"@id":"https:\/\/newvoiceinternational.com\/fr\/santexpo-after-event\/#primaryimage"},"image":{"@id":"https:\/\/newvoiceinternational.com\/fr\/santexpo-after-event\/#primaryimage"},"thumbnailUrl":"https:\/\/www.newvoiceinternational.com\/wp-content\/uploads\/2023\/05\/1-scaled.jpg","datePublished":"2023-05-30T11:32:25+00:00","dateModified":"2023-05-30T11:35:58+00:00","breadcrumb":{"@id":"https:\/\/newvoiceinternational.com\/fr\/santexpo-after-event\/#breadcrumb"},"inLanguage":"fr-FR","potentialAction":[{"@type":"ReadAction","target":["https:\/\/newvoiceinternational.com\/fr\/santexpo-after-event\/"]}]},{"@type":"ImageObject","inLanguage":"fr-FR","@id":"https:\/\/newvoiceinternational.com\/fr\/santexpo-after-event\/#primaryimage","url":"https:\/\/www.newvoiceinternational.com\/wp-content\/uploads\/2023\/05\/1-scaled.jpg","contentUrl":"https:\/\/www.newvoiceinternational.com\/wp-content\/uploads\/2023\/05\/1-scaled.jpg"},{"@type":"BreadcrumbList","@id":"https:\/\/newvoiceinternational.com\/fr\/santexpo-after-event\/#breadcrumb","itemListElement":[{"@type":"ListItem","position":1,"name":"Home","item":"https:\/\/newvoiceinternational.com\/fr\/"},{"@type":"ListItem","position":2,"name":"Santexpo after event"}]},{"@type":"WebSite","@id":"https:\/\/newvoiceinternational.com\/fr\/#website","url":"https:\/\/newvoiceinternational.com\/fr\/","name":"NewVoice International","description":"","publisher":{"@id":"https:\/\/newvoiceinternational.com\/fr\/#organization"},"potentialAction":[{"@type":"SearchAction","target":{"@type":"EntryPoint","urlTemplate":"https:\/\/newvoiceinternational.com\/fr\/?s={search_term_string}"},"query-input":{"@type":"PropertyValueSpecification","valueRequired":true,"valueName":"search_term_string"}}],"inLanguage":"fr-FR"},{"@type":"Organization","@id":"https:\/\/newvoiceinternational.com\/fr\/#organization","name":"NewVoice International","url":"https:\/\/newvoiceinternational.com\/fr\/","logo":{"@type":"ImageObject","inLanguage":"fr-FR","@id":"https:\/\/newvoiceinternational.com\/fr\/#\/schema\/logo\/image\/","url":"https:\/\/newvoiceinternational.com\/wp-content\/uploads\/2022\/06\/NV_Logo_RGB.png","contentUrl":"https:\/\/newvoiceinternational.com\/wp-content\/uploads\/2022\/06\/NV_Logo_RGB.png","width":1200,"height":315,"caption":"NewVoice International"},"image":{"@id":"https:\/\/newvoiceinternational.com\/fr\/#\/schema\/logo\/image\/"}}]}},"_links":{"self":[{"href":"https:\/\/newvoiceinternational.com\/fr\/wp-json\/wp\/v2\/pages\/27225","targetHints":{"allow":["GET"]}}],"collection":[{"href":"https:\/\/newvoiceinternational.com\/fr\/wp-json\/wp\/v2\/pages"}],"about":[{"href":"https:\/\/newvoiceinternational.com\/fr\/wp-json\/wp\/v2\/types\/page"}],"author":[{"embeddable":true,"href":"https:\/\/newvoiceinternational.com\/fr\/wp-json\/wp\/v2\/users\/5"}],"replies":[{"embeddable":true,"href":"https:\/\/newvoiceinternational.com\/fr\/wp-json\/wp\/v2\/comments?post=27225"}],"version-history":[{"count":0,"href":"https:\/\/newvoiceinternational.com\/fr\/wp-json\/wp\/v2\/pages\/27225\/revisions"}],"wp:attachment":[{"href":"https:\/\/newvoiceinternational.com\/fr\/wp-json\/wp\/v2\/media?parent=27225"}],"curies":[{"name":"wp","href":"https:\/\/api.w.org\/{rel}","templated":true}]}}