{"id":26738,"date":"2022-08-31T13:38:33","date_gmt":"2022-08-31T12:38:33","guid":{"rendered":"https:\/\/www.newvoiceinternational.com\/download\/"},"modified":"2023-11-10T11:37:59","modified_gmt":"2023-11-10T10:37:59","slug":"download","status":"publish","type":"page","link":"https:\/\/newvoiceinternational.com\/fr\/download\/","title":{"rendered":"Download"},"content":{"rendered":"\t\t<div data-elementor-type=\"wp-page\" data-elementor-id=\"26738\" class=\"elementor elementor-26738 elementor-11336\" data-elementor-post-type=\"page\">\n\t\t\t\t\t\t<section class=\"elementor-section elementor-top-section elementor-element elementor-element-a99a828 elementor-section-boxed elementor-section-height-default elementor-section-height-default\" data-id=\"a99a828\" data-element_type=\"section\" data-e-type=\"section\">\n\t\t\t\t\t\t<div class=\"elementor-container elementor-column-gap-default\">\n\t\t\t\t\t<div class=\"elementor-column elementor-col-100 elementor-top-column elementor-element elementor-element-1e1d8c8\" data-id=\"1e1d8c8\" data-element_type=\"column\" data-e-type=\"column\">\n\t\t\t<div class=\"elementor-widget-wrap elementor-element-populated\">\n\t\t\t\t\t\t<div class=\"elementor-element elementor-element-c592822 elementor-widget elementor-widget-text-editor\" data-id=\"c592822\" data-element_type=\"widget\" data-e-type=\"widget\" data-widget_type=\"text-editor.default\">\n\t\t\t\t<div class=\"elementor-widget-container\">\n\t\t\t\t\t\t\t\t\t<p style=\"text-align: center;\"><strong>DOCUMENTATION \u00c0 T\u00c9L\u00c9CHARGER<\/strong>\u00a0<\/p><div id=\"text-block-5\" class=\"mk-text-block \"><p style=\"text-align: center;\">Explorez notre s\u00e9lection compl\u00e8te de brochures et de documents pour une vue d&rsquo;ensemble rapide, disponibles en t\u00e9l\u00e9chargement ou \u00e0 imprimer.<\/p><\/div>\t\t\t\t\t\t\t\t<\/div>\n\t\t\t\t<\/div>\n\t\t\t\t\t<\/div>\n\t\t<\/div>\n\t\t\t\t\t<\/div>\n\t\t<\/section>\n\t\t\t\t<section class=\"elementor-section elementor-top-section elementor-element elementor-element-45cccfe elementor-section-boxed elementor-section-height-default elementor-section-height-default\" data-id=\"45cccfe\" data-element_type=\"section\" data-e-type=\"section\">\n\t\t\t\t\t\t<div class=\"elementor-container elementor-column-gap-default\">\n\t\t\t\t\t<div class=\"elementor-column elementor-col-100 elementor-top-column elementor-element elementor-element-745de79\" data-id=\"745de79\" data-element_type=\"column\" data-e-type=\"column\">\n\t\t\t<div class=\"elementor-widget-wrap elementor-element-populated\">\n\t\t\t\t\t\t<div class=\"elementor-element elementor-element-aa9d7d9 elementor-widget elementor-widget-text-editor\" data-id=\"aa9d7d9\" data-element_type=\"widget\" data-e-type=\"widget\" data-widget_type=\"text-editor.default\">\n\t\t\t\t<div class=\"elementor-widget-container\">\n\t\t\t\t\t\t\t\t\t<div data-charcode=\"f0ed\" data-family=\"awesome-icons\"><h4 style=\"text-align: center;\"><strong>Projets de r\u00e9f\u00e9rence<\/strong><\/h4><\/div><div data-charcode=\"f0ed\" data-family=\"awesome-icons\"><ul><li><a href=\"https:\/\/www.newvoiceinternational.com\/wp-content\/uploads\/2023\/04\/NV_34009_Healthcare_Coverage_Austria_EN.pdf?_ga=2.202278489.956626484.1693833040-1068843365.1675673575\" target=\"_blank\" rel=\"noopener\">The Triumph of Professional Alerting in Austria<\/a><\/li><li><a href=\"https:\/\/www.newvoiceinternational.com\/wp-content\/uploads\/2023\/01\/NV_Referenzprojekt_34004_EPI_2022_EN-1.pdf\" target=\"_blank\" rel=\"noopener\">EPI<\/a><\/li><li><a href=\"https:\/\/www.newvoiceinternational.com\/wp-content\/uploads\/2023\/02\/NV_Referenzprojekt_34003_Klinikum-Stuttgart_2022_EN1-1.pdf\" target=\"_blank\" rel=\"noopener\">Klinikum Stuttgart<\/a><\/li><li><a href=\"https:\/\/www.newvoiceinternational.com\/wp-content\/uploads\/2023\/01\/NV_Referenzprojekt_34002_Klinik_Zugersee_Triaplus_EN.pdf\" target=\"_blank\" rel=\"noopener\">Klinikum Zugersee<\/a><\/li><li><a href=\"https:\/\/www.newvoiceinternational.com\/wp-content\/uploads\/2022\/08\/sf_2019-02_publi_newvoice.pdf\" target=\"_blank\" rel=\"noopener\">\u201cSecurity under Control\u201d for municipalities and cities<\/a><\/li><li><a href=\"https:\/\/newvoiceinternational.com\/wp-content\/uploads\/2022\/08\/newvoice_publlireportage-alleinarbeiterschutz.pdf\" target=\"_blank\" rel=\"noopener\">Lone worker protection: Alone, but not left alone<\/a><\/li><li><a href=\"https:\/\/newvoiceinternational.com\/wp-content\/uploads\/2022\/08\/newvoice_publireportage-hotel-gstaad-palace.pdf\" target=\"_blank\" rel=\"noopener\">Hotel Gstaad Palace: Safety for the guests<\/a><\/li><li><a href=\"https:\/\/newvoiceinternational.com\/wp-content\/uploads\/2022\/09\/New-Voice_Sicherheitsforum_Keine-Kompromisse.pdf\" target=\"_blank\" rel=\"noopener\">Aargau Psychiatric Services: No Compromise When It Comes to Safety<\/a><\/li><\/ul><\/div>\t\t\t\t\t\t\t\t<\/div>\n\t\t\t\t<\/div>\n\t\t\t\t<div class=\"elementor-element elementor-element-ec457ef elementor-widget elementor-widget-text-editor\" data-id=\"ec457ef\" data-element_type=\"widget\" data-e-type=\"widget\" data-widget_type=\"text-editor.default\">\n\t\t\t\t<div class=\"elementor-widget-container\">\n\t\t\t\t\t\t\t\t\t<div id=\"list-10\" class=\"mk-list-styles mk-align-none clear\" data-charcode=\"f0ed\" data-family=\"awesome-icons\"><h4 style=\"text-align: center;\"><strong>Produits MobiCall<\/strong><\/h4><\/div><div id=\"list-11\" class=\"mk-list-styles mk-align-none clear\" data-charcode=\"f0ed\" data-family=\"awesome-icons\"><ul><li><a href=\"https:\/\/newvoiceinternational.com\/wp-content\/uploads\/2023\/09\/NV_01128_MobiCall_General_Flyer_27.06.23_EN.pdf\" target=\"_blank\" rel=\"noopener\">MobiCall Flyer<\/a><\/li><li><a href=\"https:\/\/www.newvoiceinternational.com\/wp-content\/uploads\/2023\/03\/NV_MobiCall_App_01099_Detailed_Flyer_Q4_2022_EN.pdf\" target=\"_blank\" rel=\"noopener\">MobiCall.App<\/a><\/li><li><a href=\"https:\/\/www.newvoiceinternational.com\/wp-content\/uploads\/2023\/03\/NV_MobiCCloud_01102_MobiCCloud_Flexible_Cloud_Loesung_2022_EN.pdf\" target=\"_blank\" rel=\"noopener\">MobiCCloud<\/a><\/li><li><a href=\"https:\/\/www.newvoiceinternational.com\/wp-content\/uploads\/2023\/03\/NV_MobiBBox_01123_Flyer_15.02.2023_EN.pdf\" target=\"_blank\" rel=\"noopener\">MobiBBox Flyer<\/a><\/li><li><a href=\"https:\/\/newvoiceinternational.com\/wp-content\/uploads\/2022\/08\/170313_Flyer_PC_Client_DE_Digital.pdf\" target=\"_blank\" rel=\"noopener\">Desktop-Client<\/a><\/li><li><a href=\"https:\/\/newvoiceinternational.com\/wp-content\/uploads\/2022\/08\/NV_MobiCall_Mobility_DE.pdf\" target=\"_blank\" rel=\"noopener\">Mobility<\/a><\/li><li><a href=\"https:\/\/newvoiceinternational.com\/wp-content\/uploads\/2022\/08\/170503_Konferenzboard_DE.pdf\" target=\"_blank\" rel=\"noopener\">Conference<\/a><\/li><li><a href=\"https:\/\/newvoiceinternational.com\/wp-content\/uploads\/2022\/09\/MobiCall-Release-12_Flyer_DE.pdf\" target=\"_blank\" rel=\"noopener\">MobiCall Release 12.0<\/a><\/li><li><a href=\"https:\/\/newvoiceinternational.com\/wp-content\/uploads\/2022\/08\/nv_mobicall_01090_flyer_mobileapp_samsung_x-cover-4s_enterprise_de.pdf\" target=\"_blank\" rel=\"noopener\">MobileApp \u2013 Samsung XCover 4S &amp; Enterprise<\/a><\/li><li><a href=\"https:\/\/newvoiceinternational.com\/wp-content\/uploads\/2022\/08\/nv_mobicall_03050_mobicall-clinic-presentation_de.pdf\" target=\"_blank\" rel=\"noopener\">MobiCClinic<\/a><\/li><\/ul><\/div>\t\t\t\t\t\t\t\t<\/div>\n\t\t\t\t<\/div>\n\t\t\t\t<div class=\"elementor-element elementor-element-2e45d2a elementor-widget elementor-widget-text-editor\" data-id=\"2e45d2a\" data-element_type=\"widget\" data-e-type=\"widget\" data-widget_type=\"text-editor.default\">\n\t\t\t\t<div class=\"elementor-widget-container\">\n\t\t\t\t\t\t\t\t\t<div id=\"list-10\" class=\"mk-list-styles mk-align-none clear\" data-charcode=\"f0ed\" data-family=\"awesome-icons\"><h4 style=\"text-align: center;\"><strong>solutions Industrielles<\/strong><\/h4><\/div><div id=\"list-11\" class=\"mk-list-styles mk-align-none clear\" data-charcode=\"f0ed\" data-family=\"awesome-icons\"><ul><li><a href=\"https:\/\/newvoiceinternational.com\/wp-content\/uploads\/2022\/08\/NV_MobiCall_35007_Engergieversorger_DE.pdf\" target=\"_blank\" rel=\"noopener\">Utilities<\/a><\/li><li><a href=\"https:\/\/newvoiceinternational.com\/wp-content\/uploads\/2022\/08\/NV_MobiCall_35005_Finanzen-Dienstleistungen_DE.pdf\" target=\"_blank\" rel=\"noopener\">Financial and service companies<\/a><\/li><li><a href=\"https:\/\/newvoiceinternational.com\/wp-content\/uploads\/2022\/08\/NV_MobiCall_35004_Hochschulen_DE.pdf\" target=\"_blank\" rel=\"noopener\">Schools<\/a><\/li><li><a href=\"https:\/\/newvoiceinternational.com\/wp-content\/uploads\/2022\/08\/NV_MobiCall_35006_Hotel_DE.pdf\" target=\"_blank\" rel=\"noopener\">Hospitality<\/a><\/li><li><a href=\"https:\/\/newvoiceinternational.com\/wp-content\/uploads\/2022\/08\/NV_MobiCall_35003_Industrie_DE.pdf\" target=\"_blank\" rel=\"noopener\">Industry<\/a><\/li><li><a href=\"https:\/\/newvoiceinternational.com\/wp-content\/uploads\/2022\/08\/NV_MobiCall_35001_Kliniken_DE-2.pdf\" target=\"_blank\" rel=\"noopener\">Clinics and hospitals<\/a><\/li><li><a href=\"https:\/\/newvoiceinternational.com\/wp-content\/uploads\/2022\/08\/NV_MobiCall_35002_oeffentliche_Einrichtungen_DE.pdf\" target=\"_blank\" rel=\"noopener\">Public institutions<\/a><\/li><li><a href=\"https:\/\/newvoiceinternational.com\/wp-content\/uploads\/2022\/08\/170131_Flyer_Pflege_digital.pdf\" target=\"_blank\" rel=\"noopener\">Senior homes and assisted living<\/a><\/li><\/ul><\/div>\t\t\t\t\t\t\t\t<\/div>\n\t\t\t\t<\/div>\n\t\t\t\t<div class=\"elementor-element elementor-element-3e661eb elementor-widget elementor-widget-text-editor\" data-id=\"3e661eb\" data-element_type=\"widget\" data-e-type=\"widget\" data-widget_type=\"text-editor.default\">\n\t\t\t\t<div class=\"elementor-widget-container\">\n\t\t\t\t\t\t\t\t\t<div id=\"list-10\" class=\"mk-list-styles mk-align-none clear\" data-charcode=\"f0ed\" data-family=\"awesome-icons\"><h4 style=\"text-align: center;\"><strong>Cas d&rsquo;usage<\/strong><\/h4><\/div><div id=\"list-11\" class=\"mk-list-styles mk-align-none clear\" data-charcode=\"f0ed\" data-family=\"awesome-icons\"><ul><li><a href=\"https:\/\/newvoiceinternational.com\/wp-content\/uploads\/2022\/08\/Flyer_Brandfall_DE.pdf\" target=\"_blank\" rel=\"noopener\">Fire alarm<\/a><\/li><li><a href=\"https:\/\/newvoiceinternational.com\/wp-content\/uploads\/2022\/08\/170421_Flyer_Alleinarbeit.pdf\" target=\"_blank\" rel=\"noopener\">Lone worker protection<\/a><\/li><li><a href=\"https:\/\/newvoiceinternational.com\/wp-content\/uploads\/2022\/08\/NV_MobiCall_35022_Dienstbasierte_Telefonie_DE.pdf\" target=\"_blank\" rel=\"noopener\">Service based telephony<\/a><\/li><li><a href=\"https:\/\/newvoiceinternational.com\/wp-content\/uploads\/2022\/08\/Flyer_Stille-Alarmierung_DE.pdf\" target=\"_blank\" rel=\"noopener\">Silent alarm<\/a><\/li><li><a href=\"https:\/\/newvoiceinternational.com\/wp-content\/uploads\/2022\/08\/nv_mobicall_01093_mobile-notruf-lsung_de.pdf\" target=\"_blank\" rel=\"noopener\">Mobile emergency call solution<\/a><\/li><\/ul><\/div>\t\t\t\t\t\t\t\t<\/div>\n\t\t\t\t<\/div>\n\t\t\t\t<div class=\"elementor-element elementor-element-7250cae elementor-widget elementor-widget-text-editor\" data-id=\"7250cae\" data-element_type=\"widget\" data-e-type=\"widget\" data-widget_type=\"text-editor.default\">\n\t\t\t\t<div class=\"elementor-widget-container\">\n\t\t\t\t\t\t\t\t\t<div id=\"list-10\" class=\"mk-list-styles mk-align-none clear\" data-charcode=\"f0ed\" data-family=\"awesome-icons\"><h4 style=\"text-align: center;\"><strong>Certifications<\/strong><\/h4><\/div><div id=\"list-11\" class=\"mk-list-styles mk-align-none clear\" data-charcode=\"f0ed\" data-family=\"awesome-icons\"><ul><li><a href=\"https:\/\/newvoiceinternational.com\/wp-content\/uploads\/2022\/08\/alleinarbeitsplatz_zertifizierung-nachantrag_oxe12.3.pdf\" target=\"_blank\" rel=\"noopener\">Lone worker protection certification according to DIN 0825-1<\/a><\/li><\/ul><\/div>\t\t\t\t\t\t\t\t<\/div>\n\t\t\t\t<\/div>\n\t\t\t\t<div class=\"elementor-element elementor-element-8e311f1 elementor-widget elementor-widget-text-editor\" data-id=\"8e311f1\" data-element_type=\"widget\" data-e-type=\"widget\" data-widget_type=\"text-editor.default\">\n\t\t\t\t<div class=\"elementor-widget-container\">\n\t\t\t\t\t\t\t\t\t<div id=\"list-10\" class=\"mk-list-styles mk-align-none clear\" data-charcode=\"f0ed\" data-family=\"awesome-icons\">\n<h4 style=\"text-align: center;\"><strong>PBX support switchboard<\/strong><\/h4>\n<\/div>\n<div id=\"list-11\" class=\"mk-list-styles mk-align-none clear\" data-charcode=\"f0ed\" data-family=\"awesome-icons\">\n<ul>\n<li><a href=\"https:\/\/newvoiceinternational.com\/wp-content\/uploads\/2022\/08\/nv_alcatel_01085_flyer_lsungsbersicht_de.pdf\" target=\"_blank\" rel=\"noopener\">Brochure Alcatel-Lucent_Solution Overview<\/a><\/li>\n<\/ul>\n<\/div>\t\t\t\t\t\t\t\t<\/div>\n\t\t\t\t<\/div>\n\t\t\t\t\t<\/div>\n\t\t<\/div>\n\t\t\t\t\t<\/div>\n\t\t<\/section>\n\t\t\t\t<\/div>\n\t\t","protected":false},"excerpt":{"rendered":"<p>DOCUMENTATION \u00c0 T\u00c9L\u00c9CHARGER\u00a0 Explorez notre s\u00e9lection compl\u00e8te de brochures et de documents pour une vue d&rsquo;ensemble rapide, disponibles en t\u00e9l\u00e9chargement ou \u00e0 imprimer. Projets de r\u00e9f\u00e9rence The Triumph of Professional Alerting in Austria EPI Klinikum Stuttgart Klinikum Zugersee \u201cSecurity under Control\u201d for municipalities and cities Lone worker protection: Alone, but not left alone Hotel Gstaad [&hellip;]<\/p>\n","protected":false},"author":5,"featured_media":0,"parent":0,"menu_order":0,"comment_status":"closed","ping_status":"closed","template":"elementor_header_footer","meta":{"_eb_attr":"","inline_featured_image":false,"footnotes":""},"class_list":["post-26738","page","type-page","status-publish","hentry"],"acf":[],"yoast_head":"<!-- This site is optimized with the Yoast SEO plugin v27.4 - https:\/\/yoast.com\/product\/yoast-seo-wordpress\/ -->\n<title>Download - NewVoice International<\/title>\n<meta name=\"robots\" content=\"index, follow, max-snippet:-1, max-image-preview:large, max-video-preview:-1\" \/>\n<link rel=\"canonical\" href=\"https:\/\/newvoiceinternational.com\/fr\/download\/\" \/>\n<meta property=\"og:locale\" content=\"fr_FR\" \/>\n<meta property=\"og:type\" content=\"article\" \/>\n<meta property=\"og:title\" content=\"Download - NewVoice International\" \/>\n<meta property=\"og:description\" content=\"DOCUMENTATION \u00c0 T\u00c9L\u00c9CHARGER\u00a0 Explorez notre s\u00e9lection compl\u00e8te de brochures et de documents pour une vue d&rsquo;ensemble rapide, disponibles en t\u00e9l\u00e9chargement ou \u00e0 imprimer. Projets de r\u00e9f\u00e9rence The Triumph of Professional Alerting in Austria EPI Klinikum Stuttgart Klinikum Zugersee \u201cSecurity under Control\u201d for municipalities and cities Lone worker protection: Alone, but not left alone Hotel Gstaad [&hellip;]\" \/>\n<meta property=\"og:url\" content=\"https:\/\/newvoiceinternational.com\/fr\/download\/\" \/>\n<meta property=\"og:site_name\" content=\"NewVoice International\" \/>\n<meta property=\"article:modified_time\" content=\"2023-11-10T10:37:59+00:00\" \/>\n<meta name=\"twitter:card\" content=\"summary_large_image\" \/>\n<meta name=\"twitter:label1\" content=\"Dur\u00e9e de lecture estim\u00e9e\" \/>\n\t<meta name=\"twitter:data1\" content=\"1 minute\" \/>\n<script type=\"application\/ld+json\" class=\"yoast-schema-graph\">{\"@context\":\"https:\\\/\\\/schema.org\",\"@graph\":[{\"@type\":\"WebPage\",\"@id\":\"https:\\\/\\\/newvoiceinternational.com\\\/fr\\\/download\\\/\",\"url\":\"https:\\\/\\\/newvoiceinternational.com\\\/fr\\\/download\\\/\",\"name\":\"Download - NewVoice International\",\"isPartOf\":{\"@id\":\"https:\\\/\\\/newvoiceinternational.com\\\/fr\\\/#website\"},\"datePublished\":\"2022-08-31T12:38:33+00:00\",\"dateModified\":\"2023-11-10T10:37:59+00:00\",\"breadcrumb\":{\"@id\":\"https:\\\/\\\/newvoiceinternational.com\\\/fr\\\/download\\\/#breadcrumb\"},\"inLanguage\":\"fr-FR\",\"potentialAction\":[{\"@type\":\"ReadAction\",\"target\":[\"https:\\\/\\\/newvoiceinternational.com\\\/fr\\\/download\\\/\"]}]},{\"@type\":\"BreadcrumbList\",\"@id\":\"https:\\\/\\\/newvoiceinternational.com\\\/fr\\\/download\\\/#breadcrumb\",\"itemListElement\":[{\"@type\":\"ListItem\",\"position\":1,\"name\":\"Home\",\"item\":\"https:\\\/\\\/newvoiceinternational.com\\\/fr\\\/\"},{\"@type\":\"ListItem\",\"position\":2,\"name\":\"Download\"}]},{\"@type\":\"WebSite\",\"@id\":\"https:\\\/\\\/newvoiceinternational.com\\\/fr\\\/#website\",\"url\":\"https:\\\/\\\/newvoiceinternational.com\\\/fr\\\/\",\"name\":\"NewVoice International\",\"description\":\"\",\"publisher\":{\"@id\":\"https:\\\/\\\/newvoiceinternational.com\\\/fr\\\/#organization\"},\"potentialAction\":[{\"@type\":\"SearchAction\",\"target\":{\"@type\":\"EntryPoint\",\"urlTemplate\":\"https:\\\/\\\/newvoiceinternational.com\\\/fr\\\/?s={search_term_string}\"},\"query-input\":{\"@type\":\"PropertyValueSpecification\",\"valueRequired\":true,\"valueName\":\"search_term_string\"}}],\"inLanguage\":\"fr-FR\"},{\"@type\":\"Organization\",\"@id\":\"https:\\\/\\\/newvoiceinternational.com\\\/fr\\\/#organization\",\"name\":\"NewVoice International\",\"url\":\"https:\\\/\\\/newvoiceinternational.com\\\/fr\\\/\",\"logo\":{\"@type\":\"ImageObject\",\"inLanguage\":\"fr-FR\",\"@id\":\"https:\\\/\\\/newvoiceinternational.com\\\/fr\\\/#\\\/schema\\\/logo\\\/image\\\/\",\"url\":\"https:\\\/\\\/newvoiceinternational.com\\\/wp-content\\\/uploads\\\/2022\\\/06\\\/NV_Logo_RGB.png\",\"contentUrl\":\"https:\\\/\\\/newvoiceinternational.com\\\/wp-content\\\/uploads\\\/2022\\\/06\\\/NV_Logo_RGB.png\",\"width\":1200,\"height\":315,\"caption\":\"NewVoice International\"},\"image\":{\"@id\":\"https:\\\/\\\/newvoiceinternational.com\\\/fr\\\/#\\\/schema\\\/logo\\\/image\\\/\"}}]}<\/script>\n<!-- \/ Yoast SEO plugin. -->","yoast_head_json":{"title":"Download - NewVoice International","robots":{"index":"index","follow":"follow","max-snippet":"max-snippet:-1","max-image-preview":"max-image-preview:large","max-video-preview":"max-video-preview:-1"},"canonical":"https:\/\/newvoiceinternational.com\/fr\/download\/","og_locale":"fr_FR","og_type":"article","og_title":"Download - NewVoice International","og_description":"DOCUMENTATION \u00c0 T\u00c9L\u00c9CHARGER\u00a0 Explorez notre s\u00e9lection compl\u00e8te de brochures et de documents pour une vue d&rsquo;ensemble rapide, disponibles en t\u00e9l\u00e9chargement ou \u00e0 imprimer. Projets de r\u00e9f\u00e9rence The Triumph of Professional Alerting in Austria EPI Klinikum Stuttgart Klinikum Zugersee \u201cSecurity under Control\u201d for municipalities and cities Lone worker protection: Alone, but not left alone Hotel Gstaad [&hellip;]","og_url":"https:\/\/newvoiceinternational.com\/fr\/download\/","og_site_name":"NewVoice International","article_modified_time":"2023-11-10T10:37:59+00:00","twitter_card":"summary_large_image","twitter_misc":{"Dur\u00e9e de lecture estim\u00e9e":"1 minute"},"schema":{"@context":"https:\/\/schema.org","@graph":[{"@type":"WebPage","@id":"https:\/\/newvoiceinternational.com\/fr\/download\/","url":"https:\/\/newvoiceinternational.com\/fr\/download\/","name":"Download - NewVoice International","isPartOf":{"@id":"https:\/\/newvoiceinternational.com\/fr\/#website"},"datePublished":"2022-08-31T12:38:33+00:00","dateModified":"2023-11-10T10:37:59+00:00","breadcrumb":{"@id":"https:\/\/newvoiceinternational.com\/fr\/download\/#breadcrumb"},"inLanguage":"fr-FR","potentialAction":[{"@type":"ReadAction","target":["https:\/\/newvoiceinternational.com\/fr\/download\/"]}]},{"@type":"BreadcrumbList","@id":"https:\/\/newvoiceinternational.com\/fr\/download\/#breadcrumb","itemListElement":[{"@type":"ListItem","position":1,"name":"Home","item":"https:\/\/newvoiceinternational.com\/fr\/"},{"@type":"ListItem","position":2,"name":"Download"}]},{"@type":"WebSite","@id":"https:\/\/newvoiceinternational.com\/fr\/#website","url":"https:\/\/newvoiceinternational.com\/fr\/","name":"NewVoice International","description":"","publisher":{"@id":"https:\/\/newvoiceinternational.com\/fr\/#organization"},"potentialAction":[{"@type":"SearchAction","target":{"@type":"EntryPoint","urlTemplate":"https:\/\/newvoiceinternational.com\/fr\/?s={search_term_string}"},"query-input":{"@type":"PropertyValueSpecification","valueRequired":true,"valueName":"search_term_string"}}],"inLanguage":"fr-FR"},{"@type":"Organization","@id":"https:\/\/newvoiceinternational.com\/fr\/#organization","name":"NewVoice International","url":"https:\/\/newvoiceinternational.com\/fr\/","logo":{"@type":"ImageObject","inLanguage":"fr-FR","@id":"https:\/\/newvoiceinternational.com\/fr\/#\/schema\/logo\/image\/","url":"https:\/\/newvoiceinternational.com\/wp-content\/uploads\/2022\/06\/NV_Logo_RGB.png","contentUrl":"https:\/\/newvoiceinternational.com\/wp-content\/uploads\/2022\/06\/NV_Logo_RGB.png","width":1200,"height":315,"caption":"NewVoice International"},"image":{"@id":"https:\/\/newvoiceinternational.com\/fr\/#\/schema\/logo\/image\/"}}]}},"_links":{"self":[{"href":"https:\/\/newvoiceinternational.com\/fr\/wp-json\/wp\/v2\/pages\/26738","targetHints":{"allow":["GET"]}}],"collection":[{"href":"https:\/\/newvoiceinternational.com\/fr\/wp-json\/wp\/v2\/pages"}],"about":[{"href":"https:\/\/newvoiceinternational.com\/fr\/wp-json\/wp\/v2\/types\/page"}],"author":[{"embeddable":true,"href":"https:\/\/newvoiceinternational.com\/fr\/wp-json\/wp\/v2\/users\/5"}],"replies":[{"embeddable":true,"href":"https:\/\/newvoiceinternational.com\/fr\/wp-json\/wp\/v2\/comments?post=26738"}],"version-history":[{"count":0,"href":"https:\/\/newvoiceinternational.com\/fr\/wp-json\/wp\/v2\/pages\/26738\/revisions"}],"wp:attachment":[{"href":"https:\/\/newvoiceinternational.com\/fr\/wp-json\/wp\/v2\/media?parent=26738"}],"curies":[{"name":"wp","href":"https:\/\/api.w.org\/{rel}","templated":true}]}}