{"id":24757,"date":"2023-03-30T07:27:12","date_gmt":"2023-03-30T06:27:12","guid":{"rendered":"https:\/\/www.newvoiceinternational.com\/rma-formulaire\/"},"modified":"2023-03-30T13:35:17","modified_gmt":"2023-03-30T12:35:17","slug":"rma","status":"publish","type":"page","link":"https:\/\/newvoiceinternational.com\/fr\/rma\/","title":{"rendered":"RMA Formulaire"},"content":{"rendered":"\t\t<div data-elementor-type=\"wp-page\" data-elementor-id=\"24757\" class=\"elementor elementor-24757 elementor-24720\" data-elementor-post-type=\"page\">\n\t\t\t\t\t\t<section class=\"elementor-section elementor-top-section elementor-element elementor-element-8565336 elementor-section-boxed elementor-section-height-default elementor-section-height-default\" data-id=\"8565336\" data-element_type=\"section\">\n\t\t\t\t\t\t<div class=\"elementor-container elementor-column-gap-default\">\n\t\t\t\t\t<div class=\"elementor-column elementor-col-100 elementor-top-column elementor-element elementor-element-5ed3855\" data-id=\"5ed3855\" data-element_type=\"column\">\n\t\t\t<div class=\"elementor-widget-wrap elementor-element-populated\">\n\t\t\t\t\t\t<div class=\"elementor-element elementor-element-1849fb1 elementor-widget elementor-widget-heading\" data-id=\"1849fb1\" data-element_type=\"widget\" data-widget_type=\"heading.default\">\n\t\t\t\t<div class=\"elementor-widget-container\">\n\t\t\t\t\t<h2 class=\"elementor-heading-title elementor-size-default\">RMA Formulaire<\/h2>\t\t\t\t<\/div>\n\t\t\t\t<\/div>\n\t\t\t\t\t<\/div>\n\t\t<\/div>\n\t\t\t\t\t<\/div>\n\t\t<\/section>\n\t\t\t\t<section class=\"elementor-section elementor-top-section elementor-element elementor-element-eb24824 elementor-section-boxed elementor-section-height-default elementor-section-height-default\" data-id=\"eb24824\" data-element_type=\"section\">\n\t\t\t\t\t\t<div class=\"elementor-container elementor-column-gap-default\">\n\t\t\t\t\t<div class=\"elementor-column elementor-col-100 elementor-top-column elementor-element elementor-element-46409ba\" data-id=\"46409ba\" data-element_type=\"column\">\n\t\t\t<div class=\"elementor-widget-wrap elementor-element-populated\">\n\t\t\t\t\t\t<div class=\"elementor-element elementor-element-a36b59e elementor-widget elementor-widget-text-editor\" data-id=\"a36b59e\" data-element_type=\"widget\" data-widget_type=\"text-editor.default\">\n\t\t\t\t<div class=\"elementor-widget-container\">\n\t\t\t\t\t\t\t\t\t\n<div class=\"wpcf7 no-js\" id=\"wpcf7-f24763-o1\" lang=\"en-US\" dir=\"ltr\" data-wpcf7-id=\"24763\">\n<div class=\"screen-reader-response\"><p role=\"status\" aria-live=\"polite\" aria-atomic=\"true\"><\/p> <ul><\/ul><\/div>\n<form action=\"\/fr\/wp-json\/wp\/v2\/pages\/24757#wpcf7-f24763-o1\" method=\"post\" class=\"wpcf7-form init\" aria-label=\"Contact form\" novalidate=\"novalidate\" data-status=\"init\">\n<fieldset class=\"hidden-fields-container\"><input type=\"hidden\" name=\"_wpcf7\" value=\"24763\" \/><input type=\"hidden\" name=\"_wpcf7_version\" value=\"6.1.4\" \/><input type=\"hidden\" name=\"_wpcf7_locale\" value=\"en_US\" \/><input type=\"hidden\" name=\"_wpcf7_unit_tag\" value=\"wpcf7-f24763-o1\" \/><input type=\"hidden\" name=\"_wpcf7_container_post\" value=\"0\" \/><input type=\"hidden\" name=\"_wpcf7_posted_data_hash\" value=\"\" \/><input type=\"hidden\" name=\"_wpcf7_recaptcha_response\" value=\"\" \/>\n<\/fieldset>\n<div class=\"uacf7-form-wrapper-container uacf7-form-24763  \">Date\n<span class=\"wpcf7-form-control-wrap\" data-name=\"date-datum\"><input class=\"wpcf7-form-control wpcf7-date wpcf7-validates-as-date\" aria-invalid=\"false\" value=\"2026-01-11\" type=\"date\" name=\"date-datum\" \/><\/span>\n\n<label> Projet*\n    <span class=\"wpcf7-form-control-wrap\" data-name=\"Projekt\"><input size=\"40\" maxlength=\"400\" class=\"wpcf7-form-control wpcf7-text wpcf7-validates-as-required\" aria-required=\"true\" aria-invalid=\"false\" value=\"\" type=\"text\" name=\"Projekt\" \/><\/span> <\/label>\n\n<label> Client\n    <span class=\"wpcf7-form-control-wrap\" data-name=\"Endkunde\"><input size=\"40\" maxlength=\"400\" class=\"wpcf7-form-control wpcf7-text\" aria-invalid=\"false\" value=\"\" type=\"text\" name=\"Endkunde\" \/><\/span> <\/label>\n\n<label> Num\u00e9ro de contrat\n<span class=\"wpcf7-form-control-wrap\" data-name=\"Wartungsvertragsnummer:\"><input size=\"40\" maxlength=\"400\" class=\"wpcf7-form-control wpcf7-text\" aria-invalid=\"false\" value=\"\" type=\"text\" name=\"Wartungsvertragsnummer:\" \/><\/span><\/label>\n\n<h3>Contact Client<\/h3>\n\n<label> Soci\u00e9t\u00e9*\n    <span class=\"wpcf7-form-control-wrap\" data-name=\"Firma\"><input size=\"40\" maxlength=\"400\" class=\"wpcf7-form-control wpcf7-text wpcf7-validates-as-required\" aria-required=\"true\" aria-invalid=\"false\" value=\"\" type=\"text\" name=\"Firma\" \/><\/span> <\/label>\n\n<label> Adresse*\n    <span class=\"wpcf7-form-control-wrap\" data-name=\"Adresse\"><input size=\"40\" maxlength=\"400\" class=\"wpcf7-form-control wpcf7-text wpcf7-validates-as-required\" aria-required=\"true\" aria-invalid=\"false\" value=\"\" type=\"text\" name=\"Adresse\" \/><\/span> <\/label>\n\n<label> CP \/ ville*\n    <span class=\"wpcf7-form-control-wrap\" data-name=\"Ort\"><input size=\"40\" maxlength=\"400\" class=\"wpcf7-form-control wpcf7-text wpcf7-validates-as-required\" aria-required=\"true\" aria-invalid=\"false\" value=\"\" type=\"text\" name=\"Ort\" \/><\/span> <\/label>\n\n<label> Pays*\n<span class=\"wpcf7-form-control-wrap\" data-name=\"Land\"><input size=\"40\" maxlength=\"400\" class=\"wpcf7-form-control wpcf7-text wpcf7-validates-as-required\" aria-required=\"true\" aria-invalid=\"false\" value=\"\" type=\"text\" name=\"Land\" \/><\/span><\/label>\n\n<label> Contact*\n    <span class=\"wpcf7-form-control-wrap\" data-name=\"Kontaktperson\"><input size=\"40\" maxlength=\"400\" class=\"wpcf7-form-control wpcf7-text wpcf7-validates-as-required\" aria-required=\"true\" aria-invalid=\"false\" value=\"\" type=\"text\" name=\"Kontaktperson\" \/><\/span> <\/label>\n\n<label> T\u00e9l\u00e9phone*\n    <span class=\"wpcf7-form-control-wrap\" data-name=\"Telefon\"><input size=\"40\" maxlength=\"400\" class=\"wpcf7-form-control wpcf7-tel wpcf7-validates-as-required wpcf7-text wpcf7-validates-as-tel\" aria-required=\"true\" aria-invalid=\"false\" value=\"\" type=\"tel\" name=\"Telefon\" \/><\/span> <\/label>\n\n<label> Email*\n    <span class=\"wpcf7-form-control-wrap\" data-name=\"Email\"><input size=\"40\" maxlength=\"400\" class=\"wpcf7-form-control wpcf7-email wpcf7-validates-as-required wpcf7-text wpcf7-validates-as-email\" aria-required=\"true\" aria-invalid=\"false\" value=\"\" type=\"email\" name=\"Email\" \/><\/span> <\/label>\n\n<h4>Adresse de livraison<\/h4><br>\n\n\n<span class=\"wpcf7-form-control-wrap\" data-name=\"Lieferadresse\"><select class=\"wpcf7-form-control wpcf7-select wpcf7-validates-as-required\" aria-required=\"true\" aria-invalid=\"false\" name=\"Lieferadresse\"><option value=\"FR : New Voice 19 Rue Corot 92410 Ville-d\u2019Avray\">FR : New Voice 19 Rue Corot 92410 Ville-d\u2019Avray<\/option><option value=\"DE: New Voice Systems GmbH Gro\u00dfbeerenstra\u00dfe 2-10 Geb\u00e4ude 3 Raum 4.13 D-12107 Berlin\">DE: New Voice Systems GmbH Gro\u00dfbeerenstra\u00dfe 2-10 Geb\u00e4ude 3 Raum 4.13 D-12107 Berlin<\/option><option value=\"CH : New Voice Schweiz AG Milit\u00e4rstrasse 90 8004 Z\u00fcrich +41 58 750 11 11\">CH : New Voice Schweiz AG Milit\u00e4rstrasse 90 8004 Z\u00fcrich +41 58 750 11 11<\/option><\/select><\/span><br>\n<h3>Description des composants<\/h3><br>\n\nConstructeur\n<span class=\"wpcf7-form-control-wrap\" data-name=\"Hersteller\"><select class=\"wpcf7-form-control wpcf7-select\" aria-invalid=\"false\" name=\"Hersteller\"><option value=\"New Voice\">New Voice<\/option><option value=\"New Voice MobiBBox\">New Voice MobiBBox<\/option><option value=\"Wago\">Wago<\/option><option value=\"Moxa\">Moxa<\/option><option value=\"MC Technology\">MC Technology<\/option><option value=\"SEG technology\">SEG technology<\/option><option value=\"Dongle\">Dongle<\/option><option value=\"WuT\">WuT<\/option><\/select><\/span>\n\n<label> Type\n    <span class=\"wpcf7-form-control-wrap\" data-name=\"Typ\"><input size=\"40\" maxlength=\"400\" class=\"wpcf7-form-control wpcf7-text\" aria-invalid=\"false\" value=\"\" type=\"text\" name=\"Typ\" \/><\/span> <\/label>\n\n<label> Num\u00e9ro de s\u00e9rie\n    <span class=\"wpcf7-form-control-wrap\" data-name=\"Seriennumer\"><input size=\"40\" maxlength=\"400\" class=\"wpcf7-form-control wpcf7-text\" aria-invalid=\"false\" value=\"\" type=\"text\" name=\"Seriennumer\" \/><\/span> <\/label>\n\nMobiCall version\n<span class=\"wpcf7-form-control-wrap\" data-name=\"MobiCallVersion\"><select class=\"wpcf7-form-control wpcf7-select\" aria-invalid=\"false\" name=\"MobiCallVersion\"><option value=\"\"><\/option><option value=\"10.0\">10.0<\/option><option value=\"11.0\">11.0<\/option><option value=\"12.0\">12.0<\/option><option value=\"15.0\">15.0<\/option><option value=\"16.0\">16.0<\/option><\/select><\/span> <br>\nDate de livraison\n<span class=\"wpcf7-form-control-wrap\" data-name=\"date-427\"><input class=\"wpcf7-form-control wpcf7-date wpcf7-validates-as-date\" aria-invalid=\"false\" value=\"\" type=\"date\" name=\"date-427\" \/><\/span>\n<label> Dongle ID\n    <span class=\"wpcf7-form-control-wrap\" data-name=\"DongleSerien\"><input size=\"40\" maxlength=\"400\" class=\"wpcf7-form-control wpcf7-text\" aria-invalid=\"false\" value=\"\" type=\"text\" name=\"DongleSerien\" \/><\/span> <\/label>\n\n<label> Description de l&rsquo;incident*\n    <span class=\"wpcf7-form-control-wrap\" data-name=\"Fehler\"><input size=\"40\" maxlength=\"400\" class=\"wpcf7-form-control wpcf7-text wpcf7-validates-as-required\" aria-required=\"true\" aria-invalid=\"false\" value=\"\" type=\"text\" name=\"Fehler\" \/><\/span> <\/label>\n\n<span class=\"wpcf7-form-control-wrap\" data-name=\"acceptance-234\"><span class=\"wpcf7-form-control wpcf7-acceptance optional\"><span class=\"wpcf7-list-item\"><label><input type=\"checkbox\" name=\"acceptance-234\" value=\"1\" aria-invalid=\"false\" \/><span class=\"wpcf7-list-item-label\">Echange sous garantie<\/span><\/label><\/span><\/span><\/span>\n<span class=\"wpcf7-form-control-wrap\" data-name=\"acceptance-652\"><span class=\"wpcf7-form-control wpcf7-acceptance optional\"><span class=\"wpcf7-list-item\"><label><input type=\"checkbox\" name=\"acceptance-652\" value=\"1\" aria-invalid=\"false\" \/><span class=\"wpcf7-list-item-label\">Echange hors garantie<\/span><\/label><\/span><\/span><\/span>\n\n<br>\nConditions:\n<br>\n\n<b> \u00c9change sous garantie <\/b>\n<br>\nLa p\u00e9riode de support d\u00e9bute d\u00e8s la date du support. La r\u00e9ception du formulaire RMA NewVoice (\u00e9mis par nos soins) est une condition pr\u00e9alable \u00e0 l&rsquo;exp\u00e9dition du mat\u00e9riel de remplacement. Si le composant d\u00e9fectueux n&rsquo;est pas retourn\u00e9 dans un d\u00e9lai de 14 jours apr\u00e8s l&rsquo;envoi du mat\u00e9riel de remplacement, nous nous r\u00e9servons le droit de facturer ce dernier. Si l&rsquo;article signal\u00e9 s&rsquo;av\u00e8re non d\u00e9fectueux, nous nous r\u00e9servons le droit de facturer le mat\u00e9riel de remplacement ainsi que des frais administratifs de 250 \u20ac. <br>\n<br>\n\n<b>Echange hors garantie <\/b>\n<br>\nLa p\u00e9riode de garantie commence \u00e0 la date de support. La r\u00e9ception du formulaire RMA de NewVoice (\u00e9mis par nous) est une condition pr\u00e9alable \u00e0 l&rsquo;envoi du mat\u00e9riel de remplacement. Si le composant d\u00e9fectueux n&rsquo;est pas renvoy\u00e9 dans les 14 jours suivant l&rsquo;envoi du mat\u00e9riel de remplacement, nous nous r\u00e9servons le droit de facturer le mat\u00e9riel de remplacement. Si l&rsquo;article signal\u00e9 s&rsquo;av\u00e8re non d\u00e9fectueux, nous nous r\u00e9servons le droit de facturer le mat\u00e9riel de remplacement ainsi que des frais administratifs de 250 euros.\n\n<br>\n<br>\n<input class=\"wpcf7-form-control wpcf7-submit has-spinner\" type=\"submit\" value=\"Envoy\u00e9\" \/><\/div><div class=\"wpcf7-response-output\" aria-hidden=\"true\"><\/div>\n<\/form>\n<\/div>\n\t\t\t\t\t\t\t\t<\/div>\n\t\t\t\t<\/div>\n\t\t\t\t\t<\/div>\n\t\t<\/div>\n\t\t\t\t\t<\/div>\n\t\t<\/section>\n\t\t\t\t<\/div>\n\t\t","protected":false},"excerpt":{"rendered":"<p>RMA Formulaire<\/p>\n","protected":false},"author":5,"featured_media":0,"parent":0,"menu_order":0,"comment_status":"closed","ping_status":"closed","template":"elementor_header_footer","meta":{"_eb_attr":"","inline_featured_image":false,"footnotes":""},"class_list":["post-24757","page","type-page","status-publish","hentry"],"acf":[],"yoast_head":"<!-- This site is optimized with the Yoast SEO plugin v26.7 - https:\/\/yoast.com\/wordpress\/plugins\/seo\/ -->\n<title>RMA Formulaire - NewVoice International<\/title>\n<meta name=\"robots\" content=\"index, follow, max-snippet:-1, max-image-preview:large, max-video-preview:-1\" \/>\n<link rel=\"canonical\" href=\"https:\/\/newvoiceinternational.com\/fr\/rma\/\" \/>\n<meta property=\"og:locale\" content=\"fr_FR\" \/>\n<meta property=\"og:type\" content=\"article\" \/>\n<meta property=\"og:title\" content=\"RMA Formulaire - NewVoice International\" \/>\n<meta property=\"og:description\" content=\"RMA Formulaire\" \/>\n<meta property=\"og:url\" content=\"https:\/\/newvoiceinternational.com\/fr\/rma\/\" \/>\n<meta property=\"og:site_name\" content=\"NewVoice International\" \/>\n<meta property=\"article:modified_time\" content=\"2023-03-30T12:35:17+00:00\" \/>\n<meta name=\"twitter:card\" content=\"summary_large_image\" \/>\n<meta name=\"twitter:label1\" content=\"Dur\u00e9e de lecture estim\u00e9e\" \/>\n\t<meta name=\"twitter:data1\" content=\"1 minute\" \/>\n<script type=\"application\/ld+json\" class=\"yoast-schema-graph\">{\"@context\":\"https:\/\/schema.org\",\"@graph\":[{\"@type\":\"WebPage\",\"@id\":\"https:\/\/newvoiceinternational.com\/fr\/rma\/\",\"url\":\"https:\/\/newvoiceinternational.com\/fr\/rma\/\",\"name\":\"RMA Formulaire - NewVoice International\",\"isPartOf\":{\"@id\":\"https:\/\/newvoiceinternational.com\/#website\"},\"datePublished\":\"2023-03-30T06:27:12+00:00\",\"dateModified\":\"2023-03-30T12:35:17+00:00\",\"breadcrumb\":{\"@id\":\"https:\/\/newvoiceinternational.com\/fr\/rma\/#breadcrumb\"},\"inLanguage\":\"fr-FR\",\"potentialAction\":[{\"@type\":\"ReadAction\",\"target\":[\"https:\/\/newvoiceinternational.com\/fr\/rma\/\"]}]},{\"@type\":\"BreadcrumbList\",\"@id\":\"https:\/\/newvoiceinternational.com\/fr\/rma\/#breadcrumb\",\"itemListElement\":[{\"@type\":\"ListItem\",\"position\":1,\"name\":\"Home\",\"item\":\"https:\/\/newvoiceinternational.com\/fr\/\"},{\"@type\":\"ListItem\",\"position\":2,\"name\":\"RMA Formulaire\"}]},{\"@type\":\"WebSite\",\"@id\":\"https:\/\/newvoiceinternational.com\/#website\",\"url\":\"https:\/\/newvoiceinternational.com\/\",\"name\":\"NewVoice International\",\"description\":\"\",\"publisher\":{\"@id\":\"https:\/\/newvoiceinternational.com\/#organization\"},\"potentialAction\":[{\"@type\":\"SearchAction\",\"target\":{\"@type\":\"EntryPoint\",\"urlTemplate\":\"https:\/\/newvoiceinternational.com\/?s={search_term_string}\"},\"query-input\":{\"@type\":\"PropertyValueSpecification\",\"valueRequired\":true,\"valueName\":\"search_term_string\"}}],\"inLanguage\":\"fr-FR\"},{\"@type\":\"Organization\",\"@id\":\"https:\/\/newvoiceinternational.com\/#organization\",\"name\":\"NewVoice International\",\"url\":\"https:\/\/newvoiceinternational.com\/\",\"logo\":{\"@type\":\"ImageObject\",\"inLanguage\":\"fr-FR\",\"@id\":\"https:\/\/newvoiceinternational.com\/#\/schema\/logo\/image\/\",\"url\":\"https:\/\/newvoiceinternational.com\/wp-content\/uploads\/2022\/06\/NV_Logo_RGB.png\",\"contentUrl\":\"https:\/\/newvoiceinternational.com\/wp-content\/uploads\/2022\/06\/NV_Logo_RGB.png\",\"width\":1200,\"height\":315,\"caption\":\"NewVoice International\"},\"image\":{\"@id\":\"https:\/\/newvoiceinternational.com\/#\/schema\/logo\/image\/\"}}]}<\/script>\n<!-- \/ Yoast SEO plugin. -->","yoast_head_json":{"title":"RMA Formulaire - NewVoice International","robots":{"index":"index","follow":"follow","max-snippet":"max-snippet:-1","max-image-preview":"max-image-preview:large","max-video-preview":"max-video-preview:-1"},"canonical":"https:\/\/newvoiceinternational.com\/fr\/rma\/","og_locale":"fr_FR","og_type":"article","og_title":"RMA Formulaire - NewVoice International","og_description":"RMA Formulaire","og_url":"https:\/\/newvoiceinternational.com\/fr\/rma\/","og_site_name":"NewVoice International","article_modified_time":"2023-03-30T12:35:17+00:00","twitter_card":"summary_large_image","twitter_misc":{"Dur\u00e9e de lecture estim\u00e9e":"1 minute"},"schema":{"@context":"https:\/\/schema.org","@graph":[{"@type":"WebPage","@id":"https:\/\/newvoiceinternational.com\/fr\/rma\/","url":"https:\/\/newvoiceinternational.com\/fr\/rma\/","name":"RMA Formulaire - NewVoice International","isPartOf":{"@id":"https:\/\/newvoiceinternational.com\/#website"},"datePublished":"2023-03-30T06:27:12+00:00","dateModified":"2023-03-30T12:35:17+00:00","breadcrumb":{"@id":"https:\/\/newvoiceinternational.com\/fr\/rma\/#breadcrumb"},"inLanguage":"fr-FR","potentialAction":[{"@type":"ReadAction","target":["https:\/\/newvoiceinternational.com\/fr\/rma\/"]}]},{"@type":"BreadcrumbList","@id":"https:\/\/newvoiceinternational.com\/fr\/rma\/#breadcrumb","itemListElement":[{"@type":"ListItem","position":1,"name":"Home","item":"https:\/\/newvoiceinternational.com\/fr\/"},{"@type":"ListItem","position":2,"name":"RMA Formulaire"}]},{"@type":"WebSite","@id":"https:\/\/newvoiceinternational.com\/#website","url":"https:\/\/newvoiceinternational.com\/","name":"NewVoice International","description":"","publisher":{"@id":"https:\/\/newvoiceinternational.com\/#organization"},"potentialAction":[{"@type":"SearchAction","target":{"@type":"EntryPoint","urlTemplate":"https:\/\/newvoiceinternational.com\/?s={search_term_string}"},"query-input":{"@type":"PropertyValueSpecification","valueRequired":true,"valueName":"search_term_string"}}],"inLanguage":"fr-FR"},{"@type":"Organization","@id":"https:\/\/newvoiceinternational.com\/#organization","name":"NewVoice International","url":"https:\/\/newvoiceinternational.com\/","logo":{"@type":"ImageObject","inLanguage":"fr-FR","@id":"https:\/\/newvoiceinternational.com\/#\/schema\/logo\/image\/","url":"https:\/\/newvoiceinternational.com\/wp-content\/uploads\/2022\/06\/NV_Logo_RGB.png","contentUrl":"https:\/\/newvoiceinternational.com\/wp-content\/uploads\/2022\/06\/NV_Logo_RGB.png","width":1200,"height":315,"caption":"NewVoice International"},"image":{"@id":"https:\/\/newvoiceinternational.com\/#\/schema\/logo\/image\/"}}]}},"_links":{"self":[{"href":"https:\/\/newvoiceinternational.com\/fr\/wp-json\/wp\/v2\/pages\/24757","targetHints":{"allow":["GET"]}}],"collection":[{"href":"https:\/\/newvoiceinternational.com\/fr\/wp-json\/wp\/v2\/pages"}],"about":[{"href":"https:\/\/newvoiceinternational.com\/fr\/wp-json\/wp\/v2\/types\/page"}],"author":[{"embeddable":true,"href":"https:\/\/newvoiceinternational.com\/fr\/wp-json\/wp\/v2\/users\/5"}],"replies":[{"embeddable":true,"href":"https:\/\/newvoiceinternational.com\/fr\/wp-json\/wp\/v2\/comments?post=24757"}],"version-history":[{"count":0,"href":"https:\/\/newvoiceinternational.com\/fr\/wp-json\/wp\/v2\/pages\/24757\/revisions"}],"wp:attachment":[{"href":"https:\/\/newvoiceinternational.com\/fr\/wp-json\/wp\/v2\/media?parent=24757"}],"curies":[{"name":"wp","href":"https:\/\/api.w.org\/{rel}","templated":true}]}}