{"id":50504,"date":"2025-07-28T15:29:19","date_gmt":"2025-07-28T14:29:19","guid":{"rendered":"https:\/\/newvoiceinternational.com\/?page_id=50504"},"modified":"2025-07-29T10:00:31","modified_gmt":"2025-07-29T09:00:31","slug":"c-c-developer","status":"publish","type":"page","link":"https:\/\/newvoiceinternational.com\/de\/c-c-developer\/","title":{"rendered":"C++\/C# Developer"},"content":{"rendered":"\t\t<div data-elementor-type=\"wp-page\" data-elementor-id=\"50504\" class=\"elementor elementor-50504\" data-elementor-post-type=\"page\">\n\t\t\t\t\t\t<section class=\"elementor-section elementor-top-section elementor-element elementor-element-6eb1bf2 elementor-section-boxed elementor-section-height-default elementor-section-height-default\" data-id=\"6eb1bf2\" data-element_type=\"section\" data-e-type=\"section\">\n\t\t\t\t\t\t<div class=\"elementor-container elementor-column-gap-default\">\n\t\t\t\t\t<div class=\"elementor-column elementor-col-50 elementor-top-column elementor-element elementor-element-358a79f\" data-id=\"358a79f\" data-element_type=\"column\" data-e-type=\"column\">\n\t\t\t<div class=\"elementor-widget-wrap elementor-element-populated\">\n\t\t\t\t\t\t<div class=\"elementor-element elementor-element-03adb0b elementor-widget elementor-widget-image\" data-id=\"03adb0b\" data-element_type=\"widget\" data-e-type=\"widget\" data-widget_type=\"image.default\">\n\t\t\t\t<div class=\"elementor-widget-container\">\n\t\t\t\t\t\t\t\t\t\t\t\t\t\t\t<img fetchpriority=\"high\" decoding=\"async\" width=\"490\" height=\"400\" src=\"https:\/\/newvoiceinternational.com\/wp-content\/uploads\/2025\/07\/Resp-developpement-commercial-FIM-490x400-1.webp\" class=\"attachment-large size-large wp-image-50116\" alt=\"\" srcset=\"https:\/\/newvoiceinternational.com\/wp-content\/uploads\/2025\/07\/Resp-developpement-commercial-FIM-490x400-1.webp 490w, https:\/\/newvoiceinternational.com\/wp-content\/uploads\/2025\/07\/Resp-developpement-commercial-FIM-490x400-1-300x245.webp 300w\" sizes=\"(max-width: 490px) 100vw, 490px\" \/>\t\t\t\t\t\t\t\t\t\t\t\t\t\t\t<\/div>\n\t\t\t\t<\/div>\n\t\t\t\t\t<\/div>\n\t\t<\/div>\n\t\t\t\t<div class=\"elementor-column elementor-col-50 elementor-top-column elementor-element elementor-element-2b3da83\" data-id=\"2b3da83\" data-element_type=\"column\" data-e-type=\"column\">\n\t\t\t<div class=\"elementor-widget-wrap elementor-element-populated\">\n\t\t\t\t\t\t<div class=\"elementor-element elementor-element-3a216a2 elementor-widget elementor-widget-heading\" data-id=\"3a216a2\" data-element_type=\"widget\" data-e-type=\"widget\" data-widget_type=\"heading.default\">\n\t\t\t\t<div class=\"elementor-widget-container\">\n\t\t\t\t\t<h2 class=\"elementor-heading-title elementor-size-default\">C++\/C# Developer<\/h2>\t\t\t\t<\/div>\n\t\t\t\t<\/div>\n\t\t\t\t\t<\/div>\n\t\t<\/div>\n\t\t\t\t\t<\/div>\n\t\t<\/section>\n\t\t\t\t<section class=\"elementor-section elementor-top-section elementor-element elementor-element-9e2ae34 elementor-section-boxed elementor-section-height-default elementor-section-height-default\" data-id=\"9e2ae34\" data-element_type=\"section\" data-e-type=\"section\">\n\t\t\t\t\t\t<div class=\"elementor-container elementor-column-gap-default\">\n\t\t\t\t\t<div class=\"elementor-column elementor-col-100 elementor-top-column elementor-element elementor-element-edd1f33\" data-id=\"edd1f33\" data-element_type=\"column\" data-e-type=\"column\">\n\t\t\t<div class=\"elementor-widget-wrap elementor-element-populated\">\n\t\t\t\t\t\t<div class=\"elementor-element elementor-element-06c1f55 elementor-widget elementor-widget-text-editor\" data-id=\"06c1f55\" data-element_type=\"widget\" data-e-type=\"widget\" data-widget_type=\"text-editor.default\">\n\t\t\t\t<div class=\"elementor-widget-container\">\n\t\t\t\t\t\t\t\t\t<p>New Voice International AG bietet einfache L\u00f6sungen f\u00fcr komplexe Anforderungen im Bereich Alarmierung, Mobilisierung, Evakuation, Informationsverteilung und \u00dcberwachung \u2013 weltweit seit 1991. Mit MobiCall k\u00f6nnen Prozesse automatisiert und menschliche Fehler auf das Minimum reduziert werden. In Notfallsituationen wird das notwendige und verf\u00fcgbare Personal effektiv eingesetzt. Zum Schutz von Menschen, Umwelt und G\u00fctern.<\/p><p>Einzigartig sind die Zertifizierungen im Bereich Alleinarbeiterschutz, Vollredundanz und nahtloser Integrationen von Asset-Tracking, Pathfinding, Indoor- &amp; Outdoor-Lokalisierung f\u00fcr Smartphones, DECT, Wifi und LoRa Devices. Weitere Funktionen und Konzeptl\u00f6sungen wie IVR, CRM, TMS, CHAT&#8230; finden sich in allen Micro-MobiCall, MobiBBox, MobiCall &amp; MobiCCloud.<\/p><p>Wir suchen f\u00fcr unser B\u00fcro in Z\u00fcrich einen<\/p><p><span style=\"text-decoration: underline;\"><strong>C++\/C# Developer (m\/w\/d)<\/strong><\/span><\/p><p>Sie bringen folgendes mit:<\/p><p>\u00b7 Grundkenntnisse objektorientierter Programmiersprachen sowie von Algorithmen, Daten- und Softwarearchitekturen und automatisierten Tests<br \/>\u00b7 Mehrj\u00e4hrige Erfahrung mit C++ und C#<br \/>\u00b7 Entwicklungserfahrung mit relationalen Datenbanken (z.B. PostgreSQL)<br \/>\u00b7 Praxisorientierte IT-Kenntnisse in den Bereichen Netzwerke und Protokolle (TPC\/IP, HTTP, SSL) und Betriebssysteme (Windows Server)<br \/>\u00b7 gute Englischkenntnisse in Wort und Schrift<br \/>\u00b7 Deutsch ist von Vorteil, aber nicht zwingend<br \/>\u00b7 Sie sind teamf\u00e4hig und haben Spa\u00df an kreativer Arbeit, insbesondere bei der Entwicklung von einfach zu bedienenden Softwareanwendungen f\u00fcr unsere weltweiten Kunden<\/p><p><span style=\"text-decoration: underline;\"><strong>Wir bieten Ihnen:<\/strong><\/span><\/p><p>\u00b7 die M\u00f6glichkeit, spannende und abwechslungsreiche Projekte eigenverantwortlich umzusetzen<br \/>\u00b7 Zusammenarbeit in einem motivierten und erfolgreichen Team in Z\u00fcrich sowie mit den Niederlassungen in Berlin, Nyon, Paris, Ludwigsburg, Linz, Dubai, Hongkong, Shanghai, Australien und den USA<br \/>\u00b7 ein angenehmes und entspanntes Arbeitsumfeld im Herzen von Z\u00fcrich<br \/>\u00b7 moderne Anstellungsbedingungen<\/p><p>Sie sind ehrgeizig, motiviert und arbeiten gerne selbstst\u00e4ndig und im Team? Sie sind an einer langfristigen Zusammenarbeit interessiert und bereit, sich mit eigenen Ideen einzubringen, Ihr Wissen st\u00e4ndig zu erweitern und bei Bedarf unser Projektteam und den Support Desk zu unterst\u00fctzen? Sie sind belastbar, da Sie auch in hektischen Situationen Ruhe bewahren k\u00f6nnen?<\/p><p>Dann senden Sie Ihre Bewerbungsunterlagen mit Angaben zu Ihrer K\u00fcndigungsfrist und Gehaltsvorstellung an Frau Edda Brosi, brosi@newvoice.global mit dem Betreff \u201eC++\/C# Developer\u201c.<\/p><p>Wir freuen uns, Sie kennenzulernen!<\/p><p>Wir w\u00fcnschen keine Vermittlungsb\u00fcros, vielen Dank!<\/p>\t\t\t\t\t\t\t\t<\/div>\n\t\t\t\t<\/div>\n\t\t\t\t\t<\/div>\n\t\t<\/div>\n\t\t\t\t\t<\/div>\n\t\t<\/section>\n\t\t\t\t<section class=\"elementor-section elementor-top-section elementor-element elementor-element-9bd4a82 elementor-section-boxed elementor-section-height-default elementor-section-height-default\" data-id=\"9bd4a82\" data-element_type=\"section\" data-e-type=\"section\">\n\t\t\t\t\t\t<div class=\"elementor-container elementor-column-gap-default\">\n\t\t\t\t\t<div class=\"elementor-column elementor-col-100 elementor-top-column elementor-element elementor-element-d96eda5\" data-id=\"d96eda5\" data-element_type=\"column\" data-e-type=\"column\">\n\t\t\t<div class=\"elementor-widget-wrap elementor-element-populated\">\n\t\t\t\t\t\t<div class=\"elementor-element elementor-element-a17ed0e elementor-widget elementor-widget-heading\" data-id=\"a17ed0e\" data-element_type=\"widget\" data-e-type=\"widget\" data-widget_type=\"heading.default\">\n\t\t\t\t<div class=\"elementor-widget-container\">\n\t\t\t\t\t<h2 class=\"elementor-heading-title elementor-size-default\">Bewirb dich hier!<\/h2>\t\t\t\t<\/div>\n\t\t\t\t<\/div>\n\t\t\t\t\t<\/div>\n\t\t<\/div>\n\t\t\t\t\t<\/div>\n\t\t<\/section>\n\t\t\t\t<section class=\"elementor-section elementor-top-section elementor-element elementor-element-e0a6b41 elementor-section-boxed elementor-section-height-default elementor-section-height-default\" data-id=\"e0a6b41\" data-element_type=\"section\" data-e-type=\"section\">\n\t\t\t\t\t\t<div class=\"elementor-container elementor-column-gap-default\">\n\t\t\t\t\t<div class=\"elementor-column elementor-col-100 elementor-top-column elementor-element elementor-element-36f4813\" data-id=\"36f4813\" data-element_type=\"column\" data-e-type=\"column\">\n\t\t\t<div class=\"elementor-widget-wrap elementor-element-populated\">\n\t\t\t\t\t\t<div class=\"elementor-element elementor-element-6361a52 elementor-widget__width-initial elementor-button-align-stretch elementor-widget elementor-widget-form\" data-id=\"6361a52\" data-element_type=\"widget\" data-e-type=\"widget\" data-settings=\"{&quot;step_next_label&quot;:&quot;Next&quot;,&quot;step_previous_label&quot;:&quot;Previous&quot;,&quot;button_width&quot;:&quot;25&quot;,&quot;step_type&quot;:&quot;number_text&quot;,&quot;step_icon_shape&quot;:&quot;circle&quot;}\" data-widget_type=\"form.default\">\n\t\t\t\t<div class=\"elementor-widget-container\">\n\t\t\t\t\t\t\t<form class=\"elementor-form\" method=\"post\" name=\"New Form\" aria-label=\"New Form\">\n\t\t\t<input type=\"hidden\" name=\"post_id\" value=\"50504\"\/>\n\t\t\t<input type=\"hidden\" name=\"form_id\" value=\"6361a52\"\/>\n\t\t\t<input type=\"hidden\" name=\"referer_title\" value=\"NewVoice International\" \/>\n\n\t\t\t\n\t\t\t<div class=\"elementor-form-fields-wrapper elementor-labels-above\">\n\t\t\t\t\t\t\t\t<div class=\"elementor-field-type-text elementor-field-group elementor-column elementor-field-group-field_55bb0d2 elementor-col-100\">\n\t\t\t\t\t\t\t\t\t\t\t\t<label for=\"form-field-field_55bb0d2\" class=\"elementor-field-label\">\n\t\t\t\t\t\t\t\tPosition\t\t\t\t\t\t\t<\/label>\n\t\t\t\t\t\t\t\t\t\t\t\t\t\t<input size=\"1\" type=\"text\" name=\"form_fields[field_55bb0d2]\" id=\"form-field-field_55bb0d2\" class=\"elementor-field elementor-size-sm  elementor-field-textual\" value=\"C++\/C# Developer\">\n\t\t\t\t\t\t\t\t\t\t\t<\/div>\n\t\t\t\t\t\t\t\t<div class=\"elementor-field-type-text elementor-field-group elementor-column elementor-field-group-name elementor-col-100 elementor-field-required\">\n\t\t\t\t\t\t\t\t\t\t\t\t<label for=\"form-field-name\" class=\"elementor-field-label\">\n\t\t\t\t\t\t\t\tName\t\t\t\t\t\t\t<\/label>\n\t\t\t\t\t\t\t\t\t\t\t\t\t\t<input size=\"1\" type=\"text\" name=\"form_fields[name]\" id=\"form-field-name\" class=\"elementor-field elementor-size-sm  elementor-field-textual\" placeholder=\"Name\" required=\"required\">\n\t\t\t\t\t\t\t\t\t\t\t<\/div>\n\t\t\t\t\t\t\t\t<div class=\"elementor-field-type-email elementor-field-group elementor-column elementor-field-group-email elementor-col-100 elementor-field-required\">\n\t\t\t\t\t\t\t\t\t\t\t\t<label for=\"form-field-email\" class=\"elementor-field-label\">\n\t\t\t\t\t\t\t\tEmail\t\t\t\t\t\t\t<\/label>\n\t\t\t\t\t\t\t\t\t\t\t\t\t\t<input size=\"1\" type=\"email\" name=\"form_fields[email]\" id=\"form-field-email\" class=\"elementor-field elementor-size-sm  elementor-field-textual\" placeholder=\"Email\" required=\"required\">\n\t\t\t\t\t\t\t\t\t\t\t<\/div>\n\t\t\t\t\t\t\t\t<div class=\"elementor-field-type-upload elementor-field-group elementor-column elementor-field-group-field_4a1bf0b elementor-col-100 elementor-field-required\">\n\t\t\t\t\t\t\t\t\t\t\t\t<label for=\"form-field-field_4a1bf0b\" class=\"elementor-field-label\">\n\t\t\t\t\t\t\t\tCV (max 5MB)\t\t\t\t\t\t\t<\/label>\n\t\t\t\t\t\t\t\t<input type=\"file\" name=\"form_fields[field_4a1bf0b]\" id=\"form-field-field_4a1bf0b\" class=\"elementor-field elementor-size-sm  elementor-upload-field\" required=\"required\" data-maxsize=\"5\" data-maxsize-message=\"Diese Datei \u00fcbersteigt die maximale Dateigr\u00f6\u00dfe.\">\n\n\t\t\t\t\t\t<\/div>\n\t\t\t\t\t\t\t\t<div class=\"elementor-field-type-textarea elementor-field-group elementor-column elementor-field-group-message elementor-col-100\">\n\t\t\t\t\t\t\t\t\t\t\t\t<label for=\"form-field-message\" class=\"elementor-field-label\">\n\t\t\t\t\t\t\t\tMessage\t\t\t\t\t\t\t<\/label>\n\t\t\t\t\t\t<textarea class=\"elementor-field-textual elementor-field  elementor-size-sm\" name=\"form_fields[message]\" id=\"form-field-message\" rows=\"4\" placeholder=\"Message\"><\/textarea>\t\t\t\t<\/div>\n\t\t\t\t\t\t\t\t<div class=\"elementor-field-group elementor-column elementor-field-type-submit elementor-col-25 e-form__buttons\">\n\t\t\t\t\t<button class=\"elementor-button elementor-size-sm\" type=\"submit\">\n\t\t\t\t\t\t<span class=\"elementor-button-content-wrapper\">\n\t\t\t\t\t\t\t\t\t\t\t\t\t\t\t\t\t\t\t\t\t\t<span class=\"elementor-button-text\">Send<\/span>\n\t\t\t\t\t\t\t\t\t\t\t\t\t<\/span>\n\t\t\t\t\t<\/button>\n\t\t\t\t<\/div>\n\t\t\t<\/div>\n\t\t<\/form>\n\t\t\t\t\t\t<\/div>\n\t\t\t\t<\/div>\n\t\t\t\t\t<\/div>\n\t\t<\/div>\n\t\t\t\t\t<\/div>\n\t\t<\/section>\n\t\t\t\t<\/div>\n\t\t","protected":false},"excerpt":{"rendered":"<p>C++\/C# Developer New Voice International AG bietet einfache L\u00f6sungen f\u00fcr komplexe Anforderungen im Bereich Alarmierung, Mobilisierung, Evakuation, Informationsverteilung und \u00dcberwachung \u2013 weltweit seit 1991. Mit MobiCall k\u00f6nnen Prozesse automatisiert und menschliche Fehler auf das Minimum reduziert werden. In Notfallsituationen wird das notwendige und verf\u00fcgbare Personal effektiv eingesetzt. Zum Schutz von Menschen, Umwelt und G\u00fctern. Einzigartig [&hellip;]<\/p>\n","protected":false},"author":5,"featured_media":0,"parent":0,"menu_order":0,"comment_status":"closed","ping_status":"closed","template":"elementor_header_footer","meta":{"_eb_attr":"","inline_featured_image":false,"footnotes":""},"class_list":["post-50504","page","type-page","status-publish","hentry"],"acf":[],"yoast_head":"<!-- This site is optimized with the Yoast SEO plugin v27.4 - https:\/\/yoast.com\/product\/yoast-seo-wordpress\/ -->\n<title>C++\/C# Developer - NewVoice International<\/title>\n<meta name=\"robots\" content=\"index, follow, max-snippet:-1, max-image-preview:large, max-video-preview:-1\" \/>\n<link rel=\"canonical\" href=\"https:\/\/newvoiceinternational.com\/de\/c-c-developer\/\" \/>\n<meta property=\"og:locale\" content=\"de_DE\" \/>\n<meta property=\"og:type\" content=\"article\" \/>\n<meta property=\"og:title\" content=\"C++\/C# Developer - NewVoice International\" \/>\n<meta property=\"og:description\" content=\"C++\/C# Developer New Voice International AG bietet einfache L\u00f6sungen f\u00fcr komplexe Anforderungen im Bereich Alarmierung, Mobilisierung, Evakuation, Informationsverteilung und \u00dcberwachung \u2013 weltweit seit 1991. Mit MobiCall k\u00f6nnen Prozesse automatisiert und menschliche Fehler auf das Minimum reduziert werden. In Notfallsituationen wird das notwendige und verf\u00fcgbare Personal effektiv eingesetzt. Zum Schutz von Menschen, Umwelt und G\u00fctern. Einzigartig [&hellip;]\" \/>\n<meta property=\"og:url\" content=\"https:\/\/newvoiceinternational.com\/de\/c-c-developer\/\" \/>\n<meta property=\"og:site_name\" content=\"NewVoice International\" \/>\n<meta property=\"article:modified_time\" content=\"2025-07-29T09:00:31+00:00\" \/>\n<meta property=\"og:image\" content=\"https:\/\/newvoiceinternational.com\/wp-content\/uploads\/2025\/07\/Resp-developpement-commercial-FIM-490x400-1.webp\" \/>\n<meta name=\"twitter:card\" content=\"summary_large_image\" \/>\n<meta name=\"twitter:label1\" content=\"Gesch\u00e4tzte Lesezeit\" \/>\n\t<meta name=\"twitter:data1\" content=\"2\u00a0Minuten\" \/>\n<script type=\"application\/ld+json\" class=\"yoast-schema-graph\">{\"@context\":\"https:\\\/\\\/schema.org\",\"@graph\":[{\"@type\":\"WebPage\",\"@id\":\"https:\\\/\\\/newvoiceinternational.com\\\/de\\\/c-c-developer\\\/\",\"url\":\"https:\\\/\\\/newvoiceinternational.com\\\/de\\\/c-c-developer\\\/\",\"name\":\"C++\\\/C# Developer - NewVoice International\",\"isPartOf\":{\"@id\":\"https:\\\/\\\/newvoiceinternational.com\\\/de\\\/#website\"},\"primaryImageOfPage\":{\"@id\":\"https:\\\/\\\/newvoiceinternational.com\\\/de\\\/c-c-developer\\\/#primaryimage\"},\"image\":{\"@id\":\"https:\\\/\\\/newvoiceinternational.com\\\/de\\\/c-c-developer\\\/#primaryimage\"},\"thumbnailUrl\":\"https:\\\/\\\/newvoiceinternational.com\\\/wp-content\\\/uploads\\\/2025\\\/07\\\/Resp-developpement-commercial-FIM-490x400-1.webp\",\"datePublished\":\"2025-07-28T14:29:19+00:00\",\"dateModified\":\"2025-07-29T09:00:31+00:00\",\"breadcrumb\":{\"@id\":\"https:\\\/\\\/newvoiceinternational.com\\\/de\\\/c-c-developer\\\/#breadcrumb\"},\"inLanguage\":\"de\",\"potentialAction\":[{\"@type\":\"ReadAction\",\"target\":[\"https:\\\/\\\/newvoiceinternational.com\\\/de\\\/c-c-developer\\\/\"]}]},{\"@type\":\"ImageObject\",\"inLanguage\":\"de\",\"@id\":\"https:\\\/\\\/newvoiceinternational.com\\\/de\\\/c-c-developer\\\/#primaryimage\",\"url\":\"https:\\\/\\\/newvoiceinternational.com\\\/wp-content\\\/uploads\\\/2025\\\/07\\\/Resp-developpement-commercial-FIM-490x400-1.webp\",\"contentUrl\":\"https:\\\/\\\/newvoiceinternational.com\\\/wp-content\\\/uploads\\\/2025\\\/07\\\/Resp-developpement-commercial-FIM-490x400-1.webp\"},{\"@type\":\"BreadcrumbList\",\"@id\":\"https:\\\/\\\/newvoiceinternational.com\\\/de\\\/c-c-developer\\\/#breadcrumb\",\"itemListElement\":[{\"@type\":\"ListItem\",\"position\":1,\"name\":\"Home\",\"item\":\"https:\\\/\\\/newvoiceinternational.com\\\/de\\\/\"},{\"@type\":\"ListItem\",\"position\":2,\"name\":\"C++\\\/C# Developer\"}]},{\"@type\":\"WebSite\",\"@id\":\"https:\\\/\\\/newvoiceinternational.com\\\/de\\\/#website\",\"url\":\"https:\\\/\\\/newvoiceinternational.com\\\/de\\\/\",\"name\":\"NewVoice International\",\"description\":\"\",\"publisher\":{\"@id\":\"https:\\\/\\\/newvoiceinternational.com\\\/de\\\/#organization\"},\"potentialAction\":[{\"@type\":\"SearchAction\",\"target\":{\"@type\":\"EntryPoint\",\"urlTemplate\":\"https:\\\/\\\/newvoiceinternational.com\\\/de\\\/?s={search_term_string}\"},\"query-input\":{\"@type\":\"PropertyValueSpecification\",\"valueRequired\":true,\"valueName\":\"search_term_string\"}}],\"inLanguage\":\"de\"},{\"@type\":\"Organization\",\"@id\":\"https:\\\/\\\/newvoiceinternational.com\\\/de\\\/#organization\",\"name\":\"NewVoice International\",\"url\":\"https:\\\/\\\/newvoiceinternational.com\\\/de\\\/\",\"logo\":{\"@type\":\"ImageObject\",\"inLanguage\":\"de\",\"@id\":\"https:\\\/\\\/newvoiceinternational.com\\\/de\\\/#\\\/schema\\\/logo\\\/image\\\/\",\"url\":\"https:\\\/\\\/newvoiceinternational.com\\\/wp-content\\\/uploads\\\/2022\\\/06\\\/NV_Logo_RGB.png\",\"contentUrl\":\"https:\\\/\\\/newvoiceinternational.com\\\/wp-content\\\/uploads\\\/2022\\\/06\\\/NV_Logo_RGB.png\",\"width\":1200,\"height\":315,\"caption\":\"NewVoice International\"},\"image\":{\"@id\":\"https:\\\/\\\/newvoiceinternational.com\\\/de\\\/#\\\/schema\\\/logo\\\/image\\\/\"}}]}<\/script>\n<!-- \/ Yoast SEO plugin. -->","yoast_head_json":{"title":"C++\/C# Developer - NewVoice International","robots":{"index":"index","follow":"follow","max-snippet":"max-snippet:-1","max-image-preview":"max-image-preview:large","max-video-preview":"max-video-preview:-1"},"canonical":"https:\/\/newvoiceinternational.com\/de\/c-c-developer\/","og_locale":"de_DE","og_type":"article","og_title":"C++\/C# Developer - NewVoice International","og_description":"C++\/C# Developer New Voice International AG bietet einfache L\u00f6sungen f\u00fcr komplexe Anforderungen im Bereich Alarmierung, Mobilisierung, Evakuation, Informationsverteilung und \u00dcberwachung \u2013 weltweit seit 1991. Mit MobiCall k\u00f6nnen Prozesse automatisiert und menschliche Fehler auf das Minimum reduziert werden. In Notfallsituationen wird das notwendige und verf\u00fcgbare Personal effektiv eingesetzt. Zum Schutz von Menschen, Umwelt und G\u00fctern. Einzigartig [&hellip;]","og_url":"https:\/\/newvoiceinternational.com\/de\/c-c-developer\/","og_site_name":"NewVoice International","article_modified_time":"2025-07-29T09:00:31+00:00","og_image":[{"url":"https:\/\/newvoiceinternational.com\/wp-content\/uploads\/2025\/07\/Resp-developpement-commercial-FIM-490x400-1.webp","type":"","width":"","height":""}],"twitter_card":"summary_large_image","twitter_misc":{"Gesch\u00e4tzte Lesezeit":"2\u00a0Minuten"},"schema":{"@context":"https:\/\/schema.org","@graph":[{"@type":"WebPage","@id":"https:\/\/newvoiceinternational.com\/de\/c-c-developer\/","url":"https:\/\/newvoiceinternational.com\/de\/c-c-developer\/","name":"C++\/C# Developer - NewVoice International","isPartOf":{"@id":"https:\/\/newvoiceinternational.com\/de\/#website"},"primaryImageOfPage":{"@id":"https:\/\/newvoiceinternational.com\/de\/c-c-developer\/#primaryimage"},"image":{"@id":"https:\/\/newvoiceinternational.com\/de\/c-c-developer\/#primaryimage"},"thumbnailUrl":"https:\/\/newvoiceinternational.com\/wp-content\/uploads\/2025\/07\/Resp-developpement-commercial-FIM-490x400-1.webp","datePublished":"2025-07-28T14:29:19+00:00","dateModified":"2025-07-29T09:00:31+00:00","breadcrumb":{"@id":"https:\/\/newvoiceinternational.com\/de\/c-c-developer\/#breadcrumb"},"inLanguage":"de","potentialAction":[{"@type":"ReadAction","target":["https:\/\/newvoiceinternational.com\/de\/c-c-developer\/"]}]},{"@type":"ImageObject","inLanguage":"de","@id":"https:\/\/newvoiceinternational.com\/de\/c-c-developer\/#primaryimage","url":"https:\/\/newvoiceinternational.com\/wp-content\/uploads\/2025\/07\/Resp-developpement-commercial-FIM-490x400-1.webp","contentUrl":"https:\/\/newvoiceinternational.com\/wp-content\/uploads\/2025\/07\/Resp-developpement-commercial-FIM-490x400-1.webp"},{"@type":"BreadcrumbList","@id":"https:\/\/newvoiceinternational.com\/de\/c-c-developer\/#breadcrumb","itemListElement":[{"@type":"ListItem","position":1,"name":"Home","item":"https:\/\/newvoiceinternational.com\/de\/"},{"@type":"ListItem","position":2,"name":"C++\/C# Developer"}]},{"@type":"WebSite","@id":"https:\/\/newvoiceinternational.com\/de\/#website","url":"https:\/\/newvoiceinternational.com\/de\/","name":"NewVoice International","description":"","publisher":{"@id":"https:\/\/newvoiceinternational.com\/de\/#organization"},"potentialAction":[{"@type":"SearchAction","target":{"@type":"EntryPoint","urlTemplate":"https:\/\/newvoiceinternational.com\/de\/?s={search_term_string}"},"query-input":{"@type":"PropertyValueSpecification","valueRequired":true,"valueName":"search_term_string"}}],"inLanguage":"de"},{"@type":"Organization","@id":"https:\/\/newvoiceinternational.com\/de\/#organization","name":"NewVoice International","url":"https:\/\/newvoiceinternational.com\/de\/","logo":{"@type":"ImageObject","inLanguage":"de","@id":"https:\/\/newvoiceinternational.com\/de\/#\/schema\/logo\/image\/","url":"https:\/\/newvoiceinternational.com\/wp-content\/uploads\/2022\/06\/NV_Logo_RGB.png","contentUrl":"https:\/\/newvoiceinternational.com\/wp-content\/uploads\/2022\/06\/NV_Logo_RGB.png","width":1200,"height":315,"caption":"NewVoice International"},"image":{"@id":"https:\/\/newvoiceinternational.com\/de\/#\/schema\/logo\/image\/"}}]}},"_links":{"self":[{"href":"https:\/\/newvoiceinternational.com\/de\/wp-json\/wp\/v2\/pages\/50504","targetHints":{"allow":["GET"]}}],"collection":[{"href":"https:\/\/newvoiceinternational.com\/de\/wp-json\/wp\/v2\/pages"}],"about":[{"href":"https:\/\/newvoiceinternational.com\/de\/wp-json\/wp\/v2\/types\/page"}],"author":[{"embeddable":true,"href":"https:\/\/newvoiceinternational.com\/de\/wp-json\/wp\/v2\/users\/5"}],"replies":[{"embeddable":true,"href":"https:\/\/newvoiceinternational.com\/de\/wp-json\/wp\/v2\/comments?post=50504"}],"version-history":[{"count":0,"href":"https:\/\/newvoiceinternational.com\/de\/wp-json\/wp\/v2\/pages\/50504\/revisions"}],"wp:attachment":[{"href":"https:\/\/newvoiceinternational.com\/de\/wp-json\/wp\/v2\/media?parent=50504"}],"curies":[{"name":"wp","href":"https:\/\/api.w.org\/{rel}","templated":true}]}}