{"id":49037,"date":"2025-05-13T08:54:09","date_gmt":"2025-05-13T07:54:09","guid":{"rendered":"https:\/\/newvoiceinternational.com\/?page_id=49037"},"modified":"2026-04-02T13:26:53","modified_gmt":"2026-04-02T12:26:53","slug":"gebaeudeinformatiker-m-w","status":"publish","type":"page","link":"https:\/\/newvoiceinternational.com\/de\/gebaeudeinformatiker-m-w\/","title":{"rendered":"Geb\u00e4udeinformatiker (m\/w)"},"content":{"rendered":"\t\t<div data-elementor-type=\"wp-page\" data-elementor-id=\"49037\" class=\"elementor elementor-49037\" data-elementor-post-type=\"page\">\n\t\t\t\t\t\t<section class=\"elementor-section elementor-top-section elementor-element elementor-element-c5d65f6 elementor-section-height-full elementor-section-boxed elementor-section-height-default elementor-section-items-middle\" data-id=\"c5d65f6\" data-element_type=\"section\" data-e-type=\"section\" data-settings=\"{&quot;background_background&quot;:&quot;classic&quot;}\">\n\t\t\t\t\t\t<div class=\"elementor-container elementor-column-gap-default\">\n\t\t\t\t\t<div class=\"elementor-column elementor-col-100 elementor-top-column elementor-element elementor-element-31fb748\" data-id=\"31fb748\" data-element_type=\"column\" data-e-type=\"column\">\n\t\t\t<div class=\"elementor-widget-wrap\">\n\t\t\t\t\t\t\t<\/div>\n\t\t<\/div>\n\t\t\t\t\t<\/div>\n\t\t<\/section>\n\t\t\t\t<section class=\"elementor-section elementor-top-section elementor-element elementor-element-2d764a8 elementor-section-boxed elementor-section-height-default elementor-section-height-default\" data-id=\"2d764a8\" data-element_type=\"section\" data-e-type=\"section\">\n\t\t\t\t\t\t<div class=\"elementor-container elementor-column-gap-default\">\n\t\t\t\t\t<div class=\"elementor-column elementor-col-100 elementor-top-column elementor-element elementor-element-d75833d\" data-id=\"d75833d\" data-element_type=\"column\" data-e-type=\"column\">\n\t\t\t<div class=\"elementor-widget-wrap elementor-element-populated\">\n\t\t\t\t\t\t<div class=\"elementor-element elementor-element-aa7f16a elementor-widget elementor-widget-heading\" data-id=\"aa7f16a\" data-element_type=\"widget\" data-e-type=\"widget\" data-widget_type=\"heading.default\">\n\t\t\t\t<div class=\"elementor-widget-container\">\n\t\t\t\t\t<h2 class=\"elementor-heading-title elementor-size-default\"> Smarte Geb\u00e4udeinformatiker gesucht f\u00fcr smarte Sicherheitssysteme <\/h2>\t\t\t\t<\/div>\n\t\t\t\t<\/div>\n\t\t\t\t\t<\/div>\n\t\t<\/div>\n\t\t\t\t\t<\/div>\n\t\t<\/section>\n\t\t\t\t<section class=\"elementor-section elementor-top-section elementor-element elementor-element-9e2ae34 elementor-section-boxed elementor-section-height-default elementor-section-height-default\" data-id=\"9e2ae34\" data-element_type=\"section\" data-e-type=\"section\">\n\t\t\t\t\t\t<div class=\"elementor-container elementor-column-gap-default\">\n\t\t\t\t\t<div class=\"elementor-column elementor-col-100 elementor-top-column elementor-element elementor-element-edd1f33\" data-id=\"edd1f33\" data-element_type=\"column\" data-e-type=\"column\">\n\t\t\t<div class=\"elementor-widget-wrap elementor-element-populated\">\n\t\t\t\t\t\t<div class=\"elementor-element elementor-element-06c1f55 elementor-widget elementor-widget-text-editor\" data-id=\"06c1f55\" data-element_type=\"widget\" data-e-type=\"widget\" data-widget_type=\"text-editor.default\">\n\t\t\t\t<div class=\"elementor-widget-container\">\n\t\t\t\t\t\t\t\t\t<p><span data-contrast=\"auto\">NewVoice&nbsp;entwickelt L\u00f6sungen f\u00fcr den weltweiten Einsatz, die kritische Ereignisse automatisiert erkennen, gezielt alarmieren und Risiken wirksam reduzieren.<\/span><span data-ccp-props=\"{&quot;134233117&quot;:false,&quot;134233118&quot;:false,&quot;201341983&quot;:0,&quot;335559738&quot;:0,&quot;335559739&quot;:0,&quot;335559740&quot;:240}\">&nbsp;<\/span><\/p>\n<p><span data-ccp-props=\"{&quot;134233117&quot;:false,&quot;134233118&quot;:false,&quot;201341983&quot;:0,&quot;335559738&quot;:0,&quot;335559739&quot;:0,&quot;335559740&quot;:240}\">&nbsp;<\/span><\/p>\n<p><span data-contrast=\"auto\">F\u00fcr unsere Niederlassung in Z\u00fcrich suchen wir&nbsp;Geb\u00e4udeinformatiker oder Geb\u00e4udetechniker&nbsp;f\u00fcr anspruchsvolle Aufgaben&nbsp;an der Schnittstelle von Geb\u00e4udeautomation,&nbsp;IT und&nbsp;Notfallmanagement.&nbsp;<\/span><span data-ccp-props=\"{&quot;134233117&quot;:false,&quot;134233118&quot;:false,&quot;201341983&quot;:0,&quot;335559738&quot;:0,&quot;335559739&quot;:0,&quot;335559740&quot;:240}\">&nbsp;<\/span><\/p>\n<p><span data-ccp-props=\"{&quot;134233117&quot;:false,&quot;134233118&quot;:false,&quot;201341983&quot;:0,&quot;335559738&quot;:0,&quot;335559739&quot;:0,&quot;335559740&quot;:240}\">&nbsp;<\/span><\/p>\n<p><b><span data-contrast=\"auto\">Standort:<\/span><\/b><span data-contrast=\"auto\">&nbsp;Z\u00fcrich<\/span>&nbsp;<br><b><span data-contrast=\"auto\">Pensum:<\/span><\/b><span data-contrast=\"auto\">&nbsp;100 %&nbsp;<\/span><span data-ccp-props=\"{&quot;134233117&quot;:false,&quot;134233118&quot;:false,&quot;201341983&quot;:0,&quot;335559738&quot;:0,&quot;335559739&quot;:0,&quot;335559740&quot;:240}\">&nbsp;<\/span><\/p>\n<p><b><span data-contrast=\"auto\">Sprachen:<\/span><\/b><span data-contrast=\"auto\">&nbsp;Deutsch und Englisch<\/span>&nbsp;<br><b><span data-contrast=\"auto\">Reisen:<\/span><\/b><span data-contrast=\"auto\">&nbsp;gelegentlich<\/span>&nbsp;<br><b><span data-contrast=\"auto\">Kontakt:&nbsp;<\/span><\/b><span style=\"color: #0000ff;\"><a style=\"color: #0000ff;\" href=\"mailto:stockner@newvoice.global\">stockner@newvoice.global<\/a>&nbsp;<\/span><\/p>\n<p><span data-ccp-props=\"{&quot;134233117&quot;:false,&quot;134233118&quot;:false,&quot;201341983&quot;:0,&quot;335559738&quot;:0,&quot;335559739&quot;:0,&quot;335559740&quot;:240}\">&nbsp;<br><\/span><b style=\"font-size: inherit; text-align: inherit; letter-spacing: 0px;\"><span data-contrast=\"auto\">Das erwartet Sie<\/span><\/b><span style=\"font-size: inherit; text-align: inherit; letter-spacing: 0px;\">&nbsp;<\/span><\/p>\n<p><ul><li><span data-contrast=\"auto\">Integration von Geb\u00e4udeautomation und Notfallmanagement-Systemen<\/span>&nbsp;<\/li><li><span data-contrast=\"auto\" style=\"font-size: inherit; text-align: inherit; letter-spacing: 0px;\">Konfiguration und Support von&nbsp;MobiCall-Systemen sowie deren Integration in bestehende Geb\u00e4udeinfrastrukturen<\/span><span style=\"font-size: inherit; text-align: inherit; letter-spacing: 0px;\">&nbsp;<\/span><\/li><li><span data-contrast=\"auto\">Projektdokumentationen f\u00fcr&nbsp;MobiCloud,&nbsp;MobiCall&nbsp;und&nbsp;MobiBox<\/span><\/li><li><span style=\"font-size: inherit; letter-spacing: 0px; text-align: inherit;\">Beratung von Partnern bei Konfigurationsfragen in IT, Netzwerken und Geb\u00e4udeautomation<\/span><\/li><li><span style=\"font-size: inherit; text-align: inherit; letter-spacing: 0px;\">Schnittstellen zwischen IT- und Geb\u00e4udetechnologien<\/span><\/li><li><span style=\"font-size: inherit; text-align: inherit; letter-spacing: 0px;\" data-contrast=\"auto\">ein engagiertes, internationales Team mit attraktiven Entwicklungsm\u00f6glichkeiten<\/span><span style=\"font-size: inherit; text-align: inherit; letter-spacing: 0px;\" data-ccp-props=\"{&quot;134233117&quot;:false,&quot;134233118&quot;:false,&quot;201341983&quot;:0,&quot;335559738&quot;:0,&quot;335559739&quot;:0,&quot;335559740&quot;:240}\">&nbsp;<\/span><\/li><\/ul><\/p>\n<p><b><span data-contrast=\"auto\">Das bringen Sie mit<\/span><\/b>&nbsp;<br><span data-contrast=\"auto\">\u2022 Ausbildung in Geb\u00e4udeinformatik, Geb\u00e4udetechnik oder einem \u00e4hnlichen Bereich<\/span>&nbsp;<br><span data-contrast=\"auto\">\u2022 Erfahrung in der Planung und Integration von IT-Systemen und Geb\u00e4udeautomation<\/span>&nbsp;<br><span data-contrast=\"auto\">\u2022 gute Kenntnisse in Netzwerktechnologien, Geb\u00e4udeleitsystemen und&nbsp;IoT<\/span>&nbsp;<br><span data-contrast=\"auto\">\u2022 Freude an l\u00f6sungsorientierter Arbeit<\/span>&nbsp;<br><span data-contrast=\"auto\">\u2022 Bereitschaft f\u00fcr Kundentermine und gelegentliche Reisen<\/span><span data-ccp-props=\"{&quot;134233117&quot;:false,&quot;134233118&quot;:false,&quot;201341983&quot;:0,&quot;335559738&quot;:0,&quot;335559739&quot;:0,&quot;335559740&quot;:240}\">&nbsp;<\/span><\/p>\n<p><span data-ccp-props=\"{&quot;134233117&quot;:false,&quot;134233118&quot;:false,&quot;201341983&quot;:0,&quot;335559738&quot;:0,&quot;335559739&quot;:0,&quot;335559740&quot;:240}\">&nbsp;<\/span><\/p>\n<p><b><span data-contrast=\"auto\">Ihre Bewerbung<\/span><\/b><span data-ccp-props=\"{&quot;134233117&quot;:false,&quot;134233118&quot;:false,&quot;201341983&quot;:0,&quot;335559738&quot;:0,&quot;335559739&quot;:0,&quot;335559740&quot;:240}\">&nbsp;<\/span><\/p>\n<p><span data-contrast=\"auto\">Wir&nbsp;freuen&nbsp;uns auf Bewerbungen qualifizierter&nbsp;Kandidatinnen und Kandidaten&nbsp;an&nbsp;Markus&nbsp;Stockner,&nbsp;<\/span> <strong>stockner@newvoice.global<\/strong><\/p>\n<p><\/p>\t\t\t\t\t\t\t\t<\/div>\n\t\t\t\t<\/div>\n\t\t\t\t\t<\/div>\n\t\t<\/div>\n\t\t\t\t\t<\/div>\n\t\t<\/section>\n\t\t\t\t<section class=\"elementor-section elementor-top-section elementor-element elementor-element-9bd4a82 elementor-section-boxed elementor-section-height-default elementor-section-height-default\" data-id=\"9bd4a82\" data-element_type=\"section\" data-e-type=\"section\">\n\t\t\t\t\t\t<div class=\"elementor-container elementor-column-gap-default\">\n\t\t\t\t\t<div class=\"elementor-column elementor-col-100 elementor-top-column elementor-element elementor-element-d96eda5\" data-id=\"d96eda5\" data-element_type=\"column\" data-e-type=\"column\">\n\t\t\t<div class=\"elementor-widget-wrap elementor-element-populated\">\n\t\t\t\t\t\t<div class=\"elementor-element elementor-element-a17ed0e elementor-widget elementor-widget-heading\" data-id=\"a17ed0e\" data-element_type=\"widget\" data-e-type=\"widget\" data-widget_type=\"heading.default\">\n\t\t\t\t<div class=\"elementor-widget-container\">\n\t\t\t\t\t<h2 class=\"elementor-heading-title elementor-size-default\">Bewirb dich hier!<\/h2>\t\t\t\t<\/div>\n\t\t\t\t<\/div>\n\t\t\t\t\t<\/div>\n\t\t<\/div>\n\t\t\t\t\t<\/div>\n\t\t<\/section>\n\t\t\t\t<section class=\"elementor-section elementor-top-section elementor-element elementor-element-e0a6b41 elementor-section-boxed elementor-section-height-default elementor-section-height-default\" data-id=\"e0a6b41\" data-element_type=\"section\" data-e-type=\"section\">\n\t\t\t\t\t\t<div class=\"elementor-container elementor-column-gap-default\">\n\t\t\t\t\t<div class=\"elementor-column elementor-col-100 elementor-top-column elementor-element elementor-element-36f4813\" data-id=\"36f4813\" data-element_type=\"column\" data-e-type=\"column\">\n\t\t\t<div class=\"elementor-widget-wrap elementor-element-populated\">\n\t\t\t\t\t\t<div class=\"elementor-element elementor-element-6361a52 elementor-button-align-stretch elementor-widget elementor-widget-form\" data-id=\"6361a52\" data-element_type=\"widget\" data-e-type=\"widget\" data-settings=\"{&quot;step_next_label&quot;:&quot;Next&quot;,&quot;step_previous_label&quot;:&quot;Previous&quot;,&quot;button_width&quot;:&quot;25&quot;,&quot;step_type&quot;:&quot;number_text&quot;,&quot;step_icon_shape&quot;:&quot;circle&quot;}\" data-widget_type=\"form.default\">\n\t\t\t\t<div class=\"elementor-widget-container\">\n\t\t\t\t\t\t\t<form class=\"elementor-form\" method=\"post\" name=\"New Form\" aria-label=\"New Form\">\n\t\t\t<input type=\"hidden\" name=\"post_id\" value=\"49037\"\/>\n\t\t\t<input type=\"hidden\" name=\"form_id\" value=\"6361a52\"\/>\n\t\t\t<input type=\"hidden\" name=\"referer_title\" value=\"NewVoice International\" \/>\n\n\t\t\t\n\t\t\t<div class=\"elementor-form-fields-wrapper elementor-labels-above\">\n\t\t\t\t\t\t\t\t<div class=\"elementor-field-type-text elementor-field-group elementor-column elementor-field-group-field_55bb0d2 elementor-col-100\">\n\t\t\t\t\t\t\t\t\t\t\t\t<label for=\"form-field-field_55bb0d2\" class=\"elementor-field-label\">\n\t\t\t\t\t\t\t\tPosition\t\t\t\t\t\t\t<\/label>\n\t\t\t\t\t\t\t\t\t\t\t\t\t\t<input size=\"1\" type=\"text\" name=\"form_fields[field_55bb0d2]\" id=\"form-field-field_55bb0d2\" class=\"elementor-field elementor-size-sm  elementor-field-textual\" value=\"Geb\u00e4udeinformatiker (m\/w)\">\n\t\t\t\t\t\t\t\t\t\t\t<\/div>\n\t\t\t\t\t\t\t\t<div class=\"elementor-field-type-text elementor-field-group elementor-column elementor-field-group-name elementor-col-100 elementor-field-required\">\n\t\t\t\t\t\t\t\t\t\t\t\t<label for=\"form-field-name\" class=\"elementor-field-label\">\n\t\t\t\t\t\t\t\tName\t\t\t\t\t\t\t<\/label>\n\t\t\t\t\t\t\t\t\t\t\t\t\t\t<input size=\"1\" type=\"text\" name=\"form_fields[name]\" id=\"form-field-name\" class=\"elementor-field elementor-size-sm  elementor-field-textual\" placeholder=\"Name\" required=\"required\">\n\t\t\t\t\t\t\t\t\t\t\t<\/div>\n\t\t\t\t\t\t\t\t<div class=\"elementor-field-type-email elementor-field-group elementor-column elementor-field-group-email elementor-col-100 elementor-field-required\">\n\t\t\t\t\t\t\t\t\t\t\t\t<label for=\"form-field-email\" class=\"elementor-field-label\">\n\t\t\t\t\t\t\t\tEmail\t\t\t\t\t\t\t<\/label>\n\t\t\t\t\t\t\t\t\t\t\t\t\t\t<input size=\"1\" type=\"email\" name=\"form_fields[email]\" id=\"form-field-email\" class=\"elementor-field elementor-size-sm  elementor-field-textual\" placeholder=\"Email\" required=\"required\">\n\t\t\t\t\t\t\t\t\t\t\t<\/div>\n\t\t\t\t\t\t\t\t<div class=\"elementor-field-type-upload elementor-field-group elementor-column elementor-field-group-field_4a1bf0b elementor-col-100 elementor-field-required\">\n\t\t\t\t\t\t\t\t\t\t\t\t<label for=\"form-field-field_4a1bf0b\" class=\"elementor-field-label\">\n\t\t\t\t\t\t\t\tCV (max 5MB)\t\t\t\t\t\t\t<\/label>\n\t\t\t\t\t\t\t\t<input type=\"file\" name=\"form_fields[field_4a1bf0b]\" id=\"form-field-field_4a1bf0b\" class=\"elementor-field elementor-size-sm  elementor-upload-field\" required=\"required\" data-maxsize=\"5\" data-maxsize-message=\"Diese Datei \u00fcbersteigt die maximale Dateigr\u00f6\u00dfe.\">\n\n\t\t\t\t\t\t<\/div>\n\t\t\t\t\t\t\t\t<div class=\"elementor-field-type-textarea elementor-field-group elementor-column elementor-field-group-message elementor-col-100\">\n\t\t\t\t\t\t\t\t\t\t\t\t<label for=\"form-field-message\" class=\"elementor-field-label\">\n\t\t\t\t\t\t\t\tMessage\t\t\t\t\t\t\t<\/label>\n\t\t\t\t\t\t<textarea class=\"elementor-field-textual elementor-field  elementor-size-sm\" name=\"form_fields[message]\" id=\"form-field-message\" rows=\"4\" placeholder=\"Message\"><\/textarea>\t\t\t\t<\/div>\n\t\t\t\t\t\t\t\t<div class=\"elementor-field-group elementor-column elementor-field-type-submit elementor-col-25 e-form__buttons\">\n\t\t\t\t\t<button class=\"elementor-button elementor-size-sm\" type=\"submit\">\n\t\t\t\t\t\t<span class=\"elementor-button-content-wrapper\">\n\t\t\t\t\t\t\t\t\t\t\t\t\t\t\t\t\t\t\t\t\t\t<span class=\"elementor-button-text\">Send<\/span>\n\t\t\t\t\t\t\t\t\t\t\t\t\t<\/span>\n\t\t\t\t\t<\/button>\n\t\t\t\t<\/div>\n\t\t\t<\/div>\n\t\t<\/form>\n\t\t\t\t\t\t<\/div>\n\t\t\t\t<\/div>\n\t\t\t\t\t<\/div>\n\t\t<\/div>\n\t\t\t\t\t<\/div>\n\t\t<\/section>\n\t\t\t\t<\/div>\n\t\t","protected":false},"excerpt":{"rendered":"<p>Smarte Geb\u00e4udeinformatiker gesucht f\u00fcr smarte Sicherheitssysteme NewVoice&nbsp;entwickelt L\u00f6sungen f\u00fcr den weltweiten Einsatz, die kritische Ereignisse automatisiert erkennen, gezielt alarmieren und Risiken wirksam reduzieren.&nbsp; &nbsp; F\u00fcr unsere Niederlassung in Z\u00fcrich suchen wir&nbsp;Geb\u00e4udeinformatiker oder Geb\u00e4udetechniker&nbsp;f\u00fcr anspruchsvolle Aufgaben&nbsp;an der Schnittstelle von Geb\u00e4udeautomation,&nbsp;IT und&nbsp;Notfallmanagement.&nbsp;&nbsp; &nbsp; Standort:&nbsp;Z\u00fcrich&nbsp;Pensum:&nbsp;100 %&nbsp;&nbsp; Sprachen:&nbsp;Deutsch und Englisch&nbsp;Reisen:&nbsp;gelegentlich&nbsp;Kontakt:&nbsp;stockner@newvoice.global&nbsp; &nbsp;Das erwartet Sie&nbsp; Integration von Geb\u00e4udeautomation und Notfallmanagement-Systemen&nbsp; Konfiguration [&hellip;]<\/p>\n","protected":false},"author":5,"featured_media":0,"parent":0,"menu_order":0,"comment_status":"closed","ping_status":"closed","template":"elementor_header_footer","meta":{"_eb_attr":"","inline_featured_image":false,"footnotes":""},"class_list":["post-49037","page","type-page","status-publish","hentry"],"acf":[],"yoast_head":"<!-- This site is optimized with the Yoast SEO plugin v27.3 - https:\/\/yoast.com\/product\/yoast-seo-wordpress\/ -->\n<title>Geb\u00e4udeinformatiker (m\/w) - NewVoice International<\/title>\n<meta name=\"robots\" content=\"index, follow, max-snippet:-1, max-image-preview:large, max-video-preview:-1\" \/>\n<link rel=\"canonical\" href=\"https:\/\/newvoiceinternational.com\/de\/gebaeudeinformatiker-m-w\/\" \/>\n<meta property=\"og:locale\" content=\"de_DE\" \/>\n<meta property=\"og:type\" content=\"article\" \/>\n<meta property=\"og:title\" content=\"Geb\u00e4udeinformatiker (m\/w) - NewVoice International\" \/>\n<meta property=\"og:description\" content=\"Smarte Geb\u00e4udeinformatiker gesucht f\u00fcr smarte Sicherheitssysteme NewVoice&nbsp;entwickelt L\u00f6sungen f\u00fcr den weltweiten Einsatz, die kritische Ereignisse automatisiert erkennen, gezielt alarmieren und Risiken wirksam reduzieren.&nbsp; &nbsp; F\u00fcr unsere Niederlassung in Z\u00fcrich suchen wir&nbsp;Geb\u00e4udeinformatiker oder Geb\u00e4udetechniker&nbsp;f\u00fcr anspruchsvolle Aufgaben&nbsp;an der Schnittstelle von Geb\u00e4udeautomation,&nbsp;IT und&nbsp;Notfallmanagement.&nbsp;&nbsp; &nbsp; Standort:&nbsp;Z\u00fcrich&nbsp;Pensum:&nbsp;100 %&nbsp;&nbsp; Sprachen:&nbsp;Deutsch und Englisch&nbsp;Reisen:&nbsp;gelegentlich&nbsp;Kontakt:&nbsp;stockner@newvoice.global&nbsp; &nbsp;Das erwartet Sie&nbsp; Integration von Geb\u00e4udeautomation und Notfallmanagement-Systemen&nbsp; Konfiguration [&hellip;]\" \/>\n<meta property=\"og:url\" content=\"https:\/\/newvoiceinternational.com\/de\/gebaeudeinformatiker-m-w\/\" \/>\n<meta property=\"og:site_name\" content=\"NewVoice International\" \/>\n<meta property=\"article:modified_time\" content=\"2026-04-02T12:26:53+00:00\" \/>\n<meta name=\"twitter:card\" content=\"summary_large_image\" \/>\n<meta name=\"twitter:label1\" content=\"Gesch\u00e4tzte Lesezeit\" \/>\n\t<meta name=\"twitter:data1\" content=\"1\u00a0Minute\" \/>\n<script type=\"application\/ld+json\" class=\"yoast-schema-graph\">{\"@context\":\"https:\\\/\\\/schema.org\",\"@graph\":[{\"@type\":\"WebPage\",\"@id\":\"https:\\\/\\\/newvoiceinternational.com\\\/de\\\/gebaeudeinformatiker-m-w\\\/\",\"url\":\"https:\\\/\\\/newvoiceinternational.com\\\/de\\\/gebaeudeinformatiker-m-w\\\/\",\"name\":\"Geb\u00e4udeinformatiker (m\\\/w) - NewVoice International\",\"isPartOf\":{\"@id\":\"https:\\\/\\\/newvoiceinternational.com\\\/de\\\/#website\"},\"datePublished\":\"2025-05-13T07:54:09+00:00\",\"dateModified\":\"2026-04-02T12:26:53+00:00\",\"breadcrumb\":{\"@id\":\"https:\\\/\\\/newvoiceinternational.com\\\/de\\\/gebaeudeinformatiker-m-w\\\/#breadcrumb\"},\"inLanguage\":\"de\",\"potentialAction\":[{\"@type\":\"ReadAction\",\"target\":[\"https:\\\/\\\/newvoiceinternational.com\\\/de\\\/gebaeudeinformatiker-m-w\\\/\"]}]},{\"@type\":\"BreadcrumbList\",\"@id\":\"https:\\\/\\\/newvoiceinternational.com\\\/de\\\/gebaeudeinformatiker-m-w\\\/#breadcrumb\",\"itemListElement\":[{\"@type\":\"ListItem\",\"position\":1,\"name\":\"Home\",\"item\":\"https:\\\/\\\/newvoiceinternational.com\\\/de\\\/\"},{\"@type\":\"ListItem\",\"position\":2,\"name\":\"Geb\u00e4udeinformatiker (m\\\/w)\"}]},{\"@type\":\"WebSite\",\"@id\":\"https:\\\/\\\/newvoiceinternational.com\\\/de\\\/#website\",\"url\":\"https:\\\/\\\/newvoiceinternational.com\\\/de\\\/\",\"name\":\"NewVoice International\",\"description\":\"\",\"publisher\":{\"@id\":\"https:\\\/\\\/newvoiceinternational.com\\\/de\\\/#organization\"},\"potentialAction\":[{\"@type\":\"SearchAction\",\"target\":{\"@type\":\"EntryPoint\",\"urlTemplate\":\"https:\\\/\\\/newvoiceinternational.com\\\/de\\\/?s={search_term_string}\"},\"query-input\":{\"@type\":\"PropertyValueSpecification\",\"valueRequired\":true,\"valueName\":\"search_term_string\"}}],\"inLanguage\":\"de\"},{\"@type\":\"Organization\",\"@id\":\"https:\\\/\\\/newvoiceinternational.com\\\/de\\\/#organization\",\"name\":\"NewVoice International\",\"url\":\"https:\\\/\\\/newvoiceinternational.com\\\/de\\\/\",\"logo\":{\"@type\":\"ImageObject\",\"inLanguage\":\"de\",\"@id\":\"https:\\\/\\\/newvoiceinternational.com\\\/de\\\/#\\\/schema\\\/logo\\\/image\\\/\",\"url\":\"https:\\\/\\\/newvoiceinternational.com\\\/wp-content\\\/uploads\\\/2022\\\/06\\\/NV_Logo_RGB.png\",\"contentUrl\":\"https:\\\/\\\/newvoiceinternational.com\\\/wp-content\\\/uploads\\\/2022\\\/06\\\/NV_Logo_RGB.png\",\"width\":1200,\"height\":315,\"caption\":\"NewVoice International\"},\"image\":{\"@id\":\"https:\\\/\\\/newvoiceinternational.com\\\/de\\\/#\\\/schema\\\/logo\\\/image\\\/\"}}]}<\/script>\n<!-- \/ Yoast SEO plugin. -->","yoast_head_json":{"title":"Geb\u00e4udeinformatiker (m\/w) - NewVoice International","robots":{"index":"index","follow":"follow","max-snippet":"max-snippet:-1","max-image-preview":"max-image-preview:large","max-video-preview":"max-video-preview:-1"},"canonical":"https:\/\/newvoiceinternational.com\/de\/gebaeudeinformatiker-m-w\/","og_locale":"de_DE","og_type":"article","og_title":"Geb\u00e4udeinformatiker (m\/w) - NewVoice International","og_description":"Smarte Geb\u00e4udeinformatiker gesucht f\u00fcr smarte Sicherheitssysteme NewVoice&nbsp;entwickelt L\u00f6sungen f\u00fcr den weltweiten Einsatz, die kritische Ereignisse automatisiert erkennen, gezielt alarmieren und Risiken wirksam reduzieren.&nbsp; &nbsp; F\u00fcr unsere Niederlassung in Z\u00fcrich suchen wir&nbsp;Geb\u00e4udeinformatiker oder Geb\u00e4udetechniker&nbsp;f\u00fcr anspruchsvolle Aufgaben&nbsp;an der Schnittstelle von Geb\u00e4udeautomation,&nbsp;IT und&nbsp;Notfallmanagement.&nbsp;&nbsp; &nbsp; Standort:&nbsp;Z\u00fcrich&nbsp;Pensum:&nbsp;100 %&nbsp;&nbsp; Sprachen:&nbsp;Deutsch und Englisch&nbsp;Reisen:&nbsp;gelegentlich&nbsp;Kontakt:&nbsp;stockner@newvoice.global&nbsp; &nbsp;Das erwartet Sie&nbsp; Integration von Geb\u00e4udeautomation und Notfallmanagement-Systemen&nbsp; Konfiguration [&hellip;]","og_url":"https:\/\/newvoiceinternational.com\/de\/gebaeudeinformatiker-m-w\/","og_site_name":"NewVoice International","article_modified_time":"2026-04-02T12:26:53+00:00","twitter_card":"summary_large_image","twitter_misc":{"Gesch\u00e4tzte Lesezeit":"1\u00a0Minute"},"schema":{"@context":"https:\/\/schema.org","@graph":[{"@type":"WebPage","@id":"https:\/\/newvoiceinternational.com\/de\/gebaeudeinformatiker-m-w\/","url":"https:\/\/newvoiceinternational.com\/de\/gebaeudeinformatiker-m-w\/","name":"Geb\u00e4udeinformatiker (m\/w) - NewVoice International","isPartOf":{"@id":"https:\/\/newvoiceinternational.com\/de\/#website"},"datePublished":"2025-05-13T07:54:09+00:00","dateModified":"2026-04-02T12:26:53+00:00","breadcrumb":{"@id":"https:\/\/newvoiceinternational.com\/de\/gebaeudeinformatiker-m-w\/#breadcrumb"},"inLanguage":"de","potentialAction":[{"@type":"ReadAction","target":["https:\/\/newvoiceinternational.com\/de\/gebaeudeinformatiker-m-w\/"]}]},{"@type":"BreadcrumbList","@id":"https:\/\/newvoiceinternational.com\/de\/gebaeudeinformatiker-m-w\/#breadcrumb","itemListElement":[{"@type":"ListItem","position":1,"name":"Home","item":"https:\/\/newvoiceinternational.com\/de\/"},{"@type":"ListItem","position":2,"name":"Geb\u00e4udeinformatiker (m\/w)"}]},{"@type":"WebSite","@id":"https:\/\/newvoiceinternational.com\/de\/#website","url":"https:\/\/newvoiceinternational.com\/de\/","name":"NewVoice International","description":"","publisher":{"@id":"https:\/\/newvoiceinternational.com\/de\/#organization"},"potentialAction":[{"@type":"SearchAction","target":{"@type":"EntryPoint","urlTemplate":"https:\/\/newvoiceinternational.com\/de\/?s={search_term_string}"},"query-input":{"@type":"PropertyValueSpecification","valueRequired":true,"valueName":"search_term_string"}}],"inLanguage":"de"},{"@type":"Organization","@id":"https:\/\/newvoiceinternational.com\/de\/#organization","name":"NewVoice International","url":"https:\/\/newvoiceinternational.com\/de\/","logo":{"@type":"ImageObject","inLanguage":"de","@id":"https:\/\/newvoiceinternational.com\/de\/#\/schema\/logo\/image\/","url":"https:\/\/newvoiceinternational.com\/wp-content\/uploads\/2022\/06\/NV_Logo_RGB.png","contentUrl":"https:\/\/newvoiceinternational.com\/wp-content\/uploads\/2022\/06\/NV_Logo_RGB.png","width":1200,"height":315,"caption":"NewVoice International"},"image":{"@id":"https:\/\/newvoiceinternational.com\/de\/#\/schema\/logo\/image\/"}}]}},"_links":{"self":[{"href":"https:\/\/newvoiceinternational.com\/de\/wp-json\/wp\/v2\/pages\/49037","targetHints":{"allow":["GET"]}}],"collection":[{"href":"https:\/\/newvoiceinternational.com\/de\/wp-json\/wp\/v2\/pages"}],"about":[{"href":"https:\/\/newvoiceinternational.com\/de\/wp-json\/wp\/v2\/types\/page"}],"author":[{"embeddable":true,"href":"https:\/\/newvoiceinternational.com\/de\/wp-json\/wp\/v2\/users\/5"}],"replies":[{"embeddable":true,"href":"https:\/\/newvoiceinternational.com\/de\/wp-json\/wp\/v2\/comments?post=49037"}],"version-history":[{"count":6,"href":"https:\/\/newvoiceinternational.com\/de\/wp-json\/wp\/v2\/pages\/49037\/revisions"}],"predecessor-version":[{"id":53556,"href":"https:\/\/newvoiceinternational.com\/de\/wp-json\/wp\/v2\/pages\/49037\/revisions\/53556"}],"wp:attachment":[{"href":"https:\/\/newvoiceinternational.com\/de\/wp-json\/wp\/v2\/media?parent=49037"}],"curies":[{"name":"wp","href":"https:\/\/api.w.org\/{rel}","templated":true}]}}