{"id":46556,"date":"2025-02-17T14:58:55","date_gmt":"2025-02-17T13:58:55","guid":{"rendered":"https:\/\/newvoiceinternational.com\/cancom\/"},"modified":"2025-02-17T15:16:56","modified_gmt":"2025-02-17T14:16:56","slug":"cancom","status":"publish","type":"page","link":"https:\/\/newvoiceinternational.com\/de\/cancom\/","title":{"rendered":"Cancom"},"content":{"rendered":"\t\t<div data-elementor-type=\"wp-page\" data-elementor-id=\"46556\" class=\"elementor elementor-46556 elementor-46542\" data-elementor-post-type=\"page\">\n\t\t\t\t\t\t<section class=\"elementor-section elementor-top-section elementor-element elementor-element-e7502fe elementor-section-boxed elementor-section-height-default elementor-section-height-default\" data-id=\"e7502fe\" data-element_type=\"section\" data-e-type=\"section\">\n\t\t\t\t\t\t<div class=\"elementor-container elementor-column-gap-default\">\n\t\t\t\t\t<div class=\"elementor-column elementor-col-100 elementor-top-column elementor-element elementor-element-04af383\" data-id=\"04af383\" data-element_type=\"column\" data-e-type=\"column\">\n\t\t\t<div class=\"elementor-widget-wrap elementor-element-populated\">\n\t\t\t\t\t\t<div class=\"elementor-element elementor-element-b7e1b3e elementor-widget elementor-widget-image\" data-id=\"b7e1b3e\" data-element_type=\"widget\" data-e-type=\"widget\" data-widget_type=\"image.default\">\n\t\t\t\t<div class=\"elementor-widget-container\">\n\t\t\t\t\t\t\t\t\t\t\t\t\t\t\t\t<a href=\"http:\/\/www.cancom.at\">\n\t\t\t\t\t\t\t<img fetchpriority=\"high\" decoding=\"async\" width=\"580\" height=\"137\" src=\"https:\/\/newvoiceinternational.com\/wp-content\/uploads\/2025\/02\/CANCOM_Logo_Rot_sRGB-1-768x182.png\" class=\"attachment-medium_large size-medium_large wp-image-46530\" alt=\"\" srcset=\"https:\/\/newvoiceinternational.com\/wp-content\/uploads\/2025\/02\/CANCOM_Logo_Rot_sRGB-1-768x182.png 768w, https:\/\/newvoiceinternational.com\/wp-content\/uploads\/2025\/02\/CANCOM_Logo_Rot_sRGB-1-300x71.png 300w, https:\/\/newvoiceinternational.com\/wp-content\/uploads\/2025\/02\/CANCOM_Logo_Rot_sRGB-1-1024x242.png 1024w, https:\/\/newvoiceinternational.com\/wp-content\/uploads\/2025\/02\/CANCOM_Logo_Rot_sRGB-1-1536x363.png 1536w, https:\/\/newvoiceinternational.com\/wp-content\/uploads\/2025\/02\/CANCOM_Logo_Rot_sRGB-1-2048x484.png 2048w, https:\/\/newvoiceinternational.com\/wp-content\/uploads\/2025\/02\/CANCOM_Logo_Rot_sRGB-1-1200x284.png 1200w, https:\/\/newvoiceinternational.com\/wp-content\/uploads\/2025\/02\/CANCOM_Logo_Rot_sRGB-1-1980x468.png 1980w\" sizes=\"(max-width: 580px) 100vw, 580px\" \/>\t\t\t\t\t\t\t\t<\/a>\n\t\t\t\t\t\t\t\t\t\t\t\t\t\t\t<\/div>\n\t\t\t\t<\/div>\n\t\t\t\t\t<\/div>\n\t\t<\/div>\n\t\t\t\t\t<\/div>\n\t\t<\/section>\n\t\t\t\t<section class=\"elementor-section elementor-top-section elementor-element elementor-element-cfdd1dd elementor-section-boxed elementor-section-height-default elementor-section-height-default\" data-id=\"cfdd1dd\" data-element_type=\"section\" data-e-type=\"section\">\n\t\t\t\t\t\t<div class=\"elementor-container elementor-column-gap-default\">\n\t\t\t\t\t<div class=\"elementor-column elementor-col-100 elementor-top-column elementor-element elementor-element-f82a605\" data-id=\"f82a605\" data-element_type=\"column\" data-e-type=\"column\">\n\t\t\t<div class=\"elementor-widget-wrap elementor-element-populated\">\n\t\t\t\t\t\t<div class=\"elementor-element elementor-element-875297b elementor-widget elementor-widget-text-editor\" data-id=\"875297b\" data-element_type=\"widget\" data-e-type=\"widget\" data-widget_type=\"text-editor.default\">\n\t\t\t\t<div class=\"elementor-widget-container\">\n\t\t\t\t\t\t\t\t\t<p>Als f\u00fchrender Digital Business Provider begleitet CANCOM Unternehmen, Organisationen und den \u00f6ffentlichen Sektor in die digitale Zukunft. Das Leistungs- und L\u00f6sungsspektrum umfasst sowohl klassische Systemhaus-IT-L\u00f6sungen als auch datenbasierte Digital Solutions, Managed Services sowie Cloud Dienste. Mit Leidenschaft und Technologie begleiten wir die Digitale Evolution unserer Kunden und unterst\u00fctzen sie dabei, die Komplexit\u00e4t ihrer IT zu reduzieren und neue Gesch\u00e4ftsmodelle zu entwickeln. Daf\u00fcr bieten wir ein ganzheitliches Portfolio f\u00fcr alle IT- und Business-Anforderungen.<\/p>\n\t\t\t\t\t\t\t\t<\/div>\n\t\t\t\t<\/div>\n\t\t\t\t\t<\/div>\n\t\t<\/div>\n\t\t\t\t\t<\/div>\n\t\t<\/section>\n\t\t\t\t<\/div>\n\t\t","protected":false},"excerpt":{"rendered":"<p>Als f\u00fchrender Digital Business Provider begleitet CANCOM Unternehmen, Organisationen und den \u00f6ffentlichen Sektor in die digitale Zukunft. Das Leistungs- und L\u00f6sungsspektrum umfasst sowohl klassische Systemhaus-IT-L\u00f6sungen als auch datenbasierte Digital Solutions, Managed Services sowie Cloud Dienste. Mit Leidenschaft und Technologie begleiten wir die Digitale Evolution unserer Kunden und unterst\u00fctzen sie dabei, die Komplexit\u00e4t ihrer IT zu [&hellip;]<\/p>\n","protected":false},"author":5,"featured_media":0,"parent":0,"menu_order":0,"comment_status":"closed","ping_status":"closed","template":"elementor_header_footer","meta":{"_eb_attr":"","inline_featured_image":false,"footnotes":""},"class_list":["post-46556","page","type-page","status-publish","hentry"],"acf":[],"yoast_head":"<!-- This site is optimized with the Yoast SEO plugin v27.4 - https:\/\/yoast.com\/product\/yoast-seo-wordpress\/ -->\n<title>Cancom - NewVoice International<\/title>\n<meta name=\"description\" content=\"Cancom\" \/>\n<meta name=\"robots\" content=\"index, follow, max-snippet:-1, max-image-preview:large, max-video-preview:-1\" \/>\n<link rel=\"canonical\" href=\"https:\/\/newvoiceinternational.com\/de\/cancom\/\" \/>\n<meta property=\"og:locale\" content=\"de_DE\" \/>\n<meta property=\"og:type\" content=\"article\" \/>\n<meta property=\"og:title\" content=\"Cancom - NewVoice International\" \/>\n<meta property=\"og:description\" content=\"Cancom\" \/>\n<meta property=\"og:url\" content=\"https:\/\/newvoiceinternational.com\/de\/cancom\/\" \/>\n<meta property=\"og:site_name\" content=\"NewVoice International\" \/>\n<meta property=\"article:modified_time\" content=\"2025-02-17T14:16:56+00:00\" \/>\n<meta property=\"og:image\" content=\"https:\/\/newvoiceinternational.com\/wp-content\/uploads\/2025\/02\/CANCOM_Logo_Rot_sRGB-1.png\" \/>\n\t<meta property=\"og:image:width\" content=\"2598\" \/>\n\t<meta property=\"og:image:height\" content=\"614\" \/>\n\t<meta property=\"og:image:type\" content=\"image\/png\" \/>\n<meta name=\"twitter:card\" content=\"summary_large_image\" \/>\n<script type=\"application\/ld+json\" class=\"yoast-schema-graph\">{\"@context\":\"https:\\\/\\\/schema.org\",\"@graph\":[{\"@type\":\"WebPage\",\"@id\":\"https:\\\/\\\/newvoiceinternational.com\\\/de\\\/cancom\\\/\",\"url\":\"https:\\\/\\\/newvoiceinternational.com\\\/de\\\/cancom\\\/\",\"name\":\"Cancom - NewVoice International\",\"isPartOf\":{\"@id\":\"https:\\\/\\\/newvoiceinternational.com\\\/de\\\/#website\"},\"primaryImageOfPage\":{\"@id\":\"https:\\\/\\\/newvoiceinternational.com\\\/de\\\/cancom\\\/#primaryimage\"},\"image\":{\"@id\":\"https:\\\/\\\/newvoiceinternational.com\\\/de\\\/cancom\\\/#primaryimage\"},\"thumbnailUrl\":\"https:\\\/\\\/newvoiceinternational.com\\\/wp-content\\\/uploads\\\/2025\\\/02\\\/CANCOM_Logo_Rot_sRGB-1-768x182.png\",\"datePublished\":\"2025-02-17T13:58:55+00:00\",\"dateModified\":\"2025-02-17T14:16:56+00:00\",\"description\":\"Cancom\",\"breadcrumb\":{\"@id\":\"https:\\\/\\\/newvoiceinternational.com\\\/de\\\/cancom\\\/#breadcrumb\"},\"inLanguage\":\"de\",\"potentialAction\":[{\"@type\":\"ReadAction\",\"target\":[\"https:\\\/\\\/newvoiceinternational.com\\\/de\\\/cancom\\\/\"]}]},{\"@type\":\"ImageObject\",\"inLanguage\":\"de\",\"@id\":\"https:\\\/\\\/newvoiceinternational.com\\\/de\\\/cancom\\\/#primaryimage\",\"url\":\"https:\\\/\\\/newvoiceinternational.com\\\/wp-content\\\/uploads\\\/2025\\\/02\\\/CANCOM_Logo_Rot_sRGB-1-768x182.png\",\"contentUrl\":\"https:\\\/\\\/newvoiceinternational.com\\\/wp-content\\\/uploads\\\/2025\\\/02\\\/CANCOM_Logo_Rot_sRGB-1-768x182.png\"},{\"@type\":\"BreadcrumbList\",\"@id\":\"https:\\\/\\\/newvoiceinternational.com\\\/de\\\/cancom\\\/#breadcrumb\",\"itemListElement\":[{\"@type\":\"ListItem\",\"position\":1,\"name\":\"Home\",\"item\":\"https:\\\/\\\/newvoiceinternational.com\\\/de\\\/\"},{\"@type\":\"ListItem\",\"position\":2,\"name\":\"Cancom\"}]},{\"@type\":\"WebSite\",\"@id\":\"https:\\\/\\\/newvoiceinternational.com\\\/de\\\/#website\",\"url\":\"https:\\\/\\\/newvoiceinternational.com\\\/de\\\/\",\"name\":\"NewVoice International\",\"description\":\"\",\"publisher\":{\"@id\":\"https:\\\/\\\/newvoiceinternational.com\\\/de\\\/#organization\"},\"potentialAction\":[{\"@type\":\"SearchAction\",\"target\":{\"@type\":\"EntryPoint\",\"urlTemplate\":\"https:\\\/\\\/newvoiceinternational.com\\\/de\\\/?s={search_term_string}\"},\"query-input\":{\"@type\":\"PropertyValueSpecification\",\"valueRequired\":true,\"valueName\":\"search_term_string\"}}],\"inLanguage\":\"de\"},{\"@type\":\"Organization\",\"@id\":\"https:\\\/\\\/newvoiceinternational.com\\\/de\\\/#organization\",\"name\":\"NewVoice International\",\"url\":\"https:\\\/\\\/newvoiceinternational.com\\\/de\\\/\",\"logo\":{\"@type\":\"ImageObject\",\"inLanguage\":\"de\",\"@id\":\"https:\\\/\\\/newvoiceinternational.com\\\/de\\\/#\\\/schema\\\/logo\\\/image\\\/\",\"url\":\"https:\\\/\\\/newvoiceinternational.com\\\/wp-content\\\/uploads\\\/2022\\\/06\\\/NV_Logo_RGB.png\",\"contentUrl\":\"https:\\\/\\\/newvoiceinternational.com\\\/wp-content\\\/uploads\\\/2022\\\/06\\\/NV_Logo_RGB.png\",\"width\":1200,\"height\":315,\"caption\":\"NewVoice International\"},\"image\":{\"@id\":\"https:\\\/\\\/newvoiceinternational.com\\\/de\\\/#\\\/schema\\\/logo\\\/image\\\/\"}}]}<\/script>\n<!-- \/ Yoast SEO plugin. -->","yoast_head_json":{"title":"Cancom - NewVoice International","description":"Cancom","robots":{"index":"index","follow":"follow","max-snippet":"max-snippet:-1","max-image-preview":"max-image-preview:large","max-video-preview":"max-video-preview:-1"},"canonical":"https:\/\/newvoiceinternational.com\/de\/cancom\/","og_locale":"de_DE","og_type":"article","og_title":"Cancom - NewVoice International","og_description":"Cancom","og_url":"https:\/\/newvoiceinternational.com\/de\/cancom\/","og_site_name":"NewVoice International","article_modified_time":"2025-02-17T14:16:56+00:00","og_image":[{"width":2598,"height":614,"url":"https:\/\/newvoiceinternational.com\/wp-content\/uploads\/2025\/02\/CANCOM_Logo_Rot_sRGB-1.png","type":"image\/png"}],"twitter_card":"summary_large_image","schema":{"@context":"https:\/\/schema.org","@graph":[{"@type":"WebPage","@id":"https:\/\/newvoiceinternational.com\/de\/cancom\/","url":"https:\/\/newvoiceinternational.com\/de\/cancom\/","name":"Cancom - NewVoice International","isPartOf":{"@id":"https:\/\/newvoiceinternational.com\/de\/#website"},"primaryImageOfPage":{"@id":"https:\/\/newvoiceinternational.com\/de\/cancom\/#primaryimage"},"image":{"@id":"https:\/\/newvoiceinternational.com\/de\/cancom\/#primaryimage"},"thumbnailUrl":"https:\/\/newvoiceinternational.com\/wp-content\/uploads\/2025\/02\/CANCOM_Logo_Rot_sRGB-1-768x182.png","datePublished":"2025-02-17T13:58:55+00:00","dateModified":"2025-02-17T14:16:56+00:00","description":"Cancom","breadcrumb":{"@id":"https:\/\/newvoiceinternational.com\/de\/cancom\/#breadcrumb"},"inLanguage":"de","potentialAction":[{"@type":"ReadAction","target":["https:\/\/newvoiceinternational.com\/de\/cancom\/"]}]},{"@type":"ImageObject","inLanguage":"de","@id":"https:\/\/newvoiceinternational.com\/de\/cancom\/#primaryimage","url":"https:\/\/newvoiceinternational.com\/wp-content\/uploads\/2025\/02\/CANCOM_Logo_Rot_sRGB-1-768x182.png","contentUrl":"https:\/\/newvoiceinternational.com\/wp-content\/uploads\/2025\/02\/CANCOM_Logo_Rot_sRGB-1-768x182.png"},{"@type":"BreadcrumbList","@id":"https:\/\/newvoiceinternational.com\/de\/cancom\/#breadcrumb","itemListElement":[{"@type":"ListItem","position":1,"name":"Home","item":"https:\/\/newvoiceinternational.com\/de\/"},{"@type":"ListItem","position":2,"name":"Cancom"}]},{"@type":"WebSite","@id":"https:\/\/newvoiceinternational.com\/de\/#website","url":"https:\/\/newvoiceinternational.com\/de\/","name":"NewVoice International","description":"","publisher":{"@id":"https:\/\/newvoiceinternational.com\/de\/#organization"},"potentialAction":[{"@type":"SearchAction","target":{"@type":"EntryPoint","urlTemplate":"https:\/\/newvoiceinternational.com\/de\/?s={search_term_string}"},"query-input":{"@type":"PropertyValueSpecification","valueRequired":true,"valueName":"search_term_string"}}],"inLanguage":"de"},{"@type":"Organization","@id":"https:\/\/newvoiceinternational.com\/de\/#organization","name":"NewVoice International","url":"https:\/\/newvoiceinternational.com\/de\/","logo":{"@type":"ImageObject","inLanguage":"de","@id":"https:\/\/newvoiceinternational.com\/de\/#\/schema\/logo\/image\/","url":"https:\/\/newvoiceinternational.com\/wp-content\/uploads\/2022\/06\/NV_Logo_RGB.png","contentUrl":"https:\/\/newvoiceinternational.com\/wp-content\/uploads\/2022\/06\/NV_Logo_RGB.png","width":1200,"height":315,"caption":"NewVoice International"},"image":{"@id":"https:\/\/newvoiceinternational.com\/de\/#\/schema\/logo\/image\/"}}]}},"_links":{"self":[{"href":"https:\/\/newvoiceinternational.com\/de\/wp-json\/wp\/v2\/pages\/46556","targetHints":{"allow":["GET"]}}],"collection":[{"href":"https:\/\/newvoiceinternational.com\/de\/wp-json\/wp\/v2\/pages"}],"about":[{"href":"https:\/\/newvoiceinternational.com\/de\/wp-json\/wp\/v2\/types\/page"}],"author":[{"embeddable":true,"href":"https:\/\/newvoiceinternational.com\/de\/wp-json\/wp\/v2\/users\/5"}],"replies":[{"embeddable":true,"href":"https:\/\/newvoiceinternational.com\/de\/wp-json\/wp\/v2\/comments?post=46556"}],"version-history":[{"count":0,"href":"https:\/\/newvoiceinternational.com\/de\/wp-json\/wp\/v2\/pages\/46556\/revisions"}],"wp:attachment":[{"href":"https:\/\/newvoiceinternational.com\/de\/wp-json\/wp\/v2\/media?parent=46556"}],"curies":[{"name":"wp","href":"https:\/\/api.w.org\/{rel}","templated":true}]}}