{"id":46474,"date":"2025-02-13T10:28:42","date_gmt":"2025-02-13T09:28:42","guid":{"rendered":"https:\/\/newvoiceinternational.com\/telenetwork\/"},"modified":"2025-02-13T13:01:46","modified_gmt":"2025-02-13T12:01:46","slug":"telenetwork","status":"publish","type":"page","link":"https:\/\/newvoiceinternational.com\/de\/telenetwork\/","title":{"rendered":"Telenetwork"},"content":{"rendered":"\t\t<div data-elementor-type=\"wp-page\" data-elementor-id=\"46474\" class=\"elementor elementor-46474 elementor-46459\" data-elementor-post-type=\"page\">\n\t\t\t\t\t\t<section class=\"elementor-section elementor-top-section elementor-element elementor-element-5bc9f71 elementor-section-boxed elementor-section-height-default elementor-section-height-default\" data-id=\"5bc9f71\" data-element_type=\"section\" data-e-type=\"section\">\n\t\t\t\t\t\t<div class=\"elementor-container elementor-column-gap-default\">\n\t\t\t\t\t<div class=\"elementor-column elementor-col-100 elementor-top-column elementor-element elementor-element-ff53dda\" data-id=\"ff53dda\" data-element_type=\"column\" data-e-type=\"column\">\n\t\t\t<div class=\"elementor-widget-wrap elementor-element-populated\">\n\t\t\t\t\t\t<div class=\"elementor-element elementor-element-42dae1a elementor-widget elementor-widget-image\" data-id=\"42dae1a\" data-element_type=\"widget\" data-e-type=\"widget\" data-widget_type=\"image.default\">\n\t\t\t\t<div class=\"elementor-widget-container\">\n\t\t\t\t\t\t\t\t\t\t\t\t\t\t\t<img fetchpriority=\"high\" decoding=\"async\" width=\"580\" height=\"233\" src=\"https:\/\/newvoiceinternational.com\/wp-content\/uploads\/2025\/02\/tnw_Logo-C_1000.png\" class=\"attachment-large size-large wp-image-46456\" alt=\"\" srcset=\"https:\/\/newvoiceinternational.com\/wp-content\/uploads\/2025\/02\/tnw_Logo-C_1000.png 1000w, https:\/\/newvoiceinternational.com\/wp-content\/uploads\/2025\/02\/tnw_Logo-C_1000-300x120.png 300w, https:\/\/newvoiceinternational.com\/wp-content\/uploads\/2025\/02\/tnw_Logo-C_1000-768x308.png 768w\" sizes=\"(max-width: 580px) 100vw, 580px\" \/>\t\t\t\t\t\t\t\t\t\t\t\t\t\t\t<\/div>\n\t\t\t\t<\/div>\n\t\t\t\t\t<\/div>\n\t\t<\/div>\n\t\t\t\t\t<\/div>\n\t\t<\/section>\n\t\t\t\t<section class=\"elementor-section elementor-top-section elementor-element elementor-element-a21aa31 elementor-section-boxed elementor-section-height-default elementor-section-height-default\" data-id=\"a21aa31\" data-element_type=\"section\" data-e-type=\"section\">\n\t\t\t\t\t\t<div class=\"elementor-container elementor-column-gap-default\">\n\t\t\t\t\t<div class=\"elementor-column elementor-col-100 elementor-top-column elementor-element elementor-element-2c87fb4\" data-id=\"2c87fb4\" data-element_type=\"column\" data-e-type=\"column\">\n\t\t\t<div class=\"elementor-widget-wrap elementor-element-populated\">\n\t\t\t\t\t\t<div class=\"elementor-element elementor-element-8891382 elementor-widget elementor-widget-text-editor\" data-id=\"8891382\" data-element_type=\"widget\" data-e-type=\"widget\" data-widget_type=\"text-editor.default\">\n\t\t\t\t<div class=\"elementor-widget-container\">\n\t\t\t\t\t\t\t\t\t<p>Die telenetwork AG ist seit 1999 Spezialist f\u00fcr IT-, Telekommunikations- und Sicherheitsl\u00f6sungen. Mit \u00fcber 900 Kunden in Deutschland und Luxemburg stehen wir f\u00fcr Qualit\u00e4t, pers\u00f6nliche Betreuung und zukunftssichere Technologien. Zwei zertifizierte Rechenzentren in Trier sowie ein erfahrenes Team sorgen f\u00fcr maximale Sicherheit und Effizienz.<\/p><p>Vertrauen verbindet. Seit 1999.<\/p><p><strong><a style=\"color: #028dde;\" href=\"https:\/\/www.tnw.eu\"><span data-teams=\"true\">Mehr erfahren \u2026<\/span>\u00a0<\/a><\/strong><\/p>\t\t\t\t\t\t\t\t<\/div>\n\t\t\t\t<\/div>\n\t\t\t\t\t<\/div>\n\t\t<\/div>\n\t\t\t\t\t<\/div>\n\t\t<\/section>\n\t\t\t\t<\/div>\n\t\t","protected":false},"excerpt":{"rendered":"<p>Die telenetwork AG ist seit 1999 Spezialist f\u00fcr IT-, Telekommunikations- und Sicherheitsl\u00f6sungen. Mit \u00fcber 900 Kunden in Deutschland und Luxemburg stehen wir f\u00fcr Qualit\u00e4t, pers\u00f6nliche Betreuung und zukunftssichere Technologien. Zwei zertifizierte Rechenzentren in Trier sowie ein erfahrenes Team sorgen f\u00fcr maximale Sicherheit und Effizienz. Vertrauen verbindet. Seit 1999. Mehr erfahren \u2026\u00a0<\/p>\n","protected":false},"author":5,"featured_media":0,"parent":0,"menu_order":0,"comment_status":"closed","ping_status":"closed","template":"elementor_header_footer","meta":{"_eb_attr":"","inline_featured_image":false,"footnotes":""},"class_list":["post-46474","page","type-page","status-publish","hentry"],"acf":[],"yoast_head":"<!-- This site is optimized with the Yoast SEO plugin v27.3 - https:\/\/yoast.com\/product\/yoast-seo-wordpress\/ -->\n<title>Telenetwork - NewVoice International<\/title>\n<meta name=\"description\" content=\"Die telenetwork AG ist seit 1999 Spezialist f\u00fcr IT-, Telekommunikations- und Sicherheitsl\u00f6sungen.\" \/>\n<meta name=\"robots\" content=\"index, follow, max-snippet:-1, max-image-preview:large, max-video-preview:-1\" \/>\n<link rel=\"canonical\" href=\"https:\/\/newvoiceinternational.com\/de\/telenetwork\/\" \/>\n<meta property=\"og:locale\" content=\"de_DE\" \/>\n<meta property=\"og:type\" content=\"article\" \/>\n<meta property=\"og:title\" content=\"Telenetwork - NewVoice International\" \/>\n<meta property=\"og:description\" content=\"Die telenetwork AG ist seit 1999 Spezialist f\u00fcr IT-, Telekommunikations- und Sicherheitsl\u00f6sungen.\" \/>\n<meta property=\"og:url\" content=\"https:\/\/newvoiceinternational.com\/de\/telenetwork\/\" \/>\n<meta property=\"og:site_name\" content=\"NewVoice International\" \/>\n<meta property=\"article:modified_time\" content=\"2025-02-13T12:01:46+00:00\" \/>\n<meta property=\"og:image\" content=\"https:\/\/newvoiceinternational.com\/wp-content\/uploads\/2025\/02\/tnw_Logo-C_1000.png\" \/>\n\t<meta property=\"og:image:width\" content=\"1000\" \/>\n\t<meta property=\"og:image:height\" content=\"401\" \/>\n\t<meta property=\"og:image:type\" content=\"image\/png\" \/>\n<meta name=\"twitter:card\" content=\"summary_large_image\" \/>\n<meta name=\"twitter:label1\" content=\"Gesch\u00e4tzte Lesezeit\" \/>\n\t<meta name=\"twitter:data1\" content=\"1\u00a0Minute\" \/>\n<script type=\"application\/ld+json\" class=\"yoast-schema-graph\">{\"@context\":\"https:\\\/\\\/schema.org\",\"@graph\":[{\"@type\":\"WebPage\",\"@id\":\"https:\\\/\\\/newvoiceinternational.com\\\/de\\\/telenetwork\\\/\",\"url\":\"https:\\\/\\\/newvoiceinternational.com\\\/de\\\/telenetwork\\\/\",\"name\":\"Telenetwork - NewVoice International\",\"isPartOf\":{\"@id\":\"https:\\\/\\\/newvoiceinternational.com\\\/de\\\/#website\"},\"primaryImageOfPage\":{\"@id\":\"https:\\\/\\\/newvoiceinternational.com\\\/de\\\/telenetwork\\\/#primaryimage\"},\"image\":{\"@id\":\"https:\\\/\\\/newvoiceinternational.com\\\/de\\\/telenetwork\\\/#primaryimage\"},\"thumbnailUrl\":\"https:\\\/\\\/newvoiceinternational.com\\\/wp-content\\\/uploads\\\/2025\\\/02\\\/tnw_Logo-C_1000.png\",\"datePublished\":\"2025-02-13T09:28:42+00:00\",\"dateModified\":\"2025-02-13T12:01:46+00:00\",\"description\":\"Die telenetwork AG ist seit 1999 Spezialist f\u00fcr IT-, Telekommunikations- und Sicherheitsl\u00f6sungen.\",\"breadcrumb\":{\"@id\":\"https:\\\/\\\/newvoiceinternational.com\\\/de\\\/telenetwork\\\/#breadcrumb\"},\"inLanguage\":\"de\",\"potentialAction\":[{\"@type\":\"ReadAction\",\"target\":[\"https:\\\/\\\/newvoiceinternational.com\\\/de\\\/telenetwork\\\/\"]}]},{\"@type\":\"ImageObject\",\"inLanguage\":\"de\",\"@id\":\"https:\\\/\\\/newvoiceinternational.com\\\/de\\\/telenetwork\\\/#primaryimage\",\"url\":\"https:\\\/\\\/newvoiceinternational.com\\\/wp-content\\\/uploads\\\/2025\\\/02\\\/tnw_Logo-C_1000.png\",\"contentUrl\":\"https:\\\/\\\/newvoiceinternational.com\\\/wp-content\\\/uploads\\\/2025\\\/02\\\/tnw_Logo-C_1000.png\"},{\"@type\":\"BreadcrumbList\",\"@id\":\"https:\\\/\\\/newvoiceinternational.com\\\/de\\\/telenetwork\\\/#breadcrumb\",\"itemListElement\":[{\"@type\":\"ListItem\",\"position\":1,\"name\":\"Home\",\"item\":\"https:\\\/\\\/newvoiceinternational.com\\\/de\\\/\"},{\"@type\":\"ListItem\",\"position\":2,\"name\":\"Telenetwork\"}]},{\"@type\":\"WebSite\",\"@id\":\"https:\\\/\\\/newvoiceinternational.com\\\/de\\\/#website\",\"url\":\"https:\\\/\\\/newvoiceinternational.com\\\/de\\\/\",\"name\":\"NewVoice International\",\"description\":\"\",\"publisher\":{\"@id\":\"https:\\\/\\\/newvoiceinternational.com\\\/de\\\/#organization\"},\"potentialAction\":[{\"@type\":\"SearchAction\",\"target\":{\"@type\":\"EntryPoint\",\"urlTemplate\":\"https:\\\/\\\/newvoiceinternational.com\\\/de\\\/?s={search_term_string}\"},\"query-input\":{\"@type\":\"PropertyValueSpecification\",\"valueRequired\":true,\"valueName\":\"search_term_string\"}}],\"inLanguage\":\"de\"},{\"@type\":\"Organization\",\"@id\":\"https:\\\/\\\/newvoiceinternational.com\\\/de\\\/#organization\",\"name\":\"NewVoice International\",\"url\":\"https:\\\/\\\/newvoiceinternational.com\\\/de\\\/\",\"logo\":{\"@type\":\"ImageObject\",\"inLanguage\":\"de\",\"@id\":\"https:\\\/\\\/newvoiceinternational.com\\\/de\\\/#\\\/schema\\\/logo\\\/image\\\/\",\"url\":\"https:\\\/\\\/newvoiceinternational.com\\\/wp-content\\\/uploads\\\/2022\\\/06\\\/NV_Logo_RGB.png\",\"contentUrl\":\"https:\\\/\\\/newvoiceinternational.com\\\/wp-content\\\/uploads\\\/2022\\\/06\\\/NV_Logo_RGB.png\",\"width\":1200,\"height\":315,\"caption\":\"NewVoice International\"},\"image\":{\"@id\":\"https:\\\/\\\/newvoiceinternational.com\\\/de\\\/#\\\/schema\\\/logo\\\/image\\\/\"}}]}<\/script>\n<!-- \/ Yoast SEO plugin. -->","yoast_head_json":{"title":"Telenetwork - NewVoice International","description":"Die telenetwork AG ist seit 1999 Spezialist f\u00fcr IT-, Telekommunikations- und Sicherheitsl\u00f6sungen.","robots":{"index":"index","follow":"follow","max-snippet":"max-snippet:-1","max-image-preview":"max-image-preview:large","max-video-preview":"max-video-preview:-1"},"canonical":"https:\/\/newvoiceinternational.com\/de\/telenetwork\/","og_locale":"de_DE","og_type":"article","og_title":"Telenetwork - NewVoice International","og_description":"Die telenetwork AG ist seit 1999 Spezialist f\u00fcr IT-, Telekommunikations- und Sicherheitsl\u00f6sungen.","og_url":"https:\/\/newvoiceinternational.com\/de\/telenetwork\/","og_site_name":"NewVoice International","article_modified_time":"2025-02-13T12:01:46+00:00","og_image":[{"width":1000,"height":401,"url":"https:\/\/newvoiceinternational.com\/wp-content\/uploads\/2025\/02\/tnw_Logo-C_1000.png","type":"image\/png"}],"twitter_card":"summary_large_image","twitter_misc":{"Gesch\u00e4tzte Lesezeit":"1\u00a0Minute"},"schema":{"@context":"https:\/\/schema.org","@graph":[{"@type":"WebPage","@id":"https:\/\/newvoiceinternational.com\/de\/telenetwork\/","url":"https:\/\/newvoiceinternational.com\/de\/telenetwork\/","name":"Telenetwork - NewVoice International","isPartOf":{"@id":"https:\/\/newvoiceinternational.com\/de\/#website"},"primaryImageOfPage":{"@id":"https:\/\/newvoiceinternational.com\/de\/telenetwork\/#primaryimage"},"image":{"@id":"https:\/\/newvoiceinternational.com\/de\/telenetwork\/#primaryimage"},"thumbnailUrl":"https:\/\/newvoiceinternational.com\/wp-content\/uploads\/2025\/02\/tnw_Logo-C_1000.png","datePublished":"2025-02-13T09:28:42+00:00","dateModified":"2025-02-13T12:01:46+00:00","description":"Die telenetwork AG ist seit 1999 Spezialist f\u00fcr IT-, Telekommunikations- und Sicherheitsl\u00f6sungen.","breadcrumb":{"@id":"https:\/\/newvoiceinternational.com\/de\/telenetwork\/#breadcrumb"},"inLanguage":"de","potentialAction":[{"@type":"ReadAction","target":["https:\/\/newvoiceinternational.com\/de\/telenetwork\/"]}]},{"@type":"ImageObject","inLanguage":"de","@id":"https:\/\/newvoiceinternational.com\/de\/telenetwork\/#primaryimage","url":"https:\/\/newvoiceinternational.com\/wp-content\/uploads\/2025\/02\/tnw_Logo-C_1000.png","contentUrl":"https:\/\/newvoiceinternational.com\/wp-content\/uploads\/2025\/02\/tnw_Logo-C_1000.png"},{"@type":"BreadcrumbList","@id":"https:\/\/newvoiceinternational.com\/de\/telenetwork\/#breadcrumb","itemListElement":[{"@type":"ListItem","position":1,"name":"Home","item":"https:\/\/newvoiceinternational.com\/de\/"},{"@type":"ListItem","position":2,"name":"Telenetwork"}]},{"@type":"WebSite","@id":"https:\/\/newvoiceinternational.com\/de\/#website","url":"https:\/\/newvoiceinternational.com\/de\/","name":"NewVoice International","description":"","publisher":{"@id":"https:\/\/newvoiceinternational.com\/de\/#organization"},"potentialAction":[{"@type":"SearchAction","target":{"@type":"EntryPoint","urlTemplate":"https:\/\/newvoiceinternational.com\/de\/?s={search_term_string}"},"query-input":{"@type":"PropertyValueSpecification","valueRequired":true,"valueName":"search_term_string"}}],"inLanguage":"de"},{"@type":"Organization","@id":"https:\/\/newvoiceinternational.com\/de\/#organization","name":"NewVoice International","url":"https:\/\/newvoiceinternational.com\/de\/","logo":{"@type":"ImageObject","inLanguage":"de","@id":"https:\/\/newvoiceinternational.com\/de\/#\/schema\/logo\/image\/","url":"https:\/\/newvoiceinternational.com\/wp-content\/uploads\/2022\/06\/NV_Logo_RGB.png","contentUrl":"https:\/\/newvoiceinternational.com\/wp-content\/uploads\/2022\/06\/NV_Logo_RGB.png","width":1200,"height":315,"caption":"NewVoice International"},"image":{"@id":"https:\/\/newvoiceinternational.com\/de\/#\/schema\/logo\/image\/"}}]}},"_links":{"self":[{"href":"https:\/\/newvoiceinternational.com\/de\/wp-json\/wp\/v2\/pages\/46474","targetHints":{"allow":["GET"]}}],"collection":[{"href":"https:\/\/newvoiceinternational.com\/de\/wp-json\/wp\/v2\/pages"}],"about":[{"href":"https:\/\/newvoiceinternational.com\/de\/wp-json\/wp\/v2\/types\/page"}],"author":[{"embeddable":true,"href":"https:\/\/newvoiceinternational.com\/de\/wp-json\/wp\/v2\/users\/5"}],"replies":[{"embeddable":true,"href":"https:\/\/newvoiceinternational.com\/de\/wp-json\/wp\/v2\/comments?post=46474"}],"version-history":[{"count":0,"href":"https:\/\/newvoiceinternational.com\/de\/wp-json\/wp\/v2\/pages\/46474\/revisions"}],"wp:attachment":[{"href":"https:\/\/newvoiceinternational.com\/de\/wp-json\/wp\/v2\/media?parent=46474"}],"curies":[{"name":"wp","href":"https:\/\/api.w.org\/{rel}","templated":true}]}}