{"id":41682,"date":"2024-09-20T09:10:43","date_gmt":"2024-09-20T08:10:43","guid":{"rendered":"https:\/\/newvoiceinternational.com\/spie\/"},"modified":"2024-09-20T09:12:41","modified_gmt":"2024-09-20T08:12:41","slug":"spie","status":"publish","type":"page","link":"https:\/\/newvoiceinternational.com\/de\/spie\/","title":{"rendered":"SPIE"},"content":{"rendered":"\t\t<div data-elementor-type=\"wp-page\" data-elementor-id=\"41682\" class=\"elementor elementor-41682 elementor-41672\" data-elementor-post-type=\"page\">\n\t\t\t\t\t\t<section class=\"elementor-section elementor-top-section elementor-element elementor-element-5bc9f71 elementor-section-boxed elementor-section-height-default elementor-section-height-default\" data-id=\"5bc9f71\" data-element_type=\"section\" data-e-type=\"section\">\n\t\t\t\t\t\t<div class=\"elementor-container elementor-column-gap-default\">\n\t\t\t\t\t<div class=\"elementor-column elementor-col-100 elementor-top-column elementor-element elementor-element-ff53dda\" data-id=\"ff53dda\" data-element_type=\"column\" data-e-type=\"column\">\n\t\t\t<div class=\"elementor-widget-wrap elementor-element-populated\">\n\t\t\t\t\t\t<div class=\"elementor-element elementor-element-42dae1a elementor-widget elementor-widget-image\" data-id=\"42dae1a\" data-element_type=\"widget\" data-e-type=\"widget\" data-widget_type=\"image.default\">\n\t\t\t\t<div class=\"elementor-widget-container\">\n\t\t\t\t\t\t\t\t\t\t\t\t\t\t\t<img fetchpriority=\"high\" decoding=\"async\" width=\"580\" height=\"282\" src=\"https:\/\/newvoiceinternational.com\/wp-content\/uploads\/2024\/09\/SPIE_pantone_blue-1024x497.png\" class=\"attachment-large size-large wp-image-41668\" alt=\"\" srcset=\"https:\/\/newvoiceinternational.com\/wp-content\/uploads\/2024\/09\/SPIE_pantone_blue-1024x497.png 1024w, https:\/\/newvoiceinternational.com\/wp-content\/uploads\/2024\/09\/SPIE_pantone_blue-300x146.png 300w, https:\/\/newvoiceinternational.com\/wp-content\/uploads\/2024\/09\/SPIE_pantone_blue-768x373.png 768w, https:\/\/newvoiceinternational.com\/wp-content\/uploads\/2024\/09\/SPIE_pantone_blue-1536x746.png 1536w, https:\/\/newvoiceinternational.com\/wp-content\/uploads\/2024\/09\/SPIE_pantone_blue-2048x995.png 2048w, https:\/\/newvoiceinternational.com\/wp-content\/uploads\/2024\/09\/SPIE_pantone_blue-1200x583.png 1200w, https:\/\/newvoiceinternational.com\/wp-content\/uploads\/2024\/09\/SPIE_pantone_blue-1980x961.png 1980w\" sizes=\"(max-width: 580px) 100vw, 580px\" \/>\t\t\t\t\t\t\t\t\t\t\t\t\t\t\t<\/div>\n\t\t\t\t<\/div>\n\t\t\t\t\t<\/div>\n\t\t<\/div>\n\t\t\t\t\t<\/div>\n\t\t<\/section>\n\t\t\t\t<section class=\"elementor-section elementor-top-section elementor-element elementor-element-a21aa31 elementor-section-boxed elementor-section-height-default elementor-section-height-default\" data-id=\"a21aa31\" data-element_type=\"section\" data-e-type=\"section\">\n\t\t\t\t\t\t<div class=\"elementor-container elementor-column-gap-default\">\n\t\t\t\t\t<div class=\"elementor-column elementor-col-100 elementor-top-column elementor-element elementor-element-2c87fb4\" data-id=\"2c87fb4\" data-element_type=\"column\" data-e-type=\"column\">\n\t\t\t<div class=\"elementor-widget-wrap elementor-element-populated\">\n\t\t\t\t\t\t<div class=\"elementor-element elementor-element-8891382 elementor-widget elementor-widget-text-editor\" data-id=\"8891382\" data-element_type=\"widget\" data-e-type=\"widget\" data-widget_type=\"text-editor.default\">\n\t\t\t\t<div class=\"elementor-widget-container\">\n\t\t\t\t\t\t\t\t\t<p>SPIE ICS treibt eine verantwortungsvolle digitale Transformation voran. Cybersicherheit, Konnektivit\u00e4t, Digital Workplace \u2013 wir begleiten Sie auf allen Ebenen. Maximieren Sie Ihr Potenzial mit unserem umfassenden Know-how. SPIE ICS z\u00e4hlt zu den f\u00fchrenden Anbietern von ICT-Dienstleistungen und -L\u00f6sungen in der Schweiz. Wir bieten branchen\u00fcbergreifende Gesch\u00e4ftsprozesse und Anwendungen sowie IT-Beratung, Integrations- und Wartungsdienste an.<\/p>\n\t\t\t\t\t\t\t\t<\/div>\n\t\t\t\t<\/div>\n\t\t\t\t\t<\/div>\n\t\t<\/div>\n\t\t\t\t\t<\/div>\n\t\t<\/section>\n\t\t\t\t<\/div>\n\t\t","protected":false},"excerpt":{"rendered":"<p>SPIE ICS treibt eine verantwortungsvolle digitale Transformation voran. Cybersicherheit, Konnektivit\u00e4t, Digital Workplace \u2013 wir begleiten Sie auf allen Ebenen. Maximieren Sie Ihr Potenzial mit unserem umfassenden Know-how. SPIE ICS z\u00e4hlt zu den f\u00fchrenden Anbietern von ICT-Dienstleistungen und -L\u00f6sungen in der Schweiz. Wir bieten branchen\u00fcbergreifende Gesch\u00e4ftsprozesse und Anwendungen sowie IT-Beratung, Integrations- und Wartungsdienste an.<\/p>\n","protected":false},"author":5,"featured_media":0,"parent":0,"menu_order":0,"comment_status":"closed","ping_status":"closed","template":"elementor_header_footer","meta":{"_eb_attr":"","inline_featured_image":false,"footnotes":""},"class_list":["post-41682","page","type-page","status-publish","hentry"],"acf":[],"yoast_head":"<!-- This site is optimized with the Yoast SEO plugin v27.4 - https:\/\/yoast.com\/product\/yoast-seo-wordpress\/ -->\n<title>SPIE - NewVoice International<\/title>\n<meta name=\"robots\" content=\"index, follow, max-snippet:-1, max-image-preview:large, max-video-preview:-1\" \/>\n<link rel=\"canonical\" href=\"https:\/\/newvoiceinternational.com\/de\/spie\/\" \/>\n<meta property=\"og:locale\" content=\"de_DE\" \/>\n<meta property=\"og:type\" content=\"article\" \/>\n<meta property=\"og:title\" content=\"SPIE - NewVoice International\" \/>\n<meta property=\"og:description\" content=\"SPIE ICS treibt eine verantwortungsvolle digitale Transformation voran. Cybersicherheit, Konnektivit\u00e4t, Digital Workplace \u2013 wir begleiten Sie auf allen Ebenen. Maximieren Sie Ihr Potenzial mit unserem umfassenden Know-how. SPIE ICS z\u00e4hlt zu den f\u00fchrenden Anbietern von ICT-Dienstleistungen und -L\u00f6sungen in der Schweiz. Wir bieten branchen\u00fcbergreifende Gesch\u00e4ftsprozesse und Anwendungen sowie IT-Beratung, Integrations- und Wartungsdienste an.\" \/>\n<meta property=\"og:url\" content=\"https:\/\/newvoiceinternational.com\/de\/spie\/\" \/>\n<meta property=\"og:site_name\" content=\"NewVoice International\" \/>\n<meta property=\"article:modified_time\" content=\"2024-09-20T08:12:41+00:00\" \/>\n<meta property=\"og:image\" content=\"https:\/\/newvoiceinternational.com\/wp-content\/uploads\/2024\/09\/SPIE_pantone_blue-1024x497.png\" \/>\n<meta name=\"twitter:card\" content=\"summary_large_image\" \/>\n<script type=\"application\/ld+json\" class=\"yoast-schema-graph\">{\"@context\":\"https:\\\/\\\/schema.org\",\"@graph\":[{\"@type\":\"WebPage\",\"@id\":\"https:\\\/\\\/newvoiceinternational.com\\\/de\\\/spie\\\/\",\"url\":\"https:\\\/\\\/newvoiceinternational.com\\\/de\\\/spie\\\/\",\"name\":\"SPIE - NewVoice International\",\"isPartOf\":{\"@id\":\"https:\\\/\\\/newvoiceinternational.com\\\/de\\\/#website\"},\"primaryImageOfPage\":{\"@id\":\"https:\\\/\\\/newvoiceinternational.com\\\/de\\\/spie\\\/#primaryimage\"},\"image\":{\"@id\":\"https:\\\/\\\/newvoiceinternational.com\\\/de\\\/spie\\\/#primaryimage\"},\"thumbnailUrl\":\"https:\\\/\\\/newvoiceinternational.com\\\/wp-content\\\/uploads\\\/2024\\\/09\\\/SPIE_pantone_blue-1024x497.png\",\"datePublished\":\"2024-09-20T08:10:43+00:00\",\"dateModified\":\"2024-09-20T08:12:41+00:00\",\"breadcrumb\":{\"@id\":\"https:\\\/\\\/newvoiceinternational.com\\\/de\\\/spie\\\/#breadcrumb\"},\"inLanguage\":\"de\",\"potentialAction\":[{\"@type\":\"ReadAction\",\"target\":[\"https:\\\/\\\/newvoiceinternational.com\\\/de\\\/spie\\\/\"]}]},{\"@type\":\"ImageObject\",\"inLanguage\":\"de\",\"@id\":\"https:\\\/\\\/newvoiceinternational.com\\\/de\\\/spie\\\/#primaryimage\",\"url\":\"https:\\\/\\\/newvoiceinternational.com\\\/wp-content\\\/uploads\\\/2024\\\/09\\\/SPIE_pantone_blue-1024x497.png\",\"contentUrl\":\"https:\\\/\\\/newvoiceinternational.com\\\/wp-content\\\/uploads\\\/2024\\\/09\\\/SPIE_pantone_blue-1024x497.png\"},{\"@type\":\"BreadcrumbList\",\"@id\":\"https:\\\/\\\/newvoiceinternational.com\\\/de\\\/spie\\\/#breadcrumb\",\"itemListElement\":[{\"@type\":\"ListItem\",\"position\":1,\"name\":\"Home\",\"item\":\"https:\\\/\\\/newvoiceinternational.com\\\/de\\\/\"},{\"@type\":\"ListItem\",\"position\":2,\"name\":\"SPIE\"}]},{\"@type\":\"WebSite\",\"@id\":\"https:\\\/\\\/newvoiceinternational.com\\\/de\\\/#website\",\"url\":\"https:\\\/\\\/newvoiceinternational.com\\\/de\\\/\",\"name\":\"NewVoice International\",\"description\":\"\",\"publisher\":{\"@id\":\"https:\\\/\\\/newvoiceinternational.com\\\/de\\\/#organization\"},\"potentialAction\":[{\"@type\":\"SearchAction\",\"target\":{\"@type\":\"EntryPoint\",\"urlTemplate\":\"https:\\\/\\\/newvoiceinternational.com\\\/de\\\/?s={search_term_string}\"},\"query-input\":{\"@type\":\"PropertyValueSpecification\",\"valueRequired\":true,\"valueName\":\"search_term_string\"}}],\"inLanguage\":\"de\"},{\"@type\":\"Organization\",\"@id\":\"https:\\\/\\\/newvoiceinternational.com\\\/de\\\/#organization\",\"name\":\"NewVoice International\",\"url\":\"https:\\\/\\\/newvoiceinternational.com\\\/de\\\/\",\"logo\":{\"@type\":\"ImageObject\",\"inLanguage\":\"de\",\"@id\":\"https:\\\/\\\/newvoiceinternational.com\\\/de\\\/#\\\/schema\\\/logo\\\/image\\\/\",\"url\":\"https:\\\/\\\/newvoiceinternational.com\\\/wp-content\\\/uploads\\\/2022\\\/06\\\/NV_Logo_RGB.png\",\"contentUrl\":\"https:\\\/\\\/newvoiceinternational.com\\\/wp-content\\\/uploads\\\/2022\\\/06\\\/NV_Logo_RGB.png\",\"width\":1200,\"height\":315,\"caption\":\"NewVoice International\"},\"image\":{\"@id\":\"https:\\\/\\\/newvoiceinternational.com\\\/de\\\/#\\\/schema\\\/logo\\\/image\\\/\"}}]}<\/script>\n<!-- \/ Yoast SEO plugin. -->","yoast_head_json":{"title":"SPIE - NewVoice International","robots":{"index":"index","follow":"follow","max-snippet":"max-snippet:-1","max-image-preview":"max-image-preview:large","max-video-preview":"max-video-preview:-1"},"canonical":"https:\/\/newvoiceinternational.com\/de\/spie\/","og_locale":"de_DE","og_type":"article","og_title":"SPIE - NewVoice International","og_description":"SPIE ICS treibt eine verantwortungsvolle digitale Transformation voran. Cybersicherheit, Konnektivit\u00e4t, Digital Workplace \u2013 wir begleiten Sie auf allen Ebenen. Maximieren Sie Ihr Potenzial mit unserem umfassenden Know-how. SPIE ICS z\u00e4hlt zu den f\u00fchrenden Anbietern von ICT-Dienstleistungen und -L\u00f6sungen in der Schweiz. Wir bieten branchen\u00fcbergreifende Gesch\u00e4ftsprozesse und Anwendungen sowie IT-Beratung, Integrations- und Wartungsdienste an.","og_url":"https:\/\/newvoiceinternational.com\/de\/spie\/","og_site_name":"NewVoice International","article_modified_time":"2024-09-20T08:12:41+00:00","og_image":[{"url":"https:\/\/newvoiceinternational.com\/wp-content\/uploads\/2024\/09\/SPIE_pantone_blue-1024x497.png","type":"","width":"","height":""}],"twitter_card":"summary_large_image","schema":{"@context":"https:\/\/schema.org","@graph":[{"@type":"WebPage","@id":"https:\/\/newvoiceinternational.com\/de\/spie\/","url":"https:\/\/newvoiceinternational.com\/de\/spie\/","name":"SPIE - NewVoice International","isPartOf":{"@id":"https:\/\/newvoiceinternational.com\/de\/#website"},"primaryImageOfPage":{"@id":"https:\/\/newvoiceinternational.com\/de\/spie\/#primaryimage"},"image":{"@id":"https:\/\/newvoiceinternational.com\/de\/spie\/#primaryimage"},"thumbnailUrl":"https:\/\/newvoiceinternational.com\/wp-content\/uploads\/2024\/09\/SPIE_pantone_blue-1024x497.png","datePublished":"2024-09-20T08:10:43+00:00","dateModified":"2024-09-20T08:12:41+00:00","breadcrumb":{"@id":"https:\/\/newvoiceinternational.com\/de\/spie\/#breadcrumb"},"inLanguage":"de","potentialAction":[{"@type":"ReadAction","target":["https:\/\/newvoiceinternational.com\/de\/spie\/"]}]},{"@type":"ImageObject","inLanguage":"de","@id":"https:\/\/newvoiceinternational.com\/de\/spie\/#primaryimage","url":"https:\/\/newvoiceinternational.com\/wp-content\/uploads\/2024\/09\/SPIE_pantone_blue-1024x497.png","contentUrl":"https:\/\/newvoiceinternational.com\/wp-content\/uploads\/2024\/09\/SPIE_pantone_blue-1024x497.png"},{"@type":"BreadcrumbList","@id":"https:\/\/newvoiceinternational.com\/de\/spie\/#breadcrumb","itemListElement":[{"@type":"ListItem","position":1,"name":"Home","item":"https:\/\/newvoiceinternational.com\/de\/"},{"@type":"ListItem","position":2,"name":"SPIE"}]},{"@type":"WebSite","@id":"https:\/\/newvoiceinternational.com\/de\/#website","url":"https:\/\/newvoiceinternational.com\/de\/","name":"NewVoice International","description":"","publisher":{"@id":"https:\/\/newvoiceinternational.com\/de\/#organization"},"potentialAction":[{"@type":"SearchAction","target":{"@type":"EntryPoint","urlTemplate":"https:\/\/newvoiceinternational.com\/de\/?s={search_term_string}"},"query-input":{"@type":"PropertyValueSpecification","valueRequired":true,"valueName":"search_term_string"}}],"inLanguage":"de"},{"@type":"Organization","@id":"https:\/\/newvoiceinternational.com\/de\/#organization","name":"NewVoice International","url":"https:\/\/newvoiceinternational.com\/de\/","logo":{"@type":"ImageObject","inLanguage":"de","@id":"https:\/\/newvoiceinternational.com\/de\/#\/schema\/logo\/image\/","url":"https:\/\/newvoiceinternational.com\/wp-content\/uploads\/2022\/06\/NV_Logo_RGB.png","contentUrl":"https:\/\/newvoiceinternational.com\/wp-content\/uploads\/2022\/06\/NV_Logo_RGB.png","width":1200,"height":315,"caption":"NewVoice International"},"image":{"@id":"https:\/\/newvoiceinternational.com\/de\/#\/schema\/logo\/image\/"}}]}},"_links":{"self":[{"href":"https:\/\/newvoiceinternational.com\/de\/wp-json\/wp\/v2\/pages\/41682","targetHints":{"allow":["GET"]}}],"collection":[{"href":"https:\/\/newvoiceinternational.com\/de\/wp-json\/wp\/v2\/pages"}],"about":[{"href":"https:\/\/newvoiceinternational.com\/de\/wp-json\/wp\/v2\/types\/page"}],"author":[{"embeddable":true,"href":"https:\/\/newvoiceinternational.com\/de\/wp-json\/wp\/v2\/users\/5"}],"replies":[{"embeddable":true,"href":"https:\/\/newvoiceinternational.com\/de\/wp-json\/wp\/v2\/comments?post=41682"}],"version-history":[{"count":0,"href":"https:\/\/newvoiceinternational.com\/de\/wp-json\/wp\/v2\/pages\/41682\/revisions"}],"wp:attachment":[{"href":"https:\/\/newvoiceinternational.com\/de\/wp-json\/wp\/v2\/media?parent=41682"}],"curies":[{"name":"wp","href":"https:\/\/api.w.org\/{rel}","templated":true}]}}