{"id":40220,"date":"2024-07-09T13:53:37","date_gmt":"2024-07-09T12:53:37","guid":{"rendered":"https:\/\/newvoiceinternational.com\/skc\/"},"modified":"2025-09-11T07:35:31","modified_gmt":"2025-09-11T06:35:31","slug":"skc","status":"publish","type":"page","link":"https:\/\/newvoiceinternational.com\/de\/skc\/","title":{"rendered":"SKC"},"content":{"rendered":"\t\t<div data-elementor-type=\"wp-page\" data-elementor-id=\"40220\" class=\"elementor elementor-40220 elementor-40203\" data-elementor-post-type=\"page\">\n\t\t\t\t\t\t<section class=\"elementor-section elementor-top-section elementor-element elementor-element-e7502fe elementor-section-boxed elementor-section-height-default elementor-section-height-default\" data-id=\"e7502fe\" data-element_type=\"section\" data-e-type=\"section\">\n\t\t\t\t\t\t<div class=\"elementor-container elementor-column-gap-default\">\n\t\t\t\t\t<div class=\"elementor-column elementor-col-100 elementor-top-column elementor-element elementor-element-04af383\" data-id=\"04af383\" data-element_type=\"column\" data-e-type=\"column\">\n\t\t\t<div class=\"elementor-widget-wrap elementor-element-populated\">\n\t\t\t\t\t\t<div class=\"elementor-element elementor-element-b7e1b3e elementor-widget elementor-widget-image\" data-id=\"b7e1b3e\" data-element_type=\"widget\" data-e-type=\"widget\" data-widget_type=\"image.default\">\n\t\t\t\t<div class=\"elementor-widget-container\">\n\t\t\t\t\t\t\t\t\t\t\t\t\t\t\t\t<a href=\"https:\/\/skc-gmbh.de\/%20\">\n\t\t\t\t\t\t\t<img decoding=\"async\" width=\"220\" height=\"58\" src=\"https:\/\/newvoiceinternational.com\/wp-content\/uploads\/2024\/07\/SKC-Logo-1.png\" class=\"attachment-full size-full wp-image-40212\" alt=\"\" \/>\t\t\t\t\t\t\t\t<\/a>\n\t\t\t\t\t\t\t\t\t\t\t\t\t\t\t<\/div>\n\t\t\t\t<\/div>\n\t\t\t\t\t<\/div>\n\t\t<\/div>\n\t\t\t\t\t<\/div>\n\t\t<\/section>\n\t\t\t\t<section class=\"elementor-section elementor-top-section elementor-element elementor-element-cfdd1dd elementor-section-boxed elementor-section-height-default elementor-section-height-default\" data-id=\"cfdd1dd\" data-element_type=\"section\" data-e-type=\"section\">\n\t\t\t\t\t\t<div class=\"elementor-container elementor-column-gap-default\">\n\t\t\t\t\t<div class=\"elementor-column elementor-col-100 elementor-top-column elementor-element elementor-element-f82a605\" data-id=\"f82a605\" data-element_type=\"column\" data-e-type=\"column\">\n\t\t\t<div class=\"elementor-widget-wrap elementor-element-populated\">\n\t\t\t\t\t\t<div class=\"elementor-element elementor-element-875297b elementor-widget elementor-widget-text-editor\" data-id=\"875297b\" data-element_type=\"widget\" data-e-type=\"widget\" data-widget_type=\"text-editor.default\">\n\t\t\t\t<div class=\"elementor-widget-container\">\n\t\t\t\t\t\t\t\t\t<p>Mit mehr als 35 Jahren Erfahrung im Bereich Business-Kommunikationsl\u00f6sungen und Netzwerkinfrastruktur sind wir \u2013 die SKC Seiler &amp; Klimpel Communication GmbH \u2013 schon seit vielen Jahren kompetenter Partner vieler Unternehmen. Wir sind zertifizierte Businesspartner namhafter Hersteller und betreuen \u00fcber 700 Telekommunikationssysteme. Unsere kontinuierliche Weiterentwicklung und Mitarbeiterzertifizierungen gew\u00e4hrleisten, dass wir Ihren Anforderungen gerecht werden. Wir sind Mitglied im VAF Verband und regelm\u00e4\u00dfig von Creditreform zertifiziert.<\/p><p>Unser Fokus liegt nicht nur auf Technik, sondern auch auf pers\u00f6nlicher Kommunikation und langfristigen Kundenbeziehungen. Wir bieten individuelle Kommunikationsl\u00f6sungen und freundlichen Service f\u00fcr mittelst\u00e4ndische und gro\u00dfe Unternehmen.<\/p><p>Unsere Leistungen umfassen Beratung, Planung und Umsetzung von IT-Infrastruktur und Business-Telefonie, flexible Mietmodelle f\u00fcr Telefonanlagen, <a href=\"https:\/\/skc-gmbh.de\/loesung\/cloud-telefonie\/\">Cloud-Telefonie<\/a>, <a href=\"https:\/\/skc-gmbh.de\/loesung\/alarmserver\/\">Alarmserver<\/a>, <a href=\"https:\/\/skc-gmbh.de\/loesung\/netzwerkloesungen\/\">Netzwerkl\u00f6sungen<\/a>, mobile Sicherheit f\u00fcr Smartphones und Support mit kurzen Reaktionszeiten.<\/p><p>Wir bieten Full Service f\u00fcr alle TK-Systeme und Endger\u00e4te, einschlie\u00dflich Installation und Programmierung per Fernwartung ohne Fahrtkosten. Unsere Service-Techniker sind kompetent und flexibel, auch au\u00dferhalb der \u00fcblichen Gesch\u00e4ftszeiten.<\/p><p>Wir sind Ihr verl\u00e4sslicher Partner f\u00fcr Telefonie mit erstklassigem Service. Ihre Zufriedenheit steht bei uns an erster Stelle, und wir halten unsere Versprechen termingerecht und verantwortungsbewusst. Wir sind rund um die Uhr erreichbar, um Ihnen maximale Erreichbarkeit und schnelle Reaktionszeiten zu garantieren.<\/p><p>Link:<strong><span style=\"color: #4471c3;\"><a style=\"color: #4471c3;\" href=\"https:\/\/skc-gmbh.de\/\"> https:\/\/skc-gmbh.de\/<\/a><\/span><\/strong><\/p>\t\t\t\t\t\t\t\t<\/div>\n\t\t\t\t<\/div>\n\t\t\t\t\t<\/div>\n\t\t<\/div>\n\t\t\t\t\t<\/div>\n\t\t<\/section>\n\t\t\t\t<\/div>\n\t\t","protected":false},"excerpt":{"rendered":"<p>Mit mehr als 35 Jahren Erfahrung im Bereich Business-Kommunikationsl\u00f6sungen und Netzwerkinfrastruktur sind wir \u2013 die SKC Seiler &amp; Klimpel Communication GmbH \u2013 schon seit vielen Jahren kompetenter Partner vieler Unternehmen. Wir sind zertifizierte Businesspartner namhafter Hersteller und betreuen \u00fcber 700 Telekommunikationssysteme. Unsere kontinuierliche Weiterentwicklung und Mitarbeiterzertifizierungen gew\u00e4hrleisten, dass wir Ihren Anforderungen gerecht werden. Wir sind [&hellip;]<\/p>\n","protected":false},"author":5,"featured_media":0,"parent":0,"menu_order":0,"comment_status":"closed","ping_status":"closed","template":"elementor_header_footer","meta":{"_eb_attr":"","inline_featured_image":false,"footnotes":""},"class_list":["post-40220","page","type-page","status-publish","hentry"],"acf":[],"yoast_head":"<!-- This site is optimized with the Yoast SEO plugin v27.4 - https:\/\/yoast.com\/product\/yoast-seo-wordpress\/ -->\n<title>SKC - NewVoice International<\/title>\n<meta name=\"robots\" content=\"index, follow, max-snippet:-1, max-image-preview:large, max-video-preview:-1\" \/>\n<link rel=\"canonical\" href=\"https:\/\/newvoiceinternational.com\/de\/skc\/\" \/>\n<meta property=\"og:locale\" content=\"de_DE\" \/>\n<meta property=\"og:type\" content=\"article\" \/>\n<meta property=\"og:title\" content=\"SKC - NewVoice International\" \/>\n<meta property=\"og:description\" content=\"Mit mehr als 35 Jahren Erfahrung im Bereich Business-Kommunikationsl\u00f6sungen und Netzwerkinfrastruktur sind wir \u2013 die SKC Seiler &amp; Klimpel Communication GmbH \u2013 schon seit vielen Jahren kompetenter Partner vieler Unternehmen. Wir sind zertifizierte Businesspartner namhafter Hersteller und betreuen \u00fcber 700 Telekommunikationssysteme. Unsere kontinuierliche Weiterentwicklung und Mitarbeiterzertifizierungen gew\u00e4hrleisten, dass wir Ihren Anforderungen gerecht werden. Wir sind [&hellip;]\" \/>\n<meta property=\"og:url\" content=\"https:\/\/newvoiceinternational.com\/de\/skc\/\" \/>\n<meta property=\"og:site_name\" content=\"NewVoice International\" \/>\n<meta property=\"article:modified_time\" content=\"2025-09-11T06:35:31+00:00\" \/>\n<meta property=\"og:image\" content=\"https:\/\/newvoiceinternational.com\/wp-content\/uploads\/2024\/07\/SKC-Logo-1.png\" \/>\n\t<meta property=\"og:image:width\" content=\"220\" \/>\n\t<meta property=\"og:image:height\" content=\"58\" \/>\n\t<meta property=\"og:image:type\" content=\"image\/png\" \/>\n<meta name=\"twitter:card\" content=\"summary_large_image\" \/>\n<meta name=\"twitter:label1\" content=\"Gesch\u00e4tzte Lesezeit\" \/>\n\t<meta name=\"twitter:data1\" content=\"2\u00a0Minuten\" \/>\n<script type=\"application\/ld+json\" class=\"yoast-schema-graph\">{\"@context\":\"https:\\\/\\\/schema.org\",\"@graph\":[{\"@type\":\"WebPage\",\"@id\":\"https:\\\/\\\/newvoiceinternational.com\\\/de\\\/skc\\\/\",\"url\":\"https:\\\/\\\/newvoiceinternational.com\\\/de\\\/skc\\\/\",\"name\":\"SKC - NewVoice International\",\"isPartOf\":{\"@id\":\"https:\\\/\\\/newvoiceinternational.com\\\/de\\\/#website\"},\"primaryImageOfPage\":{\"@id\":\"https:\\\/\\\/newvoiceinternational.com\\\/de\\\/skc\\\/#primaryimage\"},\"image\":{\"@id\":\"https:\\\/\\\/newvoiceinternational.com\\\/de\\\/skc\\\/#primaryimage\"},\"thumbnailUrl\":\"https:\\\/\\\/newvoiceinternational.com\\\/wp-content\\\/uploads\\\/2024\\\/07\\\/SKC-Logo-1.png\",\"datePublished\":\"2024-07-09T12:53:37+00:00\",\"dateModified\":\"2025-09-11T06:35:31+00:00\",\"breadcrumb\":{\"@id\":\"https:\\\/\\\/newvoiceinternational.com\\\/de\\\/skc\\\/#breadcrumb\"},\"inLanguage\":\"de\",\"potentialAction\":[{\"@type\":\"ReadAction\",\"target\":[\"https:\\\/\\\/newvoiceinternational.com\\\/de\\\/skc\\\/\"]}]},{\"@type\":\"ImageObject\",\"inLanguage\":\"de\",\"@id\":\"https:\\\/\\\/newvoiceinternational.com\\\/de\\\/skc\\\/#primaryimage\",\"url\":\"https:\\\/\\\/newvoiceinternational.com\\\/wp-content\\\/uploads\\\/2024\\\/07\\\/SKC-Logo-1.png\",\"contentUrl\":\"https:\\\/\\\/newvoiceinternational.com\\\/wp-content\\\/uploads\\\/2024\\\/07\\\/SKC-Logo-1.png\"},{\"@type\":\"BreadcrumbList\",\"@id\":\"https:\\\/\\\/newvoiceinternational.com\\\/de\\\/skc\\\/#breadcrumb\",\"itemListElement\":[{\"@type\":\"ListItem\",\"position\":1,\"name\":\"Home\",\"item\":\"https:\\\/\\\/newvoiceinternational.com\\\/de\\\/\"},{\"@type\":\"ListItem\",\"position\":2,\"name\":\"SKC\"}]},{\"@type\":\"WebSite\",\"@id\":\"https:\\\/\\\/newvoiceinternational.com\\\/de\\\/#website\",\"url\":\"https:\\\/\\\/newvoiceinternational.com\\\/de\\\/\",\"name\":\"NewVoice International\",\"description\":\"\",\"publisher\":{\"@id\":\"https:\\\/\\\/newvoiceinternational.com\\\/de\\\/#organization\"},\"potentialAction\":[{\"@type\":\"SearchAction\",\"target\":{\"@type\":\"EntryPoint\",\"urlTemplate\":\"https:\\\/\\\/newvoiceinternational.com\\\/de\\\/?s={search_term_string}\"},\"query-input\":{\"@type\":\"PropertyValueSpecification\",\"valueRequired\":true,\"valueName\":\"search_term_string\"}}],\"inLanguage\":\"de\"},{\"@type\":\"Organization\",\"@id\":\"https:\\\/\\\/newvoiceinternational.com\\\/de\\\/#organization\",\"name\":\"NewVoice International\",\"url\":\"https:\\\/\\\/newvoiceinternational.com\\\/de\\\/\",\"logo\":{\"@type\":\"ImageObject\",\"inLanguage\":\"de\",\"@id\":\"https:\\\/\\\/newvoiceinternational.com\\\/de\\\/#\\\/schema\\\/logo\\\/image\\\/\",\"url\":\"https:\\\/\\\/newvoiceinternational.com\\\/wp-content\\\/uploads\\\/2022\\\/06\\\/NV_Logo_RGB.png\",\"contentUrl\":\"https:\\\/\\\/newvoiceinternational.com\\\/wp-content\\\/uploads\\\/2022\\\/06\\\/NV_Logo_RGB.png\",\"width\":1200,\"height\":315,\"caption\":\"NewVoice International\"},\"image\":{\"@id\":\"https:\\\/\\\/newvoiceinternational.com\\\/de\\\/#\\\/schema\\\/logo\\\/image\\\/\"}}]}<\/script>\n<!-- \/ Yoast SEO plugin. -->","yoast_head_json":{"title":"SKC - NewVoice International","robots":{"index":"index","follow":"follow","max-snippet":"max-snippet:-1","max-image-preview":"max-image-preview:large","max-video-preview":"max-video-preview:-1"},"canonical":"https:\/\/newvoiceinternational.com\/de\/skc\/","og_locale":"de_DE","og_type":"article","og_title":"SKC - NewVoice International","og_description":"Mit mehr als 35 Jahren Erfahrung im Bereich Business-Kommunikationsl\u00f6sungen und Netzwerkinfrastruktur sind wir \u2013 die SKC Seiler &amp; Klimpel Communication GmbH \u2013 schon seit vielen Jahren kompetenter Partner vieler Unternehmen. Wir sind zertifizierte Businesspartner namhafter Hersteller und betreuen \u00fcber 700 Telekommunikationssysteme. Unsere kontinuierliche Weiterentwicklung und Mitarbeiterzertifizierungen gew\u00e4hrleisten, dass wir Ihren Anforderungen gerecht werden. Wir sind [&hellip;]","og_url":"https:\/\/newvoiceinternational.com\/de\/skc\/","og_site_name":"NewVoice International","article_modified_time":"2025-09-11T06:35:31+00:00","og_image":[{"width":220,"height":58,"url":"https:\/\/newvoiceinternational.com\/wp-content\/uploads\/2024\/07\/SKC-Logo-1.png","type":"image\/png"}],"twitter_card":"summary_large_image","twitter_misc":{"Gesch\u00e4tzte Lesezeit":"2\u00a0Minuten"},"schema":{"@context":"https:\/\/schema.org","@graph":[{"@type":"WebPage","@id":"https:\/\/newvoiceinternational.com\/de\/skc\/","url":"https:\/\/newvoiceinternational.com\/de\/skc\/","name":"SKC - NewVoice International","isPartOf":{"@id":"https:\/\/newvoiceinternational.com\/de\/#website"},"primaryImageOfPage":{"@id":"https:\/\/newvoiceinternational.com\/de\/skc\/#primaryimage"},"image":{"@id":"https:\/\/newvoiceinternational.com\/de\/skc\/#primaryimage"},"thumbnailUrl":"https:\/\/newvoiceinternational.com\/wp-content\/uploads\/2024\/07\/SKC-Logo-1.png","datePublished":"2024-07-09T12:53:37+00:00","dateModified":"2025-09-11T06:35:31+00:00","breadcrumb":{"@id":"https:\/\/newvoiceinternational.com\/de\/skc\/#breadcrumb"},"inLanguage":"de","potentialAction":[{"@type":"ReadAction","target":["https:\/\/newvoiceinternational.com\/de\/skc\/"]}]},{"@type":"ImageObject","inLanguage":"de","@id":"https:\/\/newvoiceinternational.com\/de\/skc\/#primaryimage","url":"https:\/\/newvoiceinternational.com\/wp-content\/uploads\/2024\/07\/SKC-Logo-1.png","contentUrl":"https:\/\/newvoiceinternational.com\/wp-content\/uploads\/2024\/07\/SKC-Logo-1.png"},{"@type":"BreadcrumbList","@id":"https:\/\/newvoiceinternational.com\/de\/skc\/#breadcrumb","itemListElement":[{"@type":"ListItem","position":1,"name":"Home","item":"https:\/\/newvoiceinternational.com\/de\/"},{"@type":"ListItem","position":2,"name":"SKC"}]},{"@type":"WebSite","@id":"https:\/\/newvoiceinternational.com\/de\/#website","url":"https:\/\/newvoiceinternational.com\/de\/","name":"NewVoice International","description":"","publisher":{"@id":"https:\/\/newvoiceinternational.com\/de\/#organization"},"potentialAction":[{"@type":"SearchAction","target":{"@type":"EntryPoint","urlTemplate":"https:\/\/newvoiceinternational.com\/de\/?s={search_term_string}"},"query-input":{"@type":"PropertyValueSpecification","valueRequired":true,"valueName":"search_term_string"}}],"inLanguage":"de"},{"@type":"Organization","@id":"https:\/\/newvoiceinternational.com\/de\/#organization","name":"NewVoice International","url":"https:\/\/newvoiceinternational.com\/de\/","logo":{"@type":"ImageObject","inLanguage":"de","@id":"https:\/\/newvoiceinternational.com\/de\/#\/schema\/logo\/image\/","url":"https:\/\/newvoiceinternational.com\/wp-content\/uploads\/2022\/06\/NV_Logo_RGB.png","contentUrl":"https:\/\/newvoiceinternational.com\/wp-content\/uploads\/2022\/06\/NV_Logo_RGB.png","width":1200,"height":315,"caption":"NewVoice International"},"image":{"@id":"https:\/\/newvoiceinternational.com\/de\/#\/schema\/logo\/image\/"}}]}},"_links":{"self":[{"href":"https:\/\/newvoiceinternational.com\/de\/wp-json\/wp\/v2\/pages\/40220","targetHints":{"allow":["GET"]}}],"collection":[{"href":"https:\/\/newvoiceinternational.com\/de\/wp-json\/wp\/v2\/pages"}],"about":[{"href":"https:\/\/newvoiceinternational.com\/de\/wp-json\/wp\/v2\/types\/page"}],"author":[{"embeddable":true,"href":"https:\/\/newvoiceinternational.com\/de\/wp-json\/wp\/v2\/users\/5"}],"replies":[{"embeddable":true,"href":"https:\/\/newvoiceinternational.com\/de\/wp-json\/wp\/v2\/comments?post=40220"}],"version-history":[{"count":0,"href":"https:\/\/newvoiceinternational.com\/de\/wp-json\/wp\/v2\/pages\/40220\/revisions"}],"wp:attachment":[{"href":"https:\/\/newvoiceinternational.com\/de\/wp-json\/wp\/v2\/media?parent=40220"}],"curies":[{"name":"wp","href":"https:\/\/api.w.org\/{rel}","templated":true}]}}