{"id":38194,"date":"2024-04-26T10:32:24","date_gmt":"2024-04-26T09:32:24","guid":{"rendered":"https:\/\/newvoiceinternational.com\/umb-ag\/"},"modified":"2024-04-26T10:38:15","modified_gmt":"2024-04-26T09:38:15","slug":"umb-ag","status":"publish","type":"page","link":"https:\/\/newvoiceinternational.com\/de\/umb-ag\/","title":{"rendered":"UMB AG"},"content":{"rendered":"\t\t<div data-elementor-type=\"wp-page\" data-elementor-id=\"38194\" class=\"elementor elementor-38194 elementor-38189\" data-elementor-post-type=\"page\">\n\t\t\t\t\t\t<section class=\"elementor-section elementor-top-section elementor-element elementor-element-a5dce5a elementor-section-boxed elementor-section-height-default elementor-section-height-default\" data-id=\"a5dce5a\" data-element_type=\"section\" data-e-type=\"section\">\n\t\t\t\t\t\t<div class=\"elementor-container elementor-column-gap-default\">\n\t\t\t\t\t<div class=\"elementor-column elementor-col-100 elementor-top-column elementor-element elementor-element-59f821f\" data-id=\"59f821f\" data-element_type=\"column\" data-e-type=\"column\">\n\t\t\t<div class=\"elementor-widget-wrap elementor-element-populated\">\n\t\t\t\t\t\t<div class=\"elementor-element elementor-element-e548e64 elementor-widget elementor-widget-image\" data-id=\"e548e64\" data-element_type=\"widget\" data-e-type=\"widget\" data-widget_type=\"image.default\">\n\t\t\t\t<div class=\"elementor-widget-container\">\n\t\t\t\t\t\t\t\t\t\t\t\t\t\t\t<img fetchpriority=\"high\" decoding=\"async\" width=\"580\" height=\"329\" src=\"https:\/\/newvoiceinternational.com\/wp-content\/uploads\/2024\/04\/UMB_Logo_Workroom_VR-1.png\" class=\"attachment-large size-large wp-image-38188\" alt=\"\" srcset=\"https:\/\/newvoiceinternational.com\/wp-content\/uploads\/2024\/04\/UMB_Logo_Workroom_VR-1.png 722w, https:\/\/newvoiceinternational.com\/wp-content\/uploads\/2024\/04\/UMB_Logo_Workroom_VR-1-300x170.png 300w\" sizes=\"(max-width: 580px) 100vw, 580px\" \/>\t\t\t\t\t\t\t\t\t\t\t\t\t\t\t<\/div>\n\t\t\t\t<\/div>\n\t\t\t\t\t<\/div>\n\t\t<\/div>\n\t\t\t\t\t<\/div>\n\t\t<\/section>\n\t\t\t\t<section class=\"elementor-section elementor-top-section elementor-element elementor-element-44beb03 elementor-section-boxed elementor-section-height-default elementor-section-height-default\" data-id=\"44beb03\" data-element_type=\"section\" data-e-type=\"section\">\n\t\t\t\t\t\t<div class=\"elementor-container elementor-column-gap-default\">\n\t\t\t\t\t<div class=\"elementor-column elementor-col-100 elementor-top-column elementor-element elementor-element-e2b8f91\" data-id=\"e2b8f91\" data-element_type=\"column\" data-e-type=\"column\">\n\t\t\t<div class=\"elementor-widget-wrap elementor-element-populated\">\n\t\t\t\t\t\t<div class=\"elementor-element elementor-element-20dfb64 elementor-widget elementor-widget-text-editor\" data-id=\"20dfb64\" data-element_type=\"widget\" data-e-type=\"widget\" data-widget_type=\"text-editor.default\">\n\t\t\t\t<div class=\"elementor-widget-container\">\n\t\t\t\t\t\t\t\t\t<p>Wir glauben, Zeit ist eine der wertvollsten Ressourcen der Welt. Wir kreieren unseren Kunden Zeit \u2013 f\u00fcr Innovationen und mutige Gesch\u00e4ftsideen. Mit unserem Leading Edge Know-how sind wir Marktf\u00fchrer f\u00fcr Business &amp; Technology Transformation.<\/p><p>Mit mehr als 900 Kolleginnen und Kollegen an 17 Standorten \u00fcber die ganze Schweiz verteilt sind wir die Experten f\u00fcr Digitalisierung und beschleunigen Ihren Unternehmensfortschritt. Mit unseren Leading Edge Kompetenzen in den Bereichen Business Consulting, Cloud, Communication, IT-Architektur, Digital Transformation, Modern Work, Netzwerk, Security, Data Science und Infrastructure begegnen wir unseren Kunden inspirierend, einfach und begeisternd.<br \/><br \/><span lang=\"EN-US\">Link zur UMB-Website: <\/span><span lang=\"DE\" style=\"color: #4471c3;\"><a style=\"color: #4471c3;\" href=\"https:\/\/www.umb.ch\/\"><span lang=\"EN-US\">https:\/\/www.umb.ch\/<\/span><\/a><\/span><\/p>\t\t\t\t\t\t\t\t<\/div>\n\t\t\t\t<\/div>\n\t\t\t\t\t<\/div>\n\t\t<\/div>\n\t\t\t\t\t<\/div>\n\t\t<\/section>\n\t\t\t\t<\/div>\n\t\t","protected":false},"excerpt":{"rendered":"<p>Wir glauben, Zeit ist eine der wertvollsten Ressourcen der Welt. Wir kreieren unseren Kunden Zeit \u2013 f\u00fcr Innovationen und mutige Gesch\u00e4ftsideen. Mit unserem Leading Edge Know-how sind wir Marktf\u00fchrer f\u00fcr Business &amp; Technology Transformation. Mit mehr als 900 Kolleginnen und Kollegen an 17 Standorten \u00fcber die ganze Schweiz verteilt sind wir die Experten f\u00fcr Digitalisierung [&hellip;]<\/p>\n","protected":false},"author":5,"featured_media":0,"parent":0,"menu_order":0,"comment_status":"closed","ping_status":"closed","template":"elementor_header_footer","meta":{"_eb_attr":"","inline_featured_image":false,"footnotes":""},"class_list":["post-38194","page","type-page","status-publish","hentry"],"acf":[],"yoast_head":"<!-- This site is optimized with the Yoast SEO plugin v27.4 - https:\/\/yoast.com\/product\/yoast-seo-wordpress\/ -->\n<title>UMB AG - NewVoice International<\/title>\n<meta name=\"robots\" content=\"index, follow, max-snippet:-1, max-image-preview:large, max-video-preview:-1\" \/>\n<link rel=\"canonical\" href=\"https:\/\/newvoiceinternational.com\/de\/umb-ag\/\" \/>\n<meta property=\"og:locale\" content=\"de_DE\" \/>\n<meta property=\"og:type\" content=\"article\" \/>\n<meta property=\"og:title\" content=\"UMB AG - NewVoice International\" \/>\n<meta property=\"og:description\" content=\"Wir glauben, Zeit ist eine der wertvollsten Ressourcen der Welt. Wir kreieren unseren Kunden Zeit \u2013 f\u00fcr Innovationen und mutige Gesch\u00e4ftsideen. Mit unserem Leading Edge Know-how sind wir Marktf\u00fchrer f\u00fcr Business &amp; Technology Transformation. Mit mehr als 900 Kolleginnen und Kollegen an 17 Standorten \u00fcber die ganze Schweiz verteilt sind wir die Experten f\u00fcr Digitalisierung [&hellip;]\" \/>\n<meta property=\"og:url\" content=\"https:\/\/newvoiceinternational.com\/de\/umb-ag\/\" \/>\n<meta property=\"og:site_name\" content=\"NewVoice International\" \/>\n<meta property=\"article:modified_time\" content=\"2024-04-26T09:38:15+00:00\" \/>\n<meta property=\"og:image\" content=\"https:\/\/newvoiceinternational.com\/wp-content\/uploads\/2024\/04\/UMB_Logo_Workroom_VR-1.png\" \/>\n<meta name=\"twitter:card\" content=\"summary_large_image\" \/>\n<meta name=\"twitter:label1\" content=\"Gesch\u00e4tzte Lesezeit\" \/>\n\t<meta name=\"twitter:data1\" content=\"1\u00a0Minute\" \/>\n<script type=\"application\/ld+json\" class=\"yoast-schema-graph\">{\"@context\":\"https:\\\/\\\/schema.org\",\"@graph\":[{\"@type\":\"WebPage\",\"@id\":\"https:\\\/\\\/newvoiceinternational.com\\\/de\\\/umb-ag\\\/\",\"url\":\"https:\\\/\\\/newvoiceinternational.com\\\/de\\\/umb-ag\\\/\",\"name\":\"UMB AG - NewVoice International\",\"isPartOf\":{\"@id\":\"https:\\\/\\\/newvoiceinternational.com\\\/de\\\/#website\"},\"primaryImageOfPage\":{\"@id\":\"https:\\\/\\\/newvoiceinternational.com\\\/de\\\/umb-ag\\\/#primaryimage\"},\"image\":{\"@id\":\"https:\\\/\\\/newvoiceinternational.com\\\/de\\\/umb-ag\\\/#primaryimage\"},\"thumbnailUrl\":\"https:\\\/\\\/newvoiceinternational.com\\\/wp-content\\\/uploads\\\/2024\\\/04\\\/UMB_Logo_Workroom_VR-1.png\",\"datePublished\":\"2024-04-26T09:32:24+00:00\",\"dateModified\":\"2024-04-26T09:38:15+00:00\",\"breadcrumb\":{\"@id\":\"https:\\\/\\\/newvoiceinternational.com\\\/de\\\/umb-ag\\\/#breadcrumb\"},\"inLanguage\":\"de\",\"potentialAction\":[{\"@type\":\"ReadAction\",\"target\":[\"https:\\\/\\\/newvoiceinternational.com\\\/de\\\/umb-ag\\\/\"]}]},{\"@type\":\"ImageObject\",\"inLanguage\":\"de\",\"@id\":\"https:\\\/\\\/newvoiceinternational.com\\\/de\\\/umb-ag\\\/#primaryimage\",\"url\":\"https:\\\/\\\/newvoiceinternational.com\\\/wp-content\\\/uploads\\\/2024\\\/04\\\/UMB_Logo_Workroom_VR-1.png\",\"contentUrl\":\"https:\\\/\\\/newvoiceinternational.com\\\/wp-content\\\/uploads\\\/2024\\\/04\\\/UMB_Logo_Workroom_VR-1.png\"},{\"@type\":\"BreadcrumbList\",\"@id\":\"https:\\\/\\\/newvoiceinternational.com\\\/de\\\/umb-ag\\\/#breadcrumb\",\"itemListElement\":[{\"@type\":\"ListItem\",\"position\":1,\"name\":\"Home\",\"item\":\"https:\\\/\\\/newvoiceinternational.com\\\/de\\\/\"},{\"@type\":\"ListItem\",\"position\":2,\"name\":\"UMB AG\"}]},{\"@type\":\"WebSite\",\"@id\":\"https:\\\/\\\/newvoiceinternational.com\\\/de\\\/#website\",\"url\":\"https:\\\/\\\/newvoiceinternational.com\\\/de\\\/\",\"name\":\"NewVoice International\",\"description\":\"\",\"publisher\":{\"@id\":\"https:\\\/\\\/newvoiceinternational.com\\\/de\\\/#organization\"},\"potentialAction\":[{\"@type\":\"SearchAction\",\"target\":{\"@type\":\"EntryPoint\",\"urlTemplate\":\"https:\\\/\\\/newvoiceinternational.com\\\/de\\\/?s={search_term_string}\"},\"query-input\":{\"@type\":\"PropertyValueSpecification\",\"valueRequired\":true,\"valueName\":\"search_term_string\"}}],\"inLanguage\":\"de\"},{\"@type\":\"Organization\",\"@id\":\"https:\\\/\\\/newvoiceinternational.com\\\/de\\\/#organization\",\"name\":\"NewVoice International\",\"url\":\"https:\\\/\\\/newvoiceinternational.com\\\/de\\\/\",\"logo\":{\"@type\":\"ImageObject\",\"inLanguage\":\"de\",\"@id\":\"https:\\\/\\\/newvoiceinternational.com\\\/de\\\/#\\\/schema\\\/logo\\\/image\\\/\",\"url\":\"https:\\\/\\\/newvoiceinternational.com\\\/wp-content\\\/uploads\\\/2022\\\/06\\\/NV_Logo_RGB.png\",\"contentUrl\":\"https:\\\/\\\/newvoiceinternational.com\\\/wp-content\\\/uploads\\\/2022\\\/06\\\/NV_Logo_RGB.png\",\"width\":1200,\"height\":315,\"caption\":\"NewVoice International\"},\"image\":{\"@id\":\"https:\\\/\\\/newvoiceinternational.com\\\/de\\\/#\\\/schema\\\/logo\\\/image\\\/\"}}]}<\/script>\n<!-- \/ Yoast SEO plugin. -->","yoast_head_json":{"title":"UMB AG - NewVoice International","robots":{"index":"index","follow":"follow","max-snippet":"max-snippet:-1","max-image-preview":"max-image-preview:large","max-video-preview":"max-video-preview:-1"},"canonical":"https:\/\/newvoiceinternational.com\/de\/umb-ag\/","og_locale":"de_DE","og_type":"article","og_title":"UMB AG - NewVoice International","og_description":"Wir glauben, Zeit ist eine der wertvollsten Ressourcen der Welt. Wir kreieren unseren Kunden Zeit \u2013 f\u00fcr Innovationen und mutige Gesch\u00e4ftsideen. Mit unserem Leading Edge Know-how sind wir Marktf\u00fchrer f\u00fcr Business &amp; Technology Transformation. Mit mehr als 900 Kolleginnen und Kollegen an 17 Standorten \u00fcber die ganze Schweiz verteilt sind wir die Experten f\u00fcr Digitalisierung [&hellip;]","og_url":"https:\/\/newvoiceinternational.com\/de\/umb-ag\/","og_site_name":"NewVoice International","article_modified_time":"2024-04-26T09:38:15+00:00","og_image":[{"url":"https:\/\/newvoiceinternational.com\/wp-content\/uploads\/2024\/04\/UMB_Logo_Workroom_VR-1.png","type":"","width":"","height":""}],"twitter_card":"summary_large_image","twitter_misc":{"Gesch\u00e4tzte Lesezeit":"1\u00a0Minute"},"schema":{"@context":"https:\/\/schema.org","@graph":[{"@type":"WebPage","@id":"https:\/\/newvoiceinternational.com\/de\/umb-ag\/","url":"https:\/\/newvoiceinternational.com\/de\/umb-ag\/","name":"UMB AG - NewVoice International","isPartOf":{"@id":"https:\/\/newvoiceinternational.com\/de\/#website"},"primaryImageOfPage":{"@id":"https:\/\/newvoiceinternational.com\/de\/umb-ag\/#primaryimage"},"image":{"@id":"https:\/\/newvoiceinternational.com\/de\/umb-ag\/#primaryimage"},"thumbnailUrl":"https:\/\/newvoiceinternational.com\/wp-content\/uploads\/2024\/04\/UMB_Logo_Workroom_VR-1.png","datePublished":"2024-04-26T09:32:24+00:00","dateModified":"2024-04-26T09:38:15+00:00","breadcrumb":{"@id":"https:\/\/newvoiceinternational.com\/de\/umb-ag\/#breadcrumb"},"inLanguage":"de","potentialAction":[{"@type":"ReadAction","target":["https:\/\/newvoiceinternational.com\/de\/umb-ag\/"]}]},{"@type":"ImageObject","inLanguage":"de","@id":"https:\/\/newvoiceinternational.com\/de\/umb-ag\/#primaryimage","url":"https:\/\/newvoiceinternational.com\/wp-content\/uploads\/2024\/04\/UMB_Logo_Workroom_VR-1.png","contentUrl":"https:\/\/newvoiceinternational.com\/wp-content\/uploads\/2024\/04\/UMB_Logo_Workroom_VR-1.png"},{"@type":"BreadcrumbList","@id":"https:\/\/newvoiceinternational.com\/de\/umb-ag\/#breadcrumb","itemListElement":[{"@type":"ListItem","position":1,"name":"Home","item":"https:\/\/newvoiceinternational.com\/de\/"},{"@type":"ListItem","position":2,"name":"UMB AG"}]},{"@type":"WebSite","@id":"https:\/\/newvoiceinternational.com\/de\/#website","url":"https:\/\/newvoiceinternational.com\/de\/","name":"NewVoice International","description":"","publisher":{"@id":"https:\/\/newvoiceinternational.com\/de\/#organization"},"potentialAction":[{"@type":"SearchAction","target":{"@type":"EntryPoint","urlTemplate":"https:\/\/newvoiceinternational.com\/de\/?s={search_term_string}"},"query-input":{"@type":"PropertyValueSpecification","valueRequired":true,"valueName":"search_term_string"}}],"inLanguage":"de"},{"@type":"Organization","@id":"https:\/\/newvoiceinternational.com\/de\/#organization","name":"NewVoice International","url":"https:\/\/newvoiceinternational.com\/de\/","logo":{"@type":"ImageObject","inLanguage":"de","@id":"https:\/\/newvoiceinternational.com\/de\/#\/schema\/logo\/image\/","url":"https:\/\/newvoiceinternational.com\/wp-content\/uploads\/2022\/06\/NV_Logo_RGB.png","contentUrl":"https:\/\/newvoiceinternational.com\/wp-content\/uploads\/2022\/06\/NV_Logo_RGB.png","width":1200,"height":315,"caption":"NewVoice International"},"image":{"@id":"https:\/\/newvoiceinternational.com\/de\/#\/schema\/logo\/image\/"}}]}},"_links":{"self":[{"href":"https:\/\/newvoiceinternational.com\/de\/wp-json\/wp\/v2\/pages\/38194","targetHints":{"allow":["GET"]}}],"collection":[{"href":"https:\/\/newvoiceinternational.com\/de\/wp-json\/wp\/v2\/pages"}],"about":[{"href":"https:\/\/newvoiceinternational.com\/de\/wp-json\/wp\/v2\/types\/page"}],"author":[{"embeddable":true,"href":"https:\/\/newvoiceinternational.com\/de\/wp-json\/wp\/v2\/users\/5"}],"replies":[{"embeddable":true,"href":"https:\/\/newvoiceinternational.com\/de\/wp-json\/wp\/v2\/comments?post=38194"}],"version-history":[{"count":0,"href":"https:\/\/newvoiceinternational.com\/de\/wp-json\/wp\/v2\/pages\/38194\/revisions"}],"wp:attachment":[{"href":"https:\/\/newvoiceinternational.com\/de\/wp-json\/wp\/v2\/media?parent=38194"}],"curies":[{"name":"wp","href":"https:\/\/api.w.org\/{rel}","templated":true}]}}