{"id":37801,"date":"2024-04-17T10:41:58","date_gmt":"2024-04-17T09:41:58","guid":{"rendered":"https:\/\/newvoiceinternational.com\/technical-components-facility-management\/"},"modified":"2024-04-17T11:17:10","modified_gmt":"2024-04-17T10:17:10","slug":"technical-components-facility-management","status":"publish","type":"page","link":"https:\/\/newvoiceinternational.com\/de\/technical-components-facility-management\/","title":{"rendered":"Technical Components &#8211; Facility Management"},"content":{"rendered":"\t\t<div data-elementor-type=\"wp-page\" data-elementor-id=\"37801\" class=\"elementor elementor-37801 elementor-37725\" data-elementor-post-type=\"page\">\n\t\t\t\t\t\t<section class=\"elementor-section elementor-top-section elementor-element elementor-element-6b0defe elementor-section-boxed elementor-section-height-default elementor-section-height-default\" data-id=\"6b0defe\" data-element_type=\"section\" data-e-type=\"section\">\n\t\t\t\t\t\t<div class=\"elementor-container elementor-column-gap-default\">\n\t\t\t\t\t<div class=\"elementor-column elementor-col-100 elementor-top-column elementor-element elementor-element-9bcaea5\" data-id=\"9bcaea5\" data-element_type=\"column\" data-e-type=\"column\">\n\t\t\t<div class=\"elementor-widget-wrap elementor-element-populated\">\n\t\t\t\t\t\t<div class=\"elementor-element elementor-element-fa2a84d elementor-widget elementor-widget-heading\" data-id=\"fa2a84d\" data-element_type=\"widget\" data-e-type=\"widget\" data-widget_type=\"heading.default\">\n\t\t\t\t<div class=\"elementor-widget-container\">\n\t\t\t\t\t<h2 class=\"elementor-heading-title elementor-size-default\"><span class=\"OYPEnA text-decoration-none text-strikethrough-none\">Technische Daten<\/span><\/h2>\t\t\t\t<\/div>\n\t\t\t\t<\/div>\n\t\t\t\t\t<\/div>\n\t\t<\/div>\n\t\t\t\t\t<\/div>\n\t\t<\/section>\n\t\t\t\t<section class=\"elementor-section elementor-top-section elementor-element elementor-element-bc20775 elementor-section-boxed elementor-section-height-default elementor-section-height-default\" data-id=\"bc20775\" data-element_type=\"section\" data-e-type=\"section\">\n\t\t\t\t\t\t<div class=\"elementor-container elementor-column-gap-default\">\n\t\t\t\t\t<div class=\"elementor-column elementor-col-100 elementor-top-column elementor-element elementor-element-665382f\" data-id=\"665382f\" data-element_type=\"column\" data-e-type=\"column\">\n\t\t\t<div class=\"elementor-widget-wrap elementor-element-populated\">\n\t\t\t\t\t\t<div class=\"elementor-element elementor-element-c67dd43 elementor-widget elementor-widget-text-editor\" data-id=\"c67dd43\" data-element_type=\"widget\" data-e-type=\"widget\" data-widget_type=\"text-editor.default\">\n\t\t\t\t<div class=\"elementor-widget-container\">\n\t\t\t\t\t\t\t\t\t<p><span class=\"OYPEnA text-decoration-none text-strikethrough-none\" style=\"color: #11285e; font-weight: bold;\">Prozess- und Geb\u00e4udeautomatition<\/span><\/p>\t\t\t\t\t\t\t\t<\/div>\n\t\t\t\t<\/div>\n\t\t\t\t<div class=\"elementor-element elementor-element-2d04851 elementor-widget elementor-widget-text-editor\" data-id=\"2d04851\" data-element_type=\"widget\" data-e-type=\"widget\" data-widget_type=\"text-editor.default\">\n\t\t\t\t<div class=\"elementor-widget-container\">\n\t\t\t\t\t\t\t\t\t<ul><li><span class=\"OYPEnA text-decoration-none text-strikethrough-none\">Integration von Kontaktsteuerungen (Wago, Honeywell, SAIA&#8230;) zur Erfassung von Kontaktzust\u00e4nden (Eing\u00e4nge, Ausg\u00e4nge, Analogwerte&#8230;)<\/span><\/li><li><span class=\"OYPEnA text-decoration-none text-strikethrough-none\">LPWAN-basierte Protokolle zur Anbindung von Low-Energy-Ger\u00e4ten wie z.B. batteriebetriebenen Sensoren<\/span><\/li><li><span class=\"OYPEnA text-decoration-none text-strikethrough-none\">Integrationen \u00fcber, ESPA 4.4.4, Modbus, KNX, BACNet, OPC, XML, ESPA-X, Desigo CC, Siemens S7&#8230;<\/span><\/li><\/ul>\t\t\t\t\t\t\t\t<\/div>\n\t\t\t\t<\/div>\n\t\t\t\t\t<\/div>\n\t\t<\/div>\n\t\t\t\t\t<\/div>\n\t\t<\/section>\n\t\t\t\t<section class=\"elementor-section elementor-top-section elementor-element elementor-element-e684510 elementor-section-boxed elementor-section-height-default elementor-section-height-default\" data-id=\"e684510\" data-element_type=\"section\" data-e-type=\"section\">\n\t\t\t\t\t\t<div class=\"elementor-container elementor-column-gap-default\">\n\t\t\t\t\t<div class=\"elementor-column elementor-col-100 elementor-top-column elementor-element elementor-element-0537b4f\" data-id=\"0537b4f\" data-element_type=\"column\" data-e-type=\"column\">\n\t\t\t<div class=\"elementor-widget-wrap elementor-element-populated\">\n\t\t\t\t\t\t<div class=\"elementor-element elementor-element-73d5012 elementor-widget elementor-widget-text-editor\" data-id=\"73d5012\" data-element_type=\"widget\" data-e-type=\"widget\" data-widget_type=\"text-editor.default\">\n\t\t\t\t<div class=\"elementor-widget-container\">\n\t\t\t\t\t\t\t\t\t<p><span class=\"OYPEnA text-decoration-none text-strikethrough-none\" style=\"color: #11285e; font-weight: bold;\">ITK Monitoring<\/span><\/p>\t\t\t\t\t\t\t\t<\/div>\n\t\t\t\t<\/div>\n\t\t\t\t<div class=\"elementor-element elementor-element-994a81d elementor-widget elementor-widget-text-editor\" data-id=\"994a81d\" data-element_type=\"widget\" data-e-type=\"widget\" data-widget_type=\"text-editor.default\">\n\t\t\t\t<div class=\"elementor-widget-container\">\n\t\t\t\t\t\t\t\t\t<ul><li><span class=\"OYPEnA text-decoration-none text-strikethrough-none\">Integration von Managementsystemen<\/span><\/li><li><span class=\"OYPEnA text-decoration-none text-strikethrough-none\">Direkte Integration &amp; \u00dcberwachung<\/span><\/li><li><span class=\"OYPEnA text-decoration-none text-strikethrough-none\">von ITK- Komponenten<\/span><\/li><\/ul><p class=\"cvGsUA direction-ltr align-start para-style-body\"><span class=\"OYPEnA text-decoration-none text-strikethrough-none\">&#8211; PBX Infrastrukturen<\/span><\/p><p class=\"cvGsUA direction-ltr align-start para-style-body\"><span class=\"OYPEnA text-decoration-none text-strikethrough-none\">&#8211; Windows Dienste &amp; Prozesse<\/span><\/p><p class=\"cvGsUA direction-ltr align-start para-style-body\"><span class=\"OYPEnA text-decoration-none text-strikethrough-none\">&#8211; PING Funktionen<\/span><\/p><p class=\"cvGsUA direction-ltr align-start para-style-body\"><span class=\"OYPEnA text-decoration-none text-strikethrough-none\">&#8211; SNMP Traps V1-V3<\/span><\/p>\t\t\t\t\t\t\t\t<\/div>\n\t\t\t\t<\/div>\n\t\t\t\t\t<\/div>\n\t\t<\/div>\n\t\t\t\t\t<\/div>\n\t\t<\/section>\n\t\t\t\t<section class=\"elementor-section elementor-top-section elementor-element elementor-element-58f43a7 elementor-section-boxed elementor-section-height-default elementor-section-height-default\" data-id=\"58f43a7\" data-element_type=\"section\" data-e-type=\"section\">\n\t\t\t\t\t\t<div class=\"elementor-container elementor-column-gap-default\">\n\t\t\t\t\t<div class=\"elementor-column elementor-col-100 elementor-top-column elementor-element elementor-element-8e158d0\" data-id=\"8e158d0\" data-element_type=\"column\" data-e-type=\"column\">\n\t\t\t<div class=\"elementor-widget-wrap elementor-element-populated\">\n\t\t\t\t\t\t<div class=\"elementor-element elementor-element-4abd79d elementor-widget elementor-widget-text-editor\" data-id=\"4abd79d\" data-element_type=\"widget\" data-e-type=\"widget\" data-widget_type=\"text-editor.default\">\n\t\t\t\t<div class=\"elementor-widget-container\">\n\t\t\t\t\t\t\t\t\t<p><strong><span class=\"OYPEnA text-decoration-none text-strikethrough-none\">Smart Factory<\/span><\/strong><\/p>\t\t\t\t\t\t\t\t<\/div>\n\t\t\t\t<\/div>\n\t\t\t\t<div class=\"elementor-element elementor-element-6d90594 elementor-widget elementor-widget-text-editor\" data-id=\"6d90594\" data-element_type=\"widget\" data-e-type=\"widget\" data-widget_type=\"text-editor.default\">\n\t\t\t\t<div class=\"elementor-widget-container\">\n\t\t\t\t\t\t\t\t\t<ul><li><span class=\"OYPEnA text-decoration-none text-strikethrough-none\">Konvergenz IT\/OT<\/span><\/li><li><span class=\"OYPEnA text-decoration-none text-strikethrough-none\">Gateway zwischen Produktions- und ITK-Systemen<\/span><\/li><li><span class=\"OYPEnA text-decoration-none text-strikethrough-none\">Ansteuerung von Workflows z.B. Logistiksteuerung<\/span><\/li><li><span class=\"OYPEnA text-decoration-none text-strikethrough-none\">Visualisierung von Prozessen und Abl\u00e4ufen<\/span><\/li><\/ul>\t\t\t\t\t\t\t\t<\/div>\n\t\t\t\t<\/div>\n\t\t\t\t\t<\/div>\n\t\t<\/div>\n\t\t\t\t\t<\/div>\n\t\t<\/section>\n\t\t\t\t<\/div>\n\t\t","protected":false},"excerpt":{"rendered":"<p>Technische Daten Prozess- und Geb\u00e4udeautomatition Integration von Kontaktsteuerungen (Wago, Honeywell, SAIA&#8230;) zur Erfassung von Kontaktzust\u00e4nden (Eing\u00e4nge, Ausg\u00e4nge, Analogwerte&#8230;) LPWAN-basierte Protokolle zur Anbindung von Low-Energy-Ger\u00e4ten wie z.B. batteriebetriebenen Sensoren Integrationen \u00fcber, ESPA 4.4.4, Modbus, KNX, BACNet, OPC, XML, ESPA-X, Desigo CC, Siemens S7&#8230; ITK Monitoring Integration von Managementsystemen Direkte Integration &amp; \u00dcberwachung von ITK- Komponenten &#8211; [&hellip;]<\/p>\n","protected":false},"author":5,"featured_media":0,"parent":0,"menu_order":0,"comment_status":"closed","ping_status":"closed","template":"elementor_header_footer","meta":{"_eb_attr":"","inline_featured_image":false,"footnotes":""},"class_list":["post-37801","page","type-page","status-publish","hentry"],"acf":[],"yoast_head":"<!-- This site is optimized with the Yoast SEO plugin v27.4 - https:\/\/yoast.com\/product\/yoast-seo-wordpress\/ -->\n<title>Technical Components - Facility Management - NewVoice International<\/title>\n<meta name=\"robots\" content=\"index, follow, max-snippet:-1, max-image-preview:large, max-video-preview:-1\" \/>\n<link rel=\"canonical\" href=\"https:\/\/newvoiceinternational.com\/de\/technical-components-facility-management\/\" \/>\n<meta property=\"og:locale\" content=\"de_DE\" \/>\n<meta property=\"og:type\" content=\"article\" \/>\n<meta property=\"og:title\" content=\"Technical Components - Facility Management - NewVoice International\" \/>\n<meta property=\"og:description\" content=\"Technische Daten Prozess- und Geb\u00e4udeautomatition Integration von Kontaktsteuerungen (Wago, Honeywell, SAIA&#8230;) zur Erfassung von Kontaktzust\u00e4nden (Eing\u00e4nge, Ausg\u00e4nge, Analogwerte&#8230;) LPWAN-basierte Protokolle zur Anbindung von Low-Energy-Ger\u00e4ten wie z.B. batteriebetriebenen Sensoren Integrationen \u00fcber, ESPA 4.4.4, Modbus, KNX, BACNet, OPC, XML, ESPA-X, Desigo CC, Siemens S7&#8230; ITK Monitoring Integration von Managementsystemen Direkte Integration &amp; \u00dcberwachung von ITK- Komponenten &#8211; [&hellip;]\" \/>\n<meta property=\"og:url\" content=\"https:\/\/newvoiceinternational.com\/de\/technical-components-facility-management\/\" \/>\n<meta property=\"og:site_name\" content=\"NewVoice International\" \/>\n<meta property=\"article:modified_time\" content=\"2024-04-17T10:17:10+00:00\" \/>\n<meta name=\"twitter:card\" content=\"summary_large_image\" \/>\n<meta name=\"twitter:label1\" content=\"Gesch\u00e4tzte Lesezeit\" \/>\n\t<meta name=\"twitter:data1\" content=\"1\u00a0Minute\" \/>\n<script type=\"application\/ld+json\" class=\"yoast-schema-graph\">{\"@context\":\"https:\\\/\\\/schema.org\",\"@graph\":[{\"@type\":\"WebPage\",\"@id\":\"https:\\\/\\\/newvoiceinternational.com\\\/de\\\/technical-components-facility-management\\\/\",\"url\":\"https:\\\/\\\/newvoiceinternational.com\\\/de\\\/technical-components-facility-management\\\/\",\"name\":\"Technical Components - Facility Management - NewVoice International\",\"isPartOf\":{\"@id\":\"https:\\\/\\\/newvoiceinternational.com\\\/de\\\/#website\"},\"datePublished\":\"2024-04-17T09:41:58+00:00\",\"dateModified\":\"2024-04-17T10:17:10+00:00\",\"breadcrumb\":{\"@id\":\"https:\\\/\\\/newvoiceinternational.com\\\/de\\\/technical-components-facility-management\\\/#breadcrumb\"},\"inLanguage\":\"de\",\"potentialAction\":[{\"@type\":\"ReadAction\",\"target\":[\"https:\\\/\\\/newvoiceinternational.com\\\/de\\\/technical-components-facility-management\\\/\"]}]},{\"@type\":\"BreadcrumbList\",\"@id\":\"https:\\\/\\\/newvoiceinternational.com\\\/de\\\/technical-components-facility-management\\\/#breadcrumb\",\"itemListElement\":[{\"@type\":\"ListItem\",\"position\":1,\"name\":\"Home\",\"item\":\"https:\\\/\\\/newvoiceinternational.com\\\/de\\\/\"},{\"@type\":\"ListItem\",\"position\":2,\"name\":\"Technical Components &#8211; Facility Management\"}]},{\"@type\":\"WebSite\",\"@id\":\"https:\\\/\\\/newvoiceinternational.com\\\/de\\\/#website\",\"url\":\"https:\\\/\\\/newvoiceinternational.com\\\/de\\\/\",\"name\":\"NewVoice International\",\"description\":\"\",\"publisher\":{\"@id\":\"https:\\\/\\\/newvoiceinternational.com\\\/de\\\/#organization\"},\"potentialAction\":[{\"@type\":\"SearchAction\",\"target\":{\"@type\":\"EntryPoint\",\"urlTemplate\":\"https:\\\/\\\/newvoiceinternational.com\\\/de\\\/?s={search_term_string}\"},\"query-input\":{\"@type\":\"PropertyValueSpecification\",\"valueRequired\":true,\"valueName\":\"search_term_string\"}}],\"inLanguage\":\"de\"},{\"@type\":\"Organization\",\"@id\":\"https:\\\/\\\/newvoiceinternational.com\\\/de\\\/#organization\",\"name\":\"NewVoice International\",\"url\":\"https:\\\/\\\/newvoiceinternational.com\\\/de\\\/\",\"logo\":{\"@type\":\"ImageObject\",\"inLanguage\":\"de\",\"@id\":\"https:\\\/\\\/newvoiceinternational.com\\\/de\\\/#\\\/schema\\\/logo\\\/image\\\/\",\"url\":\"https:\\\/\\\/newvoiceinternational.com\\\/wp-content\\\/uploads\\\/2022\\\/06\\\/NV_Logo_RGB.png\",\"contentUrl\":\"https:\\\/\\\/newvoiceinternational.com\\\/wp-content\\\/uploads\\\/2022\\\/06\\\/NV_Logo_RGB.png\",\"width\":1200,\"height\":315,\"caption\":\"NewVoice International\"},\"image\":{\"@id\":\"https:\\\/\\\/newvoiceinternational.com\\\/de\\\/#\\\/schema\\\/logo\\\/image\\\/\"}}]}<\/script>\n<!-- \/ Yoast SEO plugin. -->","yoast_head_json":{"title":"Technical Components - Facility Management - NewVoice International","robots":{"index":"index","follow":"follow","max-snippet":"max-snippet:-1","max-image-preview":"max-image-preview:large","max-video-preview":"max-video-preview:-1"},"canonical":"https:\/\/newvoiceinternational.com\/de\/technical-components-facility-management\/","og_locale":"de_DE","og_type":"article","og_title":"Technical Components - Facility Management - NewVoice International","og_description":"Technische Daten Prozess- und Geb\u00e4udeautomatition Integration von Kontaktsteuerungen (Wago, Honeywell, SAIA&#8230;) zur Erfassung von Kontaktzust\u00e4nden (Eing\u00e4nge, Ausg\u00e4nge, Analogwerte&#8230;) LPWAN-basierte Protokolle zur Anbindung von Low-Energy-Ger\u00e4ten wie z.B. batteriebetriebenen Sensoren Integrationen \u00fcber, ESPA 4.4.4, Modbus, KNX, BACNet, OPC, XML, ESPA-X, Desigo CC, Siemens S7&#8230; ITK Monitoring Integration von Managementsystemen Direkte Integration &amp; \u00dcberwachung von ITK- Komponenten &#8211; [&hellip;]","og_url":"https:\/\/newvoiceinternational.com\/de\/technical-components-facility-management\/","og_site_name":"NewVoice International","article_modified_time":"2024-04-17T10:17:10+00:00","twitter_card":"summary_large_image","twitter_misc":{"Gesch\u00e4tzte Lesezeit":"1\u00a0Minute"},"schema":{"@context":"https:\/\/schema.org","@graph":[{"@type":"WebPage","@id":"https:\/\/newvoiceinternational.com\/de\/technical-components-facility-management\/","url":"https:\/\/newvoiceinternational.com\/de\/technical-components-facility-management\/","name":"Technical Components - Facility Management - NewVoice International","isPartOf":{"@id":"https:\/\/newvoiceinternational.com\/de\/#website"},"datePublished":"2024-04-17T09:41:58+00:00","dateModified":"2024-04-17T10:17:10+00:00","breadcrumb":{"@id":"https:\/\/newvoiceinternational.com\/de\/technical-components-facility-management\/#breadcrumb"},"inLanguage":"de","potentialAction":[{"@type":"ReadAction","target":["https:\/\/newvoiceinternational.com\/de\/technical-components-facility-management\/"]}]},{"@type":"BreadcrumbList","@id":"https:\/\/newvoiceinternational.com\/de\/technical-components-facility-management\/#breadcrumb","itemListElement":[{"@type":"ListItem","position":1,"name":"Home","item":"https:\/\/newvoiceinternational.com\/de\/"},{"@type":"ListItem","position":2,"name":"Technical Components &#8211; Facility Management"}]},{"@type":"WebSite","@id":"https:\/\/newvoiceinternational.com\/de\/#website","url":"https:\/\/newvoiceinternational.com\/de\/","name":"NewVoice International","description":"","publisher":{"@id":"https:\/\/newvoiceinternational.com\/de\/#organization"},"potentialAction":[{"@type":"SearchAction","target":{"@type":"EntryPoint","urlTemplate":"https:\/\/newvoiceinternational.com\/de\/?s={search_term_string}"},"query-input":{"@type":"PropertyValueSpecification","valueRequired":true,"valueName":"search_term_string"}}],"inLanguage":"de"},{"@type":"Organization","@id":"https:\/\/newvoiceinternational.com\/de\/#organization","name":"NewVoice International","url":"https:\/\/newvoiceinternational.com\/de\/","logo":{"@type":"ImageObject","inLanguage":"de","@id":"https:\/\/newvoiceinternational.com\/de\/#\/schema\/logo\/image\/","url":"https:\/\/newvoiceinternational.com\/wp-content\/uploads\/2022\/06\/NV_Logo_RGB.png","contentUrl":"https:\/\/newvoiceinternational.com\/wp-content\/uploads\/2022\/06\/NV_Logo_RGB.png","width":1200,"height":315,"caption":"NewVoice International"},"image":{"@id":"https:\/\/newvoiceinternational.com\/de\/#\/schema\/logo\/image\/"}}]}},"_links":{"self":[{"href":"https:\/\/newvoiceinternational.com\/de\/wp-json\/wp\/v2\/pages\/37801","targetHints":{"allow":["GET"]}}],"collection":[{"href":"https:\/\/newvoiceinternational.com\/de\/wp-json\/wp\/v2\/pages"}],"about":[{"href":"https:\/\/newvoiceinternational.com\/de\/wp-json\/wp\/v2\/types\/page"}],"author":[{"embeddable":true,"href":"https:\/\/newvoiceinternational.com\/de\/wp-json\/wp\/v2\/users\/5"}],"replies":[{"embeddable":true,"href":"https:\/\/newvoiceinternational.com\/de\/wp-json\/wp\/v2\/comments?post=37801"}],"version-history":[{"count":0,"href":"https:\/\/newvoiceinternational.com\/de\/wp-json\/wp\/v2\/pages\/37801\/revisions"}],"wp:attachment":[{"href":"https:\/\/newvoiceinternational.com\/de\/wp-json\/wp\/v2\/media?parent=37801"}],"curies":[{"name":"wp","href":"https:\/\/api.w.org\/{rel}","templated":true}]}}