{"id":37796,"date":"2024-04-17T10:39:00","date_gmt":"2024-04-17T09:39:00","guid":{"rendered":"https:\/\/newvoiceinternational.com\/lone-worker-protection-facility-management\/"},"modified":"2024-04-17T11:13:18","modified_gmt":"2024-04-17T10:13:18","slug":"lone-worker-protection-facility-management","status":"publish","type":"page","link":"https:\/\/newvoiceinternational.com\/de\/lone-worker-protection-facility-management\/","title":{"rendered":"Lone Worker Protection- Facility Management"},"content":{"rendered":"\t\t<div data-elementor-type=\"wp-page\" data-elementor-id=\"37796\" class=\"elementor elementor-37796 elementor-37701\" data-elementor-post-type=\"page\">\n\t\t\t\t\t\t<section class=\"elementor-section elementor-top-section elementor-element elementor-element-6b0defe elementor-section-boxed elementor-section-height-default elementor-section-height-default\" data-id=\"6b0defe\" data-element_type=\"section\" data-e-type=\"section\">\n\t\t\t\t\t\t<div class=\"elementor-container elementor-column-gap-default\">\n\t\t\t\t\t<div class=\"elementor-column elementor-col-100 elementor-top-column elementor-element elementor-element-9bcaea5\" data-id=\"9bcaea5\" data-element_type=\"column\" data-e-type=\"column\">\n\t\t\t<div class=\"elementor-widget-wrap elementor-element-populated\">\n\t\t\t\t\t\t<div class=\"elementor-element elementor-element-fa2a84d elementor-widget elementor-widget-heading\" data-id=\"fa2a84d\" data-element_type=\"widget\" data-e-type=\"widget\" data-widget_type=\"heading.default\">\n\t\t\t\t<div class=\"elementor-widget-container\">\n\t\t\t\t\t<h2 class=\"elementor-heading-title elementor-size-default\"><span class=\"OYPEnA text-decoration-none text-strikethrough-none\">Alleinarbeiterschutz<\/span><\/h2>\t\t\t\t<\/div>\n\t\t\t\t<\/div>\n\t\t\t\t<div class=\"elementor-element elementor-element-55846e7 elementor-widget elementor-widget-text-editor\" data-id=\"55846e7\" data-element_type=\"widget\" data-e-type=\"widget\" data-widget_type=\"text-editor.default\">\n\t\t\t\t<div class=\"elementor-widget-container\">\n\t\t\t\t\t\t\t\t\t<p><span class=\"OYPEnA text-decoration-none text-strikethrough-none\" style=\"color: #11285e; font-weight: bold;\">Alleinarbeitsplatzsicherung<\/span><\/p>\t\t\t\t\t\t\t\t<\/div>\n\t\t\t\t<\/div>\n\t\t\t\t\t<\/div>\n\t\t<\/div>\n\t\t\t\t\t<\/div>\n\t\t<\/section>\n\t\t\t\t<section class=\"elementor-section elementor-top-section elementor-element elementor-element-15af2ce elementor-section-boxed elementor-section-height-default elementor-section-height-default\" data-id=\"15af2ce\" data-element_type=\"section\" data-e-type=\"section\">\n\t\t\t\t\t\t<div class=\"elementor-container elementor-column-gap-default\">\n\t\t\t\t\t<div class=\"elementor-column elementor-col-100 elementor-top-column elementor-element elementor-element-54419cd\" data-id=\"54419cd\" data-element_type=\"column\" data-e-type=\"column\">\n\t\t\t<div class=\"elementor-widget-wrap elementor-element-populated\">\n\t\t\t\t\t\t<div class=\"elementor-element elementor-element-188dcfb elementor-widget elementor-widget-text-editor\" data-id=\"188dcfb\" data-element_type=\"widget\" data-e-type=\"widget\" data-widget_type=\"text-editor.default\">\n\t\t\t\t<div class=\"elementor-widget-container\">\n\t\t\t\t\t\t\t\t\t<p><span class=\"OYPEnA text-decoration-none text-strikethrough-none\">Die MobiCall-L\u00f6sung eignet sich f\u00fcr verschiedene Alarmtypen, einschlie\u00dflich Alarmmanagement, Verlust der Vertikalit\u00e4t und Immobilit\u00e4t. Sie gew\u00e4hrleistet eine kontinuierliche \u00dcberwachung von pers\u00f6nlichen Notrufger\u00e4ten und bietet Ortungsoptionen \u00fcber DECT, Wifi, Bluetooth Beacons und GPS. Dar\u00fcber hinaus erm\u00f6glicht sie die Visualisierung von Geb\u00e4ude- und Lagepl\u00e4nen f\u00fcr ein verbessertes Situationsbewusstsein.<\/span><\/p>\t\t\t\t\t\t\t\t<\/div>\n\t\t\t\t<\/div>\n\t\t\t\t\t<\/div>\n\t\t<\/div>\n\t\t\t\t\t<\/div>\n\t\t<\/section>\n\t\t\t\t<section class=\"elementor-section elementor-top-section elementor-element elementor-element-88adb35 elementor-section-boxed elementor-section-height-default elementor-section-height-default\" data-id=\"88adb35\" data-element_type=\"section\" data-e-type=\"section\">\n\t\t\t\t\t\t<div class=\"elementor-container elementor-column-gap-default\">\n\t\t\t\t\t<div class=\"elementor-column elementor-col-33 elementor-top-column elementor-element elementor-element-17aace7\" data-id=\"17aace7\" data-element_type=\"column\" data-e-type=\"column\">\n\t\t\t<div class=\"elementor-widget-wrap elementor-element-populated\">\n\t\t\t\t\t\t<div class=\"elementor-element elementor-element-767732e elementor-widget elementor-widget-heading\" data-id=\"767732e\" data-element_type=\"widget\" data-e-type=\"widget\" data-widget_type=\"heading.default\">\n\t\t\t\t<div class=\"elementor-widget-container\">\n\t\t\t\t\t<h2 class=\"elementor-heading-title elementor-size-default\">MobiCall.App: Mobiles Arbeiten mit Personenschutz<\/h2>\t\t\t\t<\/div>\n\t\t\t\t<\/div>\n\t\t\t\t<div class=\"elementor-element elementor-element-0bdb1ad elementor-widget elementor-widget-text-editor\" data-id=\"0bdb1ad\" data-element_type=\"widget\" data-e-type=\"widget\" data-widget_type=\"text-editor.default\">\n\t\t\t\t<div class=\"elementor-widget-container\">\n\t\t\t\t\t\t\t\t\t<p class=\"cvGsUA direction-ltr align-start para-style-body\"><span class=\"OYPEnA text-decoration-none text-strikethrough-none\">Das System verf\u00fcgt \u00fcber ein integriertes Personenschutzmodul,<\/span><\/p><p class=\"cvGsUA direction-ltr align-start para-style-body\"><span class=\"OYPEnA text-decoration-none text-strikethrough-none\">das den <\/span><span class=\"OYPEnA text-decoration-none text-strikethrough-none\">Vorschriften der DGUV 112-139 entspricht<\/span><span class=\"OYPEnA text-decoration-none text-strikethrough-none\">. Die MobiCall.App erm\u00f6glicht die die \u00dcbertragung und Verwaltung von Aufgaben direkt auf Smartphones.<\/span><\/p><p class=\"cvGsUA direction-ltr align-start para-style-body\"><span class=\"OYPEnA text-decoration-none text-strikethrough-none\">Es unterst\u00fctzt auch unterst\u00fctzte Sicherheitspatrouillen mit Hilfe der NFC-Technologie und rationalisiert so die Sicherheitsabl\u00e4ufe.<\/span><\/p>\t\t\t\t\t\t\t\t<\/div>\n\t\t\t\t<\/div>\n\t\t\t\t\t<\/div>\n\t\t<\/div>\n\t\t\t\t<div class=\"elementor-column elementor-col-33 elementor-top-column elementor-element elementor-element-6aa5b5d\" data-id=\"6aa5b5d\" data-element_type=\"column\" data-e-type=\"column\">\n\t\t\t<div class=\"elementor-widget-wrap elementor-element-populated\">\n\t\t\t\t\t\t<div class=\"elementor-element elementor-element-85b79dd elementor-widget elementor-widget-image\" data-id=\"85b79dd\" data-element_type=\"widget\" data-e-type=\"widget\" data-widget_type=\"image.default\">\n\t\t\t\t<div class=\"elementor-widget-container\">\n\t\t\t\t\t\t\t\t\t\t\t\t\t\t\t<img fetchpriority=\"high\" decoding=\"async\" width=\"484\" height=\"1024\" src=\"https:\/\/newvoiceinternational.com\/wp-content\/uploads\/2024\/04\/screenshot1_en-484x1024.png\" class=\"attachment-large size-large wp-image-37708\" alt=\"\" srcset=\"https:\/\/newvoiceinternational.com\/wp-content\/uploads\/2024\/04\/screenshot1_en-484x1024.png 484w, https:\/\/newvoiceinternational.com\/wp-content\/uploads\/2024\/04\/screenshot1_en-142x300.png 142w, https:\/\/newvoiceinternational.com\/wp-content\/uploads\/2024\/04\/screenshot1_en-768x1626.png 768w, https:\/\/newvoiceinternational.com\/wp-content\/uploads\/2024\/04\/screenshot1_en-725x1536.png 725w, https:\/\/newvoiceinternational.com\/wp-content\/uploads\/2024\/04\/screenshot1_en-967x2048.png 967w, https:\/\/newvoiceinternational.com\/wp-content\/uploads\/2024\/04\/screenshot1_en.png 1200w\" sizes=\"(max-width: 484px) 100vw, 484px\" \/>\t\t\t\t\t\t\t\t\t\t\t\t\t\t\t<\/div>\n\t\t\t\t<\/div>\n\t\t\t\t\t<\/div>\n\t\t<\/div>\n\t\t\t\t<div class=\"elementor-column elementor-col-33 elementor-top-column elementor-element elementor-element-b6bb748\" data-id=\"b6bb748\" data-element_type=\"column\" data-e-type=\"column\">\n\t\t\t<div class=\"elementor-widget-wrap elementor-element-populated\">\n\t\t\t\t\t\t<div class=\"elementor-element elementor-element-592d736 elementor-widget elementor-widget-image\" data-id=\"592d736\" data-element_type=\"widget\" data-e-type=\"widget\" data-widget_type=\"image.default\">\n\t\t\t\t<div class=\"elementor-widget-container\">\n\t\t\t\t\t\t\t\t\t\t\t\t\t\t\t<img decoding=\"async\" width=\"484\" height=\"1024\" src=\"https:\/\/newvoiceinternational.com\/wp-content\/uploads\/2024\/04\/screenshot2_de-484x1024.png\" class=\"attachment-large size-large wp-image-37715\" alt=\"\" srcset=\"https:\/\/newvoiceinternational.com\/wp-content\/uploads\/2024\/04\/screenshot2_de-484x1024.png 484w, https:\/\/newvoiceinternational.com\/wp-content\/uploads\/2024\/04\/screenshot2_de-142x300.png 142w, https:\/\/newvoiceinternational.com\/wp-content\/uploads\/2024\/04\/screenshot2_de-768x1626.png 768w, https:\/\/newvoiceinternational.com\/wp-content\/uploads\/2024\/04\/screenshot2_de-725x1536.png 725w, https:\/\/newvoiceinternational.com\/wp-content\/uploads\/2024\/04\/screenshot2_de-967x2048.png 967w, https:\/\/newvoiceinternational.com\/wp-content\/uploads\/2024\/04\/screenshot2_de.png 1200w\" sizes=\"(max-width: 484px) 100vw, 484px\" \/>\t\t\t\t\t\t\t\t\t\t\t\t\t\t\t<\/div>\n\t\t\t\t<\/div>\n\t\t\t\t\t<\/div>\n\t\t<\/div>\n\t\t\t\t\t<\/div>\n\t\t<\/section>\n\t\t\t\t<\/div>\n\t\t","protected":false},"excerpt":{"rendered":"<p>Alleinarbeiterschutz Alleinarbeitsplatzsicherung Die MobiCall-L\u00f6sung eignet sich f\u00fcr verschiedene Alarmtypen, einschlie\u00dflich Alarmmanagement, Verlust der Vertikalit\u00e4t und Immobilit\u00e4t. Sie gew\u00e4hrleistet eine kontinuierliche \u00dcberwachung von pers\u00f6nlichen Notrufger\u00e4ten und bietet Ortungsoptionen \u00fcber DECT, Wifi, Bluetooth Beacons und GPS. Dar\u00fcber hinaus erm\u00f6glicht sie die Visualisierung von Geb\u00e4ude- und Lagepl\u00e4nen f\u00fcr ein verbessertes Situationsbewusstsein. MobiCall.App: Mobiles Arbeiten mit Personenschutz Das System [&hellip;]<\/p>\n","protected":false},"author":5,"featured_media":0,"parent":0,"menu_order":0,"comment_status":"closed","ping_status":"closed","template":"elementor_header_footer","meta":{"_eb_attr":"","inline_featured_image":false,"footnotes":""},"class_list":["post-37796","page","type-page","status-publish","hentry"],"acf":[],"yoast_head":"<!-- This site is optimized with the Yoast SEO plugin v27.4 - https:\/\/yoast.com\/product\/yoast-seo-wordpress\/ -->\n<title>Lone Worker Protection- Facility Management - NewVoice International<\/title>\n<meta name=\"robots\" content=\"index, follow, max-snippet:-1, max-image-preview:large, max-video-preview:-1\" \/>\n<link rel=\"canonical\" href=\"https:\/\/newvoiceinternational.com\/de\/lone-worker-protection-facility-management\/\" \/>\n<meta property=\"og:locale\" content=\"de_DE\" \/>\n<meta property=\"og:type\" content=\"article\" \/>\n<meta property=\"og:title\" content=\"Lone Worker Protection- Facility Management - NewVoice International\" \/>\n<meta property=\"og:description\" content=\"Alleinarbeiterschutz Alleinarbeitsplatzsicherung Die MobiCall-L\u00f6sung eignet sich f\u00fcr verschiedene Alarmtypen, einschlie\u00dflich Alarmmanagement, Verlust der Vertikalit\u00e4t und Immobilit\u00e4t. Sie gew\u00e4hrleistet eine kontinuierliche \u00dcberwachung von pers\u00f6nlichen Notrufger\u00e4ten und bietet Ortungsoptionen \u00fcber DECT, Wifi, Bluetooth Beacons und GPS. Dar\u00fcber hinaus erm\u00f6glicht sie die Visualisierung von Geb\u00e4ude- und Lagepl\u00e4nen f\u00fcr ein verbessertes Situationsbewusstsein. MobiCall.App: Mobiles Arbeiten mit Personenschutz Das System [&hellip;]\" \/>\n<meta property=\"og:url\" content=\"https:\/\/newvoiceinternational.com\/de\/lone-worker-protection-facility-management\/\" \/>\n<meta property=\"og:site_name\" content=\"NewVoice International\" \/>\n<meta property=\"article:modified_time\" content=\"2024-04-17T10:13:18+00:00\" \/>\n<meta property=\"og:image\" content=\"https:\/\/newvoiceinternational.com\/wp-content\/uploads\/2024\/04\/screenshot1_en-484x1024.png\" \/>\n<meta name=\"twitter:card\" content=\"summary_large_image\" \/>\n<meta name=\"twitter:label1\" content=\"Gesch\u00e4tzte Lesezeit\" \/>\n\t<meta name=\"twitter:data1\" content=\"1\u00a0Minute\" \/>\n<script type=\"application\/ld+json\" class=\"yoast-schema-graph\">{\"@context\":\"https:\\\/\\\/schema.org\",\"@graph\":[{\"@type\":\"WebPage\",\"@id\":\"https:\\\/\\\/newvoiceinternational.com\\\/de\\\/lone-worker-protection-facility-management\\\/\",\"url\":\"https:\\\/\\\/newvoiceinternational.com\\\/de\\\/lone-worker-protection-facility-management\\\/\",\"name\":\"Lone Worker Protection- Facility Management - NewVoice International\",\"isPartOf\":{\"@id\":\"https:\\\/\\\/newvoiceinternational.com\\\/de\\\/#website\"},\"primaryImageOfPage\":{\"@id\":\"https:\\\/\\\/newvoiceinternational.com\\\/de\\\/lone-worker-protection-facility-management\\\/#primaryimage\"},\"image\":{\"@id\":\"https:\\\/\\\/newvoiceinternational.com\\\/de\\\/lone-worker-protection-facility-management\\\/#primaryimage\"},\"thumbnailUrl\":\"https:\\\/\\\/newvoiceinternational.com\\\/wp-content\\\/uploads\\\/2024\\\/04\\\/screenshot1_en-484x1024.png\",\"datePublished\":\"2024-04-17T09:39:00+00:00\",\"dateModified\":\"2024-04-17T10:13:18+00:00\",\"breadcrumb\":{\"@id\":\"https:\\\/\\\/newvoiceinternational.com\\\/de\\\/lone-worker-protection-facility-management\\\/#breadcrumb\"},\"inLanguage\":\"de\",\"potentialAction\":[{\"@type\":\"ReadAction\",\"target\":[\"https:\\\/\\\/newvoiceinternational.com\\\/de\\\/lone-worker-protection-facility-management\\\/\"]}]},{\"@type\":\"ImageObject\",\"inLanguage\":\"de\",\"@id\":\"https:\\\/\\\/newvoiceinternational.com\\\/de\\\/lone-worker-protection-facility-management\\\/#primaryimage\",\"url\":\"https:\\\/\\\/newvoiceinternational.com\\\/wp-content\\\/uploads\\\/2024\\\/04\\\/screenshot1_en-484x1024.png\",\"contentUrl\":\"https:\\\/\\\/newvoiceinternational.com\\\/wp-content\\\/uploads\\\/2024\\\/04\\\/screenshot1_en-484x1024.png\"},{\"@type\":\"BreadcrumbList\",\"@id\":\"https:\\\/\\\/newvoiceinternational.com\\\/de\\\/lone-worker-protection-facility-management\\\/#breadcrumb\",\"itemListElement\":[{\"@type\":\"ListItem\",\"position\":1,\"name\":\"Home\",\"item\":\"https:\\\/\\\/newvoiceinternational.com\\\/de\\\/\"},{\"@type\":\"ListItem\",\"position\":2,\"name\":\"Lone Worker Protection- Facility Management\"}]},{\"@type\":\"WebSite\",\"@id\":\"https:\\\/\\\/newvoiceinternational.com\\\/de\\\/#website\",\"url\":\"https:\\\/\\\/newvoiceinternational.com\\\/de\\\/\",\"name\":\"NewVoice International\",\"description\":\"\",\"publisher\":{\"@id\":\"https:\\\/\\\/newvoiceinternational.com\\\/de\\\/#organization\"},\"potentialAction\":[{\"@type\":\"SearchAction\",\"target\":{\"@type\":\"EntryPoint\",\"urlTemplate\":\"https:\\\/\\\/newvoiceinternational.com\\\/de\\\/?s={search_term_string}\"},\"query-input\":{\"@type\":\"PropertyValueSpecification\",\"valueRequired\":true,\"valueName\":\"search_term_string\"}}],\"inLanguage\":\"de\"},{\"@type\":\"Organization\",\"@id\":\"https:\\\/\\\/newvoiceinternational.com\\\/de\\\/#organization\",\"name\":\"NewVoice International\",\"url\":\"https:\\\/\\\/newvoiceinternational.com\\\/de\\\/\",\"logo\":{\"@type\":\"ImageObject\",\"inLanguage\":\"de\",\"@id\":\"https:\\\/\\\/newvoiceinternational.com\\\/de\\\/#\\\/schema\\\/logo\\\/image\\\/\",\"url\":\"https:\\\/\\\/newvoiceinternational.com\\\/wp-content\\\/uploads\\\/2022\\\/06\\\/NV_Logo_RGB.png\",\"contentUrl\":\"https:\\\/\\\/newvoiceinternational.com\\\/wp-content\\\/uploads\\\/2022\\\/06\\\/NV_Logo_RGB.png\",\"width\":1200,\"height\":315,\"caption\":\"NewVoice International\"},\"image\":{\"@id\":\"https:\\\/\\\/newvoiceinternational.com\\\/de\\\/#\\\/schema\\\/logo\\\/image\\\/\"}}]}<\/script>\n<!-- \/ Yoast SEO plugin. -->","yoast_head_json":{"title":"Lone Worker Protection- Facility Management - NewVoice International","robots":{"index":"index","follow":"follow","max-snippet":"max-snippet:-1","max-image-preview":"max-image-preview:large","max-video-preview":"max-video-preview:-1"},"canonical":"https:\/\/newvoiceinternational.com\/de\/lone-worker-protection-facility-management\/","og_locale":"de_DE","og_type":"article","og_title":"Lone Worker Protection- Facility Management - NewVoice International","og_description":"Alleinarbeiterschutz Alleinarbeitsplatzsicherung Die MobiCall-L\u00f6sung eignet sich f\u00fcr verschiedene Alarmtypen, einschlie\u00dflich Alarmmanagement, Verlust der Vertikalit\u00e4t und Immobilit\u00e4t. Sie gew\u00e4hrleistet eine kontinuierliche \u00dcberwachung von pers\u00f6nlichen Notrufger\u00e4ten und bietet Ortungsoptionen \u00fcber DECT, Wifi, Bluetooth Beacons und GPS. Dar\u00fcber hinaus erm\u00f6glicht sie die Visualisierung von Geb\u00e4ude- und Lagepl\u00e4nen f\u00fcr ein verbessertes Situationsbewusstsein. MobiCall.App: Mobiles Arbeiten mit Personenschutz Das System [&hellip;]","og_url":"https:\/\/newvoiceinternational.com\/de\/lone-worker-protection-facility-management\/","og_site_name":"NewVoice International","article_modified_time":"2024-04-17T10:13:18+00:00","og_image":[{"url":"https:\/\/newvoiceinternational.com\/wp-content\/uploads\/2024\/04\/screenshot1_en-484x1024.png","type":"","width":"","height":""}],"twitter_card":"summary_large_image","twitter_misc":{"Gesch\u00e4tzte Lesezeit":"1\u00a0Minute"},"schema":{"@context":"https:\/\/schema.org","@graph":[{"@type":"WebPage","@id":"https:\/\/newvoiceinternational.com\/de\/lone-worker-protection-facility-management\/","url":"https:\/\/newvoiceinternational.com\/de\/lone-worker-protection-facility-management\/","name":"Lone Worker Protection- Facility Management - NewVoice International","isPartOf":{"@id":"https:\/\/newvoiceinternational.com\/de\/#website"},"primaryImageOfPage":{"@id":"https:\/\/newvoiceinternational.com\/de\/lone-worker-protection-facility-management\/#primaryimage"},"image":{"@id":"https:\/\/newvoiceinternational.com\/de\/lone-worker-protection-facility-management\/#primaryimage"},"thumbnailUrl":"https:\/\/newvoiceinternational.com\/wp-content\/uploads\/2024\/04\/screenshot1_en-484x1024.png","datePublished":"2024-04-17T09:39:00+00:00","dateModified":"2024-04-17T10:13:18+00:00","breadcrumb":{"@id":"https:\/\/newvoiceinternational.com\/de\/lone-worker-protection-facility-management\/#breadcrumb"},"inLanguage":"de","potentialAction":[{"@type":"ReadAction","target":["https:\/\/newvoiceinternational.com\/de\/lone-worker-protection-facility-management\/"]}]},{"@type":"ImageObject","inLanguage":"de","@id":"https:\/\/newvoiceinternational.com\/de\/lone-worker-protection-facility-management\/#primaryimage","url":"https:\/\/newvoiceinternational.com\/wp-content\/uploads\/2024\/04\/screenshot1_en-484x1024.png","contentUrl":"https:\/\/newvoiceinternational.com\/wp-content\/uploads\/2024\/04\/screenshot1_en-484x1024.png"},{"@type":"BreadcrumbList","@id":"https:\/\/newvoiceinternational.com\/de\/lone-worker-protection-facility-management\/#breadcrumb","itemListElement":[{"@type":"ListItem","position":1,"name":"Home","item":"https:\/\/newvoiceinternational.com\/de\/"},{"@type":"ListItem","position":2,"name":"Lone Worker Protection- Facility Management"}]},{"@type":"WebSite","@id":"https:\/\/newvoiceinternational.com\/de\/#website","url":"https:\/\/newvoiceinternational.com\/de\/","name":"NewVoice International","description":"","publisher":{"@id":"https:\/\/newvoiceinternational.com\/de\/#organization"},"potentialAction":[{"@type":"SearchAction","target":{"@type":"EntryPoint","urlTemplate":"https:\/\/newvoiceinternational.com\/de\/?s={search_term_string}"},"query-input":{"@type":"PropertyValueSpecification","valueRequired":true,"valueName":"search_term_string"}}],"inLanguage":"de"},{"@type":"Organization","@id":"https:\/\/newvoiceinternational.com\/de\/#organization","name":"NewVoice International","url":"https:\/\/newvoiceinternational.com\/de\/","logo":{"@type":"ImageObject","inLanguage":"de","@id":"https:\/\/newvoiceinternational.com\/de\/#\/schema\/logo\/image\/","url":"https:\/\/newvoiceinternational.com\/wp-content\/uploads\/2022\/06\/NV_Logo_RGB.png","contentUrl":"https:\/\/newvoiceinternational.com\/wp-content\/uploads\/2022\/06\/NV_Logo_RGB.png","width":1200,"height":315,"caption":"NewVoice International"},"image":{"@id":"https:\/\/newvoiceinternational.com\/de\/#\/schema\/logo\/image\/"}}]}},"_links":{"self":[{"href":"https:\/\/newvoiceinternational.com\/de\/wp-json\/wp\/v2\/pages\/37796","targetHints":{"allow":["GET"]}}],"collection":[{"href":"https:\/\/newvoiceinternational.com\/de\/wp-json\/wp\/v2\/pages"}],"about":[{"href":"https:\/\/newvoiceinternational.com\/de\/wp-json\/wp\/v2\/types\/page"}],"author":[{"embeddable":true,"href":"https:\/\/newvoiceinternational.com\/de\/wp-json\/wp\/v2\/users\/5"}],"replies":[{"embeddable":true,"href":"https:\/\/newvoiceinternational.com\/de\/wp-json\/wp\/v2\/comments?post=37796"}],"version-history":[{"count":0,"href":"https:\/\/newvoiceinternational.com\/de\/wp-json\/wp\/v2\/pages\/37796\/revisions"}],"wp:attachment":[{"href":"https:\/\/newvoiceinternational.com\/de\/wp-json\/wp\/v2\/media?parent=37796"}],"curies":[{"name":"wp","href":"https:\/\/api.w.org\/{rel}","templated":true}]}}