{"id":37627,"date":"2024-04-16T10:22:21","date_gmt":"2024-04-16T09:22:21","guid":{"rendered":"https:\/\/newvoiceinternational.com\/enhancement-of-individual-safety-emergency-services\/"},"modified":"2024-04-16T13:08:26","modified_gmt":"2024-04-16T12:08:26","slug":"enhancement-of-individual-safety-emergency-services","status":"publish","type":"page","link":"https:\/\/newvoiceinternational.com\/de\/enhancement-of-individual-safety-emergency-services\/","title":{"rendered":"Enhancement of individual safety-Emergency Services"},"content":{"rendered":"\t\t<div data-elementor-type=\"wp-page\" data-elementor-id=\"37627\" class=\"elementor elementor-37627 elementor-37561\" data-elementor-post-type=\"page\">\n\t\t\t\t\t\t<section class=\"elementor-section elementor-top-section elementor-element elementor-element-dc0b67e elementor-section-boxed elementor-section-height-default elementor-section-height-default\" data-id=\"dc0b67e\" data-element_type=\"section\" data-e-type=\"section\">\n\t\t\t\t\t\t<div class=\"elementor-container elementor-column-gap-default\">\n\t\t\t\t\t<div class=\"elementor-column elementor-col-100 elementor-top-column elementor-element elementor-element-06f68cf\" data-id=\"06f68cf\" data-element_type=\"column\" data-e-type=\"column\">\n\t\t\t<div class=\"elementor-widget-wrap elementor-element-populated\">\n\t\t\t\t\t\t<div class=\"elementor-element elementor-element-937b6e2 elementor-widget elementor-widget-heading\" data-id=\"937b6e2\" data-element_type=\"widget\" data-e-type=\"widget\" data-widget_type=\"heading.default\">\n\t\t\t\t<div class=\"elementor-widget-container\">\n\t\t\t\t\t<h2 class=\"elementor-heading-title elementor-size-default\">Erh\u00f6hung Des Personenschutzes<\/h2>\t\t\t\t<\/div>\n\t\t\t\t<\/div>\n\t\t\t\t\t<\/div>\n\t\t<\/div>\n\t\t\t\t\t<\/div>\n\t\t<\/section>\n\t\t\t\t<section class=\"elementor-section elementor-top-section elementor-element elementor-element-8e20e35 elementor-section-boxed elementor-section-height-default elementor-section-height-default\" data-id=\"8e20e35\" data-element_type=\"section\" data-e-type=\"section\">\n\t\t\t\t\t\t<div class=\"elementor-container elementor-column-gap-default\">\n\t\t\t\t\t<div class=\"elementor-column elementor-col-100 elementor-top-column elementor-element elementor-element-79a0604\" data-id=\"79a0604\" data-element_type=\"column\" data-e-type=\"column\">\n\t\t\t<div class=\"elementor-widget-wrap elementor-element-populated\">\n\t\t\t\t\t\t<div class=\"elementor-element elementor-element-a2e2b96 elementor-widget elementor-widget-text-editor\" data-id=\"a2e2b96\" data-element_type=\"widget\" data-e-type=\"widget\" data-widget_type=\"text-editor.default\">\n\t\t\t\t<div class=\"elementor-widget-container\">\n\t\t\t\t\t\t\t\t\t<h5>Integration Mobiler Endger\u00e4te<\/h5><ul><li>Feste Schnellstart-Alarme f\u00fcr eine direkte Ausl\u00f6sung<\/li><li>Dynamische Alarme mit Bausteinen f\u00fcr Detailinformation, Ortsangabe, Bilder und Videos<\/li><li>Ausl\u00f6sung durch externe Komponenten (Bluetooth-Taster)<\/li><li>Eingabe von Dokumentationen und Geb\u00e4udepl\u00e4nen<\/li><li>Sicherheitsalarme f\u00fcr W\u00e4chter oder Sozialarbeiter<\/li><li>Zuweisung von Berechtigungen<\/li><li>Automatische \u00dcbermittlung von Alarmreports an Ausl\u00f6ser<\/li><li>Ausl\u00f6sung bei gesperrten Bildschirm*<\/li><li>Ausl\u00f6sung \u00fcber Hardware-Button*<\/li><li>Grafische Anzeige \u00fcber erfolgreiche Alarmausl\u00f6sung<\/li><li>Alarmausl\u00f6sung per Smartwatch<\/li><li>Automatische Initialisierung von Telefonkonferenzen<\/li><\/ul><p>\u00a0<\/p><h5>Integration Mobiler Endger\u00e4te<\/h5><ul><li>Alarme individuell und in der Gruppe empfangen<\/li><li>Positive und negative Quittierung<\/li><li>Auswahl von verschiedenen Ruft\u00f6nen, je nach Alarmpriorit\u00e4t<\/li><li>Akustischer Alarm auch im Lautlos-Modus<\/li><li>Anzeige von Geb\u00e4udepl\u00e4nen und Einbindung externer Karten<\/li><li>An- und Abmelden aus Alarmgruppe<\/li><li>Multimediale Integration inklusive Videostream<\/li><li>Alarmempfang auf Smartwatch<\/li><li>Direkte R\u00fcckruffunktion und Konferenzschaltung<\/li><\/ul><div class=\"elementor-element elementor-element-16ed8f2 elementor-widget elementor-widget-text-editor\" data-id=\"16ed8f2\" data-element_type=\"widget\" data-widget_type=\"text-editor.default\"><div class=\"elementor-widget-container\"><div class=\"elementor-text-editor elementor-clearfix\">\u00a0<\/div><\/div><\/div>\t\t\t\t\t\t\t\t<\/div>\n\t\t\t\t<\/div>\n\t\t\t\t\t<\/div>\n\t\t<\/div>\n\t\t\t\t\t<\/div>\n\t\t<\/section>\n\t\t\t\t<\/div>\n\t\t","protected":false},"excerpt":{"rendered":"<p>Erh\u00f6hung Des Personenschutzes Integration Mobiler Endger\u00e4te Feste Schnellstart-Alarme f\u00fcr eine direkte Ausl\u00f6sung Dynamische Alarme mit Bausteinen f\u00fcr Detailinformation, Ortsangabe, Bilder und Videos Ausl\u00f6sung durch externe Komponenten (Bluetooth-Taster) Eingabe von Dokumentationen und Geb\u00e4udepl\u00e4nen Sicherheitsalarme f\u00fcr W\u00e4chter oder Sozialarbeiter Zuweisung von Berechtigungen Automatische \u00dcbermittlung von Alarmreports an Ausl\u00f6ser Ausl\u00f6sung bei gesperrten Bildschirm* Ausl\u00f6sung \u00fcber Hardware-Button* Grafische Anzeige [&hellip;]<\/p>\n","protected":false},"author":5,"featured_media":0,"parent":0,"menu_order":0,"comment_status":"closed","ping_status":"closed","template":"elementor_header_footer","meta":{"_eb_attr":"","inline_featured_image":false,"footnotes":""},"class_list":["post-37627","page","type-page","status-publish","hentry"],"acf":[],"yoast_head":"<!-- This site is optimized with the Yoast SEO plugin v27.3 - https:\/\/yoast.com\/product\/yoast-seo-wordpress\/ -->\n<title>Enhancement of individual safety-Emergency Services - NewVoice International<\/title>\n<meta name=\"robots\" content=\"index, follow, max-snippet:-1, max-image-preview:large, max-video-preview:-1\" \/>\n<link rel=\"canonical\" href=\"https:\/\/newvoiceinternational.com\/de\/enhancement-of-individual-safety-emergency-services\/\" \/>\n<meta property=\"og:locale\" content=\"de_DE\" \/>\n<meta property=\"og:type\" content=\"article\" \/>\n<meta property=\"og:title\" content=\"Enhancement of individual safety-Emergency Services - NewVoice International\" \/>\n<meta property=\"og:description\" content=\"Erh\u00f6hung Des Personenschutzes Integration Mobiler Endger\u00e4te Feste Schnellstart-Alarme f\u00fcr eine direkte Ausl\u00f6sung Dynamische Alarme mit Bausteinen f\u00fcr Detailinformation, Ortsangabe, Bilder und Videos Ausl\u00f6sung durch externe Komponenten (Bluetooth-Taster) Eingabe von Dokumentationen und Geb\u00e4udepl\u00e4nen Sicherheitsalarme f\u00fcr W\u00e4chter oder Sozialarbeiter Zuweisung von Berechtigungen Automatische \u00dcbermittlung von Alarmreports an Ausl\u00f6ser Ausl\u00f6sung bei gesperrten Bildschirm* Ausl\u00f6sung \u00fcber Hardware-Button* Grafische Anzeige [&hellip;]\" \/>\n<meta property=\"og:url\" content=\"https:\/\/newvoiceinternational.com\/de\/enhancement-of-individual-safety-emergency-services\/\" \/>\n<meta property=\"og:site_name\" content=\"NewVoice International\" \/>\n<meta property=\"article:modified_time\" content=\"2024-04-16T12:08:26+00:00\" \/>\n<meta name=\"twitter:card\" content=\"summary_large_image\" \/>\n<meta name=\"twitter:label1\" content=\"Gesch\u00e4tzte Lesezeit\" \/>\n\t<meta name=\"twitter:data1\" content=\"1\u00a0Minute\" \/>\n<script type=\"application\/ld+json\" class=\"yoast-schema-graph\">{\"@context\":\"https:\\\/\\\/schema.org\",\"@graph\":[{\"@type\":\"WebPage\",\"@id\":\"https:\\\/\\\/newvoiceinternational.com\\\/de\\\/enhancement-of-individual-safety-emergency-services\\\/\",\"url\":\"https:\\\/\\\/newvoiceinternational.com\\\/de\\\/enhancement-of-individual-safety-emergency-services\\\/\",\"name\":\"Enhancement of individual safety-Emergency Services - NewVoice International\",\"isPartOf\":{\"@id\":\"https:\\\/\\\/newvoiceinternational.com\\\/de\\\/#website\"},\"datePublished\":\"2024-04-16T09:22:21+00:00\",\"dateModified\":\"2024-04-16T12:08:26+00:00\",\"breadcrumb\":{\"@id\":\"https:\\\/\\\/newvoiceinternational.com\\\/de\\\/enhancement-of-individual-safety-emergency-services\\\/#breadcrumb\"},\"inLanguage\":\"de\",\"potentialAction\":[{\"@type\":\"ReadAction\",\"target\":[\"https:\\\/\\\/newvoiceinternational.com\\\/de\\\/enhancement-of-individual-safety-emergency-services\\\/\"]}]},{\"@type\":\"BreadcrumbList\",\"@id\":\"https:\\\/\\\/newvoiceinternational.com\\\/de\\\/enhancement-of-individual-safety-emergency-services\\\/#breadcrumb\",\"itemListElement\":[{\"@type\":\"ListItem\",\"position\":1,\"name\":\"Home\",\"item\":\"https:\\\/\\\/newvoiceinternational.com\\\/de\\\/\"},{\"@type\":\"ListItem\",\"position\":2,\"name\":\"Enhancement of individual safety-Emergency Services\"}]},{\"@type\":\"WebSite\",\"@id\":\"https:\\\/\\\/newvoiceinternational.com\\\/de\\\/#website\",\"url\":\"https:\\\/\\\/newvoiceinternational.com\\\/de\\\/\",\"name\":\"NewVoice International\",\"description\":\"\",\"publisher\":{\"@id\":\"https:\\\/\\\/newvoiceinternational.com\\\/de\\\/#organization\"},\"potentialAction\":[{\"@type\":\"SearchAction\",\"target\":{\"@type\":\"EntryPoint\",\"urlTemplate\":\"https:\\\/\\\/newvoiceinternational.com\\\/de\\\/?s={search_term_string}\"},\"query-input\":{\"@type\":\"PropertyValueSpecification\",\"valueRequired\":true,\"valueName\":\"search_term_string\"}}],\"inLanguage\":\"de\"},{\"@type\":\"Organization\",\"@id\":\"https:\\\/\\\/newvoiceinternational.com\\\/de\\\/#organization\",\"name\":\"NewVoice International\",\"url\":\"https:\\\/\\\/newvoiceinternational.com\\\/de\\\/\",\"logo\":{\"@type\":\"ImageObject\",\"inLanguage\":\"de\",\"@id\":\"https:\\\/\\\/newvoiceinternational.com\\\/de\\\/#\\\/schema\\\/logo\\\/image\\\/\",\"url\":\"https:\\\/\\\/newvoiceinternational.com\\\/wp-content\\\/uploads\\\/2022\\\/06\\\/NV_Logo_RGB.png\",\"contentUrl\":\"https:\\\/\\\/newvoiceinternational.com\\\/wp-content\\\/uploads\\\/2022\\\/06\\\/NV_Logo_RGB.png\",\"width\":1200,\"height\":315,\"caption\":\"NewVoice International\"},\"image\":{\"@id\":\"https:\\\/\\\/newvoiceinternational.com\\\/de\\\/#\\\/schema\\\/logo\\\/image\\\/\"}}]}<\/script>\n<!-- \/ Yoast SEO plugin. -->","yoast_head_json":{"title":"Enhancement of individual safety-Emergency Services - NewVoice International","robots":{"index":"index","follow":"follow","max-snippet":"max-snippet:-1","max-image-preview":"max-image-preview:large","max-video-preview":"max-video-preview:-1"},"canonical":"https:\/\/newvoiceinternational.com\/de\/enhancement-of-individual-safety-emergency-services\/","og_locale":"de_DE","og_type":"article","og_title":"Enhancement of individual safety-Emergency Services - NewVoice International","og_description":"Erh\u00f6hung Des Personenschutzes Integration Mobiler Endger\u00e4te Feste Schnellstart-Alarme f\u00fcr eine direkte Ausl\u00f6sung Dynamische Alarme mit Bausteinen f\u00fcr Detailinformation, Ortsangabe, Bilder und Videos Ausl\u00f6sung durch externe Komponenten (Bluetooth-Taster) Eingabe von Dokumentationen und Geb\u00e4udepl\u00e4nen Sicherheitsalarme f\u00fcr W\u00e4chter oder Sozialarbeiter Zuweisung von Berechtigungen Automatische \u00dcbermittlung von Alarmreports an Ausl\u00f6ser Ausl\u00f6sung bei gesperrten Bildschirm* Ausl\u00f6sung \u00fcber Hardware-Button* Grafische Anzeige [&hellip;]","og_url":"https:\/\/newvoiceinternational.com\/de\/enhancement-of-individual-safety-emergency-services\/","og_site_name":"NewVoice International","article_modified_time":"2024-04-16T12:08:26+00:00","twitter_card":"summary_large_image","twitter_misc":{"Gesch\u00e4tzte Lesezeit":"1\u00a0Minute"},"schema":{"@context":"https:\/\/schema.org","@graph":[{"@type":"WebPage","@id":"https:\/\/newvoiceinternational.com\/de\/enhancement-of-individual-safety-emergency-services\/","url":"https:\/\/newvoiceinternational.com\/de\/enhancement-of-individual-safety-emergency-services\/","name":"Enhancement of individual safety-Emergency Services - NewVoice International","isPartOf":{"@id":"https:\/\/newvoiceinternational.com\/de\/#website"},"datePublished":"2024-04-16T09:22:21+00:00","dateModified":"2024-04-16T12:08:26+00:00","breadcrumb":{"@id":"https:\/\/newvoiceinternational.com\/de\/enhancement-of-individual-safety-emergency-services\/#breadcrumb"},"inLanguage":"de","potentialAction":[{"@type":"ReadAction","target":["https:\/\/newvoiceinternational.com\/de\/enhancement-of-individual-safety-emergency-services\/"]}]},{"@type":"BreadcrumbList","@id":"https:\/\/newvoiceinternational.com\/de\/enhancement-of-individual-safety-emergency-services\/#breadcrumb","itemListElement":[{"@type":"ListItem","position":1,"name":"Home","item":"https:\/\/newvoiceinternational.com\/de\/"},{"@type":"ListItem","position":2,"name":"Enhancement of individual safety-Emergency Services"}]},{"@type":"WebSite","@id":"https:\/\/newvoiceinternational.com\/de\/#website","url":"https:\/\/newvoiceinternational.com\/de\/","name":"NewVoice International","description":"","publisher":{"@id":"https:\/\/newvoiceinternational.com\/de\/#organization"},"potentialAction":[{"@type":"SearchAction","target":{"@type":"EntryPoint","urlTemplate":"https:\/\/newvoiceinternational.com\/de\/?s={search_term_string}"},"query-input":{"@type":"PropertyValueSpecification","valueRequired":true,"valueName":"search_term_string"}}],"inLanguage":"de"},{"@type":"Organization","@id":"https:\/\/newvoiceinternational.com\/de\/#organization","name":"NewVoice International","url":"https:\/\/newvoiceinternational.com\/de\/","logo":{"@type":"ImageObject","inLanguage":"de","@id":"https:\/\/newvoiceinternational.com\/de\/#\/schema\/logo\/image\/","url":"https:\/\/newvoiceinternational.com\/wp-content\/uploads\/2022\/06\/NV_Logo_RGB.png","contentUrl":"https:\/\/newvoiceinternational.com\/wp-content\/uploads\/2022\/06\/NV_Logo_RGB.png","width":1200,"height":315,"caption":"NewVoice International"},"image":{"@id":"https:\/\/newvoiceinternational.com\/de\/#\/schema\/logo\/image\/"}}]}},"_links":{"self":[{"href":"https:\/\/newvoiceinternational.com\/de\/wp-json\/wp\/v2\/pages\/37627","targetHints":{"allow":["GET"]}}],"collection":[{"href":"https:\/\/newvoiceinternational.com\/de\/wp-json\/wp\/v2\/pages"}],"about":[{"href":"https:\/\/newvoiceinternational.com\/de\/wp-json\/wp\/v2\/types\/page"}],"author":[{"embeddable":true,"href":"https:\/\/newvoiceinternational.com\/de\/wp-json\/wp\/v2\/users\/5"}],"replies":[{"embeddable":true,"href":"https:\/\/newvoiceinternational.com\/de\/wp-json\/wp\/v2\/comments?post=37627"}],"version-history":[{"count":0,"href":"https:\/\/newvoiceinternational.com\/de\/wp-json\/wp\/v2\/pages\/37627\/revisions"}],"wp:attachment":[{"href":"https:\/\/newvoiceinternational.com\/de\/wp-json\/wp\/v2\/media?parent=37627"}],"curies":[{"name":"wp","href":"https:\/\/api.w.org\/{rel}","templated":true}]}}