{"id":37622,"date":"2024-04-16T10:19:00","date_gmt":"2024-04-16T09:19:00","guid":{"rendered":"https:\/\/newvoiceinternational.com\/evacuation-and-emergency-management-emergency-services\/"},"modified":"2024-04-16T13:04:36","modified_gmt":"2024-04-16T12:04:36","slug":"evacuation-and-emergency-management-emergency-services","status":"publish","type":"page","link":"https:\/\/newvoiceinternational.com\/de\/evacuation-and-emergency-management-emergency-services\/","title":{"rendered":"Evacuation and emergency management- Emergency Services"},"content":{"rendered":"\t\t<div data-elementor-type=\"wp-page\" data-elementor-id=\"37622\" class=\"elementor elementor-37622 elementor-37556\" data-elementor-post-type=\"page\">\n\t\t\t\t\t\t<section class=\"elementor-section elementor-top-section elementor-element elementor-element-dc0b67e elementor-section-boxed elementor-section-height-default elementor-section-height-default\" data-id=\"dc0b67e\" data-element_type=\"section\" data-e-type=\"section\">\n\t\t\t\t\t\t<div class=\"elementor-container elementor-column-gap-default\">\n\t\t\t\t\t<div class=\"elementor-column elementor-col-100 elementor-top-column elementor-element elementor-element-06f68cf\" data-id=\"06f68cf\" data-element_type=\"column\" data-e-type=\"column\">\n\t\t\t<div class=\"elementor-widget-wrap elementor-element-populated\">\n\t\t\t\t\t\t<div class=\"elementor-element elementor-element-937b6e2 elementor-widget elementor-widget-heading\" data-id=\"937b6e2\" data-element_type=\"widget\" data-e-type=\"widget\" data-widget_type=\"heading.default\">\n\t\t\t\t<div class=\"elementor-widget-container\">\n\t\t\t\t\t<h2 class=\"elementor-heading-title elementor-size-default\">Evakuierung Und Notfallmanagement<\/h2>\t\t\t\t<\/div>\n\t\t\t\t<\/div>\n\t\t\t\t\t<\/div>\n\t\t<\/div>\n\t\t\t\t\t<\/div>\n\t\t<\/section>\n\t\t\t\t<section class=\"elementor-section elementor-top-section elementor-element elementor-element-7c0dbf3 elementor-section-boxed elementor-section-height-default elementor-section-height-default\" data-id=\"7c0dbf3\" data-element_type=\"section\" data-e-type=\"section\">\n\t\t\t\t\t\t<div class=\"elementor-container elementor-column-gap-default\">\n\t\t\t\t\t<div class=\"elementor-column elementor-col-100 elementor-top-column elementor-element elementor-element-eeffa9f\" data-id=\"eeffa9f\" data-element_type=\"column\" data-e-type=\"column\">\n\t\t\t<div class=\"elementor-widget-wrap elementor-element-populated\">\n\t\t\t\t\t\t<div class=\"elementor-element elementor-element-135adfb elementor-widget elementor-widget-text-editor\" data-id=\"135adfb\" data-element_type=\"widget\" data-e-type=\"widget\" data-widget_type=\"text-editor.default\">\n\t\t\t\t<div class=\"elementor-widget-container\">\n\t\t\t\t\t\t\t\t\t<h5><strong>Notruf<\/strong><\/h5><ul><li>112-Anruf mittels zentraler Ersthelferrufnummer<\/li><li>M\u00f6glichkeit zum Aufsprechen von Notfallinformationen<\/li><li>Feste und dynamische raumbezogene Alarmzuordnung<\/li><li>Automatischer Konferenzaufbau zwischen Ersthelfer mit optionaler<\/li><li>M\u00f6glichkeit zur Aufzeichnung und Weiterleitung<\/li><li>M\u00f6glichkeit der Weiterleitung an externe Stellen<\/li><li>Automatische Abschaltung von Maschinen im Notfall<\/li><\/ul><h5><strong>Krisentst\u00e4be Und Notfallkonferenzen<\/strong><\/h5><ul><li>Automatische und manuelles Starten von Telefonkonferenzen<\/li><li>M\u00f6glichkeit von Inbound-, Outbound- und gemischten Konferenzen<\/li><li>Anwahl verschiedener Rufnummernziele eines Teilnehmers<\/li><li>Option zur Aufzeichnung von Konferenzen<\/li><li>Konfiguration passwortgesch\u00fctzter<\/li><li>Zutrittskontrolle oder Identifizierung via Rufnummer<br \/>Webbasierende<\/li><li>Administrationsoberfl\u00e4che zur Verwaltung von Konferenzen<\/li><li>Dynamische Zuschaltung von Konferenzteilnehmer<\/li><\/ul><h5>Info Hotline<\/h5><ul><li>Automatische parallele Annahme von Anrufen<\/li><li>Flexible Anpassung freier oder vordefinierter Ansagen<\/li><li>M\u00f6glichkeit f\u00fcr mehrstufigen IVR-Men\u00fcs<\/li><li>VIP Schaltung wichtiger Rufnummern<\/li><li>M\u00f6glichkeiten der Teil- oder Gesamt-Sperrung von Rufnummern<\/li><li>Einsparung wichtiger personeller Ressourcen<\/li><li>Bev\u00f6lkerungsalarmierung<\/li><li>Umfangreiche Statistik und Protokollierung<\/li><\/ul>\t\t\t\t\t\t\t\t<\/div>\n\t\t\t\t<\/div>\n\t\t\t\t\t<\/div>\n\t\t<\/div>\n\t\t\t\t\t<\/div>\n\t\t<\/section>\n\t\t\t\t<\/div>\n\t\t","protected":false},"excerpt":{"rendered":"<p>Evakuierung Und Notfallmanagement Notruf 112-Anruf mittels zentraler Ersthelferrufnummer M\u00f6glichkeit zum Aufsprechen von Notfallinformationen Feste und dynamische raumbezogene Alarmzuordnung Automatischer Konferenzaufbau zwischen Ersthelfer mit optionaler M\u00f6glichkeit zur Aufzeichnung und Weiterleitung M\u00f6glichkeit der Weiterleitung an externe Stellen Automatische Abschaltung von Maschinen im Notfall Krisentst\u00e4be Und Notfallkonferenzen Automatische und manuelles Starten von Telefonkonferenzen M\u00f6glichkeit von Inbound-, Outbound- und [&hellip;]<\/p>\n","protected":false},"author":5,"featured_media":0,"parent":0,"menu_order":0,"comment_status":"closed","ping_status":"closed","template":"elementor_header_footer","meta":{"_eb_attr":"","inline_featured_image":false,"footnotes":""},"class_list":["post-37622","page","type-page","status-publish","hentry"],"acf":[],"yoast_head":"<!-- This site is optimized with the Yoast SEO plugin v27.3 - https:\/\/yoast.com\/product\/yoast-seo-wordpress\/ -->\n<title>Evacuation and emergency management- Emergency Services - NewVoice International<\/title>\n<meta name=\"robots\" content=\"index, follow, max-snippet:-1, max-image-preview:large, max-video-preview:-1\" \/>\n<link rel=\"canonical\" href=\"https:\/\/newvoiceinternational.com\/de\/evacuation-and-emergency-management-emergency-services\/\" \/>\n<meta property=\"og:locale\" content=\"de_DE\" \/>\n<meta property=\"og:type\" content=\"article\" \/>\n<meta property=\"og:title\" content=\"Evacuation and emergency management- Emergency Services - NewVoice International\" \/>\n<meta property=\"og:description\" content=\"Evakuierung Und Notfallmanagement Notruf 112-Anruf mittels zentraler Ersthelferrufnummer M\u00f6glichkeit zum Aufsprechen von Notfallinformationen Feste und dynamische raumbezogene Alarmzuordnung Automatischer Konferenzaufbau zwischen Ersthelfer mit optionaler M\u00f6glichkeit zur Aufzeichnung und Weiterleitung M\u00f6glichkeit der Weiterleitung an externe Stellen Automatische Abschaltung von Maschinen im Notfall Krisentst\u00e4be Und Notfallkonferenzen Automatische und manuelles Starten von Telefonkonferenzen M\u00f6glichkeit von Inbound-, Outbound- und [&hellip;]\" \/>\n<meta property=\"og:url\" content=\"https:\/\/newvoiceinternational.com\/de\/evacuation-and-emergency-management-emergency-services\/\" \/>\n<meta property=\"og:site_name\" content=\"NewVoice International\" \/>\n<meta property=\"article:modified_time\" content=\"2024-04-16T12:04:36+00:00\" \/>\n<meta name=\"twitter:card\" content=\"summary_large_image\" \/>\n<meta name=\"twitter:label1\" content=\"Gesch\u00e4tzte Lesezeit\" \/>\n\t<meta name=\"twitter:data1\" content=\"1\u00a0Minute\" \/>\n<script type=\"application\/ld+json\" class=\"yoast-schema-graph\">{\"@context\":\"https:\\\/\\\/schema.org\",\"@graph\":[{\"@type\":\"WebPage\",\"@id\":\"https:\\\/\\\/newvoiceinternational.com\\\/de\\\/evacuation-and-emergency-management-emergency-services\\\/\",\"url\":\"https:\\\/\\\/newvoiceinternational.com\\\/de\\\/evacuation-and-emergency-management-emergency-services\\\/\",\"name\":\"Evacuation and emergency management- Emergency Services - NewVoice International\",\"isPartOf\":{\"@id\":\"https:\\\/\\\/newvoiceinternational.com\\\/de\\\/#website\"},\"datePublished\":\"2024-04-16T09:19:00+00:00\",\"dateModified\":\"2024-04-16T12:04:36+00:00\",\"breadcrumb\":{\"@id\":\"https:\\\/\\\/newvoiceinternational.com\\\/de\\\/evacuation-and-emergency-management-emergency-services\\\/#breadcrumb\"},\"inLanguage\":\"de\",\"potentialAction\":[{\"@type\":\"ReadAction\",\"target\":[\"https:\\\/\\\/newvoiceinternational.com\\\/de\\\/evacuation-and-emergency-management-emergency-services\\\/\"]}]},{\"@type\":\"BreadcrumbList\",\"@id\":\"https:\\\/\\\/newvoiceinternational.com\\\/de\\\/evacuation-and-emergency-management-emergency-services\\\/#breadcrumb\",\"itemListElement\":[{\"@type\":\"ListItem\",\"position\":1,\"name\":\"Home\",\"item\":\"https:\\\/\\\/newvoiceinternational.com\\\/de\\\/\"},{\"@type\":\"ListItem\",\"position\":2,\"name\":\"Evacuation and emergency management- Emergency Services\"}]},{\"@type\":\"WebSite\",\"@id\":\"https:\\\/\\\/newvoiceinternational.com\\\/de\\\/#website\",\"url\":\"https:\\\/\\\/newvoiceinternational.com\\\/de\\\/\",\"name\":\"NewVoice International\",\"description\":\"\",\"publisher\":{\"@id\":\"https:\\\/\\\/newvoiceinternational.com\\\/de\\\/#organization\"},\"potentialAction\":[{\"@type\":\"SearchAction\",\"target\":{\"@type\":\"EntryPoint\",\"urlTemplate\":\"https:\\\/\\\/newvoiceinternational.com\\\/de\\\/?s={search_term_string}\"},\"query-input\":{\"@type\":\"PropertyValueSpecification\",\"valueRequired\":true,\"valueName\":\"search_term_string\"}}],\"inLanguage\":\"de\"},{\"@type\":\"Organization\",\"@id\":\"https:\\\/\\\/newvoiceinternational.com\\\/de\\\/#organization\",\"name\":\"NewVoice International\",\"url\":\"https:\\\/\\\/newvoiceinternational.com\\\/de\\\/\",\"logo\":{\"@type\":\"ImageObject\",\"inLanguage\":\"de\",\"@id\":\"https:\\\/\\\/newvoiceinternational.com\\\/de\\\/#\\\/schema\\\/logo\\\/image\\\/\",\"url\":\"https:\\\/\\\/newvoiceinternational.com\\\/wp-content\\\/uploads\\\/2022\\\/06\\\/NV_Logo_RGB.png\",\"contentUrl\":\"https:\\\/\\\/newvoiceinternational.com\\\/wp-content\\\/uploads\\\/2022\\\/06\\\/NV_Logo_RGB.png\",\"width\":1200,\"height\":315,\"caption\":\"NewVoice International\"},\"image\":{\"@id\":\"https:\\\/\\\/newvoiceinternational.com\\\/de\\\/#\\\/schema\\\/logo\\\/image\\\/\"}}]}<\/script>\n<!-- \/ Yoast SEO plugin. -->","yoast_head_json":{"title":"Evacuation and emergency management- Emergency Services - NewVoice International","robots":{"index":"index","follow":"follow","max-snippet":"max-snippet:-1","max-image-preview":"max-image-preview:large","max-video-preview":"max-video-preview:-1"},"canonical":"https:\/\/newvoiceinternational.com\/de\/evacuation-and-emergency-management-emergency-services\/","og_locale":"de_DE","og_type":"article","og_title":"Evacuation and emergency management- Emergency Services - NewVoice International","og_description":"Evakuierung Und Notfallmanagement Notruf 112-Anruf mittels zentraler Ersthelferrufnummer M\u00f6glichkeit zum Aufsprechen von Notfallinformationen Feste und dynamische raumbezogene Alarmzuordnung Automatischer Konferenzaufbau zwischen Ersthelfer mit optionaler M\u00f6glichkeit zur Aufzeichnung und Weiterleitung M\u00f6glichkeit der Weiterleitung an externe Stellen Automatische Abschaltung von Maschinen im Notfall Krisentst\u00e4be Und Notfallkonferenzen Automatische und manuelles Starten von Telefonkonferenzen M\u00f6glichkeit von Inbound-, Outbound- und [&hellip;]","og_url":"https:\/\/newvoiceinternational.com\/de\/evacuation-and-emergency-management-emergency-services\/","og_site_name":"NewVoice International","article_modified_time":"2024-04-16T12:04:36+00:00","twitter_card":"summary_large_image","twitter_misc":{"Gesch\u00e4tzte Lesezeit":"1\u00a0Minute"},"schema":{"@context":"https:\/\/schema.org","@graph":[{"@type":"WebPage","@id":"https:\/\/newvoiceinternational.com\/de\/evacuation-and-emergency-management-emergency-services\/","url":"https:\/\/newvoiceinternational.com\/de\/evacuation-and-emergency-management-emergency-services\/","name":"Evacuation and emergency management- Emergency Services - NewVoice International","isPartOf":{"@id":"https:\/\/newvoiceinternational.com\/de\/#website"},"datePublished":"2024-04-16T09:19:00+00:00","dateModified":"2024-04-16T12:04:36+00:00","breadcrumb":{"@id":"https:\/\/newvoiceinternational.com\/de\/evacuation-and-emergency-management-emergency-services\/#breadcrumb"},"inLanguage":"de","potentialAction":[{"@type":"ReadAction","target":["https:\/\/newvoiceinternational.com\/de\/evacuation-and-emergency-management-emergency-services\/"]}]},{"@type":"BreadcrumbList","@id":"https:\/\/newvoiceinternational.com\/de\/evacuation-and-emergency-management-emergency-services\/#breadcrumb","itemListElement":[{"@type":"ListItem","position":1,"name":"Home","item":"https:\/\/newvoiceinternational.com\/de\/"},{"@type":"ListItem","position":2,"name":"Evacuation and emergency management- Emergency Services"}]},{"@type":"WebSite","@id":"https:\/\/newvoiceinternational.com\/de\/#website","url":"https:\/\/newvoiceinternational.com\/de\/","name":"NewVoice International","description":"","publisher":{"@id":"https:\/\/newvoiceinternational.com\/de\/#organization"},"potentialAction":[{"@type":"SearchAction","target":{"@type":"EntryPoint","urlTemplate":"https:\/\/newvoiceinternational.com\/de\/?s={search_term_string}"},"query-input":{"@type":"PropertyValueSpecification","valueRequired":true,"valueName":"search_term_string"}}],"inLanguage":"de"},{"@type":"Organization","@id":"https:\/\/newvoiceinternational.com\/de\/#organization","name":"NewVoice International","url":"https:\/\/newvoiceinternational.com\/de\/","logo":{"@type":"ImageObject","inLanguage":"de","@id":"https:\/\/newvoiceinternational.com\/de\/#\/schema\/logo\/image\/","url":"https:\/\/newvoiceinternational.com\/wp-content\/uploads\/2022\/06\/NV_Logo_RGB.png","contentUrl":"https:\/\/newvoiceinternational.com\/wp-content\/uploads\/2022\/06\/NV_Logo_RGB.png","width":1200,"height":315,"caption":"NewVoice International"},"image":{"@id":"https:\/\/newvoiceinternational.com\/de\/#\/schema\/logo\/image\/"}}]}},"_links":{"self":[{"href":"https:\/\/newvoiceinternational.com\/de\/wp-json\/wp\/v2\/pages\/37622","targetHints":{"allow":["GET"]}}],"collection":[{"href":"https:\/\/newvoiceinternational.com\/de\/wp-json\/wp\/v2\/pages"}],"about":[{"href":"https:\/\/newvoiceinternational.com\/de\/wp-json\/wp\/v2\/types\/page"}],"author":[{"embeddable":true,"href":"https:\/\/newvoiceinternational.com\/de\/wp-json\/wp\/v2\/users\/5"}],"replies":[{"embeddable":true,"href":"https:\/\/newvoiceinternational.com\/de\/wp-json\/wp\/v2\/comments?post=37622"}],"version-history":[{"count":0,"href":"https:\/\/newvoiceinternational.com\/de\/wp-json\/wp\/v2\/pages\/37622\/revisions"}],"wp:attachment":[{"href":"https:\/\/newvoiceinternational.com\/de\/wp-json\/wp\/v2\/media?parent=37622"}],"curies":[{"name":"wp","href":"https:\/\/api.w.org\/{rel}","templated":true}]}}