{"id":37617,"date":"2024-04-16T10:15:48","date_gmt":"2024-04-16T09:15:48","guid":{"rendered":"https:\/\/newvoiceinternational.com\/physical-security-information-management-emergency-services\/"},"modified":"2024-04-16T13:01:02","modified_gmt":"2024-04-16T12:01:02","slug":"physical-security-information-management-emergency-services","status":"publish","type":"page","link":"https:\/\/newvoiceinternational.com\/de\/physical-security-information-management-emergency-services\/","title":{"rendered":"Physical Security Information Management- Emergency Services"},"content":{"rendered":"\t\t<div data-elementor-type=\"wp-page\" data-elementor-id=\"37617\" class=\"elementor elementor-37617 elementor-37551\" data-elementor-post-type=\"page\">\n\t\t\t\t\t\t<section class=\"elementor-section elementor-top-section elementor-element elementor-element-dc0b67e elementor-section-boxed elementor-section-height-default elementor-section-height-default\" data-id=\"dc0b67e\" data-element_type=\"section\" data-e-type=\"section\">\n\t\t\t\t\t\t<div class=\"elementor-container elementor-column-gap-default\">\n\t\t\t\t\t<div class=\"elementor-column elementor-col-100 elementor-top-column elementor-element elementor-element-06f68cf\" data-id=\"06f68cf\" data-element_type=\"column\" data-e-type=\"column\">\n\t\t\t<div class=\"elementor-widget-wrap elementor-element-populated\">\n\t\t\t\t\t\t<div class=\"elementor-element elementor-element-937b6e2 elementor-widget elementor-widget-heading\" data-id=\"937b6e2\" data-element_type=\"widget\" data-e-type=\"widget\" data-widget_type=\"heading.default\">\n\t\t\t\t<div class=\"elementor-widget-container\">\n\t\t\t\t\t<h2 class=\"elementor-heading-title elementor-size-default\">Physical Security Information Management<\/h2>\t\t\t\t<\/div>\n\t\t\t\t<\/div>\n\t\t\t\t\t<\/div>\n\t\t<\/div>\n\t\t\t\t\t<\/div>\n\t\t<\/section>\n\t\t\t\t<section class=\"elementor-section elementor-top-section elementor-element elementor-element-82bc55e elementor-section-boxed elementor-section-height-default elementor-section-height-default\" data-id=\"82bc55e\" data-element_type=\"section\" data-e-type=\"section\">\n\t\t\t\t\t\t<div class=\"elementor-container elementor-column-gap-default\">\n\t\t\t\t\t<div class=\"elementor-column elementor-col-100 elementor-top-column elementor-element elementor-element-2b8f07f\" data-id=\"2b8f07f\" data-element_type=\"column\" data-e-type=\"column\">\n\t\t\t<div class=\"elementor-widget-wrap elementor-element-populated\">\n\t\t\t\t\t\t<div class=\"elementor-element elementor-element-cd7989d elementor-widget elementor-widget-text-editor\" data-id=\"cd7989d\" data-element_type=\"widget\" data-e-type=\"widget\" data-widget_type=\"text-editor.default\">\n\t\t\t\t<div class=\"elementor-widget-container\">\n\t\t\t\t\t\t\t\t\t<p><strong>LEITSTELLEN- UND GEFAHRENMANAGEMENT<\/strong><\/p><p>\u00a0<\/p><ul><li>Zentrale Darstellung aller zu \u00fcberwachender Datenquellen<\/li><li>Einberufung von Krisenst\u00e4ben<\/li><li>M\u00f6glichkeit der Bereitschaftsalarmierung<\/li><li>Live-Monitoring von Alarm- und Informationsverteilungen<\/li><li>Pr\u00e4sensstatusabh\u00e4ngige Alarmierung<\/li><li>Hinterlegung von Bereitschaftspl\u00e4nen<\/li><li>Automatischer Import von Alarmpl\u00e4nen<\/li><li>Integrierte Gespr\u00e4chsaufzeichnung<\/li><li>Initialisierung von Notfallkonferenzen<\/li><li>Georedundante Auslegung der Komponenten<\/li><li>Integration von Digitalfunk und Smartphone Clients<\/li><\/ul><p>\u00a0<\/p><div class=\"elementor-element elementor-element-7810e1a elementor-widget elementor-widget-text-editor\" data-id=\"7810e1a\" data-element_type=\"widget\" data-widget_type=\"text-editor.default\"><div class=\"elementor-widget-container\"><div class=\"elementor-text-editor elementor-clearfix\"><h4 class=\"mk-fancy-title simple-style color-single\">SICHERHEITSTECHNIK<\/h4><ul><li class=\"mk-fancy-title simple-style color-single\">Plattformunabh\u00e4ngige Integration von Sicherheitstechnik<\/li><li class=\"mk-fancy-title simple-style color-single\">Permanente \u00dcberwachung von kritischen Komponenten<\/li><li class=\"mk-fancy-title simple-style color-single\">M\u00f6glichkeit zur Erfassung lokaler Alarme mit Zweitwegalarmierung \u00fcber GSM<\/li><li class=\"mk-fancy-title simple-style color-single\">\u00dcbertragung von Kamerabildern direkt auf den Smartphone Client<\/li><li class=\"mk-fancy-title simple-style color-single\">Entwarnungs- und Informationsfunktion<\/li><\/ul><\/div><\/div><\/div>\t\t\t\t\t\t\t\t<\/div>\n\t\t\t\t<\/div>\n\t\t\t\t\t<\/div>\n\t\t<\/div>\n\t\t\t\t\t<\/div>\n\t\t<\/section>\n\t\t\t\t<\/div>\n\t\t","protected":false},"excerpt":{"rendered":"<p>Physical Security Information Management LEITSTELLEN- UND GEFAHRENMANAGEMENT \u00a0 Zentrale Darstellung aller zu \u00fcberwachender Datenquellen Einberufung von Krisenst\u00e4ben M\u00f6glichkeit der Bereitschaftsalarmierung Live-Monitoring von Alarm- und Informationsverteilungen Pr\u00e4sensstatusabh\u00e4ngige Alarmierung Hinterlegung von Bereitschaftspl\u00e4nen Automatischer Import von Alarmpl\u00e4nen Integrierte Gespr\u00e4chsaufzeichnung Initialisierung von Notfallkonferenzen Georedundante Auslegung der Komponenten Integration von Digitalfunk und Smartphone Clients \u00a0 SICHERHEITSTECHNIK Plattformunabh\u00e4ngige Integration von Sicherheitstechnik [&hellip;]<\/p>\n","protected":false},"author":5,"featured_media":0,"parent":0,"menu_order":0,"comment_status":"closed","ping_status":"closed","template":"elementor_header_footer","meta":{"_eb_attr":"","inline_featured_image":false,"footnotes":""},"class_list":["post-37617","page","type-page","status-publish","hentry"],"acf":[],"yoast_head":"<!-- This site is optimized with the Yoast SEO plugin v27.3 - https:\/\/yoast.com\/product\/yoast-seo-wordpress\/ -->\n<title>Physical Security Information Management- Emergency Services - NewVoice International<\/title>\n<meta name=\"robots\" content=\"index, follow, max-snippet:-1, max-image-preview:large, max-video-preview:-1\" \/>\n<link rel=\"canonical\" href=\"https:\/\/newvoiceinternational.com\/de\/physical-security-information-management-emergency-services\/\" \/>\n<meta property=\"og:locale\" content=\"de_DE\" \/>\n<meta property=\"og:type\" content=\"article\" \/>\n<meta property=\"og:title\" content=\"Physical Security Information Management- Emergency Services - NewVoice International\" \/>\n<meta property=\"og:description\" content=\"Physical Security Information Management LEITSTELLEN- UND GEFAHRENMANAGEMENT \u00a0 Zentrale Darstellung aller zu \u00fcberwachender Datenquellen Einberufung von Krisenst\u00e4ben M\u00f6glichkeit der Bereitschaftsalarmierung Live-Monitoring von Alarm- und Informationsverteilungen Pr\u00e4sensstatusabh\u00e4ngige Alarmierung Hinterlegung von Bereitschaftspl\u00e4nen Automatischer Import von Alarmpl\u00e4nen Integrierte Gespr\u00e4chsaufzeichnung Initialisierung von Notfallkonferenzen Georedundante Auslegung der Komponenten Integration von Digitalfunk und Smartphone Clients \u00a0 SICHERHEITSTECHNIK Plattformunabh\u00e4ngige Integration von Sicherheitstechnik [&hellip;]\" \/>\n<meta property=\"og:url\" content=\"https:\/\/newvoiceinternational.com\/de\/physical-security-information-management-emergency-services\/\" \/>\n<meta property=\"og:site_name\" content=\"NewVoice International\" \/>\n<meta property=\"article:modified_time\" content=\"2024-04-16T12:01:02+00:00\" \/>\n<meta name=\"twitter:card\" content=\"summary_large_image\" \/>\n<meta name=\"twitter:label1\" content=\"Gesch\u00e4tzte Lesezeit\" \/>\n\t<meta name=\"twitter:data1\" content=\"1\u00a0Minute\" \/>\n<script type=\"application\/ld+json\" class=\"yoast-schema-graph\">{\"@context\":\"https:\\\/\\\/schema.org\",\"@graph\":[{\"@type\":\"WebPage\",\"@id\":\"https:\\\/\\\/newvoiceinternational.com\\\/de\\\/physical-security-information-management-emergency-services\\\/\",\"url\":\"https:\\\/\\\/newvoiceinternational.com\\\/de\\\/physical-security-information-management-emergency-services\\\/\",\"name\":\"Physical Security Information Management- Emergency Services - NewVoice International\",\"isPartOf\":{\"@id\":\"https:\\\/\\\/newvoiceinternational.com\\\/de\\\/#website\"},\"datePublished\":\"2024-04-16T09:15:48+00:00\",\"dateModified\":\"2024-04-16T12:01:02+00:00\",\"breadcrumb\":{\"@id\":\"https:\\\/\\\/newvoiceinternational.com\\\/de\\\/physical-security-information-management-emergency-services\\\/#breadcrumb\"},\"inLanguage\":\"de\",\"potentialAction\":[{\"@type\":\"ReadAction\",\"target\":[\"https:\\\/\\\/newvoiceinternational.com\\\/de\\\/physical-security-information-management-emergency-services\\\/\"]}]},{\"@type\":\"BreadcrumbList\",\"@id\":\"https:\\\/\\\/newvoiceinternational.com\\\/de\\\/physical-security-information-management-emergency-services\\\/#breadcrumb\",\"itemListElement\":[{\"@type\":\"ListItem\",\"position\":1,\"name\":\"Home\",\"item\":\"https:\\\/\\\/newvoiceinternational.com\\\/de\\\/\"},{\"@type\":\"ListItem\",\"position\":2,\"name\":\"Physical Security Information Management- Emergency Services\"}]},{\"@type\":\"WebSite\",\"@id\":\"https:\\\/\\\/newvoiceinternational.com\\\/de\\\/#website\",\"url\":\"https:\\\/\\\/newvoiceinternational.com\\\/de\\\/\",\"name\":\"NewVoice International\",\"description\":\"\",\"publisher\":{\"@id\":\"https:\\\/\\\/newvoiceinternational.com\\\/de\\\/#organization\"},\"potentialAction\":[{\"@type\":\"SearchAction\",\"target\":{\"@type\":\"EntryPoint\",\"urlTemplate\":\"https:\\\/\\\/newvoiceinternational.com\\\/de\\\/?s={search_term_string}\"},\"query-input\":{\"@type\":\"PropertyValueSpecification\",\"valueRequired\":true,\"valueName\":\"search_term_string\"}}],\"inLanguage\":\"de\"},{\"@type\":\"Organization\",\"@id\":\"https:\\\/\\\/newvoiceinternational.com\\\/de\\\/#organization\",\"name\":\"NewVoice International\",\"url\":\"https:\\\/\\\/newvoiceinternational.com\\\/de\\\/\",\"logo\":{\"@type\":\"ImageObject\",\"inLanguage\":\"de\",\"@id\":\"https:\\\/\\\/newvoiceinternational.com\\\/de\\\/#\\\/schema\\\/logo\\\/image\\\/\",\"url\":\"https:\\\/\\\/newvoiceinternational.com\\\/wp-content\\\/uploads\\\/2022\\\/06\\\/NV_Logo_RGB.png\",\"contentUrl\":\"https:\\\/\\\/newvoiceinternational.com\\\/wp-content\\\/uploads\\\/2022\\\/06\\\/NV_Logo_RGB.png\",\"width\":1200,\"height\":315,\"caption\":\"NewVoice International\"},\"image\":{\"@id\":\"https:\\\/\\\/newvoiceinternational.com\\\/de\\\/#\\\/schema\\\/logo\\\/image\\\/\"}}]}<\/script>\n<!-- \/ Yoast SEO plugin. -->","yoast_head_json":{"title":"Physical Security Information Management- Emergency Services - NewVoice International","robots":{"index":"index","follow":"follow","max-snippet":"max-snippet:-1","max-image-preview":"max-image-preview:large","max-video-preview":"max-video-preview:-1"},"canonical":"https:\/\/newvoiceinternational.com\/de\/physical-security-information-management-emergency-services\/","og_locale":"de_DE","og_type":"article","og_title":"Physical Security Information Management- Emergency Services - NewVoice International","og_description":"Physical Security Information Management LEITSTELLEN- UND GEFAHRENMANAGEMENT \u00a0 Zentrale Darstellung aller zu \u00fcberwachender Datenquellen Einberufung von Krisenst\u00e4ben M\u00f6glichkeit der Bereitschaftsalarmierung Live-Monitoring von Alarm- und Informationsverteilungen Pr\u00e4sensstatusabh\u00e4ngige Alarmierung Hinterlegung von Bereitschaftspl\u00e4nen Automatischer Import von Alarmpl\u00e4nen Integrierte Gespr\u00e4chsaufzeichnung Initialisierung von Notfallkonferenzen Georedundante Auslegung der Komponenten Integration von Digitalfunk und Smartphone Clients \u00a0 SICHERHEITSTECHNIK Plattformunabh\u00e4ngige Integration von Sicherheitstechnik [&hellip;]","og_url":"https:\/\/newvoiceinternational.com\/de\/physical-security-information-management-emergency-services\/","og_site_name":"NewVoice International","article_modified_time":"2024-04-16T12:01:02+00:00","twitter_card":"summary_large_image","twitter_misc":{"Gesch\u00e4tzte Lesezeit":"1\u00a0Minute"},"schema":{"@context":"https:\/\/schema.org","@graph":[{"@type":"WebPage","@id":"https:\/\/newvoiceinternational.com\/de\/physical-security-information-management-emergency-services\/","url":"https:\/\/newvoiceinternational.com\/de\/physical-security-information-management-emergency-services\/","name":"Physical Security Information Management- Emergency Services - NewVoice International","isPartOf":{"@id":"https:\/\/newvoiceinternational.com\/de\/#website"},"datePublished":"2024-04-16T09:15:48+00:00","dateModified":"2024-04-16T12:01:02+00:00","breadcrumb":{"@id":"https:\/\/newvoiceinternational.com\/de\/physical-security-information-management-emergency-services\/#breadcrumb"},"inLanguage":"de","potentialAction":[{"@type":"ReadAction","target":["https:\/\/newvoiceinternational.com\/de\/physical-security-information-management-emergency-services\/"]}]},{"@type":"BreadcrumbList","@id":"https:\/\/newvoiceinternational.com\/de\/physical-security-information-management-emergency-services\/#breadcrumb","itemListElement":[{"@type":"ListItem","position":1,"name":"Home","item":"https:\/\/newvoiceinternational.com\/de\/"},{"@type":"ListItem","position":2,"name":"Physical Security Information Management- Emergency Services"}]},{"@type":"WebSite","@id":"https:\/\/newvoiceinternational.com\/de\/#website","url":"https:\/\/newvoiceinternational.com\/de\/","name":"NewVoice International","description":"","publisher":{"@id":"https:\/\/newvoiceinternational.com\/de\/#organization"},"potentialAction":[{"@type":"SearchAction","target":{"@type":"EntryPoint","urlTemplate":"https:\/\/newvoiceinternational.com\/de\/?s={search_term_string}"},"query-input":{"@type":"PropertyValueSpecification","valueRequired":true,"valueName":"search_term_string"}}],"inLanguage":"de"},{"@type":"Organization","@id":"https:\/\/newvoiceinternational.com\/de\/#organization","name":"NewVoice International","url":"https:\/\/newvoiceinternational.com\/de\/","logo":{"@type":"ImageObject","inLanguage":"de","@id":"https:\/\/newvoiceinternational.com\/de\/#\/schema\/logo\/image\/","url":"https:\/\/newvoiceinternational.com\/wp-content\/uploads\/2022\/06\/NV_Logo_RGB.png","contentUrl":"https:\/\/newvoiceinternational.com\/wp-content\/uploads\/2022\/06\/NV_Logo_RGB.png","width":1200,"height":315,"caption":"NewVoice International"},"image":{"@id":"https:\/\/newvoiceinternational.com\/de\/#\/schema\/logo\/image\/"}}]}},"_links":{"self":[{"href":"https:\/\/newvoiceinternational.com\/de\/wp-json\/wp\/v2\/pages\/37617","targetHints":{"allow":["GET"]}}],"collection":[{"href":"https:\/\/newvoiceinternational.com\/de\/wp-json\/wp\/v2\/pages"}],"about":[{"href":"https:\/\/newvoiceinternational.com\/de\/wp-json\/wp\/v2\/types\/page"}],"author":[{"embeddable":true,"href":"https:\/\/newvoiceinternational.com\/de\/wp-json\/wp\/v2\/users\/5"}],"replies":[{"embeddable":true,"href":"https:\/\/newvoiceinternational.com\/de\/wp-json\/wp\/v2\/comments?post=37617"}],"version-history":[{"count":0,"href":"https:\/\/newvoiceinternational.com\/de\/wp-json\/wp\/v2\/pages\/37617\/revisions"}],"wp:attachment":[{"href":"https:\/\/newvoiceinternational.com\/de\/wp-json\/wp\/v2\/media?parent=37617"}],"curies":[{"name":"wp","href":"https:\/\/api.w.org\/{rel}","templated":true}]}}