{"id":37437,"date":"2024-04-10T15:28:24","date_gmt":"2024-04-10T14:28:24","guid":{"rendered":"https:\/\/newvoiceinternational.com\/physical-security-information-management-2\/"},"modified":"2024-04-11T10:37:02","modified_gmt":"2024-04-11T09:37:02","slug":"physical-security-information-management-2","status":"publish","type":"page","link":"https:\/\/newvoiceinternational.com\/de\/physical-security-information-management-2\/","title":{"rendered":"Physical Security Information Management"},"content":{"rendered":"\t\t<div data-elementor-type=\"wp-page\" data-elementor-id=\"37437\" class=\"elementor elementor-37437 elementor-37383\" data-elementor-post-type=\"page\">\n\t\t\t\t\t\t<section class=\"elementor-section elementor-top-section elementor-element elementor-element-455f8a7 elementor-section-boxed elementor-section-height-default elementor-section-height-default\" data-id=\"455f8a7\" data-element_type=\"section\" data-e-type=\"section\">\n\t\t\t\t\t\t<div class=\"elementor-container elementor-column-gap-default\">\n\t\t\t\t\t<div class=\"elementor-column elementor-col-100 elementor-top-column elementor-element elementor-element-21427ec\" data-id=\"21427ec\" data-element_type=\"column\" data-e-type=\"column\">\n\t\t\t<div class=\"elementor-widget-wrap elementor-element-populated\">\n\t\t\t\t\t\t<div class=\"elementor-element elementor-element-cf8a960 elementor-widget elementor-widget-heading\" data-id=\"cf8a960\" data-element_type=\"widget\" data-e-type=\"widget\" data-widget_type=\"heading.default\">\n\t\t\t\t<div class=\"elementor-widget-container\">\n\t\t\t\t\t<h2 class=\"elementor-heading-title elementor-size-default\">Physical Security Information Management<\/h2>\t\t\t\t<\/div>\n\t\t\t\t<\/div>\n\t\t\t\t<div class=\"elementor-element elementor-element-29d9664 elementor-widget elementor-widget-text-editor\" data-id=\"29d9664\" data-element_type=\"widget\" data-e-type=\"widget\" data-widget_type=\"text-editor.default\">\n\t\t\t\t<div class=\"elementor-widget-container\">\n\t\t\t\t\t\t\t\t\t<p><a href=\"https:\/\/www.newvoiceinternational.com\/de\/mobicall\/\">MobiCall<\/a> kann als zentrale Physical Security Information Management Plattform (PSIM) betrieben werden. Es werden lokale Systeme, wie zum Beispiel Einbruchmeldezentrale, Zutrittskontrolle, ELA-Zentrale, Video\u00fcberwachungssysteme, Sprechstellen, Interkomsysteme oder Geb\u00e4udeleittechnik, auf einer zentralen benutzerdefinierten Oberfl\u00e4che erfasst und visualisiert. Durch die B\u00fcndelung aller Informationen wird der Anwender in die Lage versetzt, sich einen umfassenden \u00dcberblick zu verschaffen und die notwendigen Schritte in die Wege zu leiten. Dazu z\u00e4hlen die Bereitschaftsalarmierung, Einleitung von Krisenst\u00e4ben sowie die Schaltung einer Info-Hotline.<\/p>\n<p><img fetchpriority=\"high\" decoding=\"async\" width=\"636\" height=\"411\" class=\"size-medium wp-image-2223 alignleft\" src=\"http:\/\/newvoicetest.online\/wp-content\/uploads\/2022\/07\/Hochschulen_Leitstellenm-2.jpg\" alt=\"\" srcset=\"https:\/\/newvoiceinternational.com\/wp-content\/uploads\/2022\/07\/Hochschulen_Leitstellenm-2.jpg 636w, https:\/\/newvoiceinternational.com\/wp-content\/uploads\/2022\/07\/Hochschulen_Leitstellenm-2-300x194.jpg 300w\" sizes=\"(max-width: 636px) 100vw, 636px\" \/><\/p>\n<h4>Leitstellen- und Gefahrenmanagement<\/h4>\n<ul>\n<li>Zentrale Darstellung und Verdichtung aller zu \u00fcberwachender Video- und Datenquellen<\/li>\n<li>Einberufung von Krisenst\u00e4ben<\/li>\n<li>M\u00f6glichkeit der Bereitschaftsalarmierung<\/li>\n<li>Live-Monitoring von Alarm- und Informationsverteilungen<\/li>\n<li>Pr\u00e4sensstatusabh\u00e4ngige Alarmierung<\/li>\n<li>Hinterlegung von Bereitschaftspl\u00e4nen<\/li>\n<li>Automatischer Import von Alarmpl\u00e4nen<\/li>\n<li>Integrierte Gespr\u00e4chsaufzeichnung<\/li>\n<li>Initialisierung von Notfallkonferenzen<\/li>\n<li>Georedundante Auslegung der Komponenten<\/li>\n<li>Integration von Digitalfunk und Smartphone Clients<\/li>\n<\/ul>\n<p><img decoding=\"async\" class=\"alignright wp-image-2114\" src=\"http:\/\/newvoicetest.online\/wp-content\/uploads\/2022\/07\/Lone_workers_protection-300x180.jpg\" alt=\"\" width=\"400\" height=\"240\" srcset=\"https:\/\/newvoiceinternational.com\/wp-content\/uploads\/2022\/07\/Lone_workers_protection-300x180.jpg 300w, https:\/\/newvoiceinternational.com\/wp-content\/uploads\/2022\/07\/Lone_workers_protection-768x461.jpg 768w, https:\/\/newvoiceinternational.com\/wp-content\/uploads\/2022\/07\/Lone_workers_protection.jpg 800w\" sizes=\"(max-width: 400px) 100vw, 400px\" \/><\/p>\n<h4>Alleinarbeitsplatzsicherung<\/h4>\n<ul>\n<li>Plattformunabh\u00e4ngige L\u00f6sung f\u00fcr DECT, Wifi, GSM<\/li>\n<li>Unterst\u00fctzung von willensabh\u00e4ngigen (Roter Knopf) und willensunabh\u00e4ngigen Alarmen (Lage-, Ruhe-, Zeit-, Fluchtund Verlustalarm)<\/li>\n<li>Automatischer Aufbau von Notfallkonferenzen zwischen Alarmausl\u00f6ser und Alarmempf\u00e4nger<\/li>\n<li>Permanente \u00dcberwachung der Personen-Notsignal-Ger\u00e4te<\/li>\n<li>Lokalisierung \u00fcber DECT, Wifi, Bluetooth Beacons und GPS<\/li>\n<li>Visualisierung von Geb\u00e4ude- und Gel\u00e4ndepl\u00e4nen<\/li>\n<li>Unterst\u00fctzung der Rundgang- und W\u00e4chterkontrolle<\/li>\n<\/ul>\n<p><img decoding=\"async\" width=\"500\" height=\"300\" class=\"size-medium wp-image-2165 alignleft\" src=\"http:\/\/newvoicetest.online\/wp-content\/uploads\/2022\/07\/Oeffentl_Einrichtungen_Info_hotline.jpg\" alt=\"\" srcset=\"https:\/\/newvoiceinternational.com\/wp-content\/uploads\/2022\/07\/Oeffentl_Einrichtungen_Info_hotline.jpg 500w, https:\/\/newvoiceinternational.com\/wp-content\/uploads\/2022\/07\/Oeffentl_Einrichtungen_Info_hotline-300x180.jpg 300w\" sizes=\"(max-width: 500px) 100vw, 500px\" \/><\/p>\n<h4>Info-Hotline\/B\u00fcrgerservice<\/h4>\n<ul>\n<li>Automatische parallele Annahme von Anrufen<\/li>\n<li>Flexible Anpassung freier oder vordefinierter Ansagen<\/li>\n<li>M\u00f6glichkeit f\u00fcr mehrstufigen IVR Men\u00fcs<\/li>\n<li>VIP Schaltung wichtiger Rufnummern<\/li>\n<li>M\u00f6glichkeiten der Teil- oder Gesamtsperrung von Rufnummern<\/li>\n<li>Einsparung wichtiger personeller Ressourcen<\/li>\n<li>Bev\u00f6lkerungsalarmierung<\/li>\n<li>Umfangreiche Statistik und Protokollierung<\/li>\n<\/ul>\n\t\t\t\t\t\t\t\t<\/div>\n\t\t\t\t<\/div>\n\t\t\t\t\t<\/div>\n\t\t<\/div>\n\t\t\t\t\t<\/div>\n\t\t<\/section>\n\t\t\t\t<\/div>\n\t\t","protected":false},"excerpt":{"rendered":"<p>Physical Security Information Management MobiCall kann als zentrale Physical Security Information Management Plattform (PSIM) betrieben werden. Es werden lokale Systeme, wie zum Beispiel Einbruchmeldezentrale, Zutrittskontrolle, ELA-Zentrale, Video\u00fcberwachungssysteme, Sprechstellen, Interkomsysteme oder Geb\u00e4udeleittechnik, auf einer zentralen benutzerdefinierten Oberfl\u00e4che erfasst und visualisiert. Durch die B\u00fcndelung aller Informationen wird der Anwender in die Lage versetzt, sich einen umfassenden \u00dcberblick [&hellip;]<\/p>\n","protected":false},"author":5,"featured_media":0,"parent":0,"menu_order":0,"comment_status":"closed","ping_status":"closed","template":"elementor_header_footer","meta":{"_eb_attr":"","inline_featured_image":false,"footnotes":""},"class_list":["post-37437","page","type-page","status-publish","hentry"],"acf":[],"yoast_head":"<!-- This site is optimized with the Yoast SEO plugin v27.3 - https:\/\/yoast.com\/product\/yoast-seo-wordpress\/ -->\n<title>Physical Security Information Management - NewVoice International<\/title>\n<meta name=\"robots\" content=\"index, follow, max-snippet:-1, max-image-preview:large, max-video-preview:-1\" \/>\n<link rel=\"canonical\" href=\"https:\/\/newvoiceinternational.com\/de\/physical-security-information-management-2\/\" \/>\n<meta property=\"og:locale\" content=\"de_DE\" \/>\n<meta property=\"og:type\" content=\"article\" \/>\n<meta property=\"og:title\" content=\"Physical Security Information Management - NewVoice International\" \/>\n<meta property=\"og:description\" content=\"Physical Security Information Management MobiCall kann als zentrale Physical Security Information Management Plattform (PSIM) betrieben werden. Es werden lokale Systeme, wie zum Beispiel Einbruchmeldezentrale, Zutrittskontrolle, ELA-Zentrale, Video\u00fcberwachungssysteme, Sprechstellen, Interkomsysteme oder Geb\u00e4udeleittechnik, auf einer zentralen benutzerdefinierten Oberfl\u00e4che erfasst und visualisiert. Durch die B\u00fcndelung aller Informationen wird der Anwender in die Lage versetzt, sich einen umfassenden \u00dcberblick [&hellip;]\" \/>\n<meta property=\"og:url\" content=\"https:\/\/newvoiceinternational.com\/de\/physical-security-information-management-2\/\" \/>\n<meta property=\"og:site_name\" content=\"NewVoice International\" \/>\n<meta property=\"article:modified_time\" content=\"2024-04-11T09:37:02+00:00\" \/>\n<meta property=\"og:image\" content=\"http:\/\/newvoicetest.online\/wp-content\/uploads\/2022\/07\/Hochschulen_Leitstellenm-2.jpg\" \/>\n<meta name=\"twitter:card\" content=\"summary_large_image\" \/>\n<meta name=\"twitter:label1\" content=\"Gesch\u00e4tzte Lesezeit\" \/>\n\t<meta name=\"twitter:data1\" content=\"1\u00a0Minute\" \/>\n<script type=\"application\/ld+json\" class=\"yoast-schema-graph\">{\"@context\":\"https:\\\/\\\/schema.org\",\"@graph\":[{\"@type\":\"WebPage\",\"@id\":\"https:\\\/\\\/newvoiceinternational.com\\\/de\\\/physical-security-information-management-2\\\/\",\"url\":\"https:\\\/\\\/newvoiceinternational.com\\\/de\\\/physical-security-information-management-2\\\/\",\"name\":\"Physical Security Information Management - NewVoice International\",\"isPartOf\":{\"@id\":\"https:\\\/\\\/newvoiceinternational.com\\\/de\\\/#website\"},\"primaryImageOfPage\":{\"@id\":\"https:\\\/\\\/newvoiceinternational.com\\\/de\\\/physical-security-information-management-2\\\/#primaryimage\"},\"image\":{\"@id\":\"https:\\\/\\\/newvoiceinternational.com\\\/de\\\/physical-security-information-management-2\\\/#primaryimage\"},\"thumbnailUrl\":\"http:\\\/\\\/newvoicetest.online\\\/wp-content\\\/uploads\\\/2022\\\/07\\\/Hochschulen_Leitstellenm-2.jpg\",\"datePublished\":\"2024-04-10T14:28:24+00:00\",\"dateModified\":\"2024-04-11T09:37:02+00:00\",\"breadcrumb\":{\"@id\":\"https:\\\/\\\/newvoiceinternational.com\\\/de\\\/physical-security-information-management-2\\\/#breadcrumb\"},\"inLanguage\":\"de\",\"potentialAction\":[{\"@type\":\"ReadAction\",\"target\":[\"https:\\\/\\\/newvoiceinternational.com\\\/de\\\/physical-security-information-management-2\\\/\"]}]},{\"@type\":\"ImageObject\",\"inLanguage\":\"de\",\"@id\":\"https:\\\/\\\/newvoiceinternational.com\\\/de\\\/physical-security-information-management-2\\\/#primaryimage\",\"url\":\"http:\\\/\\\/newvoicetest.online\\\/wp-content\\\/uploads\\\/2022\\\/07\\\/Hochschulen_Leitstellenm-2.jpg\",\"contentUrl\":\"http:\\\/\\\/newvoicetest.online\\\/wp-content\\\/uploads\\\/2022\\\/07\\\/Hochschulen_Leitstellenm-2.jpg\"},{\"@type\":\"BreadcrumbList\",\"@id\":\"https:\\\/\\\/newvoiceinternational.com\\\/de\\\/physical-security-information-management-2\\\/#breadcrumb\",\"itemListElement\":[{\"@type\":\"ListItem\",\"position\":1,\"name\":\"Home\",\"item\":\"https:\\\/\\\/newvoiceinternational.com\\\/de\\\/\"},{\"@type\":\"ListItem\",\"position\":2,\"name\":\"Physical Security Information Management\"}]},{\"@type\":\"WebSite\",\"@id\":\"https:\\\/\\\/newvoiceinternational.com\\\/de\\\/#website\",\"url\":\"https:\\\/\\\/newvoiceinternational.com\\\/de\\\/\",\"name\":\"NewVoice International\",\"description\":\"\",\"publisher\":{\"@id\":\"https:\\\/\\\/newvoiceinternational.com\\\/de\\\/#organization\"},\"potentialAction\":[{\"@type\":\"SearchAction\",\"target\":{\"@type\":\"EntryPoint\",\"urlTemplate\":\"https:\\\/\\\/newvoiceinternational.com\\\/de\\\/?s={search_term_string}\"},\"query-input\":{\"@type\":\"PropertyValueSpecification\",\"valueRequired\":true,\"valueName\":\"search_term_string\"}}],\"inLanguage\":\"de\"},{\"@type\":\"Organization\",\"@id\":\"https:\\\/\\\/newvoiceinternational.com\\\/de\\\/#organization\",\"name\":\"NewVoice International\",\"url\":\"https:\\\/\\\/newvoiceinternational.com\\\/de\\\/\",\"logo\":{\"@type\":\"ImageObject\",\"inLanguage\":\"de\",\"@id\":\"https:\\\/\\\/newvoiceinternational.com\\\/de\\\/#\\\/schema\\\/logo\\\/image\\\/\",\"url\":\"https:\\\/\\\/newvoiceinternational.com\\\/wp-content\\\/uploads\\\/2022\\\/06\\\/NV_Logo_RGB.png\",\"contentUrl\":\"https:\\\/\\\/newvoiceinternational.com\\\/wp-content\\\/uploads\\\/2022\\\/06\\\/NV_Logo_RGB.png\",\"width\":1200,\"height\":315,\"caption\":\"NewVoice International\"},\"image\":{\"@id\":\"https:\\\/\\\/newvoiceinternational.com\\\/de\\\/#\\\/schema\\\/logo\\\/image\\\/\"}}]}<\/script>\n<!-- \/ Yoast SEO plugin. -->","yoast_head_json":{"title":"Physical Security Information Management - NewVoice International","robots":{"index":"index","follow":"follow","max-snippet":"max-snippet:-1","max-image-preview":"max-image-preview:large","max-video-preview":"max-video-preview:-1"},"canonical":"https:\/\/newvoiceinternational.com\/de\/physical-security-information-management-2\/","og_locale":"de_DE","og_type":"article","og_title":"Physical Security Information Management - NewVoice International","og_description":"Physical Security Information Management MobiCall kann als zentrale Physical Security Information Management Plattform (PSIM) betrieben werden. Es werden lokale Systeme, wie zum Beispiel Einbruchmeldezentrale, Zutrittskontrolle, ELA-Zentrale, Video\u00fcberwachungssysteme, Sprechstellen, Interkomsysteme oder Geb\u00e4udeleittechnik, auf einer zentralen benutzerdefinierten Oberfl\u00e4che erfasst und visualisiert. Durch die B\u00fcndelung aller Informationen wird der Anwender in die Lage versetzt, sich einen umfassenden \u00dcberblick [&hellip;]","og_url":"https:\/\/newvoiceinternational.com\/de\/physical-security-information-management-2\/","og_site_name":"NewVoice International","article_modified_time":"2024-04-11T09:37:02+00:00","og_image":[{"url":"http:\/\/newvoicetest.online\/wp-content\/uploads\/2022\/07\/Hochschulen_Leitstellenm-2.jpg","type":"","width":"","height":""}],"twitter_card":"summary_large_image","twitter_misc":{"Gesch\u00e4tzte Lesezeit":"1\u00a0Minute"},"schema":{"@context":"https:\/\/schema.org","@graph":[{"@type":"WebPage","@id":"https:\/\/newvoiceinternational.com\/de\/physical-security-information-management-2\/","url":"https:\/\/newvoiceinternational.com\/de\/physical-security-information-management-2\/","name":"Physical Security Information Management - NewVoice International","isPartOf":{"@id":"https:\/\/newvoiceinternational.com\/de\/#website"},"primaryImageOfPage":{"@id":"https:\/\/newvoiceinternational.com\/de\/physical-security-information-management-2\/#primaryimage"},"image":{"@id":"https:\/\/newvoiceinternational.com\/de\/physical-security-information-management-2\/#primaryimage"},"thumbnailUrl":"http:\/\/newvoicetest.online\/wp-content\/uploads\/2022\/07\/Hochschulen_Leitstellenm-2.jpg","datePublished":"2024-04-10T14:28:24+00:00","dateModified":"2024-04-11T09:37:02+00:00","breadcrumb":{"@id":"https:\/\/newvoiceinternational.com\/de\/physical-security-information-management-2\/#breadcrumb"},"inLanguage":"de","potentialAction":[{"@type":"ReadAction","target":["https:\/\/newvoiceinternational.com\/de\/physical-security-information-management-2\/"]}]},{"@type":"ImageObject","inLanguage":"de","@id":"https:\/\/newvoiceinternational.com\/de\/physical-security-information-management-2\/#primaryimage","url":"http:\/\/newvoicetest.online\/wp-content\/uploads\/2022\/07\/Hochschulen_Leitstellenm-2.jpg","contentUrl":"http:\/\/newvoicetest.online\/wp-content\/uploads\/2022\/07\/Hochschulen_Leitstellenm-2.jpg"},{"@type":"BreadcrumbList","@id":"https:\/\/newvoiceinternational.com\/de\/physical-security-information-management-2\/#breadcrumb","itemListElement":[{"@type":"ListItem","position":1,"name":"Home","item":"https:\/\/newvoiceinternational.com\/de\/"},{"@type":"ListItem","position":2,"name":"Physical Security Information Management"}]},{"@type":"WebSite","@id":"https:\/\/newvoiceinternational.com\/de\/#website","url":"https:\/\/newvoiceinternational.com\/de\/","name":"NewVoice International","description":"","publisher":{"@id":"https:\/\/newvoiceinternational.com\/de\/#organization"},"potentialAction":[{"@type":"SearchAction","target":{"@type":"EntryPoint","urlTemplate":"https:\/\/newvoiceinternational.com\/de\/?s={search_term_string}"},"query-input":{"@type":"PropertyValueSpecification","valueRequired":true,"valueName":"search_term_string"}}],"inLanguage":"de"},{"@type":"Organization","@id":"https:\/\/newvoiceinternational.com\/de\/#organization","name":"NewVoice International","url":"https:\/\/newvoiceinternational.com\/de\/","logo":{"@type":"ImageObject","inLanguage":"de","@id":"https:\/\/newvoiceinternational.com\/de\/#\/schema\/logo\/image\/","url":"https:\/\/newvoiceinternational.com\/wp-content\/uploads\/2022\/06\/NV_Logo_RGB.png","contentUrl":"https:\/\/newvoiceinternational.com\/wp-content\/uploads\/2022\/06\/NV_Logo_RGB.png","width":1200,"height":315,"caption":"NewVoice International"},"image":{"@id":"https:\/\/newvoiceinternational.com\/de\/#\/schema\/logo\/image\/"}}]}},"_links":{"self":[{"href":"https:\/\/newvoiceinternational.com\/de\/wp-json\/wp\/v2\/pages\/37437","targetHints":{"allow":["GET"]}}],"collection":[{"href":"https:\/\/newvoiceinternational.com\/de\/wp-json\/wp\/v2\/pages"}],"about":[{"href":"https:\/\/newvoiceinternational.com\/de\/wp-json\/wp\/v2\/types\/page"}],"author":[{"embeddable":true,"href":"https:\/\/newvoiceinternational.com\/de\/wp-json\/wp\/v2\/users\/5"}],"replies":[{"embeddable":true,"href":"https:\/\/newvoiceinternational.com\/de\/wp-json\/wp\/v2\/comments?post=37437"}],"version-history":[{"count":0,"href":"https:\/\/newvoiceinternational.com\/de\/wp-json\/wp\/v2\/pages\/37437\/revisions"}],"wp:attachment":[{"href":"https:\/\/newvoiceinternational.com\/de\/wp-json\/wp\/v2\/media?parent=37437"}],"curies":[{"name":"wp","href":"https:\/\/api.w.org\/{rel}","templated":true}]}}