{"id":37089,"date":"2024-03-28T14:14:54","date_gmt":"2024-03-28T13:14:54","guid":{"rendered":"https:\/\/newvoiceinternational.com\/personenschutz-und-evakuierung\/"},"modified":"2024-03-28T14:27:10","modified_gmt":"2024-03-28T13:27:10","slug":"personenschutz-und-evakuierung","status":"publish","type":"page","link":"https:\/\/newvoiceinternational.com\/de\/personenschutz-und-evakuierung\/","title":{"rendered":"Personenschutz und Evakuierung"},"content":{"rendered":"\t\t<div data-elementor-type=\"wp-page\" data-elementor-id=\"37089\" class=\"elementor elementor-37089 elementor-37042\" data-elementor-post-type=\"page\">\n\t\t\t\t\t\t<section class=\"elementor-section elementor-top-section elementor-element elementor-element-144196d elementor-section-boxed elementor-section-height-default elementor-section-height-default\" data-id=\"144196d\" data-element_type=\"section\" data-e-type=\"section\">\n\t\t\t\t\t\t<div class=\"elementor-container elementor-column-gap-default\">\n\t\t\t\t\t<div class=\"elementor-column elementor-col-100 elementor-top-column elementor-element elementor-element-d30df47\" data-id=\"d30df47\" data-element_type=\"column\" data-e-type=\"column\">\n\t\t\t<div class=\"elementor-widget-wrap elementor-element-populated\">\n\t\t\t\t\t\t<div class=\"elementor-element elementor-element-9b62511 elementor-widget elementor-widget-heading\" data-id=\"9b62511\" data-element_type=\"widget\" data-e-type=\"widget\" data-widget_type=\"heading.default\">\n\t\t\t\t<div class=\"elementor-widget-container\">\n\t\t\t\t\t<h2 class=\"elementor-heading-title elementor-size-default\">Personenschutz und Notfallmanagement<\/h2>\t\t\t\t<\/div>\n\t\t\t\t<\/div>\n\t\t\t\t<div class=\"elementor-element elementor-element-3d0c89d elementor-widget elementor-widget-text-editor\" data-id=\"3d0c89d\" data-element_type=\"widget\" data-e-type=\"widget\" data-widget_type=\"text-editor.default\">\n\t\t\t\t<div class=\"elementor-widget-container\">\n\t\t\t\t\t\t\t\t\t<p>Bei Notf\u00e4llen (z.B. Brandalarm oder Bombendrohung), ist eine unverz\u00fcgliche Massenalarmierung erforderlich. Mit <a href=\"https:\/\/www.newvoiceinternational.com\/de\/mobicall\/\">MobiCall<\/a> kann die bestehende Infrastruktur genutzt werden, sodass vorhandene Telefone und Computer f\u00fcr eine akustische und optische Alarmsignalisierung zur Verf\u00fc- gung stehen. IP-Lautsprecher oder zentrale ELA-Anlagen k\u00f6nnen angebunden und entsprechende Ansagen, z.B. auf Fluren, abgespielt werden. Diese Funktionen erlauben eine gezielte Evakuierung von Geb\u00e4uden oder einzelnen Bereichen. Um Mitarbeitern bei \u00dcbergriffen schnell zu helfen, erm\u00f6glicht <a href=\"https:\/\/www.newvoiceinternational.com\/de\/mobicall\/\">MobiCall<\/a> \u201estille Alarme\u201c, \u00fcber die vorhandene PC- und Kommunikationsinfrastruktur, verdeckt auszul\u00f6sen. Notfallteams werden alarmiert, Detailinformationen, wie Art und Ort des Alarms, unterst\u00fctzen bei der Lagebeurteilung und der Festlegung von Hilfsma\u00dfnahmen. Unter Ber\u00fccksichtigung der gesetzlichen- und berufsgenossenschaftlichen Vorschriften, ist das System auch f\u00fcr den Ersthelfer-Notruf konzipiert.<\/p>\n<h4><img fetchpriority=\"high\" decoding=\"async\" width=\"500\" height=\"300\" class=\"size-medium wp-image-2159 alignleft\" src=\"http:\/\/newvoicetest.online\/wp-content\/uploads\/2022\/07\/Gesundheit_Fire_and_disaster_alarm.jpg\" alt=\"\" srcset=\"https:\/\/newvoiceinternational.com\/wp-content\/uploads\/2022\/07\/Gesundheit_Fire_and_disaster_alarm.jpg 500w, https:\/\/newvoiceinternational.com\/wp-content\/uploads\/2022\/07\/Gesundheit_Fire_and_disaster_alarm-300x180.jpg 300w\" sizes=\"(max-width: 500px) 100vw, 500px\" \/>Evakuierung und Alarmierung<\/h4>\n<ul>\n<li>Ein System f\u00fcr Brand-, Gefahren- und Notfallalarmierung<\/li>\n<li>Integration bestehender Brandmelde- und Gefahrenmeldesysteme \u00fcber standardisierte und herstellerspezifische Schnittstellen (u.a. ESPA 4.4.4, ESPA-X, XML)<\/li>\n<li>Automatische oder manuelle Ausl\u00f6sung von Alarmen<\/li>\n<li>Je nach Szenario fach- oder bereichsbezogene Alarmierung<\/li>\n<li>Multimediale Alarmierung \u00fcber Telefon, Smartphone, \u00adPC-Client, IP-Lautsprecher und Subsysteme<\/li>\n<li>Verwendung von Alarmfeatures wie Durchsage, Rufsonderton oder Gespr\u00e4chstrennung (abh\u00e4ngig vom TK-System)<\/li>\n<\/ul>\n<p><img decoding=\"async\" class=\"size-medium wp-image-2162 alignright\" src=\"http:\/\/newvoicetest.online\/wp-content\/uploads\/2022\/07\/Oeffentl_Einrichtungen_Workplaces_protection.jpg\" \/><\/p>\n<h4>Absicherung von B\u00fcroarbeitspl\u00e4tzen<\/h4>\n<ul>\n<li>Verwendung von mehreren Medien zur Alarmausl\u00f6sung<\/li>\n<li>Alarmausl\u00f6sung Stiller Alarm \u00fcber Telekommunikationssystem mit M\u00f6glichkeit des Reinh\u00f6ren in den Raum<\/li>\n<li>PC-Client zur Alarmausl\u00f6sung und Empfang von Alarmen<\/li>\n<li>Hotkeyfunktion und Anschluss externer USB-Taster<\/li>\n<li>Alarmausl\u00f6sung und Empfang bei gesperrten Bildschirm<\/li>\n<li>AD-Integration zur \u00dcbernahme der Stammdaten<\/li>\n<li>Anbindung von Tastern oder Funknotrufkomponenten \u00fcber die bestehende Netzwerkinfrastruktur<\/li>\n<li>Alarmszenarien je nach Geb\u00e4ude, Stockwerk, Abteilung, individuell oder kombiniert.<\/li>\n<\/ul>\n<p><img decoding=\"async\" class=\"size-medium wp-image-2165 alignleft\" src=\"http:\/\/newvoicetest.online\/wp-content\/uploads\/2022\/07\/Hochschulen_Ersthelfer_Notruf.jpg\" alt=\"\" \/><\/p>\n<h4>Ersthelfer-Notruf<\/h4>\n<ul>\n<li>Zentrale Ersthelferrufnummer f\u00fcr alle Mitarbeiter<\/li>\n<li>M\u00f6glichkeit zum Aufsprechen von Notfallinformationen<\/li>\n<li>Feste und dynamische raumbezogene Alarmzuordnung<\/li>\n<li>Automatischer Konferenzaufbau zwischen Ersthelfer mit optionaler M\u00f6glichkeit zur Aufzeichnung und Weiterleitung<\/li>\n<li>M\u00f6glichkeit der Weiterleitung an externe Stellen<\/li>\n<li>Automatische Abschaltung von Maschinen im Notfall<\/li>\n<\/ul>\n<div class=\"wpb_column vc_column_container vc_col-sm-6\">\n<div class=\"vc_column-inner\"><\/div>\n<\/div>\n\t\t\t\t\t\t\t\t<\/div>\n\t\t\t\t<\/div>\n\t\t\t\t\t<\/div>\n\t\t<\/div>\n\t\t\t\t\t<\/div>\n\t\t<\/section>\n\t\t\t\t<\/div>\n\t\t","protected":false},"excerpt":{"rendered":"<p>Personenschutz und Notfallmanagement Bei Notf\u00e4llen (z.B. Brandalarm oder Bombendrohung), ist eine unverz\u00fcgliche Massenalarmierung erforderlich. Mit MobiCall kann die bestehende Infrastruktur genutzt werden, sodass vorhandene Telefone und Computer f\u00fcr eine akustische und optische Alarmsignalisierung zur Verf\u00fc- gung stehen. IP-Lautsprecher oder zentrale ELA-Anlagen k\u00f6nnen angebunden und entsprechende Ansagen, z.B. auf Fluren, abgespielt werden. Diese Funktionen erlauben eine [&hellip;]<\/p>\n","protected":false},"author":5,"featured_media":0,"parent":0,"menu_order":0,"comment_status":"closed","ping_status":"closed","template":"elementor_header_footer","meta":{"_eb_attr":"","inline_featured_image":false,"footnotes":""},"class_list":["post-37089","page","type-page","status-publish","hentry"],"acf":[],"yoast_head":"<!-- This site is optimized with the Yoast SEO plugin v27.3 - https:\/\/yoast.com\/product\/yoast-seo-wordpress\/ -->\n<title>Personenschutz und Evakuierung - NewVoice International<\/title>\n<meta name=\"robots\" content=\"index, follow, max-snippet:-1, max-image-preview:large, max-video-preview:-1\" \/>\n<link rel=\"canonical\" href=\"https:\/\/newvoiceinternational.com\/de\/personenschutz-und-evakuierung\/\" \/>\n<meta property=\"og:locale\" content=\"de_DE\" \/>\n<meta property=\"og:type\" content=\"article\" \/>\n<meta property=\"og:title\" content=\"Personenschutz und Evakuierung - NewVoice International\" \/>\n<meta property=\"og:description\" content=\"Personenschutz und Notfallmanagement Bei Notf\u00e4llen (z.B. Brandalarm oder Bombendrohung), ist eine unverz\u00fcgliche Massenalarmierung erforderlich. Mit MobiCall kann die bestehende Infrastruktur genutzt werden, sodass vorhandene Telefone und Computer f\u00fcr eine akustische und optische Alarmsignalisierung zur Verf\u00fc- gung stehen. IP-Lautsprecher oder zentrale ELA-Anlagen k\u00f6nnen angebunden und entsprechende Ansagen, z.B. auf Fluren, abgespielt werden. Diese Funktionen erlauben eine [&hellip;]\" \/>\n<meta property=\"og:url\" content=\"https:\/\/newvoiceinternational.com\/de\/personenschutz-und-evakuierung\/\" \/>\n<meta property=\"og:site_name\" content=\"NewVoice International\" \/>\n<meta property=\"article:modified_time\" content=\"2024-03-28T13:27:10+00:00\" \/>\n<meta property=\"og:image\" content=\"http:\/\/newvoicetest.online\/wp-content\/uploads\/2022\/07\/Gesundheit_Fire_and_disaster_alarm.jpg\" \/>\n<meta name=\"twitter:card\" content=\"summary_large_image\" \/>\n<meta name=\"twitter:label1\" content=\"Gesch\u00e4tzte Lesezeit\" \/>\n\t<meta name=\"twitter:data1\" content=\"2\u00a0Minuten\" \/>\n<script type=\"application\/ld+json\" class=\"yoast-schema-graph\">{\"@context\":\"https:\\\/\\\/schema.org\",\"@graph\":[{\"@type\":\"WebPage\",\"@id\":\"https:\\\/\\\/newvoiceinternational.com\\\/de\\\/personenschutz-und-evakuierung\\\/\",\"url\":\"https:\\\/\\\/newvoiceinternational.com\\\/de\\\/personenschutz-und-evakuierung\\\/\",\"name\":\"Personenschutz und Evakuierung - NewVoice International\",\"isPartOf\":{\"@id\":\"https:\\\/\\\/newvoiceinternational.com\\\/de\\\/#website\"},\"primaryImageOfPage\":{\"@id\":\"https:\\\/\\\/newvoiceinternational.com\\\/de\\\/personenschutz-und-evakuierung\\\/#primaryimage\"},\"image\":{\"@id\":\"https:\\\/\\\/newvoiceinternational.com\\\/de\\\/personenschutz-und-evakuierung\\\/#primaryimage\"},\"thumbnailUrl\":\"http:\\\/\\\/newvoicetest.online\\\/wp-content\\\/uploads\\\/2022\\\/07\\\/Gesundheit_Fire_and_disaster_alarm.jpg\",\"datePublished\":\"2024-03-28T13:14:54+00:00\",\"dateModified\":\"2024-03-28T13:27:10+00:00\",\"breadcrumb\":{\"@id\":\"https:\\\/\\\/newvoiceinternational.com\\\/de\\\/personenschutz-und-evakuierung\\\/#breadcrumb\"},\"inLanguage\":\"de\",\"potentialAction\":[{\"@type\":\"ReadAction\",\"target\":[\"https:\\\/\\\/newvoiceinternational.com\\\/de\\\/personenschutz-und-evakuierung\\\/\"]}]},{\"@type\":\"ImageObject\",\"inLanguage\":\"de\",\"@id\":\"https:\\\/\\\/newvoiceinternational.com\\\/de\\\/personenschutz-und-evakuierung\\\/#primaryimage\",\"url\":\"http:\\\/\\\/newvoicetest.online\\\/wp-content\\\/uploads\\\/2022\\\/07\\\/Gesundheit_Fire_and_disaster_alarm.jpg\",\"contentUrl\":\"http:\\\/\\\/newvoicetest.online\\\/wp-content\\\/uploads\\\/2022\\\/07\\\/Gesundheit_Fire_and_disaster_alarm.jpg\"},{\"@type\":\"BreadcrumbList\",\"@id\":\"https:\\\/\\\/newvoiceinternational.com\\\/de\\\/personenschutz-und-evakuierung\\\/#breadcrumb\",\"itemListElement\":[{\"@type\":\"ListItem\",\"position\":1,\"name\":\"Home\",\"item\":\"https:\\\/\\\/newvoiceinternational.com\\\/de\\\/\"},{\"@type\":\"ListItem\",\"position\":2,\"name\":\"Personenschutz und Evakuierung\"}]},{\"@type\":\"WebSite\",\"@id\":\"https:\\\/\\\/newvoiceinternational.com\\\/de\\\/#website\",\"url\":\"https:\\\/\\\/newvoiceinternational.com\\\/de\\\/\",\"name\":\"NewVoice International\",\"description\":\"\",\"publisher\":{\"@id\":\"https:\\\/\\\/newvoiceinternational.com\\\/de\\\/#organization\"},\"potentialAction\":[{\"@type\":\"SearchAction\",\"target\":{\"@type\":\"EntryPoint\",\"urlTemplate\":\"https:\\\/\\\/newvoiceinternational.com\\\/de\\\/?s={search_term_string}\"},\"query-input\":{\"@type\":\"PropertyValueSpecification\",\"valueRequired\":true,\"valueName\":\"search_term_string\"}}],\"inLanguage\":\"de\"},{\"@type\":\"Organization\",\"@id\":\"https:\\\/\\\/newvoiceinternational.com\\\/de\\\/#organization\",\"name\":\"NewVoice International\",\"url\":\"https:\\\/\\\/newvoiceinternational.com\\\/de\\\/\",\"logo\":{\"@type\":\"ImageObject\",\"inLanguage\":\"de\",\"@id\":\"https:\\\/\\\/newvoiceinternational.com\\\/de\\\/#\\\/schema\\\/logo\\\/image\\\/\",\"url\":\"https:\\\/\\\/newvoiceinternational.com\\\/wp-content\\\/uploads\\\/2022\\\/06\\\/NV_Logo_RGB.png\",\"contentUrl\":\"https:\\\/\\\/newvoiceinternational.com\\\/wp-content\\\/uploads\\\/2022\\\/06\\\/NV_Logo_RGB.png\",\"width\":1200,\"height\":315,\"caption\":\"NewVoice International\"},\"image\":{\"@id\":\"https:\\\/\\\/newvoiceinternational.com\\\/de\\\/#\\\/schema\\\/logo\\\/image\\\/\"}}]}<\/script>\n<!-- \/ Yoast SEO plugin. -->","yoast_head_json":{"title":"Personenschutz und Evakuierung - NewVoice International","robots":{"index":"index","follow":"follow","max-snippet":"max-snippet:-1","max-image-preview":"max-image-preview:large","max-video-preview":"max-video-preview:-1"},"canonical":"https:\/\/newvoiceinternational.com\/de\/personenschutz-und-evakuierung\/","og_locale":"de_DE","og_type":"article","og_title":"Personenschutz und Evakuierung - NewVoice International","og_description":"Personenschutz und Notfallmanagement Bei Notf\u00e4llen (z.B. Brandalarm oder Bombendrohung), ist eine unverz\u00fcgliche Massenalarmierung erforderlich. Mit MobiCall kann die bestehende Infrastruktur genutzt werden, sodass vorhandene Telefone und Computer f\u00fcr eine akustische und optische Alarmsignalisierung zur Verf\u00fc- gung stehen. IP-Lautsprecher oder zentrale ELA-Anlagen k\u00f6nnen angebunden und entsprechende Ansagen, z.B. auf Fluren, abgespielt werden. Diese Funktionen erlauben eine [&hellip;]","og_url":"https:\/\/newvoiceinternational.com\/de\/personenschutz-und-evakuierung\/","og_site_name":"NewVoice International","article_modified_time":"2024-03-28T13:27:10+00:00","og_image":[{"url":"http:\/\/newvoicetest.online\/wp-content\/uploads\/2022\/07\/Gesundheit_Fire_and_disaster_alarm.jpg","type":"","width":"","height":""}],"twitter_card":"summary_large_image","twitter_misc":{"Gesch\u00e4tzte Lesezeit":"2\u00a0Minuten"},"schema":{"@context":"https:\/\/schema.org","@graph":[{"@type":"WebPage","@id":"https:\/\/newvoiceinternational.com\/de\/personenschutz-und-evakuierung\/","url":"https:\/\/newvoiceinternational.com\/de\/personenschutz-und-evakuierung\/","name":"Personenschutz und Evakuierung - NewVoice International","isPartOf":{"@id":"https:\/\/newvoiceinternational.com\/de\/#website"},"primaryImageOfPage":{"@id":"https:\/\/newvoiceinternational.com\/de\/personenschutz-und-evakuierung\/#primaryimage"},"image":{"@id":"https:\/\/newvoiceinternational.com\/de\/personenschutz-und-evakuierung\/#primaryimage"},"thumbnailUrl":"http:\/\/newvoicetest.online\/wp-content\/uploads\/2022\/07\/Gesundheit_Fire_and_disaster_alarm.jpg","datePublished":"2024-03-28T13:14:54+00:00","dateModified":"2024-03-28T13:27:10+00:00","breadcrumb":{"@id":"https:\/\/newvoiceinternational.com\/de\/personenschutz-und-evakuierung\/#breadcrumb"},"inLanguage":"de","potentialAction":[{"@type":"ReadAction","target":["https:\/\/newvoiceinternational.com\/de\/personenschutz-und-evakuierung\/"]}]},{"@type":"ImageObject","inLanguage":"de","@id":"https:\/\/newvoiceinternational.com\/de\/personenschutz-und-evakuierung\/#primaryimage","url":"http:\/\/newvoicetest.online\/wp-content\/uploads\/2022\/07\/Gesundheit_Fire_and_disaster_alarm.jpg","contentUrl":"http:\/\/newvoicetest.online\/wp-content\/uploads\/2022\/07\/Gesundheit_Fire_and_disaster_alarm.jpg"},{"@type":"BreadcrumbList","@id":"https:\/\/newvoiceinternational.com\/de\/personenschutz-und-evakuierung\/#breadcrumb","itemListElement":[{"@type":"ListItem","position":1,"name":"Home","item":"https:\/\/newvoiceinternational.com\/de\/"},{"@type":"ListItem","position":2,"name":"Personenschutz und Evakuierung"}]},{"@type":"WebSite","@id":"https:\/\/newvoiceinternational.com\/de\/#website","url":"https:\/\/newvoiceinternational.com\/de\/","name":"NewVoice International","description":"","publisher":{"@id":"https:\/\/newvoiceinternational.com\/de\/#organization"},"potentialAction":[{"@type":"SearchAction","target":{"@type":"EntryPoint","urlTemplate":"https:\/\/newvoiceinternational.com\/de\/?s={search_term_string}"},"query-input":{"@type":"PropertyValueSpecification","valueRequired":true,"valueName":"search_term_string"}}],"inLanguage":"de"},{"@type":"Organization","@id":"https:\/\/newvoiceinternational.com\/de\/#organization","name":"NewVoice International","url":"https:\/\/newvoiceinternational.com\/de\/","logo":{"@type":"ImageObject","inLanguage":"de","@id":"https:\/\/newvoiceinternational.com\/de\/#\/schema\/logo\/image\/","url":"https:\/\/newvoiceinternational.com\/wp-content\/uploads\/2022\/06\/NV_Logo_RGB.png","contentUrl":"https:\/\/newvoiceinternational.com\/wp-content\/uploads\/2022\/06\/NV_Logo_RGB.png","width":1200,"height":315,"caption":"NewVoice International"},"image":{"@id":"https:\/\/newvoiceinternational.com\/de\/#\/schema\/logo\/image\/"}}]}},"_links":{"self":[{"href":"https:\/\/newvoiceinternational.com\/de\/wp-json\/wp\/v2\/pages\/37089","targetHints":{"allow":["GET"]}}],"collection":[{"href":"https:\/\/newvoiceinternational.com\/de\/wp-json\/wp\/v2\/pages"}],"about":[{"href":"https:\/\/newvoiceinternational.com\/de\/wp-json\/wp\/v2\/types\/page"}],"author":[{"embeddable":true,"href":"https:\/\/newvoiceinternational.com\/de\/wp-json\/wp\/v2\/users\/5"}],"replies":[{"embeddable":true,"href":"https:\/\/newvoiceinternational.com\/de\/wp-json\/wp\/v2\/comments?post=37089"}],"version-history":[{"count":0,"href":"https:\/\/newvoiceinternational.com\/de\/wp-json\/wp\/v2\/pages\/37089\/revisions"}],"wp:attachment":[{"href":"https:\/\/newvoiceinternational.com\/de\/wp-json\/wp\/v2\/media?parent=37089"}],"curies":[{"name":"wp","href":"https:\/\/api.w.org\/{rel}","templated":true}]}}