{"id":36711,"date":"2024-03-19T15:17:15","date_gmt":"2024-03-19T14:17:15","guid":{"rendered":"https:\/\/newvoiceinternational.com\/aufbau-und-uebersicht-2\/"},"modified":"2024-03-19T17:11:03","modified_gmt":"2024-03-19T16:11:03","slug":"aufbau-und-uebersicht-2","status":"publish","type":"page","link":"https:\/\/newvoiceinternational.com\/de\/aufbau-und-uebersicht-2\/","title":{"rendered":"Aufbau und \u00dcbersicht"},"content":{"rendered":"\t\t<div data-elementor-type=\"wp-page\" data-elementor-id=\"36711\" class=\"elementor elementor-36711 elementor-36609\" data-elementor-post-type=\"page\">\n\t\t\t\t\t\t<section class=\"elementor-section elementor-top-section elementor-element elementor-element-2be6ea8 elementor-section-boxed elementor-section-height-default elementor-section-height-default\" data-id=\"2be6ea8\" data-element_type=\"section\" data-e-type=\"section\">\n\t\t\t\t\t\t<div class=\"elementor-container elementor-column-gap-default\">\n\t\t\t\t\t<div class=\"elementor-column elementor-col-100 elementor-top-column elementor-element elementor-element-414b32e\" data-id=\"414b32e\" data-element_type=\"column\" data-e-type=\"column\">\n\t\t\t<div class=\"elementor-widget-wrap elementor-element-populated\">\n\t\t\t\t\t\t<div class=\"elementor-element elementor-element-878e95a elementor-widget elementor-widget-text-editor\" data-id=\"878e95a\" data-element_type=\"widget\" data-e-type=\"widget\" data-widget_type=\"text-editor.default\">\n\t\t\t\t<div class=\"elementor-widget-container\">\n\t\t\t\t\t\t\t\t\t<a href=\"http:\/\/newvoicetest.online\/de\/mobicall-app\/\">MobiCall<\/a> sorgt f\u00fcr einen bessern Personen- und Mitarbeiterschutz und f\u00fcr eine schnelle Reaktion auf technische und betriebliche Alarme. Dadurch wird die \u00f6ffentliche Sicherheit erh\u00f6ht und St\u00f6rungen sowie Systemausf\u00e4lle vermieden. Das System bietet eine zeit- und kalenderabh\u00e4ngige Informationsverteilung, die Bereitschaftslisten oder Dienstpl\u00e4ne flexibel abbildet.\r\n\r\nJe nach Konfiguration eines Alarms erfolgt eine skillbasierende, priorisierte und eine simultane oder sequentielle \u00dcbertragung der Informationen. Weiterhin unterst\u00fctzt <a href=\"http:\/\/newvoicetest.online\/de\/mobicall-app\/\">MobiCall<\/a> interne Watchdog-\u00dcberwachungen, automatische Backups sowie umfassende Reporting- und Statistikfunktionen.\r\n\r\nAlle Szenarien lassen sich zentral oder dezentral \u00fcber die <a href=\"http:\/\/newvoicetest.online\/de\/mobicall-app\/\">MobiCall-Applikation<\/a> konfigurieren und verwalten. Das webbasierende Management-Tool verf\u00fcgt \u00fcber einen innovativen \u201eDrag &amp; Drop\u201c Konfigurator. Diese L\u00f6sung stellt IT-Administratoren, sowie gruppen- und fachgebietsverantwortlichen Anwendern eine intuitive und \u00fcbersichtliche Konfigurationsm\u00f6glichkeit der Personendaten und Alarmparameter zur Verf\u00fcgung.\r\n<img fetchpriority=\"high\" decoding=\"async\" width=\"900\" height=\"400\" class=\"size-medium wp-image-2152 aligncenter\" src=\"http:\/\/newvoicetest.online\/wp-content\/uploads\/2022\/07\/Oeffentl_Einrichtungen_structure_and_overview.jpg\" alt=\"\" srcset=\"https:\/\/newvoiceinternational.com\/wp-content\/uploads\/2022\/07\/Oeffentl_Einrichtungen_structure_and_overview.jpg 900w, https:\/\/newvoiceinternational.com\/wp-content\/uploads\/2022\/07\/Oeffentl_Einrichtungen_structure_and_overview-300x133.jpg 300w, https:\/\/newvoiceinternational.com\/wp-content\/uploads\/2022\/07\/Oeffentl_Einrichtungen_structure_and_overview-768x341.jpg 768w\" sizes=\"(max-width: 900px) 100vw, 900px\" \/>\r\nAb der aktuellen Version unterst\u00fctzt <a href=\"http:\/\/newvoicetest.online\/de\/mobicall-app\/\">MobiCall<\/a> LPWAN basierende Protokolle, wie LoRa, SigFox oder NB-IoT. Diese erlauben eine kosteng\u00fcnstige und schnelle Integration von Sensoren aller Art. Ein gro\u00dfer Vorteil dieser Technologie ist das keine GSM-, Wifi- oder Ethernetinfrastruktur f\u00fcr den Betrieb der Sensoren erforderlich ist.\r\n\r\nDank batteriebetriebenem Betrieb wird auch kein Stromanschluss ben\u00f6tigt. Somit k\u00f6nnen u.a. verteilte Notrufkn\u00f6pfe, Verbrauchsz\u00e4hler, Temperaturoder F\u00fcllstandsensoren einfach an einen zentralen <a href=\"http:\/\/newvoicetest.online\/de\/mobicall-app\/\">MobiCall<\/a> angeschlossen werden.\t\t\t\t\t\t\t\t<\/div>\n\t\t\t\t<\/div>\n\t\t\t\t\t<\/div>\n\t\t<\/div>\n\t\t\t\t\t<\/div>\n\t\t<\/section>\n\t\t\t\t<\/div>\n\t\t","protected":false},"excerpt":{"rendered":"<p>MobiCall sorgt f\u00fcr einen bessern Personen- und Mitarbeiterschutz und f\u00fcr eine schnelle Reaktion auf technische und betriebliche Alarme. Dadurch wird die \u00f6ffentliche Sicherheit erh\u00f6ht und St\u00f6rungen sowie Systemausf\u00e4lle vermieden. Das System bietet eine zeit- und kalenderabh\u00e4ngige Informationsverteilung, die Bereitschaftslisten oder Dienstpl\u00e4ne flexibel abbildet. Je nach Konfiguration eines Alarms erfolgt eine skillbasierende, priorisierte und eine simultane [&hellip;]<\/p>\n","protected":false},"author":5,"featured_media":0,"parent":0,"menu_order":0,"comment_status":"closed","ping_status":"closed","template":"elementor_header_footer","meta":{"_eb_attr":"","inline_featured_image":false,"footnotes":""},"class_list":["post-36711","page","type-page","status-publish","hentry"],"acf":[],"yoast_head":"<!-- This site is optimized with the Yoast SEO plugin v27.3 - https:\/\/yoast.com\/product\/yoast-seo-wordpress\/ -->\n<title>Aufbau und \u00dcbersicht - NewVoice International<\/title>\n<meta name=\"robots\" content=\"index, follow, max-snippet:-1, max-image-preview:large, max-video-preview:-1\" \/>\n<link rel=\"canonical\" href=\"https:\/\/newvoiceinternational.com\/de\/aufbau-und-uebersicht-2\/\" \/>\n<meta property=\"og:locale\" content=\"de_DE\" \/>\n<meta property=\"og:type\" content=\"article\" \/>\n<meta property=\"og:title\" content=\"Aufbau und \u00dcbersicht - NewVoice International\" \/>\n<meta property=\"og:description\" content=\"MobiCall sorgt f\u00fcr einen bessern Personen- und Mitarbeiterschutz und f\u00fcr eine schnelle Reaktion auf technische und betriebliche Alarme. Dadurch wird die \u00f6ffentliche Sicherheit erh\u00f6ht und St\u00f6rungen sowie Systemausf\u00e4lle vermieden. Das System bietet eine zeit- und kalenderabh\u00e4ngige Informationsverteilung, die Bereitschaftslisten oder Dienstpl\u00e4ne flexibel abbildet. Je nach Konfiguration eines Alarms erfolgt eine skillbasierende, priorisierte und eine simultane [&hellip;]\" \/>\n<meta property=\"og:url\" content=\"https:\/\/newvoiceinternational.com\/de\/aufbau-und-uebersicht-2\/\" \/>\n<meta property=\"og:site_name\" content=\"NewVoice International\" \/>\n<meta property=\"article:modified_time\" content=\"2024-03-19T16:11:03+00:00\" \/>\n<meta property=\"og:image\" content=\"http:\/\/newvoicetest.online\/wp-content\/uploads\/2022\/07\/Oeffentl_Einrichtungen_structure_and_overview.jpg\" \/>\n<meta name=\"twitter:card\" content=\"summary_large_image\" \/>\n<meta name=\"twitter:label1\" content=\"Gesch\u00e4tzte Lesezeit\" \/>\n\t<meta name=\"twitter:data1\" content=\"1\u00a0Minute\" \/>\n<script type=\"application\/ld+json\" class=\"yoast-schema-graph\">{\"@context\":\"https:\\\/\\\/schema.org\",\"@graph\":[{\"@type\":\"WebPage\",\"@id\":\"https:\\\/\\\/newvoiceinternational.com\\\/de\\\/aufbau-und-uebersicht-2\\\/\",\"url\":\"https:\\\/\\\/newvoiceinternational.com\\\/de\\\/aufbau-und-uebersicht-2\\\/\",\"name\":\"Aufbau und \u00dcbersicht - NewVoice International\",\"isPartOf\":{\"@id\":\"https:\\\/\\\/newvoiceinternational.com\\\/de\\\/#website\"},\"primaryImageOfPage\":{\"@id\":\"https:\\\/\\\/newvoiceinternational.com\\\/de\\\/aufbau-und-uebersicht-2\\\/#primaryimage\"},\"image\":{\"@id\":\"https:\\\/\\\/newvoiceinternational.com\\\/de\\\/aufbau-und-uebersicht-2\\\/#primaryimage\"},\"thumbnailUrl\":\"http:\\\/\\\/newvoicetest.online\\\/wp-content\\\/uploads\\\/2022\\\/07\\\/Oeffentl_Einrichtungen_structure_and_overview.jpg\",\"datePublished\":\"2024-03-19T14:17:15+00:00\",\"dateModified\":\"2024-03-19T16:11:03+00:00\",\"breadcrumb\":{\"@id\":\"https:\\\/\\\/newvoiceinternational.com\\\/de\\\/aufbau-und-uebersicht-2\\\/#breadcrumb\"},\"inLanguage\":\"de\",\"potentialAction\":[{\"@type\":\"ReadAction\",\"target\":[\"https:\\\/\\\/newvoiceinternational.com\\\/de\\\/aufbau-und-uebersicht-2\\\/\"]}]},{\"@type\":\"ImageObject\",\"inLanguage\":\"de\",\"@id\":\"https:\\\/\\\/newvoiceinternational.com\\\/de\\\/aufbau-und-uebersicht-2\\\/#primaryimage\",\"url\":\"http:\\\/\\\/newvoicetest.online\\\/wp-content\\\/uploads\\\/2022\\\/07\\\/Oeffentl_Einrichtungen_structure_and_overview.jpg\",\"contentUrl\":\"http:\\\/\\\/newvoicetest.online\\\/wp-content\\\/uploads\\\/2022\\\/07\\\/Oeffentl_Einrichtungen_structure_and_overview.jpg\"},{\"@type\":\"BreadcrumbList\",\"@id\":\"https:\\\/\\\/newvoiceinternational.com\\\/de\\\/aufbau-und-uebersicht-2\\\/#breadcrumb\",\"itemListElement\":[{\"@type\":\"ListItem\",\"position\":1,\"name\":\"Home\",\"item\":\"https:\\\/\\\/newvoiceinternational.com\\\/de\\\/\"},{\"@type\":\"ListItem\",\"position\":2,\"name\":\"Aufbau und \u00dcbersicht\"}]},{\"@type\":\"WebSite\",\"@id\":\"https:\\\/\\\/newvoiceinternational.com\\\/de\\\/#website\",\"url\":\"https:\\\/\\\/newvoiceinternational.com\\\/de\\\/\",\"name\":\"NewVoice International\",\"description\":\"\",\"publisher\":{\"@id\":\"https:\\\/\\\/newvoiceinternational.com\\\/de\\\/#organization\"},\"potentialAction\":[{\"@type\":\"SearchAction\",\"target\":{\"@type\":\"EntryPoint\",\"urlTemplate\":\"https:\\\/\\\/newvoiceinternational.com\\\/de\\\/?s={search_term_string}\"},\"query-input\":{\"@type\":\"PropertyValueSpecification\",\"valueRequired\":true,\"valueName\":\"search_term_string\"}}],\"inLanguage\":\"de\"},{\"@type\":\"Organization\",\"@id\":\"https:\\\/\\\/newvoiceinternational.com\\\/de\\\/#organization\",\"name\":\"NewVoice International\",\"url\":\"https:\\\/\\\/newvoiceinternational.com\\\/de\\\/\",\"logo\":{\"@type\":\"ImageObject\",\"inLanguage\":\"de\",\"@id\":\"https:\\\/\\\/newvoiceinternational.com\\\/de\\\/#\\\/schema\\\/logo\\\/image\\\/\",\"url\":\"https:\\\/\\\/newvoiceinternational.com\\\/wp-content\\\/uploads\\\/2022\\\/06\\\/NV_Logo_RGB.png\",\"contentUrl\":\"https:\\\/\\\/newvoiceinternational.com\\\/wp-content\\\/uploads\\\/2022\\\/06\\\/NV_Logo_RGB.png\",\"width\":1200,\"height\":315,\"caption\":\"NewVoice International\"},\"image\":{\"@id\":\"https:\\\/\\\/newvoiceinternational.com\\\/de\\\/#\\\/schema\\\/logo\\\/image\\\/\"}}]}<\/script>\n<!-- \/ Yoast SEO plugin. -->","yoast_head_json":{"title":"Aufbau und \u00dcbersicht - NewVoice International","robots":{"index":"index","follow":"follow","max-snippet":"max-snippet:-1","max-image-preview":"max-image-preview:large","max-video-preview":"max-video-preview:-1"},"canonical":"https:\/\/newvoiceinternational.com\/de\/aufbau-und-uebersicht-2\/","og_locale":"de_DE","og_type":"article","og_title":"Aufbau und \u00dcbersicht - NewVoice International","og_description":"MobiCall sorgt f\u00fcr einen bessern Personen- und Mitarbeiterschutz und f\u00fcr eine schnelle Reaktion auf technische und betriebliche Alarme. Dadurch wird die \u00f6ffentliche Sicherheit erh\u00f6ht und St\u00f6rungen sowie Systemausf\u00e4lle vermieden. Das System bietet eine zeit- und kalenderabh\u00e4ngige Informationsverteilung, die Bereitschaftslisten oder Dienstpl\u00e4ne flexibel abbildet. Je nach Konfiguration eines Alarms erfolgt eine skillbasierende, priorisierte und eine simultane [&hellip;]","og_url":"https:\/\/newvoiceinternational.com\/de\/aufbau-und-uebersicht-2\/","og_site_name":"NewVoice International","article_modified_time":"2024-03-19T16:11:03+00:00","og_image":[{"url":"http:\/\/newvoicetest.online\/wp-content\/uploads\/2022\/07\/Oeffentl_Einrichtungen_structure_and_overview.jpg","type":"","width":"","height":""}],"twitter_card":"summary_large_image","twitter_misc":{"Gesch\u00e4tzte Lesezeit":"1\u00a0Minute"},"schema":{"@context":"https:\/\/schema.org","@graph":[{"@type":"WebPage","@id":"https:\/\/newvoiceinternational.com\/de\/aufbau-und-uebersicht-2\/","url":"https:\/\/newvoiceinternational.com\/de\/aufbau-und-uebersicht-2\/","name":"Aufbau und \u00dcbersicht - NewVoice International","isPartOf":{"@id":"https:\/\/newvoiceinternational.com\/de\/#website"},"primaryImageOfPage":{"@id":"https:\/\/newvoiceinternational.com\/de\/aufbau-und-uebersicht-2\/#primaryimage"},"image":{"@id":"https:\/\/newvoiceinternational.com\/de\/aufbau-und-uebersicht-2\/#primaryimage"},"thumbnailUrl":"http:\/\/newvoicetest.online\/wp-content\/uploads\/2022\/07\/Oeffentl_Einrichtungen_structure_and_overview.jpg","datePublished":"2024-03-19T14:17:15+00:00","dateModified":"2024-03-19T16:11:03+00:00","breadcrumb":{"@id":"https:\/\/newvoiceinternational.com\/de\/aufbau-und-uebersicht-2\/#breadcrumb"},"inLanguage":"de","potentialAction":[{"@type":"ReadAction","target":["https:\/\/newvoiceinternational.com\/de\/aufbau-und-uebersicht-2\/"]}]},{"@type":"ImageObject","inLanguage":"de","@id":"https:\/\/newvoiceinternational.com\/de\/aufbau-und-uebersicht-2\/#primaryimage","url":"http:\/\/newvoicetest.online\/wp-content\/uploads\/2022\/07\/Oeffentl_Einrichtungen_structure_and_overview.jpg","contentUrl":"http:\/\/newvoicetest.online\/wp-content\/uploads\/2022\/07\/Oeffentl_Einrichtungen_structure_and_overview.jpg"},{"@type":"BreadcrumbList","@id":"https:\/\/newvoiceinternational.com\/de\/aufbau-und-uebersicht-2\/#breadcrumb","itemListElement":[{"@type":"ListItem","position":1,"name":"Home","item":"https:\/\/newvoiceinternational.com\/de\/"},{"@type":"ListItem","position":2,"name":"Aufbau und \u00dcbersicht"}]},{"@type":"WebSite","@id":"https:\/\/newvoiceinternational.com\/de\/#website","url":"https:\/\/newvoiceinternational.com\/de\/","name":"NewVoice International","description":"","publisher":{"@id":"https:\/\/newvoiceinternational.com\/de\/#organization"},"potentialAction":[{"@type":"SearchAction","target":{"@type":"EntryPoint","urlTemplate":"https:\/\/newvoiceinternational.com\/de\/?s={search_term_string}"},"query-input":{"@type":"PropertyValueSpecification","valueRequired":true,"valueName":"search_term_string"}}],"inLanguage":"de"},{"@type":"Organization","@id":"https:\/\/newvoiceinternational.com\/de\/#organization","name":"NewVoice International","url":"https:\/\/newvoiceinternational.com\/de\/","logo":{"@type":"ImageObject","inLanguage":"de","@id":"https:\/\/newvoiceinternational.com\/de\/#\/schema\/logo\/image\/","url":"https:\/\/newvoiceinternational.com\/wp-content\/uploads\/2022\/06\/NV_Logo_RGB.png","contentUrl":"https:\/\/newvoiceinternational.com\/wp-content\/uploads\/2022\/06\/NV_Logo_RGB.png","width":1200,"height":315,"caption":"NewVoice International"},"image":{"@id":"https:\/\/newvoiceinternational.com\/de\/#\/schema\/logo\/image\/"}}]}},"_links":{"self":[{"href":"https:\/\/newvoiceinternational.com\/de\/wp-json\/wp\/v2\/pages\/36711","targetHints":{"allow":["GET"]}}],"collection":[{"href":"https:\/\/newvoiceinternational.com\/de\/wp-json\/wp\/v2\/pages"}],"about":[{"href":"https:\/\/newvoiceinternational.com\/de\/wp-json\/wp\/v2\/types\/page"}],"author":[{"embeddable":true,"href":"https:\/\/newvoiceinternational.com\/de\/wp-json\/wp\/v2\/users\/5"}],"replies":[{"embeddable":true,"href":"https:\/\/newvoiceinternational.com\/de\/wp-json\/wp\/v2\/comments?post=36711"}],"version-history":[{"count":0,"href":"https:\/\/newvoiceinternational.com\/de\/wp-json\/wp\/v2\/pages\/36711\/revisions"}],"wp:attachment":[{"href":"https:\/\/newvoiceinternational.com\/de\/wp-json\/wp\/v2\/media?parent=36711"}],"curies":[{"name":"wp","href":"https:\/\/api.w.org\/{rel}","templated":true}]}}