{"id":36384,"date":"2024-03-13T14:26:31","date_gmt":"2024-03-13T13:26:31","guid":{"rendered":"https:\/\/newvoiceinternational.com\/servicemanagement-und-prozessoptimierung\/"},"modified":"2024-03-14T10:32:39","modified_gmt":"2024-03-14T09:32:39","slug":"servicemanagement-und-prozessoptimierung","status":"publish","type":"page","link":"https:\/\/newvoiceinternational.com\/de\/servicemanagement-und-prozessoptimierung\/","title":{"rendered":"Servicemanagement und Prozessoptimierung"},"content":{"rendered":"\t\t<div data-elementor-type=\"wp-page\" data-elementor-id=\"36384\" class=\"elementor elementor-36384 elementor-36339\" data-elementor-post-type=\"page\">\n\t\t\t\t\t\t<section class=\"elementor-section elementor-top-section elementor-element elementor-element-144196d elementor-section-boxed elementor-section-height-default elementor-section-height-default\" data-id=\"144196d\" data-element_type=\"section\" data-e-type=\"section\">\n\t\t\t\t\t\t<div class=\"elementor-container elementor-column-gap-default\">\n\t\t\t\t\t<div class=\"elementor-column elementor-col-100 elementor-top-column elementor-element elementor-element-d30df47\" data-id=\"d30df47\" data-element_type=\"column\" data-e-type=\"column\">\n\t\t\t<div class=\"elementor-widget-wrap elementor-element-populated\">\n\t\t\t\t\t\t<div class=\"elementor-element elementor-element-9b62511 elementor-widget elementor-widget-heading\" data-id=\"9b62511\" data-element_type=\"widget\" data-e-type=\"widget\" data-widget_type=\"heading.default\">\n\t\t\t\t<div class=\"elementor-widget-container\">\n\t\t\t\t\t<h2 class=\"elementor-heading-title elementor-size-default\">Servicemanagement und Prozessoptimierung<\/h2>\t\t\t\t<\/div>\n\t\t\t\t<\/div>\n\t\t\t\t<div class=\"elementor-element elementor-element-3d0c89d elementor-widget elementor-widget-text-editor\" data-id=\"3d0c89d\" data-element_type=\"widget\" data-e-type=\"widget\" data-widget_type=\"text-editor.default\">\n\t\t\t\t<div class=\"elementor-widget-container\">\n\t\t\t\t\t\t\t\t\t<p>F\u00fcr den Betrieb eines Hotels ist der effiziente Einsatz von Kommunikationsmittel ein wichtiger Kosten- und Qualit\u00e4tsfaktor. Mit Hilfe von <a href=\"https:\/\/www.newvoiceinternational.com\/de\/mobicall\/\">MobiCall<\/a> k\u00f6nnen bestehende Systeme, wie Telefonanlage, Entertainment-Systeme und Hotel Management Software vernetzt werden. Somit k\u00f6nnen Arbeitsabl\u00e4ufe optimiert und in Folge dessen die Prozesskosten gesenkt, sowie die Servicequalit\u00e4t gesteigert werden. Hierbei nimmt das MobiCall Modul TASK-Management eine zentrale Rolle ein. Dieses unterst\u00fctzt bei der medien\u00fcbergreifenden Planung, Verwaltung, \u00dcberwachung und Umsetzung von Auftr\u00e4gen.<\/p>\n<p><img decoding=\"async\" class=\"size-medium wp-image-2223 alignleft\" src=\"http:\/\/newvoicetest.online\/wp-content\/uploads\/2022\/07\/Hotel_Integration_Hotel_Management_Software.jpg\" alt=\"\" \/><\/p>\n<h4>INTEGRATION HOTEL MANAGEMENT SOFTWARE<\/h4>\n<div id=\"list-38\" class=\"mk-list-styles mk-align-none accord-list clear\" data-charcode=\"e638\" data-family=\"pe-line-icons\">\n<ul>\n<li>Integration g\u00e4ngiger Hotel Management Software Plattformen<\/li>\n<li>Bei Check-In bzw. Check-Out kann Gasttelefon automatisch freigegeben oder gesperrt werden<\/li>\n<li>Erfassung, Ermittlung und \u00dcbertragung von Gespr\u00e4chsdaten unter Ber\u00fccksichtigung hotelspezifischer Tarifmodelle<\/li>\n<li>Eingabe von Statusmeldung per Telefon, Smartphone oder PC z.B. \u00dcbertragung Raumstatus und Reports<\/li>\n<li>Weckruf inklusive Eskalationsmanagement \u00fcber Telefon<\/li>\n<li>\u00dcbermittlung von Reinigungs-, Reparatur-, Wartungsarbeiten<\/li>\n<li>Real-Time-Monitoring offener Aufgaben<\/li>\n<\/ul>\n<\/div>\n<p><img decoding=\"async\" class=\"size-medium wp-image-2114 alignright\" src=\"http:\/\/newvoicetest.online\/wp-content\/uploads\/2022\/07\/Hotel_Serviceruf.jpg\" alt=\"\" \/><\/p>\n<h4>SERVICERUF<\/h4>\n<div id=\"list-40\" class=\"mk-list-styles mk-align-none accord-list clear\" data-charcode=\"e638\" data-family=\"pe-line-icons\">\n<ul>\n<li>Medien\u00fcbergreifende Eingabe von Serviceauftr\u00e4gen f\u00fcr Roomservice, W\u00e4schedienst etc.<\/li>\n<li>Integration von batteriebetriebenen Sensoren zur automatischen \u00dcbermittlung von Statusmeldungen ( z.B. MiniBar)<\/li>\n<li>Eigene Hotel-App f\u00fcr Android und iOS<\/li>\n<li>Skillbasierende \u00dcbertragung der Auftr\u00e4ge ( z.B. an Technik oder Serviceteam)<\/li>\n<li>An- und Abmeldefunktionen f\u00fcr Mitarbeiter<\/li>\n<li>VIP Funktionalit\u00e4t zur Priorisierung von Auftr\u00e4gen<\/li>\n<li>Mandantenf\u00e4higes Webportal f\u00fcr SLA \u00dcberwachung und Auswertung der Servicequalit\u00e4t<\/li>\n<\/ul>\n<\/div>\n<p><img decoding=\"async\" class=\"size-medium wp-image-2165 alignleft\" src=\"http:\/\/newvoicetest.online\/wp-content\/uploads\/2022\/07\/Oeffentl_Einrichtungen_Crisis_teams.jpg\" alt=\"\" \/><\/p>\n<h4>WEITERE EINSATZM\u00d6GLICHKEITEN<\/h4>\n<div id=\"list-44\" class=\"mk-list-styles mk-align-none accord-list clear\" data-charcode=\"e638\" data-family=\"pe-line-icons\">\n<ul>\n<li>Babyphone Funktion zur Kopplung zwischen Zimmerendger\u00e4t und Mobiltelefon der Eltern<\/li>\n<li>Absicherung SPA Bereich mit Notftastern (\u201eRoter Knopf\u201c) mit Alarm- und Eskalationsbedingungen<\/li>\n<li>Feste und mobile M\u00f6glichkeit der Einzelplatzabsicherung<\/li>\n<li>Anbindung von T\u00fcrsprechstellen inklusive Videointegration<\/li>\n<li>Optimierung des Betriebskontinuit\u00e4tsmanagement z.B. durch Bereitschaftsalarmierung<\/li>\n<li>Automatische Initialisierung von Telefonkonferenzen im Regelbetrieb oder bei Notf\u00e4llen<\/li>\n<\/ul>\n<\/div>\n\t\t\t\t\t\t\t\t<\/div>\n\t\t\t\t<\/div>\n\t\t\t\t\t<\/div>\n\t\t<\/div>\n\t\t\t\t\t<\/div>\n\t\t<\/section>\n\t\t\t\t<\/div>\n\t\t","protected":false},"excerpt":{"rendered":"<p>Servicemanagement und Prozessoptimierung F\u00fcr den Betrieb eines Hotels ist der effiziente Einsatz von Kommunikationsmittel ein wichtiger Kosten- und Qualit\u00e4tsfaktor. Mit Hilfe von MobiCall k\u00f6nnen bestehende Systeme, wie Telefonanlage, Entertainment-Systeme und Hotel Management Software vernetzt werden. Somit k\u00f6nnen Arbeitsabl\u00e4ufe optimiert und in Folge dessen die Prozesskosten gesenkt, sowie die Servicequalit\u00e4t gesteigert werden. Hierbei nimmt das MobiCall [&hellip;]<\/p>\n","protected":false},"author":5,"featured_media":0,"parent":0,"menu_order":0,"comment_status":"closed","ping_status":"closed","template":"elementor_header_footer","meta":{"_eb_attr":"","inline_featured_image":false,"footnotes":""},"class_list":["post-36384","page","type-page","status-publish","hentry"],"acf":[],"yoast_head":"<!-- This site is optimized with the Yoast SEO plugin v27.1.1 - https:\/\/yoast.com\/product\/yoast-seo-wordpress\/ -->\n<title>Servicemanagement und Prozessoptimierung - NewVoice International<\/title>\n<meta name=\"robots\" content=\"index, follow, max-snippet:-1, max-image-preview:large, max-video-preview:-1\" \/>\n<link rel=\"canonical\" href=\"https:\/\/newvoiceinternational.com\/service-management-and-process-optimization-hospitality\/\" \/>\n<meta property=\"og:locale\" content=\"de_DE\" \/>\n<meta property=\"og:type\" content=\"article\" \/>\n<meta property=\"og:title\" content=\"Servicemanagement und Prozessoptimierung - NewVoice International\" \/>\n<meta property=\"og:description\" content=\"Servicemanagement und Prozessoptimierung F\u00fcr den Betrieb eines Hotels ist der effiziente Einsatz von Kommunikationsmittel ein wichtiger Kosten- und Qualit\u00e4tsfaktor. Mit Hilfe von MobiCall k\u00f6nnen bestehende Systeme, wie Telefonanlage, Entertainment-Systeme und Hotel Management Software vernetzt werden. Somit k\u00f6nnen Arbeitsabl\u00e4ufe optimiert und in Folge dessen die Prozesskosten gesenkt, sowie die Servicequalit\u00e4t gesteigert werden. Hierbei nimmt das MobiCall [&hellip;]\" \/>\n<meta property=\"og:url\" content=\"https:\/\/newvoiceinternational.com\/service-management-and-process-optimization-hospitality\/\" \/>\n<meta property=\"og:site_name\" content=\"NewVoice International\" \/>\n<meta property=\"article:modified_time\" content=\"2024-03-14T09:32:39+00:00\" \/>\n<meta property=\"og:image\" content=\"http:\/\/newvoicetest.online\/wp-content\/uploads\/2022\/07\/Hotel_Integration_Hotel_Management_Software.jpg\" \/>\n<meta name=\"twitter:card\" content=\"summary_large_image\" \/>\n<meta name=\"twitter:label1\" content=\"Gesch\u00e4tzte Lesezeit\" \/>\n\t<meta name=\"twitter:data1\" content=\"1\u00a0Minute\" \/>\n<script type=\"application\/ld+json\" class=\"yoast-schema-graph\">{\"@context\":\"https:\/\/schema.org\",\"@graph\":[{\"@type\":\"WebPage\",\"@id\":\"https:\/\/newvoiceinternational.com\/service-management-and-process-optimization-hospitality\/\",\"url\":\"https:\/\/newvoiceinternational.com\/service-management-and-process-optimization-hospitality\/\",\"name\":\"Servicemanagement und Prozessoptimierung - NewVoice International\",\"isPartOf\":{\"@id\":\"https:\/\/newvoiceinternational.com\/#website\"},\"primaryImageOfPage\":{\"@id\":\"https:\/\/newvoiceinternational.com\/service-management-and-process-optimization-hospitality\/#primaryimage\"},\"image\":{\"@id\":\"https:\/\/newvoiceinternational.com\/service-management-and-process-optimization-hospitality\/#primaryimage\"},\"thumbnailUrl\":\"http:\/\/newvoicetest.online\/wp-content\/uploads\/2022\/07\/Hotel_Integration_Hotel_Management_Software.jpg\",\"datePublished\":\"2024-03-13T13:26:31+00:00\",\"dateModified\":\"2024-03-14T09:32:39+00:00\",\"breadcrumb\":{\"@id\":\"https:\/\/newvoiceinternational.com\/service-management-and-process-optimization-hospitality\/#breadcrumb\"},\"inLanguage\":\"de\",\"potentialAction\":[{\"@type\":\"ReadAction\",\"target\":[\"https:\/\/newvoiceinternational.com\/service-management-and-process-optimization-hospitality\/\"]}]},{\"@type\":\"ImageObject\",\"inLanguage\":\"de\",\"@id\":\"https:\/\/newvoiceinternational.com\/service-management-and-process-optimization-hospitality\/#primaryimage\",\"url\":\"http:\/\/newvoicetest.online\/wp-content\/uploads\/2022\/07\/Hotel_Integration_Hotel_Management_Software.jpg\",\"contentUrl\":\"http:\/\/newvoicetest.online\/wp-content\/uploads\/2022\/07\/Hotel_Integration_Hotel_Management_Software.jpg\"},{\"@type\":\"BreadcrumbList\",\"@id\":\"https:\/\/newvoiceinternational.com\/service-management-and-process-optimization-hospitality\/#breadcrumb\",\"itemListElement\":[{\"@type\":\"ListItem\",\"position\":1,\"name\":\"Home\",\"item\":\"https:\/\/newvoiceinternational.com\/fr\/\"},{\"@type\":\"ListItem\",\"position\":2,\"name\":\"Servicemanagement und Prozessoptimierung\"}]},{\"@type\":\"WebSite\",\"@id\":\"https:\/\/newvoiceinternational.com\/#website\",\"url\":\"https:\/\/newvoiceinternational.com\/\",\"name\":\"NewVoice International\",\"description\":\"\",\"publisher\":{\"@id\":\"https:\/\/newvoiceinternational.com\/#organization\"},\"potentialAction\":[{\"@type\":\"SearchAction\",\"target\":{\"@type\":\"EntryPoint\",\"urlTemplate\":\"https:\/\/newvoiceinternational.com\/?s={search_term_string}\"},\"query-input\":{\"@type\":\"PropertyValueSpecification\",\"valueRequired\":true,\"valueName\":\"search_term_string\"}}],\"inLanguage\":\"de\"},{\"@type\":\"Organization\",\"@id\":\"https:\/\/newvoiceinternational.com\/#organization\",\"name\":\"NewVoice International\",\"url\":\"https:\/\/newvoiceinternational.com\/\",\"logo\":{\"@type\":\"ImageObject\",\"inLanguage\":\"de\",\"@id\":\"https:\/\/newvoiceinternational.com\/#\/schema\/logo\/image\/\",\"url\":\"https:\/\/newvoiceinternational.com\/wp-content\/uploads\/2022\/06\/NV_Logo_RGB.png\",\"contentUrl\":\"https:\/\/newvoiceinternational.com\/wp-content\/uploads\/2022\/06\/NV_Logo_RGB.png\",\"width\":1200,\"height\":315,\"caption\":\"NewVoice International\"},\"image\":{\"@id\":\"https:\/\/newvoiceinternational.com\/#\/schema\/logo\/image\/\"}}]}<\/script>\n<!-- \/ Yoast SEO plugin. -->","yoast_head_json":{"title":"Servicemanagement und Prozessoptimierung - NewVoice International","robots":{"index":"index","follow":"follow","max-snippet":"max-snippet:-1","max-image-preview":"max-image-preview:large","max-video-preview":"max-video-preview:-1"},"canonical":"https:\/\/newvoiceinternational.com\/service-management-and-process-optimization-hospitality\/","og_locale":"de_DE","og_type":"article","og_title":"Servicemanagement und Prozessoptimierung - NewVoice International","og_description":"Servicemanagement und Prozessoptimierung F\u00fcr den Betrieb eines Hotels ist der effiziente Einsatz von Kommunikationsmittel ein wichtiger Kosten- und Qualit\u00e4tsfaktor. Mit Hilfe von MobiCall k\u00f6nnen bestehende Systeme, wie Telefonanlage, Entertainment-Systeme und Hotel Management Software vernetzt werden. Somit k\u00f6nnen Arbeitsabl\u00e4ufe optimiert und in Folge dessen die Prozesskosten gesenkt, sowie die Servicequalit\u00e4t gesteigert werden. Hierbei nimmt das MobiCall [&hellip;]","og_url":"https:\/\/newvoiceinternational.com\/service-management-and-process-optimization-hospitality\/","og_site_name":"NewVoice International","article_modified_time":"2024-03-14T09:32:39+00:00","og_image":[{"url":"http:\/\/newvoicetest.online\/wp-content\/uploads\/2022\/07\/Hotel_Integration_Hotel_Management_Software.jpg","type":"","width":"","height":""}],"twitter_card":"summary_large_image","twitter_misc":{"Gesch\u00e4tzte Lesezeit":"1\u00a0Minute"},"schema":{"@context":"https:\/\/schema.org","@graph":[{"@type":"WebPage","@id":"https:\/\/newvoiceinternational.com\/service-management-and-process-optimization-hospitality\/","url":"https:\/\/newvoiceinternational.com\/service-management-and-process-optimization-hospitality\/","name":"Servicemanagement und Prozessoptimierung - NewVoice International","isPartOf":{"@id":"https:\/\/newvoiceinternational.com\/#website"},"primaryImageOfPage":{"@id":"https:\/\/newvoiceinternational.com\/service-management-and-process-optimization-hospitality\/#primaryimage"},"image":{"@id":"https:\/\/newvoiceinternational.com\/service-management-and-process-optimization-hospitality\/#primaryimage"},"thumbnailUrl":"http:\/\/newvoicetest.online\/wp-content\/uploads\/2022\/07\/Hotel_Integration_Hotel_Management_Software.jpg","datePublished":"2024-03-13T13:26:31+00:00","dateModified":"2024-03-14T09:32:39+00:00","breadcrumb":{"@id":"https:\/\/newvoiceinternational.com\/service-management-and-process-optimization-hospitality\/#breadcrumb"},"inLanguage":"de","potentialAction":[{"@type":"ReadAction","target":["https:\/\/newvoiceinternational.com\/service-management-and-process-optimization-hospitality\/"]}]},{"@type":"ImageObject","inLanguage":"de","@id":"https:\/\/newvoiceinternational.com\/service-management-and-process-optimization-hospitality\/#primaryimage","url":"http:\/\/newvoicetest.online\/wp-content\/uploads\/2022\/07\/Hotel_Integration_Hotel_Management_Software.jpg","contentUrl":"http:\/\/newvoicetest.online\/wp-content\/uploads\/2022\/07\/Hotel_Integration_Hotel_Management_Software.jpg"},{"@type":"BreadcrumbList","@id":"https:\/\/newvoiceinternational.com\/service-management-and-process-optimization-hospitality\/#breadcrumb","itemListElement":[{"@type":"ListItem","position":1,"name":"Home","item":"https:\/\/newvoiceinternational.com\/fr\/"},{"@type":"ListItem","position":2,"name":"Servicemanagement und Prozessoptimierung"}]},{"@type":"WebSite","@id":"https:\/\/newvoiceinternational.com\/#website","url":"https:\/\/newvoiceinternational.com\/","name":"NewVoice International","description":"","publisher":{"@id":"https:\/\/newvoiceinternational.com\/#organization"},"potentialAction":[{"@type":"SearchAction","target":{"@type":"EntryPoint","urlTemplate":"https:\/\/newvoiceinternational.com\/?s={search_term_string}"},"query-input":{"@type":"PropertyValueSpecification","valueRequired":true,"valueName":"search_term_string"}}],"inLanguage":"de"},{"@type":"Organization","@id":"https:\/\/newvoiceinternational.com\/#organization","name":"NewVoice International","url":"https:\/\/newvoiceinternational.com\/","logo":{"@type":"ImageObject","inLanguage":"de","@id":"https:\/\/newvoiceinternational.com\/#\/schema\/logo\/image\/","url":"https:\/\/newvoiceinternational.com\/wp-content\/uploads\/2022\/06\/NV_Logo_RGB.png","contentUrl":"https:\/\/newvoiceinternational.com\/wp-content\/uploads\/2022\/06\/NV_Logo_RGB.png","width":1200,"height":315,"caption":"NewVoice International"},"image":{"@id":"https:\/\/newvoiceinternational.com\/#\/schema\/logo\/image\/"}}]}},"_links":{"self":[{"href":"https:\/\/newvoiceinternational.com\/de\/wp-json\/wp\/v2\/pages\/36384","targetHints":{"allow":["GET"]}}],"collection":[{"href":"https:\/\/newvoiceinternational.com\/de\/wp-json\/wp\/v2\/pages"}],"about":[{"href":"https:\/\/newvoiceinternational.com\/de\/wp-json\/wp\/v2\/types\/page"}],"author":[{"embeddable":true,"href":"https:\/\/newvoiceinternational.com\/de\/wp-json\/wp\/v2\/users\/5"}],"replies":[{"embeddable":true,"href":"https:\/\/newvoiceinternational.com\/de\/wp-json\/wp\/v2\/comments?post=36384"}],"version-history":[{"count":0,"href":"https:\/\/newvoiceinternational.com\/de\/wp-json\/wp\/v2\/pages\/36384\/revisions"}],"wp:attachment":[{"href":"https:\/\/newvoiceinternational.com\/de\/wp-json\/wp\/v2\/media?parent=36384"}],"curies":[{"name":"wp","href":"https:\/\/api.w.org\/{rel}","templated":true}]}}