{"id":36382,"date":"2024-03-13T14:21:32","date_gmt":"2024-03-13T13:21:32","guid":{"rendered":"https:\/\/newvoiceinternational.com\/personenschutz-und-notfallmanagement-2\/"},"modified":"2024-03-14T10:30:39","modified_gmt":"2024-03-14T09:30:39","slug":"personenschutz-und-notfallmanagement-2","status":"publish","type":"page","link":"https:\/\/newvoiceinternational.com\/de\/personenschutz-und-notfallmanagement-2\/","title":{"rendered":"Personenschutz und \u00adNotfallmanagement"},"content":{"rendered":"\t\t<div data-elementor-type=\"wp-page\" data-elementor-id=\"36382\" class=\"elementor elementor-36382 elementor-36332\" data-elementor-post-type=\"page\">\n\t\t\t\t\t\t<section class=\"elementor-section elementor-top-section elementor-element elementor-element-144196d elementor-section-boxed elementor-section-height-default elementor-section-height-default\" data-id=\"144196d\" data-element_type=\"section\" data-e-type=\"section\">\n\t\t\t\t\t\t<div class=\"elementor-container elementor-column-gap-default\">\n\t\t\t\t\t<div class=\"elementor-column elementor-col-100 elementor-top-column elementor-element elementor-element-d30df47\" data-id=\"d30df47\" data-element_type=\"column\" data-e-type=\"column\">\n\t\t\t<div class=\"elementor-widget-wrap elementor-element-populated\">\n\t\t\t\t\t\t<div class=\"elementor-element elementor-element-9b62511 elementor-widget elementor-widget-heading\" data-id=\"9b62511\" data-element_type=\"widget\" data-e-type=\"widget\" data-widget_type=\"heading.default\">\n\t\t\t\t<div class=\"elementor-widget-container\">\n\t\t\t\t\t<h2 class=\"elementor-heading-title elementor-size-default\">Personenschutz und Notfallmanagement<\/h2>\t\t\t\t<\/div>\n\t\t\t\t<\/div>\n\t\t\t\t<div class=\"elementor-element elementor-element-3d0c89d elementor-widget elementor-widget-text-editor\" data-id=\"3d0c89d\" data-element_type=\"widget\" data-e-type=\"widget\" data-widget_type=\"text-editor.default\">\n\t\t\t\t<div class=\"elementor-widget-container\">\n\t\t\t\t\t\t\t\t\t<p>Bei einem Brand- oder Katastrophenalarm ist eine unverz\u00fcgliche Massenalarmierung erforderlich. Mit MobiCall kann die bestehende Infrastruktur genutzt werden, sodass vorhandene Telefone, In-Room-Entertainment-Systeme und Computer f\u00fcr eine akustische und optische Alarmsignalisierung zur Verf\u00fcgung stehen. IP-Lautsprecher oder zentrale ELA-Anlagen k\u00f6nnen angebunden und somit entsprechende Ansagen, z.B. in Hallen und Flurbereichen, abgespielt werden. F\u00fcr die Absicherung von Alleinarbeitspl\u00e4tzen kann MobiCall ebenfalls verwendet werden. Die Koordination zwischen den handelnden Personen kann mittels automatischer initialisierter Telefonkonferenz erfolgen. Unter Ber\u00fccksichtigung der gesetzlichen- und berufsgenossenschaftlichen Vorschriften kann diese L\u00f6sung auch f\u00fcr den Ersthelfer-Notruf eingesetzt werden.<\/p>\n<h4><img fetchpriority=\"high\" decoding=\"async\" width=\"500\" height=\"300\" class=\"size-medium wp-image-2159 alignleft\" src=\"http:\/\/newvoicetest.online\/wp-content\/uploads\/2022\/07\/Gesundheit_Fire_and_disaster_alarm.jpg\" alt=\"\" srcset=\"https:\/\/newvoiceinternational.com\/wp-content\/uploads\/2022\/07\/Gesundheit_Fire_and_disaster_alarm.jpg 500w, https:\/\/newvoiceinternational.com\/wp-content\/uploads\/2022\/07\/Gesundheit_Fire_and_disaster_alarm-300x180.jpg 300w\" sizes=\"(max-width: 500px) 100vw, 500px\" \/><\/h4>\n<h4><strong>BRAND- UND KATASTROPHENALARM<\/strong><\/h4>\n<div id=\"list-28\" class=\"mk-list-styles mk-align-none accord-list clear\" data-charcode=\"e638\" data-family=\"pe-line-icons\">\n<ul>\n<li>\u00dcbernahme von Gastdaten aus Hotelmanagement-System zur Alarmierung in der jeweiligen Landessprache<\/li>\n<li>Integration der vorhandenen Brandmeldeanlage (ESPA 4.4.4, ESPA-X, Kontakt)<\/li>\n<li>M\u00f6glichkeit der manuellen Ausl\u00f6sung (Telefon, Web, Taster)<\/li>\n<li>Brandabschnitts- oder bereichsbezogene Alarmierung<\/li>\n<li>Integration eines Voralarms zur Vermeidung von Fehlalarmen<\/li>\n<li>Parallele multimediale Alarmierung auf verschiedenen Devices<\/li>\n<li>Integration von ELA Anlagen und IP-Lautsprechern<\/li>\n<li>Initialisierung von Notfallkonferenzen<\/li>\n<\/ul>\n<\/div>\n<p><img decoding=\"async\" width=\"800\" height=\"480\" class=\"size-medium wp-image-2114 alignright\" style=\"max-width: 500px;\" src=\"http:\/\/newvoicetest.online\/wp-content\/uploads\/2022\/07\/Lone_workers_protection.jpg\" alt=\"\" srcset=\"https:\/\/newvoiceinternational.com\/wp-content\/uploads\/2022\/07\/Lone_workers_protection.jpg 800w, https:\/\/newvoiceinternational.com\/wp-content\/uploads\/2022\/07\/Lone_workers_protection-300x180.jpg 300w, https:\/\/newvoiceinternational.com\/wp-content\/uploads\/2022\/07\/Lone_workers_protection-768x461.jpg 768w\" sizes=\"(max-width: 800px) 100vw, 800px\" \/><\/p>\n<h4><\/h4>\n<h4>ALLEINARBEITSPLATZSICHERUNG<\/h4>\n<div id=\"list-30\" class=\"mk-list-styles mk-align-none accord-list clear\" data-charcode=\"e638\" data-family=\"pe-line-icons\">\n<ul>\n<li>Plattformunabh\u00e4ngige L\u00f6sung f\u00fcr DECT, Wifi, GSM<\/li>\n<li>Unterst\u00fctzung von willensabh\u00e4ngigen (Roter Knopf) und willensunabh\u00e4ngigen Alarmen (Lage-, Ruhe-, Zeit-, Fluchtund Verlustalarm)<\/li>\n<li>Automatischer Aufbau von Notfallkonferenzen zwischen Alarmausl\u00f6ser und Alarmempf\u00e4nger<\/li>\n<li>Permanente \u00dcberwachung der Personen-Notsignal-Ger\u00e4te<\/li>\n<li>Lokalisierung \u00fcber DECT, Wifi, Bluetooth Beacons und GPS<\/li>\n<li>Visualisierung von Geb\u00e4ude- und Gel\u00e4ndepl\u00e4nen<\/li>\n<li>Unterst\u00fctzung der Rundgang- und W\u00e4chterkontrolle<\/li>\n<\/ul>\n<\/div>\n<p><img decoding=\"async\" class=\"size-medium wp-image-2165 alignleft\" src=\"http:\/\/newvoicetest.online\/wp-content\/uploads\/2022\/07\/Hochschulen_Ersthelfer_Notruf.jpg\" alt=\"\" \/><\/p>\n<h4>ERSTHELFER-NOTRUF<\/h4>\n<div id=\"list-34\" class=\"mk-list-styles mk-align-none accord-list clear\" data-charcode=\"e638\" data-family=\"pe-line-icons\">\n<ul>\n<li>Zentrale Ersthelferrufnummer f\u00fcr alle Mitarbeiter<\/li>\n<li>M\u00f6glichkeit zum Aufsprechen von Notfallinformationen<\/li>\n<li>Feste und dynamische raumbezogene Alarmzuordnung<\/li>\n<li>Automatischer Konferenzaufbau zwischen Ersthelfer mit optionaler M\u00f6glichkeit zur Aufzeichnung und Weiterleitung<\/li>\n<li>M\u00f6glichkeit der Weiterleitung an externe Stellen<\/li>\n<li>Automatische Abschaltung von Maschinen im Notfall<\/li>\n<\/ul>\n<\/div>\n\t\t\t\t\t\t\t\t<\/div>\n\t\t\t\t<\/div>\n\t\t\t\t\t<\/div>\n\t\t<\/div>\n\t\t\t\t\t<\/div>\n\t\t<\/section>\n\t\t\t\t<\/div>\n\t\t","protected":false},"excerpt":{"rendered":"<p>Personenschutz und Notfallmanagement Bei einem Brand- oder Katastrophenalarm ist eine unverz\u00fcgliche Massenalarmierung erforderlich. Mit MobiCall kann die bestehende Infrastruktur genutzt werden, sodass vorhandene Telefone, In-Room-Entertainment-Systeme und Computer f\u00fcr eine akustische und optische Alarmsignalisierung zur Verf\u00fcgung stehen. IP-Lautsprecher oder zentrale ELA-Anlagen k\u00f6nnen angebunden und somit entsprechende Ansagen, z.B. in Hallen und Flurbereichen, abgespielt werden. F\u00fcr die [&hellip;]<\/p>\n","protected":false},"author":5,"featured_media":0,"parent":0,"menu_order":0,"comment_status":"closed","ping_status":"closed","template":"elementor_header_footer","meta":{"_eb_attr":"","inline_featured_image":false,"footnotes":""},"class_list":["post-36382","page","type-page","status-publish","hentry"],"acf":[],"yoast_head":"<!-- This site is optimized with the Yoast SEO plugin v27.3 - https:\/\/yoast.com\/product\/yoast-seo-wordpress\/ -->\n<title>Personenschutz und \u00adNotfallmanagement - NewVoice International<\/title>\n<meta name=\"robots\" content=\"index, follow, max-snippet:-1, max-image-preview:large, max-video-preview:-1\" \/>\n<link rel=\"canonical\" href=\"https:\/\/newvoiceinternational.com\/de\/personenschutz-und-notfallmanagement-2\/\" \/>\n<meta property=\"og:locale\" content=\"de_DE\" \/>\n<meta property=\"og:type\" content=\"article\" \/>\n<meta property=\"og:title\" content=\"Personenschutz und \u00adNotfallmanagement - NewVoice International\" \/>\n<meta property=\"og:description\" content=\"Personenschutz und Notfallmanagement Bei einem Brand- oder Katastrophenalarm ist eine unverz\u00fcgliche Massenalarmierung erforderlich. Mit MobiCall kann die bestehende Infrastruktur genutzt werden, sodass vorhandene Telefone, In-Room-Entertainment-Systeme und Computer f\u00fcr eine akustische und optische Alarmsignalisierung zur Verf\u00fcgung stehen. IP-Lautsprecher oder zentrale ELA-Anlagen k\u00f6nnen angebunden und somit entsprechende Ansagen, z.B. in Hallen und Flurbereichen, abgespielt werden. F\u00fcr die [&hellip;]\" \/>\n<meta property=\"og:url\" content=\"https:\/\/newvoiceinternational.com\/de\/personenschutz-und-notfallmanagement-2\/\" \/>\n<meta property=\"og:site_name\" content=\"NewVoice International\" \/>\n<meta property=\"article:modified_time\" content=\"2024-03-14T09:30:39+00:00\" \/>\n<meta property=\"og:image\" content=\"http:\/\/newvoicetest.online\/wp-content\/uploads\/2022\/07\/Gesundheit_Fire_and_disaster_alarm.jpg\" \/>\n<meta name=\"twitter:card\" content=\"summary_large_image\" \/>\n<meta name=\"twitter:label1\" content=\"Gesch\u00e4tzte Lesezeit\" \/>\n\t<meta name=\"twitter:data1\" content=\"1\u00a0Minute\" \/>\n<script type=\"application\/ld+json\" class=\"yoast-schema-graph\">{\"@context\":\"https:\\\/\\\/schema.org\",\"@graph\":[{\"@type\":\"WebPage\",\"@id\":\"https:\\\/\\\/newvoiceinternational.com\\\/de\\\/personenschutz-und-notfallmanagement-2\\\/\",\"url\":\"https:\\\/\\\/newvoiceinternational.com\\\/de\\\/personenschutz-und-notfallmanagement-2\\\/\",\"name\":\"Personenschutz und \u00adNotfallmanagement - NewVoice International\",\"isPartOf\":{\"@id\":\"https:\\\/\\\/newvoiceinternational.com\\\/de\\\/#website\"},\"primaryImageOfPage\":{\"@id\":\"https:\\\/\\\/newvoiceinternational.com\\\/de\\\/personenschutz-und-notfallmanagement-2\\\/#primaryimage\"},\"image\":{\"@id\":\"https:\\\/\\\/newvoiceinternational.com\\\/de\\\/personenschutz-und-notfallmanagement-2\\\/#primaryimage\"},\"thumbnailUrl\":\"http:\\\/\\\/newvoicetest.online\\\/wp-content\\\/uploads\\\/2022\\\/07\\\/Gesundheit_Fire_and_disaster_alarm.jpg\",\"datePublished\":\"2024-03-13T13:21:32+00:00\",\"dateModified\":\"2024-03-14T09:30:39+00:00\",\"breadcrumb\":{\"@id\":\"https:\\\/\\\/newvoiceinternational.com\\\/de\\\/personenschutz-und-notfallmanagement-2\\\/#breadcrumb\"},\"inLanguage\":\"de\",\"potentialAction\":[{\"@type\":\"ReadAction\",\"target\":[\"https:\\\/\\\/newvoiceinternational.com\\\/de\\\/personenschutz-und-notfallmanagement-2\\\/\"]}]},{\"@type\":\"ImageObject\",\"inLanguage\":\"de\",\"@id\":\"https:\\\/\\\/newvoiceinternational.com\\\/de\\\/personenschutz-und-notfallmanagement-2\\\/#primaryimage\",\"url\":\"http:\\\/\\\/newvoicetest.online\\\/wp-content\\\/uploads\\\/2022\\\/07\\\/Gesundheit_Fire_and_disaster_alarm.jpg\",\"contentUrl\":\"http:\\\/\\\/newvoicetest.online\\\/wp-content\\\/uploads\\\/2022\\\/07\\\/Gesundheit_Fire_and_disaster_alarm.jpg\"},{\"@type\":\"BreadcrumbList\",\"@id\":\"https:\\\/\\\/newvoiceinternational.com\\\/de\\\/personenschutz-und-notfallmanagement-2\\\/#breadcrumb\",\"itemListElement\":[{\"@type\":\"ListItem\",\"position\":1,\"name\":\"Home\",\"item\":\"https:\\\/\\\/newvoiceinternational.com\\\/de\\\/\"},{\"@type\":\"ListItem\",\"position\":2,\"name\":\"Personenschutz und \u00adNotfallmanagement\"}]},{\"@type\":\"WebSite\",\"@id\":\"https:\\\/\\\/newvoiceinternational.com\\\/de\\\/#website\",\"url\":\"https:\\\/\\\/newvoiceinternational.com\\\/de\\\/\",\"name\":\"NewVoice International\",\"description\":\"\",\"publisher\":{\"@id\":\"https:\\\/\\\/newvoiceinternational.com\\\/de\\\/#organization\"},\"potentialAction\":[{\"@type\":\"SearchAction\",\"target\":{\"@type\":\"EntryPoint\",\"urlTemplate\":\"https:\\\/\\\/newvoiceinternational.com\\\/de\\\/?s={search_term_string}\"},\"query-input\":{\"@type\":\"PropertyValueSpecification\",\"valueRequired\":true,\"valueName\":\"search_term_string\"}}],\"inLanguage\":\"de\"},{\"@type\":\"Organization\",\"@id\":\"https:\\\/\\\/newvoiceinternational.com\\\/de\\\/#organization\",\"name\":\"NewVoice International\",\"url\":\"https:\\\/\\\/newvoiceinternational.com\\\/de\\\/\",\"logo\":{\"@type\":\"ImageObject\",\"inLanguage\":\"de\",\"@id\":\"https:\\\/\\\/newvoiceinternational.com\\\/de\\\/#\\\/schema\\\/logo\\\/image\\\/\",\"url\":\"https:\\\/\\\/newvoiceinternational.com\\\/wp-content\\\/uploads\\\/2022\\\/06\\\/NV_Logo_RGB.png\",\"contentUrl\":\"https:\\\/\\\/newvoiceinternational.com\\\/wp-content\\\/uploads\\\/2022\\\/06\\\/NV_Logo_RGB.png\",\"width\":1200,\"height\":315,\"caption\":\"NewVoice International\"},\"image\":{\"@id\":\"https:\\\/\\\/newvoiceinternational.com\\\/de\\\/#\\\/schema\\\/logo\\\/image\\\/\"}}]}<\/script>\n<!-- \/ Yoast SEO plugin. -->","yoast_head_json":{"title":"Personenschutz und \u00adNotfallmanagement - NewVoice International","robots":{"index":"index","follow":"follow","max-snippet":"max-snippet:-1","max-image-preview":"max-image-preview:large","max-video-preview":"max-video-preview:-1"},"canonical":"https:\/\/newvoiceinternational.com\/de\/personenschutz-und-notfallmanagement-2\/","og_locale":"de_DE","og_type":"article","og_title":"Personenschutz und \u00adNotfallmanagement - NewVoice International","og_description":"Personenschutz und Notfallmanagement Bei einem Brand- oder Katastrophenalarm ist eine unverz\u00fcgliche Massenalarmierung erforderlich. Mit MobiCall kann die bestehende Infrastruktur genutzt werden, sodass vorhandene Telefone, In-Room-Entertainment-Systeme und Computer f\u00fcr eine akustische und optische Alarmsignalisierung zur Verf\u00fcgung stehen. IP-Lautsprecher oder zentrale ELA-Anlagen k\u00f6nnen angebunden und somit entsprechende Ansagen, z.B. in Hallen und Flurbereichen, abgespielt werden. F\u00fcr die [&hellip;]","og_url":"https:\/\/newvoiceinternational.com\/de\/personenschutz-und-notfallmanagement-2\/","og_site_name":"NewVoice International","article_modified_time":"2024-03-14T09:30:39+00:00","og_image":[{"url":"http:\/\/newvoicetest.online\/wp-content\/uploads\/2022\/07\/Gesundheit_Fire_and_disaster_alarm.jpg","type":"","width":"","height":""}],"twitter_card":"summary_large_image","twitter_misc":{"Gesch\u00e4tzte Lesezeit":"1\u00a0Minute"},"schema":{"@context":"https:\/\/schema.org","@graph":[{"@type":"WebPage","@id":"https:\/\/newvoiceinternational.com\/de\/personenschutz-und-notfallmanagement-2\/","url":"https:\/\/newvoiceinternational.com\/de\/personenschutz-und-notfallmanagement-2\/","name":"Personenschutz und \u00adNotfallmanagement - NewVoice International","isPartOf":{"@id":"https:\/\/newvoiceinternational.com\/de\/#website"},"primaryImageOfPage":{"@id":"https:\/\/newvoiceinternational.com\/de\/personenschutz-und-notfallmanagement-2\/#primaryimage"},"image":{"@id":"https:\/\/newvoiceinternational.com\/de\/personenschutz-und-notfallmanagement-2\/#primaryimage"},"thumbnailUrl":"http:\/\/newvoicetest.online\/wp-content\/uploads\/2022\/07\/Gesundheit_Fire_and_disaster_alarm.jpg","datePublished":"2024-03-13T13:21:32+00:00","dateModified":"2024-03-14T09:30:39+00:00","breadcrumb":{"@id":"https:\/\/newvoiceinternational.com\/de\/personenschutz-und-notfallmanagement-2\/#breadcrumb"},"inLanguage":"de","potentialAction":[{"@type":"ReadAction","target":["https:\/\/newvoiceinternational.com\/de\/personenschutz-und-notfallmanagement-2\/"]}]},{"@type":"ImageObject","inLanguage":"de","@id":"https:\/\/newvoiceinternational.com\/de\/personenschutz-und-notfallmanagement-2\/#primaryimage","url":"http:\/\/newvoicetest.online\/wp-content\/uploads\/2022\/07\/Gesundheit_Fire_and_disaster_alarm.jpg","contentUrl":"http:\/\/newvoicetest.online\/wp-content\/uploads\/2022\/07\/Gesundheit_Fire_and_disaster_alarm.jpg"},{"@type":"BreadcrumbList","@id":"https:\/\/newvoiceinternational.com\/de\/personenschutz-und-notfallmanagement-2\/#breadcrumb","itemListElement":[{"@type":"ListItem","position":1,"name":"Home","item":"https:\/\/newvoiceinternational.com\/de\/"},{"@type":"ListItem","position":2,"name":"Personenschutz und \u00adNotfallmanagement"}]},{"@type":"WebSite","@id":"https:\/\/newvoiceinternational.com\/de\/#website","url":"https:\/\/newvoiceinternational.com\/de\/","name":"NewVoice International","description":"","publisher":{"@id":"https:\/\/newvoiceinternational.com\/de\/#organization"},"potentialAction":[{"@type":"SearchAction","target":{"@type":"EntryPoint","urlTemplate":"https:\/\/newvoiceinternational.com\/de\/?s={search_term_string}"},"query-input":{"@type":"PropertyValueSpecification","valueRequired":true,"valueName":"search_term_string"}}],"inLanguage":"de"},{"@type":"Organization","@id":"https:\/\/newvoiceinternational.com\/de\/#organization","name":"NewVoice International","url":"https:\/\/newvoiceinternational.com\/de\/","logo":{"@type":"ImageObject","inLanguage":"de","@id":"https:\/\/newvoiceinternational.com\/de\/#\/schema\/logo\/image\/","url":"https:\/\/newvoiceinternational.com\/wp-content\/uploads\/2022\/06\/NV_Logo_RGB.png","contentUrl":"https:\/\/newvoiceinternational.com\/wp-content\/uploads\/2022\/06\/NV_Logo_RGB.png","width":1200,"height":315,"caption":"NewVoice International"},"image":{"@id":"https:\/\/newvoiceinternational.com\/de\/#\/schema\/logo\/image\/"}}]}},"_links":{"self":[{"href":"https:\/\/newvoiceinternational.com\/de\/wp-json\/wp\/v2\/pages\/36382","targetHints":{"allow":["GET"]}}],"collection":[{"href":"https:\/\/newvoiceinternational.com\/de\/wp-json\/wp\/v2\/pages"}],"about":[{"href":"https:\/\/newvoiceinternational.com\/de\/wp-json\/wp\/v2\/types\/page"}],"author":[{"embeddable":true,"href":"https:\/\/newvoiceinternational.com\/de\/wp-json\/wp\/v2\/users\/5"}],"replies":[{"embeddable":true,"href":"https:\/\/newvoiceinternational.com\/de\/wp-json\/wp\/v2\/comments?post=36382"}],"version-history":[{"count":0,"href":"https:\/\/newvoiceinternational.com\/de\/wp-json\/wp\/v2\/pages\/36382\/revisions"}],"wp:attachment":[{"href":"https:\/\/newvoiceinternational.com\/de\/wp-json\/wp\/v2\/media?parent=36382"}],"curies":[{"name":"wp","href":"https:\/\/api.w.org\/{rel}","templated":true}]}}