{"id":36380,"date":"2024-03-13T14:14:46","date_gmt":"2024-03-13T13:14:46","guid":{"rendered":"https:\/\/newvoiceinternational.com\/aufbau-und-uebersicht\/"},"modified":"2024-03-14T10:28:30","modified_gmt":"2024-03-14T09:28:30","slug":"aufbau-und-uebersicht","status":"publish","type":"page","link":"https:\/\/newvoiceinternational.com\/de\/aufbau-und-uebersicht\/","title":{"rendered":"Aufbau und \u00dcbersicht"},"content":{"rendered":"\t\t<div data-elementor-type=\"wp-page\" data-elementor-id=\"36380\" class=\"elementor elementor-36380 elementor-36324\" data-elementor-post-type=\"page\">\n\t\t\t\t\t\t<section class=\"elementor-section elementor-top-section elementor-element elementor-element-715fbf1 elementor-section-boxed elementor-section-height-default elementor-section-height-default\" data-id=\"715fbf1\" data-element_type=\"section\" data-e-type=\"section\">\n\t\t\t\t\t\t<div class=\"elementor-container elementor-column-gap-default\">\n\t\t\t\t\t<div class=\"elementor-column elementor-col-100 elementor-top-column elementor-element elementor-element-c5096d5\" data-id=\"c5096d5\" data-element_type=\"column\" data-e-type=\"column\">\n\t\t\t<div class=\"elementor-widget-wrap elementor-element-populated\">\n\t\t\t\t\t\t<div class=\"elementor-element elementor-element-fb1605a elementor-widget elementor-widget-heading\" data-id=\"fb1605a\" data-element_type=\"widget\" data-e-type=\"widget\" data-widget_type=\"heading.default\">\n\t\t\t\t<div class=\"elementor-widget-container\">\n\t\t\t\t\t<h2 class=\"elementor-heading-title elementor-size-default\">Aufbau und \u00dcbersicht<\/h2>\t\t\t\t<\/div>\n\t\t\t\t<\/div>\n\t\t\t\t<div class=\"elementor-element elementor-element-8cae823 elementor-widget elementor-widget-text-editor\" data-id=\"8cae823\" data-element_type=\"widget\" data-e-type=\"widget\" data-widget_type=\"text-editor.default\">\n\t\t\t\t<div class=\"elementor-widget-container\">\n\t\t\t\t\t\t\t\t\t<div class=\"wpb_row vc_inner vc_row vc_row-fluid attched-false \">\r\n<div class=\"wpb_column vc_column_container vc_col-sm-12\">\r\n<div class=\"vc_column-inner vc_custom_1485950545614\">\r\n<div class=\"wpb_wrapper\">\r\n<div id=\"text-block-17\" class=\"mk-text-block \">MobiCall sorgt f\u00fcr einen besseren Schutz Ihrer G\u00e4ste und Mitarbeiter sowie f\u00fcr eine schnelle Reaktion auf technische und betriebliche Alarme. Dadurch werden St\u00f6rungen, technische Ausf\u00e4lle, Wartezeiten und Unzufriedenheit vermieden. Das System bietet eine zeit- und kalenderabh\u00e4ngige Informationsverteilung, die Dienstpl\u00e4ne flexibel abbildet. Je nach Konfiguration eines Alarms erfolgt eine skillbasierende, priorisierte und eine simultane oder sequentielle \u00dcbertragung der Informationen. Weiterhin unterst\u00fctzt MobiCall interne Watchdog-\u00dcberwachungen, automatische Backups sowie umfassende Reporting- und Statistikfunktionen.<\/div>\r\n<\/div>\r\n<\/div>\r\n<\/div>\r\n<\/div>\r\n<img fetchpriority=\"high\" decoding=\"async\" width=\"900\" height=\"400\" class=\"size-medium wp-image-2152 aligncenter\" src=\"http:\/\/newvoicetest.online\/wp-content\/uploads\/2022\/07\/Oeffentl_Einrichtungen_structure_and_overview.jpg\" alt=\"\" srcset=\"https:\/\/newvoiceinternational.com\/wp-content\/uploads\/2022\/07\/Oeffentl_Einrichtungen_structure_and_overview.jpg 900w, https:\/\/newvoiceinternational.com\/wp-content\/uploads\/2022\/07\/Oeffentl_Einrichtungen_structure_and_overview-300x133.jpg 300w, https:\/\/newvoiceinternational.com\/wp-content\/uploads\/2022\/07\/Oeffentl_Einrichtungen_structure_and_overview-768x341.jpg 768w\" sizes=\"(max-width: 900px) 100vw, 900px\" \/>\r\n<div class=\"wpb_row vc_inner vc_row vc_row-fluid attched-false vc_custom_1486039041311 \">\r\n\r\nAlle Szenarien lassen sich zentral oder dezentral \u00fcber die MobiCall-Applikation konfigurieren und verwalten. Das webbasierende Management-Tool verf\u00fcgt \u00fcber einen innovativen \u201eDrag &amp; Drop\u201c Konfigurator. Diese L\u00f6sung stellt IT-Administratoren, sowie gruppen- und fachgebietsverantwortlichen Anwendern eine intuitive und \u00fcbersichtliche Konfigurationsm\u00f6glichkeit der Personendaten und Alarmparameter zur Verf\u00fcgung. Die Mandantenf\u00e4higkeit bietet f\u00fcr verschiedene Bereiche die M\u00f6glichkeit \u00fcber differenzierte Zugriffsberechtigungen, deren eigene Alarmierungsorganisation, selbstst\u00e4ndig zu administrieren. Ferner besteht die Option zur Anbindung externer Datenbanken. So k\u00f6nnen vorhandene Stammdaten f\u00fcr den automatischen Import genutzt werden, wodurch sich der administrative Aufwand reduziert.\r\n\r\nAls professionelle Sicherheitsl\u00f6sung kann MobiCall auch im redundanten Ausbau mit erh\u00f6hter Performance und Ausfallsicherheit betrieben werden. MobiCall Geo-Clustering erm\u00f6glicht die standort\u00fcbergreifende Redundanz und Funktions\u00fcberwachung \u00fcber mehrere Lokationen.\r\n\r\n<\/div>\t\t\t\t\t\t\t\t<\/div>\n\t\t\t\t<\/div>\n\t\t\t\t\t<\/div>\n\t\t<\/div>\n\t\t\t\t\t<\/div>\n\t\t<\/section>\n\t\t\t\t<\/div>\n\t\t","protected":false},"excerpt":{"rendered":"<p>Aufbau und \u00dcbersicht MobiCall sorgt f\u00fcr einen besseren Schutz Ihrer G\u00e4ste und Mitarbeiter sowie f\u00fcr eine schnelle Reaktion auf technische und betriebliche Alarme. Dadurch werden St\u00f6rungen, technische Ausf\u00e4lle, Wartezeiten und Unzufriedenheit vermieden. Das System bietet eine zeit- und kalenderabh\u00e4ngige Informationsverteilung, die Dienstpl\u00e4ne flexibel abbildet. Je nach Konfiguration eines Alarms erfolgt eine skillbasierende, priorisierte und eine [&hellip;]<\/p>\n","protected":false},"author":5,"featured_media":0,"parent":0,"menu_order":0,"comment_status":"closed","ping_status":"closed","template":"elementor_header_footer","meta":{"_eb_attr":"","inline_featured_image":false,"footnotes":""},"class_list":["post-36380","page","type-page","status-publish","hentry"],"acf":[],"yoast_head":"<!-- This site is optimized with the Yoast SEO plugin v27.3 - https:\/\/yoast.com\/product\/yoast-seo-wordpress\/ -->\n<title>Aufbau und \u00dcbersicht - NewVoice International<\/title>\n<meta name=\"robots\" content=\"index, follow, max-snippet:-1, max-image-preview:large, max-video-preview:-1\" \/>\n<link rel=\"canonical\" href=\"https:\/\/newvoiceinternational.com\/de\/aufbau-und-uebersicht\/\" \/>\n<meta property=\"og:locale\" content=\"de_DE\" \/>\n<meta property=\"og:type\" content=\"article\" \/>\n<meta property=\"og:title\" content=\"Aufbau und \u00dcbersicht - NewVoice International\" \/>\n<meta property=\"og:description\" content=\"Aufbau und \u00dcbersicht MobiCall sorgt f\u00fcr einen besseren Schutz Ihrer G\u00e4ste und Mitarbeiter sowie f\u00fcr eine schnelle Reaktion auf technische und betriebliche Alarme. Dadurch werden St\u00f6rungen, technische Ausf\u00e4lle, Wartezeiten und Unzufriedenheit vermieden. Das System bietet eine zeit- und kalenderabh\u00e4ngige Informationsverteilung, die Dienstpl\u00e4ne flexibel abbildet. Je nach Konfiguration eines Alarms erfolgt eine skillbasierende, priorisierte und eine [&hellip;]\" \/>\n<meta property=\"og:url\" content=\"https:\/\/newvoiceinternational.com\/de\/aufbau-und-uebersicht\/\" \/>\n<meta property=\"og:site_name\" content=\"NewVoice International\" \/>\n<meta property=\"article:modified_time\" content=\"2024-03-14T09:28:30+00:00\" \/>\n<meta property=\"og:image\" content=\"http:\/\/newvoicetest.online\/wp-content\/uploads\/2022\/07\/Oeffentl_Einrichtungen_structure_and_overview.jpg\" \/>\n<meta name=\"twitter:card\" content=\"summary_large_image\" \/>\n<meta name=\"twitter:label1\" content=\"Gesch\u00e4tzte Lesezeit\" \/>\n\t<meta name=\"twitter:data1\" content=\"1\u00a0Minute\" \/>\n<script type=\"application\/ld+json\" class=\"yoast-schema-graph\">{\"@context\":\"https:\\\/\\\/schema.org\",\"@graph\":[{\"@type\":\"WebPage\",\"@id\":\"https:\\\/\\\/newvoiceinternational.com\\\/de\\\/aufbau-und-uebersicht\\\/\",\"url\":\"https:\\\/\\\/newvoiceinternational.com\\\/de\\\/aufbau-und-uebersicht\\\/\",\"name\":\"Aufbau und \u00dcbersicht - NewVoice International\",\"isPartOf\":{\"@id\":\"https:\\\/\\\/newvoiceinternational.com\\\/de\\\/#website\"},\"primaryImageOfPage\":{\"@id\":\"https:\\\/\\\/newvoiceinternational.com\\\/de\\\/aufbau-und-uebersicht\\\/#primaryimage\"},\"image\":{\"@id\":\"https:\\\/\\\/newvoiceinternational.com\\\/de\\\/aufbau-und-uebersicht\\\/#primaryimage\"},\"thumbnailUrl\":\"http:\\\/\\\/newvoicetest.online\\\/wp-content\\\/uploads\\\/2022\\\/07\\\/Oeffentl_Einrichtungen_structure_and_overview.jpg\",\"datePublished\":\"2024-03-13T13:14:46+00:00\",\"dateModified\":\"2024-03-14T09:28:30+00:00\",\"breadcrumb\":{\"@id\":\"https:\\\/\\\/newvoiceinternational.com\\\/de\\\/aufbau-und-uebersicht\\\/#breadcrumb\"},\"inLanguage\":\"de\",\"potentialAction\":[{\"@type\":\"ReadAction\",\"target\":[\"https:\\\/\\\/newvoiceinternational.com\\\/de\\\/aufbau-und-uebersicht\\\/\"]}]},{\"@type\":\"ImageObject\",\"inLanguage\":\"de\",\"@id\":\"https:\\\/\\\/newvoiceinternational.com\\\/de\\\/aufbau-und-uebersicht\\\/#primaryimage\",\"url\":\"http:\\\/\\\/newvoicetest.online\\\/wp-content\\\/uploads\\\/2022\\\/07\\\/Oeffentl_Einrichtungen_structure_and_overview.jpg\",\"contentUrl\":\"http:\\\/\\\/newvoicetest.online\\\/wp-content\\\/uploads\\\/2022\\\/07\\\/Oeffentl_Einrichtungen_structure_and_overview.jpg\"},{\"@type\":\"BreadcrumbList\",\"@id\":\"https:\\\/\\\/newvoiceinternational.com\\\/de\\\/aufbau-und-uebersicht\\\/#breadcrumb\",\"itemListElement\":[{\"@type\":\"ListItem\",\"position\":1,\"name\":\"Home\",\"item\":\"https:\\\/\\\/newvoiceinternational.com\\\/de\\\/\"},{\"@type\":\"ListItem\",\"position\":2,\"name\":\"Aufbau und \u00dcbersicht\"}]},{\"@type\":\"WebSite\",\"@id\":\"https:\\\/\\\/newvoiceinternational.com\\\/de\\\/#website\",\"url\":\"https:\\\/\\\/newvoiceinternational.com\\\/de\\\/\",\"name\":\"NewVoice International\",\"description\":\"\",\"publisher\":{\"@id\":\"https:\\\/\\\/newvoiceinternational.com\\\/de\\\/#organization\"},\"potentialAction\":[{\"@type\":\"SearchAction\",\"target\":{\"@type\":\"EntryPoint\",\"urlTemplate\":\"https:\\\/\\\/newvoiceinternational.com\\\/de\\\/?s={search_term_string}\"},\"query-input\":{\"@type\":\"PropertyValueSpecification\",\"valueRequired\":true,\"valueName\":\"search_term_string\"}}],\"inLanguage\":\"de\"},{\"@type\":\"Organization\",\"@id\":\"https:\\\/\\\/newvoiceinternational.com\\\/de\\\/#organization\",\"name\":\"NewVoice International\",\"url\":\"https:\\\/\\\/newvoiceinternational.com\\\/de\\\/\",\"logo\":{\"@type\":\"ImageObject\",\"inLanguage\":\"de\",\"@id\":\"https:\\\/\\\/newvoiceinternational.com\\\/de\\\/#\\\/schema\\\/logo\\\/image\\\/\",\"url\":\"https:\\\/\\\/newvoiceinternational.com\\\/wp-content\\\/uploads\\\/2022\\\/06\\\/NV_Logo_RGB.png\",\"contentUrl\":\"https:\\\/\\\/newvoiceinternational.com\\\/wp-content\\\/uploads\\\/2022\\\/06\\\/NV_Logo_RGB.png\",\"width\":1200,\"height\":315,\"caption\":\"NewVoice International\"},\"image\":{\"@id\":\"https:\\\/\\\/newvoiceinternational.com\\\/de\\\/#\\\/schema\\\/logo\\\/image\\\/\"}}]}<\/script>\n<!-- \/ Yoast SEO plugin. -->","yoast_head_json":{"title":"Aufbau und \u00dcbersicht - NewVoice International","robots":{"index":"index","follow":"follow","max-snippet":"max-snippet:-1","max-image-preview":"max-image-preview:large","max-video-preview":"max-video-preview:-1"},"canonical":"https:\/\/newvoiceinternational.com\/de\/aufbau-und-uebersicht\/","og_locale":"de_DE","og_type":"article","og_title":"Aufbau und \u00dcbersicht - NewVoice International","og_description":"Aufbau und \u00dcbersicht MobiCall sorgt f\u00fcr einen besseren Schutz Ihrer G\u00e4ste und Mitarbeiter sowie f\u00fcr eine schnelle Reaktion auf technische und betriebliche Alarme. Dadurch werden St\u00f6rungen, technische Ausf\u00e4lle, Wartezeiten und Unzufriedenheit vermieden. Das System bietet eine zeit- und kalenderabh\u00e4ngige Informationsverteilung, die Dienstpl\u00e4ne flexibel abbildet. Je nach Konfiguration eines Alarms erfolgt eine skillbasierende, priorisierte und eine [&hellip;]","og_url":"https:\/\/newvoiceinternational.com\/de\/aufbau-und-uebersicht\/","og_site_name":"NewVoice International","article_modified_time":"2024-03-14T09:28:30+00:00","og_image":[{"url":"http:\/\/newvoicetest.online\/wp-content\/uploads\/2022\/07\/Oeffentl_Einrichtungen_structure_and_overview.jpg","type":"","width":"","height":""}],"twitter_card":"summary_large_image","twitter_misc":{"Gesch\u00e4tzte Lesezeit":"1\u00a0Minute"},"schema":{"@context":"https:\/\/schema.org","@graph":[{"@type":"WebPage","@id":"https:\/\/newvoiceinternational.com\/de\/aufbau-und-uebersicht\/","url":"https:\/\/newvoiceinternational.com\/de\/aufbau-und-uebersicht\/","name":"Aufbau und \u00dcbersicht - NewVoice International","isPartOf":{"@id":"https:\/\/newvoiceinternational.com\/de\/#website"},"primaryImageOfPage":{"@id":"https:\/\/newvoiceinternational.com\/de\/aufbau-und-uebersicht\/#primaryimage"},"image":{"@id":"https:\/\/newvoiceinternational.com\/de\/aufbau-und-uebersicht\/#primaryimage"},"thumbnailUrl":"http:\/\/newvoicetest.online\/wp-content\/uploads\/2022\/07\/Oeffentl_Einrichtungen_structure_and_overview.jpg","datePublished":"2024-03-13T13:14:46+00:00","dateModified":"2024-03-14T09:28:30+00:00","breadcrumb":{"@id":"https:\/\/newvoiceinternational.com\/de\/aufbau-und-uebersicht\/#breadcrumb"},"inLanguage":"de","potentialAction":[{"@type":"ReadAction","target":["https:\/\/newvoiceinternational.com\/de\/aufbau-und-uebersicht\/"]}]},{"@type":"ImageObject","inLanguage":"de","@id":"https:\/\/newvoiceinternational.com\/de\/aufbau-und-uebersicht\/#primaryimage","url":"http:\/\/newvoicetest.online\/wp-content\/uploads\/2022\/07\/Oeffentl_Einrichtungen_structure_and_overview.jpg","contentUrl":"http:\/\/newvoicetest.online\/wp-content\/uploads\/2022\/07\/Oeffentl_Einrichtungen_structure_and_overview.jpg"},{"@type":"BreadcrumbList","@id":"https:\/\/newvoiceinternational.com\/de\/aufbau-und-uebersicht\/#breadcrumb","itemListElement":[{"@type":"ListItem","position":1,"name":"Home","item":"https:\/\/newvoiceinternational.com\/de\/"},{"@type":"ListItem","position":2,"name":"Aufbau und \u00dcbersicht"}]},{"@type":"WebSite","@id":"https:\/\/newvoiceinternational.com\/de\/#website","url":"https:\/\/newvoiceinternational.com\/de\/","name":"NewVoice International","description":"","publisher":{"@id":"https:\/\/newvoiceinternational.com\/de\/#organization"},"potentialAction":[{"@type":"SearchAction","target":{"@type":"EntryPoint","urlTemplate":"https:\/\/newvoiceinternational.com\/de\/?s={search_term_string}"},"query-input":{"@type":"PropertyValueSpecification","valueRequired":true,"valueName":"search_term_string"}}],"inLanguage":"de"},{"@type":"Organization","@id":"https:\/\/newvoiceinternational.com\/de\/#organization","name":"NewVoice International","url":"https:\/\/newvoiceinternational.com\/de\/","logo":{"@type":"ImageObject","inLanguage":"de","@id":"https:\/\/newvoiceinternational.com\/de\/#\/schema\/logo\/image\/","url":"https:\/\/newvoiceinternational.com\/wp-content\/uploads\/2022\/06\/NV_Logo_RGB.png","contentUrl":"https:\/\/newvoiceinternational.com\/wp-content\/uploads\/2022\/06\/NV_Logo_RGB.png","width":1200,"height":315,"caption":"NewVoice International"},"image":{"@id":"https:\/\/newvoiceinternational.com\/de\/#\/schema\/logo\/image\/"}}]}},"_links":{"self":[{"href":"https:\/\/newvoiceinternational.com\/de\/wp-json\/wp\/v2\/pages\/36380","targetHints":{"allow":["GET"]}}],"collection":[{"href":"https:\/\/newvoiceinternational.com\/de\/wp-json\/wp\/v2\/pages"}],"about":[{"href":"https:\/\/newvoiceinternational.com\/de\/wp-json\/wp\/v2\/types\/page"}],"author":[{"embeddable":true,"href":"https:\/\/newvoiceinternational.com\/de\/wp-json\/wp\/v2\/users\/5"}],"replies":[{"embeddable":true,"href":"https:\/\/newvoiceinternational.com\/de\/wp-json\/wp\/v2\/comments?post=36380"}],"version-history":[{"count":0,"href":"https:\/\/newvoiceinternational.com\/de\/wp-json\/wp\/v2\/pages\/36380\/revisions"}],"wp:attachment":[{"href":"https:\/\/newvoiceinternational.com\/de\/wp-json\/wp\/v2\/media?parent=36380"}],"curies":[{"name":"wp","href":"https:\/\/api.w.org\/{rel}","templated":true}]}}