{"id":36301,"date":"2024-03-07T15:13:10","date_gmt":"2024-03-07T14:13:10","guid":{"rendered":"https:\/\/newvoiceinternational.com\/evakuierung-im-brand-und-katastrophenfall\/"},"modified":"2024-03-12T14:36:17","modified_gmt":"2024-03-12T13:36:17","slug":"evakuierung-im-brand-und-katastrophenfall","status":"publish","type":"page","link":"https:\/\/newvoiceinternational.com\/de\/evakuierung-im-brand-und-katastrophenfall\/","title":{"rendered":"Evakuierung im Brand- und Katastrophenfall"},"content":{"rendered":"\t\t<div data-elementor-type=\"wp-page\" data-elementor-id=\"36301\" class=\"elementor elementor-36301 elementor-36113\" data-elementor-post-type=\"page\">\n\t\t\t\t\t\t<section class=\"elementor-section elementor-top-section elementor-element elementor-element-5740e9e elementor-section-boxed elementor-section-height-default elementor-section-height-default\" data-id=\"5740e9e\" data-element_type=\"section\" data-e-type=\"section\">\n\t\t\t\t\t\t<div class=\"elementor-container elementor-column-gap-default\">\n\t\t\t\t\t<div class=\"elementor-column elementor-col-100 elementor-top-column elementor-element elementor-element-204a998\" data-id=\"204a998\" data-element_type=\"column\" data-e-type=\"column\">\n\t\t\t<div class=\"elementor-widget-wrap elementor-element-populated\">\n\t\t\t\t\t\t<div class=\"elementor-element elementor-element-c485f8f elementor-widget elementor-widget-heading\" data-id=\"c485f8f\" data-element_type=\"widget\" data-e-type=\"widget\" data-widget_type=\"heading.default\">\n\t\t\t\t<div class=\"elementor-widget-container\">\n\t\t\t\t\t<h2 class=\"elementor-heading-title elementor-size-default\">Evakuierung im Brand- und Katastrophenfall<\/h2>\t\t\t\t<\/div>\n\t\t\t\t<\/div>\n\t\t\t\t<div class=\"elementor-element elementor-element-c378528 elementor-widget elementor-widget-text-editor\" data-id=\"c378528\" data-element_type=\"widget\" data-e-type=\"widget\" data-widget_type=\"text-editor.default\">\n\t\t\t\t<div class=\"elementor-widget-container\">\n\t\t\t\t\t\t\t\t\t<p>Bei einem Brand- oder Katastrophenalarm ist eine unverz\u00fcgliche Massenalarmierung erforderlich. Mit <a href=\"https:\/\/www.newvoiceinternational.com\/de\/mobicall\/\">MobiCall<\/a> kann die bestehende ITK-Infrastruktur genutzt werden, sodass vorhandene Telefone und Computer f\u00fcr eine akustische und optische Alarmsignalisierung zur Verf\u00fcgung stehen. Abh\u00e4ngig von den brandschutztechnischen Vorschriften kann die Informations\u00fcbermittlung als stiller Alarm zum zust\u00e4ndigen Personal, Brandschutzbeauftragten sowie Evakuierungshelfer erfolgen. Dank standardisierter und herstellerspezifi scher Schnittstellen erlaubt es <a href=\"https:\/\/www.newvoiceinternational.com\/de\/mobicall\/\">MobiCall<\/a> Detailinformationen, wie Raumbezeichnung und Geschoss des Brandalarms auf die Endger\u00e4te des Personals zu \u00fcbertragen. Dies erlaubt eine sofortige Erkundung des Alarmorts und reduziert Fehlalarme. Basierend auf den Anforderungen kann neben einer Gesamtr\u00e4umung auch eine bereichsbezogene Alarmierung umgesetzt werden.<\/p>\n<ul>\n<li>Ein System f\u00fcr Brand-, Gefahren- und Notfallalarmierung<\/li>\n<li>Integration bestehender Brandmelde- und Gefahrenmeldesysteme \u00fcber standardisierte und herstellerspezifische Schnittstellen (u.a. ESPA 4.4.4, ESPA-X, XML)<\/li>\n<li>Automatische oder manuelle Ausl\u00f6sung von Alarmen<\/li>\n<li>Je nach Szenario fach- oder bereichsbezogene Alarmierung<\/li>\n<li>Multimediale Alarmierung \u00fcber Telefon, Smartphone, PC-Client, IP-Lautsprecher und Subsysteme<\/li>\n<li>Verwendung von Alarmfeatures wie Durchsage, Rufsonderton oder Gespr\u00e4chstrennung (abh\u00e4ngig vom TK-System)<\/li>\n<\/ul>\n<div id=\"\" class=\"mk-accordion-single current\"><\/div>\n\t\t\t\t\t\t\t\t<\/div>\n\t\t\t\t<\/div>\n\t\t\t\t\t<\/div>\n\t\t<\/div>\n\t\t\t\t\t<\/div>\n\t\t<\/section>\n\t\t\t\t<\/div>\n\t\t","protected":false},"excerpt":{"rendered":"<p>Evakuierung im Brand- und Katastrophenfall Bei einem Brand- oder Katastrophenalarm ist eine unverz\u00fcgliche Massenalarmierung erforderlich. Mit MobiCall kann die bestehende ITK-Infrastruktur genutzt werden, sodass vorhandene Telefone und Computer f\u00fcr eine akustische und optische Alarmsignalisierung zur Verf\u00fcgung stehen. Abh\u00e4ngig von den brandschutztechnischen Vorschriften kann die Informations\u00fcbermittlung als stiller Alarm zum zust\u00e4ndigen Personal, Brandschutzbeauftragten sowie Evakuierungshelfer erfolgen. [&hellip;]<\/p>\n","protected":false},"author":5,"featured_media":0,"parent":0,"menu_order":0,"comment_status":"closed","ping_status":"closed","template":"elementor_header_footer","meta":{"_eb_attr":"","inline_featured_image":false,"footnotes":""},"class_list":["post-36301","page","type-page","status-publish","hentry"],"acf":[],"yoast_head":"<!-- This site is optimized with the Yoast SEO plugin v27.3 - https:\/\/yoast.com\/product\/yoast-seo-wordpress\/ -->\n<title>Evakuierung im Brand- und Katastrophenfall - NewVoice International<\/title>\n<meta name=\"robots\" content=\"index, follow, max-snippet:-1, max-image-preview:large, max-video-preview:-1\" \/>\n<link rel=\"canonical\" href=\"https:\/\/newvoiceinternational.com\/de\/evakuierung-im-brand-und-katastrophenfall\/\" \/>\n<meta property=\"og:locale\" content=\"de_DE\" \/>\n<meta property=\"og:type\" content=\"article\" \/>\n<meta property=\"og:title\" content=\"Evakuierung im Brand- und Katastrophenfall - NewVoice International\" \/>\n<meta property=\"og:description\" content=\"Evakuierung im Brand- und Katastrophenfall Bei einem Brand- oder Katastrophenalarm ist eine unverz\u00fcgliche Massenalarmierung erforderlich. Mit MobiCall kann die bestehende ITK-Infrastruktur genutzt werden, sodass vorhandene Telefone und Computer f\u00fcr eine akustische und optische Alarmsignalisierung zur Verf\u00fcgung stehen. Abh\u00e4ngig von den brandschutztechnischen Vorschriften kann die Informations\u00fcbermittlung als stiller Alarm zum zust\u00e4ndigen Personal, Brandschutzbeauftragten sowie Evakuierungshelfer erfolgen. [&hellip;]\" \/>\n<meta property=\"og:url\" content=\"https:\/\/newvoiceinternational.com\/de\/evakuierung-im-brand-und-katastrophenfall\/\" \/>\n<meta property=\"og:site_name\" content=\"NewVoice International\" \/>\n<meta property=\"article:modified_time\" content=\"2024-03-12T13:36:17+00:00\" \/>\n<meta name=\"twitter:card\" content=\"summary_large_image\" \/>\n<meta name=\"twitter:label1\" content=\"Gesch\u00e4tzte Lesezeit\" \/>\n\t<meta name=\"twitter:data1\" content=\"1\u00a0Minute\" \/>\n<script type=\"application\/ld+json\" class=\"yoast-schema-graph\">{\"@context\":\"https:\\\/\\\/schema.org\",\"@graph\":[{\"@type\":\"WebPage\",\"@id\":\"https:\\\/\\\/newvoiceinternational.com\\\/de\\\/evakuierung-im-brand-und-katastrophenfall\\\/\",\"url\":\"https:\\\/\\\/newvoiceinternational.com\\\/de\\\/evakuierung-im-brand-und-katastrophenfall\\\/\",\"name\":\"Evakuierung im Brand- und Katastrophenfall - NewVoice International\",\"isPartOf\":{\"@id\":\"https:\\\/\\\/newvoiceinternational.com\\\/de\\\/#website\"},\"datePublished\":\"2024-03-07T14:13:10+00:00\",\"dateModified\":\"2024-03-12T13:36:17+00:00\",\"breadcrumb\":{\"@id\":\"https:\\\/\\\/newvoiceinternational.com\\\/de\\\/evakuierung-im-brand-und-katastrophenfall\\\/#breadcrumb\"},\"inLanguage\":\"de\",\"potentialAction\":[{\"@type\":\"ReadAction\",\"target\":[\"https:\\\/\\\/newvoiceinternational.com\\\/de\\\/evakuierung-im-brand-und-katastrophenfall\\\/\"]}]},{\"@type\":\"BreadcrumbList\",\"@id\":\"https:\\\/\\\/newvoiceinternational.com\\\/de\\\/evakuierung-im-brand-und-katastrophenfall\\\/#breadcrumb\",\"itemListElement\":[{\"@type\":\"ListItem\",\"position\":1,\"name\":\"Home\",\"item\":\"https:\\\/\\\/newvoiceinternational.com\\\/de\\\/\"},{\"@type\":\"ListItem\",\"position\":2,\"name\":\"Evakuierung im Brand- und Katastrophenfall\"}]},{\"@type\":\"WebSite\",\"@id\":\"https:\\\/\\\/newvoiceinternational.com\\\/de\\\/#website\",\"url\":\"https:\\\/\\\/newvoiceinternational.com\\\/de\\\/\",\"name\":\"NewVoice International\",\"description\":\"\",\"publisher\":{\"@id\":\"https:\\\/\\\/newvoiceinternational.com\\\/de\\\/#organization\"},\"potentialAction\":[{\"@type\":\"SearchAction\",\"target\":{\"@type\":\"EntryPoint\",\"urlTemplate\":\"https:\\\/\\\/newvoiceinternational.com\\\/de\\\/?s={search_term_string}\"},\"query-input\":{\"@type\":\"PropertyValueSpecification\",\"valueRequired\":true,\"valueName\":\"search_term_string\"}}],\"inLanguage\":\"de\"},{\"@type\":\"Organization\",\"@id\":\"https:\\\/\\\/newvoiceinternational.com\\\/de\\\/#organization\",\"name\":\"NewVoice International\",\"url\":\"https:\\\/\\\/newvoiceinternational.com\\\/de\\\/\",\"logo\":{\"@type\":\"ImageObject\",\"inLanguage\":\"de\",\"@id\":\"https:\\\/\\\/newvoiceinternational.com\\\/de\\\/#\\\/schema\\\/logo\\\/image\\\/\",\"url\":\"https:\\\/\\\/newvoiceinternational.com\\\/wp-content\\\/uploads\\\/2022\\\/06\\\/NV_Logo_RGB.png\",\"contentUrl\":\"https:\\\/\\\/newvoiceinternational.com\\\/wp-content\\\/uploads\\\/2022\\\/06\\\/NV_Logo_RGB.png\",\"width\":1200,\"height\":315,\"caption\":\"NewVoice International\"},\"image\":{\"@id\":\"https:\\\/\\\/newvoiceinternational.com\\\/de\\\/#\\\/schema\\\/logo\\\/image\\\/\"}}]}<\/script>\n<!-- \/ Yoast SEO plugin. -->","yoast_head_json":{"title":"Evakuierung im Brand- und Katastrophenfall - NewVoice International","robots":{"index":"index","follow":"follow","max-snippet":"max-snippet:-1","max-image-preview":"max-image-preview:large","max-video-preview":"max-video-preview:-1"},"canonical":"https:\/\/newvoiceinternational.com\/de\/evakuierung-im-brand-und-katastrophenfall\/","og_locale":"de_DE","og_type":"article","og_title":"Evakuierung im Brand- und Katastrophenfall - NewVoice International","og_description":"Evakuierung im Brand- und Katastrophenfall Bei einem Brand- oder Katastrophenalarm ist eine unverz\u00fcgliche Massenalarmierung erforderlich. Mit MobiCall kann die bestehende ITK-Infrastruktur genutzt werden, sodass vorhandene Telefone und Computer f\u00fcr eine akustische und optische Alarmsignalisierung zur Verf\u00fcgung stehen. Abh\u00e4ngig von den brandschutztechnischen Vorschriften kann die Informations\u00fcbermittlung als stiller Alarm zum zust\u00e4ndigen Personal, Brandschutzbeauftragten sowie Evakuierungshelfer erfolgen. [&hellip;]","og_url":"https:\/\/newvoiceinternational.com\/de\/evakuierung-im-brand-und-katastrophenfall\/","og_site_name":"NewVoice International","article_modified_time":"2024-03-12T13:36:17+00:00","twitter_card":"summary_large_image","twitter_misc":{"Gesch\u00e4tzte Lesezeit":"1\u00a0Minute"},"schema":{"@context":"https:\/\/schema.org","@graph":[{"@type":"WebPage","@id":"https:\/\/newvoiceinternational.com\/de\/evakuierung-im-brand-und-katastrophenfall\/","url":"https:\/\/newvoiceinternational.com\/de\/evakuierung-im-brand-und-katastrophenfall\/","name":"Evakuierung im Brand- und Katastrophenfall - NewVoice International","isPartOf":{"@id":"https:\/\/newvoiceinternational.com\/de\/#website"},"datePublished":"2024-03-07T14:13:10+00:00","dateModified":"2024-03-12T13:36:17+00:00","breadcrumb":{"@id":"https:\/\/newvoiceinternational.com\/de\/evakuierung-im-brand-und-katastrophenfall\/#breadcrumb"},"inLanguage":"de","potentialAction":[{"@type":"ReadAction","target":["https:\/\/newvoiceinternational.com\/de\/evakuierung-im-brand-und-katastrophenfall\/"]}]},{"@type":"BreadcrumbList","@id":"https:\/\/newvoiceinternational.com\/de\/evakuierung-im-brand-und-katastrophenfall\/#breadcrumb","itemListElement":[{"@type":"ListItem","position":1,"name":"Home","item":"https:\/\/newvoiceinternational.com\/de\/"},{"@type":"ListItem","position":2,"name":"Evakuierung im Brand- und Katastrophenfall"}]},{"@type":"WebSite","@id":"https:\/\/newvoiceinternational.com\/de\/#website","url":"https:\/\/newvoiceinternational.com\/de\/","name":"NewVoice International","description":"","publisher":{"@id":"https:\/\/newvoiceinternational.com\/de\/#organization"},"potentialAction":[{"@type":"SearchAction","target":{"@type":"EntryPoint","urlTemplate":"https:\/\/newvoiceinternational.com\/de\/?s={search_term_string}"},"query-input":{"@type":"PropertyValueSpecification","valueRequired":true,"valueName":"search_term_string"}}],"inLanguage":"de"},{"@type":"Organization","@id":"https:\/\/newvoiceinternational.com\/de\/#organization","name":"NewVoice International","url":"https:\/\/newvoiceinternational.com\/de\/","logo":{"@type":"ImageObject","inLanguage":"de","@id":"https:\/\/newvoiceinternational.com\/de\/#\/schema\/logo\/image\/","url":"https:\/\/newvoiceinternational.com\/wp-content\/uploads\/2022\/06\/NV_Logo_RGB.png","contentUrl":"https:\/\/newvoiceinternational.com\/wp-content\/uploads\/2022\/06\/NV_Logo_RGB.png","width":1200,"height":315,"caption":"NewVoice International"},"image":{"@id":"https:\/\/newvoiceinternational.com\/de\/#\/schema\/logo\/image\/"}}]}},"_links":{"self":[{"href":"https:\/\/newvoiceinternational.com\/de\/wp-json\/wp\/v2\/pages\/36301","targetHints":{"allow":["GET"]}}],"collection":[{"href":"https:\/\/newvoiceinternational.com\/de\/wp-json\/wp\/v2\/pages"}],"about":[{"href":"https:\/\/newvoiceinternational.com\/de\/wp-json\/wp\/v2\/types\/page"}],"author":[{"embeddable":true,"href":"https:\/\/newvoiceinternational.com\/de\/wp-json\/wp\/v2\/users\/5"}],"replies":[{"embeddable":true,"href":"https:\/\/newvoiceinternational.com\/de\/wp-json\/wp\/v2\/comments?post=36301"}],"version-history":[{"count":0,"href":"https:\/\/newvoiceinternational.com\/de\/wp-json\/wp\/v2\/pages\/36301\/revisions"}],"wp:attachment":[{"href":"https:\/\/newvoiceinternational.com\/de\/wp-json\/wp\/v2\/media?parent=36301"}],"curies":[{"name":"wp","href":"https:\/\/api.w.org\/{rel}","templated":true}]}}