{"id":36299,"date":"2024-03-07T15:16:40","date_gmt":"2024-03-07T14:16:40","guid":{"rendered":"https:\/\/newvoiceinternational.com\/notrufe-und-alarme\/"},"modified":"2024-03-12T14:33:09","modified_gmt":"2024-03-12T13:33:09","slug":"notrufe-und-alarme","status":"publish","type":"page","link":"https:\/\/newvoiceinternational.com\/de\/notrufe-und-alarme\/","title":{"rendered":"Notrufe und Alarme"},"content":{"rendered":"\t\t<div data-elementor-type=\"wp-page\" data-elementor-id=\"36299\" class=\"elementor elementor-36299 elementor-36242\" data-elementor-post-type=\"page\">\n\t\t\t\t\t\t<section class=\"elementor-section elementor-top-section elementor-element elementor-element-eeb619f elementor-section-boxed elementor-section-height-default elementor-section-height-default\" data-id=\"eeb619f\" data-element_type=\"section\" data-e-type=\"section\">\n\t\t\t\t\t\t<div class=\"elementor-container elementor-column-gap-default\">\n\t\t\t\t\t<div class=\"elementor-column elementor-col-100 elementor-top-column elementor-element elementor-element-07eb28f\" data-id=\"07eb28f\" data-element_type=\"column\" data-e-type=\"column\">\n\t\t\t<div class=\"elementor-widget-wrap elementor-element-populated\">\n\t\t\t\t\t\t<div class=\"elementor-element elementor-element-652776c elementor-widget elementor-widget-heading\" data-id=\"652776c\" data-element_type=\"widget\" data-e-type=\"widget\" data-widget_type=\"heading.default\">\n\t\t\t\t<div class=\"elementor-widget-container\">\n\t\t\t\t\t<h2 class=\"elementor-heading-title elementor-size-default\">Notrufe und Alarme<\/h2>\t\t\t\t<\/div>\n\t\t\t\t<\/div>\n\t\t\t\t<div class=\"elementor-element elementor-element-80432d6 elementor-widget elementor-widget-text-editor\" data-id=\"80432d6\" data-element_type=\"widget\" data-e-type=\"widget\" data-widget_type=\"text-editor.default\">\n\t\t\t\t<div class=\"elementor-widget-container\">\n\t\t\t\t\t\t\t\t\t<p>Ein elementarer Bestandteil der Infrastruktur sind Lichtrufsysteme und Notrufendger\u00e4te. Mittels Notruftaster k\u00f6nnen Bewohner jederzeit das Personal um Hilfe bitten.<\/p>\n<p>Je nach Konfiguration der L\u00f6sung kann der Empf\u00e4nger den Alarm positiv oder negativ quittieren. Wenn nach einer vordefinierten Zeit der Alarmempf\u00e4nger nicht erreicht wurde oder eine negative Quittierung erfolgte, werden alternative Personen bzw. Stellvertreter alarmiert. Weiterhin bietet das System eine zeit- und kalenderabh\u00e4ngige Informationsverteilung, die Bereitschaftslisten oder Dienstpl\u00e4ne flexibel abbildet. Alle Alarme und Vorg\u00e4nge werden protokolliert und archiviert, somit sorgt das System f\u00fcr eine l\u00fcckenlose Dokumentation.<\/p>\n<p>Selbstverst\u00e4ndlich eignet sich <a href=\"https:\/\/www.newvoiceinternational.com\/de\/mobicall\/\">MobiCall<\/a> auch zum Anschluss von Desorientiertenschutzsystemen, um Alarme und technische St\u00f6rungen direkt zu \u00fcbertragen. Die L\u00f6sung reduziert Laufwege und Stress beim Personal und verbessert die Reaktionszeiten bei Notrufen. Dies kann Leben retten und steigert das Wohlbefinden der Bewohner.<\/p>\n<ul>\n<li>Integration der verschiedenen Systeme \u00fcber standardisierte und herstellerspezifi sche Schnittstellen (u.a. ESPA 4.4.4, ESPA-X, TCP\/IP, XML, SIP)<\/li>\n<li>Stationsbezogene und -\u00fcbergreifende Alarmierungen<\/li>\n<li>\u00dcbertragung der Alarmdetails Art, Ort und Dringlichkeit<\/li>\n<li>Verwendung verschiedener Alarmszenarien nach Dringlichkeit<\/li>\n<li>Unterst\u00fctzung von Zeit- und Schichtpl\u00e4nen<\/li>\n<li>Parallel multimediale Alarmierung auf verschiedenen Devices<\/li>\n<li>M\u00f6glichkeit des R\u00fccksprechens ins Patientenzimmer<\/li>\n<li>M\u00f6glichkeit der positiven und negativen Quittierung<\/li>\n<li>Watchdog-\u00dcberwachung der Schnittstellen<\/li>\n<li>Anschluss von bis zu 99 Subsystemen m\u00f6glich<\/li>\n<\/ul>\n<div class=\"wpb_row vc_inner vc_row vc_row-fluid attched-false vc_custom_1486054716959 \">\n<div class=\"wpb_column vc_column_container vc_col-sm-6\">\n<div class=\"vc_column-inner\">\n<div class=\"wpb_wrapper\">\n<div id=\"list-21\" class=\"mk-list-styles mk-align-none accord-list clear\" data-charcode=\"mk-icon-check\" data-family=\"\">\n<p>1. Bewohner fordert Hilfe \u00fcber Notruftaste an<\/p>\n<p>2. \u00dcbertragung der Information von Lichtrufsystem auf Alarmserver<\/p>\n<p>3. Alarmierung gem\u00e4\u00df Schichtplan auf Stationsgruppe<\/p>\n<p>4. Eine Fachkraft quittiert den Alarm, der Alarm ist abgeschlossen.<\/p>\n<p>5. Eskalation wenn nicht eine Person den Alarm innerhalb von 90 Sekunden quittiert<\/p>\n<p>6. Alarmierung der Nachbarstation<\/p>\n<p>7. Eine Fachkraft der Nachbarstation quittiert den Alarm.<\/p>\n<p>8. Dokumentation des Rufs mit Zeit- und Datumsangaben im Alarmserver<\/p>\n<\/div>\n<\/div>\n<\/div>\n<\/div>\n<\/div>\n\t\t\t\t\t\t\t\t<\/div>\n\t\t\t\t<\/div>\n\t\t\t\t\t<\/div>\n\t\t<\/div>\n\t\t\t\t\t<\/div>\n\t\t<\/section>\n\t\t\t\t<\/div>\n\t\t","protected":false},"excerpt":{"rendered":"<p>Notrufe und Alarme Ein elementarer Bestandteil der Infrastruktur sind Lichtrufsysteme und Notrufendger\u00e4te. Mittels Notruftaster k\u00f6nnen Bewohner jederzeit das Personal um Hilfe bitten. Je nach Konfiguration der L\u00f6sung kann der Empf\u00e4nger den Alarm positiv oder negativ quittieren. Wenn nach einer vordefinierten Zeit der Alarmempf\u00e4nger nicht erreicht wurde oder eine negative Quittierung erfolgte, werden alternative Personen bzw. [&hellip;]<\/p>\n","protected":false},"author":5,"featured_media":0,"parent":0,"menu_order":0,"comment_status":"closed","ping_status":"closed","template":"elementor_header_footer","meta":{"_eb_attr":"","inline_featured_image":false,"footnotes":""},"class_list":["post-36299","page","type-page","status-publish","hentry"],"acf":[],"yoast_head":"<!-- This site is optimized with the Yoast SEO plugin v27.4 - https:\/\/yoast.com\/product\/yoast-seo-wordpress\/ -->\n<title>Notrufe und Alarme - NewVoice International<\/title>\n<meta name=\"robots\" content=\"index, follow, max-snippet:-1, max-image-preview:large, max-video-preview:-1\" \/>\n<link rel=\"canonical\" href=\"https:\/\/newvoiceinternational.com\/de\/notrufe-und-alarme\/\" \/>\n<meta property=\"og:locale\" content=\"de_DE\" \/>\n<meta property=\"og:type\" content=\"article\" \/>\n<meta property=\"og:title\" content=\"Notrufe und Alarme - NewVoice International\" \/>\n<meta property=\"og:description\" content=\"Notrufe und Alarme Ein elementarer Bestandteil der Infrastruktur sind Lichtrufsysteme und Notrufendger\u00e4te. Mittels Notruftaster k\u00f6nnen Bewohner jederzeit das Personal um Hilfe bitten. Je nach Konfiguration der L\u00f6sung kann der Empf\u00e4nger den Alarm positiv oder negativ quittieren. Wenn nach einer vordefinierten Zeit der Alarmempf\u00e4nger nicht erreicht wurde oder eine negative Quittierung erfolgte, werden alternative Personen bzw. [&hellip;]\" \/>\n<meta property=\"og:url\" content=\"https:\/\/newvoiceinternational.com\/de\/notrufe-und-alarme\/\" \/>\n<meta property=\"og:site_name\" content=\"NewVoice International\" \/>\n<meta property=\"article:modified_time\" content=\"2024-03-12T13:33:09+00:00\" \/>\n<meta name=\"twitter:card\" content=\"summary_large_image\" \/>\n<meta name=\"twitter:label1\" content=\"Gesch\u00e4tzte Lesezeit\" \/>\n\t<meta name=\"twitter:data1\" content=\"1\u00a0Minute\" \/>\n<script type=\"application\/ld+json\" class=\"yoast-schema-graph\">{\"@context\":\"https:\\\/\\\/schema.org\",\"@graph\":[{\"@type\":\"WebPage\",\"@id\":\"https:\\\/\\\/newvoiceinternational.com\\\/de\\\/notrufe-und-alarme\\\/\",\"url\":\"https:\\\/\\\/newvoiceinternational.com\\\/de\\\/notrufe-und-alarme\\\/\",\"name\":\"Notrufe und Alarme - NewVoice International\",\"isPartOf\":{\"@id\":\"https:\\\/\\\/newvoiceinternational.com\\\/de\\\/#website\"},\"datePublished\":\"2024-03-07T14:16:40+00:00\",\"dateModified\":\"2024-03-12T13:33:09+00:00\",\"breadcrumb\":{\"@id\":\"https:\\\/\\\/newvoiceinternational.com\\\/de\\\/notrufe-und-alarme\\\/#breadcrumb\"},\"inLanguage\":\"de\",\"potentialAction\":[{\"@type\":\"ReadAction\",\"target\":[\"https:\\\/\\\/newvoiceinternational.com\\\/de\\\/notrufe-und-alarme\\\/\"]}]},{\"@type\":\"BreadcrumbList\",\"@id\":\"https:\\\/\\\/newvoiceinternational.com\\\/de\\\/notrufe-und-alarme\\\/#breadcrumb\",\"itemListElement\":[{\"@type\":\"ListItem\",\"position\":1,\"name\":\"Home\",\"item\":\"https:\\\/\\\/newvoiceinternational.com\\\/de\\\/\"},{\"@type\":\"ListItem\",\"position\":2,\"name\":\"Notrufe und Alarme\"}]},{\"@type\":\"WebSite\",\"@id\":\"https:\\\/\\\/newvoiceinternational.com\\\/de\\\/#website\",\"url\":\"https:\\\/\\\/newvoiceinternational.com\\\/de\\\/\",\"name\":\"NewVoice International\",\"description\":\"\",\"publisher\":{\"@id\":\"https:\\\/\\\/newvoiceinternational.com\\\/de\\\/#organization\"},\"potentialAction\":[{\"@type\":\"SearchAction\",\"target\":{\"@type\":\"EntryPoint\",\"urlTemplate\":\"https:\\\/\\\/newvoiceinternational.com\\\/de\\\/?s={search_term_string}\"},\"query-input\":{\"@type\":\"PropertyValueSpecification\",\"valueRequired\":true,\"valueName\":\"search_term_string\"}}],\"inLanguage\":\"de\"},{\"@type\":\"Organization\",\"@id\":\"https:\\\/\\\/newvoiceinternational.com\\\/de\\\/#organization\",\"name\":\"NewVoice International\",\"url\":\"https:\\\/\\\/newvoiceinternational.com\\\/de\\\/\",\"logo\":{\"@type\":\"ImageObject\",\"inLanguage\":\"de\",\"@id\":\"https:\\\/\\\/newvoiceinternational.com\\\/de\\\/#\\\/schema\\\/logo\\\/image\\\/\",\"url\":\"https:\\\/\\\/newvoiceinternational.com\\\/wp-content\\\/uploads\\\/2022\\\/06\\\/NV_Logo_RGB.png\",\"contentUrl\":\"https:\\\/\\\/newvoiceinternational.com\\\/wp-content\\\/uploads\\\/2022\\\/06\\\/NV_Logo_RGB.png\",\"width\":1200,\"height\":315,\"caption\":\"NewVoice International\"},\"image\":{\"@id\":\"https:\\\/\\\/newvoiceinternational.com\\\/de\\\/#\\\/schema\\\/logo\\\/image\\\/\"}}]}<\/script>\n<!-- \/ Yoast SEO plugin. -->","yoast_head_json":{"title":"Notrufe und Alarme - NewVoice International","robots":{"index":"index","follow":"follow","max-snippet":"max-snippet:-1","max-image-preview":"max-image-preview:large","max-video-preview":"max-video-preview:-1"},"canonical":"https:\/\/newvoiceinternational.com\/de\/notrufe-und-alarme\/","og_locale":"de_DE","og_type":"article","og_title":"Notrufe und Alarme - NewVoice International","og_description":"Notrufe und Alarme Ein elementarer Bestandteil der Infrastruktur sind Lichtrufsysteme und Notrufendger\u00e4te. Mittels Notruftaster k\u00f6nnen Bewohner jederzeit das Personal um Hilfe bitten. Je nach Konfiguration der L\u00f6sung kann der Empf\u00e4nger den Alarm positiv oder negativ quittieren. Wenn nach einer vordefinierten Zeit der Alarmempf\u00e4nger nicht erreicht wurde oder eine negative Quittierung erfolgte, werden alternative Personen bzw. [&hellip;]","og_url":"https:\/\/newvoiceinternational.com\/de\/notrufe-und-alarme\/","og_site_name":"NewVoice International","article_modified_time":"2024-03-12T13:33:09+00:00","twitter_card":"summary_large_image","twitter_misc":{"Gesch\u00e4tzte Lesezeit":"1\u00a0Minute"},"schema":{"@context":"https:\/\/schema.org","@graph":[{"@type":"WebPage","@id":"https:\/\/newvoiceinternational.com\/de\/notrufe-und-alarme\/","url":"https:\/\/newvoiceinternational.com\/de\/notrufe-und-alarme\/","name":"Notrufe und Alarme - NewVoice International","isPartOf":{"@id":"https:\/\/newvoiceinternational.com\/de\/#website"},"datePublished":"2024-03-07T14:16:40+00:00","dateModified":"2024-03-12T13:33:09+00:00","breadcrumb":{"@id":"https:\/\/newvoiceinternational.com\/de\/notrufe-und-alarme\/#breadcrumb"},"inLanguage":"de","potentialAction":[{"@type":"ReadAction","target":["https:\/\/newvoiceinternational.com\/de\/notrufe-und-alarme\/"]}]},{"@type":"BreadcrumbList","@id":"https:\/\/newvoiceinternational.com\/de\/notrufe-und-alarme\/#breadcrumb","itemListElement":[{"@type":"ListItem","position":1,"name":"Home","item":"https:\/\/newvoiceinternational.com\/de\/"},{"@type":"ListItem","position":2,"name":"Notrufe und Alarme"}]},{"@type":"WebSite","@id":"https:\/\/newvoiceinternational.com\/de\/#website","url":"https:\/\/newvoiceinternational.com\/de\/","name":"NewVoice International","description":"","publisher":{"@id":"https:\/\/newvoiceinternational.com\/de\/#organization"},"potentialAction":[{"@type":"SearchAction","target":{"@type":"EntryPoint","urlTemplate":"https:\/\/newvoiceinternational.com\/de\/?s={search_term_string}"},"query-input":{"@type":"PropertyValueSpecification","valueRequired":true,"valueName":"search_term_string"}}],"inLanguage":"de"},{"@type":"Organization","@id":"https:\/\/newvoiceinternational.com\/de\/#organization","name":"NewVoice International","url":"https:\/\/newvoiceinternational.com\/de\/","logo":{"@type":"ImageObject","inLanguage":"de","@id":"https:\/\/newvoiceinternational.com\/de\/#\/schema\/logo\/image\/","url":"https:\/\/newvoiceinternational.com\/wp-content\/uploads\/2022\/06\/NV_Logo_RGB.png","contentUrl":"https:\/\/newvoiceinternational.com\/wp-content\/uploads\/2022\/06\/NV_Logo_RGB.png","width":1200,"height":315,"caption":"NewVoice International"},"image":{"@id":"https:\/\/newvoiceinternational.com\/de\/#\/schema\/logo\/image\/"}}]}},"_links":{"self":[{"href":"https:\/\/newvoiceinternational.com\/de\/wp-json\/wp\/v2\/pages\/36299","targetHints":{"allow":["GET"]}}],"collection":[{"href":"https:\/\/newvoiceinternational.com\/de\/wp-json\/wp\/v2\/pages"}],"about":[{"href":"https:\/\/newvoiceinternational.com\/de\/wp-json\/wp\/v2\/types\/page"}],"author":[{"embeddable":true,"href":"https:\/\/newvoiceinternational.com\/de\/wp-json\/wp\/v2\/users\/5"}],"replies":[{"embeddable":true,"href":"https:\/\/newvoiceinternational.com\/de\/wp-json\/wp\/v2\/comments?post=36299"}],"version-history":[{"count":0,"href":"https:\/\/newvoiceinternational.com\/de\/wp-json\/wp\/v2\/pages\/36299\/revisions"}],"wp:attachment":[{"href":"https:\/\/newvoiceinternational.com\/de\/wp-json\/wp\/v2\/media?parent=36299"}],"curies":[{"name":"wp","href":"https:\/\/api.w.org\/{rel}","templated":true}]}}