{"id":36114,"date":"2024-03-06T14:40:45","date_gmt":"2024-03-06T13:40:45","guid":{"rendered":"https:\/\/newvoiceinternational.com\/?page_id=36114"},"modified":"2024-03-06T14:41:29","modified_gmt":"2024-03-06T13:41:29","slug":"kritische-patientenalarme","status":"publish","type":"page","link":"https:\/\/newvoiceinternational.com\/de\/kritische-patientenalarme\/","title":{"rendered":"Kritische Patientenalarme"},"content":{"rendered":"\t\t<div data-elementor-type=\"wp-page\" data-elementor-id=\"36114\" class=\"elementor elementor-36114\" data-elementor-post-type=\"page\">\n\t\t\t\t\t\t<section class=\"elementor-section elementor-top-section elementor-element elementor-element-c3e7ebd elementor-section-boxed elementor-section-height-default elementor-section-height-default\" data-id=\"c3e7ebd\" data-element_type=\"section\" data-e-type=\"section\">\n\t\t\t\t\t\t<div class=\"elementor-container elementor-column-gap-default\">\n\t\t\t\t\t<div class=\"elementor-column elementor-col-100 elementor-top-column elementor-element elementor-element-76421f0\" data-id=\"76421f0\" data-element_type=\"column\" data-e-type=\"column\">\n\t\t\t<div class=\"elementor-widget-wrap elementor-element-populated\">\n\t\t\t\t\t\t<div class=\"elementor-element elementor-element-76bf357 elementor-widget elementor-widget-heading\" data-id=\"76bf357\" data-element_type=\"widget\" data-e-type=\"widget\" data-widget_type=\"heading.default\">\n\t\t\t\t<div class=\"elementor-widget-container\">\n\t\t\t\t\t<h2 class=\"elementor-heading-title elementor-size-default\">Kritische Patientenalarme<\/h2>\t\t\t\t<\/div>\n\t\t\t\t<\/div>\n\t\t\t\t<div class=\"elementor-element elementor-element-eb4eb35 elementor-widget elementor-widget-text-editor\" data-id=\"eb4eb35\" data-element_type=\"widget\" data-e-type=\"widget\" data-widget_type=\"text-editor.default\">\n\t\t\t\t<div class=\"elementor-widget-container\">\n\t\t\t\t\t\t\t\t\t<p>In kritischen Situationen entscheiden h\u00e4ufig Sekunden \u00fcber das Wohl der Patienten. Aus diesem Grund ist es von entscheidender Bedeutung Fachkr\u00e4fte schnellstm\u00f6glich mit den notwendigen Informationen \u00fcber Art, Ort und Dringlichkeit des Vorfalls zu versorgen. Die entsprechenden Hilfsma\u00dfnahmen k\u00f6nnen umgehend in die Wege geleitet werden. So kann eine bestm\u00f6gliche Reaktion durch das Fachpersonal gew\u00e4hrleistet werden. Dabei kann <a href=\"https:\/\/www.newvoiceinternational.com\/de\/mobicall\/\">MobiCall<\/a> in einer heterogenen Umgebung als zentrale Alarm- und Informationsplattform f\u00fcr verschiedene Subsysteme eingesetzt werden.<\/p><p><img fetchpriority=\"high\" decoding=\"async\" width=\"900\" height=\"400\" class=\"size-medium wp-image-2152 aligncenter\" src=\"http:\/\/newvoicetest.online\/wp-content\/uploads\/2022\/07\/Oeffentl_Einrichtungen_structure_and_overview.jpg\" alt=\"\" srcset=\"https:\/\/newvoiceinternational.com\/wp-content\/uploads\/2022\/07\/Oeffentl_Einrichtungen_structure_and_overview.jpg 900w, https:\/\/newvoiceinternational.com\/wp-content\/uploads\/2022\/07\/Oeffentl_Einrichtungen_structure_and_overview-300x133.jpg 300w, https:\/\/newvoiceinternational.com\/wp-content\/uploads\/2022\/07\/Oeffentl_Einrichtungen_structure_and_overview-768x341.jpg 768w\" sizes=\"(max-width: 900px) 100vw, 900px\" \/><\/p><div class=\"wpb_row vc_inner vc_row vc_row-fluid attched-false vc_custom_1486039041311 \"><h4>Integration bestehender Lichtrufsysteme<\/h4><div id=\"list-24\" class=\"mk-list-styles mk-align-none accord-list clear\" data-charcode=\"e272\" data-family=\"icomoon\"><ul><li>Integration der verschiedenen Systeme \u00fcber standardisierte und herstellerspezifische Schnittstellen (u.a. ESPA 4.4.4, ESPA-X, XML, SIP)<\/li><li>Stationsbezogene und -\u00fcbergreifende Alarmierungen<\/li><li>\u00dcbertragung der Alarmdetails Art, Ort und Dringlichkeit<\/li><li>Verwendung verschiedener Alarmszenarien nach Dringlichkeit<\/li><li>Unterst\u00fctzung von Zeit- und Schichtpl\u00e4nen<\/li><li>Parallel multimediale Alarmierung auf verschiedenen Devices<\/li><li>M\u00f6glichkeit des R\u00fccksprechens ins Patientenzimmer<\/li><li>M\u00f6glichkeit der positiven und negativen Quittierung<\/li><li>Watchdog-\u00dcberwachung der Schnittstellen<\/li><\/ul><h4>Reanimations-, Notsectio- und Herzalarme<\/h4><ul><li>Zentrale Notrufnummer f\u00fcr verschiedene Alarmarten<\/li><li>Integration von Subsystemen<\/li><li>Verwendung der Netzwerkinfrastruktur zur Anbindung von \u00fcberwachten Kontakten f\u00fcr die Alarmausl\u00f6sung<\/li><li>Dynamisches Aufsprechen von Notfallinformationen<\/li><li>Ortung des Alarmausl\u00f6sers<\/li><li>Feste, dynamische und raumbezogene Alarmzuordnung<\/li><li>Grafische Benutzeroberfl\u00e4che zum Ausl\u00f6sen von Alarmen<\/li><li>Automatischer Konferenzaufbau zwischen Ausl\u00f6ser und Rettungsteam<\/li><li>Notrufschaltung bei besetzten Teilnehmern<\/li><\/ul><div class=\"wpb_row vc_inner vc_row vc_row-fluid attched-false vc_custom_1484918516529 \"><div class=\"wpb_column vc_column_container vc_col-sm-6\"><div class=\"vc_column-inner\"><div class=\"wpb_wrapper\"><h4>\u00dcberwachung<\/h4><\/div><\/div><\/div><\/div><ul><li>Grafische Status-Anzeige<\/li><li>Multimediale Alarmierung zum Beispiel als Popup auf PC oder Smartphone<\/li><li>Skillbasierender Alarmierungsprozess<\/li><li>Watchdog-\u00dcberwachung der Schnittstellen<\/li><\/ul><\/div><\/div>\t\t\t\t\t\t\t\t<\/div>\n\t\t\t\t<\/div>\n\t\t\t\t\t<\/div>\n\t\t<\/div>\n\t\t\t\t\t<\/div>\n\t\t<\/section>\n\t\t\t\t<\/div>\n\t\t","protected":false},"excerpt":{"rendered":"<p>Kritische Patientenalarme In kritischen Situationen entscheiden h\u00e4ufig Sekunden \u00fcber das Wohl der Patienten. Aus diesem Grund ist es von entscheidender Bedeutung Fachkr\u00e4fte schnellstm\u00f6glich mit den notwendigen Informationen \u00fcber Art, Ort und Dringlichkeit des Vorfalls zu versorgen. Die entsprechenden Hilfsma\u00dfnahmen k\u00f6nnen umgehend in die Wege geleitet werden. So kann eine bestm\u00f6gliche Reaktion durch das Fachpersonal gew\u00e4hrleistet [&hellip;]<\/p>\n","protected":false},"author":5,"featured_media":0,"parent":0,"menu_order":0,"comment_status":"closed","ping_status":"closed","template":"elementor_header_footer","meta":{"_eb_attr":"","inline_featured_image":false,"footnotes":""},"class_list":["post-36114","page","type-page","status-publish","hentry"],"acf":[],"yoast_head":"<!-- This site is optimized with the Yoast SEO plugin v27.4 - https:\/\/yoast.com\/product\/yoast-seo-wordpress\/ -->\n<title>Kritische Patientenalarme - NewVoice International<\/title>\n<meta name=\"robots\" content=\"index, follow, max-snippet:-1, max-image-preview:large, max-video-preview:-1\" \/>\n<link rel=\"canonical\" href=\"https:\/\/newvoiceinternational.com\/de\/kritische-patientenalarme\/\" \/>\n<meta property=\"og:locale\" content=\"de_DE\" \/>\n<meta property=\"og:type\" content=\"article\" \/>\n<meta property=\"og:title\" content=\"Kritische Patientenalarme - NewVoice International\" \/>\n<meta property=\"og:description\" content=\"Kritische Patientenalarme In kritischen Situationen entscheiden h\u00e4ufig Sekunden \u00fcber das Wohl der Patienten. Aus diesem Grund ist es von entscheidender Bedeutung Fachkr\u00e4fte schnellstm\u00f6glich mit den notwendigen Informationen \u00fcber Art, Ort und Dringlichkeit des Vorfalls zu versorgen. Die entsprechenden Hilfsma\u00dfnahmen k\u00f6nnen umgehend in die Wege geleitet werden. So kann eine bestm\u00f6gliche Reaktion durch das Fachpersonal gew\u00e4hrleistet [&hellip;]\" \/>\n<meta property=\"og:url\" content=\"https:\/\/newvoiceinternational.com\/de\/kritische-patientenalarme\/\" \/>\n<meta property=\"og:site_name\" content=\"NewVoice International\" \/>\n<meta property=\"article:modified_time\" content=\"2024-03-06T13:41:29+00:00\" \/>\n<meta property=\"og:image\" content=\"http:\/\/newvoicetest.online\/wp-content\/uploads\/2022\/07\/Oeffentl_Einrichtungen_structure_and_overview.jpg\" \/>\n<meta name=\"twitter:card\" content=\"summary_large_image\" \/>\n<meta name=\"twitter:label1\" content=\"Gesch\u00e4tzte Lesezeit\" \/>\n\t<meta name=\"twitter:data1\" content=\"2\u00a0Minuten\" \/>\n<script type=\"application\/ld+json\" class=\"yoast-schema-graph\">{\"@context\":\"https:\\\/\\\/schema.org\",\"@graph\":[{\"@type\":\"WebPage\",\"@id\":\"https:\\\/\\\/newvoiceinternational.com\\\/de\\\/kritische-patientenalarme\\\/\",\"url\":\"https:\\\/\\\/newvoiceinternational.com\\\/de\\\/kritische-patientenalarme\\\/\",\"name\":\"Kritische Patientenalarme - NewVoice International\",\"isPartOf\":{\"@id\":\"https:\\\/\\\/newvoiceinternational.com\\\/de\\\/#website\"},\"primaryImageOfPage\":{\"@id\":\"https:\\\/\\\/newvoiceinternational.com\\\/de\\\/kritische-patientenalarme\\\/#primaryimage\"},\"image\":{\"@id\":\"https:\\\/\\\/newvoiceinternational.com\\\/de\\\/kritische-patientenalarme\\\/#primaryimage\"},\"thumbnailUrl\":\"http:\\\/\\\/newvoicetest.online\\\/wp-content\\\/uploads\\\/2022\\\/07\\\/Oeffentl_Einrichtungen_structure_and_overview.jpg\",\"datePublished\":\"2024-03-06T13:40:45+00:00\",\"dateModified\":\"2024-03-06T13:41:29+00:00\",\"breadcrumb\":{\"@id\":\"https:\\\/\\\/newvoiceinternational.com\\\/de\\\/kritische-patientenalarme\\\/#breadcrumb\"},\"inLanguage\":\"de\",\"potentialAction\":[{\"@type\":\"ReadAction\",\"target\":[\"https:\\\/\\\/newvoiceinternational.com\\\/de\\\/kritische-patientenalarme\\\/\"]}]},{\"@type\":\"ImageObject\",\"inLanguage\":\"de\",\"@id\":\"https:\\\/\\\/newvoiceinternational.com\\\/de\\\/kritische-patientenalarme\\\/#primaryimage\",\"url\":\"http:\\\/\\\/newvoicetest.online\\\/wp-content\\\/uploads\\\/2022\\\/07\\\/Oeffentl_Einrichtungen_structure_and_overview.jpg\",\"contentUrl\":\"http:\\\/\\\/newvoicetest.online\\\/wp-content\\\/uploads\\\/2022\\\/07\\\/Oeffentl_Einrichtungen_structure_and_overview.jpg\"},{\"@type\":\"BreadcrumbList\",\"@id\":\"https:\\\/\\\/newvoiceinternational.com\\\/de\\\/kritische-patientenalarme\\\/#breadcrumb\",\"itemListElement\":[{\"@type\":\"ListItem\",\"position\":1,\"name\":\"Home\",\"item\":\"https:\\\/\\\/newvoiceinternational.com\\\/de\\\/\"},{\"@type\":\"ListItem\",\"position\":2,\"name\":\"Kritische Patientenalarme\"}]},{\"@type\":\"WebSite\",\"@id\":\"https:\\\/\\\/newvoiceinternational.com\\\/de\\\/#website\",\"url\":\"https:\\\/\\\/newvoiceinternational.com\\\/de\\\/\",\"name\":\"NewVoice International\",\"description\":\"\",\"publisher\":{\"@id\":\"https:\\\/\\\/newvoiceinternational.com\\\/de\\\/#organization\"},\"potentialAction\":[{\"@type\":\"SearchAction\",\"target\":{\"@type\":\"EntryPoint\",\"urlTemplate\":\"https:\\\/\\\/newvoiceinternational.com\\\/de\\\/?s={search_term_string}\"},\"query-input\":{\"@type\":\"PropertyValueSpecification\",\"valueRequired\":true,\"valueName\":\"search_term_string\"}}],\"inLanguage\":\"de\"},{\"@type\":\"Organization\",\"@id\":\"https:\\\/\\\/newvoiceinternational.com\\\/de\\\/#organization\",\"name\":\"NewVoice International\",\"url\":\"https:\\\/\\\/newvoiceinternational.com\\\/de\\\/\",\"logo\":{\"@type\":\"ImageObject\",\"inLanguage\":\"de\",\"@id\":\"https:\\\/\\\/newvoiceinternational.com\\\/de\\\/#\\\/schema\\\/logo\\\/image\\\/\",\"url\":\"https:\\\/\\\/newvoiceinternational.com\\\/wp-content\\\/uploads\\\/2022\\\/06\\\/NV_Logo_RGB.png\",\"contentUrl\":\"https:\\\/\\\/newvoiceinternational.com\\\/wp-content\\\/uploads\\\/2022\\\/06\\\/NV_Logo_RGB.png\",\"width\":1200,\"height\":315,\"caption\":\"NewVoice International\"},\"image\":{\"@id\":\"https:\\\/\\\/newvoiceinternational.com\\\/de\\\/#\\\/schema\\\/logo\\\/image\\\/\"}}]}<\/script>\n<!-- \/ Yoast SEO plugin. -->","yoast_head_json":{"title":"Kritische Patientenalarme - NewVoice International","robots":{"index":"index","follow":"follow","max-snippet":"max-snippet:-1","max-image-preview":"max-image-preview:large","max-video-preview":"max-video-preview:-1"},"canonical":"https:\/\/newvoiceinternational.com\/de\/kritische-patientenalarme\/","og_locale":"de_DE","og_type":"article","og_title":"Kritische Patientenalarme - NewVoice International","og_description":"Kritische Patientenalarme In kritischen Situationen entscheiden h\u00e4ufig Sekunden \u00fcber das Wohl der Patienten. Aus diesem Grund ist es von entscheidender Bedeutung Fachkr\u00e4fte schnellstm\u00f6glich mit den notwendigen Informationen \u00fcber Art, Ort und Dringlichkeit des Vorfalls zu versorgen. Die entsprechenden Hilfsma\u00dfnahmen k\u00f6nnen umgehend in die Wege geleitet werden. So kann eine bestm\u00f6gliche Reaktion durch das Fachpersonal gew\u00e4hrleistet [&hellip;]","og_url":"https:\/\/newvoiceinternational.com\/de\/kritische-patientenalarme\/","og_site_name":"NewVoice International","article_modified_time":"2024-03-06T13:41:29+00:00","og_image":[{"url":"http:\/\/newvoicetest.online\/wp-content\/uploads\/2022\/07\/Oeffentl_Einrichtungen_structure_and_overview.jpg","type":"","width":"","height":""}],"twitter_card":"summary_large_image","twitter_misc":{"Gesch\u00e4tzte Lesezeit":"2\u00a0Minuten"},"schema":{"@context":"https:\/\/schema.org","@graph":[{"@type":"WebPage","@id":"https:\/\/newvoiceinternational.com\/de\/kritische-patientenalarme\/","url":"https:\/\/newvoiceinternational.com\/de\/kritische-patientenalarme\/","name":"Kritische Patientenalarme - NewVoice International","isPartOf":{"@id":"https:\/\/newvoiceinternational.com\/de\/#website"},"primaryImageOfPage":{"@id":"https:\/\/newvoiceinternational.com\/de\/kritische-patientenalarme\/#primaryimage"},"image":{"@id":"https:\/\/newvoiceinternational.com\/de\/kritische-patientenalarme\/#primaryimage"},"thumbnailUrl":"http:\/\/newvoicetest.online\/wp-content\/uploads\/2022\/07\/Oeffentl_Einrichtungen_structure_and_overview.jpg","datePublished":"2024-03-06T13:40:45+00:00","dateModified":"2024-03-06T13:41:29+00:00","breadcrumb":{"@id":"https:\/\/newvoiceinternational.com\/de\/kritische-patientenalarme\/#breadcrumb"},"inLanguage":"de","potentialAction":[{"@type":"ReadAction","target":["https:\/\/newvoiceinternational.com\/de\/kritische-patientenalarme\/"]}]},{"@type":"ImageObject","inLanguage":"de","@id":"https:\/\/newvoiceinternational.com\/de\/kritische-patientenalarme\/#primaryimage","url":"http:\/\/newvoicetest.online\/wp-content\/uploads\/2022\/07\/Oeffentl_Einrichtungen_structure_and_overview.jpg","contentUrl":"http:\/\/newvoicetest.online\/wp-content\/uploads\/2022\/07\/Oeffentl_Einrichtungen_structure_and_overview.jpg"},{"@type":"BreadcrumbList","@id":"https:\/\/newvoiceinternational.com\/de\/kritische-patientenalarme\/#breadcrumb","itemListElement":[{"@type":"ListItem","position":1,"name":"Home","item":"https:\/\/newvoiceinternational.com\/de\/"},{"@type":"ListItem","position":2,"name":"Kritische Patientenalarme"}]},{"@type":"WebSite","@id":"https:\/\/newvoiceinternational.com\/de\/#website","url":"https:\/\/newvoiceinternational.com\/de\/","name":"NewVoice International","description":"","publisher":{"@id":"https:\/\/newvoiceinternational.com\/de\/#organization"},"potentialAction":[{"@type":"SearchAction","target":{"@type":"EntryPoint","urlTemplate":"https:\/\/newvoiceinternational.com\/de\/?s={search_term_string}"},"query-input":{"@type":"PropertyValueSpecification","valueRequired":true,"valueName":"search_term_string"}}],"inLanguage":"de"},{"@type":"Organization","@id":"https:\/\/newvoiceinternational.com\/de\/#organization","name":"NewVoice International","url":"https:\/\/newvoiceinternational.com\/de\/","logo":{"@type":"ImageObject","inLanguage":"de","@id":"https:\/\/newvoiceinternational.com\/de\/#\/schema\/logo\/image\/","url":"https:\/\/newvoiceinternational.com\/wp-content\/uploads\/2022\/06\/NV_Logo_RGB.png","contentUrl":"https:\/\/newvoiceinternational.com\/wp-content\/uploads\/2022\/06\/NV_Logo_RGB.png","width":1200,"height":315,"caption":"NewVoice International"},"image":{"@id":"https:\/\/newvoiceinternational.com\/de\/#\/schema\/logo\/image\/"}}]}},"_links":{"self":[{"href":"https:\/\/newvoiceinternational.com\/de\/wp-json\/wp\/v2\/pages\/36114","targetHints":{"allow":["GET"]}}],"collection":[{"href":"https:\/\/newvoiceinternational.com\/de\/wp-json\/wp\/v2\/pages"}],"about":[{"href":"https:\/\/newvoiceinternational.com\/de\/wp-json\/wp\/v2\/types\/page"}],"author":[{"embeddable":true,"href":"https:\/\/newvoiceinternational.com\/de\/wp-json\/wp\/v2\/users\/5"}],"replies":[{"embeddable":true,"href":"https:\/\/newvoiceinternational.com\/de\/wp-json\/wp\/v2\/comments?post=36114"}],"version-history":[{"count":0,"href":"https:\/\/newvoiceinternational.com\/de\/wp-json\/wp\/v2\/pages\/36114\/revisions"}],"wp:attachment":[{"href":"https:\/\/newvoiceinternational.com\/de\/wp-json\/wp\/v2\/media?parent=36114"}],"curies":[{"name":"wp","href":"https:\/\/api.w.org\/{rel}","templated":true}]}}