{"id":36111,"date":"2024-03-06T10:35:15","date_gmt":"2024-03-06T09:35:15","guid":{"rendered":"https:\/\/newvoiceinternational.com\/prozessoptimierung\/"},"modified":"2024-03-06T14:36:14","modified_gmt":"2024-03-06T13:36:14","slug":"prozessoptimierung","status":"publish","type":"page","link":"https:\/\/newvoiceinternational.com\/de\/prozessoptimierung\/","title":{"rendered":"Prozessoptimierung"},"content":{"rendered":"\t\t<div data-elementor-type=\"wp-page\" data-elementor-id=\"36111\" class=\"elementor elementor-36111 elementor-36005\" data-elementor-post-type=\"page\">\n\t\t\t\t\t\t<section class=\"elementor-section elementor-top-section elementor-element elementor-element-d00456f elementor-section-boxed elementor-section-height-default elementor-section-height-default\" data-id=\"d00456f\" data-element_type=\"section\" data-e-type=\"section\">\n\t\t\t\t\t\t<div class=\"elementor-container elementor-column-gap-default\">\n\t\t\t\t\t<div class=\"elementor-column elementor-col-100 elementor-top-column elementor-element elementor-element-242f9ea\" data-id=\"242f9ea\" data-element_type=\"column\" data-e-type=\"column\">\n\t\t\t<div class=\"elementor-widget-wrap elementor-element-populated\">\n\t\t\t\t\t\t<div class=\"elementor-element elementor-element-eecbc9e elementor-widget elementor-widget-heading\" data-id=\"eecbc9e\" data-element_type=\"widget\" data-e-type=\"widget\" data-widget_type=\"heading.default\">\n\t\t\t\t<div class=\"elementor-widget-container\">\n\t\t\t\t\t<h2 class=\"elementor-heading-title elementor-size-default\">Prozessoptimierung<\/h2>\t\t\t\t<\/div>\n\t\t\t\t<\/div>\n\t\t\t\t<div class=\"elementor-element elementor-element-6d38cb8 elementor-widget elementor-widget-text-editor\" data-id=\"6d38cb8\" data-element_type=\"widget\" data-e-type=\"widget\" data-widget_type=\"text-editor.default\">\n\t\t\t\t<div class=\"elementor-widget-container\">\n\t\t\t\t\t\t\t\t\t<p>F\u00fcr den Betrieb eines Krankenhauses ist der effiziente Einsatz von Kommunikationsmittel ein wichtiger Kosten- und Qualit\u00e4tsfaktor. Mit Hilfe von <a href=\"https:\/\/www.newvoiceinternational.com\/de\/mobicall\/\">MobiCall<\/a> k\u00f6nnen bestehende Systeme, wie Patienten-Entertainment, Bettentransportmanagement, Telefonanlage, mobile Endger\u00e4te sowie Dispositions- und Administrationssysteme vernetzt werden. Somit k\u00f6nnen Arbeitsabl\u00e4ufe optimiert und infolgedessen die Prozesskosten gesenkt sowie die Servicequalit\u00e4t gesteigert werden.<\/p>\n<p><img fetchpriority=\"high\" decoding=\"async\" width=\"500\" height=\"300\" class=\" wp-image-2172 alignleft\" src=\"http:\/\/newvoicetest.online\/wp-content\/uploads\/2022\/07\/Gesundheit_Service_call.jpg\" alt=\"\" srcset=\"https:\/\/newvoiceinternational.com\/wp-content\/uploads\/2022\/07\/Gesundheit_Service_call.jpg 500w, https:\/\/newvoiceinternational.com\/wp-content\/uploads\/2022\/07\/Gesundheit_Service_call-300x180.jpg 300w\" sizes=\"(max-width: 500px) 100vw, 500px\" \/><\/p>\n<h4>Serviceruf<\/h4>\n<ul>\n<li>Integration vorhandener Patienten-Entertainment-Systeme<\/li>\n<li>Medien\u00fcbergreife \u00dcbermittlung von Servicebestellungen<\/li>\n<li>Eingabe von Serviceauftr\u00e4gen per Telefon, Smartphone, PC<\/li>\n<li>Skillbasierende \u00dcbertragung der Auftr\u00e4ge<\/li>\n<li>An- und Abmeldefunktionen f\u00fcr Mitarbeiter<\/li>\n<li>M\u00f6glichkeit der bidirektionalen Kommunikation (z.B. Ihre bestelltes Getr\u00e4nk kommt in 5 Minuten)<\/li>\n<li>Mandantenf\u00e4higes Webportal f\u00fcr SLA \u00dcberwachung und Auswertung der Servicequalit\u00e4t<\/li>\n<li>Verbesserung der Klinikprozesse und Erh\u00f6hung der Patientenzufriedenheit<\/li>\n<\/ul>\n<h4><img decoding=\"async\" width=\"500\" height=\"300\" class=\"size-medium wp-image-2175 alignright\" src=\"http:\/\/newvoicetest.online\/wp-content\/uploads\/2022\/07\/Gesundheit_Integration_of_beds_management.jpg\" alt=\"\" srcset=\"https:\/\/newvoiceinternational.com\/wp-content\/uploads\/2022\/07\/Gesundheit_Integration_of_beds_management.jpg 500w, https:\/\/newvoiceinternational.com\/wp-content\/uploads\/2022\/07\/Gesundheit_Integration_of_beds_management-300x180.jpg 300w\" sizes=\"(max-width: 500px) 100vw, 500px\" \/><br \/>\nIntegration Bettenmangement<\/h4>\n<ul>\n<li>Anbindung verschiedener Bettentransportsysteme<\/li>\n<li>Pr\u00e4senzabh\u00e4ngige Jobverteilung<\/li>\n<li>Eingabe von Statusmeldung per Telefon, Smartphone oder PC<\/li>\n<li>Umfangreiche Annahme- und Ablehnungsfunktionen<\/li>\n<li>\u00dcbermittlung von Reinigungs-, Reparatur- und Wartungsarbeiten<\/li>\n<li>Real-Time-Monitoring laufender Jobs W\u00e4chterkontrolle<\/li>\n<\/ul>\n<p><img decoding=\"async\" width=\"500\" height=\"300\" class=\"size-medium wp-image-2165 alignleft\" src=\"http:\/\/newvoicetest.online\/wp-content\/uploads\/2022\/07\/Oeffentl_Einrichtungen_Info_hotline.jpg\" alt=\"\" srcset=\"https:\/\/newvoiceinternational.com\/wp-content\/uploads\/2022\/07\/Oeffentl_Einrichtungen_Info_hotline.jpg 500w, https:\/\/newvoiceinternational.com\/wp-content\/uploads\/2022\/07\/Oeffentl_Einrichtungen_Info_hotline-300x180.jpg 300w\" sizes=\"(max-width: 500px) 100vw, 500px\" \/><\/p>\n<h4>Info-Hotline\/Kundenservice<\/h4>\n<ul>\n<li>Automatische parallele Annahme von Anrufen<\/li>\n<li>Flexible Anpassung freier oder vordefinierter Ansagen<\/li>\n<li>M\u00f6glichkeit f\u00fcr mehrstufigen IVR Men\u00fcs<\/li>\n<li>VIP Schaltung wichtiger Rufnummern<\/li>\n<li>M\u00f6glichkeiten der Teil- oder Gesamtsperrung von Rufnummern<\/li>\n<li>Einsparung wichtiger personeller Ressourcen<\/li>\n<li>Bev\u00f6lkerungsalarmierung<\/li>\n<li>Umfangreiche Statistik und Protokollierung<\/li>\n<\/ul>\n\t\t\t\t\t\t\t\t<\/div>\n\t\t\t\t<\/div>\n\t\t\t\t\t<\/div>\n\t\t<\/div>\n\t\t\t\t\t<\/div>\n\t\t<\/section>\n\t\t\t\t<\/div>\n\t\t","protected":false},"excerpt":{"rendered":"<p>Prozessoptimierung F\u00fcr den Betrieb eines Krankenhauses ist der effiziente Einsatz von Kommunikationsmittel ein wichtiger Kosten- und Qualit\u00e4tsfaktor. Mit Hilfe von MobiCall k\u00f6nnen bestehende Systeme, wie Patienten-Entertainment, Bettentransportmanagement, Telefonanlage, mobile Endger\u00e4te sowie Dispositions- und Administrationssysteme vernetzt werden. Somit k\u00f6nnen Arbeitsabl\u00e4ufe optimiert und infolgedessen die Prozesskosten gesenkt sowie die Servicequalit\u00e4t gesteigert werden. Serviceruf Integration vorhandener Patienten-Entertainment-Systeme Medien\u00fcbergreife [&hellip;]<\/p>\n","protected":false},"author":5,"featured_media":0,"parent":0,"menu_order":0,"comment_status":"closed","ping_status":"closed","template":"elementor_header_footer","meta":{"_eb_attr":"","inline_featured_image":false,"footnotes":""},"class_list":["post-36111","page","type-page","status-publish","hentry"],"acf":[],"yoast_head":"<!-- This site is optimized with the Yoast SEO plugin v27.3 - https:\/\/yoast.com\/product\/yoast-seo-wordpress\/ -->\n<title>Prozessoptimierung - NewVoice International<\/title>\n<meta name=\"robots\" content=\"index, follow, max-snippet:-1, max-image-preview:large, max-video-preview:-1\" \/>\n<link rel=\"canonical\" href=\"https:\/\/newvoiceinternational.com\/de\/prozessoptimierung\/\" \/>\n<meta property=\"og:locale\" content=\"de_DE\" \/>\n<meta property=\"og:type\" content=\"article\" \/>\n<meta property=\"og:title\" content=\"Prozessoptimierung - NewVoice International\" \/>\n<meta property=\"og:description\" content=\"Prozessoptimierung F\u00fcr den Betrieb eines Krankenhauses ist der effiziente Einsatz von Kommunikationsmittel ein wichtiger Kosten- und Qualit\u00e4tsfaktor. Mit Hilfe von MobiCall k\u00f6nnen bestehende Systeme, wie Patienten-Entertainment, Bettentransportmanagement, Telefonanlage, mobile Endger\u00e4te sowie Dispositions- und Administrationssysteme vernetzt werden. Somit k\u00f6nnen Arbeitsabl\u00e4ufe optimiert und infolgedessen die Prozesskosten gesenkt sowie die Servicequalit\u00e4t gesteigert werden. Serviceruf Integration vorhandener Patienten-Entertainment-Systeme Medien\u00fcbergreife [&hellip;]\" \/>\n<meta property=\"og:url\" content=\"https:\/\/newvoiceinternational.com\/de\/prozessoptimierung\/\" \/>\n<meta property=\"og:site_name\" content=\"NewVoice International\" \/>\n<meta property=\"article:modified_time\" content=\"2024-03-06T13:36:14+00:00\" \/>\n<meta property=\"og:image\" content=\"http:\/\/newvoicetest.online\/wp-content\/uploads\/2022\/07\/Gesundheit_Service_call.jpg\" \/>\n<meta name=\"twitter:card\" content=\"summary_large_image\" \/>\n<meta name=\"twitter:label1\" content=\"Gesch\u00e4tzte Lesezeit\" \/>\n\t<meta name=\"twitter:data1\" content=\"1\u00a0Minute\" \/>\n<script type=\"application\/ld+json\" class=\"yoast-schema-graph\">{\"@context\":\"https:\\\/\\\/schema.org\",\"@graph\":[{\"@type\":\"WebPage\",\"@id\":\"https:\\\/\\\/newvoiceinternational.com\\\/de\\\/prozessoptimierung\\\/\",\"url\":\"https:\\\/\\\/newvoiceinternational.com\\\/de\\\/prozessoptimierung\\\/\",\"name\":\"Prozessoptimierung - NewVoice International\",\"isPartOf\":{\"@id\":\"https:\\\/\\\/newvoiceinternational.com\\\/de\\\/#website\"},\"primaryImageOfPage\":{\"@id\":\"https:\\\/\\\/newvoiceinternational.com\\\/de\\\/prozessoptimierung\\\/#primaryimage\"},\"image\":{\"@id\":\"https:\\\/\\\/newvoiceinternational.com\\\/de\\\/prozessoptimierung\\\/#primaryimage\"},\"thumbnailUrl\":\"http:\\\/\\\/newvoicetest.online\\\/wp-content\\\/uploads\\\/2022\\\/07\\\/Gesundheit_Service_call.jpg\",\"datePublished\":\"2024-03-06T09:35:15+00:00\",\"dateModified\":\"2024-03-06T13:36:14+00:00\",\"breadcrumb\":{\"@id\":\"https:\\\/\\\/newvoiceinternational.com\\\/de\\\/prozessoptimierung\\\/#breadcrumb\"},\"inLanguage\":\"de\",\"potentialAction\":[{\"@type\":\"ReadAction\",\"target\":[\"https:\\\/\\\/newvoiceinternational.com\\\/de\\\/prozessoptimierung\\\/\"]}]},{\"@type\":\"ImageObject\",\"inLanguage\":\"de\",\"@id\":\"https:\\\/\\\/newvoiceinternational.com\\\/de\\\/prozessoptimierung\\\/#primaryimage\",\"url\":\"http:\\\/\\\/newvoicetest.online\\\/wp-content\\\/uploads\\\/2022\\\/07\\\/Gesundheit_Service_call.jpg\",\"contentUrl\":\"http:\\\/\\\/newvoicetest.online\\\/wp-content\\\/uploads\\\/2022\\\/07\\\/Gesundheit_Service_call.jpg\"},{\"@type\":\"BreadcrumbList\",\"@id\":\"https:\\\/\\\/newvoiceinternational.com\\\/de\\\/prozessoptimierung\\\/#breadcrumb\",\"itemListElement\":[{\"@type\":\"ListItem\",\"position\":1,\"name\":\"Home\",\"item\":\"https:\\\/\\\/newvoiceinternational.com\\\/de\\\/\"},{\"@type\":\"ListItem\",\"position\":2,\"name\":\"Prozessoptimierung\"}]},{\"@type\":\"WebSite\",\"@id\":\"https:\\\/\\\/newvoiceinternational.com\\\/de\\\/#website\",\"url\":\"https:\\\/\\\/newvoiceinternational.com\\\/de\\\/\",\"name\":\"NewVoice International\",\"description\":\"\",\"publisher\":{\"@id\":\"https:\\\/\\\/newvoiceinternational.com\\\/de\\\/#organization\"},\"potentialAction\":[{\"@type\":\"SearchAction\",\"target\":{\"@type\":\"EntryPoint\",\"urlTemplate\":\"https:\\\/\\\/newvoiceinternational.com\\\/de\\\/?s={search_term_string}\"},\"query-input\":{\"@type\":\"PropertyValueSpecification\",\"valueRequired\":true,\"valueName\":\"search_term_string\"}}],\"inLanguage\":\"de\"},{\"@type\":\"Organization\",\"@id\":\"https:\\\/\\\/newvoiceinternational.com\\\/de\\\/#organization\",\"name\":\"NewVoice International\",\"url\":\"https:\\\/\\\/newvoiceinternational.com\\\/de\\\/\",\"logo\":{\"@type\":\"ImageObject\",\"inLanguage\":\"de\",\"@id\":\"https:\\\/\\\/newvoiceinternational.com\\\/de\\\/#\\\/schema\\\/logo\\\/image\\\/\",\"url\":\"https:\\\/\\\/newvoiceinternational.com\\\/wp-content\\\/uploads\\\/2022\\\/06\\\/NV_Logo_RGB.png\",\"contentUrl\":\"https:\\\/\\\/newvoiceinternational.com\\\/wp-content\\\/uploads\\\/2022\\\/06\\\/NV_Logo_RGB.png\",\"width\":1200,\"height\":315,\"caption\":\"NewVoice International\"},\"image\":{\"@id\":\"https:\\\/\\\/newvoiceinternational.com\\\/de\\\/#\\\/schema\\\/logo\\\/image\\\/\"}}]}<\/script>\n<!-- \/ Yoast SEO plugin. -->","yoast_head_json":{"title":"Prozessoptimierung - NewVoice International","robots":{"index":"index","follow":"follow","max-snippet":"max-snippet:-1","max-image-preview":"max-image-preview:large","max-video-preview":"max-video-preview:-1"},"canonical":"https:\/\/newvoiceinternational.com\/de\/prozessoptimierung\/","og_locale":"de_DE","og_type":"article","og_title":"Prozessoptimierung - NewVoice International","og_description":"Prozessoptimierung F\u00fcr den Betrieb eines Krankenhauses ist der effiziente Einsatz von Kommunikationsmittel ein wichtiger Kosten- und Qualit\u00e4tsfaktor. Mit Hilfe von MobiCall k\u00f6nnen bestehende Systeme, wie Patienten-Entertainment, Bettentransportmanagement, Telefonanlage, mobile Endger\u00e4te sowie Dispositions- und Administrationssysteme vernetzt werden. Somit k\u00f6nnen Arbeitsabl\u00e4ufe optimiert und infolgedessen die Prozesskosten gesenkt sowie die Servicequalit\u00e4t gesteigert werden. Serviceruf Integration vorhandener Patienten-Entertainment-Systeme Medien\u00fcbergreife [&hellip;]","og_url":"https:\/\/newvoiceinternational.com\/de\/prozessoptimierung\/","og_site_name":"NewVoice International","article_modified_time":"2024-03-06T13:36:14+00:00","og_image":[{"url":"http:\/\/newvoicetest.online\/wp-content\/uploads\/2022\/07\/Gesundheit_Service_call.jpg","type":"","width":"","height":""}],"twitter_card":"summary_large_image","twitter_misc":{"Gesch\u00e4tzte Lesezeit":"1\u00a0Minute"},"schema":{"@context":"https:\/\/schema.org","@graph":[{"@type":"WebPage","@id":"https:\/\/newvoiceinternational.com\/de\/prozessoptimierung\/","url":"https:\/\/newvoiceinternational.com\/de\/prozessoptimierung\/","name":"Prozessoptimierung - NewVoice International","isPartOf":{"@id":"https:\/\/newvoiceinternational.com\/de\/#website"},"primaryImageOfPage":{"@id":"https:\/\/newvoiceinternational.com\/de\/prozessoptimierung\/#primaryimage"},"image":{"@id":"https:\/\/newvoiceinternational.com\/de\/prozessoptimierung\/#primaryimage"},"thumbnailUrl":"http:\/\/newvoicetest.online\/wp-content\/uploads\/2022\/07\/Gesundheit_Service_call.jpg","datePublished":"2024-03-06T09:35:15+00:00","dateModified":"2024-03-06T13:36:14+00:00","breadcrumb":{"@id":"https:\/\/newvoiceinternational.com\/de\/prozessoptimierung\/#breadcrumb"},"inLanguage":"de","potentialAction":[{"@type":"ReadAction","target":["https:\/\/newvoiceinternational.com\/de\/prozessoptimierung\/"]}]},{"@type":"ImageObject","inLanguage":"de","@id":"https:\/\/newvoiceinternational.com\/de\/prozessoptimierung\/#primaryimage","url":"http:\/\/newvoicetest.online\/wp-content\/uploads\/2022\/07\/Gesundheit_Service_call.jpg","contentUrl":"http:\/\/newvoicetest.online\/wp-content\/uploads\/2022\/07\/Gesundheit_Service_call.jpg"},{"@type":"BreadcrumbList","@id":"https:\/\/newvoiceinternational.com\/de\/prozessoptimierung\/#breadcrumb","itemListElement":[{"@type":"ListItem","position":1,"name":"Home","item":"https:\/\/newvoiceinternational.com\/de\/"},{"@type":"ListItem","position":2,"name":"Prozessoptimierung"}]},{"@type":"WebSite","@id":"https:\/\/newvoiceinternational.com\/de\/#website","url":"https:\/\/newvoiceinternational.com\/de\/","name":"NewVoice International","description":"","publisher":{"@id":"https:\/\/newvoiceinternational.com\/de\/#organization"},"potentialAction":[{"@type":"SearchAction","target":{"@type":"EntryPoint","urlTemplate":"https:\/\/newvoiceinternational.com\/de\/?s={search_term_string}"},"query-input":{"@type":"PropertyValueSpecification","valueRequired":true,"valueName":"search_term_string"}}],"inLanguage":"de"},{"@type":"Organization","@id":"https:\/\/newvoiceinternational.com\/de\/#organization","name":"NewVoice International","url":"https:\/\/newvoiceinternational.com\/de\/","logo":{"@type":"ImageObject","inLanguage":"de","@id":"https:\/\/newvoiceinternational.com\/de\/#\/schema\/logo\/image\/","url":"https:\/\/newvoiceinternational.com\/wp-content\/uploads\/2022\/06\/NV_Logo_RGB.png","contentUrl":"https:\/\/newvoiceinternational.com\/wp-content\/uploads\/2022\/06\/NV_Logo_RGB.png","width":1200,"height":315,"caption":"NewVoice International"},"image":{"@id":"https:\/\/newvoiceinternational.com\/de\/#\/schema\/logo\/image\/"}}]}},"_links":{"self":[{"href":"https:\/\/newvoiceinternational.com\/de\/wp-json\/wp\/v2\/pages\/36111","targetHints":{"allow":["GET"]}}],"collection":[{"href":"https:\/\/newvoiceinternational.com\/de\/wp-json\/wp\/v2\/pages"}],"about":[{"href":"https:\/\/newvoiceinternational.com\/de\/wp-json\/wp\/v2\/types\/page"}],"author":[{"embeddable":true,"href":"https:\/\/newvoiceinternational.com\/de\/wp-json\/wp\/v2\/users\/5"}],"replies":[{"embeddable":true,"href":"https:\/\/newvoiceinternational.com\/de\/wp-json\/wp\/v2\/comments?post=36111"}],"version-history":[{"count":0,"href":"https:\/\/newvoiceinternational.com\/de\/wp-json\/wp\/v2\/pages\/36111\/revisions"}],"wp:attachment":[{"href":"https:\/\/newvoiceinternational.com\/de\/wp-json\/wp\/v2\/media?parent=36111"}],"curies":[{"name":"wp","href":"https:\/\/api.w.org\/{rel}","templated":true}]}}