{"id":36109,"date":"2024-03-05T17:03:27","date_gmt":"2024-03-05T16:03:27","guid":{"rendered":"https:\/\/newvoiceinternational.com\/personenschutz-und-notfallmanagement\/"},"modified":"2024-03-06T14:32:36","modified_gmt":"2024-03-06T13:32:36","slug":"personenschutz-und-notfallmanagement","status":"publish","type":"page","link":"https:\/\/newvoiceinternational.com\/de\/personenschutz-und-notfallmanagement\/","title":{"rendered":"Personenschutz und Notfallmanagement"},"content":{"rendered":"\t\t<div data-elementor-type=\"wp-page\" data-elementor-id=\"36109\" class=\"elementor elementor-36109 elementor-36000\" data-elementor-post-type=\"page\">\n\t\t\t\t\t\t<section class=\"elementor-section elementor-top-section elementor-element elementor-element-144196d elementor-section-boxed elementor-section-height-default elementor-section-height-default\" data-id=\"144196d\" data-element_type=\"section\" data-e-type=\"section\">\n\t\t\t\t\t\t<div class=\"elementor-container elementor-column-gap-default\">\n\t\t\t\t\t<div class=\"elementor-column elementor-col-100 elementor-top-column elementor-element elementor-element-d30df47\" data-id=\"d30df47\" data-element_type=\"column\" data-e-type=\"column\">\n\t\t\t<div class=\"elementor-widget-wrap elementor-element-populated\">\n\t\t\t\t\t\t<div class=\"elementor-element elementor-element-9b62511 elementor-widget elementor-widget-heading\" data-id=\"9b62511\" data-element_type=\"widget\" data-e-type=\"widget\" data-widget_type=\"heading.default\">\n\t\t\t\t<div class=\"elementor-widget-container\">\n\t\t\t\t\t<h2 class=\"elementor-heading-title elementor-size-default\">Personenschutz und Notfallmanagement<\/h2>\t\t\t\t<\/div>\n\t\t\t\t<\/div>\n\t\t\t\t<div class=\"elementor-element elementor-element-3d0c89d elementor-widget elementor-widget-text-editor\" data-id=\"3d0c89d\" data-element_type=\"widget\" data-e-type=\"widget\" data-widget_type=\"text-editor.default\">\n\t\t\t\t<div class=\"elementor-widget-container\">\n\t\t\t\t\t\t\t\t\t<p>Bei Notf\u00e4llen (z.B. Brandalarm oder Bombendrohung), ist eine unverz\u00fcgliche Massenalarmierung erforderlich. Mit <a href=\"https:\/\/www.newvoiceinternational.com\/de\/mobicall\/\">MobiCall<\/a> kann die bestehende Infrastruktur genutzt werden, sodass vorhandene Telefone und Computer f\u00fcr eine akustische und optische Alarmsignalisierung zur Verf\u00fcgung stehen. In Gef\u00e4hrdungssituationen kann mit Hilfe von <a href=\"https:\/\/www.newvoiceinternational.com\/de\/mobicall\/\">MobiCall<\/a> die Absicherung des Personals am Arbeitsplatz erfolgen. Dabei kann auf die integrierten Funktionen einer Personennotrufzentrale zur\u00fcckgegriffen werden. Weiterhin fungiert <a href=\"https:\/\/www.newvoiceinternational.com\/de\/mobicall\/\">MobiCall<\/a> als zentrale L\u00f6sung bei einer Notfallalarmierung, z.B. MANV-Alarm, um eine parallele Informations\u00fcbermittlung zu realisieren.<\/p>\n<h4><img fetchpriority=\"high\" decoding=\"async\" width=\"500\" height=\"300\" class=\"size-medium wp-image-2159 alignleft\" src=\"http:\/\/newvoicetest.online\/wp-content\/uploads\/2022\/07\/Gesundheit_Fire_and_disaster_alarm.jpg\" alt=\"\" srcset=\"https:\/\/newvoiceinternational.com\/wp-content\/uploads\/2022\/07\/Gesundheit_Fire_and_disaster_alarm.jpg 500w, https:\/\/newvoiceinternational.com\/wp-content\/uploads\/2022\/07\/Gesundheit_Fire_and_disaster_alarm-300x180.jpg 300w\" sizes=\"(max-width: 500px) 100vw, 500px\" \/>Brand- und Katastrophenalarm<\/h4>\n<ul>\n<li>Stille Alarmierung gem\u00e4\u00df den geltenden brandschutztechnischen Vorschriften<\/li>\n<li>Integration der vorhandenen Brandmeldeanlage (ESPA 4.4.4, ESPA-X, Kontakt)<\/li>\n<li>M\u00f6glichkeit der manuellen Ausl\u00f6sung (Telefon, Web, Taster)<\/li>\n<li>Brandabschnitts- oder bereichsbezogene Alarmierung<\/li>\n<li>Integration eines Voralarms zur Vermeidung von Fehlalarmen<\/li>\n<li>Parallele multimediale Alarmierung auf verschiedenen Devices<\/li>\n<li>Ansteuerung von Sonderfeatures f\u00fcr Durchsagen und Pop-up Funktionalit\u00e4ten am PC<\/li>\n<li>Integration von ELA Anlagen und IP-Lautsprechern<\/li>\n<li>Initialisierung von Notfallkonferenzen<\/li>\n<\/ul>\n<p><img decoding=\"async\" width=\"500\" height=\"300\" class=\"size-medium wp-image-2162 alignright\" src=\"http:\/\/newvoicetest.online\/wp-content\/uploads\/2022\/07\/Oeffentl_Einrichtungen_Crisis_teams.jpg\" srcset=\"https:\/\/newvoiceinternational.com\/wp-content\/uploads\/2022\/07\/Oeffentl_Einrichtungen_Crisis_teams.jpg 500w, https:\/\/newvoiceinternational.com\/wp-content\/uploads\/2022\/07\/Oeffentl_Einrichtungen_Crisis_teams-300x180.jpg 300w\" sizes=\"(max-width: 500px) 100vw, 500px\" \/><\/p>\n<h4>Alleinarbeitsplatzsicherung<\/h4>\n<ul>\n<li>Plattformunabh\u00e4ngige L\u00f6sung f\u00fcr DECT, Wifi, GSM<\/li>\n<li>Unterst\u00fctzung von willensabh\u00e4ngigen (Roter Knopf) und willensunabh\u00e4ngigen Alarmen (Lage-, Ruhe-, Zeit-, Fluchtund Verlustalarm)<\/li>\n<li>Automatischer Aufbau von Notfallkonferenzen zwischen Alarmausl\u00f6ser und Alarmempf\u00e4nger<\/li>\n<li>Permanente \u00dcberwachung der Personen-Notsignal-Ger\u00e4te<\/li>\n<li>Lokalisierung \u00fcber DECT, Wifi, Bluetooth Beacons und GPS<\/li>\n<li>Visualisierung von Geb\u00e4ude- und Gel\u00e4ndepl\u00e4nen<\/li>\n<li>Unterst\u00fctzung der Rundgang- und W\u00e4chterkontrolle<\/li>\n<\/ul>\n<p><img decoding=\"async\" width=\"500\" height=\"300\" class=\"size-medium wp-image-2165 alignleft\" src=\"http:\/\/newvoicetest.online\/wp-content\/uploads\/2022\/07\/Oeffentl_Einrichtungen_Info_hotline.jpg\" alt=\"\" srcset=\"https:\/\/newvoiceinternational.com\/wp-content\/uploads\/2022\/07\/Oeffentl_Einrichtungen_Info_hotline.jpg 500w, https:\/\/newvoiceinternational.com\/wp-content\/uploads\/2022\/07\/Oeffentl_Einrichtungen_Info_hotline-300x180.jpg 300w\" sizes=\"(max-width: 500px) 100vw, 500px\" \/><\/p>\n<h4>MANV Alarmierung<\/h4>\n<div id=\"list-34\" class=\"mk-list-styles mk-align-none accord-list clear\" data-charcode=\"e622\" data-family=\"pe-line-icons\">\n<ul>\n<li>Automatische parallele Bereitschaftsalarmierung nach MANV-Stufe<\/li>\n<li>Automatische Versendung von Alarmreports<\/li>\n<li>M\u00f6glichkeit zur Zeitangabe f\u00fcr Alarmempf\u00e4nger bis zum Erreichen der Einrichtung<\/li>\n<li>Automatischer Import von Alarmpl\u00e4nen<\/li>\n<li>Pr\u00e4senzabh\u00e4ngige Alarmierung<\/li>\n<li>Initialisierung von Notfallkonferenzen<\/li>\n<li>Multimediale Alarmierung auf Mobiltelefone per Anruf, SMS oder Alarm-App<\/li>\n<\/ul>\n<\/div>\n\t\t\t\t\t\t\t\t<\/div>\n\t\t\t\t<\/div>\n\t\t\t\t\t<\/div>\n\t\t<\/div>\n\t\t\t\t\t<\/div>\n\t\t<\/section>\n\t\t\t\t<\/div>\n\t\t","protected":false},"excerpt":{"rendered":"<p>Personenschutz und Notfallmanagement Bei Notf\u00e4llen (z.B. Brandalarm oder Bombendrohung), ist eine unverz\u00fcgliche Massenalarmierung erforderlich. Mit MobiCall kann die bestehende Infrastruktur genutzt werden, sodass vorhandene Telefone und Computer f\u00fcr eine akustische und optische Alarmsignalisierung zur Verf\u00fcgung stehen. In Gef\u00e4hrdungssituationen kann mit Hilfe von MobiCall die Absicherung des Personals am Arbeitsplatz erfolgen. Dabei kann auf die integrierten [&hellip;]<\/p>\n","protected":false},"author":5,"featured_media":0,"parent":0,"menu_order":0,"comment_status":"closed","ping_status":"closed","template":"elementor_header_footer","meta":{"_eb_attr":"","inline_featured_image":false,"footnotes":""},"class_list":["post-36109","page","type-page","status-publish","hentry"],"acf":[],"yoast_head":"<!-- This site is optimized with the Yoast SEO plugin v27.3 - https:\/\/yoast.com\/product\/yoast-seo-wordpress\/ -->\n<title>Personenschutz und Notfallmanagement - NewVoice International<\/title>\n<meta name=\"robots\" content=\"index, follow, max-snippet:-1, max-image-preview:large, max-video-preview:-1\" \/>\n<link rel=\"canonical\" href=\"https:\/\/newvoiceinternational.com\/de\/personenschutz-und-notfallmanagement\/\" \/>\n<meta property=\"og:locale\" content=\"de_DE\" \/>\n<meta property=\"og:type\" content=\"article\" \/>\n<meta property=\"og:title\" content=\"Personenschutz und Notfallmanagement - NewVoice International\" \/>\n<meta property=\"og:description\" content=\"Personenschutz und Notfallmanagement Bei Notf\u00e4llen (z.B. Brandalarm oder Bombendrohung), ist eine unverz\u00fcgliche Massenalarmierung erforderlich. Mit MobiCall kann die bestehende Infrastruktur genutzt werden, sodass vorhandene Telefone und Computer f\u00fcr eine akustische und optische Alarmsignalisierung zur Verf\u00fcgung stehen. In Gef\u00e4hrdungssituationen kann mit Hilfe von MobiCall die Absicherung des Personals am Arbeitsplatz erfolgen. Dabei kann auf die integrierten [&hellip;]\" \/>\n<meta property=\"og:url\" content=\"https:\/\/newvoiceinternational.com\/de\/personenschutz-und-notfallmanagement\/\" \/>\n<meta property=\"og:site_name\" content=\"NewVoice International\" \/>\n<meta property=\"article:modified_time\" content=\"2024-03-06T13:32:36+00:00\" \/>\n<meta property=\"og:image\" content=\"http:\/\/newvoicetest.online\/wp-content\/uploads\/2022\/07\/Gesundheit_Fire_and_disaster_alarm.jpg\" \/>\n<meta name=\"twitter:card\" content=\"summary_large_image\" \/>\n<meta name=\"twitter:label1\" content=\"Gesch\u00e4tzte Lesezeit\" \/>\n\t<meta name=\"twitter:data1\" content=\"1\u00a0Minute\" \/>\n<script type=\"application\/ld+json\" class=\"yoast-schema-graph\">{\"@context\":\"https:\\\/\\\/schema.org\",\"@graph\":[{\"@type\":\"WebPage\",\"@id\":\"https:\\\/\\\/newvoiceinternational.com\\\/de\\\/personenschutz-und-notfallmanagement\\\/\",\"url\":\"https:\\\/\\\/newvoiceinternational.com\\\/de\\\/personenschutz-und-notfallmanagement\\\/\",\"name\":\"Personenschutz und Notfallmanagement - NewVoice International\",\"isPartOf\":{\"@id\":\"https:\\\/\\\/newvoiceinternational.com\\\/de\\\/#website\"},\"primaryImageOfPage\":{\"@id\":\"https:\\\/\\\/newvoiceinternational.com\\\/de\\\/personenschutz-und-notfallmanagement\\\/#primaryimage\"},\"image\":{\"@id\":\"https:\\\/\\\/newvoiceinternational.com\\\/de\\\/personenschutz-und-notfallmanagement\\\/#primaryimage\"},\"thumbnailUrl\":\"http:\\\/\\\/newvoicetest.online\\\/wp-content\\\/uploads\\\/2022\\\/07\\\/Gesundheit_Fire_and_disaster_alarm.jpg\",\"datePublished\":\"2024-03-05T16:03:27+00:00\",\"dateModified\":\"2024-03-06T13:32:36+00:00\",\"breadcrumb\":{\"@id\":\"https:\\\/\\\/newvoiceinternational.com\\\/de\\\/personenschutz-und-notfallmanagement\\\/#breadcrumb\"},\"inLanguage\":\"de\",\"potentialAction\":[{\"@type\":\"ReadAction\",\"target\":[\"https:\\\/\\\/newvoiceinternational.com\\\/de\\\/personenschutz-und-notfallmanagement\\\/\"]}]},{\"@type\":\"ImageObject\",\"inLanguage\":\"de\",\"@id\":\"https:\\\/\\\/newvoiceinternational.com\\\/de\\\/personenschutz-und-notfallmanagement\\\/#primaryimage\",\"url\":\"http:\\\/\\\/newvoicetest.online\\\/wp-content\\\/uploads\\\/2022\\\/07\\\/Gesundheit_Fire_and_disaster_alarm.jpg\",\"contentUrl\":\"http:\\\/\\\/newvoicetest.online\\\/wp-content\\\/uploads\\\/2022\\\/07\\\/Gesundheit_Fire_and_disaster_alarm.jpg\"},{\"@type\":\"BreadcrumbList\",\"@id\":\"https:\\\/\\\/newvoiceinternational.com\\\/de\\\/personenschutz-und-notfallmanagement\\\/#breadcrumb\",\"itemListElement\":[{\"@type\":\"ListItem\",\"position\":1,\"name\":\"Home\",\"item\":\"https:\\\/\\\/newvoiceinternational.com\\\/de\\\/\"},{\"@type\":\"ListItem\",\"position\":2,\"name\":\"Personenschutz und Notfallmanagement\"}]},{\"@type\":\"WebSite\",\"@id\":\"https:\\\/\\\/newvoiceinternational.com\\\/de\\\/#website\",\"url\":\"https:\\\/\\\/newvoiceinternational.com\\\/de\\\/\",\"name\":\"NewVoice International\",\"description\":\"\",\"publisher\":{\"@id\":\"https:\\\/\\\/newvoiceinternational.com\\\/de\\\/#organization\"},\"potentialAction\":[{\"@type\":\"SearchAction\",\"target\":{\"@type\":\"EntryPoint\",\"urlTemplate\":\"https:\\\/\\\/newvoiceinternational.com\\\/de\\\/?s={search_term_string}\"},\"query-input\":{\"@type\":\"PropertyValueSpecification\",\"valueRequired\":true,\"valueName\":\"search_term_string\"}}],\"inLanguage\":\"de\"},{\"@type\":\"Organization\",\"@id\":\"https:\\\/\\\/newvoiceinternational.com\\\/de\\\/#organization\",\"name\":\"NewVoice International\",\"url\":\"https:\\\/\\\/newvoiceinternational.com\\\/de\\\/\",\"logo\":{\"@type\":\"ImageObject\",\"inLanguage\":\"de\",\"@id\":\"https:\\\/\\\/newvoiceinternational.com\\\/de\\\/#\\\/schema\\\/logo\\\/image\\\/\",\"url\":\"https:\\\/\\\/newvoiceinternational.com\\\/wp-content\\\/uploads\\\/2022\\\/06\\\/NV_Logo_RGB.png\",\"contentUrl\":\"https:\\\/\\\/newvoiceinternational.com\\\/wp-content\\\/uploads\\\/2022\\\/06\\\/NV_Logo_RGB.png\",\"width\":1200,\"height\":315,\"caption\":\"NewVoice International\"},\"image\":{\"@id\":\"https:\\\/\\\/newvoiceinternational.com\\\/de\\\/#\\\/schema\\\/logo\\\/image\\\/\"}}]}<\/script>\n<!-- \/ Yoast SEO plugin. -->","yoast_head_json":{"title":"Personenschutz und Notfallmanagement - NewVoice International","robots":{"index":"index","follow":"follow","max-snippet":"max-snippet:-1","max-image-preview":"max-image-preview:large","max-video-preview":"max-video-preview:-1"},"canonical":"https:\/\/newvoiceinternational.com\/de\/personenschutz-und-notfallmanagement\/","og_locale":"de_DE","og_type":"article","og_title":"Personenschutz und Notfallmanagement - NewVoice International","og_description":"Personenschutz und Notfallmanagement Bei Notf\u00e4llen (z.B. Brandalarm oder Bombendrohung), ist eine unverz\u00fcgliche Massenalarmierung erforderlich. Mit MobiCall kann die bestehende Infrastruktur genutzt werden, sodass vorhandene Telefone und Computer f\u00fcr eine akustische und optische Alarmsignalisierung zur Verf\u00fcgung stehen. In Gef\u00e4hrdungssituationen kann mit Hilfe von MobiCall die Absicherung des Personals am Arbeitsplatz erfolgen. Dabei kann auf die integrierten [&hellip;]","og_url":"https:\/\/newvoiceinternational.com\/de\/personenschutz-und-notfallmanagement\/","og_site_name":"NewVoice International","article_modified_time":"2024-03-06T13:32:36+00:00","og_image":[{"url":"http:\/\/newvoicetest.online\/wp-content\/uploads\/2022\/07\/Gesundheit_Fire_and_disaster_alarm.jpg","type":"","width":"","height":""}],"twitter_card":"summary_large_image","twitter_misc":{"Gesch\u00e4tzte Lesezeit":"1\u00a0Minute"},"schema":{"@context":"https:\/\/schema.org","@graph":[{"@type":"WebPage","@id":"https:\/\/newvoiceinternational.com\/de\/personenschutz-und-notfallmanagement\/","url":"https:\/\/newvoiceinternational.com\/de\/personenschutz-und-notfallmanagement\/","name":"Personenschutz und Notfallmanagement - NewVoice International","isPartOf":{"@id":"https:\/\/newvoiceinternational.com\/de\/#website"},"primaryImageOfPage":{"@id":"https:\/\/newvoiceinternational.com\/de\/personenschutz-und-notfallmanagement\/#primaryimage"},"image":{"@id":"https:\/\/newvoiceinternational.com\/de\/personenschutz-und-notfallmanagement\/#primaryimage"},"thumbnailUrl":"http:\/\/newvoicetest.online\/wp-content\/uploads\/2022\/07\/Gesundheit_Fire_and_disaster_alarm.jpg","datePublished":"2024-03-05T16:03:27+00:00","dateModified":"2024-03-06T13:32:36+00:00","breadcrumb":{"@id":"https:\/\/newvoiceinternational.com\/de\/personenschutz-und-notfallmanagement\/#breadcrumb"},"inLanguage":"de","potentialAction":[{"@type":"ReadAction","target":["https:\/\/newvoiceinternational.com\/de\/personenschutz-und-notfallmanagement\/"]}]},{"@type":"ImageObject","inLanguage":"de","@id":"https:\/\/newvoiceinternational.com\/de\/personenschutz-und-notfallmanagement\/#primaryimage","url":"http:\/\/newvoicetest.online\/wp-content\/uploads\/2022\/07\/Gesundheit_Fire_and_disaster_alarm.jpg","contentUrl":"http:\/\/newvoicetest.online\/wp-content\/uploads\/2022\/07\/Gesundheit_Fire_and_disaster_alarm.jpg"},{"@type":"BreadcrumbList","@id":"https:\/\/newvoiceinternational.com\/de\/personenschutz-und-notfallmanagement\/#breadcrumb","itemListElement":[{"@type":"ListItem","position":1,"name":"Home","item":"https:\/\/newvoiceinternational.com\/de\/"},{"@type":"ListItem","position":2,"name":"Personenschutz und Notfallmanagement"}]},{"@type":"WebSite","@id":"https:\/\/newvoiceinternational.com\/de\/#website","url":"https:\/\/newvoiceinternational.com\/de\/","name":"NewVoice International","description":"","publisher":{"@id":"https:\/\/newvoiceinternational.com\/de\/#organization"},"potentialAction":[{"@type":"SearchAction","target":{"@type":"EntryPoint","urlTemplate":"https:\/\/newvoiceinternational.com\/de\/?s={search_term_string}"},"query-input":{"@type":"PropertyValueSpecification","valueRequired":true,"valueName":"search_term_string"}}],"inLanguage":"de"},{"@type":"Organization","@id":"https:\/\/newvoiceinternational.com\/de\/#organization","name":"NewVoice International","url":"https:\/\/newvoiceinternational.com\/de\/","logo":{"@type":"ImageObject","inLanguage":"de","@id":"https:\/\/newvoiceinternational.com\/de\/#\/schema\/logo\/image\/","url":"https:\/\/newvoiceinternational.com\/wp-content\/uploads\/2022\/06\/NV_Logo_RGB.png","contentUrl":"https:\/\/newvoiceinternational.com\/wp-content\/uploads\/2022\/06\/NV_Logo_RGB.png","width":1200,"height":315,"caption":"NewVoice International"},"image":{"@id":"https:\/\/newvoiceinternational.com\/de\/#\/schema\/logo\/image\/"}}]}},"_links":{"self":[{"href":"https:\/\/newvoiceinternational.com\/de\/wp-json\/wp\/v2\/pages\/36109","targetHints":{"allow":["GET"]}}],"collection":[{"href":"https:\/\/newvoiceinternational.com\/de\/wp-json\/wp\/v2\/pages"}],"about":[{"href":"https:\/\/newvoiceinternational.com\/de\/wp-json\/wp\/v2\/types\/page"}],"author":[{"embeddable":true,"href":"https:\/\/newvoiceinternational.com\/de\/wp-json\/wp\/v2\/users\/5"}],"replies":[{"embeddable":true,"href":"https:\/\/newvoiceinternational.com\/de\/wp-json\/wp\/v2\/comments?post=36109"}],"version-history":[{"count":0,"href":"https:\/\/newvoiceinternational.com\/de\/wp-json\/wp\/v2\/pages\/36109\/revisions"}],"wp:attachment":[{"href":"https:\/\/newvoiceinternational.com\/de\/wp-json\/wp\/v2\/media?parent=36109"}],"curies":[{"name":"wp","href":"https:\/\/api.w.org\/{rel}","templated":true}]}}