{"id":36103,"date":"2024-03-05T17:09:48","date_gmt":"2024-03-05T16:09:48","guid":{"rendered":"https:\/\/newvoiceinternational.com\/ueberwachung-technischer-komponenten\/"},"modified":"2024-03-06T14:29:45","modified_gmt":"2024-03-06T13:29:45","slug":"ueberwachung-technischer-komponenten","status":"publish","type":"page","link":"https:\/\/newvoiceinternational.com\/de\/ueberwachung-technischer-komponenten\/","title":{"rendered":"\u00dcberwachung technischer Komponenten"},"content":{"rendered":"\t\t<div data-elementor-type=\"wp-page\" data-elementor-id=\"36103\" class=\"elementor elementor-36103 elementor-36010\" data-elementor-post-type=\"page\">\n\t\t\t\t\t\t<section class=\"elementor-section elementor-top-section elementor-element elementor-element-649899d elementor-section-boxed elementor-section-height-default elementor-section-height-default\" data-id=\"649899d\" data-element_type=\"section\" data-e-type=\"section\">\n\t\t\t\t\t\t<div class=\"elementor-container elementor-column-gap-default\">\n\t\t\t\t\t<div class=\"elementor-column elementor-col-100 elementor-top-column elementor-element elementor-element-77941fb\" data-id=\"77941fb\" data-element_type=\"column\" data-e-type=\"column\">\n\t\t\t<div class=\"elementor-widget-wrap elementor-element-populated\">\n\t\t\t\t\t\t<div class=\"elementor-element elementor-element-d68172a elementor-widget elementor-widget-heading\" data-id=\"d68172a\" data-element_type=\"widget\" data-e-type=\"widget\" data-widget_type=\"heading.default\">\n\t\t\t\t<div class=\"elementor-widget-container\">\n\t\t\t\t\t<h2 class=\"elementor-heading-title elementor-size-default\">\u00dcberwachung technischer Komponenten<\/h2>\t\t\t\t<\/div>\n\t\t\t\t<\/div>\n\t\t\t\t<div class=\"elementor-element elementor-element-f61b985 elementor-widget elementor-widget-text-editor\" data-id=\"f61b985\" data-element_type=\"widget\" data-e-type=\"widget\" data-widget_type=\"text-editor.default\">\n\t\t\t\t<div class=\"elementor-widget-container\">\n\t\t\t\t\t\t\t\t\t<p><a href=\"https:\/\/www.newvoiceinternational.com\/de\/mobicall\/\">MobiCall<\/a> erm\u00f6glicht mit seiner Vielzahl an Schnittstellen, bestehende Subsysteme, wie Prozessleit- und Visualisierungssysteme, Geb\u00e4udeautomation und ITK-Komponenten in Echtzeit zu \u00fcberwachen. Bei St\u00f6rungen oder kritischen Schwellenwerten werden die detaillierten Alarminformationen und Prozessdaten plattform\u00fcbergreifend und vollautomatisch an den definierten Personenkreis \u00fcbermittelt. Ein gro\u00dfer Mehrwert der L\u00f6sung ist das integrierte Task-Management, um eine Klassifizierung und Nachverfolgung aller St\u00f6rungen zu gew\u00e4hrleisten.<\/p><h4>Prozess \u2013 und Geb\u00e4udeautomation<\/h4><ul><li>Standort\u00fcbergreifende Erfassung und \u00dcberwachung von Meldepunkten<\/li><li>IP-Wago Kontaktcontroller zur Erfassung analoger Signale (Temperatur- Mess- und F\u00fcllst\u00e4nden usw.) und digitale Kontaktein- und ausg\u00e4nge.<\/li><li>LPWAN basierende Protokolle zur Anbindung von Niedrigenergieger\u00e4ten, wie batteriebetriebene Sensoren<\/li><li>Serielle Anbindungen \u00fcber ESPA 4.4.4, Generic Printer Protocol<\/li><li>IP Integrationen \u00fcber Modbus, KNX, SCAIP, API BACNet, OPC, XML, E-Mail, ESPA-X, HL7 usw.<\/li><li>Visualisierung von Alarm- und Zustandsmeldungen.<\/li><li>Unterst\u00fctzung von Zeitpl\u00e4nen und Schichtpl\u00e4nen zur gezielten Alarm\u00fcbertragung<\/li><li>M\u00f6glichkeit der positiven und negativen Quittierung<\/li><li>Task-Management zur \u00dcberwachung aller offenen Events<\/li><li>Ansteuerung von Sonderfeatures f\u00fcr Durchsagen und Pop-up Funktionalit\u00e4ten am PC<\/li><li>Integration von ELA Anlagen und IP-Lautsprechern<\/li><\/ul><h4>Sicherheitstechnik<\/h4><ul><li>Plattformunabh\u00e4ngige Integration von Sicherheitstechnik<\/li><li>Permanente \u00dcberwachung von kritischen Komponenten<\/li><li>M\u00f6glichkeit zur Erfassung lokaler Alarme mit Zweitwegalarmierung \u00fcber GSM<\/li><li>\u00dcbertragung von Kamerabildern direkt auf den Smartphone Client<\/li><li>Entwarnungs- und Informationsfunktion<\/li><\/ul><h4 class=\"mk-fancy-title simple-style color-single\">ITK- Monitoring<\/h4><ul><li>Integration von Managementsystemen (z.B. Nagios, HP-OpenView, CastleRock usw.)<\/li><li>Direkte Integration und \u00dcberwachung von ITK- Komponenten \u2013 PBX Infrastrukturen \u2013 Windows Dienste und Prozess \u2013 PING Funktionen \u2013 SNMP Traps V1-V3<\/li><li>Zuordnung von Priorit\u00e4ten und Bereitschaftspl\u00e4nen<\/li><li>Gesicherte \u00dcbertragung auf Smartphone App<\/li><li>Automatische Text-to-Speech Funktion inklusive hinterlegter Bibliothek<\/li><li>Temperatur- und Feuchtigkeits\u00fcberwachung<\/li><li>Zutrittskontrolle Serverraum inklusive Videointegrationkontrolle<\/li><\/ul>\t\t\t\t\t\t\t\t<\/div>\n\t\t\t\t<\/div>\n\t\t\t\t\t<\/div>\n\t\t<\/div>\n\t\t\t\t\t<\/div>\n\t\t<\/section>\n\t\t\t\t<\/div>\n\t\t","protected":false},"excerpt":{"rendered":"<p>\u00dcberwachung technischer Komponenten MobiCall erm\u00f6glicht mit seiner Vielzahl an Schnittstellen, bestehende Subsysteme, wie Prozessleit- und Visualisierungssysteme, Geb\u00e4udeautomation und ITK-Komponenten in Echtzeit zu \u00fcberwachen. Bei St\u00f6rungen oder kritischen Schwellenwerten werden die detaillierten Alarminformationen und Prozessdaten plattform\u00fcbergreifend und vollautomatisch an den definierten Personenkreis \u00fcbermittelt. Ein gro\u00dfer Mehrwert der L\u00f6sung ist das integrierte Task-Management, um eine Klassifizierung und [&hellip;]<\/p>\n","protected":false},"author":5,"featured_media":0,"parent":0,"menu_order":0,"comment_status":"closed","ping_status":"closed","template":"elementor_header_footer","meta":{"_eb_attr":"","inline_featured_image":false,"footnotes":""},"class_list":["post-36103","page","type-page","status-publish","hentry"],"acf":[],"yoast_head":"<!-- This site is optimized with the Yoast SEO plugin v27.4 - https:\/\/yoast.com\/product\/yoast-seo-wordpress\/ -->\n<title>\u00dcberwachung technischer Komponenten - NewVoice International<\/title>\n<meta name=\"robots\" content=\"index, follow, max-snippet:-1, max-image-preview:large, max-video-preview:-1\" \/>\n<link rel=\"canonical\" href=\"https:\/\/newvoiceinternational.com\/de\/ueberwachung-technischer-komponenten\/\" \/>\n<meta property=\"og:locale\" content=\"de_DE\" \/>\n<meta property=\"og:type\" content=\"article\" \/>\n<meta property=\"og:title\" content=\"\u00dcberwachung technischer Komponenten - NewVoice International\" \/>\n<meta property=\"og:description\" content=\"\u00dcberwachung technischer Komponenten MobiCall erm\u00f6glicht mit seiner Vielzahl an Schnittstellen, bestehende Subsysteme, wie Prozessleit- und Visualisierungssysteme, Geb\u00e4udeautomation und ITK-Komponenten in Echtzeit zu \u00fcberwachen. Bei St\u00f6rungen oder kritischen Schwellenwerten werden die detaillierten Alarminformationen und Prozessdaten plattform\u00fcbergreifend und vollautomatisch an den definierten Personenkreis \u00fcbermittelt. Ein gro\u00dfer Mehrwert der L\u00f6sung ist das integrierte Task-Management, um eine Klassifizierung und [&hellip;]\" \/>\n<meta property=\"og:url\" content=\"https:\/\/newvoiceinternational.com\/de\/ueberwachung-technischer-komponenten\/\" \/>\n<meta property=\"og:site_name\" content=\"NewVoice International\" \/>\n<meta property=\"article:modified_time\" content=\"2024-03-06T13:29:45+00:00\" \/>\n<meta name=\"twitter:card\" content=\"summary_large_image\" \/>\n<meta name=\"twitter:label1\" content=\"Gesch\u00e4tzte Lesezeit\" \/>\n\t<meta name=\"twitter:data1\" content=\"2\u00a0Minuten\" \/>\n<script type=\"application\/ld+json\" class=\"yoast-schema-graph\">{\"@context\":\"https:\\\/\\\/schema.org\",\"@graph\":[{\"@type\":\"WebPage\",\"@id\":\"https:\\\/\\\/newvoiceinternational.com\\\/de\\\/ueberwachung-technischer-komponenten\\\/\",\"url\":\"https:\\\/\\\/newvoiceinternational.com\\\/de\\\/ueberwachung-technischer-komponenten\\\/\",\"name\":\"\u00dcberwachung technischer Komponenten - NewVoice International\",\"isPartOf\":{\"@id\":\"https:\\\/\\\/newvoiceinternational.com\\\/de\\\/#website\"},\"datePublished\":\"2024-03-05T16:09:48+00:00\",\"dateModified\":\"2024-03-06T13:29:45+00:00\",\"breadcrumb\":{\"@id\":\"https:\\\/\\\/newvoiceinternational.com\\\/de\\\/ueberwachung-technischer-komponenten\\\/#breadcrumb\"},\"inLanguage\":\"de\",\"potentialAction\":[{\"@type\":\"ReadAction\",\"target\":[\"https:\\\/\\\/newvoiceinternational.com\\\/de\\\/ueberwachung-technischer-komponenten\\\/\"]}]},{\"@type\":\"BreadcrumbList\",\"@id\":\"https:\\\/\\\/newvoiceinternational.com\\\/de\\\/ueberwachung-technischer-komponenten\\\/#breadcrumb\",\"itemListElement\":[{\"@type\":\"ListItem\",\"position\":1,\"name\":\"Home\",\"item\":\"https:\\\/\\\/newvoiceinternational.com\\\/de\\\/\"},{\"@type\":\"ListItem\",\"position\":2,\"name\":\"\u00dcberwachung technischer Komponenten\"}]},{\"@type\":\"WebSite\",\"@id\":\"https:\\\/\\\/newvoiceinternational.com\\\/de\\\/#website\",\"url\":\"https:\\\/\\\/newvoiceinternational.com\\\/de\\\/\",\"name\":\"NewVoice International\",\"description\":\"\",\"publisher\":{\"@id\":\"https:\\\/\\\/newvoiceinternational.com\\\/de\\\/#organization\"},\"potentialAction\":[{\"@type\":\"SearchAction\",\"target\":{\"@type\":\"EntryPoint\",\"urlTemplate\":\"https:\\\/\\\/newvoiceinternational.com\\\/de\\\/?s={search_term_string}\"},\"query-input\":{\"@type\":\"PropertyValueSpecification\",\"valueRequired\":true,\"valueName\":\"search_term_string\"}}],\"inLanguage\":\"de\"},{\"@type\":\"Organization\",\"@id\":\"https:\\\/\\\/newvoiceinternational.com\\\/de\\\/#organization\",\"name\":\"NewVoice International\",\"url\":\"https:\\\/\\\/newvoiceinternational.com\\\/de\\\/\",\"logo\":{\"@type\":\"ImageObject\",\"inLanguage\":\"de\",\"@id\":\"https:\\\/\\\/newvoiceinternational.com\\\/de\\\/#\\\/schema\\\/logo\\\/image\\\/\",\"url\":\"https:\\\/\\\/newvoiceinternational.com\\\/wp-content\\\/uploads\\\/2022\\\/06\\\/NV_Logo_RGB.png\",\"contentUrl\":\"https:\\\/\\\/newvoiceinternational.com\\\/wp-content\\\/uploads\\\/2022\\\/06\\\/NV_Logo_RGB.png\",\"width\":1200,\"height\":315,\"caption\":\"NewVoice International\"},\"image\":{\"@id\":\"https:\\\/\\\/newvoiceinternational.com\\\/de\\\/#\\\/schema\\\/logo\\\/image\\\/\"}}]}<\/script>\n<!-- \/ Yoast SEO plugin. -->","yoast_head_json":{"title":"\u00dcberwachung technischer Komponenten - NewVoice International","robots":{"index":"index","follow":"follow","max-snippet":"max-snippet:-1","max-image-preview":"max-image-preview:large","max-video-preview":"max-video-preview:-1"},"canonical":"https:\/\/newvoiceinternational.com\/de\/ueberwachung-technischer-komponenten\/","og_locale":"de_DE","og_type":"article","og_title":"\u00dcberwachung technischer Komponenten - NewVoice International","og_description":"\u00dcberwachung technischer Komponenten MobiCall erm\u00f6glicht mit seiner Vielzahl an Schnittstellen, bestehende Subsysteme, wie Prozessleit- und Visualisierungssysteme, Geb\u00e4udeautomation und ITK-Komponenten in Echtzeit zu \u00fcberwachen. Bei St\u00f6rungen oder kritischen Schwellenwerten werden die detaillierten Alarminformationen und Prozessdaten plattform\u00fcbergreifend und vollautomatisch an den definierten Personenkreis \u00fcbermittelt. Ein gro\u00dfer Mehrwert der L\u00f6sung ist das integrierte Task-Management, um eine Klassifizierung und [&hellip;]","og_url":"https:\/\/newvoiceinternational.com\/de\/ueberwachung-technischer-komponenten\/","og_site_name":"NewVoice International","article_modified_time":"2024-03-06T13:29:45+00:00","twitter_card":"summary_large_image","twitter_misc":{"Gesch\u00e4tzte Lesezeit":"2\u00a0Minuten"},"schema":{"@context":"https:\/\/schema.org","@graph":[{"@type":"WebPage","@id":"https:\/\/newvoiceinternational.com\/de\/ueberwachung-technischer-komponenten\/","url":"https:\/\/newvoiceinternational.com\/de\/ueberwachung-technischer-komponenten\/","name":"\u00dcberwachung technischer Komponenten - NewVoice International","isPartOf":{"@id":"https:\/\/newvoiceinternational.com\/de\/#website"},"datePublished":"2024-03-05T16:09:48+00:00","dateModified":"2024-03-06T13:29:45+00:00","breadcrumb":{"@id":"https:\/\/newvoiceinternational.com\/de\/ueberwachung-technischer-komponenten\/#breadcrumb"},"inLanguage":"de","potentialAction":[{"@type":"ReadAction","target":["https:\/\/newvoiceinternational.com\/de\/ueberwachung-technischer-komponenten\/"]}]},{"@type":"BreadcrumbList","@id":"https:\/\/newvoiceinternational.com\/de\/ueberwachung-technischer-komponenten\/#breadcrumb","itemListElement":[{"@type":"ListItem","position":1,"name":"Home","item":"https:\/\/newvoiceinternational.com\/de\/"},{"@type":"ListItem","position":2,"name":"\u00dcberwachung technischer Komponenten"}]},{"@type":"WebSite","@id":"https:\/\/newvoiceinternational.com\/de\/#website","url":"https:\/\/newvoiceinternational.com\/de\/","name":"NewVoice International","description":"","publisher":{"@id":"https:\/\/newvoiceinternational.com\/de\/#organization"},"potentialAction":[{"@type":"SearchAction","target":{"@type":"EntryPoint","urlTemplate":"https:\/\/newvoiceinternational.com\/de\/?s={search_term_string}"},"query-input":{"@type":"PropertyValueSpecification","valueRequired":true,"valueName":"search_term_string"}}],"inLanguage":"de"},{"@type":"Organization","@id":"https:\/\/newvoiceinternational.com\/de\/#organization","name":"NewVoice International","url":"https:\/\/newvoiceinternational.com\/de\/","logo":{"@type":"ImageObject","inLanguage":"de","@id":"https:\/\/newvoiceinternational.com\/de\/#\/schema\/logo\/image\/","url":"https:\/\/newvoiceinternational.com\/wp-content\/uploads\/2022\/06\/NV_Logo_RGB.png","contentUrl":"https:\/\/newvoiceinternational.com\/wp-content\/uploads\/2022\/06\/NV_Logo_RGB.png","width":1200,"height":315,"caption":"NewVoice International"},"image":{"@id":"https:\/\/newvoiceinternational.com\/de\/#\/schema\/logo\/image\/"}}]}},"_links":{"self":[{"href":"https:\/\/newvoiceinternational.com\/de\/wp-json\/wp\/v2\/pages\/36103","targetHints":{"allow":["GET"]}}],"collection":[{"href":"https:\/\/newvoiceinternational.com\/de\/wp-json\/wp\/v2\/pages"}],"about":[{"href":"https:\/\/newvoiceinternational.com\/de\/wp-json\/wp\/v2\/types\/page"}],"author":[{"embeddable":true,"href":"https:\/\/newvoiceinternational.com\/de\/wp-json\/wp\/v2\/users\/5"}],"replies":[{"embeddable":true,"href":"https:\/\/newvoiceinternational.com\/de\/wp-json\/wp\/v2\/comments?post=36103"}],"version-history":[{"count":0,"href":"https:\/\/newvoiceinternational.com\/de\/wp-json\/wp\/v2\/pages\/36103\/revisions"}],"wp:attachment":[{"href":"https:\/\/newvoiceinternational.com\/de\/wp-json\/wp\/v2\/media?parent=36103"}],"curies":[{"name":"wp","href":"https:\/\/api.w.org\/{rel}","templated":true}]}}