{"id":35950,"date":"2024-03-05T09:37:02","date_gmt":"2024-03-05T08:37:02","guid":{"rendered":"https:\/\/newvoiceinternational.com\/ntb\/"},"modified":"2024-03-05T09:38:56","modified_gmt":"2024-03-05T08:38:56","slug":"ntb","status":"publish","type":"page","link":"https:\/\/newvoiceinternational.com\/de\/ntb\/","title":{"rendered":"NTB"},"content":{"rendered":"\t\t<div data-elementor-type=\"wp-page\" data-elementor-id=\"35950\" class=\"elementor elementor-35950 elementor-35932\" data-elementor-post-type=\"page\">\n\t\t\t\t\t\t<section class=\"elementor-section elementor-top-section elementor-element elementor-element-a76c4e5 elementor-section-boxed elementor-section-height-default elementor-section-height-default\" data-id=\"a76c4e5\" data-element_type=\"section\" data-e-type=\"section\">\n\t\t\t\t\t\t<div class=\"elementor-container elementor-column-gap-default\">\n\t\t\t\t\t<div class=\"elementor-column elementor-col-100 elementor-top-column elementor-element elementor-element-e848691\" data-id=\"e848691\" data-element_type=\"column\" data-e-type=\"column\">\n\t\t\t<div class=\"elementor-widget-wrap elementor-element-populated\">\n\t\t\t\t\t\t<div class=\"elementor-element elementor-element-55e54ec elementor-widget elementor-widget-image\" data-id=\"55e54ec\" data-element_type=\"widget\" data-e-type=\"widget\" data-widget_type=\"image.default\">\n\t\t\t\t<div class=\"elementor-widget-container\">\n\t\t\t\t\t\t\t\t\t\t\t\t\t\t\t<img fetchpriority=\"high\" decoding=\"async\" width=\"580\" height=\"371\" src=\"https:\/\/newvoiceinternational.com\/wp-content\/uploads\/2024\/03\/logo_ntb-768x491.png\" class=\"attachment-medium_large size-medium_large wp-image-35931\" alt=\"\" srcset=\"https:\/\/newvoiceinternational.com\/wp-content\/uploads\/2024\/03\/logo_ntb-768x491.png 768w, https:\/\/newvoiceinternational.com\/wp-content\/uploads\/2024\/03\/logo_ntb-300x192.png 300w, https:\/\/newvoiceinternational.com\/wp-content\/uploads\/2024\/03\/logo_ntb-1024x655.png 1024w, https:\/\/newvoiceinternational.com\/wp-content\/uploads\/2024\/03\/logo_ntb-1200x768.png 1200w, https:\/\/newvoiceinternational.com\/wp-content\/uploads\/2024\/03\/logo_ntb.png 1372w\" sizes=\"(max-width: 580px) 100vw, 580px\" \/>\t\t\t\t\t\t\t\t\t\t\t\t\t\t\t<\/div>\n\t\t\t\t<\/div>\n\t\t\t\t\t<\/div>\n\t\t<\/div>\n\t\t\t\t\t<\/div>\n\t\t<\/section>\n\t\t\t\t<section class=\"elementor-section elementor-top-section elementor-element elementor-element-cfbe20a elementor-section-boxed elementor-section-height-default elementor-section-height-default\" data-id=\"cfbe20a\" data-element_type=\"section\" data-e-type=\"section\">\n\t\t\t\t\t\t<div class=\"elementor-container elementor-column-gap-default\">\n\t\t\t\t\t<div class=\"elementor-column elementor-col-100 elementor-top-column elementor-element elementor-element-d05304c\" data-id=\"d05304c\" data-element_type=\"column\" data-e-type=\"column\">\n\t\t\t<div class=\"elementor-widget-wrap elementor-element-populated\">\n\t\t\t\t\t\t<div class=\"elementor-element elementor-element-1edd953 elementor-widget elementor-widget-text-editor\" data-id=\"1edd953\" data-element_type=\"widget\" data-e-type=\"widget\" data-widget_type=\"text-editor.default\">\n\t\t\t\t<div class=\"elementor-widget-container\">\n\t\t\t\t\t\t\t\t\t<p>Die Nachrichtentechnik Bielefeld GmbH (NTB) ist heute bekannt als hoch-innovatives ITK-Unternehmen aus dem Herzen Ostwestfalens und als ein zuverl\u00e4ssiger Partner f\u00fcr anspruchsvolle Kunden. Diese kommen aus den verschiedensten Branchen, nicht nur aus der heimischen Region, sondern auch von weit dar\u00fcber hinaus. Vom regionalen Kleinunternehmen und Kommunalverwaltungen bis hin zum \u201eGlobal Player\u201c profitieren Anwender von unserer au\u00dfergew\u00f6hnlichen Leistungsbandbreite und Flexibilit\u00e4t.<\/p>\n<p>Betreut werden unsere Kunden von einem Team aus fast 50 kompetenten und motivierten Mitarbeitern. Deren Fachwissen, Engagement und Spa\u00df an der Arbeit bilden die Basis f\u00fcr den Erfolg unseres Unternehmens.<\/p>\n<p>Vor mehr als 30 Jahren als ITK-Systemhaus gegr\u00fcndet, hat NTB die eigenen Kernkompetenzen in den Bereichen Telekommunikation, IT-Infrastruktur, Datennetztechnik, Security und Pr\u00e4sentationstechnik kontinuierlich weiterentwickelt. Dazu geh\u00f6ren selbstverst\u00e4ndlich Services von der Beschaffung, Installation und Wartung bis hin zu Cloud-Diensten aus den Bereichen Kommunikation und Netzwerk. Solch ein breites Know-How- und Leistungsspektrum erm\u00f6glicht es uns, die jeweils optimale L\u00f6sung f\u00fcr verschiedenste Aufgabenstellungen aus IT- und Telekommunikationstechnik anzubieten.<\/p>\n<p>Technische Trends und Marktentwicklungen erkennen und so stets einen Schritt weiter sein \u2014 dieses Credo wird bei NTB gelebt, und unsere Kunden profitieren davon. Denn im Mittelpunkt steht bei NTB immer Ihr Interesse:<\/p>\n<p>\u201cIT- und Kommunikationsmittel sollen im Kerngesch\u00e4ft unterst\u00fctzen und dabei helfen, Arbeitsaufwand zu sparen.\u201d<br \/>\nEin hohes Ma\u00df an Kundenzufriedenheit wird uns immer wieder best\u00e4tigt, nicht zuletzt durch belegbare Marktforschung unserer Kunden.<\/p>\n<p>der Link von unserer Seite \u00fcber Alarmierungsserver:<br \/>\nhttps:\/\/www.ntb.de\/loesungen\/it-security\/new-voice-alarmserver\/<\/p>\n\t\t\t\t\t\t\t\t<\/div>\n\t\t\t\t<\/div>\n\t\t\t\t\t<\/div>\n\t\t<\/div>\n\t\t\t\t\t<\/div>\n\t\t<\/section>\n\t\t\t\t<\/div>\n\t\t","protected":false},"excerpt":{"rendered":"<p>Die Nachrichtentechnik Bielefeld GmbH (NTB) ist heute bekannt als hoch-innovatives ITK-Unternehmen aus dem Herzen Ostwestfalens und als ein zuverl\u00e4ssiger Partner f\u00fcr anspruchsvolle Kunden. Diese kommen aus den verschiedensten Branchen, nicht nur aus der heimischen Region, sondern auch von weit dar\u00fcber hinaus. Vom regionalen Kleinunternehmen und Kommunalverwaltungen bis hin zum \u201eGlobal Player\u201c profitieren Anwender von unserer [&hellip;]<\/p>\n","protected":false},"author":5,"featured_media":0,"parent":0,"menu_order":0,"comment_status":"closed","ping_status":"closed","template":"elementor_header_footer","meta":{"_eb_attr":"","inline_featured_image":false,"footnotes":""},"class_list":["post-35950","page","type-page","status-publish","hentry"],"acf":[],"yoast_head":"<!-- This site is optimized with the Yoast SEO plugin v27.4 - https:\/\/yoast.com\/product\/yoast-seo-wordpress\/ -->\n<title>NTB - NewVoice International<\/title>\n<meta name=\"robots\" content=\"index, follow, max-snippet:-1, max-image-preview:large, max-video-preview:-1\" \/>\n<link rel=\"canonical\" href=\"https:\/\/newvoiceinternational.com\/de\/ntb\/\" \/>\n<meta property=\"og:locale\" content=\"de_DE\" \/>\n<meta property=\"og:type\" content=\"article\" \/>\n<meta property=\"og:title\" content=\"NTB - NewVoice International\" \/>\n<meta property=\"og:description\" content=\"Die Nachrichtentechnik Bielefeld GmbH (NTB) ist heute bekannt als hoch-innovatives ITK-Unternehmen aus dem Herzen Ostwestfalens und als ein zuverl\u00e4ssiger Partner f\u00fcr anspruchsvolle Kunden. Diese kommen aus den verschiedensten Branchen, nicht nur aus der heimischen Region, sondern auch von weit dar\u00fcber hinaus. Vom regionalen Kleinunternehmen und Kommunalverwaltungen bis hin zum \u201eGlobal Player\u201c profitieren Anwender von unserer [&hellip;]\" \/>\n<meta property=\"og:url\" content=\"https:\/\/newvoiceinternational.com\/de\/ntb\/\" \/>\n<meta property=\"og:site_name\" content=\"NewVoice International\" \/>\n<meta property=\"article:modified_time\" content=\"2024-03-05T08:38:56+00:00\" \/>\n<meta property=\"og:image\" content=\"https:\/\/newvoiceinternational.com\/wp-content\/uploads\/2024\/03\/logo_ntb-768x491.png\" \/>\n<meta name=\"twitter:card\" content=\"summary_large_image\" \/>\n<meta name=\"twitter:label1\" content=\"Gesch\u00e4tzte Lesezeit\" \/>\n\t<meta name=\"twitter:data1\" content=\"1\u00a0Minute\" \/>\n<script type=\"application\/ld+json\" class=\"yoast-schema-graph\">{\"@context\":\"https:\\\/\\\/schema.org\",\"@graph\":[{\"@type\":\"WebPage\",\"@id\":\"https:\\\/\\\/newvoiceinternational.com\\\/de\\\/ntb\\\/\",\"url\":\"https:\\\/\\\/newvoiceinternational.com\\\/de\\\/ntb\\\/\",\"name\":\"NTB - NewVoice International\",\"isPartOf\":{\"@id\":\"https:\\\/\\\/newvoiceinternational.com\\\/de\\\/#website\"},\"primaryImageOfPage\":{\"@id\":\"https:\\\/\\\/newvoiceinternational.com\\\/de\\\/ntb\\\/#primaryimage\"},\"image\":{\"@id\":\"https:\\\/\\\/newvoiceinternational.com\\\/de\\\/ntb\\\/#primaryimage\"},\"thumbnailUrl\":\"https:\\\/\\\/newvoiceinternational.com\\\/wp-content\\\/uploads\\\/2024\\\/03\\\/logo_ntb-768x491.png\",\"datePublished\":\"2024-03-05T08:37:02+00:00\",\"dateModified\":\"2024-03-05T08:38:56+00:00\",\"breadcrumb\":{\"@id\":\"https:\\\/\\\/newvoiceinternational.com\\\/de\\\/ntb\\\/#breadcrumb\"},\"inLanguage\":\"de\",\"potentialAction\":[{\"@type\":\"ReadAction\",\"target\":[\"https:\\\/\\\/newvoiceinternational.com\\\/de\\\/ntb\\\/\"]}]},{\"@type\":\"ImageObject\",\"inLanguage\":\"de\",\"@id\":\"https:\\\/\\\/newvoiceinternational.com\\\/de\\\/ntb\\\/#primaryimage\",\"url\":\"https:\\\/\\\/newvoiceinternational.com\\\/wp-content\\\/uploads\\\/2024\\\/03\\\/logo_ntb-768x491.png\",\"contentUrl\":\"https:\\\/\\\/newvoiceinternational.com\\\/wp-content\\\/uploads\\\/2024\\\/03\\\/logo_ntb-768x491.png\"},{\"@type\":\"BreadcrumbList\",\"@id\":\"https:\\\/\\\/newvoiceinternational.com\\\/de\\\/ntb\\\/#breadcrumb\",\"itemListElement\":[{\"@type\":\"ListItem\",\"position\":1,\"name\":\"Home\",\"item\":\"https:\\\/\\\/newvoiceinternational.com\\\/de\\\/\"},{\"@type\":\"ListItem\",\"position\":2,\"name\":\"NTB\"}]},{\"@type\":\"WebSite\",\"@id\":\"https:\\\/\\\/newvoiceinternational.com\\\/de\\\/#website\",\"url\":\"https:\\\/\\\/newvoiceinternational.com\\\/de\\\/\",\"name\":\"NewVoice International\",\"description\":\"\",\"publisher\":{\"@id\":\"https:\\\/\\\/newvoiceinternational.com\\\/de\\\/#organization\"},\"potentialAction\":[{\"@type\":\"SearchAction\",\"target\":{\"@type\":\"EntryPoint\",\"urlTemplate\":\"https:\\\/\\\/newvoiceinternational.com\\\/de\\\/?s={search_term_string}\"},\"query-input\":{\"@type\":\"PropertyValueSpecification\",\"valueRequired\":true,\"valueName\":\"search_term_string\"}}],\"inLanguage\":\"de\"},{\"@type\":\"Organization\",\"@id\":\"https:\\\/\\\/newvoiceinternational.com\\\/de\\\/#organization\",\"name\":\"NewVoice International\",\"url\":\"https:\\\/\\\/newvoiceinternational.com\\\/de\\\/\",\"logo\":{\"@type\":\"ImageObject\",\"inLanguage\":\"de\",\"@id\":\"https:\\\/\\\/newvoiceinternational.com\\\/de\\\/#\\\/schema\\\/logo\\\/image\\\/\",\"url\":\"https:\\\/\\\/newvoiceinternational.com\\\/wp-content\\\/uploads\\\/2022\\\/06\\\/NV_Logo_RGB.png\",\"contentUrl\":\"https:\\\/\\\/newvoiceinternational.com\\\/wp-content\\\/uploads\\\/2022\\\/06\\\/NV_Logo_RGB.png\",\"width\":1200,\"height\":315,\"caption\":\"NewVoice International\"},\"image\":{\"@id\":\"https:\\\/\\\/newvoiceinternational.com\\\/de\\\/#\\\/schema\\\/logo\\\/image\\\/\"}}]}<\/script>\n<!-- \/ Yoast SEO plugin. -->","yoast_head_json":{"title":"NTB - NewVoice International","robots":{"index":"index","follow":"follow","max-snippet":"max-snippet:-1","max-image-preview":"max-image-preview:large","max-video-preview":"max-video-preview:-1"},"canonical":"https:\/\/newvoiceinternational.com\/de\/ntb\/","og_locale":"de_DE","og_type":"article","og_title":"NTB - NewVoice International","og_description":"Die Nachrichtentechnik Bielefeld GmbH (NTB) ist heute bekannt als hoch-innovatives ITK-Unternehmen aus dem Herzen Ostwestfalens und als ein zuverl\u00e4ssiger Partner f\u00fcr anspruchsvolle Kunden. Diese kommen aus den verschiedensten Branchen, nicht nur aus der heimischen Region, sondern auch von weit dar\u00fcber hinaus. Vom regionalen Kleinunternehmen und Kommunalverwaltungen bis hin zum \u201eGlobal Player\u201c profitieren Anwender von unserer [&hellip;]","og_url":"https:\/\/newvoiceinternational.com\/de\/ntb\/","og_site_name":"NewVoice International","article_modified_time":"2024-03-05T08:38:56+00:00","og_image":[{"url":"https:\/\/newvoiceinternational.com\/wp-content\/uploads\/2024\/03\/logo_ntb-768x491.png","type":"","width":"","height":""}],"twitter_card":"summary_large_image","twitter_misc":{"Gesch\u00e4tzte Lesezeit":"1\u00a0Minute"},"schema":{"@context":"https:\/\/schema.org","@graph":[{"@type":"WebPage","@id":"https:\/\/newvoiceinternational.com\/de\/ntb\/","url":"https:\/\/newvoiceinternational.com\/de\/ntb\/","name":"NTB - NewVoice International","isPartOf":{"@id":"https:\/\/newvoiceinternational.com\/de\/#website"},"primaryImageOfPage":{"@id":"https:\/\/newvoiceinternational.com\/de\/ntb\/#primaryimage"},"image":{"@id":"https:\/\/newvoiceinternational.com\/de\/ntb\/#primaryimage"},"thumbnailUrl":"https:\/\/newvoiceinternational.com\/wp-content\/uploads\/2024\/03\/logo_ntb-768x491.png","datePublished":"2024-03-05T08:37:02+00:00","dateModified":"2024-03-05T08:38:56+00:00","breadcrumb":{"@id":"https:\/\/newvoiceinternational.com\/de\/ntb\/#breadcrumb"},"inLanguage":"de","potentialAction":[{"@type":"ReadAction","target":["https:\/\/newvoiceinternational.com\/de\/ntb\/"]}]},{"@type":"ImageObject","inLanguage":"de","@id":"https:\/\/newvoiceinternational.com\/de\/ntb\/#primaryimage","url":"https:\/\/newvoiceinternational.com\/wp-content\/uploads\/2024\/03\/logo_ntb-768x491.png","contentUrl":"https:\/\/newvoiceinternational.com\/wp-content\/uploads\/2024\/03\/logo_ntb-768x491.png"},{"@type":"BreadcrumbList","@id":"https:\/\/newvoiceinternational.com\/de\/ntb\/#breadcrumb","itemListElement":[{"@type":"ListItem","position":1,"name":"Home","item":"https:\/\/newvoiceinternational.com\/de\/"},{"@type":"ListItem","position":2,"name":"NTB"}]},{"@type":"WebSite","@id":"https:\/\/newvoiceinternational.com\/de\/#website","url":"https:\/\/newvoiceinternational.com\/de\/","name":"NewVoice International","description":"","publisher":{"@id":"https:\/\/newvoiceinternational.com\/de\/#organization"},"potentialAction":[{"@type":"SearchAction","target":{"@type":"EntryPoint","urlTemplate":"https:\/\/newvoiceinternational.com\/de\/?s={search_term_string}"},"query-input":{"@type":"PropertyValueSpecification","valueRequired":true,"valueName":"search_term_string"}}],"inLanguage":"de"},{"@type":"Organization","@id":"https:\/\/newvoiceinternational.com\/de\/#organization","name":"NewVoice International","url":"https:\/\/newvoiceinternational.com\/de\/","logo":{"@type":"ImageObject","inLanguage":"de","@id":"https:\/\/newvoiceinternational.com\/de\/#\/schema\/logo\/image\/","url":"https:\/\/newvoiceinternational.com\/wp-content\/uploads\/2022\/06\/NV_Logo_RGB.png","contentUrl":"https:\/\/newvoiceinternational.com\/wp-content\/uploads\/2022\/06\/NV_Logo_RGB.png","width":1200,"height":315,"caption":"NewVoice International"},"image":{"@id":"https:\/\/newvoiceinternational.com\/de\/#\/schema\/logo\/image\/"}}]}},"_links":{"self":[{"href":"https:\/\/newvoiceinternational.com\/de\/wp-json\/wp\/v2\/pages\/35950","targetHints":{"allow":["GET"]}}],"collection":[{"href":"https:\/\/newvoiceinternational.com\/de\/wp-json\/wp\/v2\/pages"}],"about":[{"href":"https:\/\/newvoiceinternational.com\/de\/wp-json\/wp\/v2\/types\/page"}],"author":[{"embeddable":true,"href":"https:\/\/newvoiceinternational.com\/de\/wp-json\/wp\/v2\/users\/5"}],"replies":[{"embeddable":true,"href":"https:\/\/newvoiceinternational.com\/de\/wp-json\/wp\/v2\/comments?post=35950"}],"version-history":[{"count":0,"href":"https:\/\/newvoiceinternational.com\/de\/wp-json\/wp\/v2\/pages\/35950\/revisions"}],"wp:attachment":[{"href":"https:\/\/newvoiceinternational.com\/de\/wp-json\/wp\/v2\/media?parent=35950"}],"curies":[{"name":"wp","href":"https:\/\/api.w.org\/{rel}","templated":true}]}}