{"id":31050,"date":"2023-10-30T14:32:27","date_gmt":"2023-10-30T13:32:27","guid":{"rendered":"https:\/\/newvoiceinternational.com\/gft-herbsttagung-after-event\/"},"modified":"2023-10-30T14:34:27","modified_gmt":"2023-10-30T13:34:27","slug":"gft-herbsttagung-after-event","status":"publish","type":"page","link":"https:\/\/newvoiceinternational.com\/de\/gft-herbsttagung-after-event\/","title":{"rendered":"GFT Herbsttagung After Event"},"content":{"rendered":"\t\t<div data-elementor-type=\"wp-page\" data-elementor-id=\"31050\" class=\"elementor elementor-31050 elementor-31044\" data-elementor-post-type=\"page\">\n\t\t\t\t\t\t<section class=\"elementor-section elementor-top-section elementor-element elementor-element-5372aa4 elementor-section-boxed elementor-section-height-default elementor-section-height-default\" data-id=\"5372aa4\" data-element_type=\"section\" data-e-type=\"section\">\n\t\t\t\t\t\t<div class=\"elementor-container elementor-column-gap-default\">\n\t\t\t\t\t<div class=\"elementor-column elementor-col-50 elementor-top-column elementor-element elementor-element-f195cf9\" data-id=\"f195cf9\" data-element_type=\"column\" data-e-type=\"column\">\n\t\t\t<div class=\"elementor-widget-wrap elementor-element-populated\">\n\t\t\t\t\t\t<div class=\"elementor-element elementor-element-a2eba36 elementor-widget elementor-widget-image\" data-id=\"a2eba36\" data-element_type=\"widget\" data-e-type=\"widget\" data-widget_type=\"image.default\">\n\t\t\t\t<div class=\"elementor-widget-container\">\n\t\t\t\t\t\t\t\t\t\t\t\t\t\t\t<img fetchpriority=\"high\" decoding=\"async\" width=\"580\" height=\"580\" src=\"https:\/\/newvoiceinternational.com\/wp-content\/uploads\/2023\/10\/jelena-andre-1024x1024.jpg\" class=\"attachment-large size-large wp-image-31043\" alt=\"\" srcset=\"https:\/\/newvoiceinternational.com\/wp-content\/uploads\/2023\/10\/jelena-andre-1024x1024.jpg 1024w, https:\/\/newvoiceinternational.com\/wp-content\/uploads\/2023\/10\/jelena-andre-300x300.jpg 300w, https:\/\/newvoiceinternational.com\/wp-content\/uploads\/2023\/10\/jelena-andre-150x150.jpg 150w, https:\/\/newvoiceinternational.com\/wp-content\/uploads\/2023\/10\/jelena-andre-768x768.jpg 768w, https:\/\/newvoiceinternational.com\/wp-content\/uploads\/2023\/10\/jelena-andre.jpg 1080w\" sizes=\"(max-width: 580px) 100vw, 580px\" \/>\t\t\t\t\t\t\t\t\t\t\t\t\t\t\t<\/div>\n\t\t\t\t<\/div>\n\t\t\t\t\t<\/div>\n\t\t<\/div>\n\t\t\t\t<div class=\"elementor-column elementor-col-50 elementor-top-column elementor-element elementor-element-03566c6\" data-id=\"03566c6\" data-element_type=\"column\" data-e-type=\"column\">\n\t\t\t<div class=\"elementor-widget-wrap elementor-element-populated\">\n\t\t\t\t\t\t<div class=\"elementor-element elementor-element-8b2e77b elementor-widget elementor-widget-text-editor\" data-id=\"8b2e77b\" data-element_type=\"widget\" data-e-type=\"widget\" data-widget_type=\"text-editor.default\">\n\t\t\t\t<div class=\"elementor-widget-container\">\n\t\t\t\t\t\t\t\t\t<p class=\"x_MsoNormal\">Hallo K\u00f6lle!\u00a0\ud83c\udf89<br aria-hidden=\"true\" \/>Andre Schmitz und Jelena Raic waren vor Ort in K\u00f6ln bei der diesj\u00e4hirgen GFT Veranstaltung!\ud83d\udc4b\ud83c\udffb<br aria-hidden=\"true\" \/>\u00abWir haben uns sehr gefreut, sowohl bekannte als auch neue Gesichter begr\u00fc\u00dfen zu d\u00fcrfen!\u00bb Schw\u00e4rmten Sie nach Ihrer R\u00fcckkehr.<\/p>\n\t\t\t\t\t\t\t\t<\/div>\n\t\t\t\t<\/div>\n\t\t\t\t\t<\/div>\n\t\t<\/div>\n\t\t\t\t\t<\/div>\n\t\t<\/section>\n\t\t\t\t<\/div>\n\t\t","protected":false},"excerpt":{"rendered":"<p>Hallo K\u00f6lle!\u00a0\ud83c\udf89Andre Schmitz und Jelena Raic waren vor Ort in K\u00f6ln bei der diesj\u00e4hirgen GFT Veranstaltung!\ud83d\udc4b\ud83c\udffb\u00abWir haben uns sehr gefreut, sowohl bekannte als auch neue Gesichter begr\u00fc\u00dfen zu d\u00fcrfen!\u00bb Schw\u00e4rmten Sie nach Ihrer R\u00fcckkehr.<\/p>\n","protected":false},"author":5,"featured_media":0,"parent":0,"menu_order":0,"comment_status":"closed","ping_status":"closed","template":"elementor_header_footer","meta":{"_eb_attr":"","inline_featured_image":false,"footnotes":""},"class_list":["post-31050","page","type-page","status-publish","hentry"],"acf":[],"yoast_head":"<!-- This site is optimized with the Yoast SEO plugin v27.3 - https:\/\/yoast.com\/product\/yoast-seo-wordpress\/ -->\n<title>GFT Herbsttagung After Event - NewVoice International<\/title>\n<meta name=\"robots\" content=\"index, follow, max-snippet:-1, max-image-preview:large, max-video-preview:-1\" \/>\n<link rel=\"canonical\" href=\"https:\/\/newvoiceinternational.com\/de\/gft-herbsttagung-after-event\/\" \/>\n<meta property=\"og:locale\" content=\"de_DE\" \/>\n<meta property=\"og:type\" content=\"article\" \/>\n<meta property=\"og:title\" content=\"GFT Herbsttagung After Event - NewVoice International\" \/>\n<meta property=\"og:description\" content=\"Hallo K\u00f6lle!\u00a0\ud83c\udf89Andre Schmitz und Jelena Raic waren vor Ort in K\u00f6ln bei der diesj\u00e4hirgen GFT Veranstaltung!\ud83d\udc4b\ud83c\udffb\u00abWir haben uns sehr gefreut, sowohl bekannte als auch neue Gesichter begr\u00fc\u00dfen zu d\u00fcrfen!\u00bb Schw\u00e4rmten Sie nach Ihrer R\u00fcckkehr.\" \/>\n<meta property=\"og:url\" content=\"https:\/\/newvoiceinternational.com\/de\/gft-herbsttagung-after-event\/\" \/>\n<meta property=\"og:site_name\" content=\"NewVoice International\" \/>\n<meta property=\"article:modified_time\" content=\"2023-10-30T13:34:27+00:00\" \/>\n<meta property=\"og:image\" content=\"https:\/\/newvoiceinternational.com\/wp-content\/uploads\/2023\/10\/jelena-andre-1024x1024.jpg\" \/>\n<meta name=\"twitter:card\" content=\"summary_large_image\" \/>\n<script type=\"application\/ld+json\" class=\"yoast-schema-graph\">{\"@context\":\"https:\\\/\\\/schema.org\",\"@graph\":[{\"@type\":\"WebPage\",\"@id\":\"https:\\\/\\\/newvoiceinternational.com\\\/de\\\/gft-herbsttagung-after-event\\\/\",\"url\":\"https:\\\/\\\/newvoiceinternational.com\\\/de\\\/gft-herbsttagung-after-event\\\/\",\"name\":\"GFT Herbsttagung After Event - NewVoice International\",\"isPartOf\":{\"@id\":\"https:\\\/\\\/newvoiceinternational.com\\\/de\\\/#website\"},\"primaryImageOfPage\":{\"@id\":\"https:\\\/\\\/newvoiceinternational.com\\\/de\\\/gft-herbsttagung-after-event\\\/#primaryimage\"},\"image\":{\"@id\":\"https:\\\/\\\/newvoiceinternational.com\\\/de\\\/gft-herbsttagung-after-event\\\/#primaryimage\"},\"thumbnailUrl\":\"https:\\\/\\\/newvoiceinternational.com\\\/wp-content\\\/uploads\\\/2023\\\/10\\\/jelena-andre-1024x1024.jpg\",\"datePublished\":\"2023-10-30T13:32:27+00:00\",\"dateModified\":\"2023-10-30T13:34:27+00:00\",\"breadcrumb\":{\"@id\":\"https:\\\/\\\/newvoiceinternational.com\\\/de\\\/gft-herbsttagung-after-event\\\/#breadcrumb\"},\"inLanguage\":\"de\",\"potentialAction\":[{\"@type\":\"ReadAction\",\"target\":[\"https:\\\/\\\/newvoiceinternational.com\\\/de\\\/gft-herbsttagung-after-event\\\/\"]}]},{\"@type\":\"ImageObject\",\"inLanguage\":\"de\",\"@id\":\"https:\\\/\\\/newvoiceinternational.com\\\/de\\\/gft-herbsttagung-after-event\\\/#primaryimage\",\"url\":\"https:\\\/\\\/newvoiceinternational.com\\\/wp-content\\\/uploads\\\/2023\\\/10\\\/jelena-andre-1024x1024.jpg\",\"contentUrl\":\"https:\\\/\\\/newvoiceinternational.com\\\/wp-content\\\/uploads\\\/2023\\\/10\\\/jelena-andre-1024x1024.jpg\"},{\"@type\":\"BreadcrumbList\",\"@id\":\"https:\\\/\\\/newvoiceinternational.com\\\/de\\\/gft-herbsttagung-after-event\\\/#breadcrumb\",\"itemListElement\":[{\"@type\":\"ListItem\",\"position\":1,\"name\":\"Home\",\"item\":\"https:\\\/\\\/newvoiceinternational.com\\\/de\\\/\"},{\"@type\":\"ListItem\",\"position\":2,\"name\":\"GFT Herbsttagung After Event\"}]},{\"@type\":\"WebSite\",\"@id\":\"https:\\\/\\\/newvoiceinternational.com\\\/de\\\/#website\",\"url\":\"https:\\\/\\\/newvoiceinternational.com\\\/de\\\/\",\"name\":\"NewVoice International\",\"description\":\"\",\"publisher\":{\"@id\":\"https:\\\/\\\/newvoiceinternational.com\\\/de\\\/#organization\"},\"potentialAction\":[{\"@type\":\"SearchAction\",\"target\":{\"@type\":\"EntryPoint\",\"urlTemplate\":\"https:\\\/\\\/newvoiceinternational.com\\\/de\\\/?s={search_term_string}\"},\"query-input\":{\"@type\":\"PropertyValueSpecification\",\"valueRequired\":true,\"valueName\":\"search_term_string\"}}],\"inLanguage\":\"de\"},{\"@type\":\"Organization\",\"@id\":\"https:\\\/\\\/newvoiceinternational.com\\\/de\\\/#organization\",\"name\":\"NewVoice International\",\"url\":\"https:\\\/\\\/newvoiceinternational.com\\\/de\\\/\",\"logo\":{\"@type\":\"ImageObject\",\"inLanguage\":\"de\",\"@id\":\"https:\\\/\\\/newvoiceinternational.com\\\/de\\\/#\\\/schema\\\/logo\\\/image\\\/\",\"url\":\"https:\\\/\\\/newvoiceinternational.com\\\/wp-content\\\/uploads\\\/2022\\\/06\\\/NV_Logo_RGB.png\",\"contentUrl\":\"https:\\\/\\\/newvoiceinternational.com\\\/wp-content\\\/uploads\\\/2022\\\/06\\\/NV_Logo_RGB.png\",\"width\":1200,\"height\":315,\"caption\":\"NewVoice International\"},\"image\":{\"@id\":\"https:\\\/\\\/newvoiceinternational.com\\\/de\\\/#\\\/schema\\\/logo\\\/image\\\/\"}}]}<\/script>\n<!-- \/ Yoast SEO plugin. -->","yoast_head_json":{"title":"GFT Herbsttagung After Event - NewVoice International","robots":{"index":"index","follow":"follow","max-snippet":"max-snippet:-1","max-image-preview":"max-image-preview:large","max-video-preview":"max-video-preview:-1"},"canonical":"https:\/\/newvoiceinternational.com\/de\/gft-herbsttagung-after-event\/","og_locale":"de_DE","og_type":"article","og_title":"GFT Herbsttagung After Event - NewVoice International","og_description":"Hallo K\u00f6lle!\u00a0\ud83c\udf89Andre Schmitz und Jelena Raic waren vor Ort in K\u00f6ln bei der diesj\u00e4hirgen GFT Veranstaltung!\ud83d\udc4b\ud83c\udffb\u00abWir haben uns sehr gefreut, sowohl bekannte als auch neue Gesichter begr\u00fc\u00dfen zu d\u00fcrfen!\u00bb Schw\u00e4rmten Sie nach Ihrer R\u00fcckkehr.","og_url":"https:\/\/newvoiceinternational.com\/de\/gft-herbsttagung-after-event\/","og_site_name":"NewVoice International","article_modified_time":"2023-10-30T13:34:27+00:00","og_image":[{"url":"https:\/\/newvoiceinternational.com\/wp-content\/uploads\/2023\/10\/jelena-andre-1024x1024.jpg","type":"","width":"","height":""}],"twitter_card":"summary_large_image","schema":{"@context":"https:\/\/schema.org","@graph":[{"@type":"WebPage","@id":"https:\/\/newvoiceinternational.com\/de\/gft-herbsttagung-after-event\/","url":"https:\/\/newvoiceinternational.com\/de\/gft-herbsttagung-after-event\/","name":"GFT Herbsttagung After Event - NewVoice International","isPartOf":{"@id":"https:\/\/newvoiceinternational.com\/de\/#website"},"primaryImageOfPage":{"@id":"https:\/\/newvoiceinternational.com\/de\/gft-herbsttagung-after-event\/#primaryimage"},"image":{"@id":"https:\/\/newvoiceinternational.com\/de\/gft-herbsttagung-after-event\/#primaryimage"},"thumbnailUrl":"https:\/\/newvoiceinternational.com\/wp-content\/uploads\/2023\/10\/jelena-andre-1024x1024.jpg","datePublished":"2023-10-30T13:32:27+00:00","dateModified":"2023-10-30T13:34:27+00:00","breadcrumb":{"@id":"https:\/\/newvoiceinternational.com\/de\/gft-herbsttagung-after-event\/#breadcrumb"},"inLanguage":"de","potentialAction":[{"@type":"ReadAction","target":["https:\/\/newvoiceinternational.com\/de\/gft-herbsttagung-after-event\/"]}]},{"@type":"ImageObject","inLanguage":"de","@id":"https:\/\/newvoiceinternational.com\/de\/gft-herbsttagung-after-event\/#primaryimage","url":"https:\/\/newvoiceinternational.com\/wp-content\/uploads\/2023\/10\/jelena-andre-1024x1024.jpg","contentUrl":"https:\/\/newvoiceinternational.com\/wp-content\/uploads\/2023\/10\/jelena-andre-1024x1024.jpg"},{"@type":"BreadcrumbList","@id":"https:\/\/newvoiceinternational.com\/de\/gft-herbsttagung-after-event\/#breadcrumb","itemListElement":[{"@type":"ListItem","position":1,"name":"Home","item":"https:\/\/newvoiceinternational.com\/de\/"},{"@type":"ListItem","position":2,"name":"GFT Herbsttagung After Event"}]},{"@type":"WebSite","@id":"https:\/\/newvoiceinternational.com\/de\/#website","url":"https:\/\/newvoiceinternational.com\/de\/","name":"NewVoice International","description":"","publisher":{"@id":"https:\/\/newvoiceinternational.com\/de\/#organization"},"potentialAction":[{"@type":"SearchAction","target":{"@type":"EntryPoint","urlTemplate":"https:\/\/newvoiceinternational.com\/de\/?s={search_term_string}"},"query-input":{"@type":"PropertyValueSpecification","valueRequired":true,"valueName":"search_term_string"}}],"inLanguage":"de"},{"@type":"Organization","@id":"https:\/\/newvoiceinternational.com\/de\/#organization","name":"NewVoice International","url":"https:\/\/newvoiceinternational.com\/de\/","logo":{"@type":"ImageObject","inLanguage":"de","@id":"https:\/\/newvoiceinternational.com\/de\/#\/schema\/logo\/image\/","url":"https:\/\/newvoiceinternational.com\/wp-content\/uploads\/2022\/06\/NV_Logo_RGB.png","contentUrl":"https:\/\/newvoiceinternational.com\/wp-content\/uploads\/2022\/06\/NV_Logo_RGB.png","width":1200,"height":315,"caption":"NewVoice International"},"image":{"@id":"https:\/\/newvoiceinternational.com\/de\/#\/schema\/logo\/image\/"}}]}},"_links":{"self":[{"href":"https:\/\/newvoiceinternational.com\/de\/wp-json\/wp\/v2\/pages\/31050","targetHints":{"allow":["GET"]}}],"collection":[{"href":"https:\/\/newvoiceinternational.com\/de\/wp-json\/wp\/v2\/pages"}],"about":[{"href":"https:\/\/newvoiceinternational.com\/de\/wp-json\/wp\/v2\/types\/page"}],"author":[{"embeddable":true,"href":"https:\/\/newvoiceinternational.com\/de\/wp-json\/wp\/v2\/users\/5"}],"replies":[{"embeddable":true,"href":"https:\/\/newvoiceinternational.com\/de\/wp-json\/wp\/v2\/comments?post=31050"}],"version-history":[{"count":0,"href":"https:\/\/newvoiceinternational.com\/de\/wp-json\/wp\/v2\/pages\/31050\/revisions"}],"wp:attachment":[{"href":"https:\/\/newvoiceinternational.com\/de\/wp-json\/wp\/v2\/media?parent=31050"}],"curies":[{"name":"wp","href":"https:\/\/api.w.org\/{rel}","templated":true}]}}