{"id":29459,"date":"2023-08-10T13:00:50","date_gmt":"2023-08-10T12:00:50","guid":{"rendered":"https:\/\/newvoiceinternational.com\/ntt\/"},"modified":"2024-02-12T12:19:43","modified_gmt":"2024-02-12T11:19:43","slug":"ntt","status":"publish","type":"page","link":"https:\/\/newvoiceinternational.com\/de\/ntt\/","title":{"rendered":"NTT"},"content":{"rendered":"\t\t<div data-elementor-type=\"wp-page\" data-elementor-id=\"29459\" class=\"elementor elementor-29459 elementor-29454\" data-elementor-post-type=\"page\">\n\t\t\t\t\t\t<section class=\"elementor-section elementor-top-section elementor-element elementor-element-1c8229e elementor-section-boxed elementor-section-height-default elementor-section-height-default\" data-id=\"1c8229e\" data-element_type=\"section\" data-e-type=\"section\">\n\t\t\t\t\t\t<div class=\"elementor-container elementor-column-gap-default\">\n\t\t\t\t\t<div class=\"elementor-column elementor-col-100 elementor-top-column elementor-element elementor-element-2b333d8\" data-id=\"2b333d8\" data-element_type=\"column\" data-e-type=\"column\">\n\t\t\t<div class=\"elementor-widget-wrap elementor-element-populated\">\n\t\t\t\t\t\t<div class=\"elementor-element elementor-element-67852ea elementor-widget elementor-widget-image\" data-id=\"67852ea\" data-element_type=\"widget\" data-e-type=\"widget\" data-widget_type=\"image.default\">\n\t\t\t\t<div class=\"elementor-widget-container\">\n\t\t\t\t\t\t\t\t\t\t\t\t\t\t\t\t<a href=\"https:\/\/services.global.ntt\/%20\">\n\t\t\t\t\t\t\t<img fetchpriority=\"high\" decoding=\"async\" width=\"1596\" height=\"438\" src=\"https:\/\/newvoiceinternational.com\/wp-content\/uploads\/2024\/02\/MicrosoftTeams-image-42-1.png\" class=\"attachment-full size-full wp-image-34679\" alt=\"\" srcset=\"https:\/\/newvoiceinternational.com\/wp-content\/uploads\/2024\/02\/MicrosoftTeams-image-42-1.png 1596w, https:\/\/newvoiceinternational.com\/wp-content\/uploads\/2024\/02\/MicrosoftTeams-image-42-1-300x82.png 300w, https:\/\/newvoiceinternational.com\/wp-content\/uploads\/2024\/02\/MicrosoftTeams-image-42-1-1024x281.png 1024w, https:\/\/newvoiceinternational.com\/wp-content\/uploads\/2024\/02\/MicrosoftTeams-image-42-1-768x211.png 768w, https:\/\/newvoiceinternational.com\/wp-content\/uploads\/2024\/02\/MicrosoftTeams-image-42-1-1536x422.png 1536w, https:\/\/newvoiceinternational.com\/wp-content\/uploads\/2024\/02\/MicrosoftTeams-image-42-1-1200x329.png 1200w\" sizes=\"(max-width: 1596px) 100vw, 1596px\" \/>\t\t\t\t\t\t\t\t<\/a>\n\t\t\t\t\t\t\t\t\t\t\t\t\t\t\t<\/div>\n\t\t\t\t<\/div>\n\t\t\t\t\t<\/div>\n\t\t<\/div>\n\t\t\t\t\t<\/div>\n\t\t<\/section>\n\t\t\t\t<section class=\"elementor-section elementor-top-section elementor-element elementor-element-cfdd1dd elementor-section-boxed elementor-section-height-default elementor-section-height-default\" data-id=\"cfdd1dd\" data-element_type=\"section\" data-e-type=\"section\">\n\t\t\t\t\t\t<div class=\"elementor-container elementor-column-gap-default\">\n\t\t\t\t\t<div class=\"elementor-column elementor-col-100 elementor-top-column elementor-element elementor-element-f82a605\" data-id=\"f82a605\" data-element_type=\"column\" data-e-type=\"column\">\n\t\t\t<div class=\"elementor-widget-wrap elementor-element-populated\">\n\t\t\t\t\t\t<div class=\"elementor-element elementor-element-875297b elementor-widget elementor-widget-text-editor\" data-id=\"875297b\" data-element_type=\"widget\" data-e-type=\"widget\" data-widget_type=\"text-editor.default\">\n\t\t\t\t<div class=\"elementor-widget-container\">\n\t\t\t\t\t\t\t\t\t<p>Als Teil von NTT DATA, einem IT-Service-Anbieter mit einem Umsatz von 30 Milliarden USD ist NTT Ltd. ein f\u00fchrendes IT-Infrastruktur- und Dienstleistungsunternehmen. Durch Technologie und Innovation sorgen wir f\u00fcr eine sichere und vernetzte Zukunft, die unsere Mitarbeiter, Kunden und Gemeinden st\u00e4rkt. Wir unterst\u00fctzen Unternehmen bei der Umsetzung ihrer Gesch\u00e4ftsziele. Wir transformieren Prozesse und Technologien in dem Tempo, das f\u00fcr sie richtig ist, und erreichen die gew\u00fcnschten Ergebnisse mit den ben\u00f6tigten Services. Als Branchenf\u00fchrer in den Bereichen Netzwerke, Rechenzentren, Cloud, Sicherheit und Managed Services sowie als Innovator im Bereich Private\u00a05G z\u00e4hlen 65\u00a0% der Fortune Global\u00a0500 und mehr als 75\u00a0% der Fortune Global\u00a0100 zu unseren Kunden. Wir arbeiten auch eng mit f\u00fchrenden Sportorganisationen zusammen, darunter die UEFA, INDYCAR und die Tour de France. Wir erm\u00f6glichen eine vernetzte Zukunft.<\/p>\n<p>Lesen Sie mehr \u00fcber unseren Partner: <a href=\"https:\/\/services.global.ntt\/\">https:\/\/services.global.ntt\/<\/a><\/p>\n\t\t\t\t\t\t\t\t<\/div>\n\t\t\t\t<\/div>\n\t\t\t\t\t<\/div>\n\t\t<\/div>\n\t\t\t\t\t<\/div>\n\t\t<\/section>\n\t\t\t\t<\/div>\n\t\t","protected":false},"excerpt":{"rendered":"<p>Als Teil von NTT DATA, einem IT-Service-Anbieter mit einem Umsatz von 30 Milliarden USD ist NTT Ltd. ein f\u00fchrendes IT-Infrastruktur- und Dienstleistungsunternehmen. Durch Technologie und Innovation sorgen wir f\u00fcr eine sichere und vernetzte Zukunft, die unsere Mitarbeiter, Kunden und Gemeinden st\u00e4rkt. Wir unterst\u00fctzen Unternehmen bei der Umsetzung ihrer Gesch\u00e4ftsziele. Wir transformieren Prozesse und Technologien in [&hellip;]<\/p>\n","protected":false},"author":5,"featured_media":0,"parent":0,"menu_order":0,"comment_status":"closed","ping_status":"closed","template":"elementor_header_footer","meta":{"_eb_attr":"","inline_featured_image":false,"footnotes":""},"class_list":["post-29459","page","type-page","status-publish","hentry"],"acf":[],"yoast_head":"<!-- This site is optimized with the Yoast SEO plugin v27.4 - https:\/\/yoast.com\/product\/yoast-seo-wordpress\/ -->\n<title>NTT - NewVoice International<\/title>\n<meta name=\"robots\" content=\"index, follow, max-snippet:-1, max-image-preview:large, max-video-preview:-1\" \/>\n<link rel=\"canonical\" href=\"https:\/\/newvoiceinternational.com\/de\/ntt\/\" \/>\n<meta property=\"og:locale\" content=\"de_DE\" \/>\n<meta property=\"og:type\" content=\"article\" \/>\n<meta property=\"og:title\" content=\"NTT - NewVoice International\" \/>\n<meta property=\"og:description\" content=\"Als Teil von NTT DATA, einem IT-Service-Anbieter mit einem Umsatz von 30 Milliarden USD ist NTT Ltd. ein f\u00fchrendes IT-Infrastruktur- und Dienstleistungsunternehmen. Durch Technologie und Innovation sorgen wir f\u00fcr eine sichere und vernetzte Zukunft, die unsere Mitarbeiter, Kunden und Gemeinden st\u00e4rkt. Wir unterst\u00fctzen Unternehmen bei der Umsetzung ihrer Gesch\u00e4ftsziele. Wir transformieren Prozesse und Technologien in [&hellip;]\" \/>\n<meta property=\"og:url\" content=\"https:\/\/newvoiceinternational.com\/de\/ntt\/\" \/>\n<meta property=\"og:site_name\" content=\"NewVoice International\" \/>\n<meta property=\"article:modified_time\" content=\"2024-02-12T11:19:43+00:00\" \/>\n<meta property=\"og:image\" content=\"https:\/\/newvoiceinternational.com\/wp-content\/uploads\/2024\/02\/MicrosoftTeams-image-42-1.png\" \/>\n<meta name=\"twitter:card\" content=\"summary_large_image\" \/>\n<meta name=\"twitter:label1\" content=\"Gesch\u00e4tzte Lesezeit\" \/>\n\t<meta name=\"twitter:data1\" content=\"1\u00a0Minute\" \/>\n<script type=\"application\/ld+json\" class=\"yoast-schema-graph\">{\"@context\":\"https:\\\/\\\/schema.org\",\"@graph\":[{\"@type\":\"WebPage\",\"@id\":\"https:\\\/\\\/newvoiceinternational.com\\\/de\\\/ntt\\\/\",\"url\":\"https:\\\/\\\/newvoiceinternational.com\\\/de\\\/ntt\\\/\",\"name\":\"NTT - NewVoice International\",\"isPartOf\":{\"@id\":\"https:\\\/\\\/newvoiceinternational.com\\\/de\\\/#website\"},\"primaryImageOfPage\":{\"@id\":\"https:\\\/\\\/newvoiceinternational.com\\\/de\\\/ntt\\\/#primaryimage\"},\"image\":{\"@id\":\"https:\\\/\\\/newvoiceinternational.com\\\/de\\\/ntt\\\/#primaryimage\"},\"thumbnailUrl\":\"https:\\\/\\\/newvoiceinternational.com\\\/wp-content\\\/uploads\\\/2024\\\/02\\\/MicrosoftTeams-image-42-1.png\",\"datePublished\":\"2023-08-10T12:00:50+00:00\",\"dateModified\":\"2024-02-12T11:19:43+00:00\",\"breadcrumb\":{\"@id\":\"https:\\\/\\\/newvoiceinternational.com\\\/de\\\/ntt\\\/#breadcrumb\"},\"inLanguage\":\"de\",\"potentialAction\":[{\"@type\":\"ReadAction\",\"target\":[\"https:\\\/\\\/newvoiceinternational.com\\\/de\\\/ntt\\\/\"]}]},{\"@type\":\"ImageObject\",\"inLanguage\":\"de\",\"@id\":\"https:\\\/\\\/newvoiceinternational.com\\\/de\\\/ntt\\\/#primaryimage\",\"url\":\"https:\\\/\\\/newvoiceinternational.com\\\/wp-content\\\/uploads\\\/2024\\\/02\\\/MicrosoftTeams-image-42-1.png\",\"contentUrl\":\"https:\\\/\\\/newvoiceinternational.com\\\/wp-content\\\/uploads\\\/2024\\\/02\\\/MicrosoftTeams-image-42-1.png\"},{\"@type\":\"BreadcrumbList\",\"@id\":\"https:\\\/\\\/newvoiceinternational.com\\\/de\\\/ntt\\\/#breadcrumb\",\"itemListElement\":[{\"@type\":\"ListItem\",\"position\":1,\"name\":\"Home\",\"item\":\"https:\\\/\\\/newvoiceinternational.com\\\/de\\\/\"},{\"@type\":\"ListItem\",\"position\":2,\"name\":\"NTT\"}]},{\"@type\":\"WebSite\",\"@id\":\"https:\\\/\\\/newvoiceinternational.com\\\/de\\\/#website\",\"url\":\"https:\\\/\\\/newvoiceinternational.com\\\/de\\\/\",\"name\":\"NewVoice International\",\"description\":\"\",\"publisher\":{\"@id\":\"https:\\\/\\\/newvoiceinternational.com\\\/de\\\/#organization\"},\"potentialAction\":[{\"@type\":\"SearchAction\",\"target\":{\"@type\":\"EntryPoint\",\"urlTemplate\":\"https:\\\/\\\/newvoiceinternational.com\\\/de\\\/?s={search_term_string}\"},\"query-input\":{\"@type\":\"PropertyValueSpecification\",\"valueRequired\":true,\"valueName\":\"search_term_string\"}}],\"inLanguage\":\"de\"},{\"@type\":\"Organization\",\"@id\":\"https:\\\/\\\/newvoiceinternational.com\\\/de\\\/#organization\",\"name\":\"NewVoice International\",\"url\":\"https:\\\/\\\/newvoiceinternational.com\\\/de\\\/\",\"logo\":{\"@type\":\"ImageObject\",\"inLanguage\":\"de\",\"@id\":\"https:\\\/\\\/newvoiceinternational.com\\\/de\\\/#\\\/schema\\\/logo\\\/image\\\/\",\"url\":\"https:\\\/\\\/newvoiceinternational.com\\\/wp-content\\\/uploads\\\/2022\\\/06\\\/NV_Logo_RGB.png\",\"contentUrl\":\"https:\\\/\\\/newvoiceinternational.com\\\/wp-content\\\/uploads\\\/2022\\\/06\\\/NV_Logo_RGB.png\",\"width\":1200,\"height\":315,\"caption\":\"NewVoice International\"},\"image\":{\"@id\":\"https:\\\/\\\/newvoiceinternational.com\\\/de\\\/#\\\/schema\\\/logo\\\/image\\\/\"}}]}<\/script>\n<!-- \/ Yoast SEO plugin. -->","yoast_head_json":{"title":"NTT - NewVoice International","robots":{"index":"index","follow":"follow","max-snippet":"max-snippet:-1","max-image-preview":"max-image-preview:large","max-video-preview":"max-video-preview:-1"},"canonical":"https:\/\/newvoiceinternational.com\/de\/ntt\/","og_locale":"de_DE","og_type":"article","og_title":"NTT - NewVoice International","og_description":"Als Teil von NTT DATA, einem IT-Service-Anbieter mit einem Umsatz von 30 Milliarden USD ist NTT Ltd. ein f\u00fchrendes IT-Infrastruktur- und Dienstleistungsunternehmen. Durch Technologie und Innovation sorgen wir f\u00fcr eine sichere und vernetzte Zukunft, die unsere Mitarbeiter, Kunden und Gemeinden st\u00e4rkt. Wir unterst\u00fctzen Unternehmen bei der Umsetzung ihrer Gesch\u00e4ftsziele. Wir transformieren Prozesse und Technologien in [&hellip;]","og_url":"https:\/\/newvoiceinternational.com\/de\/ntt\/","og_site_name":"NewVoice International","article_modified_time":"2024-02-12T11:19:43+00:00","og_image":[{"url":"https:\/\/newvoiceinternational.com\/wp-content\/uploads\/2024\/02\/MicrosoftTeams-image-42-1.png","type":"","width":"","height":""}],"twitter_card":"summary_large_image","twitter_misc":{"Gesch\u00e4tzte Lesezeit":"1\u00a0Minute"},"schema":{"@context":"https:\/\/schema.org","@graph":[{"@type":"WebPage","@id":"https:\/\/newvoiceinternational.com\/de\/ntt\/","url":"https:\/\/newvoiceinternational.com\/de\/ntt\/","name":"NTT - NewVoice International","isPartOf":{"@id":"https:\/\/newvoiceinternational.com\/de\/#website"},"primaryImageOfPage":{"@id":"https:\/\/newvoiceinternational.com\/de\/ntt\/#primaryimage"},"image":{"@id":"https:\/\/newvoiceinternational.com\/de\/ntt\/#primaryimage"},"thumbnailUrl":"https:\/\/newvoiceinternational.com\/wp-content\/uploads\/2024\/02\/MicrosoftTeams-image-42-1.png","datePublished":"2023-08-10T12:00:50+00:00","dateModified":"2024-02-12T11:19:43+00:00","breadcrumb":{"@id":"https:\/\/newvoiceinternational.com\/de\/ntt\/#breadcrumb"},"inLanguage":"de","potentialAction":[{"@type":"ReadAction","target":["https:\/\/newvoiceinternational.com\/de\/ntt\/"]}]},{"@type":"ImageObject","inLanguage":"de","@id":"https:\/\/newvoiceinternational.com\/de\/ntt\/#primaryimage","url":"https:\/\/newvoiceinternational.com\/wp-content\/uploads\/2024\/02\/MicrosoftTeams-image-42-1.png","contentUrl":"https:\/\/newvoiceinternational.com\/wp-content\/uploads\/2024\/02\/MicrosoftTeams-image-42-1.png"},{"@type":"BreadcrumbList","@id":"https:\/\/newvoiceinternational.com\/de\/ntt\/#breadcrumb","itemListElement":[{"@type":"ListItem","position":1,"name":"Home","item":"https:\/\/newvoiceinternational.com\/de\/"},{"@type":"ListItem","position":2,"name":"NTT"}]},{"@type":"WebSite","@id":"https:\/\/newvoiceinternational.com\/de\/#website","url":"https:\/\/newvoiceinternational.com\/de\/","name":"NewVoice International","description":"","publisher":{"@id":"https:\/\/newvoiceinternational.com\/de\/#organization"},"potentialAction":[{"@type":"SearchAction","target":{"@type":"EntryPoint","urlTemplate":"https:\/\/newvoiceinternational.com\/de\/?s={search_term_string}"},"query-input":{"@type":"PropertyValueSpecification","valueRequired":true,"valueName":"search_term_string"}}],"inLanguage":"de"},{"@type":"Organization","@id":"https:\/\/newvoiceinternational.com\/de\/#organization","name":"NewVoice International","url":"https:\/\/newvoiceinternational.com\/de\/","logo":{"@type":"ImageObject","inLanguage":"de","@id":"https:\/\/newvoiceinternational.com\/de\/#\/schema\/logo\/image\/","url":"https:\/\/newvoiceinternational.com\/wp-content\/uploads\/2022\/06\/NV_Logo_RGB.png","contentUrl":"https:\/\/newvoiceinternational.com\/wp-content\/uploads\/2022\/06\/NV_Logo_RGB.png","width":1200,"height":315,"caption":"NewVoice International"},"image":{"@id":"https:\/\/newvoiceinternational.com\/de\/#\/schema\/logo\/image\/"}}]}},"_links":{"self":[{"href":"https:\/\/newvoiceinternational.com\/de\/wp-json\/wp\/v2\/pages\/29459","targetHints":{"allow":["GET"]}}],"collection":[{"href":"https:\/\/newvoiceinternational.com\/de\/wp-json\/wp\/v2\/pages"}],"about":[{"href":"https:\/\/newvoiceinternational.com\/de\/wp-json\/wp\/v2\/types\/page"}],"author":[{"embeddable":true,"href":"https:\/\/newvoiceinternational.com\/de\/wp-json\/wp\/v2\/users\/5"}],"replies":[{"embeddable":true,"href":"https:\/\/newvoiceinternational.com\/de\/wp-json\/wp\/v2\/comments?post=29459"}],"version-history":[{"count":0,"href":"https:\/\/newvoiceinternational.com\/de\/wp-json\/wp\/v2\/pages\/29459\/revisions"}],"wp:attachment":[{"href":"https:\/\/newvoiceinternational.com\/de\/wp-json\/wp\/v2\/media?parent=29459"}],"curies":[{"name":"wp","href":"https:\/\/api.w.org\/{rel}","templated":true}]}}