{"id":28826,"date":"2023-07-11T16:08:00","date_gmt":"2023-07-11T15:08:00","guid":{"rendered":"https:\/\/newvoiceinternational.com\/?page_id=28826"},"modified":"2023-07-11T16:17:36","modified_gmt":"2023-07-11T15:17:36","slug":"phonekom","status":"publish","type":"page","link":"https:\/\/newvoiceinternational.com\/de\/phonekom\/","title":{"rendered":"phonekom"},"content":{"rendered":"\t\t<div data-elementor-type=\"wp-page\" data-elementor-id=\"28826\" class=\"elementor elementor-28826\" data-elementor-post-type=\"page\">\n\t\t\t\t\t\t<section class=\"elementor-section elementor-top-section elementor-element elementor-element-e7502fe elementor-section-boxed elementor-section-height-default elementor-section-height-default\" data-id=\"e7502fe\" data-element_type=\"section\" data-e-type=\"section\">\n\t\t\t\t\t\t<div class=\"elementor-container elementor-column-gap-default\">\n\t\t\t\t\t<div class=\"elementor-column elementor-col-100 elementor-top-column elementor-element elementor-element-04af383\" data-id=\"04af383\" data-element_type=\"column\" data-e-type=\"column\">\n\t\t\t<div class=\"elementor-widget-wrap elementor-element-populated\">\n\t\t\t\t\t\t<div class=\"elementor-element elementor-element-b7e1b3e elementor-widget elementor-widget-image\" data-id=\"b7e1b3e\" data-element_type=\"widget\" data-e-type=\"widget\" data-widget_type=\"image.default\">\n\t\t\t\t<div class=\"elementor-widget-container\">\n\t\t\t\t\t\t\t\t\t\t\t\t\t\t\t<img fetchpriority=\"high\" decoding=\"async\" width=\"580\" height=\"96\" src=\"https:\/\/newvoiceinternational.com\/wp-content\/uploads\/2023\/07\/phonekom-768x127.png\" class=\"attachment-medium_large size-medium_large wp-image-28823\" alt=\"\" srcset=\"https:\/\/newvoiceinternational.com\/wp-content\/uploads\/2023\/07\/phonekom-768x127.png 768w, https:\/\/newvoiceinternational.com\/wp-content\/uploads\/2023\/07\/phonekom-300x50.png 300w, https:\/\/newvoiceinternational.com\/wp-content\/uploads\/2023\/07\/phonekom-1024x169.png 1024w, https:\/\/newvoiceinternational.com\/wp-content\/uploads\/2023\/07\/phonekom-1536x254.png 1536w, https:\/\/newvoiceinternational.com\/wp-content\/uploads\/2023\/07\/phonekom-2048x339.png 2048w, https:\/\/newvoiceinternational.com\/wp-content\/uploads\/2023\/07\/phonekom-1200x199.png 1200w, https:\/\/newvoiceinternational.com\/wp-content\/uploads\/2023\/07\/phonekom-1980x328.png 1980w\" sizes=\"(max-width: 580px) 100vw, 580px\" \/>\t\t\t\t\t\t\t\t\t\t\t\t\t\t\t<\/div>\n\t\t\t\t<\/div>\n\t\t\t\t\t<\/div>\n\t\t<\/div>\n\t\t\t\t\t<\/div>\n\t\t<\/section>\n\t\t\t\t<section class=\"elementor-section elementor-top-section elementor-element elementor-element-cfdd1dd elementor-section-boxed elementor-section-height-default elementor-section-height-default\" data-id=\"cfdd1dd\" data-element_type=\"section\" data-e-type=\"section\">\n\t\t\t\t\t\t<div class=\"elementor-container elementor-column-gap-default\">\n\t\t\t\t\t<div class=\"elementor-column elementor-col-100 elementor-top-column elementor-element elementor-element-f82a605\" data-id=\"f82a605\" data-element_type=\"column\" data-e-type=\"column\">\n\t\t\t<div class=\"elementor-widget-wrap elementor-element-populated\">\n\t\t\t\t\t\t<div class=\"elementor-element elementor-element-875297b elementor-widget elementor-widget-text-editor\" data-id=\"875297b\" data-element_type=\"widget\" data-e-type=\"widget\" data-widget_type=\"text-editor.default\">\n\t\t\t\t<div class=\"elementor-widget-container\">\n\t\t\t\t\t\t\t\t\t<p>Die PHONEKOM Business Communications AG ist ein f\u00fchrender Systemanbieter f\u00fcr IP-basierte Telekommunikatiosl\u00f6sungen im Business-Umfeld mit Sitz in Friedrichsdorf bei Frankfurt am Main. Rund 20 topmotivierte Mitarbeiter stehen unseren Interessenten, Kunden und Gesch\u00e4ftspartnern t\u00e4glich zur Verf\u00fcgung. Abgestimmt auf die Anforderungen mittelst\u00e4ndischer Unternehmen planen, liefern und installieren wir ma\u00dfgeschneiderte Telekommunikationsl\u00f6sungen f\u00fcr die gesch\u00e4ftliche Kommunikation. Wir erf\u00fcllen unseren Kunden den Wunsch nach Flexibilit\u00e4t, Skalierbarkeit, Funktionalit\u00e4t, Zuverl\u00e4ssigkeit und Zukunftssicherheit und behalten dabei die Kosten im Auge.<\/p>\n<div>&nbsp;Erfahren Sie mehr:&nbsp;<span style=\"font-style: var( --e-global-typography-text-font-style ); font-weight: var( --e-global-typography-text-font-weight ); letter-spacing: var( --e-global-typography-text-letter-spacing ); text-transform: var( --e-global-typography-text-text-transform ); white-space-collapse: preserve; background-color: rgba(63, 67, 80, 0.04); color: rgb(63, 67, 80); font-family: &quot;Open Sans&quot;, sans-serif; font-size: 13.5px;\"> <\/span><a href=\"https:\/\/phonekom.de\/alarmserver\/\" target=\"_blank\" style=\"font-family: var( --e-global-typography-text-font-family ), Sans-serif; font-size: var( --e-global-typography-text-font-size ); font-style: var( --e-global-typography-text-font-style ); font-weight: var( --e-global-typography-text-font-weight ); letter-spacing: var( --e-global-typography-text-letter-spacing ); text-transform: var( --e-global-typography-text-text-transform );\">https:\/\/phonekom.de\/alarmserver\/<\/a><\/div>\t\t\t\t\t\t\t\t<\/div>\n\t\t\t\t<\/div>\n\t\t\t\t\t<\/div>\n\t\t<\/div>\n\t\t\t\t\t<\/div>\n\t\t<\/section>\n\t\t\t\t<\/div>\n\t\t","protected":false},"excerpt":{"rendered":"<p>Die PHONEKOM Business Communications AG ist ein f\u00fchrender Systemanbieter f\u00fcr IP-basierte Telekommunikatiosl\u00f6sungen im Business-Umfeld mit Sitz in Friedrichsdorf bei Frankfurt am Main. Rund 20 topmotivierte Mitarbeiter stehen unseren Interessenten, Kunden und Gesch\u00e4ftspartnern t\u00e4glich zur Verf\u00fcgung. Abgestimmt auf die Anforderungen mittelst\u00e4ndischer Unternehmen planen, liefern und installieren wir ma\u00dfgeschneiderte Telekommunikationsl\u00f6sungen f\u00fcr die gesch\u00e4ftliche Kommunikation. Wir erf\u00fcllen unseren [&hellip;]<\/p>\n","protected":false},"author":5,"featured_media":0,"parent":0,"menu_order":0,"comment_status":"closed","ping_status":"closed","template":"elementor_header_footer","meta":{"_eb_attr":"","inline_featured_image":false,"footnotes":""},"class_list":["post-28826","page","type-page","status-publish","hentry"],"acf":[],"yoast_head":"<!-- This site is optimized with the Yoast SEO plugin v27.4 - https:\/\/yoast.com\/product\/yoast-seo-wordpress\/ -->\n<title>phonekom - NewVoice International<\/title>\n<meta name=\"robots\" content=\"index, follow, max-snippet:-1, max-image-preview:large, max-video-preview:-1\" \/>\n<link rel=\"canonical\" href=\"https:\/\/newvoiceinternational.com\/de\/phonekom\/\" \/>\n<meta property=\"og:locale\" content=\"de_DE\" \/>\n<meta property=\"og:type\" content=\"article\" \/>\n<meta property=\"og:title\" content=\"phonekom - NewVoice International\" \/>\n<meta property=\"og:description\" content=\"Die PHONEKOM Business Communications AG ist ein f\u00fchrender Systemanbieter f\u00fcr IP-basierte Telekommunikatiosl\u00f6sungen im Business-Umfeld mit Sitz in Friedrichsdorf bei Frankfurt am Main. Rund 20 topmotivierte Mitarbeiter stehen unseren Interessenten, Kunden und Gesch\u00e4ftspartnern t\u00e4glich zur Verf\u00fcgung. Abgestimmt auf die Anforderungen mittelst\u00e4ndischer Unternehmen planen, liefern und installieren wir ma\u00dfgeschneiderte Telekommunikationsl\u00f6sungen f\u00fcr die gesch\u00e4ftliche Kommunikation. Wir erf\u00fcllen unseren [&hellip;]\" \/>\n<meta property=\"og:url\" content=\"https:\/\/newvoiceinternational.com\/de\/phonekom\/\" \/>\n<meta property=\"og:site_name\" content=\"NewVoice International\" \/>\n<meta property=\"article:modified_time\" content=\"2023-07-11T15:17:36+00:00\" \/>\n<meta property=\"og:image\" content=\"https:\/\/newvoiceinternational.com\/wp-content\/uploads\/2023\/07\/phonekom-768x127.png\" \/>\n<meta name=\"twitter:card\" content=\"summary_large_image\" \/>\n<meta name=\"twitter:label1\" content=\"Gesch\u00e4tzte Lesezeit\" \/>\n\t<meta name=\"twitter:data1\" content=\"1\u00a0Minute\" \/>\n<script type=\"application\/ld+json\" class=\"yoast-schema-graph\">{\"@context\":\"https:\\\/\\\/schema.org\",\"@graph\":[{\"@type\":\"WebPage\",\"@id\":\"https:\\\/\\\/newvoiceinternational.com\\\/de\\\/phonekom\\\/\",\"url\":\"https:\\\/\\\/newvoiceinternational.com\\\/de\\\/phonekom\\\/\",\"name\":\"phonekom - NewVoice International\",\"isPartOf\":{\"@id\":\"https:\\\/\\\/newvoiceinternational.com\\\/de\\\/#website\"},\"primaryImageOfPage\":{\"@id\":\"https:\\\/\\\/newvoiceinternational.com\\\/de\\\/phonekom\\\/#primaryimage\"},\"image\":{\"@id\":\"https:\\\/\\\/newvoiceinternational.com\\\/de\\\/phonekom\\\/#primaryimage\"},\"thumbnailUrl\":\"https:\\\/\\\/newvoiceinternational.com\\\/wp-content\\\/uploads\\\/2023\\\/07\\\/phonekom-768x127.png\",\"datePublished\":\"2023-07-11T15:08:00+00:00\",\"dateModified\":\"2023-07-11T15:17:36+00:00\",\"breadcrumb\":{\"@id\":\"https:\\\/\\\/newvoiceinternational.com\\\/de\\\/phonekom\\\/#breadcrumb\"},\"inLanguage\":\"de\",\"potentialAction\":[{\"@type\":\"ReadAction\",\"target\":[\"https:\\\/\\\/newvoiceinternational.com\\\/de\\\/phonekom\\\/\"]}]},{\"@type\":\"ImageObject\",\"inLanguage\":\"de\",\"@id\":\"https:\\\/\\\/newvoiceinternational.com\\\/de\\\/phonekom\\\/#primaryimage\",\"url\":\"https:\\\/\\\/newvoiceinternational.com\\\/wp-content\\\/uploads\\\/2023\\\/07\\\/phonekom-768x127.png\",\"contentUrl\":\"https:\\\/\\\/newvoiceinternational.com\\\/wp-content\\\/uploads\\\/2023\\\/07\\\/phonekom-768x127.png\"},{\"@type\":\"BreadcrumbList\",\"@id\":\"https:\\\/\\\/newvoiceinternational.com\\\/de\\\/phonekom\\\/#breadcrumb\",\"itemListElement\":[{\"@type\":\"ListItem\",\"position\":1,\"name\":\"Home\",\"item\":\"https:\\\/\\\/newvoiceinternational.com\\\/de\\\/\"},{\"@type\":\"ListItem\",\"position\":2,\"name\":\"phonekom\"}]},{\"@type\":\"WebSite\",\"@id\":\"https:\\\/\\\/newvoiceinternational.com\\\/de\\\/#website\",\"url\":\"https:\\\/\\\/newvoiceinternational.com\\\/de\\\/\",\"name\":\"NewVoice International\",\"description\":\"\",\"publisher\":{\"@id\":\"https:\\\/\\\/newvoiceinternational.com\\\/de\\\/#organization\"},\"potentialAction\":[{\"@type\":\"SearchAction\",\"target\":{\"@type\":\"EntryPoint\",\"urlTemplate\":\"https:\\\/\\\/newvoiceinternational.com\\\/de\\\/?s={search_term_string}\"},\"query-input\":{\"@type\":\"PropertyValueSpecification\",\"valueRequired\":true,\"valueName\":\"search_term_string\"}}],\"inLanguage\":\"de\"},{\"@type\":\"Organization\",\"@id\":\"https:\\\/\\\/newvoiceinternational.com\\\/de\\\/#organization\",\"name\":\"NewVoice International\",\"url\":\"https:\\\/\\\/newvoiceinternational.com\\\/de\\\/\",\"logo\":{\"@type\":\"ImageObject\",\"inLanguage\":\"de\",\"@id\":\"https:\\\/\\\/newvoiceinternational.com\\\/de\\\/#\\\/schema\\\/logo\\\/image\\\/\",\"url\":\"https:\\\/\\\/newvoiceinternational.com\\\/wp-content\\\/uploads\\\/2022\\\/06\\\/NV_Logo_RGB.png\",\"contentUrl\":\"https:\\\/\\\/newvoiceinternational.com\\\/wp-content\\\/uploads\\\/2022\\\/06\\\/NV_Logo_RGB.png\",\"width\":1200,\"height\":315,\"caption\":\"NewVoice International\"},\"image\":{\"@id\":\"https:\\\/\\\/newvoiceinternational.com\\\/de\\\/#\\\/schema\\\/logo\\\/image\\\/\"}}]}<\/script>\n<!-- \/ Yoast SEO plugin. -->","yoast_head_json":{"title":"phonekom - NewVoice International","robots":{"index":"index","follow":"follow","max-snippet":"max-snippet:-1","max-image-preview":"max-image-preview:large","max-video-preview":"max-video-preview:-1"},"canonical":"https:\/\/newvoiceinternational.com\/de\/phonekom\/","og_locale":"de_DE","og_type":"article","og_title":"phonekom - NewVoice International","og_description":"Die PHONEKOM Business Communications AG ist ein f\u00fchrender Systemanbieter f\u00fcr IP-basierte Telekommunikatiosl\u00f6sungen im Business-Umfeld mit Sitz in Friedrichsdorf bei Frankfurt am Main. Rund 20 topmotivierte Mitarbeiter stehen unseren Interessenten, Kunden und Gesch\u00e4ftspartnern t\u00e4glich zur Verf\u00fcgung. Abgestimmt auf die Anforderungen mittelst\u00e4ndischer Unternehmen planen, liefern und installieren wir ma\u00dfgeschneiderte Telekommunikationsl\u00f6sungen f\u00fcr die gesch\u00e4ftliche Kommunikation. Wir erf\u00fcllen unseren [&hellip;]","og_url":"https:\/\/newvoiceinternational.com\/de\/phonekom\/","og_site_name":"NewVoice International","article_modified_time":"2023-07-11T15:17:36+00:00","og_image":[{"url":"https:\/\/newvoiceinternational.com\/wp-content\/uploads\/2023\/07\/phonekom-768x127.png","type":"","width":"","height":""}],"twitter_card":"summary_large_image","twitter_misc":{"Gesch\u00e4tzte Lesezeit":"1\u00a0Minute"},"schema":{"@context":"https:\/\/schema.org","@graph":[{"@type":"WebPage","@id":"https:\/\/newvoiceinternational.com\/de\/phonekom\/","url":"https:\/\/newvoiceinternational.com\/de\/phonekom\/","name":"phonekom - NewVoice International","isPartOf":{"@id":"https:\/\/newvoiceinternational.com\/de\/#website"},"primaryImageOfPage":{"@id":"https:\/\/newvoiceinternational.com\/de\/phonekom\/#primaryimage"},"image":{"@id":"https:\/\/newvoiceinternational.com\/de\/phonekom\/#primaryimage"},"thumbnailUrl":"https:\/\/newvoiceinternational.com\/wp-content\/uploads\/2023\/07\/phonekom-768x127.png","datePublished":"2023-07-11T15:08:00+00:00","dateModified":"2023-07-11T15:17:36+00:00","breadcrumb":{"@id":"https:\/\/newvoiceinternational.com\/de\/phonekom\/#breadcrumb"},"inLanguage":"de","potentialAction":[{"@type":"ReadAction","target":["https:\/\/newvoiceinternational.com\/de\/phonekom\/"]}]},{"@type":"ImageObject","inLanguage":"de","@id":"https:\/\/newvoiceinternational.com\/de\/phonekom\/#primaryimage","url":"https:\/\/newvoiceinternational.com\/wp-content\/uploads\/2023\/07\/phonekom-768x127.png","contentUrl":"https:\/\/newvoiceinternational.com\/wp-content\/uploads\/2023\/07\/phonekom-768x127.png"},{"@type":"BreadcrumbList","@id":"https:\/\/newvoiceinternational.com\/de\/phonekom\/#breadcrumb","itemListElement":[{"@type":"ListItem","position":1,"name":"Home","item":"https:\/\/newvoiceinternational.com\/de\/"},{"@type":"ListItem","position":2,"name":"phonekom"}]},{"@type":"WebSite","@id":"https:\/\/newvoiceinternational.com\/de\/#website","url":"https:\/\/newvoiceinternational.com\/de\/","name":"NewVoice International","description":"","publisher":{"@id":"https:\/\/newvoiceinternational.com\/de\/#organization"},"potentialAction":[{"@type":"SearchAction","target":{"@type":"EntryPoint","urlTemplate":"https:\/\/newvoiceinternational.com\/de\/?s={search_term_string}"},"query-input":{"@type":"PropertyValueSpecification","valueRequired":true,"valueName":"search_term_string"}}],"inLanguage":"de"},{"@type":"Organization","@id":"https:\/\/newvoiceinternational.com\/de\/#organization","name":"NewVoice International","url":"https:\/\/newvoiceinternational.com\/de\/","logo":{"@type":"ImageObject","inLanguage":"de","@id":"https:\/\/newvoiceinternational.com\/de\/#\/schema\/logo\/image\/","url":"https:\/\/newvoiceinternational.com\/wp-content\/uploads\/2022\/06\/NV_Logo_RGB.png","contentUrl":"https:\/\/newvoiceinternational.com\/wp-content\/uploads\/2022\/06\/NV_Logo_RGB.png","width":1200,"height":315,"caption":"NewVoice International"},"image":{"@id":"https:\/\/newvoiceinternational.com\/de\/#\/schema\/logo\/image\/"}}]}},"_links":{"self":[{"href":"https:\/\/newvoiceinternational.com\/de\/wp-json\/wp\/v2\/pages\/28826","targetHints":{"allow":["GET"]}}],"collection":[{"href":"https:\/\/newvoiceinternational.com\/de\/wp-json\/wp\/v2\/pages"}],"about":[{"href":"https:\/\/newvoiceinternational.com\/de\/wp-json\/wp\/v2\/types\/page"}],"author":[{"embeddable":true,"href":"https:\/\/newvoiceinternational.com\/de\/wp-json\/wp\/v2\/users\/5"}],"replies":[{"embeddable":true,"href":"https:\/\/newvoiceinternational.com\/de\/wp-json\/wp\/v2\/comments?post=28826"}],"version-history":[{"count":0,"href":"https:\/\/newvoiceinternational.com\/de\/wp-json\/wp\/v2\/pages\/28826\/revisions"}],"wp:attachment":[{"href":"https:\/\/newvoiceinternational.com\/de\/wp-json\/wp\/v2\/media?parent=28826"}],"curies":[{"name":"wp","href":"https:\/\/api.w.org\/{rel}","templated":true}]}}