{"id":28547,"date":"2023-07-05T13:32:45","date_gmt":"2023-07-05T12:32:45","guid":{"rendered":"https:\/\/newvoiceinternational.com\/techniklotsen\/"},"modified":"2023-07-05T13:38:28","modified_gmt":"2023-07-05T12:38:28","slug":"techniklotsen","status":"publish","type":"page","link":"https:\/\/newvoiceinternational.com\/de\/techniklotsen\/","title":{"rendered":"Techniklotsen"},"content":{"rendered":"\t\t<div data-elementor-type=\"wp-page\" data-elementor-id=\"28547\" class=\"elementor elementor-28547 elementor-28539\" data-elementor-post-type=\"page\">\n\t\t\t\t\t\t<section class=\"elementor-section elementor-top-section elementor-element elementor-element-e7502fe elementor-section-boxed elementor-section-height-default elementor-section-height-default\" data-id=\"e7502fe\" data-element_type=\"section\" data-e-type=\"section\">\n\t\t\t\t\t\t<div class=\"elementor-container elementor-column-gap-default\">\n\t\t\t\t\t<div class=\"elementor-column elementor-col-100 elementor-top-column elementor-element elementor-element-04af383\" data-id=\"04af383\" data-element_type=\"column\" data-e-type=\"column\">\n\t\t\t<div class=\"elementor-widget-wrap elementor-element-populated\">\n\t\t\t\t\t\t<div class=\"elementor-element elementor-element-b7e1b3e elementor-widget elementor-widget-image\" data-id=\"b7e1b3e\" data-element_type=\"widget\" data-e-type=\"widget\" data-widget_type=\"image.default\">\n\t\t\t\t<div class=\"elementor-widget-container\">\n\t\t\t\t\t\t\t\t\t\t\t\t\t\t\t<img fetchpriority=\"high\" decoding=\"async\" width=\"580\" height=\"150\" src=\"https:\/\/newvoiceinternational.com\/wp-content\/uploads\/2023\/07\/LOGO-Techniklotsen_freigestellt_claim-768x199.png\" class=\"attachment-medium_large size-medium_large wp-image-28543\" alt=\"\" srcset=\"https:\/\/newvoiceinternational.com\/wp-content\/uploads\/2023\/07\/LOGO-Techniklotsen_freigestellt_claim-768x199.png 768w, https:\/\/newvoiceinternational.com\/wp-content\/uploads\/2023\/07\/LOGO-Techniklotsen_freigestellt_claim-300x78.png 300w, https:\/\/newvoiceinternational.com\/wp-content\/uploads\/2023\/07\/LOGO-Techniklotsen_freigestellt_claim-1024x265.png 1024w, https:\/\/newvoiceinternational.com\/wp-content\/uploads\/2023\/07\/LOGO-Techniklotsen_freigestellt_claim-1536x398.png 1536w, https:\/\/newvoiceinternational.com\/wp-content\/uploads\/2023\/07\/LOGO-Techniklotsen_freigestellt_claim-2048x530.png 2048w, https:\/\/newvoiceinternational.com\/wp-content\/uploads\/2023\/07\/LOGO-Techniklotsen_freigestellt_claim-1200x311.png 1200w, https:\/\/newvoiceinternational.com\/wp-content\/uploads\/2023\/07\/LOGO-Techniklotsen_freigestellt_claim-1980x513.png 1980w\" sizes=\"(max-width: 580px) 100vw, 580px\" \/>\t\t\t\t\t\t\t\t\t\t\t\t\t\t\t<\/div>\n\t\t\t\t<\/div>\n\t\t\t\t\t<\/div>\n\t\t<\/div>\n\t\t\t\t\t<\/div>\n\t\t<\/section>\n\t\t\t\t<section class=\"elementor-section elementor-top-section elementor-element elementor-element-cfdd1dd elementor-section-boxed elementor-section-height-default elementor-section-height-default\" data-id=\"cfdd1dd\" data-element_type=\"section\" data-e-type=\"section\">\n\t\t\t\t\t\t<div class=\"elementor-container elementor-column-gap-default\">\n\t\t\t\t\t<div class=\"elementor-column elementor-col-100 elementor-top-column elementor-element elementor-element-f82a605\" data-id=\"f82a605\" data-element_type=\"column\" data-e-type=\"column\">\n\t\t\t<div class=\"elementor-widget-wrap elementor-element-populated\">\n\t\t\t\t\t\t<div class=\"elementor-element elementor-element-875297b elementor-widget elementor-widget-text-editor\" data-id=\"875297b\" data-element_type=\"widget\" data-e-type=\"widget\" data-widget_type=\"text-editor.default\">\n\t\t\t\t<div class=\"elementor-widget-container\">\n\t\t\t\t\t\t\t\t\t<p>Als Spezial-Dienstleister f\u00fcr die Sozial- und Gesundheitswirtschaft sind wir Ihr Partner f\u00fcr die IT-Abteilung oder bieten Ihnen als Komplettanbieter ma\u00dfgeschneiderte IT- und Telefonie-Branchenl\u00f6sungen.<\/p>\n<p>Mit einem Team von \u00fcber 80 erfahrenen Spezialistinnen und Spezialisten sind wir von unserem Standort Bielefeld aus f\u00fcr unsere Kunden in ganz Deutschland da.<\/p>\n<p>Wir machen Technik, die sich bew\u00e4hrt hat, f\u00fcr Sie individuell und zukunftssicher nutzbar.<\/p>\n<p>Erfahren Sie mehr: <a href=\"http:\/\/www.techniklotsen.de\">www.techniklotsen.de<\/a><\/p>\n\t\t\t\t\t\t\t\t<\/div>\n\t\t\t\t<\/div>\n\t\t\t\t\t<\/div>\n\t\t<\/div>\n\t\t\t\t\t<\/div>\n\t\t<\/section>\n\t\t\t\t<\/div>\n\t\t","protected":false},"excerpt":{"rendered":"<p>Als Spezial-Dienstleister f\u00fcr die Sozial- und Gesundheitswirtschaft sind wir Ihr Partner f\u00fcr die IT-Abteilung oder bieten Ihnen als Komplettanbieter ma\u00dfgeschneiderte IT- und Telefonie-Branchenl\u00f6sungen. Mit einem Team von \u00fcber 80 erfahrenen Spezialistinnen und Spezialisten sind wir von unserem Standort Bielefeld aus f\u00fcr unsere Kunden in ganz Deutschland da. Wir machen Technik, die sich bew\u00e4hrt hat, f\u00fcr [&hellip;]<\/p>\n","protected":false},"author":5,"featured_media":0,"parent":0,"menu_order":0,"comment_status":"closed","ping_status":"closed","template":"elementor_header_footer","meta":{"_eb_attr":"","inline_featured_image":false,"footnotes":""},"class_list":["post-28547","page","type-page","status-publish","hentry"],"acf":[],"yoast_head":"<!-- This site is optimized with the Yoast SEO plugin v27.4 - https:\/\/yoast.com\/product\/yoast-seo-wordpress\/ -->\n<title>Techniklotsen - NewVoice International<\/title>\n<meta name=\"robots\" content=\"index, follow, max-snippet:-1, max-image-preview:large, max-video-preview:-1\" \/>\n<link rel=\"canonical\" href=\"https:\/\/newvoiceinternational.com\/de\/techniklotsen\/\" \/>\n<meta property=\"og:locale\" content=\"de_DE\" \/>\n<meta property=\"og:type\" content=\"article\" \/>\n<meta property=\"og:title\" content=\"Techniklotsen - NewVoice International\" \/>\n<meta property=\"og:description\" content=\"Als Spezial-Dienstleister f\u00fcr die Sozial- und Gesundheitswirtschaft sind wir Ihr Partner f\u00fcr die IT-Abteilung oder bieten Ihnen als Komplettanbieter ma\u00dfgeschneiderte IT- und Telefonie-Branchenl\u00f6sungen. Mit einem Team von \u00fcber 80 erfahrenen Spezialistinnen und Spezialisten sind wir von unserem Standort Bielefeld aus f\u00fcr unsere Kunden in ganz Deutschland da. Wir machen Technik, die sich bew\u00e4hrt hat, f\u00fcr [&hellip;]\" \/>\n<meta property=\"og:url\" content=\"https:\/\/newvoiceinternational.com\/de\/techniklotsen\/\" \/>\n<meta property=\"og:site_name\" content=\"NewVoice International\" \/>\n<meta property=\"article:modified_time\" content=\"2023-07-05T12:38:28+00:00\" \/>\n<meta property=\"og:image\" content=\"https:\/\/newvoiceinternational.com\/wp-content\/uploads\/2023\/07\/LOGO-Techniklotsen_freigestellt_claim-768x199.png\" \/>\n<meta name=\"twitter:card\" content=\"summary_large_image\" \/>\n<script type=\"application\/ld+json\" class=\"yoast-schema-graph\">{\"@context\":\"https:\\\/\\\/schema.org\",\"@graph\":[{\"@type\":\"WebPage\",\"@id\":\"https:\\\/\\\/newvoiceinternational.com\\\/de\\\/techniklotsen\\\/\",\"url\":\"https:\\\/\\\/newvoiceinternational.com\\\/de\\\/techniklotsen\\\/\",\"name\":\"Techniklotsen - NewVoice International\",\"isPartOf\":{\"@id\":\"https:\\\/\\\/newvoiceinternational.com\\\/de\\\/#website\"},\"primaryImageOfPage\":{\"@id\":\"https:\\\/\\\/newvoiceinternational.com\\\/de\\\/techniklotsen\\\/#primaryimage\"},\"image\":{\"@id\":\"https:\\\/\\\/newvoiceinternational.com\\\/de\\\/techniklotsen\\\/#primaryimage\"},\"thumbnailUrl\":\"https:\\\/\\\/newvoiceinternational.com\\\/wp-content\\\/uploads\\\/2023\\\/07\\\/LOGO-Techniklotsen_freigestellt_claim-768x199.png\",\"datePublished\":\"2023-07-05T12:32:45+00:00\",\"dateModified\":\"2023-07-05T12:38:28+00:00\",\"breadcrumb\":{\"@id\":\"https:\\\/\\\/newvoiceinternational.com\\\/de\\\/techniklotsen\\\/#breadcrumb\"},\"inLanguage\":\"de\",\"potentialAction\":[{\"@type\":\"ReadAction\",\"target\":[\"https:\\\/\\\/newvoiceinternational.com\\\/de\\\/techniklotsen\\\/\"]}]},{\"@type\":\"ImageObject\",\"inLanguage\":\"de\",\"@id\":\"https:\\\/\\\/newvoiceinternational.com\\\/de\\\/techniklotsen\\\/#primaryimage\",\"url\":\"https:\\\/\\\/newvoiceinternational.com\\\/wp-content\\\/uploads\\\/2023\\\/07\\\/LOGO-Techniklotsen_freigestellt_claim-768x199.png\",\"contentUrl\":\"https:\\\/\\\/newvoiceinternational.com\\\/wp-content\\\/uploads\\\/2023\\\/07\\\/LOGO-Techniklotsen_freigestellt_claim-768x199.png\"},{\"@type\":\"BreadcrumbList\",\"@id\":\"https:\\\/\\\/newvoiceinternational.com\\\/de\\\/techniklotsen\\\/#breadcrumb\",\"itemListElement\":[{\"@type\":\"ListItem\",\"position\":1,\"name\":\"Home\",\"item\":\"https:\\\/\\\/newvoiceinternational.com\\\/de\\\/\"},{\"@type\":\"ListItem\",\"position\":2,\"name\":\"Techniklotsen\"}]},{\"@type\":\"WebSite\",\"@id\":\"https:\\\/\\\/newvoiceinternational.com\\\/de\\\/#website\",\"url\":\"https:\\\/\\\/newvoiceinternational.com\\\/de\\\/\",\"name\":\"NewVoice International\",\"description\":\"\",\"publisher\":{\"@id\":\"https:\\\/\\\/newvoiceinternational.com\\\/de\\\/#organization\"},\"potentialAction\":[{\"@type\":\"SearchAction\",\"target\":{\"@type\":\"EntryPoint\",\"urlTemplate\":\"https:\\\/\\\/newvoiceinternational.com\\\/de\\\/?s={search_term_string}\"},\"query-input\":{\"@type\":\"PropertyValueSpecification\",\"valueRequired\":true,\"valueName\":\"search_term_string\"}}],\"inLanguage\":\"de\"},{\"@type\":\"Organization\",\"@id\":\"https:\\\/\\\/newvoiceinternational.com\\\/de\\\/#organization\",\"name\":\"NewVoice International\",\"url\":\"https:\\\/\\\/newvoiceinternational.com\\\/de\\\/\",\"logo\":{\"@type\":\"ImageObject\",\"inLanguage\":\"de\",\"@id\":\"https:\\\/\\\/newvoiceinternational.com\\\/de\\\/#\\\/schema\\\/logo\\\/image\\\/\",\"url\":\"https:\\\/\\\/newvoiceinternational.com\\\/wp-content\\\/uploads\\\/2022\\\/06\\\/NV_Logo_RGB.png\",\"contentUrl\":\"https:\\\/\\\/newvoiceinternational.com\\\/wp-content\\\/uploads\\\/2022\\\/06\\\/NV_Logo_RGB.png\",\"width\":1200,\"height\":315,\"caption\":\"NewVoice International\"},\"image\":{\"@id\":\"https:\\\/\\\/newvoiceinternational.com\\\/de\\\/#\\\/schema\\\/logo\\\/image\\\/\"}}]}<\/script>\n<!-- \/ Yoast SEO plugin. -->","yoast_head_json":{"title":"Techniklotsen - NewVoice International","robots":{"index":"index","follow":"follow","max-snippet":"max-snippet:-1","max-image-preview":"max-image-preview:large","max-video-preview":"max-video-preview:-1"},"canonical":"https:\/\/newvoiceinternational.com\/de\/techniklotsen\/","og_locale":"de_DE","og_type":"article","og_title":"Techniklotsen - NewVoice International","og_description":"Als Spezial-Dienstleister f\u00fcr die Sozial- und Gesundheitswirtschaft sind wir Ihr Partner f\u00fcr die IT-Abteilung oder bieten Ihnen als Komplettanbieter ma\u00dfgeschneiderte IT- und Telefonie-Branchenl\u00f6sungen. Mit einem Team von \u00fcber 80 erfahrenen Spezialistinnen und Spezialisten sind wir von unserem Standort Bielefeld aus f\u00fcr unsere Kunden in ganz Deutschland da. Wir machen Technik, die sich bew\u00e4hrt hat, f\u00fcr [&hellip;]","og_url":"https:\/\/newvoiceinternational.com\/de\/techniklotsen\/","og_site_name":"NewVoice International","article_modified_time":"2023-07-05T12:38:28+00:00","og_image":[{"url":"https:\/\/newvoiceinternational.com\/wp-content\/uploads\/2023\/07\/LOGO-Techniklotsen_freigestellt_claim-768x199.png","type":"","width":"","height":""}],"twitter_card":"summary_large_image","schema":{"@context":"https:\/\/schema.org","@graph":[{"@type":"WebPage","@id":"https:\/\/newvoiceinternational.com\/de\/techniklotsen\/","url":"https:\/\/newvoiceinternational.com\/de\/techniklotsen\/","name":"Techniklotsen - NewVoice International","isPartOf":{"@id":"https:\/\/newvoiceinternational.com\/de\/#website"},"primaryImageOfPage":{"@id":"https:\/\/newvoiceinternational.com\/de\/techniklotsen\/#primaryimage"},"image":{"@id":"https:\/\/newvoiceinternational.com\/de\/techniklotsen\/#primaryimage"},"thumbnailUrl":"https:\/\/newvoiceinternational.com\/wp-content\/uploads\/2023\/07\/LOGO-Techniklotsen_freigestellt_claim-768x199.png","datePublished":"2023-07-05T12:32:45+00:00","dateModified":"2023-07-05T12:38:28+00:00","breadcrumb":{"@id":"https:\/\/newvoiceinternational.com\/de\/techniklotsen\/#breadcrumb"},"inLanguage":"de","potentialAction":[{"@type":"ReadAction","target":["https:\/\/newvoiceinternational.com\/de\/techniklotsen\/"]}]},{"@type":"ImageObject","inLanguage":"de","@id":"https:\/\/newvoiceinternational.com\/de\/techniklotsen\/#primaryimage","url":"https:\/\/newvoiceinternational.com\/wp-content\/uploads\/2023\/07\/LOGO-Techniklotsen_freigestellt_claim-768x199.png","contentUrl":"https:\/\/newvoiceinternational.com\/wp-content\/uploads\/2023\/07\/LOGO-Techniklotsen_freigestellt_claim-768x199.png"},{"@type":"BreadcrumbList","@id":"https:\/\/newvoiceinternational.com\/de\/techniklotsen\/#breadcrumb","itemListElement":[{"@type":"ListItem","position":1,"name":"Home","item":"https:\/\/newvoiceinternational.com\/de\/"},{"@type":"ListItem","position":2,"name":"Techniklotsen"}]},{"@type":"WebSite","@id":"https:\/\/newvoiceinternational.com\/de\/#website","url":"https:\/\/newvoiceinternational.com\/de\/","name":"NewVoice International","description":"","publisher":{"@id":"https:\/\/newvoiceinternational.com\/de\/#organization"},"potentialAction":[{"@type":"SearchAction","target":{"@type":"EntryPoint","urlTemplate":"https:\/\/newvoiceinternational.com\/de\/?s={search_term_string}"},"query-input":{"@type":"PropertyValueSpecification","valueRequired":true,"valueName":"search_term_string"}}],"inLanguage":"de"},{"@type":"Organization","@id":"https:\/\/newvoiceinternational.com\/de\/#organization","name":"NewVoice International","url":"https:\/\/newvoiceinternational.com\/de\/","logo":{"@type":"ImageObject","inLanguage":"de","@id":"https:\/\/newvoiceinternational.com\/de\/#\/schema\/logo\/image\/","url":"https:\/\/newvoiceinternational.com\/wp-content\/uploads\/2022\/06\/NV_Logo_RGB.png","contentUrl":"https:\/\/newvoiceinternational.com\/wp-content\/uploads\/2022\/06\/NV_Logo_RGB.png","width":1200,"height":315,"caption":"NewVoice International"},"image":{"@id":"https:\/\/newvoiceinternational.com\/de\/#\/schema\/logo\/image\/"}}]}},"_links":{"self":[{"href":"https:\/\/newvoiceinternational.com\/de\/wp-json\/wp\/v2\/pages\/28547","targetHints":{"allow":["GET"]}}],"collection":[{"href":"https:\/\/newvoiceinternational.com\/de\/wp-json\/wp\/v2\/pages"}],"about":[{"href":"https:\/\/newvoiceinternational.com\/de\/wp-json\/wp\/v2\/types\/page"}],"author":[{"embeddable":true,"href":"https:\/\/newvoiceinternational.com\/de\/wp-json\/wp\/v2\/users\/5"}],"replies":[{"embeddable":true,"href":"https:\/\/newvoiceinternational.com\/de\/wp-json\/wp\/v2\/comments?post=28547"}],"version-history":[{"count":0,"href":"https:\/\/newvoiceinternational.com\/de\/wp-json\/wp\/v2\/pages\/28547\/revisions"}],"wp:attachment":[{"href":"https:\/\/newvoiceinternational.com\/de\/wp-json\/wp\/v2\/media?parent=28547"}],"curies":[{"name":"wp","href":"https:\/\/api.w.org\/{rel}","templated":true}]}}