{"id":28458,"date":"2023-07-05T10:39:17","date_gmt":"2023-07-05T09:39:17","guid":{"rendered":"https:\/\/newvoiceinternational.com\/pke\/"},"modified":"2023-07-06T09:20:07","modified_gmt":"2023-07-06T08:20:07","slug":"pke","status":"publish","type":"page","link":"https:\/\/newvoiceinternational.com\/de\/pke\/","title":{"rendered":"PKE"},"content":{"rendered":"\t\t<div data-elementor-type=\"wp-page\" data-elementor-id=\"28458\" class=\"elementor elementor-28458 elementor-28447\" data-elementor-post-type=\"page\">\n\t\t\t\t\t\t<section class=\"elementor-section elementor-top-section elementor-element elementor-element-e7502fe elementor-section-boxed elementor-section-height-default elementor-section-height-default\" data-id=\"e7502fe\" data-element_type=\"section\" data-e-type=\"section\">\n\t\t\t\t\t\t<div class=\"elementor-container elementor-column-gap-default\">\n\t\t\t\t\t<div class=\"elementor-column elementor-col-100 elementor-top-column elementor-element elementor-element-04af383\" data-id=\"04af383\" data-element_type=\"column\" data-e-type=\"column\">\n\t\t\t<div class=\"elementor-widget-wrap elementor-element-populated\">\n\t\t\t\t\t\t<div class=\"elementor-element elementor-element-b7e1b3e elementor-widget elementor-widget-image\" data-id=\"b7e1b3e\" data-element_type=\"widget\" data-e-type=\"widget\" data-widget_type=\"image.default\">\n\t\t\t\t<div class=\"elementor-widget-container\">\n\t\t\t\t\t\t\t\t\t\t\t\t\t\t\t\t<a href=\"http:\/\/www.pke.at\">\n\t\t\t\t\t\t\t<img fetchpriority=\"high\" decoding=\"async\" width=\"580\" height=\"160\" src=\"https:\/\/newvoiceinternational.com\/wp-content\/uploads\/2023\/07\/PKE_logos_2022_Blau_PKE_blue_only-768x212.png\" class=\"attachment-medium_large size-medium_large wp-image-28446\" alt=\"\" srcset=\"https:\/\/newvoiceinternational.com\/wp-content\/uploads\/2023\/07\/PKE_logos_2022_Blau_PKE_blue_only-768x212.png 768w, https:\/\/newvoiceinternational.com\/wp-content\/uploads\/2023\/07\/PKE_logos_2022_Blau_PKE_blue_only-300x83.png 300w, https:\/\/newvoiceinternational.com\/wp-content\/uploads\/2023\/07\/PKE_logos_2022_Blau_PKE_blue_only.png 1012w\" sizes=\"(max-width: 580px) 100vw, 580px\" \/>\t\t\t\t\t\t\t\t<\/a>\n\t\t\t\t\t\t\t\t\t\t\t\t\t\t\t<\/div>\n\t\t\t\t<\/div>\n\t\t\t\t\t<\/div>\n\t\t<\/div>\n\t\t\t\t\t<\/div>\n\t\t<\/section>\n\t\t\t\t<section class=\"elementor-section elementor-top-section elementor-element elementor-element-cfdd1dd elementor-section-boxed elementor-section-height-default elementor-section-height-default\" data-id=\"cfdd1dd\" data-element_type=\"section\" data-e-type=\"section\">\n\t\t\t\t\t\t<div class=\"elementor-container elementor-column-gap-default\">\n\t\t\t\t\t<div class=\"elementor-column elementor-col-100 elementor-top-column elementor-element elementor-element-f82a605\" data-id=\"f82a605\" data-element_type=\"column\" data-e-type=\"column\">\n\t\t\t<div class=\"elementor-widget-wrap elementor-element-populated\">\n\t\t\t\t\t\t<div class=\"elementor-element elementor-element-875297b elementor-widget elementor-widget-text-editor\" data-id=\"875297b\" data-element_type=\"widget\" data-e-type=\"widget\" data-widget_type=\"text-editor.default\">\n\t\t\t\t<div class=\"elementor-widget-container\">\n\t\t\t\t\t\t\t\t\t<p>Als f\u00fchrender europ\u00e4ischer Anbieter in den Bereichen Sicherheit, Kommunikation, Software Solutions, Medien-, Geb\u00e4ude- und Haustechnik sowie Verkehrstechnik, Parking Systems und Facility Management hat die PKE Gruppe in \u00fcber vier Jahrzehnten zahlreiche Projekte, unter anderem in sehr anspruchsvolle Hochsicherheitsbereichen, im In- und Ausland realisiert.<\/p><p>Unser Ziel ist es dabei, h\u00f6chste Verf\u00fcgbarkeit, Sicherheit, Zuverl\u00e4ssigkeit und Flexibilit\u00e4t f\u00fcr die Projekte unserer Kunden zu garantieren.<\/p><p>Mit unserer Konzernzentrale in Wien und bereits 25 Niederlassungen in \u00d6sterreich, Deutschland und der Schweiz kann PKE ihr Portfolio im deutschsprachigen Raum fl\u00e4chendeckend anbieten. Dar\u00fcber hinaus agiert die PKE Gruppe mit zahlreichen Niederlassungen und Tochtergesellschaften in weiteren 8 internationalen Standorten und setzt Projekte in mehr als 30 L\u00e4ndern stets erfolgreich um.<\/p><p>Unsere Expertise und langj\u00e4hrige Erfahrung haben uns zu einem der f\u00fchrenden herstellerneutralen L\u00f6sungsanbieter gemacht. Mit \u00fcber 2000 Mitarbeitern und einem Jahresumsatz von 300 Mio. \u20ac entwickelt sich die PKE Gruppe als stabiler und verl\u00e4sslicher Partner stetig weiter, um Ihren Kunden innovative, zuverl\u00e4ssige und ma\u00dfgeschneiderte L\u00f6sungen anzubieten.<\/p><p>Bei uns stehen dabei unsere Kunden und Ihre individuellen Anforderungen stets im Vordergrund und Fokus.<\/p><p><span style=\"color: #3f4350; font-family: 'Open Sans', sans-serif; font-size: 13.5px; white-space-collapse: preserve;\">Erfahren Sie mehr: <\/span><a style=\"font-family: var( --e-global-typography-text-font-family ), Sans-serif; font-size: var( --e-global-typography-text-font-size ); font-style: var( --e-global-typography-text-font-style ); font-weight: var( --e-global-typography-text-font-weight ); letter-spacing: var( --e-global-typography-text-letter-spacing ); text-transform: var( --e-global-typography-text-text-transform );\" href=\"http:\/\/www.pke.at\" target=\"_blank\" rel=\"noopener\">www.pke.at<\/a><\/p>\t\t\t\t\t\t\t\t<\/div>\n\t\t\t\t<\/div>\n\t\t\t\t\t<\/div>\n\t\t<\/div>\n\t\t\t\t\t<\/div>\n\t\t<\/section>\n\t\t\t\t<\/div>\n\t\t","protected":false},"excerpt":{"rendered":"<p>Als f\u00fchrender europ\u00e4ischer Anbieter in den Bereichen Sicherheit, Kommunikation, Software Solutions, Medien-, Geb\u00e4ude- und Haustechnik sowie Verkehrstechnik, Parking Systems und Facility Management hat die PKE Gruppe in \u00fcber vier Jahrzehnten zahlreiche Projekte, unter anderem in sehr anspruchsvolle Hochsicherheitsbereichen, im In- und Ausland realisiert. Unser Ziel ist es dabei, h\u00f6chste Verf\u00fcgbarkeit, Sicherheit, Zuverl\u00e4ssigkeit und Flexibilit\u00e4t f\u00fcr [&hellip;]<\/p>\n","protected":false},"author":5,"featured_media":0,"parent":0,"menu_order":0,"comment_status":"closed","ping_status":"closed","template":"elementor_header_footer","meta":{"_eb_attr":"","inline_featured_image":false,"footnotes":""},"class_list":["post-28458","page","type-page","status-publish","hentry"],"acf":[],"yoast_head":"<!-- This site is optimized with the Yoast SEO plugin v27.4 - https:\/\/yoast.com\/product\/yoast-seo-wordpress\/ -->\n<title>PKE - NewVoice International<\/title>\n<meta name=\"robots\" content=\"index, follow, max-snippet:-1, max-image-preview:large, max-video-preview:-1\" \/>\n<link rel=\"canonical\" href=\"https:\/\/newvoiceinternational.com\/de\/pke\/\" \/>\n<meta property=\"og:locale\" content=\"de_DE\" \/>\n<meta property=\"og:type\" content=\"article\" \/>\n<meta property=\"og:title\" content=\"PKE - NewVoice International\" \/>\n<meta property=\"og:description\" content=\"Als f\u00fchrender europ\u00e4ischer Anbieter in den Bereichen Sicherheit, Kommunikation, Software Solutions, Medien-, Geb\u00e4ude- und Haustechnik sowie Verkehrstechnik, Parking Systems und Facility Management hat die PKE Gruppe in \u00fcber vier Jahrzehnten zahlreiche Projekte, unter anderem in sehr anspruchsvolle Hochsicherheitsbereichen, im In- und Ausland realisiert. Unser Ziel ist es dabei, h\u00f6chste Verf\u00fcgbarkeit, Sicherheit, Zuverl\u00e4ssigkeit und Flexibilit\u00e4t f\u00fcr [&hellip;]\" \/>\n<meta property=\"og:url\" content=\"https:\/\/newvoiceinternational.com\/de\/pke\/\" \/>\n<meta property=\"og:site_name\" content=\"NewVoice International\" \/>\n<meta property=\"article:modified_time\" content=\"2023-07-06T08:20:07+00:00\" \/>\n<meta property=\"og:image\" content=\"https:\/\/newvoiceinternational.com\/wp-content\/uploads\/2023\/07\/PKE_logos_2022_Blau_PKE_blue_only-768x212.png\" \/>\n<meta name=\"twitter:card\" content=\"summary_large_image\" \/>\n<meta name=\"twitter:label1\" content=\"Gesch\u00e4tzte Lesezeit\" \/>\n\t<meta name=\"twitter:data1\" content=\"2\u00a0Minuten\" \/>\n<script type=\"application\/ld+json\" class=\"yoast-schema-graph\">{\"@context\":\"https:\\\/\\\/schema.org\",\"@graph\":[{\"@type\":\"WebPage\",\"@id\":\"https:\\\/\\\/newvoiceinternational.com\\\/de\\\/pke\\\/\",\"url\":\"https:\\\/\\\/newvoiceinternational.com\\\/de\\\/pke\\\/\",\"name\":\"PKE - NewVoice International\",\"isPartOf\":{\"@id\":\"https:\\\/\\\/newvoiceinternational.com\\\/de\\\/#website\"},\"primaryImageOfPage\":{\"@id\":\"https:\\\/\\\/newvoiceinternational.com\\\/de\\\/pke\\\/#primaryimage\"},\"image\":{\"@id\":\"https:\\\/\\\/newvoiceinternational.com\\\/de\\\/pke\\\/#primaryimage\"},\"thumbnailUrl\":\"https:\\\/\\\/newvoiceinternational.com\\\/wp-content\\\/uploads\\\/2023\\\/07\\\/PKE_logos_2022_Blau_PKE_blue_only-768x212.png\",\"datePublished\":\"2023-07-05T09:39:17+00:00\",\"dateModified\":\"2023-07-06T08:20:07+00:00\",\"breadcrumb\":{\"@id\":\"https:\\\/\\\/newvoiceinternational.com\\\/de\\\/pke\\\/#breadcrumb\"},\"inLanguage\":\"de\",\"potentialAction\":[{\"@type\":\"ReadAction\",\"target\":[\"https:\\\/\\\/newvoiceinternational.com\\\/de\\\/pke\\\/\"]}]},{\"@type\":\"ImageObject\",\"inLanguage\":\"de\",\"@id\":\"https:\\\/\\\/newvoiceinternational.com\\\/de\\\/pke\\\/#primaryimage\",\"url\":\"https:\\\/\\\/newvoiceinternational.com\\\/wp-content\\\/uploads\\\/2023\\\/07\\\/PKE_logos_2022_Blau_PKE_blue_only-768x212.png\",\"contentUrl\":\"https:\\\/\\\/newvoiceinternational.com\\\/wp-content\\\/uploads\\\/2023\\\/07\\\/PKE_logos_2022_Blau_PKE_blue_only-768x212.png\"},{\"@type\":\"BreadcrumbList\",\"@id\":\"https:\\\/\\\/newvoiceinternational.com\\\/de\\\/pke\\\/#breadcrumb\",\"itemListElement\":[{\"@type\":\"ListItem\",\"position\":1,\"name\":\"Home\",\"item\":\"https:\\\/\\\/newvoiceinternational.com\\\/de\\\/\"},{\"@type\":\"ListItem\",\"position\":2,\"name\":\"PKE\"}]},{\"@type\":\"WebSite\",\"@id\":\"https:\\\/\\\/newvoiceinternational.com\\\/de\\\/#website\",\"url\":\"https:\\\/\\\/newvoiceinternational.com\\\/de\\\/\",\"name\":\"NewVoice International\",\"description\":\"\",\"publisher\":{\"@id\":\"https:\\\/\\\/newvoiceinternational.com\\\/de\\\/#organization\"},\"potentialAction\":[{\"@type\":\"SearchAction\",\"target\":{\"@type\":\"EntryPoint\",\"urlTemplate\":\"https:\\\/\\\/newvoiceinternational.com\\\/de\\\/?s={search_term_string}\"},\"query-input\":{\"@type\":\"PropertyValueSpecification\",\"valueRequired\":true,\"valueName\":\"search_term_string\"}}],\"inLanguage\":\"de\"},{\"@type\":\"Organization\",\"@id\":\"https:\\\/\\\/newvoiceinternational.com\\\/de\\\/#organization\",\"name\":\"NewVoice International\",\"url\":\"https:\\\/\\\/newvoiceinternational.com\\\/de\\\/\",\"logo\":{\"@type\":\"ImageObject\",\"inLanguage\":\"de\",\"@id\":\"https:\\\/\\\/newvoiceinternational.com\\\/de\\\/#\\\/schema\\\/logo\\\/image\\\/\",\"url\":\"https:\\\/\\\/newvoiceinternational.com\\\/wp-content\\\/uploads\\\/2022\\\/06\\\/NV_Logo_RGB.png\",\"contentUrl\":\"https:\\\/\\\/newvoiceinternational.com\\\/wp-content\\\/uploads\\\/2022\\\/06\\\/NV_Logo_RGB.png\",\"width\":1200,\"height\":315,\"caption\":\"NewVoice International\"},\"image\":{\"@id\":\"https:\\\/\\\/newvoiceinternational.com\\\/de\\\/#\\\/schema\\\/logo\\\/image\\\/\"}}]}<\/script>\n<!-- \/ Yoast SEO plugin. -->","yoast_head_json":{"title":"PKE - NewVoice International","robots":{"index":"index","follow":"follow","max-snippet":"max-snippet:-1","max-image-preview":"max-image-preview:large","max-video-preview":"max-video-preview:-1"},"canonical":"https:\/\/newvoiceinternational.com\/de\/pke\/","og_locale":"de_DE","og_type":"article","og_title":"PKE - NewVoice International","og_description":"Als f\u00fchrender europ\u00e4ischer Anbieter in den Bereichen Sicherheit, Kommunikation, Software Solutions, Medien-, Geb\u00e4ude- und Haustechnik sowie Verkehrstechnik, Parking Systems und Facility Management hat die PKE Gruppe in \u00fcber vier Jahrzehnten zahlreiche Projekte, unter anderem in sehr anspruchsvolle Hochsicherheitsbereichen, im In- und Ausland realisiert. Unser Ziel ist es dabei, h\u00f6chste Verf\u00fcgbarkeit, Sicherheit, Zuverl\u00e4ssigkeit und Flexibilit\u00e4t f\u00fcr [&hellip;]","og_url":"https:\/\/newvoiceinternational.com\/de\/pke\/","og_site_name":"NewVoice International","article_modified_time":"2023-07-06T08:20:07+00:00","og_image":[{"url":"https:\/\/newvoiceinternational.com\/wp-content\/uploads\/2023\/07\/PKE_logos_2022_Blau_PKE_blue_only-768x212.png","type":"","width":"","height":""}],"twitter_card":"summary_large_image","twitter_misc":{"Gesch\u00e4tzte Lesezeit":"2\u00a0Minuten"},"schema":{"@context":"https:\/\/schema.org","@graph":[{"@type":"WebPage","@id":"https:\/\/newvoiceinternational.com\/de\/pke\/","url":"https:\/\/newvoiceinternational.com\/de\/pke\/","name":"PKE - NewVoice International","isPartOf":{"@id":"https:\/\/newvoiceinternational.com\/de\/#website"},"primaryImageOfPage":{"@id":"https:\/\/newvoiceinternational.com\/de\/pke\/#primaryimage"},"image":{"@id":"https:\/\/newvoiceinternational.com\/de\/pke\/#primaryimage"},"thumbnailUrl":"https:\/\/newvoiceinternational.com\/wp-content\/uploads\/2023\/07\/PKE_logos_2022_Blau_PKE_blue_only-768x212.png","datePublished":"2023-07-05T09:39:17+00:00","dateModified":"2023-07-06T08:20:07+00:00","breadcrumb":{"@id":"https:\/\/newvoiceinternational.com\/de\/pke\/#breadcrumb"},"inLanguage":"de","potentialAction":[{"@type":"ReadAction","target":["https:\/\/newvoiceinternational.com\/de\/pke\/"]}]},{"@type":"ImageObject","inLanguage":"de","@id":"https:\/\/newvoiceinternational.com\/de\/pke\/#primaryimage","url":"https:\/\/newvoiceinternational.com\/wp-content\/uploads\/2023\/07\/PKE_logos_2022_Blau_PKE_blue_only-768x212.png","contentUrl":"https:\/\/newvoiceinternational.com\/wp-content\/uploads\/2023\/07\/PKE_logos_2022_Blau_PKE_blue_only-768x212.png"},{"@type":"BreadcrumbList","@id":"https:\/\/newvoiceinternational.com\/de\/pke\/#breadcrumb","itemListElement":[{"@type":"ListItem","position":1,"name":"Home","item":"https:\/\/newvoiceinternational.com\/de\/"},{"@type":"ListItem","position":2,"name":"PKE"}]},{"@type":"WebSite","@id":"https:\/\/newvoiceinternational.com\/de\/#website","url":"https:\/\/newvoiceinternational.com\/de\/","name":"NewVoice International","description":"","publisher":{"@id":"https:\/\/newvoiceinternational.com\/de\/#organization"},"potentialAction":[{"@type":"SearchAction","target":{"@type":"EntryPoint","urlTemplate":"https:\/\/newvoiceinternational.com\/de\/?s={search_term_string}"},"query-input":{"@type":"PropertyValueSpecification","valueRequired":true,"valueName":"search_term_string"}}],"inLanguage":"de"},{"@type":"Organization","@id":"https:\/\/newvoiceinternational.com\/de\/#organization","name":"NewVoice International","url":"https:\/\/newvoiceinternational.com\/de\/","logo":{"@type":"ImageObject","inLanguage":"de","@id":"https:\/\/newvoiceinternational.com\/de\/#\/schema\/logo\/image\/","url":"https:\/\/newvoiceinternational.com\/wp-content\/uploads\/2022\/06\/NV_Logo_RGB.png","contentUrl":"https:\/\/newvoiceinternational.com\/wp-content\/uploads\/2022\/06\/NV_Logo_RGB.png","width":1200,"height":315,"caption":"NewVoice International"},"image":{"@id":"https:\/\/newvoiceinternational.com\/de\/#\/schema\/logo\/image\/"}}]}},"_links":{"self":[{"href":"https:\/\/newvoiceinternational.com\/de\/wp-json\/wp\/v2\/pages\/28458","targetHints":{"allow":["GET"]}}],"collection":[{"href":"https:\/\/newvoiceinternational.com\/de\/wp-json\/wp\/v2\/pages"}],"about":[{"href":"https:\/\/newvoiceinternational.com\/de\/wp-json\/wp\/v2\/types\/page"}],"author":[{"embeddable":true,"href":"https:\/\/newvoiceinternational.com\/de\/wp-json\/wp\/v2\/users\/5"}],"replies":[{"embeddable":true,"href":"https:\/\/newvoiceinternational.com\/de\/wp-json\/wp\/v2\/comments?post=28458"}],"version-history":[{"count":0,"href":"https:\/\/newvoiceinternational.com\/de\/wp-json\/wp\/v2\/pages\/28458\/revisions"}],"wp:attachment":[{"href":"https:\/\/newvoiceinternational.com\/de\/wp-json\/wp\/v2\/media?parent=28458"}],"curies":[{"name":"wp","href":"https:\/\/api.w.org\/{rel}","templated":true}]}}